{"id":49893,"date":"2022-10-17T11:55:58","date_gmt":"2022-10-17T09:55:58","guid":{"rendered":"https:\/\/audi-klaus.at\/shop\/?post_type=product&#038;p=49893"},"modified":"2026-01-07T21:53:44","modified_gmt":"2026-01-07T20:53:44","slug":"vw-caddy-2-golf-1-2-3-jetta-1-2-polo-1-2-3-scirocco-1-2-faltenbalgsatz-antriebswelle-getriebeseitig-neu-171498201a","status":"publish","type":"product","link":"https:\/\/audi-klaus.at\/shop\/produkt\/vw-caddy-2-golf-1-2-3-jetta-1-2-polo-1-2-3-scirocco-1-2-faltenbalgsatz-antriebswelle-getriebeseitig-neu-171498201a\/","title":{"rendered":"Vw Caddy\/2\/Golf\/1\/2\/3\/Jetta\/1\/2\/Polo\/1\/2\/3\/Scirocco\/1\/2 Faltenbalgsatz Antriebswelle-Getriebeseitig NOS 171498201A"},"content":{"rendered":"<h5 class=\"western\"><span style=\"color: #060606;\"><span style=\"font-family: Verdana, serif;\"><span style=\"font-size: small;\"><b>VAG Teilenummer<\/b><\/span><\/span><\/span><span style=\"color: #060606;\"><span style=\"font-family: Verdana, serif;\"><span style=\"font-size: small;\">: 171 498 201A<\/span><\/span><\/span><\/h5>\n<h5 class=\"western\"><span style=\"color: #060606;\"><span style=\"font-family: Verdana, serif;\"><span style=\"font-size: small;\"><b>Zustand: <\/b><\/span><\/span><\/span><span style=\"color: #060606;\"><span style=\"font-family: Verdana, serif;\"><span style=\"font-size: small;\"><span lang=\"de-DE\">NOS<\/span><\/span><\/span><\/span><\/h5>\n<h5 class=\"western\"><span style=\"color: #060606;\"><span style=\"font-family: Verdana, serif;\"><span style=\"font-size: small;\"><b>Lieferumfang:<\/b><\/span><\/span><\/span><span style=\"color: #060606;\"><span style=\"font-family: Verdana, serif;\"><span style=\"font-size: small;\">\u00a0wie in den Original-Abbildungen angegeben<\/span><\/span><\/span><\/h5>\n<h5 class=\"western\"><span style=\"color: #060606;\"><span style=\"font-family: Verdana, serif;\"><span style=\"font-size: small;\"><b>Hinweis:<\/b><\/span><\/span><\/span><span style=\"color: #060606;\"><span style=\"font-family: Verdana, serif;\"><span style=\"font-size: small;\">\u00a0Bitte \u00fcberpr\u00fcfen Sie vor dem Kauf anhand der eindeutigen Teilenummern, ob der Artikel zum Fahrzeug passt, um R\u00fccksendungen zu vermeiden! Trotz Angabe der entsprechenden Fahrzeugdaten ist eine eindeutige Zuordnung nur \u00fcber die Teilenummer m\u00f6glich! Die abgelesene Teilenummer ist die Teilenummer des Teils, welches geliefert wird. Die Originalteilnummer ist diejenige, die bei Neubestellung f\u00fcr dieses Teil gilt und der m\u00f6glicherweise abweichenden, gelieferten Teilenummer entspricht. <\/span><\/span><\/span><\/h5>\n<h5 class=\"western\"><span style=\"color: #060606;\"><span style=\"font-family: Verdana, serif;\"><span style=\"font-size: small;\"><span lang=\"de-DE\">Neu<\/span><\/span><\/span><\/span><span style=\"color: #060606;\"><span style=\"font-family: Verdana, serif;\"><span style=\"font-size: small;\"> mit Gebrauchsspuren in Form von Verunreinigungen\/ kleinen Kratzern m\u00f6glich. Die Ware wird ungereinigt geliefert.<\/span><\/span><\/span><\/h5>\n<h5 class=\"western\"><span style=\"color: #060606;\"><span style=\"font-family: Verdana, serif;\"><span style=\"font-size: small;\">Sollten weitere Fragen offen sein, kontaktieren Sie uns bitte unter\u00a0<\/span><\/span><\/span><a><span style=\"color: #0000ff;\"><span style=\"font-family: Verdana, serif;\"><span style=\"font-size: small;\"><u>office@audi-klaus.at<\/u><\/span><\/span><\/span><\/a><\/h5>\n","protected":false},"excerpt":{"rendered":"<p class=\"western\"><strong><span style=\"color: #000000;\"><span style=\"font-family: Source Sans Pro, serif;\"><span style=\"font-size: x-large;\">Marke: Vw<br \/>\nModell: Caddy\/Golf\/Jetta\/Polo\/Scirocco<br \/>\nTyp: 2\/1\/2\/3\/1\/2\/1\/2\/3\/1\/2<\/span><\/span><\/span><\/strong><\/p>\n","protected":false},"featured_media":49836,"template":"","meta":[],"product_brand":[],"product_cat":[1211,1455,1165,1212,1465,1167,1215,1495,1170,1216,1515,1172,1218,1525,1180,1242,1776,1193,1273,1194,1283,1195,1293,1204,1385,1205,1395,1164],"product_tag":[16161,16162,16163],"class_list":{"0":"post-49893","1":"product","2":"type-product","3":"status-publish","4":"has-post-thumbnail","6":"product_cat-1-53-1974-1981","7":"product_cat-vorder-hinterachse-1-53-1974-1981","8":"product_cat-golf","9":"product_cat-2-53b-1981-1992","10":"product_cat-vorder-hinterachse-2-53b-1981-1992","11":"product_cat-jetta","12":"product_cat-1-86-1975-1981","13":"product_cat-vorder-hinterachse-1-86-1975-1981","14":"product_cat-scirocco","15":"product_cat-2-86c-1981-1990","16":"product_cat-vorder-hinterachse-2-86c-1981-1990","17":"product_cat-polo","18":"product_cat-3-6n-1994-1999","19":"product_cat-vorder-hinterachse-3-6n-1994-1999","20":"product_cat-caddy","21":"product_cat-2-9kv-1995-2003","22":"product_cat-vorder-hinterachse-2-9kv-1995-2003","23":"product_cat-1-171-1974-1985","24":"product_cat-vorder-hinterachse-1-171-1974-1985","25":"product_cat-2-191-1983-1992","26":"product_cat-vorder-hinterachse-2-191-1983-1992","27":"product_cat-3-1h-1990-1998","28":"product_cat-vorder-hinterachse-3-1h-1990-1998","29":"product_cat-1-161-1978-1987","30":"product_cat-vorder-hinterachse-1-161-1978-1987","31":"product_cat-2-165-1983-1992","32":"product_cat-vorder-hinterachse-2-165-1983-1992","33":"product_cat-vw","34":"product_tag-171498201a","35":"product_tag-16162","36":"product_tag-l246","38":"first","39":"outofstock","40":"taxable","41":"shipping-taxable","42":"purchasable","43":"product-type-simple"},"yoast_head":"<!-- This site is optimized with the Yoast SEO plugin v27.6 - https:\/\/yoast.com\/product\/yoast-seo-wordpress\/ -->\n<title>Vw Caddy\/2\/Golf\/1\/2\/3\/Jetta\/1\/2\/Polo\/1\/2\/3\/Scirocco\/1\/2 Faltenbalgsatz Antriebswelle-Getriebeseitig NOS 171498201A - Audi-Klaus<\/title>\n<meta name=\"description\" content=\"Audi-Klaus Vw Caddy\/2\/Golf\/1\/2\/3\/Jetta\/1\/2\/Polo\/1\/2\/3\/Scirocco\/1\/2 Faltenbalgsatz Antriebswelle-Getriebeseitig NOS 171498201A Vw Caddy\/2\/Golf\/1\/2\/3\/Jetta\/1\/2\/Polo\/1\/2\/3\/Scirocco\/1\/2 Faltenbalgsatz Antriebswelle-Getriebeseitig NEU 171498201A\" \/>\n<meta name=\"robots\" content=\"index, follow, max-snippet:-1, max-image-preview:large, max-video-preview:-1\" \/>\n<link rel=\"canonical\" href=\"https:\/\/audi-klaus.at\/shop\/produkt\/vw-caddy-2-golf-1-2-3-jetta-1-2-polo-1-2-3-scirocco-1-2-faltenbalgsatz-antriebswelle-getriebeseitig-neu-171498201a\/\" \/>\n<meta property=\"og:locale\" content=\"de_DE\" \/>\n<meta property=\"og:type\" content=\"article\" \/>\n<meta property=\"og:title\" content=\"Vw Caddy\/2\/Golf\/1\/2\/3\/Jetta\/1\/2\/Polo\/1\/2\/3\/Scirocco\/1\/2 Faltenbalgsatz Antriebswelle-Getriebeseitig NOS 171498201A - Audi-Klaus\" \/>\n<meta property=\"og:description\" content=\"Audi-Klaus Vw Caddy\/2\/Golf\/1\/2\/3\/Jetta\/1\/2\/Polo\/1\/2\/3\/Scirocco\/1\/2 Faltenbalgsatz Antriebswelle-Getriebeseitig NOS 171498201A Vw Caddy\/2\/Golf\/1\/2\/3\/Jetta\/1\/2\/Polo\/1\/2\/3\/Scirocco\/1\/2 Faltenbalgsatz Antriebswelle-Getriebeseitig NEU 171498201A\" \/>\n<meta property=\"og:url\" content=\"https:\/\/audi-klaus.at\/shop\/produkt\/vw-caddy-2-golf-1-2-3-jetta-1-2-polo-1-2-3-scirocco-1-2-faltenbalgsatz-antriebswelle-getriebeseitig-neu-171498201a\/\" \/>\n<meta property=\"og:site_name\" content=\"Audi-Klaus\" \/>\n<meta property=\"article:publisher\" content=\"https:\/\/www.facebook.com\/audi.klaus.1312\/\" \/>\n<meta property=\"article:modified_time\" content=\"2026-01-07T20:53:44+00:00\" \/>\n<meta property=\"og:image\" content=\"https:\/\/audi-klaus.at\/shop\/wp-content\/uploads\/2022\/10\/L246.jpg\" \/>\n\t<meta property=\"og:image:width\" content=\"480\" \/>\n\t<meta property=\"og:image:height\" content=\"480\" \/>\n\t<meta property=\"og:image:type\" content=\"image\/jpeg\" \/>\n<meta name=\"twitter:card\" content=\"summary_large_image\" \/>\n<meta name=\"twitter:label1\" content=\"Gesch\u00e4tzte Lesezeit\" \/>\n\t<meta name=\"twitter:data1\" content=\"1 Minute\" \/>\n<script type=\"application\/ld+json\" class=\"yoast-schema-graph\">{\"@context\":\"https:\\\/\\\/schema.org\",\"@graph\":[{\"@type\":\"WebPage\",\"@id\":\"https:\\\/\\\/audi-klaus.at\\\/shop\\\/produkt\\\/vw-caddy-2-golf-1-2-3-jetta-1-2-polo-1-2-3-scirocco-1-2-faltenbalgsatz-antriebswelle-getriebeseitig-neu-171498201a\\\/\",\"url\":\"https:\\\/\\\/audi-klaus.at\\\/shop\\\/produkt\\\/vw-caddy-2-golf-1-2-3-jetta-1-2-polo-1-2-3-scirocco-1-2-faltenbalgsatz-antriebswelle-getriebeseitig-neu-171498201a\\\/\",\"name\":\"Vw Caddy\\\/2\\\/Golf\\\/1\\\/2\\\/3\\\/Jetta\\\/1\\\/2\\\/Polo\\\/1\\\/2\\\/3\\\/Scirocco\\\/1\\\/2 Faltenbalgsatz Antriebswelle-Getriebeseitig NOS 171498201A - Audi-Klaus\",\"isPartOf\":{\"@id\":\"https:\\\/\\\/audi-klaus.at\\\/shop\\\/#website\"},\"primaryImageOfPage\":{\"@id\":\"https:\\\/\\\/audi-klaus.at\\\/shop\\\/produkt\\\/vw-caddy-2-golf-1-2-3-jetta-1-2-polo-1-2-3-scirocco-1-2-faltenbalgsatz-antriebswelle-getriebeseitig-neu-171498201a\\\/#primaryimage\"},\"image\":{\"@id\":\"https:\\\/\\\/audi-klaus.at\\\/shop\\\/produkt\\\/vw-caddy-2-golf-1-2-3-jetta-1-2-polo-1-2-3-scirocco-1-2-faltenbalgsatz-antriebswelle-getriebeseitig-neu-171498201a\\\/#primaryimage\"},\"thumbnailUrl\":\"https:\\\/\\\/audi-klaus.at\\\/shop\\\/wp-content\\\/uploads\\\/2022\\\/10\\\/L246.jpg\",\"datePublished\":\"2022-10-17T09:55:58+00:00\",\"dateModified\":\"2026-01-07T20:53:44+00:00\",\"description\":\"Audi-Klaus Vw Caddy\\\/2\\\/Golf\\\/1\\\/2\\\/3\\\/Jetta\\\/1\\\/2\\\/Polo\\\/1\\\/2\\\/3\\\/Scirocco\\\/1\\\/2 Faltenbalgsatz Antriebswelle-Getriebeseitig NOS 171498201A Vw Caddy\\\/2\\\/Golf\\\/1\\\/2\\\/3\\\/Jetta\\\/1\\\/2\\\/Polo\\\/1\\\/2\\\/3\\\/Scirocco\\\/1\\\/2 Faltenbalgsatz Antriebswelle-Getriebeseitig NEU 171498201A\",\"breadcrumb\":{\"@id\":\"https:\\\/\\\/audi-klaus.at\\\/shop\\\/produkt\\\/vw-caddy-2-golf-1-2-3-jetta-1-2-polo-1-2-3-scirocco-1-2-faltenbalgsatz-antriebswelle-getriebeseitig-neu-171498201a\\\/#breadcrumb\"},\"inLanguage\":\"de-AT\",\"potentialAction\":[{\"@type\":\"ReadAction\",\"target\":[\"https:\\\/\\\/audi-klaus.at\\\/shop\\\/produkt\\\/vw-caddy-2-golf-1-2-3-jetta-1-2-polo-1-2-3-scirocco-1-2-faltenbalgsatz-antriebswelle-getriebeseitig-neu-171498201a\\\/\"]}]},{\"@type\":\"ImageObject\",\"inLanguage\":\"de-AT\",\"@id\":\"https:\\\/\\\/audi-klaus.at\\\/shop\\\/produkt\\\/vw-caddy-2-golf-1-2-3-jetta-1-2-polo-1-2-3-scirocco-1-2-faltenbalgsatz-antriebswelle-getriebeseitig-neu-171498201a\\\/#primaryimage\",\"url\":\"https:\\\/\\\/audi-klaus.at\\\/shop\\\/wp-content\\\/uploads\\\/2022\\\/10\\\/L246.jpg\",\"contentUrl\":\"https:\\\/\\\/audi-klaus.at\\\/shop\\\/wp-content\\\/uploads\\\/2022\\\/10\\\/L246.jpg\",\"width\":480,\"height\":480},{\"@type\":\"BreadcrumbList\",\"@id\":\"https:\\\/\\\/audi-klaus.at\\\/shop\\\/produkt\\\/vw-caddy-2-golf-1-2-3-jetta-1-2-polo-1-2-3-scirocco-1-2-faltenbalgsatz-antriebswelle-getriebeseitig-neu-171498201a\\\/#breadcrumb\",\"itemListElement\":[{\"@type\":\"ListItem\",\"position\":1,\"name\":\"Startseite\",\"item\":\"https:\\\/\\\/audi-klaus.at\\\/shop\\\/\"},{\"@type\":\"ListItem\",\"position\":2,\"name\":\"Shop\",\"item\":\"https:\\\/\\\/audi-klaus.at\\\/shop\\\/\"},{\"@type\":\"ListItem\",\"position\":3,\"name\":\"Vw Caddy\\\/2\\\/Golf\\\/1\\\/2\\\/3\\\/Jetta\\\/1\\\/2\\\/Polo\\\/1\\\/2\\\/3\\\/Scirocco\\\/1\\\/2 Faltenbalgsatz Antriebswelle-Getriebeseitig NOS 171498201A\"}]},{\"@type\":\"WebSite\",\"@id\":\"https:\\\/\\\/audi-klaus.at\\\/shop\\\/#website\",\"url\":\"https:\\\/\\\/audi-klaus.at\\\/shop\\\/\",\"name\":\"Audi-Klaus\",\"description\":\"Ihr Gebrauchtteile Spezialist f\u00fcr die Marken Audi, VW (VAG)\",\"publisher\":{\"@id\":\"https:\\\/\\\/audi-klaus.at\\\/shop\\\/#organization\"},\"potentialAction\":[{\"@type\":\"SearchAction\",\"target\":{\"@type\":\"EntryPoint\",\"urlTemplate\":\"https:\\\/\\\/audi-klaus.at\\\/shop\\\/?s={search_term_string}\"},\"query-input\":{\"@type\":\"PropertyValueSpecification\",\"valueRequired\":true,\"valueName\":\"search_term_string\"}}],\"inLanguage\":\"de-AT\"},{\"@type\":\"Organization\",\"@id\":\"https:\\\/\\\/audi-klaus.at\\\/shop\\\/#organization\",\"name\":\"Audi-Klaus\",\"url\":\"https:\\\/\\\/audi-klaus.at\\\/shop\\\/\",\"logo\":{\"@type\":\"ImageObject\",\"inLanguage\":\"de-AT\",\"@id\":\"https:\\\/\\\/audi-klaus.at\\\/shop\\\/#\\\/schema\\\/logo\\\/image\\\/\",\"url\":\"https:\\\/\\\/audi-klaus.at\\\/shop\\\/wp-content\\\/uploads\\\/2024\\\/10\\\/Logo-Shop.webp\",\"contentUrl\":\"https:\\\/\\\/audi-klaus.at\\\/shop\\\/wp-content\\\/uploads\\\/2024\\\/10\\\/Logo-Shop.webp\",\"width\":470,\"height\":164,\"caption\":\"Audi-Klaus\"},\"image\":{\"@id\":\"https:\\\/\\\/audi-klaus.at\\\/shop\\\/#\\\/schema\\\/logo\\\/image\\\/\"},\"sameAs\":[\"https:\\\/\\\/www.facebook.com\\\/audi.klaus.1312\\\/\",\"https:\\\/\\\/www.instagram.com\\\/audi_klaus\\\/?igshid=1eca3qu2mdayg\"]}]}<\/script>\n<!-- \/ Yoast SEO plugin. -->","yoast_head_json":{"title":"Vw Caddy\/2\/Golf\/1\/2\/3\/Jetta\/1\/2\/Polo\/1\/2\/3\/Scirocco\/1\/2 Faltenbalgsatz Antriebswelle-Getriebeseitig NOS 171498201A - Audi-Klaus","description":"Audi-Klaus Vw Caddy\/2\/Golf\/1\/2\/3\/Jetta\/1\/2\/Polo\/1\/2\/3\/Scirocco\/1\/2 Faltenbalgsatz Antriebswelle-Getriebeseitig NOS 171498201A Vw Caddy\/2\/Golf\/1\/2\/3\/Jetta\/1\/2\/Polo\/1\/2\/3\/Scirocco\/1\/2 Faltenbalgsatz Antriebswelle-Getriebeseitig NEU 171498201A","robots":{"index":"index","follow":"follow","max-snippet":"max-snippet:-1","max-image-preview":"max-image-preview:large","max-video-preview":"max-video-preview:-1"},"canonical":"https:\/\/audi-klaus.at\/shop\/produkt\/vw-caddy-2-golf-1-2-3-jetta-1-2-polo-1-2-3-scirocco-1-2-faltenbalgsatz-antriebswelle-getriebeseitig-neu-171498201a\/","og_locale":"de_DE","og_type":"article","og_title":"Vw Caddy\/2\/Golf\/1\/2\/3\/Jetta\/1\/2\/Polo\/1\/2\/3\/Scirocco\/1\/2 Faltenbalgsatz Antriebswelle-Getriebeseitig NOS 171498201A - Audi-Klaus","og_description":"Audi-Klaus Vw Caddy\/2\/Golf\/1\/2\/3\/Jetta\/1\/2\/Polo\/1\/2\/3\/Scirocco\/1\/2 Faltenbalgsatz Antriebswelle-Getriebeseitig NOS 171498201A Vw Caddy\/2\/Golf\/1\/2\/3\/Jetta\/1\/2\/Polo\/1\/2\/3\/Scirocco\/1\/2 Faltenbalgsatz Antriebswelle-Getriebeseitig NEU 171498201A","og_url":"https:\/\/audi-klaus.at\/shop\/produkt\/vw-caddy-2-golf-1-2-3-jetta-1-2-polo-1-2-3-scirocco-1-2-faltenbalgsatz-antriebswelle-getriebeseitig-neu-171498201a\/","og_site_name":"Audi-Klaus","article_publisher":"https:\/\/www.facebook.com\/audi.klaus.1312\/","article_modified_time":"2026-01-07T20:53:44+00:00","og_image":[{"width":480,"height":480,"url":"https:\/\/audi-klaus.at\/shop\/wp-content\/uploads\/2022\/10\/L246.jpg","type":"image\/jpeg"}],"twitter_card":"summary_large_image","twitter_misc":{"Gesch\u00e4tzte Lesezeit":"1 Minute"},"schema":{"@context":"https:\/\/schema.org","@graph":[{"@type":"WebPage","@id":"https:\/\/audi-klaus.at\/shop\/produkt\/vw-caddy-2-golf-1-2-3-jetta-1-2-polo-1-2-3-scirocco-1-2-faltenbalgsatz-antriebswelle-getriebeseitig-neu-171498201a\/","url":"https:\/\/audi-klaus.at\/shop\/produkt\/vw-caddy-2-golf-1-2-3-jetta-1-2-polo-1-2-3-scirocco-1-2-faltenbalgsatz-antriebswelle-getriebeseitig-neu-171498201a\/","name":"Vw Caddy\/2\/Golf\/1\/2\/3\/Jetta\/1\/2\/Polo\/1\/2\/3\/Scirocco\/1\/2 Faltenbalgsatz Antriebswelle-Getriebeseitig NOS 171498201A - Audi-Klaus","isPartOf":{"@id":"https:\/\/audi-klaus.at\/shop\/#website"},"primaryImageOfPage":{"@id":"https:\/\/audi-klaus.at\/shop\/produkt\/vw-caddy-2-golf-1-2-3-jetta-1-2-polo-1-2-3-scirocco-1-2-faltenbalgsatz-antriebswelle-getriebeseitig-neu-171498201a\/#primaryimage"},"image":{"@id":"https:\/\/audi-klaus.at\/shop\/produkt\/vw-caddy-2-golf-1-2-3-jetta-1-2-polo-1-2-3-scirocco-1-2-faltenbalgsatz-antriebswelle-getriebeseitig-neu-171498201a\/#primaryimage"},"thumbnailUrl":"https:\/\/audi-klaus.at\/shop\/wp-content\/uploads\/2022\/10\/L246.jpg","datePublished":"2022-10-17T09:55:58+00:00","dateModified":"2026-01-07T20:53:44+00:00","description":"Audi-Klaus Vw Caddy\/2\/Golf\/1\/2\/3\/Jetta\/1\/2\/Polo\/1\/2\/3\/Scirocco\/1\/2 Faltenbalgsatz Antriebswelle-Getriebeseitig NOS 171498201A Vw Caddy\/2\/Golf\/1\/2\/3\/Jetta\/1\/2\/Polo\/1\/2\/3\/Scirocco\/1\/2 Faltenbalgsatz Antriebswelle-Getriebeseitig NEU 171498201A","breadcrumb":{"@id":"https:\/\/audi-klaus.at\/shop\/produkt\/vw-caddy-2-golf-1-2-3-jetta-1-2-polo-1-2-3-scirocco-1-2-faltenbalgsatz-antriebswelle-getriebeseitig-neu-171498201a\/#breadcrumb"},"inLanguage":"de-AT","potentialAction":[{"@type":"ReadAction","target":["https:\/\/audi-klaus.at\/shop\/produkt\/vw-caddy-2-golf-1-2-3-jetta-1-2-polo-1-2-3-scirocco-1-2-faltenbalgsatz-antriebswelle-getriebeseitig-neu-171498201a\/"]}]},{"@type":"ImageObject","inLanguage":"de-AT","@id":"https:\/\/audi-klaus.at\/shop\/produkt\/vw-caddy-2-golf-1-2-3-jetta-1-2-polo-1-2-3-scirocco-1-2-faltenbalgsatz-antriebswelle-getriebeseitig-neu-171498201a\/#primaryimage","url":"https:\/\/audi-klaus.at\/shop\/wp-content\/uploads\/2022\/10\/L246.jpg","contentUrl":"https:\/\/audi-klaus.at\/shop\/wp-content\/uploads\/2022\/10\/L246.jpg","width":480,"height":480},{"@type":"BreadcrumbList","@id":"https:\/\/audi-klaus.at\/shop\/produkt\/vw-caddy-2-golf-1-2-3-jetta-1-2-polo-1-2-3-scirocco-1-2-faltenbalgsatz-antriebswelle-getriebeseitig-neu-171498201a\/#breadcrumb","itemListElement":[{"@type":"ListItem","position":1,"name":"Startseite","item":"https:\/\/audi-klaus.at\/shop\/"},{"@type":"ListItem","position":2,"name":"Shop","item":"https:\/\/audi-klaus.at\/shop\/"},{"@type":"ListItem","position":3,"name":"Vw Caddy\/2\/Golf\/1\/2\/3\/Jetta\/1\/2\/Polo\/1\/2\/3\/Scirocco\/1\/2 Faltenbalgsatz Antriebswelle-Getriebeseitig NOS 171498201A"}]},{"@type":"WebSite","@id":"https:\/\/audi-klaus.at\/shop\/#website","url":"https:\/\/audi-klaus.at\/shop\/","name":"Audi-Klaus","description":"Ihr Gebrauchtteile Spezialist f\u00fcr die Marken Audi, VW (VAG)","publisher":{"@id":"https:\/\/audi-klaus.at\/shop\/#organization"},"potentialAction":[{"@type":"SearchAction","target":{"@type":"EntryPoint","urlTemplate":"https:\/\/audi-klaus.at\/shop\/?s={search_term_string}"},"query-input":{"@type":"PropertyValueSpecification","valueRequired":true,"valueName":"search_term_string"}}],"inLanguage":"de-AT"},{"@type":"Organization","@id":"https:\/\/audi-klaus.at\/shop\/#organization","name":"Audi-Klaus","url":"https:\/\/audi-klaus.at\/shop\/","logo":{"@type":"ImageObject","inLanguage":"de-AT","@id":"https:\/\/audi-klaus.at\/shop\/#\/schema\/logo\/image\/","url":"https:\/\/audi-klaus.at\/shop\/wp-content\/uploads\/2024\/10\/Logo-Shop.webp","contentUrl":"https:\/\/audi-klaus.at\/shop\/wp-content\/uploads\/2024\/10\/Logo-Shop.webp","width":470,"height":164,"caption":"Audi-Klaus"},"image":{"@id":"https:\/\/audi-klaus.at\/shop\/#\/schema\/logo\/image\/"},"sameAs":["https:\/\/www.facebook.com\/audi.klaus.1312\/","https:\/\/www.instagram.com\/audi_klaus\/?igshid=1eca3qu2mdayg"]}]}},"_links":{"self":[{"href":"https:\/\/audi-klaus.at\/shop\/wp-json\/wp\/v2\/product\/49893","targetHints":{"allow":["GET"]}}],"collection":[{"href":"https:\/\/audi-klaus.at\/shop\/wp-json\/wp\/v2\/product"}],"about":[{"href":"https:\/\/audi-klaus.at\/shop\/wp-json\/wp\/v2\/types\/product"}],"wp:featuredmedia":[{"embeddable":true,"href":"https:\/\/audi-klaus.at\/shop\/wp-json\/wp\/v2\/media\/49836"}],"wp:attachment":[{"href":"https:\/\/audi-klaus.at\/shop\/wp-json\/wp\/v2\/media?parent=49893"}],"wp:term":[{"taxonomy":"product_brand","embeddable":true,"href":"https:\/\/audi-klaus.at\/shop\/wp-json\/wp\/v2\/product_brand?post=49893"},{"taxonomy":"product_cat","embeddable":true,"href":"https:\/\/audi-klaus.at\/shop\/wp-json\/wp\/v2\/product_cat?post=49893"},{"taxonomy":"product_tag","embeddable":true,"href":"https:\/\/audi-klaus.at\/shop\/wp-json\/wp\/v2\/product_tag?post=49893"}],"curies":[{"name":"wp","href":"https:\/\/api.w.org\/{rel}","templated":true}]}}