{"id":48498,"date":"2022-09-19T12:44:55","date_gmt":"2022-09-19T10:44:55","guid":{"rendered":"https:\/\/audi-klaus.at\/shop\/?post_type=product&#038;p=48498"},"modified":"2026-01-07T21:53:21","modified_gmt":"2026-01-07T20:53:21","slug":"audi-100-200-typ-44-80-90-typ-81-85-schalter-fuer-elektrischen-fensterheber-443959855e","status":"publish","type":"product","link":"https:\/\/audi-klaus.at\/shop\/produkt\/audi-100-200-typ-44-80-90-typ-81-85-schalter-fuer-elektrischen-fensterheber-443959855e\/","title":{"rendered":"Audi 100\/200\/Typ 44\/80\/90\/Typ 81\/85 Schalter f\u00fcr elektrischen Fensterheber Wei\u00df 443959855E"},"content":{"rendered":"<p><strong><span style=\"color: #000000;\"><span style=\"font-family: Source Sans Pro, sans-serif;\"><span style=\"font-size: medium;\"><b>VAG Teilenummer<\/b><\/span><\/span><\/span><\/strong><span style=\"color: #000000;\"><span style=\"font-family: Source Sans Pro, sans-serif;\"><span style=\"font-size: medium;\"><b>:<\/b><\/span><\/span><\/span> 443959855E<span style=\"font-family: Source Sans Pro, sans-serif;\"><span style=\"font-size: medium;\"><br \/>\n<\/span><\/span><strong><span style=\"color: #000000;\"><span style=\"font-family: Source Sans Pro, sans-serif;\"><span style=\"font-size: medium;\"><b>Zustand:<\/b><\/span><\/span><\/span><\/strong><span style=\"color: #000000;\"><span style=\"font-family: Source Sans Pro, sans-serif;\"><span style=\"font-size: medium;\"> Gebraucht<\/span><\/span><\/span><span style=\"font-family: Source Sans Pro, sans-serif;\"><span style=\"font-size: medium;\"><br \/>\n<\/span><\/span><strong><span style=\"color: #000000;\"><span style=\"font-family: Source Sans Pro, sans-serif;\"><span style=\"font-size: medium;\"><b>Lieferumfang:<\/b><\/span><\/span><\/span><\/strong> <span style=\"color: #000000;\"><span style=\"font-family: Source Sans Pro, sans-serif;\"><span style=\"font-size: medium;\">wie in den Original-Abbildungen angegeben<\/span><\/span><\/span><span style=\"font-family: Source Sans Pro, sans-serif;\"><span style=\"font-size: medium;\"><br \/>\n<\/span><\/span><span style=\"color: #000000;\"><span style=\"font-family: Source Sans Pro, sans-serif;\"><span style=\"font-size: medium;\">Hinweis: Bitte \u00fcberpr\u00fcfen Sie vor dem Kauf anhand der eindeutigen Teilenummern, ob der Artikel zum Fahrzeug passt, um R\u00fccksendungen zu vermeiden! Trotz Angabe der entsprechenden Fahrzeugdaten ist eine eindeutige Zuordnung nur \u00fcber die Teilenummer m\u00f6glich! Die abgelesene Teilenummer ist die Teilenummer des Teils, welches geliefert wird. Die Originalteilnummer ist diejenige, die bei Neubestellung f\u00fcr dieses Teil gilt und der m\u00f6glicherweise abweichenden, gelieferten Teilenummer entspricht. Sollten weitere Fragen offen sein, kontaktieren Sie uns bitte unter <\/span><\/span><\/span><a href=\"mailto:office@audi-klaus.at\"><span style=\"font-family: Source Sans Pro, sans-serif;\"><span style=\"font-size: medium;\">office@audi-klaus.at<\/span><\/span><\/a><\/p>\n","protected":false},"excerpt":{"rendered":"<h5><strong><span style=\"color: #000000;\"><span style=\"font-family: Source Sans Pro, sans-serif;\"><span style=\"font-size: x-large;\">Marke: Audi<br \/>\nModell: 100\/200\/80\/90<br \/>\nTyp: 44\/81\/85<\/span><\/span><\/span><\/strong><\/h5>\n<h5><span style=\"color: #c9211e; font-family: Source Sans Pro, sans-serif; font-size: large;\"><b>Stecker wei\u00df!!<\/b><\/span><\/h5>\n","protected":false},"featured_media":48472,"template":"","meta":[],"product_brand":[],"product_cat":[155,166,170,220,301,341,385,32,387,78,405,80,154],"product_tag":[8724,15550,8203],"class_list":{"0":"post-48498","1":"product","2":"type-product","3":"status-publish","4":"has-post-thumbnail","6":"product_cat-155","7":"product_cat-b2-type81-85-1984-1987","8":"product_cat-c3-typ44-1982-1990","9":"product_cat-elektrik-b2-78","10":"product_cat-elektrik-b2-1984-1987","11":"product_cat-elektrik-c3-1982-1990","12":"product_cat-385","13":"product_cat-audi","14":"product_cat-c3-typ44-1983-1991","15":"product_cat-78","16":"product_cat-elektrik-c2-1983-1991","17":"product_cat-b2-typ81-85-78","18":"product_cat-154","19":"product_tag-443959855e","20":"product_tag-s337","21":"product_tag-8203","23":"first","24":"instock","25":"taxable","26":"shipping-taxable","27":"purchasable","28":"product-type-simple"},"yoast_head":"<!-- This site is optimized with the Yoast SEO plugin v27.3 - https:\/\/yoast.com\/product\/yoast-seo-wordpress\/ -->\n<title>Audi 100\/200\/Typ 44\/80\/90\/Typ 81\/85 Schalter f\u00fcr elektrischen Fensterheber Wei\u00df 443959855E - Audi-Klaus<\/title>\n<meta name=\"description\" content=\"Audi-Klaus Audi 100\/200\/Typ 44\/80\/90\/Typ 81\/85 Schalter f\u00fcr elektrischen Fensterheber Wei\u00df 443959855E Audi 100\/200\/Typ 44\/80\/90\/Typ 81\/85 Schalter f\u00fcr elektrischen Fensterheber 443959855E\" \/>\n<meta name=\"robots\" content=\"index, follow, max-snippet:-1, max-image-preview:large, max-video-preview:-1\" \/>\n<link rel=\"canonical\" href=\"https:\/\/audi-klaus.at\/shop\/produkt\/audi-100-200-typ-44-80-90-typ-81-85-schalter-fuer-elektrischen-fensterheber-443959855e\/\" \/>\n<meta property=\"og:locale\" content=\"de_DE\" \/>\n<meta property=\"og:type\" content=\"article\" \/>\n<meta property=\"og:title\" content=\"Audi 100\/200\/Typ 44\/80\/90\/Typ 81\/85 Schalter f\u00fcr elektrischen Fensterheber Wei\u00df 443959855E - Audi-Klaus\" \/>\n<meta property=\"og:description\" content=\"Audi-Klaus Audi 100\/200\/Typ 44\/80\/90\/Typ 81\/85 Schalter f\u00fcr elektrischen Fensterheber Wei\u00df 443959855E Audi 100\/200\/Typ 44\/80\/90\/Typ 81\/85 Schalter f\u00fcr elektrischen Fensterheber 443959855E\" \/>\n<meta property=\"og:url\" content=\"https:\/\/audi-klaus.at\/shop\/produkt\/audi-100-200-typ-44-80-90-typ-81-85-schalter-fuer-elektrischen-fensterheber-443959855e\/\" \/>\n<meta property=\"og:site_name\" content=\"Audi-Klaus\" \/>\n<meta property=\"article:publisher\" content=\"https:\/\/www.facebook.com\/audi.klaus.1312\/\" \/>\n<meta property=\"article:modified_time\" content=\"2026-01-07T20:53:21+00:00\" \/>\n<meta property=\"og:image\" content=\"https:\/\/audi-klaus.at\/shop\/wp-content\/uploads\/2022\/09\/S337-3.jpg\" \/>\n\t<meta property=\"og:image:width\" content=\"418\" \/>\n\t<meta property=\"og:image:height\" content=\"418\" \/>\n\t<meta property=\"og:image:type\" content=\"image\/jpeg\" \/>\n<meta name=\"twitter:card\" content=\"summary_large_image\" \/>\n<meta name=\"twitter:label1\" content=\"Gesch\u00e4tzte Lesezeit\" \/>\n\t<meta name=\"twitter:data1\" content=\"1 Minute\" \/>\n<script type=\"application\/ld+json\" class=\"yoast-schema-graph\">{\"@context\":\"https:\\\/\\\/schema.org\",\"@graph\":[{\"@type\":\"WebPage\",\"@id\":\"https:\\\/\\\/audi-klaus.at\\\/shop\\\/produkt\\\/audi-100-200-typ-44-80-90-typ-81-85-schalter-fuer-elektrischen-fensterheber-443959855e\\\/\",\"url\":\"https:\\\/\\\/audi-klaus.at\\\/shop\\\/produkt\\\/audi-100-200-typ-44-80-90-typ-81-85-schalter-fuer-elektrischen-fensterheber-443959855e\\\/\",\"name\":\"Audi 100\\\/200\\\/Typ 44\\\/80\\\/90\\\/Typ 81\\\/85 Schalter f\u00fcr elektrischen Fensterheber Wei\u00df 443959855E - Audi-Klaus\",\"isPartOf\":{\"@id\":\"https:\\\/\\\/audi-klaus.at\\\/shop\\\/#website\"},\"primaryImageOfPage\":{\"@id\":\"https:\\\/\\\/audi-klaus.at\\\/shop\\\/produkt\\\/audi-100-200-typ-44-80-90-typ-81-85-schalter-fuer-elektrischen-fensterheber-443959855e\\\/#primaryimage\"},\"image\":{\"@id\":\"https:\\\/\\\/audi-klaus.at\\\/shop\\\/produkt\\\/audi-100-200-typ-44-80-90-typ-81-85-schalter-fuer-elektrischen-fensterheber-443959855e\\\/#primaryimage\"},\"thumbnailUrl\":\"https:\\\/\\\/audi-klaus.at\\\/shop\\\/wp-content\\\/uploads\\\/2022\\\/09\\\/S337-3.jpg\",\"datePublished\":\"2022-09-19T10:44:55+00:00\",\"dateModified\":\"2026-01-07T20:53:21+00:00\",\"description\":\"Audi-Klaus Audi 100\\\/200\\\/Typ 44\\\/80\\\/90\\\/Typ 81\\\/85 Schalter f\u00fcr elektrischen Fensterheber Wei\u00df 443959855E Audi 100\\\/200\\\/Typ 44\\\/80\\\/90\\\/Typ 81\\\/85 Schalter f\u00fcr elektrischen Fensterheber 443959855E\",\"breadcrumb\":{\"@id\":\"https:\\\/\\\/audi-klaus.at\\\/shop\\\/produkt\\\/audi-100-200-typ-44-80-90-typ-81-85-schalter-fuer-elektrischen-fensterheber-443959855e\\\/#breadcrumb\"},\"inLanguage\":\"de-AT\",\"potentialAction\":[{\"@type\":\"ReadAction\",\"target\":[\"https:\\\/\\\/audi-klaus.at\\\/shop\\\/produkt\\\/audi-100-200-typ-44-80-90-typ-81-85-schalter-fuer-elektrischen-fensterheber-443959855e\\\/\"]}]},{\"@type\":\"ImageObject\",\"inLanguage\":\"de-AT\",\"@id\":\"https:\\\/\\\/audi-klaus.at\\\/shop\\\/produkt\\\/audi-100-200-typ-44-80-90-typ-81-85-schalter-fuer-elektrischen-fensterheber-443959855e\\\/#primaryimage\",\"url\":\"https:\\\/\\\/audi-klaus.at\\\/shop\\\/wp-content\\\/uploads\\\/2022\\\/09\\\/S337-3.jpg\",\"contentUrl\":\"https:\\\/\\\/audi-klaus.at\\\/shop\\\/wp-content\\\/uploads\\\/2022\\\/09\\\/S337-3.jpg\",\"width\":418,\"height\":418},{\"@type\":\"BreadcrumbList\",\"@id\":\"https:\\\/\\\/audi-klaus.at\\\/shop\\\/produkt\\\/audi-100-200-typ-44-80-90-typ-81-85-schalter-fuer-elektrischen-fensterheber-443959855e\\\/#breadcrumb\",\"itemListElement\":[{\"@type\":\"ListItem\",\"position\":1,\"name\":\"Startseite\",\"item\":\"https:\\\/\\\/audi-klaus.at\\\/shop\\\/\"},{\"@type\":\"ListItem\",\"position\":2,\"name\":\"Shop\",\"item\":\"https:\\\/\\\/audi-klaus.at\\\/shop\\\/\"},{\"@type\":\"ListItem\",\"position\":3,\"name\":\"Audi 100\\\/200\\\/Typ 44\\\/80\\\/90\\\/Typ 81\\\/85 Schalter f\u00fcr elektrischen Fensterheber Wei\u00df 443959855E\"}]},{\"@type\":\"WebSite\",\"@id\":\"https:\\\/\\\/audi-klaus.at\\\/shop\\\/#website\",\"url\":\"https:\\\/\\\/audi-klaus.at\\\/shop\\\/\",\"name\":\"Audi-Klaus\",\"description\":\"Ihr Gebrauchtteile Spezialist f\u00fcr die Marken Audi, VW (VAG)\",\"publisher\":{\"@id\":\"https:\\\/\\\/audi-klaus.at\\\/shop\\\/#organization\"},\"potentialAction\":[{\"@type\":\"SearchAction\",\"target\":{\"@type\":\"EntryPoint\",\"urlTemplate\":\"https:\\\/\\\/audi-klaus.at\\\/shop\\\/?s={search_term_string}\"},\"query-input\":{\"@type\":\"PropertyValueSpecification\",\"valueRequired\":true,\"valueName\":\"search_term_string\"}}],\"inLanguage\":\"de-AT\"},{\"@type\":\"Organization\",\"@id\":\"https:\\\/\\\/audi-klaus.at\\\/shop\\\/#organization\",\"name\":\"Audi-Klaus\",\"url\":\"https:\\\/\\\/audi-klaus.at\\\/shop\\\/\",\"logo\":{\"@type\":\"ImageObject\",\"inLanguage\":\"de-AT\",\"@id\":\"https:\\\/\\\/audi-klaus.at\\\/shop\\\/#\\\/schema\\\/logo\\\/image\\\/\",\"url\":\"https:\\\/\\\/audi-klaus.at\\\/shop\\\/wp-content\\\/uploads\\\/2024\\\/10\\\/Logo-Shop.webp\",\"contentUrl\":\"https:\\\/\\\/audi-klaus.at\\\/shop\\\/wp-content\\\/uploads\\\/2024\\\/10\\\/Logo-Shop.webp\",\"width\":470,\"height\":164,\"caption\":\"Audi-Klaus\"},\"image\":{\"@id\":\"https:\\\/\\\/audi-klaus.at\\\/shop\\\/#\\\/schema\\\/logo\\\/image\\\/\"},\"sameAs\":[\"https:\\\/\\\/www.facebook.com\\\/audi.klaus.1312\\\/\",\"https:\\\/\\\/www.instagram.com\\\/audi_klaus\\\/?igshid=1eca3qu2mdayg\"]}]}<\/script>\n<!-- \/ Yoast SEO plugin. -->","yoast_head_json":{"title":"Audi 100\/200\/Typ 44\/80\/90\/Typ 81\/85 Schalter f\u00fcr elektrischen Fensterheber Wei\u00df 443959855E - Audi-Klaus","description":"Audi-Klaus Audi 100\/200\/Typ 44\/80\/90\/Typ 81\/85 Schalter f\u00fcr elektrischen Fensterheber Wei\u00df 443959855E Audi 100\/200\/Typ 44\/80\/90\/Typ 81\/85 Schalter f\u00fcr elektrischen Fensterheber 443959855E","robots":{"index":"index","follow":"follow","max-snippet":"max-snippet:-1","max-image-preview":"max-image-preview:large","max-video-preview":"max-video-preview:-1"},"canonical":"https:\/\/audi-klaus.at\/shop\/produkt\/audi-100-200-typ-44-80-90-typ-81-85-schalter-fuer-elektrischen-fensterheber-443959855e\/","og_locale":"de_DE","og_type":"article","og_title":"Audi 100\/200\/Typ 44\/80\/90\/Typ 81\/85 Schalter f\u00fcr elektrischen Fensterheber Wei\u00df 443959855E - Audi-Klaus","og_description":"Audi-Klaus Audi 100\/200\/Typ 44\/80\/90\/Typ 81\/85 Schalter f\u00fcr elektrischen Fensterheber Wei\u00df 443959855E Audi 100\/200\/Typ 44\/80\/90\/Typ 81\/85 Schalter f\u00fcr elektrischen Fensterheber 443959855E","og_url":"https:\/\/audi-klaus.at\/shop\/produkt\/audi-100-200-typ-44-80-90-typ-81-85-schalter-fuer-elektrischen-fensterheber-443959855e\/","og_site_name":"Audi-Klaus","article_publisher":"https:\/\/www.facebook.com\/audi.klaus.1312\/","article_modified_time":"2026-01-07T20:53:21+00:00","og_image":[{"width":418,"height":418,"url":"https:\/\/audi-klaus.at\/shop\/wp-content\/uploads\/2022\/09\/S337-3.jpg","type":"image\/jpeg"}],"twitter_card":"summary_large_image","twitter_misc":{"Gesch\u00e4tzte Lesezeit":"1 Minute"},"schema":{"@context":"https:\/\/schema.org","@graph":[{"@type":"WebPage","@id":"https:\/\/audi-klaus.at\/shop\/produkt\/audi-100-200-typ-44-80-90-typ-81-85-schalter-fuer-elektrischen-fensterheber-443959855e\/","url":"https:\/\/audi-klaus.at\/shop\/produkt\/audi-100-200-typ-44-80-90-typ-81-85-schalter-fuer-elektrischen-fensterheber-443959855e\/","name":"Audi 100\/200\/Typ 44\/80\/90\/Typ 81\/85 Schalter f\u00fcr elektrischen Fensterheber Wei\u00df 443959855E - Audi-Klaus","isPartOf":{"@id":"https:\/\/audi-klaus.at\/shop\/#website"},"primaryImageOfPage":{"@id":"https:\/\/audi-klaus.at\/shop\/produkt\/audi-100-200-typ-44-80-90-typ-81-85-schalter-fuer-elektrischen-fensterheber-443959855e\/#primaryimage"},"image":{"@id":"https:\/\/audi-klaus.at\/shop\/produkt\/audi-100-200-typ-44-80-90-typ-81-85-schalter-fuer-elektrischen-fensterheber-443959855e\/#primaryimage"},"thumbnailUrl":"https:\/\/audi-klaus.at\/shop\/wp-content\/uploads\/2022\/09\/S337-3.jpg","datePublished":"2022-09-19T10:44:55+00:00","dateModified":"2026-01-07T20:53:21+00:00","description":"Audi-Klaus Audi 100\/200\/Typ 44\/80\/90\/Typ 81\/85 Schalter f\u00fcr elektrischen Fensterheber Wei\u00df 443959855E Audi 100\/200\/Typ 44\/80\/90\/Typ 81\/85 Schalter f\u00fcr elektrischen Fensterheber 443959855E","breadcrumb":{"@id":"https:\/\/audi-klaus.at\/shop\/produkt\/audi-100-200-typ-44-80-90-typ-81-85-schalter-fuer-elektrischen-fensterheber-443959855e\/#breadcrumb"},"inLanguage":"de-AT","potentialAction":[{"@type":"ReadAction","target":["https:\/\/audi-klaus.at\/shop\/produkt\/audi-100-200-typ-44-80-90-typ-81-85-schalter-fuer-elektrischen-fensterheber-443959855e\/"]}]},{"@type":"ImageObject","inLanguage":"de-AT","@id":"https:\/\/audi-klaus.at\/shop\/produkt\/audi-100-200-typ-44-80-90-typ-81-85-schalter-fuer-elektrischen-fensterheber-443959855e\/#primaryimage","url":"https:\/\/audi-klaus.at\/shop\/wp-content\/uploads\/2022\/09\/S337-3.jpg","contentUrl":"https:\/\/audi-klaus.at\/shop\/wp-content\/uploads\/2022\/09\/S337-3.jpg","width":418,"height":418},{"@type":"BreadcrumbList","@id":"https:\/\/audi-klaus.at\/shop\/produkt\/audi-100-200-typ-44-80-90-typ-81-85-schalter-fuer-elektrischen-fensterheber-443959855e\/#breadcrumb","itemListElement":[{"@type":"ListItem","position":1,"name":"Startseite","item":"https:\/\/audi-klaus.at\/shop\/"},{"@type":"ListItem","position":2,"name":"Shop","item":"https:\/\/audi-klaus.at\/shop\/"},{"@type":"ListItem","position":3,"name":"Audi 100\/200\/Typ 44\/80\/90\/Typ 81\/85 Schalter f\u00fcr elektrischen Fensterheber Wei\u00df 443959855E"}]},{"@type":"WebSite","@id":"https:\/\/audi-klaus.at\/shop\/#website","url":"https:\/\/audi-klaus.at\/shop\/","name":"Audi-Klaus","description":"Ihr Gebrauchtteile Spezialist f\u00fcr die Marken Audi, VW (VAG)","publisher":{"@id":"https:\/\/audi-klaus.at\/shop\/#organization"},"potentialAction":[{"@type":"SearchAction","target":{"@type":"EntryPoint","urlTemplate":"https:\/\/audi-klaus.at\/shop\/?s={search_term_string}"},"query-input":{"@type":"PropertyValueSpecification","valueRequired":true,"valueName":"search_term_string"}}],"inLanguage":"de-AT"},{"@type":"Organization","@id":"https:\/\/audi-klaus.at\/shop\/#organization","name":"Audi-Klaus","url":"https:\/\/audi-klaus.at\/shop\/","logo":{"@type":"ImageObject","inLanguage":"de-AT","@id":"https:\/\/audi-klaus.at\/shop\/#\/schema\/logo\/image\/","url":"https:\/\/audi-klaus.at\/shop\/wp-content\/uploads\/2024\/10\/Logo-Shop.webp","contentUrl":"https:\/\/audi-klaus.at\/shop\/wp-content\/uploads\/2024\/10\/Logo-Shop.webp","width":470,"height":164,"caption":"Audi-Klaus"},"image":{"@id":"https:\/\/audi-klaus.at\/shop\/#\/schema\/logo\/image\/"},"sameAs":["https:\/\/www.facebook.com\/audi.klaus.1312\/","https:\/\/www.instagram.com\/audi_klaus\/?igshid=1eca3qu2mdayg"]}]}},"_links":{"self":[{"href":"https:\/\/audi-klaus.at\/shop\/wp-json\/wp\/v2\/product\/48498","targetHints":{"allow":["GET"]}}],"collection":[{"href":"https:\/\/audi-klaus.at\/shop\/wp-json\/wp\/v2\/product"}],"about":[{"href":"https:\/\/audi-klaus.at\/shop\/wp-json\/wp\/v2\/types\/product"}],"wp:featuredmedia":[{"embeddable":true,"href":"https:\/\/audi-klaus.at\/shop\/wp-json\/wp\/v2\/media\/48472"}],"wp:attachment":[{"href":"https:\/\/audi-klaus.at\/shop\/wp-json\/wp\/v2\/media?parent=48498"}],"wp:term":[{"taxonomy":"product_brand","embeddable":true,"href":"https:\/\/audi-klaus.at\/shop\/wp-json\/wp\/v2\/product_brand?post=48498"},{"taxonomy":"product_cat","embeddable":true,"href":"https:\/\/audi-klaus.at\/shop\/wp-json\/wp\/v2\/product_cat?post=48498"},{"taxonomy":"product_tag","embeddable":true,"href":"https:\/\/audi-klaus.at\/shop\/wp-json\/wp\/v2\/product_tag?post=48498"}],"curies":[{"name":"wp","href":"https:\/\/api.w.org\/{rel}","templated":true}]}}