{"id":47732,"date":"2022-08-26T11:53:47","date_gmt":"2022-08-26T09:53:47","guid":{"rendered":"https:\/\/audi-klaus.at\/shop\/?post_type=product&#038;p=47732"},"modified":"2026-01-07T21:53:08","modified_gmt":"2026-01-07T20:53:08","slug":"vw-passat-32b-audi-80-coupe-b2-100-c3-c4-bremsbelaege-nos-321698151a","status":"publish","type":"product","link":"https:\/\/audi-klaus.at\/shop\/produkt\/vw-passat-32b-audi-80-coupe-b2-100-c3-c4-bremsbelaege-nos-321698151a\/","title":{"rendered":"Vw Passat\/32B\/Audi 80\/Coup\u00e9\/B2\/100\/C3\/C4 Bremsbel\u00e4ge NOS 321698151A"},"content":{"rendered":"<p><strong><span style=\"color: #000000\"><span style=\"font-family: Source Sans Pro, sans-serif\"><span style=\"font-size: medium\"><b>VAG Teilenummer<\/b><\/span><\/span><\/span><\/strong><span style=\"color: #000000\"><span style=\"font-family: Source Sans Pro, sans-serif\"><span style=\"font-size: medium\"><b>:<\/b><\/span><\/span><\/span> 321 698 151A<span style=\"font-family: Source Sans Pro, sans-serif\"><span style=\"font-size: medium\"><br \/>\n<\/span><\/span><strong><span style=\"color: #000000\"><span style=\"font-family: Source Sans Pro, sans-serif\"><span style=\"font-size: medium\"><b>Zustand:<\/b><\/span><\/span><\/span><\/strong><span style=\"color: #000000\"><span style=\"font-family: Source Sans Pro, sans-serif\"><span style=\"font-size: medium\"> Neu<\/span><\/span><\/span><span style=\"font-family: Source Sans Pro, sans-serif\"><span style=\"font-size: medium\"><br \/>\n<\/span><\/span><strong><span style=\"color: #000000\"><span style=\"font-family: Source Sans Pro, sans-serif\"><span style=\"font-size: medium\"><b>Lieferumfang:<\/b><\/span><\/span><\/span><\/strong> <span style=\"color: #000000\"><span style=\"font-family: Source Sans Pro, sans-serif\"><span style=\"font-size: medium\">wie in den Original-Abbildungen angegeben<\/span><\/span><\/span><span style=\"font-family: Source Sans Pro, sans-serif\"><span style=\"font-size: medium\"><br \/>\n<\/span><\/span><span style=\"color: #000000\"><span style=\"font-family: Source Sans Pro, sans-serif\"><span style=\"font-size: medium\">Hinweis: Bitte \u00fcberpr\u00fcfen Sie vor dem Kauf anhand der eindeutigen Teilenummern, ob der Artikel zum Fahrzeug passt, um R\u00fccksendungen zu vermeiden! Trotz Angabe der entsprechenden Fahrzeugdaten ist eine eindeutige Zuordnung nur \u00fcber die Teilenummer m\u00f6glich! Die abgelesene Teilenummer ist die Teilenummer des Teils, welches geliefert wird. Die Originalteilnummer ist diejenige, die bei Neubestellung f\u00fcr dieses Teil gilt und der m\u00f6glicherweise abweichenden, gelieferten Teilenummer entspricht. Sollten weitere Fragen offen sein, kontaktieren Sie uns bitte unter <\/span><\/span><\/span><a href=\"mailto:office@audi-klaus.at\"><span style=\"font-family: Source Sans Pro, sans-serif\"><span style=\"font-size: medium\">office@audi-klaus.at<\/span><\/span><\/a><\/p>\n","protected":false},"excerpt":{"rendered":"<p><strong><span style=\"color: #000000;font-family: Source Sans Pro, sans-serif;font-size: x-large\">Marke: Vw\/Audi<\/span><br \/>\n<span style=\"color: #000000;font-family: Source Sans Pro, sans-serif;font-size: x-large\">Modell:\u00a0<span>Passat\/80\/Coup\u00e9\/100<\/span><\/span><br \/>\n<span style=\"color: #000000;font-family: Source Sans Pro, sans-serif;font-size: x-large\">Typ: 32B\/B2\/C3\/C4<\/span><\/strong><\/p>\n","protected":false},"featured_media":47662,"template":"","meta":[],"product_brand":[],"product_cat":[170,2505,171,218,258,339,32,349,78,1164,80,1176,85,1230,86,1645,155,2497],"product_tag":[15258,15259,15260],"class_list":{"0":"post-47732","1":"product","2":"type-product","3":"status-publish","4":"has-post-thumbnail","6":"product_cat-c3-typ44-1982-1990","7":"product_cat-bremsen","8":"product_cat-c4-1991-1994","9":"product_cat-vorder-hinterachse-b2-78","10":"product_cat-vorder-hinterachse-b2-80","11":"product_cat-vorder-hinterachse-c3-1982-1990","12":"product_cat-audi","13":"product_cat-vorder-hinterachse-c4-1991-1994","14":"product_cat-78","15":"product_cat-vw","16":"product_cat-b2-typ81-85-78","17":"product_cat-passat","18":"product_cat-coupe80","19":"product_cat-b2-32b-1980-1988","20":"product_cat-b2-type81-85-80","21":"product_cat-vorder-hinterachse-b2-32b-1980-1988","22":"product_cat-155","23":"product_cat-servicematerial","24":"product_tag-321698151a","25":"product_tag-15259","26":"product_tag-b190","28":"first","29":"instock","30":"taxable","31":"shipping-taxable","32":"purchasable","33":"product-type-simple"},"yoast_head":"<!-- This site is optimized with the Yoast SEO plugin v27.3 - https:\/\/yoast.com\/product\/yoast-seo-wordpress\/ -->\n<title>Vw Passat\/32B\/Audi 80\/Coup\u00e9\/B2\/100\/C3\/C4 Bremsbel\u00e4ge NOS 321698151A - Audi-Klaus<\/title>\n<meta name=\"description\" content=\"Audi-Klaus Vw Passat\/32B\/Audi 80\/Coup\u00e9\/B2\/100\/C3\/C4 Bremsbel\u00e4ge NOS 321698151A Vw Passat\/32B\/Audi 80\/Coup\u00e9\/B2\/100\/C3\/C4 Bremsbel\u00e4ge NOS 321698151A\" \/>\n<meta name=\"robots\" content=\"index, follow, max-snippet:-1, max-image-preview:large, max-video-preview:-1\" \/>\n<link rel=\"canonical\" href=\"https:\/\/audi-klaus.at\/shop\/produkt\/vw-passat-32b-audi-80-coupe-b2-100-c3-c4-bremsbelaege-nos-321698151a\/\" \/>\n<meta property=\"og:locale\" content=\"de_DE\" \/>\n<meta property=\"og:type\" content=\"article\" \/>\n<meta property=\"og:title\" content=\"Vw Passat\/32B\/Audi 80\/Coup\u00e9\/B2\/100\/C3\/C4 Bremsbel\u00e4ge NOS 321698151A - Audi-Klaus\" \/>\n<meta property=\"og:description\" content=\"Audi-Klaus Vw Passat\/32B\/Audi 80\/Coup\u00e9\/B2\/100\/C3\/C4 Bremsbel\u00e4ge NOS 321698151A Vw Passat\/32B\/Audi 80\/Coup\u00e9\/B2\/100\/C3\/C4 Bremsbel\u00e4ge NOS 321698151A\" \/>\n<meta property=\"og:url\" content=\"https:\/\/audi-klaus.at\/shop\/produkt\/vw-passat-32b-audi-80-coupe-b2-100-c3-c4-bremsbelaege-nos-321698151a\/\" \/>\n<meta property=\"og:site_name\" content=\"Audi-Klaus\" \/>\n<meta property=\"article:publisher\" content=\"https:\/\/www.facebook.com\/audi.klaus.1312\/\" \/>\n<meta property=\"article:modified_time\" content=\"2026-01-07T20:53:08+00:00\" \/>\n<meta property=\"og:image\" content=\"https:\/\/audi-klaus.at\/shop\/wp-content\/uploads\/2022\/08\/B190.jpg\" \/>\n\t<meta property=\"og:image:width\" content=\"418\" \/>\n\t<meta property=\"og:image:height\" content=\"418\" \/>\n\t<meta property=\"og:image:type\" content=\"image\/jpeg\" \/>\n<meta name=\"twitter:card\" content=\"summary_large_image\" \/>\n<meta name=\"twitter:label1\" content=\"Gesch\u00e4tzte Lesezeit\" \/>\n\t<meta name=\"twitter:data1\" content=\"1 Minute\" \/>\n<script type=\"application\/ld+json\" class=\"yoast-schema-graph\">{\"@context\":\"https:\\\/\\\/schema.org\",\"@graph\":[{\"@type\":\"WebPage\",\"@id\":\"https:\\\/\\\/audi-klaus.at\\\/shop\\\/produkt\\\/vw-passat-32b-audi-80-coupe-b2-100-c3-c4-bremsbelaege-nos-321698151a\\\/\",\"url\":\"https:\\\/\\\/audi-klaus.at\\\/shop\\\/produkt\\\/vw-passat-32b-audi-80-coupe-b2-100-c3-c4-bremsbelaege-nos-321698151a\\\/\",\"name\":\"Vw Passat\\\/32B\\\/Audi 80\\\/Coup\u00e9\\\/B2\\\/100\\\/C3\\\/C4 Bremsbel\u00e4ge NOS 321698151A - Audi-Klaus\",\"isPartOf\":{\"@id\":\"https:\\\/\\\/audi-klaus.at\\\/shop\\\/#website\"},\"primaryImageOfPage\":{\"@id\":\"https:\\\/\\\/audi-klaus.at\\\/shop\\\/produkt\\\/vw-passat-32b-audi-80-coupe-b2-100-c3-c4-bremsbelaege-nos-321698151a\\\/#primaryimage\"},\"image\":{\"@id\":\"https:\\\/\\\/audi-klaus.at\\\/shop\\\/produkt\\\/vw-passat-32b-audi-80-coupe-b2-100-c3-c4-bremsbelaege-nos-321698151a\\\/#primaryimage\"},\"thumbnailUrl\":\"https:\\\/\\\/audi-klaus.at\\\/shop\\\/wp-content\\\/uploads\\\/2022\\\/08\\\/B190.jpg\",\"datePublished\":\"2022-08-26T09:53:47+00:00\",\"dateModified\":\"2026-01-07T20:53:08+00:00\",\"description\":\"Audi-Klaus Vw Passat\\\/32B\\\/Audi 80\\\/Coup\u00e9\\\/B2\\\/100\\\/C3\\\/C4 Bremsbel\u00e4ge NOS 321698151A Vw Passat\\\/32B\\\/Audi 80\\\/Coup\u00e9\\\/B2\\\/100\\\/C3\\\/C4 Bremsbel\u00e4ge NOS 321698151A\",\"breadcrumb\":{\"@id\":\"https:\\\/\\\/audi-klaus.at\\\/shop\\\/produkt\\\/vw-passat-32b-audi-80-coupe-b2-100-c3-c4-bremsbelaege-nos-321698151a\\\/#breadcrumb\"},\"inLanguage\":\"de-AT\",\"potentialAction\":[{\"@type\":\"ReadAction\",\"target\":[\"https:\\\/\\\/audi-klaus.at\\\/shop\\\/produkt\\\/vw-passat-32b-audi-80-coupe-b2-100-c3-c4-bremsbelaege-nos-321698151a\\\/\"]}]},{\"@type\":\"ImageObject\",\"inLanguage\":\"de-AT\",\"@id\":\"https:\\\/\\\/audi-klaus.at\\\/shop\\\/produkt\\\/vw-passat-32b-audi-80-coupe-b2-100-c3-c4-bremsbelaege-nos-321698151a\\\/#primaryimage\",\"url\":\"https:\\\/\\\/audi-klaus.at\\\/shop\\\/wp-content\\\/uploads\\\/2022\\\/08\\\/B190.jpg\",\"contentUrl\":\"https:\\\/\\\/audi-klaus.at\\\/shop\\\/wp-content\\\/uploads\\\/2022\\\/08\\\/B190.jpg\",\"width\":418,\"height\":418},{\"@type\":\"BreadcrumbList\",\"@id\":\"https:\\\/\\\/audi-klaus.at\\\/shop\\\/produkt\\\/vw-passat-32b-audi-80-coupe-b2-100-c3-c4-bremsbelaege-nos-321698151a\\\/#breadcrumb\",\"itemListElement\":[{\"@type\":\"ListItem\",\"position\":1,\"name\":\"Startseite\",\"item\":\"https:\\\/\\\/audi-klaus.at\\\/shop\\\/\"},{\"@type\":\"ListItem\",\"position\":2,\"name\":\"Shop\",\"item\":\"https:\\\/\\\/audi-klaus.at\\\/shop\\\/\"},{\"@type\":\"ListItem\",\"position\":3,\"name\":\"Vw Passat\\\/32B\\\/Audi 80\\\/Coup\u00e9\\\/B2\\\/100\\\/C3\\\/C4 Bremsbel\u00e4ge NOS 321698151A\"}]},{\"@type\":\"WebSite\",\"@id\":\"https:\\\/\\\/audi-klaus.at\\\/shop\\\/#website\",\"url\":\"https:\\\/\\\/audi-klaus.at\\\/shop\\\/\",\"name\":\"Audi-Klaus\",\"description\":\"Ihr Gebrauchtteile Spezialist f\u00fcr die Marken Audi, VW (VAG)\",\"publisher\":{\"@id\":\"https:\\\/\\\/audi-klaus.at\\\/shop\\\/#organization\"},\"potentialAction\":[{\"@type\":\"SearchAction\",\"target\":{\"@type\":\"EntryPoint\",\"urlTemplate\":\"https:\\\/\\\/audi-klaus.at\\\/shop\\\/?s={search_term_string}\"},\"query-input\":{\"@type\":\"PropertyValueSpecification\",\"valueRequired\":true,\"valueName\":\"search_term_string\"}}],\"inLanguage\":\"de-AT\"},{\"@type\":\"Organization\",\"@id\":\"https:\\\/\\\/audi-klaus.at\\\/shop\\\/#organization\",\"name\":\"Audi-Klaus\",\"url\":\"https:\\\/\\\/audi-klaus.at\\\/shop\\\/\",\"logo\":{\"@type\":\"ImageObject\",\"inLanguage\":\"de-AT\",\"@id\":\"https:\\\/\\\/audi-klaus.at\\\/shop\\\/#\\\/schema\\\/logo\\\/image\\\/\",\"url\":\"https:\\\/\\\/audi-klaus.at\\\/shop\\\/wp-content\\\/uploads\\\/2024\\\/10\\\/Logo-Shop.webp\",\"contentUrl\":\"https:\\\/\\\/audi-klaus.at\\\/shop\\\/wp-content\\\/uploads\\\/2024\\\/10\\\/Logo-Shop.webp\",\"width\":470,\"height\":164,\"caption\":\"Audi-Klaus\"},\"image\":{\"@id\":\"https:\\\/\\\/audi-klaus.at\\\/shop\\\/#\\\/schema\\\/logo\\\/image\\\/\"},\"sameAs\":[\"https:\\\/\\\/www.facebook.com\\\/audi.klaus.1312\\\/\",\"https:\\\/\\\/www.instagram.com\\\/audi_klaus\\\/?igshid=1eca3qu2mdayg\"]}]}<\/script>\n<!-- \/ Yoast SEO plugin. -->","yoast_head_json":{"title":"Vw Passat\/32B\/Audi 80\/Coup\u00e9\/B2\/100\/C3\/C4 Bremsbel\u00e4ge NOS 321698151A - Audi-Klaus","description":"Audi-Klaus Vw Passat\/32B\/Audi 80\/Coup\u00e9\/B2\/100\/C3\/C4 Bremsbel\u00e4ge NOS 321698151A Vw Passat\/32B\/Audi 80\/Coup\u00e9\/B2\/100\/C3\/C4 Bremsbel\u00e4ge NOS 321698151A","robots":{"index":"index","follow":"follow","max-snippet":"max-snippet:-1","max-image-preview":"max-image-preview:large","max-video-preview":"max-video-preview:-1"},"canonical":"https:\/\/audi-klaus.at\/shop\/produkt\/vw-passat-32b-audi-80-coupe-b2-100-c3-c4-bremsbelaege-nos-321698151a\/","og_locale":"de_DE","og_type":"article","og_title":"Vw Passat\/32B\/Audi 80\/Coup\u00e9\/B2\/100\/C3\/C4 Bremsbel\u00e4ge NOS 321698151A - Audi-Klaus","og_description":"Audi-Klaus Vw Passat\/32B\/Audi 80\/Coup\u00e9\/B2\/100\/C3\/C4 Bremsbel\u00e4ge NOS 321698151A Vw Passat\/32B\/Audi 80\/Coup\u00e9\/B2\/100\/C3\/C4 Bremsbel\u00e4ge NOS 321698151A","og_url":"https:\/\/audi-klaus.at\/shop\/produkt\/vw-passat-32b-audi-80-coupe-b2-100-c3-c4-bremsbelaege-nos-321698151a\/","og_site_name":"Audi-Klaus","article_publisher":"https:\/\/www.facebook.com\/audi.klaus.1312\/","article_modified_time":"2026-01-07T20:53:08+00:00","og_image":[{"width":418,"height":418,"url":"https:\/\/audi-klaus.at\/shop\/wp-content\/uploads\/2022\/08\/B190.jpg","type":"image\/jpeg"}],"twitter_card":"summary_large_image","twitter_misc":{"Gesch\u00e4tzte Lesezeit":"1 Minute"},"schema":{"@context":"https:\/\/schema.org","@graph":[{"@type":"WebPage","@id":"https:\/\/audi-klaus.at\/shop\/produkt\/vw-passat-32b-audi-80-coupe-b2-100-c3-c4-bremsbelaege-nos-321698151a\/","url":"https:\/\/audi-klaus.at\/shop\/produkt\/vw-passat-32b-audi-80-coupe-b2-100-c3-c4-bremsbelaege-nos-321698151a\/","name":"Vw Passat\/32B\/Audi 80\/Coup\u00e9\/B2\/100\/C3\/C4 Bremsbel\u00e4ge NOS 321698151A - Audi-Klaus","isPartOf":{"@id":"https:\/\/audi-klaus.at\/shop\/#website"},"primaryImageOfPage":{"@id":"https:\/\/audi-klaus.at\/shop\/produkt\/vw-passat-32b-audi-80-coupe-b2-100-c3-c4-bremsbelaege-nos-321698151a\/#primaryimage"},"image":{"@id":"https:\/\/audi-klaus.at\/shop\/produkt\/vw-passat-32b-audi-80-coupe-b2-100-c3-c4-bremsbelaege-nos-321698151a\/#primaryimage"},"thumbnailUrl":"https:\/\/audi-klaus.at\/shop\/wp-content\/uploads\/2022\/08\/B190.jpg","datePublished":"2022-08-26T09:53:47+00:00","dateModified":"2026-01-07T20:53:08+00:00","description":"Audi-Klaus Vw Passat\/32B\/Audi 80\/Coup\u00e9\/B2\/100\/C3\/C4 Bremsbel\u00e4ge NOS 321698151A Vw Passat\/32B\/Audi 80\/Coup\u00e9\/B2\/100\/C3\/C4 Bremsbel\u00e4ge NOS 321698151A","breadcrumb":{"@id":"https:\/\/audi-klaus.at\/shop\/produkt\/vw-passat-32b-audi-80-coupe-b2-100-c3-c4-bremsbelaege-nos-321698151a\/#breadcrumb"},"inLanguage":"de-AT","potentialAction":[{"@type":"ReadAction","target":["https:\/\/audi-klaus.at\/shop\/produkt\/vw-passat-32b-audi-80-coupe-b2-100-c3-c4-bremsbelaege-nos-321698151a\/"]}]},{"@type":"ImageObject","inLanguage":"de-AT","@id":"https:\/\/audi-klaus.at\/shop\/produkt\/vw-passat-32b-audi-80-coupe-b2-100-c3-c4-bremsbelaege-nos-321698151a\/#primaryimage","url":"https:\/\/audi-klaus.at\/shop\/wp-content\/uploads\/2022\/08\/B190.jpg","contentUrl":"https:\/\/audi-klaus.at\/shop\/wp-content\/uploads\/2022\/08\/B190.jpg","width":418,"height":418},{"@type":"BreadcrumbList","@id":"https:\/\/audi-klaus.at\/shop\/produkt\/vw-passat-32b-audi-80-coupe-b2-100-c3-c4-bremsbelaege-nos-321698151a\/#breadcrumb","itemListElement":[{"@type":"ListItem","position":1,"name":"Startseite","item":"https:\/\/audi-klaus.at\/shop\/"},{"@type":"ListItem","position":2,"name":"Shop","item":"https:\/\/audi-klaus.at\/shop\/"},{"@type":"ListItem","position":3,"name":"Vw Passat\/32B\/Audi 80\/Coup\u00e9\/B2\/100\/C3\/C4 Bremsbel\u00e4ge NOS 321698151A"}]},{"@type":"WebSite","@id":"https:\/\/audi-klaus.at\/shop\/#website","url":"https:\/\/audi-klaus.at\/shop\/","name":"Audi-Klaus","description":"Ihr Gebrauchtteile Spezialist f\u00fcr die Marken Audi, VW (VAG)","publisher":{"@id":"https:\/\/audi-klaus.at\/shop\/#organization"},"potentialAction":[{"@type":"SearchAction","target":{"@type":"EntryPoint","urlTemplate":"https:\/\/audi-klaus.at\/shop\/?s={search_term_string}"},"query-input":{"@type":"PropertyValueSpecification","valueRequired":true,"valueName":"search_term_string"}}],"inLanguage":"de-AT"},{"@type":"Organization","@id":"https:\/\/audi-klaus.at\/shop\/#organization","name":"Audi-Klaus","url":"https:\/\/audi-klaus.at\/shop\/","logo":{"@type":"ImageObject","inLanguage":"de-AT","@id":"https:\/\/audi-klaus.at\/shop\/#\/schema\/logo\/image\/","url":"https:\/\/audi-klaus.at\/shop\/wp-content\/uploads\/2024\/10\/Logo-Shop.webp","contentUrl":"https:\/\/audi-klaus.at\/shop\/wp-content\/uploads\/2024\/10\/Logo-Shop.webp","width":470,"height":164,"caption":"Audi-Klaus"},"image":{"@id":"https:\/\/audi-klaus.at\/shop\/#\/schema\/logo\/image\/"},"sameAs":["https:\/\/www.facebook.com\/audi.klaus.1312\/","https:\/\/www.instagram.com\/audi_klaus\/?igshid=1eca3qu2mdayg"]}]}},"_links":{"self":[{"href":"https:\/\/audi-klaus.at\/shop\/wp-json\/wp\/v2\/product\/47732","targetHints":{"allow":["GET"]}}],"collection":[{"href":"https:\/\/audi-klaus.at\/shop\/wp-json\/wp\/v2\/product"}],"about":[{"href":"https:\/\/audi-klaus.at\/shop\/wp-json\/wp\/v2\/types\/product"}],"wp:featuredmedia":[{"embeddable":true,"href":"https:\/\/audi-klaus.at\/shop\/wp-json\/wp\/v2\/media\/47662"}],"wp:attachment":[{"href":"https:\/\/audi-klaus.at\/shop\/wp-json\/wp\/v2\/media?parent=47732"}],"wp:term":[{"taxonomy":"product_brand","embeddable":true,"href":"https:\/\/audi-klaus.at\/shop\/wp-json\/wp\/v2\/product_brand?post=47732"},{"taxonomy":"product_cat","embeddable":true,"href":"https:\/\/audi-klaus.at\/shop\/wp-json\/wp\/v2\/product_cat?post=47732"},{"taxonomy":"product_tag","embeddable":true,"href":"https:\/\/audi-klaus.at\/shop\/wp-json\/wp\/v2\/product_tag?post=47732"}],"curies":[{"name":"wp","href":"https:\/\/api.w.org\/{rel}","templated":true}]}}