{"id":45704,"date":"2022-07-14T17:02:17","date_gmt":"2022-07-14T15:02:17","guid":{"rendered":"https:\/\/audi-klaus.at\/shop\/?post_type=product&#038;p=45704"},"modified":"2026-01-07T21:52:24","modified_gmt":"2026-01-07T20:52:24","slug":"audi-a4-b5-a6-c5-vw-passat-b5-stossdaempfer-neu-monroe-26654","status":"publish","type":"product","link":"https:\/\/audi-klaus.at\/shop\/produkt\/audi-a4-b5-a6-c5-vw-passat-b5-stossdaempfer-neu-monroe-26654\/","title":{"rendered":"Audi A4\/B5\/A6\/C5\/Vw Passat\/B5 Sto\u00dfd\u00e4mpfer NEU Monroe 26654"},"content":{"rendered":"<p><strong><span style=\"color: #000000;\"><span style=\"font-family: Source Sans Pro, sans-serif;\"><span style=\"font-size: medium;\"><b>VAG Teilenummer<\/b><\/span><\/span><\/span><\/strong><span style=\"color: #000000;\"><span style=\"font-family: Source Sans Pro, sans-serif;\"><span style=\"font-size: medium;\"><b>:<\/b><\/span><\/span><\/span> Monroe 266 54\u00a0<span style=\"font-family: Source Sans Pro, sans-serif;\"><span style=\"font-size: medium;\"><br \/>\n<\/span><\/span><strong><span style=\"color: #000000;\"><span style=\"font-family: Source Sans Pro, sans-serif;\"><span style=\"font-size: medium;\"><b>Zustand:<\/b><\/span><\/span><\/span><\/strong><span style=\"color: #000000;\"><span style=\"font-family: Source Sans Pro, sans-serif;\"><span style=\"font-size: medium;\">\u00a0Neu<\/span><\/span><\/span><span style=\"font-family: Source Sans Pro, sans-serif;\"><span style=\"font-size: medium;\"><br \/>\n<\/span><\/span><strong><span style=\"color: #000000;\"><span style=\"font-family: Source Sans Pro, sans-serif;\"><span style=\"font-size: medium;\"><b>Lieferumfang:<\/b><\/span><\/span><\/span><\/strong> <span style=\"color: #000000;\"><span style=\"font-family: Source Sans Pro, sans-serif;\"><span style=\"font-size: medium;\">wie in den Original-Abbildungen angegeben<\/span><\/span><\/span><span style=\"font-family: Source Sans Pro, sans-serif;\"><span style=\"font-size: medium;\"><br \/>\n<\/span><\/span><span style=\"color: #000000;\"><span style=\"font-family: Source Sans Pro, sans-serif;\"><span style=\"font-size: medium;\">Hinweis: Bitte \u00fcberpr\u00fcfen Sie vor dem Kauf anhand der eindeutigen Teilenummern, ob der Artikel zum Fahrzeug passt, um R\u00fccksendungen zu vermeiden! Trotz Angabe der entsprechenden Fahrzeugdaten ist eine eindeutige Zuordnung nur \u00fcber die Teilenummer m\u00f6glich! Die abgelesene Teilenummer ist die Teilenummer des Teils, welches geliefert wird. Die Originalteilnummer ist diejenige, die bei Neubestellung f\u00fcr dieses Teil gilt und der m\u00f6glicherweise abweichenden, gelieferten Teilenummer entspricht. Sollten weitere Fragen offen sein, kontaktieren Sie uns bitte unter <\/span><\/span><\/span><a href=\"mailto:office@audi-klaus.at\"><span style=\"font-family: Source Sans Pro, sans-serif;\"><span style=\"font-size: medium;\">office@audi-klaus.at<\/span><\/span><\/a><\/p>\n","protected":false},"excerpt":{"rendered":"<p><strong><span style=\"color: #000000;\"><span style=\"font-family: Source Sans Pro, sans-serif;\"><span style=\"font-size: x-large;\">Marke: Audi\/Vw<br \/>\nModell: A4\/A6\/Passat<br \/>\nTyp: B5\/C5\/B5<\/span><\/span><\/span><\/strong><\/p>\n","protected":false},"featured_media":45701,"template":"","meta":[],"product_brand":[],"product_cat":[507,587,605,1164,1176,1233,1675,32,370,372,497],"product_tag":[14423,14424],"class_list":{"0":"post-45704","1":"product","2":"type-product","3":"status-publish","4":"has-post-thumbnail","6":"product_cat-vorder-hinterachse-b5-1994-2001","7":"product_cat-c5-4b-1997-2005","8":"product_cat-vorder-hinterachse-c5-1997-2005","9":"product_cat-vw","10":"product_cat-passat","11":"product_cat-b5-3b-1996-2005","12":"product_cat-vorder-hinterachse-b5-3b-1996-2005","13":"product_cat-audi","14":"product_cat-a4","15":"product_cat-a6","16":"product_cat-b5-1994-2001","17":"product_tag-monroe-26654","18":"product_tag-l206","20":"first","21":"instock","22":"taxable","23":"shipping-taxable","24":"purchasable","25":"product-type-simple"},"yoast_head":"<!-- This site is optimized with the Yoast SEO plugin v27.3 - https:\/\/yoast.com\/product\/yoast-seo-wordpress\/ -->\n<title>Audi A4\/B5\/A6\/C5\/Vw Passat\/B5 Sto\u00dfd\u00e4mpfer NEU Monroe 26654 - Audi-Klaus<\/title>\n<meta name=\"description\" content=\"Audi A4\/B5\/A6\/C5\/Vw Passat\/B5 Sto\u00dfd\u00e4mpfer NEU Monroe 26654 Audi-Klaus Audi A4\/B5\/A6\/C5\/Vw Passat\/B5 Sto\u00dfd\u00e4mpfer NEU Monroe 2665\" \/>\n<meta name=\"robots\" content=\"index, follow, max-snippet:-1, max-image-preview:large, max-video-preview:-1\" \/>\n<link rel=\"canonical\" href=\"https:\/\/audi-klaus.at\/shop\/produkt\/audi-a4-b5-a6-c5-vw-passat-b5-stossdaempfer-neu-monroe-26654\/\" \/>\n<meta property=\"og:locale\" content=\"de_DE\" \/>\n<meta property=\"og:type\" content=\"article\" \/>\n<meta property=\"og:title\" content=\"Audi A4\/B5\/A6\/C5\/Vw Passat\/B5 Sto\u00dfd\u00e4mpfer NEU Monroe 26654 - Audi-Klaus\" \/>\n<meta property=\"og:description\" content=\"Audi A4\/B5\/A6\/C5\/Vw Passat\/B5 Sto\u00dfd\u00e4mpfer NEU Monroe 26654 Audi-Klaus Audi A4\/B5\/A6\/C5\/Vw Passat\/B5 Sto\u00dfd\u00e4mpfer NEU Monroe 2665\" \/>\n<meta property=\"og:url\" content=\"https:\/\/audi-klaus.at\/shop\/produkt\/audi-a4-b5-a6-c5-vw-passat-b5-stossdaempfer-neu-monroe-26654\/\" \/>\n<meta property=\"og:site_name\" content=\"Audi-Klaus\" \/>\n<meta property=\"article:publisher\" content=\"https:\/\/www.facebook.com\/audi.klaus.1312\/\" \/>\n<meta property=\"article:modified_time\" content=\"2026-01-07T20:52:24+00:00\" \/>\n<meta property=\"og:image\" content=\"https:\/\/audi-klaus.at\/shop\/wp-content\/uploads\/2022\/07\/L206-2.jpg\" \/>\n\t<meta property=\"og:image:width\" content=\"418\" \/>\n\t<meta property=\"og:image:height\" content=\"418\" \/>\n\t<meta property=\"og:image:type\" content=\"image\/jpeg\" \/>\n<meta name=\"twitter:card\" content=\"summary_large_image\" \/>\n<meta name=\"twitter:label1\" content=\"Gesch\u00e4tzte Lesezeit\" \/>\n\t<meta name=\"twitter:data1\" content=\"1 Minute\" \/>\n<script type=\"application\/ld+json\" class=\"yoast-schema-graph\">{\"@context\":\"https:\\\/\\\/schema.org\",\"@graph\":[{\"@type\":\"WebPage\",\"@id\":\"https:\\\/\\\/audi-klaus.at\\\/shop\\\/produkt\\\/audi-a4-b5-a6-c5-vw-passat-b5-stossdaempfer-neu-monroe-26654\\\/\",\"url\":\"https:\\\/\\\/audi-klaus.at\\\/shop\\\/produkt\\\/audi-a4-b5-a6-c5-vw-passat-b5-stossdaempfer-neu-monroe-26654\\\/\",\"name\":\"Audi A4\\\/B5\\\/A6\\\/C5\\\/Vw Passat\\\/B5 Sto\u00dfd\u00e4mpfer NEU Monroe 26654 - Audi-Klaus\",\"isPartOf\":{\"@id\":\"https:\\\/\\\/audi-klaus.at\\\/shop\\\/#website\"},\"primaryImageOfPage\":{\"@id\":\"https:\\\/\\\/audi-klaus.at\\\/shop\\\/produkt\\\/audi-a4-b5-a6-c5-vw-passat-b5-stossdaempfer-neu-monroe-26654\\\/#primaryimage\"},\"image\":{\"@id\":\"https:\\\/\\\/audi-klaus.at\\\/shop\\\/produkt\\\/audi-a4-b5-a6-c5-vw-passat-b5-stossdaempfer-neu-monroe-26654\\\/#primaryimage\"},\"thumbnailUrl\":\"https:\\\/\\\/audi-klaus.at\\\/shop\\\/wp-content\\\/uploads\\\/2022\\\/07\\\/L206-2.jpg\",\"datePublished\":\"2022-07-14T15:02:17+00:00\",\"dateModified\":\"2026-01-07T20:52:24+00:00\",\"description\":\"Audi A4\\\/B5\\\/A6\\\/C5\\\/Vw Passat\\\/B5 Sto\u00dfd\u00e4mpfer NEU Monroe 26654 Audi-Klaus Audi A4\\\/B5\\\/A6\\\/C5\\\/Vw Passat\\\/B5 Sto\u00dfd\u00e4mpfer NEU Monroe 2665\",\"breadcrumb\":{\"@id\":\"https:\\\/\\\/audi-klaus.at\\\/shop\\\/produkt\\\/audi-a4-b5-a6-c5-vw-passat-b5-stossdaempfer-neu-monroe-26654\\\/#breadcrumb\"},\"inLanguage\":\"de-AT\",\"potentialAction\":[{\"@type\":\"ReadAction\",\"target\":[\"https:\\\/\\\/audi-klaus.at\\\/shop\\\/produkt\\\/audi-a4-b5-a6-c5-vw-passat-b5-stossdaempfer-neu-monroe-26654\\\/\"]}]},{\"@type\":\"ImageObject\",\"inLanguage\":\"de-AT\",\"@id\":\"https:\\\/\\\/audi-klaus.at\\\/shop\\\/produkt\\\/audi-a4-b5-a6-c5-vw-passat-b5-stossdaempfer-neu-monroe-26654\\\/#primaryimage\",\"url\":\"https:\\\/\\\/audi-klaus.at\\\/shop\\\/wp-content\\\/uploads\\\/2022\\\/07\\\/L206-2.jpg\",\"contentUrl\":\"https:\\\/\\\/audi-klaus.at\\\/shop\\\/wp-content\\\/uploads\\\/2022\\\/07\\\/L206-2.jpg\",\"width\":418,\"height\":418},{\"@type\":\"BreadcrumbList\",\"@id\":\"https:\\\/\\\/audi-klaus.at\\\/shop\\\/produkt\\\/audi-a4-b5-a6-c5-vw-passat-b5-stossdaempfer-neu-monroe-26654\\\/#breadcrumb\",\"itemListElement\":[{\"@type\":\"ListItem\",\"position\":1,\"name\":\"Startseite\",\"item\":\"https:\\\/\\\/audi-klaus.at\\\/shop\\\/\"},{\"@type\":\"ListItem\",\"position\":2,\"name\":\"Shop\",\"item\":\"https:\\\/\\\/audi-klaus.at\\\/shop\\\/\"},{\"@type\":\"ListItem\",\"position\":3,\"name\":\"Audi A4\\\/B5\\\/A6\\\/C5\\\/Vw Passat\\\/B5 Sto\u00dfd\u00e4mpfer NEU Monroe 26654\"}]},{\"@type\":\"WebSite\",\"@id\":\"https:\\\/\\\/audi-klaus.at\\\/shop\\\/#website\",\"url\":\"https:\\\/\\\/audi-klaus.at\\\/shop\\\/\",\"name\":\"Audi-Klaus\",\"description\":\"Ihr Gebrauchtteile Spezialist f\u00fcr die Marken Audi, VW (VAG)\",\"publisher\":{\"@id\":\"https:\\\/\\\/audi-klaus.at\\\/shop\\\/#organization\"},\"potentialAction\":[{\"@type\":\"SearchAction\",\"target\":{\"@type\":\"EntryPoint\",\"urlTemplate\":\"https:\\\/\\\/audi-klaus.at\\\/shop\\\/?s={search_term_string}\"},\"query-input\":{\"@type\":\"PropertyValueSpecification\",\"valueRequired\":true,\"valueName\":\"search_term_string\"}}],\"inLanguage\":\"de-AT\"},{\"@type\":\"Organization\",\"@id\":\"https:\\\/\\\/audi-klaus.at\\\/shop\\\/#organization\",\"name\":\"Audi-Klaus\",\"url\":\"https:\\\/\\\/audi-klaus.at\\\/shop\\\/\",\"logo\":{\"@type\":\"ImageObject\",\"inLanguage\":\"de-AT\",\"@id\":\"https:\\\/\\\/audi-klaus.at\\\/shop\\\/#\\\/schema\\\/logo\\\/image\\\/\",\"url\":\"https:\\\/\\\/audi-klaus.at\\\/shop\\\/wp-content\\\/uploads\\\/2024\\\/10\\\/Logo-Shop.webp\",\"contentUrl\":\"https:\\\/\\\/audi-klaus.at\\\/shop\\\/wp-content\\\/uploads\\\/2024\\\/10\\\/Logo-Shop.webp\",\"width\":470,\"height\":164,\"caption\":\"Audi-Klaus\"},\"image\":{\"@id\":\"https:\\\/\\\/audi-klaus.at\\\/shop\\\/#\\\/schema\\\/logo\\\/image\\\/\"},\"sameAs\":[\"https:\\\/\\\/www.facebook.com\\\/audi.klaus.1312\\\/\",\"https:\\\/\\\/www.instagram.com\\\/audi_klaus\\\/?igshid=1eca3qu2mdayg\"]}]}<\/script>\n<!-- \/ Yoast SEO plugin. -->","yoast_head_json":{"title":"Audi A4\/B5\/A6\/C5\/Vw Passat\/B5 Sto\u00dfd\u00e4mpfer NEU Monroe 26654 - Audi-Klaus","description":"Audi A4\/B5\/A6\/C5\/Vw Passat\/B5 Sto\u00dfd\u00e4mpfer NEU Monroe 26654 Audi-Klaus Audi A4\/B5\/A6\/C5\/Vw Passat\/B5 Sto\u00dfd\u00e4mpfer NEU Monroe 2665","robots":{"index":"index","follow":"follow","max-snippet":"max-snippet:-1","max-image-preview":"max-image-preview:large","max-video-preview":"max-video-preview:-1"},"canonical":"https:\/\/audi-klaus.at\/shop\/produkt\/audi-a4-b5-a6-c5-vw-passat-b5-stossdaempfer-neu-monroe-26654\/","og_locale":"de_DE","og_type":"article","og_title":"Audi A4\/B5\/A6\/C5\/Vw Passat\/B5 Sto\u00dfd\u00e4mpfer NEU Monroe 26654 - Audi-Klaus","og_description":"Audi A4\/B5\/A6\/C5\/Vw Passat\/B5 Sto\u00dfd\u00e4mpfer NEU Monroe 26654 Audi-Klaus Audi A4\/B5\/A6\/C5\/Vw Passat\/B5 Sto\u00dfd\u00e4mpfer NEU Monroe 2665","og_url":"https:\/\/audi-klaus.at\/shop\/produkt\/audi-a4-b5-a6-c5-vw-passat-b5-stossdaempfer-neu-monroe-26654\/","og_site_name":"Audi-Klaus","article_publisher":"https:\/\/www.facebook.com\/audi.klaus.1312\/","article_modified_time":"2026-01-07T20:52:24+00:00","og_image":[{"width":418,"height":418,"url":"https:\/\/audi-klaus.at\/shop\/wp-content\/uploads\/2022\/07\/L206-2.jpg","type":"image\/jpeg"}],"twitter_card":"summary_large_image","twitter_misc":{"Gesch\u00e4tzte Lesezeit":"1 Minute"},"schema":{"@context":"https:\/\/schema.org","@graph":[{"@type":"WebPage","@id":"https:\/\/audi-klaus.at\/shop\/produkt\/audi-a4-b5-a6-c5-vw-passat-b5-stossdaempfer-neu-monroe-26654\/","url":"https:\/\/audi-klaus.at\/shop\/produkt\/audi-a4-b5-a6-c5-vw-passat-b5-stossdaempfer-neu-monroe-26654\/","name":"Audi A4\/B5\/A6\/C5\/Vw Passat\/B5 Sto\u00dfd\u00e4mpfer NEU Monroe 26654 - Audi-Klaus","isPartOf":{"@id":"https:\/\/audi-klaus.at\/shop\/#website"},"primaryImageOfPage":{"@id":"https:\/\/audi-klaus.at\/shop\/produkt\/audi-a4-b5-a6-c5-vw-passat-b5-stossdaempfer-neu-monroe-26654\/#primaryimage"},"image":{"@id":"https:\/\/audi-klaus.at\/shop\/produkt\/audi-a4-b5-a6-c5-vw-passat-b5-stossdaempfer-neu-monroe-26654\/#primaryimage"},"thumbnailUrl":"https:\/\/audi-klaus.at\/shop\/wp-content\/uploads\/2022\/07\/L206-2.jpg","datePublished":"2022-07-14T15:02:17+00:00","dateModified":"2026-01-07T20:52:24+00:00","description":"Audi A4\/B5\/A6\/C5\/Vw Passat\/B5 Sto\u00dfd\u00e4mpfer NEU Monroe 26654 Audi-Klaus Audi A4\/B5\/A6\/C5\/Vw Passat\/B5 Sto\u00dfd\u00e4mpfer NEU Monroe 2665","breadcrumb":{"@id":"https:\/\/audi-klaus.at\/shop\/produkt\/audi-a4-b5-a6-c5-vw-passat-b5-stossdaempfer-neu-monroe-26654\/#breadcrumb"},"inLanguage":"de-AT","potentialAction":[{"@type":"ReadAction","target":["https:\/\/audi-klaus.at\/shop\/produkt\/audi-a4-b5-a6-c5-vw-passat-b5-stossdaempfer-neu-monroe-26654\/"]}]},{"@type":"ImageObject","inLanguage":"de-AT","@id":"https:\/\/audi-klaus.at\/shop\/produkt\/audi-a4-b5-a6-c5-vw-passat-b5-stossdaempfer-neu-monroe-26654\/#primaryimage","url":"https:\/\/audi-klaus.at\/shop\/wp-content\/uploads\/2022\/07\/L206-2.jpg","contentUrl":"https:\/\/audi-klaus.at\/shop\/wp-content\/uploads\/2022\/07\/L206-2.jpg","width":418,"height":418},{"@type":"BreadcrumbList","@id":"https:\/\/audi-klaus.at\/shop\/produkt\/audi-a4-b5-a6-c5-vw-passat-b5-stossdaempfer-neu-monroe-26654\/#breadcrumb","itemListElement":[{"@type":"ListItem","position":1,"name":"Startseite","item":"https:\/\/audi-klaus.at\/shop\/"},{"@type":"ListItem","position":2,"name":"Shop","item":"https:\/\/audi-klaus.at\/shop\/"},{"@type":"ListItem","position":3,"name":"Audi A4\/B5\/A6\/C5\/Vw Passat\/B5 Sto\u00dfd\u00e4mpfer NEU Monroe 26654"}]},{"@type":"WebSite","@id":"https:\/\/audi-klaus.at\/shop\/#website","url":"https:\/\/audi-klaus.at\/shop\/","name":"Audi-Klaus","description":"Ihr Gebrauchtteile Spezialist f\u00fcr die Marken Audi, VW (VAG)","publisher":{"@id":"https:\/\/audi-klaus.at\/shop\/#organization"},"potentialAction":[{"@type":"SearchAction","target":{"@type":"EntryPoint","urlTemplate":"https:\/\/audi-klaus.at\/shop\/?s={search_term_string}"},"query-input":{"@type":"PropertyValueSpecification","valueRequired":true,"valueName":"search_term_string"}}],"inLanguage":"de-AT"},{"@type":"Organization","@id":"https:\/\/audi-klaus.at\/shop\/#organization","name":"Audi-Klaus","url":"https:\/\/audi-klaus.at\/shop\/","logo":{"@type":"ImageObject","inLanguage":"de-AT","@id":"https:\/\/audi-klaus.at\/shop\/#\/schema\/logo\/image\/","url":"https:\/\/audi-klaus.at\/shop\/wp-content\/uploads\/2024\/10\/Logo-Shop.webp","contentUrl":"https:\/\/audi-klaus.at\/shop\/wp-content\/uploads\/2024\/10\/Logo-Shop.webp","width":470,"height":164,"caption":"Audi-Klaus"},"image":{"@id":"https:\/\/audi-klaus.at\/shop\/#\/schema\/logo\/image\/"},"sameAs":["https:\/\/www.facebook.com\/audi.klaus.1312\/","https:\/\/www.instagram.com\/audi_klaus\/?igshid=1eca3qu2mdayg"]}]}},"_links":{"self":[{"href":"https:\/\/audi-klaus.at\/shop\/wp-json\/wp\/v2\/product\/45704","targetHints":{"allow":["GET"]}}],"collection":[{"href":"https:\/\/audi-klaus.at\/shop\/wp-json\/wp\/v2\/product"}],"about":[{"href":"https:\/\/audi-klaus.at\/shop\/wp-json\/wp\/v2\/types\/product"}],"wp:featuredmedia":[{"embeddable":true,"href":"https:\/\/audi-klaus.at\/shop\/wp-json\/wp\/v2\/media\/45701"}],"wp:attachment":[{"href":"https:\/\/audi-klaus.at\/shop\/wp-json\/wp\/v2\/media?parent=45704"}],"wp:term":[{"taxonomy":"product_brand","embeddable":true,"href":"https:\/\/audi-klaus.at\/shop\/wp-json\/wp\/v2\/product_brand?post=45704"},{"taxonomy":"product_cat","embeddable":true,"href":"https:\/\/audi-klaus.at\/shop\/wp-json\/wp\/v2\/product_cat?post=45704"},{"taxonomy":"product_tag","embeddable":true,"href":"https:\/\/audi-klaus.at\/shop\/wp-json\/wp\/v2\/product_tag?post=45704"}],"curies":[{"name":"wp","href":"https:\/\/api.w.org\/{rel}","templated":true}]}}