{"id":45450,"date":"2022-07-13T10:31:20","date_gmt":"2022-07-13T08:31:20","guid":{"rendered":"https:\/\/audi-klaus.at\/shop\/?post_type=product&#038;p=45450"},"modified":"2026-01-07T21:52:20","modified_gmt":"2026-01-07T20:52:20","slug":"vw-fox-5z-polo-9n-skoda-fabia-1-2-radlager-mit-abs-neu-skf-vkba-3568","status":"publish","type":"product","link":"https:\/\/audi-klaus.at\/shop\/produkt\/vw-fox-5z-polo-9n-skoda-fabia-1-2-radlager-mit-abs-neu-skf-vkba-3568\/","title":{"rendered":"Vw Fox\/5Z\/Polo\/9N Skoda Fabia\/1\/2 Radlager mit ABS NEU SKF VKBA 3568"},"content":{"rendered":"<p><strong><span style=\"color: #000000\"><span style=\"font-family: Source Sans Pro, sans-serif\"><span style=\"font-size: medium\"><b>VAG Teilenummer<\/b><\/span><\/span><\/span><\/strong><span style=\"color: #000000\"><span style=\"font-family: Source Sans Pro, sans-serif\"><span style=\"font-size: medium\"><b>:<\/b><\/span><\/span><\/span> SKF VKBA 3568<span style=\"font-family: Source Sans Pro, sans-serif\"><span style=\"font-size: medium\"><br \/>\n<\/span><\/span><strong><span style=\"color: #000000\"><span style=\"font-family: Source Sans Pro, sans-serif\"><span style=\"font-size: medium\"><b>Zustand:<\/b><\/span><\/span><\/span><\/strong><span style=\"color: #000000\"><span style=\"font-family: Source Sans Pro, sans-serif\"><span style=\"font-size: medium\"> Neu<\/span><\/span><\/span><span style=\"font-family: Source Sans Pro, sans-serif\"><span style=\"font-size: medium\"><br \/>\n<\/span><\/span><strong><span style=\"color: #000000\"><span style=\"font-family: Source Sans Pro, sans-serif\"><span style=\"font-size: medium\"><b>Lieferumfang:<\/b><\/span><\/span><\/span><\/strong> <span style=\"color: #000000\"><span style=\"font-family: Source Sans Pro, sans-serif\"><span style=\"font-size: medium\">wie in den Original-Abbildungen angegeben<\/span><\/span><\/span><span style=\"font-family: Source Sans Pro, sans-serif\"><span style=\"font-size: medium\"><br \/>\n<\/span><\/span><span style=\"color: #000000\"><span style=\"font-family: Source Sans Pro, sans-serif\"><span style=\"font-size: medium\">Hinweis: Bitte \u00fcberpr\u00fcfen Sie vor dem Kauf anhand der eindeutigen Teilenummern, ob der Artikel zum Fahrzeug passt, um R\u00fccksendungen zu vermeiden! Trotz Angabe der entsprechenden Fahrzeugdaten ist eine eindeutige Zuordnung nur \u00fcber die Teilenummer m\u00f6glich! Die abgelesene Teilenummer ist die Teilenummer des Teils, welches geliefert wird. Die Originalteilnummer ist diejenige, die bei Neubestellung f\u00fcr dieses Teil gilt und der m\u00f6glicherweise abweichenden, gelieferten Teilenummer entspricht. Sollten weitere Fragen offen sein, kontaktieren Sie uns bitte unter <\/span><\/span><\/span><a href=\"mailto:office@audi-klaus.at\"><span style=\"font-family: Source Sans Pro, sans-serif\"><span style=\"font-size: medium\">office@audi-klaus.at<\/span><\/span><\/a><\/p>\n","protected":false},"excerpt":{"rendered":"<p><strong><span style=\"color: #000000\"><span style=\"font-family: Source Sans Pro, sans-serif\"><span style=\"font-size: x-large\">Marke: Vw\/Skoda<br \/>\nModell: Fox\/Polo\/Fabia<br \/>\nTyp: 5Z\/9N\/1\/2<\/span><\/span><\/span><\/strong><\/p>\n","protected":false},"featured_media":45427,"template":"","meta":[],"product_brand":[],"product_cat":[2006,2033,2034,2035,1164,2057,1172,2067,1190,1220,1265,1379,1545],"product_tag":[14300,14301],"class_list":{"0":"post-45450","1":"product","2":"type-product","3":"status-publish","4":"has-post-thumbnail","6":"product_cat-vorder-hinterachse-5z-2005-2011","7":"product_cat-fabia","8":"product_cat-1-6y-1999-2007","9":"product_cat-2-5j-2007-2014","10":"product_cat-vw","11":"product_cat-vorder-hinterachse-1-6y-1999-2007","12":"product_cat-polo","13":"product_cat-vorder-hinterachse-2-5j-2007-2014","14":"product_cat-fox","15":"product_cat-4-9n-2001-2005","16":"product_cat-5z-2005-2011","17":"product_cat-skoda","18":"product_cat-vorder-hinterachse-4-9n-2001-2005","19":"product_tag-skf-vkba-3568","20":"product_tag-l196","22":"first","23":"instock","24":"taxable","25":"shipping-taxable","26":"purchasable","27":"product-type-simple"},"yoast_head":"<!-- This site is optimized with the Yoast SEO plugin v27.5 - https:\/\/yoast.com\/product\/yoast-seo-wordpress\/ -->\n<title>Vw Fox\/5Z\/Polo\/9N Skoda Fabia\/1\/2 Radlager mit ABS NEU SKF VKBA 3568 - Audi-Klaus<\/title>\n<meta name=\"description\" content=\"Audi-Klaus Vw Fox\/5Z\/Polo\/9N Skoda Fabia\/1\/2 Radlager mit ABS NEU SKF VKBA 3568 - Vw Fox\/5Z\/Polo\/9N Skoda Fabia\/1\/2 Radlager mit ABS NEU SKF VKBA 3568\" \/>\n<meta name=\"robots\" content=\"index, follow, max-snippet:-1, max-image-preview:large, max-video-preview:-1\" \/>\n<link rel=\"canonical\" href=\"https:\/\/audi-klaus.at\/shop\/produkt\/vw-fox-5z-polo-9n-skoda-fabia-1-2-radlager-mit-abs-neu-skf-vkba-3568\/\" \/>\n<meta property=\"og:locale\" content=\"de_DE\" \/>\n<meta property=\"og:type\" content=\"article\" \/>\n<meta property=\"og:title\" content=\"Vw Fox\/5Z\/Polo\/9N Skoda Fabia\/1\/2 Radlager mit ABS NEU SKF VKBA 3568 - Audi-Klaus\" \/>\n<meta property=\"og:description\" content=\"Audi-Klaus Vw Fox\/5Z\/Polo\/9N Skoda Fabia\/1\/2 Radlager mit ABS NEU SKF VKBA 3568 - Vw Fox\/5Z\/Polo\/9N Skoda Fabia\/1\/2 Radlager mit ABS NEU SKF VKBA 3568\" \/>\n<meta property=\"og:url\" content=\"https:\/\/audi-klaus.at\/shop\/produkt\/vw-fox-5z-polo-9n-skoda-fabia-1-2-radlager-mit-abs-neu-skf-vkba-3568\/\" \/>\n<meta property=\"og:site_name\" content=\"Audi-Klaus\" \/>\n<meta property=\"article:publisher\" content=\"https:\/\/www.facebook.com\/audi.klaus.1312\/\" \/>\n<meta property=\"article:modified_time\" content=\"2026-01-07T20:52:20+00:00\" \/>\n<meta property=\"og:image\" content=\"https:\/\/audi-klaus.at\/shop\/wp-content\/uploads\/2022\/07\/L196-2.jpg\" \/>\n\t<meta property=\"og:image:width\" content=\"418\" \/>\n\t<meta property=\"og:image:height\" content=\"418\" \/>\n\t<meta property=\"og:image:type\" content=\"image\/jpeg\" \/>\n<meta name=\"twitter:card\" content=\"summary_large_image\" \/>\n<meta name=\"twitter:label1\" content=\"Gesch\u00e4tzte Lesezeit\" \/>\n\t<meta name=\"twitter:data1\" content=\"1 Minute\" \/>\n<script type=\"application\/ld+json\" class=\"yoast-schema-graph\">{\"@context\":\"https:\\\/\\\/schema.org\",\"@graph\":[{\"@type\":\"WebPage\",\"@id\":\"https:\\\/\\\/audi-klaus.at\\\/shop\\\/produkt\\\/vw-fox-5z-polo-9n-skoda-fabia-1-2-radlager-mit-abs-neu-skf-vkba-3568\\\/\",\"url\":\"https:\\\/\\\/audi-klaus.at\\\/shop\\\/produkt\\\/vw-fox-5z-polo-9n-skoda-fabia-1-2-radlager-mit-abs-neu-skf-vkba-3568\\\/\",\"name\":\"Vw Fox\\\/5Z\\\/Polo\\\/9N Skoda Fabia\\\/1\\\/2 Radlager mit ABS NEU SKF VKBA 3568 - Audi-Klaus\",\"isPartOf\":{\"@id\":\"https:\\\/\\\/audi-klaus.at\\\/shop\\\/#website\"},\"primaryImageOfPage\":{\"@id\":\"https:\\\/\\\/audi-klaus.at\\\/shop\\\/produkt\\\/vw-fox-5z-polo-9n-skoda-fabia-1-2-radlager-mit-abs-neu-skf-vkba-3568\\\/#primaryimage\"},\"image\":{\"@id\":\"https:\\\/\\\/audi-klaus.at\\\/shop\\\/produkt\\\/vw-fox-5z-polo-9n-skoda-fabia-1-2-radlager-mit-abs-neu-skf-vkba-3568\\\/#primaryimage\"},\"thumbnailUrl\":\"https:\\\/\\\/audi-klaus.at\\\/shop\\\/wp-content\\\/uploads\\\/2022\\\/07\\\/L196-2.jpg\",\"datePublished\":\"2022-07-13T08:31:20+00:00\",\"dateModified\":\"2026-01-07T20:52:20+00:00\",\"description\":\"Audi-Klaus Vw Fox\\\/5Z\\\/Polo\\\/9N Skoda Fabia\\\/1\\\/2 Radlager mit ABS NEU SKF VKBA 3568 - Vw Fox\\\/5Z\\\/Polo\\\/9N Skoda Fabia\\\/1\\\/2 Radlager mit ABS NEU SKF VKBA 3568\",\"breadcrumb\":{\"@id\":\"https:\\\/\\\/audi-klaus.at\\\/shop\\\/produkt\\\/vw-fox-5z-polo-9n-skoda-fabia-1-2-radlager-mit-abs-neu-skf-vkba-3568\\\/#breadcrumb\"},\"inLanguage\":\"de-AT\",\"potentialAction\":[{\"@type\":\"ReadAction\",\"target\":[\"https:\\\/\\\/audi-klaus.at\\\/shop\\\/produkt\\\/vw-fox-5z-polo-9n-skoda-fabia-1-2-radlager-mit-abs-neu-skf-vkba-3568\\\/\"]}]},{\"@type\":\"ImageObject\",\"inLanguage\":\"de-AT\",\"@id\":\"https:\\\/\\\/audi-klaus.at\\\/shop\\\/produkt\\\/vw-fox-5z-polo-9n-skoda-fabia-1-2-radlager-mit-abs-neu-skf-vkba-3568\\\/#primaryimage\",\"url\":\"https:\\\/\\\/audi-klaus.at\\\/shop\\\/wp-content\\\/uploads\\\/2022\\\/07\\\/L196-2.jpg\",\"contentUrl\":\"https:\\\/\\\/audi-klaus.at\\\/shop\\\/wp-content\\\/uploads\\\/2022\\\/07\\\/L196-2.jpg\",\"width\":418,\"height\":418},{\"@type\":\"BreadcrumbList\",\"@id\":\"https:\\\/\\\/audi-klaus.at\\\/shop\\\/produkt\\\/vw-fox-5z-polo-9n-skoda-fabia-1-2-radlager-mit-abs-neu-skf-vkba-3568\\\/#breadcrumb\",\"itemListElement\":[{\"@type\":\"ListItem\",\"position\":1,\"name\":\"Startseite\",\"item\":\"https:\\\/\\\/audi-klaus.at\\\/shop\\\/\"},{\"@type\":\"ListItem\",\"position\":2,\"name\":\"Shop\",\"item\":\"https:\\\/\\\/audi-klaus.at\\\/shop\\\/\"},{\"@type\":\"ListItem\",\"position\":3,\"name\":\"Vw Fox\\\/5Z\\\/Polo\\\/9N Skoda Fabia\\\/1\\\/2 Radlager mit ABS NEU SKF VKBA 3568\"}]},{\"@type\":\"WebSite\",\"@id\":\"https:\\\/\\\/audi-klaus.at\\\/shop\\\/#website\",\"url\":\"https:\\\/\\\/audi-klaus.at\\\/shop\\\/\",\"name\":\"Audi-Klaus\",\"description\":\"Ihr Gebrauchtteile Spezialist f\u00fcr die Marken Audi, VW (VAG)\",\"publisher\":{\"@id\":\"https:\\\/\\\/audi-klaus.at\\\/shop\\\/#organization\"},\"potentialAction\":[{\"@type\":\"SearchAction\",\"target\":{\"@type\":\"EntryPoint\",\"urlTemplate\":\"https:\\\/\\\/audi-klaus.at\\\/shop\\\/?s={search_term_string}\"},\"query-input\":{\"@type\":\"PropertyValueSpecification\",\"valueRequired\":true,\"valueName\":\"search_term_string\"}}],\"inLanguage\":\"de-AT\"},{\"@type\":\"Organization\",\"@id\":\"https:\\\/\\\/audi-klaus.at\\\/shop\\\/#organization\",\"name\":\"Audi-Klaus\",\"url\":\"https:\\\/\\\/audi-klaus.at\\\/shop\\\/\",\"logo\":{\"@type\":\"ImageObject\",\"inLanguage\":\"de-AT\",\"@id\":\"https:\\\/\\\/audi-klaus.at\\\/shop\\\/#\\\/schema\\\/logo\\\/image\\\/\",\"url\":\"https:\\\/\\\/audi-klaus.at\\\/shop\\\/wp-content\\\/uploads\\\/2024\\\/10\\\/Logo-Shop.webp\",\"contentUrl\":\"https:\\\/\\\/audi-klaus.at\\\/shop\\\/wp-content\\\/uploads\\\/2024\\\/10\\\/Logo-Shop.webp\",\"width\":470,\"height\":164,\"caption\":\"Audi-Klaus\"},\"image\":{\"@id\":\"https:\\\/\\\/audi-klaus.at\\\/shop\\\/#\\\/schema\\\/logo\\\/image\\\/\"},\"sameAs\":[\"https:\\\/\\\/www.facebook.com\\\/audi.klaus.1312\\\/\",\"https:\\\/\\\/www.instagram.com\\\/audi_klaus\\\/?igshid=1eca3qu2mdayg\"]}]}<\/script>\n<!-- \/ Yoast SEO plugin. -->","yoast_head_json":{"title":"Vw Fox\/5Z\/Polo\/9N Skoda Fabia\/1\/2 Radlager mit ABS NEU SKF VKBA 3568 - Audi-Klaus","description":"Audi-Klaus Vw Fox\/5Z\/Polo\/9N Skoda Fabia\/1\/2 Radlager mit ABS NEU SKF VKBA 3568 - Vw Fox\/5Z\/Polo\/9N Skoda Fabia\/1\/2 Radlager mit ABS NEU SKF VKBA 3568","robots":{"index":"index","follow":"follow","max-snippet":"max-snippet:-1","max-image-preview":"max-image-preview:large","max-video-preview":"max-video-preview:-1"},"canonical":"https:\/\/audi-klaus.at\/shop\/produkt\/vw-fox-5z-polo-9n-skoda-fabia-1-2-radlager-mit-abs-neu-skf-vkba-3568\/","og_locale":"de_DE","og_type":"article","og_title":"Vw Fox\/5Z\/Polo\/9N Skoda Fabia\/1\/2 Radlager mit ABS NEU SKF VKBA 3568 - Audi-Klaus","og_description":"Audi-Klaus Vw Fox\/5Z\/Polo\/9N Skoda Fabia\/1\/2 Radlager mit ABS NEU SKF VKBA 3568 - Vw Fox\/5Z\/Polo\/9N Skoda Fabia\/1\/2 Radlager mit ABS NEU SKF VKBA 3568","og_url":"https:\/\/audi-klaus.at\/shop\/produkt\/vw-fox-5z-polo-9n-skoda-fabia-1-2-radlager-mit-abs-neu-skf-vkba-3568\/","og_site_name":"Audi-Klaus","article_publisher":"https:\/\/www.facebook.com\/audi.klaus.1312\/","article_modified_time":"2026-01-07T20:52:20+00:00","og_image":[{"width":418,"height":418,"url":"https:\/\/audi-klaus.at\/shop\/wp-content\/uploads\/2022\/07\/L196-2.jpg","type":"image\/jpeg"}],"twitter_card":"summary_large_image","twitter_misc":{"Gesch\u00e4tzte Lesezeit":"1 Minute"},"schema":{"@context":"https:\/\/schema.org","@graph":[{"@type":"WebPage","@id":"https:\/\/audi-klaus.at\/shop\/produkt\/vw-fox-5z-polo-9n-skoda-fabia-1-2-radlager-mit-abs-neu-skf-vkba-3568\/","url":"https:\/\/audi-klaus.at\/shop\/produkt\/vw-fox-5z-polo-9n-skoda-fabia-1-2-radlager-mit-abs-neu-skf-vkba-3568\/","name":"Vw Fox\/5Z\/Polo\/9N Skoda Fabia\/1\/2 Radlager mit ABS NEU SKF VKBA 3568 - Audi-Klaus","isPartOf":{"@id":"https:\/\/audi-klaus.at\/shop\/#website"},"primaryImageOfPage":{"@id":"https:\/\/audi-klaus.at\/shop\/produkt\/vw-fox-5z-polo-9n-skoda-fabia-1-2-radlager-mit-abs-neu-skf-vkba-3568\/#primaryimage"},"image":{"@id":"https:\/\/audi-klaus.at\/shop\/produkt\/vw-fox-5z-polo-9n-skoda-fabia-1-2-radlager-mit-abs-neu-skf-vkba-3568\/#primaryimage"},"thumbnailUrl":"https:\/\/audi-klaus.at\/shop\/wp-content\/uploads\/2022\/07\/L196-2.jpg","datePublished":"2022-07-13T08:31:20+00:00","dateModified":"2026-01-07T20:52:20+00:00","description":"Audi-Klaus Vw Fox\/5Z\/Polo\/9N Skoda Fabia\/1\/2 Radlager mit ABS NEU SKF VKBA 3568 - Vw Fox\/5Z\/Polo\/9N Skoda Fabia\/1\/2 Radlager mit ABS NEU SKF VKBA 3568","breadcrumb":{"@id":"https:\/\/audi-klaus.at\/shop\/produkt\/vw-fox-5z-polo-9n-skoda-fabia-1-2-radlager-mit-abs-neu-skf-vkba-3568\/#breadcrumb"},"inLanguage":"de-AT","potentialAction":[{"@type":"ReadAction","target":["https:\/\/audi-klaus.at\/shop\/produkt\/vw-fox-5z-polo-9n-skoda-fabia-1-2-radlager-mit-abs-neu-skf-vkba-3568\/"]}]},{"@type":"ImageObject","inLanguage":"de-AT","@id":"https:\/\/audi-klaus.at\/shop\/produkt\/vw-fox-5z-polo-9n-skoda-fabia-1-2-radlager-mit-abs-neu-skf-vkba-3568\/#primaryimage","url":"https:\/\/audi-klaus.at\/shop\/wp-content\/uploads\/2022\/07\/L196-2.jpg","contentUrl":"https:\/\/audi-klaus.at\/shop\/wp-content\/uploads\/2022\/07\/L196-2.jpg","width":418,"height":418},{"@type":"BreadcrumbList","@id":"https:\/\/audi-klaus.at\/shop\/produkt\/vw-fox-5z-polo-9n-skoda-fabia-1-2-radlager-mit-abs-neu-skf-vkba-3568\/#breadcrumb","itemListElement":[{"@type":"ListItem","position":1,"name":"Startseite","item":"https:\/\/audi-klaus.at\/shop\/"},{"@type":"ListItem","position":2,"name":"Shop","item":"https:\/\/audi-klaus.at\/shop\/"},{"@type":"ListItem","position":3,"name":"Vw Fox\/5Z\/Polo\/9N Skoda Fabia\/1\/2 Radlager mit ABS NEU SKF VKBA 3568"}]},{"@type":"WebSite","@id":"https:\/\/audi-klaus.at\/shop\/#website","url":"https:\/\/audi-klaus.at\/shop\/","name":"Audi-Klaus","description":"Ihr Gebrauchtteile Spezialist f\u00fcr die Marken Audi, VW (VAG)","publisher":{"@id":"https:\/\/audi-klaus.at\/shop\/#organization"},"potentialAction":[{"@type":"SearchAction","target":{"@type":"EntryPoint","urlTemplate":"https:\/\/audi-klaus.at\/shop\/?s={search_term_string}"},"query-input":{"@type":"PropertyValueSpecification","valueRequired":true,"valueName":"search_term_string"}}],"inLanguage":"de-AT"},{"@type":"Organization","@id":"https:\/\/audi-klaus.at\/shop\/#organization","name":"Audi-Klaus","url":"https:\/\/audi-klaus.at\/shop\/","logo":{"@type":"ImageObject","inLanguage":"de-AT","@id":"https:\/\/audi-klaus.at\/shop\/#\/schema\/logo\/image\/","url":"https:\/\/audi-klaus.at\/shop\/wp-content\/uploads\/2024\/10\/Logo-Shop.webp","contentUrl":"https:\/\/audi-klaus.at\/shop\/wp-content\/uploads\/2024\/10\/Logo-Shop.webp","width":470,"height":164,"caption":"Audi-Klaus"},"image":{"@id":"https:\/\/audi-klaus.at\/shop\/#\/schema\/logo\/image\/"},"sameAs":["https:\/\/www.facebook.com\/audi.klaus.1312\/","https:\/\/www.instagram.com\/audi_klaus\/?igshid=1eca3qu2mdayg"]}]}},"_links":{"self":[{"href":"https:\/\/audi-klaus.at\/shop\/wp-json\/wp\/v2\/product\/45450","targetHints":{"allow":["GET"]}}],"collection":[{"href":"https:\/\/audi-klaus.at\/shop\/wp-json\/wp\/v2\/product"}],"about":[{"href":"https:\/\/audi-klaus.at\/shop\/wp-json\/wp\/v2\/types\/product"}],"wp:featuredmedia":[{"embeddable":true,"href":"https:\/\/audi-klaus.at\/shop\/wp-json\/wp\/v2\/media\/45427"}],"wp:attachment":[{"href":"https:\/\/audi-klaus.at\/shop\/wp-json\/wp\/v2\/media?parent=45450"}],"wp:term":[{"taxonomy":"product_brand","embeddable":true,"href":"https:\/\/audi-klaus.at\/shop\/wp-json\/wp\/v2\/product_brand?post=45450"},{"taxonomy":"product_cat","embeddable":true,"href":"https:\/\/audi-klaus.at\/shop\/wp-json\/wp\/v2\/product_cat?post=45450"},{"taxonomy":"product_tag","embeddable":true,"href":"https:\/\/audi-klaus.at\/shop\/wp-json\/wp\/v2\/product_tag?post=45450"}],"curies":[{"name":"wp","href":"https:\/\/api.w.org\/{rel}","templated":true}]}}