{"id":45358,"date":"2022-07-11T12:14:42","date_gmt":"2022-07-11T10:14:42","guid":{"rendered":"https:\/\/audi-klaus.at\/shop\/?post_type=product&#038;p=45358"},"modified":"2026-01-07T21:52:19","modified_gmt":"2026-01-07T20:52:19","slug":"audi-a4-b5-a6-c4-c5-80-b2-b3-b4-90-b2-b3-100-c1-c2-c3-c4-200-c2-c3-cabrio-coupe-achsmanschette-neu-431498203c-443407285a","status":"publish","type":"product","link":"https:\/\/audi-klaus.at\/shop\/produkt\/audi-a4-b5-a6-c4-c5-80-b2-b3-b4-90-b2-b3-100-c1-c2-c3-c4-200-c2-c3-cabrio-coupe-achsmanschette-neu-431498203c-443407285a\/","title":{"rendered":"Audi A4\/B5\/A6\/C4\/C5\/80\/B2\/B3\/B4\/90\/B2\/B3\/100\/C1\/C2\/C3\/C4\/200\/C2\/C3\/Cabrio\/Coup\u00e9 Achsmanschette NEU 431498203C\/443407285A"},"content":{"rendered":"<p><strong><span style=\"color: #000000\"><span style=\"font-family: Source Sans Pro, sans-serif\"><span style=\"font-size: medium\"><b>VAG Teilenummer<\/b><\/span><\/span><\/span><\/strong><span style=\"color: #000000\"><span style=\"font-family: Source Sans Pro, sans-serif\"><span style=\"font-size: medium\"><b>:<\/b><\/span><\/span><\/span> 431 498 203C, 443 407 285A<span style=\"font-family: Source Sans Pro, sans-serif\"><span style=\"font-size: medium\"><br \/>\n<\/span><\/span><strong><span style=\"color: #000000\"><span style=\"font-family: Source Sans Pro, sans-serif\"><span style=\"font-size: medium\"><b>Zustand:<\/b><\/span><\/span><\/span><\/strong><span style=\"color: #000000\"><span style=\"font-family: Source Sans Pro, sans-serif\"><span style=\"font-size: medium\"> Neu<\/span><\/span><\/span><span style=\"font-family: Source Sans Pro, sans-serif\"><span style=\"font-size: medium\"><br \/>\n<\/span><\/span><strong><span style=\"color: #000000\"><span style=\"font-family: Source Sans Pro, sans-serif\"><span style=\"font-size: medium\"><b>Lieferumfang:<\/b><\/span><\/span><\/span><\/strong> <span style=\"color: #000000\"><span style=\"font-family: Source Sans Pro, sans-serif\"><span style=\"font-size: medium\">wie in den Original-Abbildungen angegeben<\/span><\/span><\/span><span style=\"font-family: Source Sans Pro, sans-serif\"><span style=\"font-size: medium\"><br \/>\n<\/span><\/span><span style=\"color: #000000\"><span style=\"font-family: Source Sans Pro, sans-serif\"><span style=\"font-size: medium\">Hinweis: Bitte \u00fcberpr\u00fcfen Sie vor dem Kauf anhand der eindeutigen Teilenummern, ob der Artikel zum Fahrzeug passt, um R\u00fccksendungen zu vermeiden! Trotz Angabe der entsprechenden Fahrzeugdaten ist eine eindeutige Zuordnung nur \u00fcber die Teilenummer m\u00f6glich! Die abgelesene Teilenummer ist die Teilenummer des Teils, welches geliefert wird. Die Originalteilnummer ist diejenige, die bei Neubestellung f\u00fcr dieses Teil gilt und der m\u00f6glicherweise abweichenden, gelieferten Teilenummer entspricht. Sollten weitere Fragen offen sein, kontaktieren Sie uns bitte unter <\/span><\/span><\/span><a href=\"mailto:office@audi-klaus.at\"><span style=\"font-family: Source Sans Pro, sans-serif\"><span style=\"font-size: medium\">office@audi-klaus.at<\/span><\/span><\/a><\/p>\n","protected":false},"excerpt":{"rendered":"<h5><strong><span style=\"color: #000000\"><span style=\"font-family: Source Sans Pro, sans-serif\"><span style=\"font-size: x-large\">Marke: Audi<br \/>\nModell: A4\/A6\/80\/90\/100\/200\/Cabrio\/Coup\u00e9<br \/>\nTyp: B5\/C4\/C5\/B2\/B3\/B4\/B2\/B3\/C1\/C2\/C3\/C4\/C2\/C3<\/span><\/span><\/span><\/strong><\/h5>\n","protected":false},"featured_media":45335,"template":"","meta":[],"product_brand":[],"product_cat":[299,393,155,309,403,166,319,497,167,329,32,507,168,339,78,586,169,349,80,587,170,370,81,595,171,372,82,605,218,385,83,228,386,85,238,387,154],"product_tag":[14255,14256,14252,14253,14254],"class_list":{"0":"post-45358","1":"product","2":"type-product","3":"status-publish","4":"has-post-thumbnail","6":"product_cat-vorder-hinterachse-b2-1984-1987","7":"product_cat-vorder-hinterachse-c2-1979-1982","8":"product_cat-155","9":"product_cat-vorder-hinterachse-b3-1987-1991","10":"product_cat-vorder-hinterachse-c2-1983-1991","11":"product_cat-b2-type81-85-1984-1987","12":"product_cat-vorder-hinterachse-c1-1969-1976","13":"product_cat-b5-1994-2001","14":"product_cat-b3-1987-1991","15":"product_cat-vorder-hinterachse-c2-1976-1982","16":"product_cat-audi","17":"product_cat-vorder-hinterachse-b5-1994-2001","18":"product_cat-c1-1969-1976","19":"product_cat-vorder-hinterachse-c3-1982-1990","20":"product_cat-78","21":"product_cat-c4-4a-1994-1997","22":"product_cat-c2-typ43-1976-1982","23":"product_cat-vorder-hinterachse-c4-1991-1994","24":"product_cat-b2-typ81-85-78","25":"product_cat-c5-4b-1997-2005","26":"product_cat-c3-typ44-1982-1990","27":"product_cat-a4","28":"product_cat-b3-86","29":"product_cat-vorder-hinterachse-c4-1994-1997","30":"product_cat-c4-1991-1994","31":"product_cat-a6","32":"product_cat-b4-91","33":"product_cat-vorder-hinterachse-c5-1997-2005","34":"product_cat-vorder-hinterachse-b2-78","35":"product_cat-385","36":"product_cat-cabrio80","37":"product_cat-vorder-hinterachse-b3-86","38":"product_cat-c2-typ43-1979-1982","39":"product_cat-coupe80","40":"product_cat-vorder-hinterachse-b4-91","41":"product_cat-c3-typ44-1983-1991","42":"product_cat-154","43":"product_tag-14255","44":"product_tag-l190","45":"product_tag-431498203c","46":"product_tag-14253","47":"product_tag-443407285a","49":"first","50":"outofstock","51":"taxable","52":"shipping-taxable","53":"purchasable","54":"product-type-simple"},"yoast_head":"<!-- This site is optimized with the Yoast SEO plugin v27.4 - https:\/\/yoast.com\/product\/yoast-seo-wordpress\/ -->\n<title>Audi A4\/B5\/A6\/C4\/C5\/80\/B2\/B3\/B4\/90\/B2\/B3\/100\/C1\/C2\/C3\/C4\/200\/C2\/C3\/Cabrio\/Coup\u00e9 Achsmanschette NEU 431498203C\/443407285A - Audi-Klaus<\/title>\n<meta name=\"description\" content=\"Audi-Klaus Audi A4\/B5\/A6\/C4\/C5\/80\/B2\/B3\/B4\/90\/B2\/B3\/100\/C1\/C2\/C3\/C4\/200\/C2\/C3\/Cabrio\/Coup\u00e9 Achsmanschette NEU 431498203C\/443407285A -\" \/>\n<meta name=\"robots\" content=\"index, follow, max-snippet:-1, max-image-preview:large, max-video-preview:-1\" \/>\n<link rel=\"canonical\" href=\"https:\/\/audi-klaus.at\/shop\/produkt\/audi-a4-b5-a6-c4-c5-80-b2-b3-b4-90-b2-b3-100-c1-c2-c3-c4-200-c2-c3-cabrio-coupe-achsmanschette-neu-431498203c-443407285a\/\" \/>\n<meta property=\"og:locale\" content=\"de_DE\" \/>\n<meta property=\"og:type\" content=\"article\" \/>\n<meta property=\"og:title\" content=\"Audi A4\/B5\/A6\/C4\/C5\/80\/B2\/B3\/B4\/90\/B2\/B3\/100\/C1\/C2\/C3\/C4\/200\/C2\/C3\/Cabrio\/Coup\u00e9 Achsmanschette NEU 431498203C\/443407285A - Audi-Klaus\" \/>\n<meta property=\"og:description\" content=\"Audi-Klaus Audi A4\/B5\/A6\/C4\/C5\/80\/B2\/B3\/B4\/90\/B2\/B3\/100\/C1\/C2\/C3\/C4\/200\/C2\/C3\/Cabrio\/Coup\u00e9 Achsmanschette NEU 431498203C\/443407285A -\" \/>\n<meta property=\"og:url\" content=\"https:\/\/audi-klaus.at\/shop\/produkt\/audi-a4-b5-a6-c4-c5-80-b2-b3-b4-90-b2-b3-100-c1-c2-c3-c4-200-c2-c3-cabrio-coupe-achsmanschette-neu-431498203c-443407285a\/\" \/>\n<meta property=\"og:site_name\" content=\"Audi-Klaus\" \/>\n<meta property=\"article:publisher\" content=\"https:\/\/www.facebook.com\/audi.klaus.1312\/\" \/>\n<meta property=\"article:modified_time\" content=\"2026-01-07T20:52:19+00:00\" \/>\n<meta property=\"og:image\" content=\"https:\/\/audi-klaus.at\/shop\/wp-content\/uploads\/2022\/07\/L190.jpg\" \/>\n\t<meta property=\"og:image:width\" content=\"418\" \/>\n\t<meta property=\"og:image:height\" content=\"418\" \/>\n\t<meta property=\"og:image:type\" content=\"image\/jpeg\" \/>\n<meta name=\"twitter:card\" content=\"summary_large_image\" \/>\n<meta name=\"twitter:label1\" content=\"Gesch\u00e4tzte Lesezeit\" \/>\n\t<meta name=\"twitter:data1\" content=\"1 Minute\" \/>\n<script type=\"application\/ld+json\" class=\"yoast-schema-graph\">{\"@context\":\"https:\\\/\\\/schema.org\",\"@graph\":[{\"@type\":\"WebPage\",\"@id\":\"https:\\\/\\\/audi-klaus.at\\\/shop\\\/produkt\\\/audi-a4-b5-a6-c4-c5-80-b2-b3-b4-90-b2-b3-100-c1-c2-c3-c4-200-c2-c3-cabrio-coupe-achsmanschette-neu-431498203c-443407285a\\\/\",\"url\":\"https:\\\/\\\/audi-klaus.at\\\/shop\\\/produkt\\\/audi-a4-b5-a6-c4-c5-80-b2-b3-b4-90-b2-b3-100-c1-c2-c3-c4-200-c2-c3-cabrio-coupe-achsmanschette-neu-431498203c-443407285a\\\/\",\"name\":\"Audi A4\\\/B5\\\/A6\\\/C4\\\/C5\\\/80\\\/B2\\\/B3\\\/B4\\\/90\\\/B2\\\/B3\\\/100\\\/C1\\\/C2\\\/C3\\\/C4\\\/200\\\/C2\\\/C3\\\/Cabrio\\\/Coup\u00e9 Achsmanschette NEU 431498203C\\\/443407285A - Audi-Klaus\",\"isPartOf\":{\"@id\":\"https:\\\/\\\/audi-klaus.at\\\/shop\\\/#website\"},\"primaryImageOfPage\":{\"@id\":\"https:\\\/\\\/audi-klaus.at\\\/shop\\\/produkt\\\/audi-a4-b5-a6-c4-c5-80-b2-b3-b4-90-b2-b3-100-c1-c2-c3-c4-200-c2-c3-cabrio-coupe-achsmanschette-neu-431498203c-443407285a\\\/#primaryimage\"},\"image\":{\"@id\":\"https:\\\/\\\/audi-klaus.at\\\/shop\\\/produkt\\\/audi-a4-b5-a6-c4-c5-80-b2-b3-b4-90-b2-b3-100-c1-c2-c3-c4-200-c2-c3-cabrio-coupe-achsmanschette-neu-431498203c-443407285a\\\/#primaryimage\"},\"thumbnailUrl\":\"https:\\\/\\\/audi-klaus.at\\\/shop\\\/wp-content\\\/uploads\\\/2022\\\/07\\\/L190.jpg\",\"datePublished\":\"2022-07-11T10:14:42+00:00\",\"dateModified\":\"2026-01-07T20:52:19+00:00\",\"description\":\"Audi-Klaus Audi A4\\\/B5\\\/A6\\\/C4\\\/C5\\\/80\\\/B2\\\/B3\\\/B4\\\/90\\\/B2\\\/B3\\\/100\\\/C1\\\/C2\\\/C3\\\/C4\\\/200\\\/C2\\\/C3\\\/Cabrio\\\/Coup\u00e9 Achsmanschette NEU 431498203C\\\/443407285A -\",\"breadcrumb\":{\"@id\":\"https:\\\/\\\/audi-klaus.at\\\/shop\\\/produkt\\\/audi-a4-b5-a6-c4-c5-80-b2-b3-b4-90-b2-b3-100-c1-c2-c3-c4-200-c2-c3-cabrio-coupe-achsmanschette-neu-431498203c-443407285a\\\/#breadcrumb\"},\"inLanguage\":\"de-AT\",\"potentialAction\":[{\"@type\":\"ReadAction\",\"target\":[\"https:\\\/\\\/audi-klaus.at\\\/shop\\\/produkt\\\/audi-a4-b5-a6-c4-c5-80-b2-b3-b4-90-b2-b3-100-c1-c2-c3-c4-200-c2-c3-cabrio-coupe-achsmanschette-neu-431498203c-443407285a\\\/\"]}]},{\"@type\":\"ImageObject\",\"inLanguage\":\"de-AT\",\"@id\":\"https:\\\/\\\/audi-klaus.at\\\/shop\\\/produkt\\\/audi-a4-b5-a6-c4-c5-80-b2-b3-b4-90-b2-b3-100-c1-c2-c3-c4-200-c2-c3-cabrio-coupe-achsmanschette-neu-431498203c-443407285a\\\/#primaryimage\",\"url\":\"https:\\\/\\\/audi-klaus.at\\\/shop\\\/wp-content\\\/uploads\\\/2022\\\/07\\\/L190.jpg\",\"contentUrl\":\"https:\\\/\\\/audi-klaus.at\\\/shop\\\/wp-content\\\/uploads\\\/2022\\\/07\\\/L190.jpg\",\"width\":418,\"height\":418},{\"@type\":\"BreadcrumbList\",\"@id\":\"https:\\\/\\\/audi-klaus.at\\\/shop\\\/produkt\\\/audi-a4-b5-a6-c4-c5-80-b2-b3-b4-90-b2-b3-100-c1-c2-c3-c4-200-c2-c3-cabrio-coupe-achsmanschette-neu-431498203c-443407285a\\\/#breadcrumb\",\"itemListElement\":[{\"@type\":\"ListItem\",\"position\":1,\"name\":\"Startseite\",\"item\":\"https:\\\/\\\/audi-klaus.at\\\/shop\\\/\"},{\"@type\":\"ListItem\",\"position\":2,\"name\":\"Shop\",\"item\":\"https:\\\/\\\/audi-klaus.at\\\/shop\\\/\"},{\"@type\":\"ListItem\",\"position\":3,\"name\":\"Audi A4\\\/B5\\\/A6\\\/C4\\\/C5\\\/80\\\/B2\\\/B3\\\/B4\\\/90\\\/B2\\\/B3\\\/100\\\/C1\\\/C2\\\/C3\\\/C4\\\/200\\\/C2\\\/C3\\\/Cabrio\\\/Coup\u00e9 Achsmanschette NEU 431498203C\\\/443407285A\"}]},{\"@type\":\"WebSite\",\"@id\":\"https:\\\/\\\/audi-klaus.at\\\/shop\\\/#website\",\"url\":\"https:\\\/\\\/audi-klaus.at\\\/shop\\\/\",\"name\":\"Audi-Klaus\",\"description\":\"Ihr Gebrauchtteile Spezialist f\u00fcr die Marken Audi, VW (VAG)\",\"publisher\":{\"@id\":\"https:\\\/\\\/audi-klaus.at\\\/shop\\\/#organization\"},\"potentialAction\":[{\"@type\":\"SearchAction\",\"target\":{\"@type\":\"EntryPoint\",\"urlTemplate\":\"https:\\\/\\\/audi-klaus.at\\\/shop\\\/?s={search_term_string}\"},\"query-input\":{\"@type\":\"PropertyValueSpecification\",\"valueRequired\":true,\"valueName\":\"search_term_string\"}}],\"inLanguage\":\"de-AT\"},{\"@type\":\"Organization\",\"@id\":\"https:\\\/\\\/audi-klaus.at\\\/shop\\\/#organization\",\"name\":\"Audi-Klaus\",\"url\":\"https:\\\/\\\/audi-klaus.at\\\/shop\\\/\",\"logo\":{\"@type\":\"ImageObject\",\"inLanguage\":\"de-AT\",\"@id\":\"https:\\\/\\\/audi-klaus.at\\\/shop\\\/#\\\/schema\\\/logo\\\/image\\\/\",\"url\":\"https:\\\/\\\/audi-klaus.at\\\/shop\\\/wp-content\\\/uploads\\\/2024\\\/10\\\/Logo-Shop.webp\",\"contentUrl\":\"https:\\\/\\\/audi-klaus.at\\\/shop\\\/wp-content\\\/uploads\\\/2024\\\/10\\\/Logo-Shop.webp\",\"width\":470,\"height\":164,\"caption\":\"Audi-Klaus\"},\"image\":{\"@id\":\"https:\\\/\\\/audi-klaus.at\\\/shop\\\/#\\\/schema\\\/logo\\\/image\\\/\"},\"sameAs\":[\"https:\\\/\\\/www.facebook.com\\\/audi.klaus.1312\\\/\",\"https:\\\/\\\/www.instagram.com\\\/audi_klaus\\\/?igshid=1eca3qu2mdayg\"]}]}<\/script>\n<!-- \/ Yoast SEO plugin. -->","yoast_head_json":{"title":"Audi A4\/B5\/A6\/C4\/C5\/80\/B2\/B3\/B4\/90\/B2\/B3\/100\/C1\/C2\/C3\/C4\/200\/C2\/C3\/Cabrio\/Coup\u00e9 Achsmanschette NEU 431498203C\/443407285A - Audi-Klaus","description":"Audi-Klaus Audi A4\/B5\/A6\/C4\/C5\/80\/B2\/B3\/B4\/90\/B2\/B3\/100\/C1\/C2\/C3\/C4\/200\/C2\/C3\/Cabrio\/Coup\u00e9 Achsmanschette NEU 431498203C\/443407285A -","robots":{"index":"index","follow":"follow","max-snippet":"max-snippet:-1","max-image-preview":"max-image-preview:large","max-video-preview":"max-video-preview:-1"},"canonical":"https:\/\/audi-klaus.at\/shop\/produkt\/audi-a4-b5-a6-c4-c5-80-b2-b3-b4-90-b2-b3-100-c1-c2-c3-c4-200-c2-c3-cabrio-coupe-achsmanschette-neu-431498203c-443407285a\/","og_locale":"de_DE","og_type":"article","og_title":"Audi A4\/B5\/A6\/C4\/C5\/80\/B2\/B3\/B4\/90\/B2\/B3\/100\/C1\/C2\/C3\/C4\/200\/C2\/C3\/Cabrio\/Coup\u00e9 Achsmanschette NEU 431498203C\/443407285A - Audi-Klaus","og_description":"Audi-Klaus Audi A4\/B5\/A6\/C4\/C5\/80\/B2\/B3\/B4\/90\/B2\/B3\/100\/C1\/C2\/C3\/C4\/200\/C2\/C3\/Cabrio\/Coup\u00e9 Achsmanschette NEU 431498203C\/443407285A -","og_url":"https:\/\/audi-klaus.at\/shop\/produkt\/audi-a4-b5-a6-c4-c5-80-b2-b3-b4-90-b2-b3-100-c1-c2-c3-c4-200-c2-c3-cabrio-coupe-achsmanschette-neu-431498203c-443407285a\/","og_site_name":"Audi-Klaus","article_publisher":"https:\/\/www.facebook.com\/audi.klaus.1312\/","article_modified_time":"2026-01-07T20:52:19+00:00","og_image":[{"width":418,"height":418,"url":"https:\/\/audi-klaus.at\/shop\/wp-content\/uploads\/2022\/07\/L190.jpg","type":"image\/jpeg"}],"twitter_card":"summary_large_image","twitter_misc":{"Gesch\u00e4tzte Lesezeit":"1 Minute"},"schema":{"@context":"https:\/\/schema.org","@graph":[{"@type":"WebPage","@id":"https:\/\/audi-klaus.at\/shop\/produkt\/audi-a4-b5-a6-c4-c5-80-b2-b3-b4-90-b2-b3-100-c1-c2-c3-c4-200-c2-c3-cabrio-coupe-achsmanschette-neu-431498203c-443407285a\/","url":"https:\/\/audi-klaus.at\/shop\/produkt\/audi-a4-b5-a6-c4-c5-80-b2-b3-b4-90-b2-b3-100-c1-c2-c3-c4-200-c2-c3-cabrio-coupe-achsmanschette-neu-431498203c-443407285a\/","name":"Audi A4\/B5\/A6\/C4\/C5\/80\/B2\/B3\/B4\/90\/B2\/B3\/100\/C1\/C2\/C3\/C4\/200\/C2\/C3\/Cabrio\/Coup\u00e9 Achsmanschette NEU 431498203C\/443407285A - Audi-Klaus","isPartOf":{"@id":"https:\/\/audi-klaus.at\/shop\/#website"},"primaryImageOfPage":{"@id":"https:\/\/audi-klaus.at\/shop\/produkt\/audi-a4-b5-a6-c4-c5-80-b2-b3-b4-90-b2-b3-100-c1-c2-c3-c4-200-c2-c3-cabrio-coupe-achsmanschette-neu-431498203c-443407285a\/#primaryimage"},"image":{"@id":"https:\/\/audi-klaus.at\/shop\/produkt\/audi-a4-b5-a6-c4-c5-80-b2-b3-b4-90-b2-b3-100-c1-c2-c3-c4-200-c2-c3-cabrio-coupe-achsmanschette-neu-431498203c-443407285a\/#primaryimage"},"thumbnailUrl":"https:\/\/audi-klaus.at\/shop\/wp-content\/uploads\/2022\/07\/L190.jpg","datePublished":"2022-07-11T10:14:42+00:00","dateModified":"2026-01-07T20:52:19+00:00","description":"Audi-Klaus Audi A4\/B5\/A6\/C4\/C5\/80\/B2\/B3\/B4\/90\/B2\/B3\/100\/C1\/C2\/C3\/C4\/200\/C2\/C3\/Cabrio\/Coup\u00e9 Achsmanschette NEU 431498203C\/443407285A -","breadcrumb":{"@id":"https:\/\/audi-klaus.at\/shop\/produkt\/audi-a4-b5-a6-c4-c5-80-b2-b3-b4-90-b2-b3-100-c1-c2-c3-c4-200-c2-c3-cabrio-coupe-achsmanschette-neu-431498203c-443407285a\/#breadcrumb"},"inLanguage":"de-AT","potentialAction":[{"@type":"ReadAction","target":["https:\/\/audi-klaus.at\/shop\/produkt\/audi-a4-b5-a6-c4-c5-80-b2-b3-b4-90-b2-b3-100-c1-c2-c3-c4-200-c2-c3-cabrio-coupe-achsmanschette-neu-431498203c-443407285a\/"]}]},{"@type":"ImageObject","inLanguage":"de-AT","@id":"https:\/\/audi-klaus.at\/shop\/produkt\/audi-a4-b5-a6-c4-c5-80-b2-b3-b4-90-b2-b3-100-c1-c2-c3-c4-200-c2-c3-cabrio-coupe-achsmanschette-neu-431498203c-443407285a\/#primaryimage","url":"https:\/\/audi-klaus.at\/shop\/wp-content\/uploads\/2022\/07\/L190.jpg","contentUrl":"https:\/\/audi-klaus.at\/shop\/wp-content\/uploads\/2022\/07\/L190.jpg","width":418,"height":418},{"@type":"BreadcrumbList","@id":"https:\/\/audi-klaus.at\/shop\/produkt\/audi-a4-b5-a6-c4-c5-80-b2-b3-b4-90-b2-b3-100-c1-c2-c3-c4-200-c2-c3-cabrio-coupe-achsmanschette-neu-431498203c-443407285a\/#breadcrumb","itemListElement":[{"@type":"ListItem","position":1,"name":"Startseite","item":"https:\/\/audi-klaus.at\/shop\/"},{"@type":"ListItem","position":2,"name":"Shop","item":"https:\/\/audi-klaus.at\/shop\/"},{"@type":"ListItem","position":3,"name":"Audi A4\/B5\/A6\/C4\/C5\/80\/B2\/B3\/B4\/90\/B2\/B3\/100\/C1\/C2\/C3\/C4\/200\/C2\/C3\/Cabrio\/Coup\u00e9 Achsmanschette NEU 431498203C\/443407285A"}]},{"@type":"WebSite","@id":"https:\/\/audi-klaus.at\/shop\/#website","url":"https:\/\/audi-klaus.at\/shop\/","name":"Audi-Klaus","description":"Ihr Gebrauchtteile Spezialist f\u00fcr die Marken Audi, VW (VAG)","publisher":{"@id":"https:\/\/audi-klaus.at\/shop\/#organization"},"potentialAction":[{"@type":"SearchAction","target":{"@type":"EntryPoint","urlTemplate":"https:\/\/audi-klaus.at\/shop\/?s={search_term_string}"},"query-input":{"@type":"PropertyValueSpecification","valueRequired":true,"valueName":"search_term_string"}}],"inLanguage":"de-AT"},{"@type":"Organization","@id":"https:\/\/audi-klaus.at\/shop\/#organization","name":"Audi-Klaus","url":"https:\/\/audi-klaus.at\/shop\/","logo":{"@type":"ImageObject","inLanguage":"de-AT","@id":"https:\/\/audi-klaus.at\/shop\/#\/schema\/logo\/image\/","url":"https:\/\/audi-klaus.at\/shop\/wp-content\/uploads\/2024\/10\/Logo-Shop.webp","contentUrl":"https:\/\/audi-klaus.at\/shop\/wp-content\/uploads\/2024\/10\/Logo-Shop.webp","width":470,"height":164,"caption":"Audi-Klaus"},"image":{"@id":"https:\/\/audi-klaus.at\/shop\/#\/schema\/logo\/image\/"},"sameAs":["https:\/\/www.facebook.com\/audi.klaus.1312\/","https:\/\/www.instagram.com\/audi_klaus\/?igshid=1eca3qu2mdayg"]}]}},"_links":{"self":[{"href":"https:\/\/audi-klaus.at\/shop\/wp-json\/wp\/v2\/product\/45358","targetHints":{"allow":["GET"]}}],"collection":[{"href":"https:\/\/audi-klaus.at\/shop\/wp-json\/wp\/v2\/product"}],"about":[{"href":"https:\/\/audi-klaus.at\/shop\/wp-json\/wp\/v2\/types\/product"}],"wp:featuredmedia":[{"embeddable":true,"href":"https:\/\/audi-klaus.at\/shop\/wp-json\/wp\/v2\/media\/45335"}],"wp:attachment":[{"href":"https:\/\/audi-klaus.at\/shop\/wp-json\/wp\/v2\/media?parent=45358"}],"wp:term":[{"taxonomy":"product_brand","embeddable":true,"href":"https:\/\/audi-klaus.at\/shop\/wp-json\/wp\/v2\/product_brand?post=45358"},{"taxonomy":"product_cat","embeddable":true,"href":"https:\/\/audi-klaus.at\/shop\/wp-json\/wp\/v2\/product_cat?post=45358"},{"taxonomy":"product_tag","embeddable":true,"href":"https:\/\/audi-klaus.at\/shop\/wp-json\/wp\/v2\/product_tag?post=45358"}],"curies":[{"name":"wp","href":"https:\/\/api.w.org\/{rel}","templated":true}]}}