{"id":45320,"date":"2022-07-11T11:12:54","date_gmt":"2022-07-11T09:12:54","guid":{"rendered":"https:\/\/audi-klaus.at\/shop\/?post_type=product&#038;p=45320"},"modified":"2026-01-07T21:52:18","modified_gmt":"2026-01-07T20:52:18","slug":"vw-golf-1-2-3-jetta-1-2-passat-b2-b3-b4-santana-b2-vento-bremmstrommel-neu-1h0501615","status":"publish","type":"product","link":"https:\/\/audi-klaus.at\/shop\/produkt\/vw-golf-1-2-3-jetta-1-2-passat-b2-b3-b4-santana-b2-vento-bremmstrommel-neu-1h0501615\/","title":{"rendered":"Vw Golf\/1\/2\/3\/Jetta\/1\/2\/Passat\/B2\/B3\/B4\/Santana\/B2\/Vento Bremmstrommel NEU 1H0501615A"},"content":{"rendered":"<p><strong><span style=\"color: #000000;\"><span style=\"font-family: Source Sans Pro, sans-serif;\"><span style=\"font-size: medium;\"><b>VAG Teilenummer<\/b><\/span><\/span><\/span><\/strong><span style=\"color: #000000;\"><span style=\"font-family: Source Sans Pro, sans-serif;\"><span style=\"font-size: medium;\"><b>:<\/b><\/span><\/span><\/span> 1H0 501 615A<span style=\"font-family: Source Sans Pro, sans-serif;\"><span style=\"font-size: medium;\"><br \/>\n<\/span><\/span><strong><span style=\"color: #000000;\"><span style=\"font-family: Source Sans Pro, sans-serif;\"><span style=\"font-size: medium;\"><b>Zustand:<\/b><\/span><\/span><\/span><\/strong><span style=\"color: #000000;\"><span style=\"font-family: Source Sans Pro, sans-serif;\"><span style=\"font-size: medium;\"> Neu<\/span><\/span><\/span><span style=\"font-family: Source Sans Pro, sans-serif;\"><span style=\"font-size: medium;\"><br \/>\n<\/span><\/span><strong><span style=\"color: #000000;\"><span style=\"font-family: Source Sans Pro, sans-serif;\"><span style=\"font-size: medium;\"><b>Lieferumfang:<\/b><\/span><\/span><\/span><\/strong> <span style=\"color: #000000;\"><span style=\"font-family: Source Sans Pro, sans-serif;\"><span style=\"font-size: medium;\">wie in den Original-Abbildungen angegeben<\/span><\/span><\/span><span style=\"font-family: Source Sans Pro, sans-serif;\"><span style=\"font-size: medium;\"><br \/>\n<\/span><\/span><span style=\"color: #000000;\"><span style=\"font-family: Source Sans Pro, sans-serif;\"><span style=\"font-size: medium;\">Hinweis: Bitte \u00fcberpr\u00fcfen Sie vor dem Kauf anhand der eindeutigen Teilenummern, ob der Artikel zum Fahrzeug passt, um R\u00fccksendungen zu vermeiden! Trotz Angabe der entsprechenden Fahrzeugdaten ist eine eindeutige Zuordnung nur \u00fcber die Teilenummer m\u00f6glich! Die abgelesene Teilenummer ist die Teilenummer des Teils, welches geliefert wird. Die Originalteilnummer ist diejenige, die bei Neubestellung f\u00fcr dieses Teil gilt und der m\u00f6glicherweise abweichenden, gelieferten Teilenummer entspricht. Sollten weitere Fragen offen sein, kontaktieren Sie uns bitte unter <\/span><\/span><\/span><a href=\"mailto:office@audi-klaus.at\"><span style=\"font-family: Source Sans Pro, sans-serif;\"><span style=\"font-size: medium;\">office@audi-klaus.at<\/span><\/span><\/a><\/p>\n","protected":false},"excerpt":{"rendered":"<p><strong><span style=\"color: #000000; font-family: Source Sans Pro, sans-serif; font-size: x-large;\">Marke: Vw<\/span><br \/>\n<span style=\"color: #000000; font-family: Source Sans Pro, sans-serif; font-size: x-large;\">Modell:\u00a0Golf\/Jetta\/Passat\/Santana\/Vento<\/span><br \/>\n<span style=\"color: #000000; font-family: Source Sans Pro, sans-serif; font-size: x-large;\">Typ: 1\/2\/3\/1\/2\/B2\/B3\/B4\/B2<\/span><\/strong><\/p>\n","protected":false},"featured_media":45323,"template":"","meta":[],"product_brand":[],"product_cat":[1209,1645,1165,1230,1655,1167,1231,1665,1168,1232,1725,1176,1238,2497,1177,1273,2505,1193,1283,1194,1293,1195,1385,1204,1395,1205,1435,1164],"product_tag":[14234,14235,15088],"class_list":{"0":"post-45320","1":"product","2":"type-product","3":"status-publish","4":"has-post-thumbnail","6":"product_cat-1h5-1991-1998","7":"product_cat-vorder-hinterachse-b2-32b-1980-1988","8":"product_cat-golf","9":"product_cat-b2-32b-1980-1988","10":"product_cat-vorder-hinterachse-b3-35i-1988-1993","11":"product_cat-jetta","12":"product_cat-b3-35i-1988-1993","13":"product_cat-vorder-hinterachse-b4-3a-1993-1997","14":"product_cat-vento","15":"product_cat-b4-3a-1993-1997","16":"product_cat-vorder-hinterachse-b2-1981","17":"product_cat-passat","18":"product_cat-b2-1981","19":"product_cat-servicematerial","20":"product_cat-santana","21":"product_cat-vorder-hinterachse-1-171-1974-1985","22":"product_cat-bremsen","23":"product_cat-1-171-1974-1985","24":"product_cat-vorder-hinterachse-2-191-1983-1992","25":"product_cat-2-191-1983-1992","26":"product_cat-vorder-hinterachse-3-1h-1990-1998","27":"product_cat-3-1h-1990-1998","28":"product_cat-vorder-hinterachse-1-161-1978-1987","29":"product_cat-1-161-1978-1987","30":"product_cat-vorder-hinterachse-2-165-1983-1992","31":"product_cat-2-165-1983-1992","32":"product_cat-vorder-hinterachse-1h5-1991-1998","33":"product_cat-vw","34":"product_tag-1h0501615","35":"product_tag-b184","36":"product_tag-1h0501615a","38":"first","39":"outofstock","40":"taxable","41":"shipping-taxable","42":"purchasable","43":"product-type-simple"},"yoast_head":"<!-- This site is optimized with the Yoast SEO plugin v27.5 - https:\/\/yoast.com\/product\/yoast-seo-wordpress\/ -->\n<title>Vw Golf\/1\/2\/3\/Jetta\/1\/2\/Passat\/B2\/B3\/B4\/Santana\/B2\/Vento Bremmstrommel NEU 1H0501615A - Audi-Klaus<\/title>\n<meta name=\"description\" content=\"Audi-Klaus Vw Golf\/1\/2\/3\/Jetta\/1\/2\/Passat\/B2\/B3\/B4\/Santana\/B2\/Vento Bremmstrommel NEU 1H0501615A - Vw Golf\/1\/2\/3\/Jetta\/1\/2\/Passat\/B2\/B3\/B4\/Vento Bremmstrommel NEU 1H0501615\" \/>\n<meta name=\"robots\" content=\"index, follow, max-snippet:-1, max-image-preview:large, max-video-preview:-1\" \/>\n<link rel=\"canonical\" href=\"https:\/\/audi-klaus.at\/shop\/produkt\/vw-golf-1-2-3-jetta-1-2-passat-b2-b3-b4-santana-b2-vento-bremmstrommel-neu-1h0501615\/\" \/>\n<meta property=\"og:locale\" content=\"de_DE\" \/>\n<meta property=\"og:type\" content=\"article\" \/>\n<meta property=\"og:title\" content=\"Vw Golf\/1\/2\/3\/Jetta\/1\/2\/Passat\/B2\/B3\/B4\/Santana\/B2\/Vento Bremmstrommel NEU 1H0501615A - Audi-Klaus\" \/>\n<meta property=\"og:description\" content=\"Audi-Klaus Vw Golf\/1\/2\/3\/Jetta\/1\/2\/Passat\/B2\/B3\/B4\/Santana\/B2\/Vento Bremmstrommel NEU 1H0501615A - Vw Golf\/1\/2\/3\/Jetta\/1\/2\/Passat\/B2\/B3\/B4\/Vento Bremmstrommel NEU 1H0501615\" \/>\n<meta property=\"og:url\" content=\"https:\/\/audi-klaus.at\/shop\/produkt\/vw-golf-1-2-3-jetta-1-2-passat-b2-b3-b4-santana-b2-vento-bremmstrommel-neu-1h0501615\/\" \/>\n<meta property=\"og:site_name\" content=\"Audi-Klaus\" \/>\n<meta property=\"article:publisher\" content=\"https:\/\/www.facebook.com\/audi.klaus.1312\/\" \/>\n<meta property=\"article:modified_time\" content=\"2026-01-07T20:52:18+00:00\" \/>\n<meta property=\"og:image\" content=\"https:\/\/audi-klaus.at\/shop\/wp-content\/uploads\/2022\/07\/B184-3.jpg\" \/>\n\t<meta property=\"og:image:width\" content=\"418\" \/>\n\t<meta property=\"og:image:height\" content=\"418\" \/>\n\t<meta property=\"og:image:type\" content=\"image\/jpeg\" \/>\n<meta name=\"twitter:card\" content=\"summary_large_image\" \/>\n<meta name=\"twitter:label1\" content=\"Gesch\u00e4tzte Lesezeit\" \/>\n\t<meta name=\"twitter:data1\" content=\"1 Minute\" \/>\n<script type=\"application\/ld+json\" class=\"yoast-schema-graph\">{\"@context\":\"https:\\\/\\\/schema.org\",\"@graph\":[{\"@type\":\"WebPage\",\"@id\":\"https:\\\/\\\/audi-klaus.at\\\/shop\\\/produkt\\\/vw-golf-1-2-3-jetta-1-2-passat-b2-b3-b4-santana-b2-vento-bremmstrommel-neu-1h0501615\\\/\",\"url\":\"https:\\\/\\\/audi-klaus.at\\\/shop\\\/produkt\\\/vw-golf-1-2-3-jetta-1-2-passat-b2-b3-b4-santana-b2-vento-bremmstrommel-neu-1h0501615\\\/\",\"name\":\"Vw Golf\\\/1\\\/2\\\/3\\\/Jetta\\\/1\\\/2\\\/Passat\\\/B2\\\/B3\\\/B4\\\/Santana\\\/B2\\\/Vento Bremmstrommel NEU 1H0501615A - Audi-Klaus\",\"isPartOf\":{\"@id\":\"https:\\\/\\\/audi-klaus.at\\\/shop\\\/#website\"},\"primaryImageOfPage\":{\"@id\":\"https:\\\/\\\/audi-klaus.at\\\/shop\\\/produkt\\\/vw-golf-1-2-3-jetta-1-2-passat-b2-b3-b4-santana-b2-vento-bremmstrommel-neu-1h0501615\\\/#primaryimage\"},\"image\":{\"@id\":\"https:\\\/\\\/audi-klaus.at\\\/shop\\\/produkt\\\/vw-golf-1-2-3-jetta-1-2-passat-b2-b3-b4-santana-b2-vento-bremmstrommel-neu-1h0501615\\\/#primaryimage\"},\"thumbnailUrl\":\"https:\\\/\\\/audi-klaus.at\\\/shop\\\/wp-content\\\/uploads\\\/2022\\\/07\\\/B184-3.jpg\",\"datePublished\":\"2022-07-11T09:12:54+00:00\",\"dateModified\":\"2026-01-07T20:52:18+00:00\",\"description\":\"Audi-Klaus Vw Golf\\\/1\\\/2\\\/3\\\/Jetta\\\/1\\\/2\\\/Passat\\\/B2\\\/B3\\\/B4\\\/Santana\\\/B2\\\/Vento Bremmstrommel NEU 1H0501615A - Vw Golf\\\/1\\\/2\\\/3\\\/Jetta\\\/1\\\/2\\\/Passat\\\/B2\\\/B3\\\/B4\\\/Vento Bremmstrommel NEU 1H0501615\",\"breadcrumb\":{\"@id\":\"https:\\\/\\\/audi-klaus.at\\\/shop\\\/produkt\\\/vw-golf-1-2-3-jetta-1-2-passat-b2-b3-b4-santana-b2-vento-bremmstrommel-neu-1h0501615\\\/#breadcrumb\"},\"inLanguage\":\"de-AT\",\"potentialAction\":[{\"@type\":\"ReadAction\",\"target\":[\"https:\\\/\\\/audi-klaus.at\\\/shop\\\/produkt\\\/vw-golf-1-2-3-jetta-1-2-passat-b2-b3-b4-santana-b2-vento-bremmstrommel-neu-1h0501615\\\/\"]}]},{\"@type\":\"ImageObject\",\"inLanguage\":\"de-AT\",\"@id\":\"https:\\\/\\\/audi-klaus.at\\\/shop\\\/produkt\\\/vw-golf-1-2-3-jetta-1-2-passat-b2-b3-b4-santana-b2-vento-bremmstrommel-neu-1h0501615\\\/#primaryimage\",\"url\":\"https:\\\/\\\/audi-klaus.at\\\/shop\\\/wp-content\\\/uploads\\\/2022\\\/07\\\/B184-3.jpg\",\"contentUrl\":\"https:\\\/\\\/audi-klaus.at\\\/shop\\\/wp-content\\\/uploads\\\/2022\\\/07\\\/B184-3.jpg\",\"width\":418,\"height\":418},{\"@type\":\"BreadcrumbList\",\"@id\":\"https:\\\/\\\/audi-klaus.at\\\/shop\\\/produkt\\\/vw-golf-1-2-3-jetta-1-2-passat-b2-b3-b4-santana-b2-vento-bremmstrommel-neu-1h0501615\\\/#breadcrumb\",\"itemListElement\":[{\"@type\":\"ListItem\",\"position\":1,\"name\":\"Startseite\",\"item\":\"https:\\\/\\\/audi-klaus.at\\\/shop\\\/\"},{\"@type\":\"ListItem\",\"position\":2,\"name\":\"Shop\",\"item\":\"https:\\\/\\\/audi-klaus.at\\\/shop\\\/\"},{\"@type\":\"ListItem\",\"position\":3,\"name\":\"Vw Golf\\\/1\\\/2\\\/3\\\/Jetta\\\/1\\\/2\\\/Passat\\\/B2\\\/B3\\\/B4\\\/Santana\\\/B2\\\/Vento Bremmstrommel NEU 1H0501615A\"}]},{\"@type\":\"WebSite\",\"@id\":\"https:\\\/\\\/audi-klaus.at\\\/shop\\\/#website\",\"url\":\"https:\\\/\\\/audi-klaus.at\\\/shop\\\/\",\"name\":\"Audi-Klaus\",\"description\":\"Ihr Gebrauchtteile Spezialist f\u00fcr die Marken Audi, VW (VAG)\",\"publisher\":{\"@id\":\"https:\\\/\\\/audi-klaus.at\\\/shop\\\/#organization\"},\"potentialAction\":[{\"@type\":\"SearchAction\",\"target\":{\"@type\":\"EntryPoint\",\"urlTemplate\":\"https:\\\/\\\/audi-klaus.at\\\/shop\\\/?s={search_term_string}\"},\"query-input\":{\"@type\":\"PropertyValueSpecification\",\"valueRequired\":true,\"valueName\":\"search_term_string\"}}],\"inLanguage\":\"de-AT\"},{\"@type\":\"Organization\",\"@id\":\"https:\\\/\\\/audi-klaus.at\\\/shop\\\/#organization\",\"name\":\"Audi-Klaus\",\"url\":\"https:\\\/\\\/audi-klaus.at\\\/shop\\\/\",\"logo\":{\"@type\":\"ImageObject\",\"inLanguage\":\"de-AT\",\"@id\":\"https:\\\/\\\/audi-klaus.at\\\/shop\\\/#\\\/schema\\\/logo\\\/image\\\/\",\"url\":\"https:\\\/\\\/audi-klaus.at\\\/shop\\\/wp-content\\\/uploads\\\/2024\\\/10\\\/Logo-Shop.webp\",\"contentUrl\":\"https:\\\/\\\/audi-klaus.at\\\/shop\\\/wp-content\\\/uploads\\\/2024\\\/10\\\/Logo-Shop.webp\",\"width\":470,\"height\":164,\"caption\":\"Audi-Klaus\"},\"image\":{\"@id\":\"https:\\\/\\\/audi-klaus.at\\\/shop\\\/#\\\/schema\\\/logo\\\/image\\\/\"},\"sameAs\":[\"https:\\\/\\\/www.facebook.com\\\/audi.klaus.1312\\\/\",\"https:\\\/\\\/www.instagram.com\\\/audi_klaus\\\/?igshid=1eca3qu2mdayg\"]}]}<\/script>\n<!-- \/ Yoast SEO plugin. -->","yoast_head_json":{"title":"Vw Golf\/1\/2\/3\/Jetta\/1\/2\/Passat\/B2\/B3\/B4\/Santana\/B2\/Vento Bremmstrommel NEU 1H0501615A - Audi-Klaus","description":"Audi-Klaus Vw Golf\/1\/2\/3\/Jetta\/1\/2\/Passat\/B2\/B3\/B4\/Santana\/B2\/Vento Bremmstrommel NEU 1H0501615A - Vw Golf\/1\/2\/3\/Jetta\/1\/2\/Passat\/B2\/B3\/B4\/Vento Bremmstrommel NEU 1H0501615","robots":{"index":"index","follow":"follow","max-snippet":"max-snippet:-1","max-image-preview":"max-image-preview:large","max-video-preview":"max-video-preview:-1"},"canonical":"https:\/\/audi-klaus.at\/shop\/produkt\/vw-golf-1-2-3-jetta-1-2-passat-b2-b3-b4-santana-b2-vento-bremmstrommel-neu-1h0501615\/","og_locale":"de_DE","og_type":"article","og_title":"Vw Golf\/1\/2\/3\/Jetta\/1\/2\/Passat\/B2\/B3\/B4\/Santana\/B2\/Vento Bremmstrommel NEU 1H0501615A - Audi-Klaus","og_description":"Audi-Klaus Vw Golf\/1\/2\/3\/Jetta\/1\/2\/Passat\/B2\/B3\/B4\/Santana\/B2\/Vento Bremmstrommel NEU 1H0501615A - Vw Golf\/1\/2\/3\/Jetta\/1\/2\/Passat\/B2\/B3\/B4\/Vento Bremmstrommel NEU 1H0501615","og_url":"https:\/\/audi-klaus.at\/shop\/produkt\/vw-golf-1-2-3-jetta-1-2-passat-b2-b3-b4-santana-b2-vento-bremmstrommel-neu-1h0501615\/","og_site_name":"Audi-Klaus","article_publisher":"https:\/\/www.facebook.com\/audi.klaus.1312\/","article_modified_time":"2026-01-07T20:52:18+00:00","og_image":[{"width":418,"height":418,"url":"https:\/\/audi-klaus.at\/shop\/wp-content\/uploads\/2022\/07\/B184-3.jpg","type":"image\/jpeg"}],"twitter_card":"summary_large_image","twitter_misc":{"Gesch\u00e4tzte Lesezeit":"1 Minute"},"schema":{"@context":"https:\/\/schema.org","@graph":[{"@type":"WebPage","@id":"https:\/\/audi-klaus.at\/shop\/produkt\/vw-golf-1-2-3-jetta-1-2-passat-b2-b3-b4-santana-b2-vento-bremmstrommel-neu-1h0501615\/","url":"https:\/\/audi-klaus.at\/shop\/produkt\/vw-golf-1-2-3-jetta-1-2-passat-b2-b3-b4-santana-b2-vento-bremmstrommel-neu-1h0501615\/","name":"Vw Golf\/1\/2\/3\/Jetta\/1\/2\/Passat\/B2\/B3\/B4\/Santana\/B2\/Vento Bremmstrommel NEU 1H0501615A - Audi-Klaus","isPartOf":{"@id":"https:\/\/audi-klaus.at\/shop\/#website"},"primaryImageOfPage":{"@id":"https:\/\/audi-klaus.at\/shop\/produkt\/vw-golf-1-2-3-jetta-1-2-passat-b2-b3-b4-santana-b2-vento-bremmstrommel-neu-1h0501615\/#primaryimage"},"image":{"@id":"https:\/\/audi-klaus.at\/shop\/produkt\/vw-golf-1-2-3-jetta-1-2-passat-b2-b3-b4-santana-b2-vento-bremmstrommel-neu-1h0501615\/#primaryimage"},"thumbnailUrl":"https:\/\/audi-klaus.at\/shop\/wp-content\/uploads\/2022\/07\/B184-3.jpg","datePublished":"2022-07-11T09:12:54+00:00","dateModified":"2026-01-07T20:52:18+00:00","description":"Audi-Klaus Vw Golf\/1\/2\/3\/Jetta\/1\/2\/Passat\/B2\/B3\/B4\/Santana\/B2\/Vento Bremmstrommel NEU 1H0501615A - Vw Golf\/1\/2\/3\/Jetta\/1\/2\/Passat\/B2\/B3\/B4\/Vento Bremmstrommel NEU 1H0501615","breadcrumb":{"@id":"https:\/\/audi-klaus.at\/shop\/produkt\/vw-golf-1-2-3-jetta-1-2-passat-b2-b3-b4-santana-b2-vento-bremmstrommel-neu-1h0501615\/#breadcrumb"},"inLanguage":"de-AT","potentialAction":[{"@type":"ReadAction","target":["https:\/\/audi-klaus.at\/shop\/produkt\/vw-golf-1-2-3-jetta-1-2-passat-b2-b3-b4-santana-b2-vento-bremmstrommel-neu-1h0501615\/"]}]},{"@type":"ImageObject","inLanguage":"de-AT","@id":"https:\/\/audi-klaus.at\/shop\/produkt\/vw-golf-1-2-3-jetta-1-2-passat-b2-b3-b4-santana-b2-vento-bremmstrommel-neu-1h0501615\/#primaryimage","url":"https:\/\/audi-klaus.at\/shop\/wp-content\/uploads\/2022\/07\/B184-3.jpg","contentUrl":"https:\/\/audi-klaus.at\/shop\/wp-content\/uploads\/2022\/07\/B184-3.jpg","width":418,"height":418},{"@type":"BreadcrumbList","@id":"https:\/\/audi-klaus.at\/shop\/produkt\/vw-golf-1-2-3-jetta-1-2-passat-b2-b3-b4-santana-b2-vento-bremmstrommel-neu-1h0501615\/#breadcrumb","itemListElement":[{"@type":"ListItem","position":1,"name":"Startseite","item":"https:\/\/audi-klaus.at\/shop\/"},{"@type":"ListItem","position":2,"name":"Shop","item":"https:\/\/audi-klaus.at\/shop\/"},{"@type":"ListItem","position":3,"name":"Vw Golf\/1\/2\/3\/Jetta\/1\/2\/Passat\/B2\/B3\/B4\/Santana\/B2\/Vento Bremmstrommel NEU 1H0501615A"}]},{"@type":"WebSite","@id":"https:\/\/audi-klaus.at\/shop\/#website","url":"https:\/\/audi-klaus.at\/shop\/","name":"Audi-Klaus","description":"Ihr Gebrauchtteile Spezialist f\u00fcr die Marken Audi, VW (VAG)","publisher":{"@id":"https:\/\/audi-klaus.at\/shop\/#organization"},"potentialAction":[{"@type":"SearchAction","target":{"@type":"EntryPoint","urlTemplate":"https:\/\/audi-klaus.at\/shop\/?s={search_term_string}"},"query-input":{"@type":"PropertyValueSpecification","valueRequired":true,"valueName":"search_term_string"}}],"inLanguage":"de-AT"},{"@type":"Organization","@id":"https:\/\/audi-klaus.at\/shop\/#organization","name":"Audi-Klaus","url":"https:\/\/audi-klaus.at\/shop\/","logo":{"@type":"ImageObject","inLanguage":"de-AT","@id":"https:\/\/audi-klaus.at\/shop\/#\/schema\/logo\/image\/","url":"https:\/\/audi-klaus.at\/shop\/wp-content\/uploads\/2024\/10\/Logo-Shop.webp","contentUrl":"https:\/\/audi-klaus.at\/shop\/wp-content\/uploads\/2024\/10\/Logo-Shop.webp","width":470,"height":164,"caption":"Audi-Klaus"},"image":{"@id":"https:\/\/audi-klaus.at\/shop\/#\/schema\/logo\/image\/"},"sameAs":["https:\/\/www.facebook.com\/audi.klaus.1312\/","https:\/\/www.instagram.com\/audi_klaus\/?igshid=1eca3qu2mdayg"]}]}},"_links":{"self":[{"href":"https:\/\/audi-klaus.at\/shop\/wp-json\/wp\/v2\/product\/45320","targetHints":{"allow":["GET"]}}],"collection":[{"href":"https:\/\/audi-klaus.at\/shop\/wp-json\/wp\/v2\/product"}],"about":[{"href":"https:\/\/audi-klaus.at\/shop\/wp-json\/wp\/v2\/types\/product"}],"wp:featuredmedia":[{"embeddable":true,"href":"https:\/\/audi-klaus.at\/shop\/wp-json\/wp\/v2\/media\/45323"}],"wp:attachment":[{"href":"https:\/\/audi-klaus.at\/shop\/wp-json\/wp\/v2\/media?parent=45320"}],"wp:term":[{"taxonomy":"product_brand","embeddable":true,"href":"https:\/\/audi-klaus.at\/shop\/wp-json\/wp\/v2\/product_brand?post=45320"},{"taxonomy":"product_cat","embeddable":true,"href":"https:\/\/audi-klaus.at\/shop\/wp-json\/wp\/v2\/product_cat?post=45320"},{"taxonomy":"product_tag","embeddable":true,"href":"https:\/\/audi-klaus.at\/shop\/wp-json\/wp\/v2\/product_tag?post=45320"}],"curies":[{"name":"wp","href":"https:\/\/api.w.org\/{rel}","templated":true}]}}