{"id":45085,"date":"2022-07-08T10:49:46","date_gmt":"2022-07-08T08:49:46","guid":{"rendered":"https:\/\/audi-klaus.at\/shop\/?post_type=product&#038;p=45085"},"modified":"2026-01-07T21:52:12","modified_gmt":"2026-01-07T20:52:12","slug":"vw-golf-jetta-2-scirocco-polo-1-2-derby-audi-50-kupplungssatz-nos-052198141ax","status":"publish","type":"product","link":"https:\/\/audi-klaus.at\/shop\/produkt\/vw-golf-jetta-2-scirocco-polo-1-2-derby-audi-50-kupplungssatz-nos-052198141ax\/","title":{"rendered":"Vw Golf\/Jetta\/Scirocco\/Polo\/1\/2\/Derby\/Audi 50 Kupplungssatz NOS 052198141AX"},"content":{"rendered":"<p><strong><span style=\"color: #000000\"><span style=\"font-family: Source Sans Pro, sans-serif\"><span style=\"font-size: medium\"><b>VAG Teilenummer<\/b><\/span><\/span><\/span><\/strong><span style=\"color: #000000\"><span style=\"font-family: Source Sans Pro, sans-serif\"><span style=\"font-size: medium\"><b>:<\/b><\/span><\/span><\/span> 052 198 141 AX<span style=\"font-family: Source Sans Pro, sans-serif\"><span style=\"font-size: medium\"><br \/>\n<\/span><\/span><strong><span style=\"color: #000000\"><span style=\"font-family: Source Sans Pro, sans-serif\"><span style=\"font-size: medium\"><b>Zustand:<\/b><\/span><\/span><\/span><\/strong><span style=\"color: #000000\"><span style=\"font-family: Source Sans Pro, sans-serif\"><span style=\"font-size: medium\"> Neu<\/span><\/span><\/span><span style=\"font-family: Source Sans Pro, sans-serif\"><span style=\"font-size: medium\"><br \/>\n<\/span><\/span><strong><span style=\"color: #000000\"><span style=\"font-family: Source Sans Pro, sans-serif\"><span style=\"font-size: medium\"><b>Lieferumfang:<\/b><\/span><\/span><\/span><\/strong> <span style=\"color: #000000\"><span style=\"font-family: Source Sans Pro, sans-serif\"><span style=\"font-size: medium\">wie in den Original-Abbildungen angegeben<\/span><\/span><\/span><span style=\"font-family: Source Sans Pro, sans-serif\"><span style=\"font-size: medium\"><br \/>\n<\/span><\/span><span style=\"color: #000000\"><span style=\"font-family: Source Sans Pro, sans-serif\"><span style=\"font-size: medium\">Hinweis: Bitte \u00fcberpr\u00fcfen Sie vor dem Kauf anhand der eindeutigen Teilenummern, ob der Artikel zum Fahrzeug passt, um R\u00fccksendungen zu vermeiden! Trotz Angabe der entsprechenden Fahrzeugdaten ist eine eindeutige Zuordnung nur \u00fcber die Teilenummer m\u00f6glich! Die abgelesene Teilenummer ist die Teilenummer des Teils, welches geliefert wird. Die Originalteilnummer ist diejenige, die bei Neubestellung f\u00fcr dieses Teil gilt und der m\u00f6glicherweise abweichenden, gelieferten Teilenummer entspricht. Sollten weitere Fragen offen sein, kontaktieren Sie uns bitte unter <\/span><\/span><\/span><a href=\"mailto:office@audi-klaus.at\"><span style=\"font-family: Source Sans Pro, sans-serif\"><span style=\"font-size: medium\">office@audi-klaus.at<\/span><\/span><\/a><\/p>\n","protected":false},"excerpt":{"rendered":"<h5><strong><span style=\"color: #000000\"><span style=\"font-family: Source Sans Pro, sans-serif\"><span style=\"font-size: x-large\">Marke: Vw\/Audi<br \/>\nModell: Golf\/Jetta\/Scirocco\/Polo\/<\/span><\/span><\/span><\/strong><strong><span style=\"color: #000000\"><span style=\"font-family: Source Sans Pro, sans-serif\"><span style=\"font-size: x-large\">Derby\/<\/span><\/span><\/span><\/strong><strong><span style=\"color: #000000\"><span style=\"font-family: Source Sans Pro, sans-serif\"><span style=\"font-size: x-large\">50<br \/>\nTyp: 1\/2<\/span><\/span><\/span><\/strong><\/h5>\n<h5><span style=\"color: #c9211e;font-family: Source Sans Pro, sans-serif;font-size: large\"><b>Motor: 1,3l\/1,1l<\/b><\/span><\/h5>\n","protected":false},"featured_media":45072,"template":"","meta":[],"product_brand":[],"product_cat":[1215,1591,1167,1216,1170,1225,1172,1269,1173,1279,1193,1381,1194,1391,32,1204,1451,34,1205,1461,157,1211,1491,1164,1212,1511,1165],"product_tag":[14069,14070],"class_list":{"0":"post-45085","1":"product","2":"type-product","3":"status-publish","4":"has-post-thumbnail","6":"product_cat-1-86-1975-1981","7":"product_cat-motor-getriebe-1977-1979","8":"product_cat-jetta","9":"product_cat-2-86c-1981-1990","10":"product_cat-scirocco","11":"product_cat-1977-1979","12":"product_cat-polo","13":"product_cat-motor-getriebe-1-171-1974-1985","14":"product_cat-derby","15":"product_cat-motor-getriebe-2-191-1983-1992","16":"product_cat-1-171-1974-1985","17":"product_cat-motor-getriebe-1-161-1978-1987","18":"product_cat-2-191-1983-1992","19":"product_cat-motor-getriebe-2-165-1983-1992","20":"product_cat-audi","21":"product_cat-1-161-1978-1987","22":"product_cat-motor-getriebe-1-53-1974-1981","23":"product_cat-34","24":"product_cat-2-165-1983-1992","25":"product_cat-motor-getriebe-2-53b-1981-1992","26":"product_cat-motor-getriebe","27":"product_cat-1-53-1974-1981","28":"product_cat-motor-getriebe-1-86-1975-1981","29":"product_cat-vw","30":"product_cat-2-53b-1981-1992","31":"product_cat-motor-getriebe-2-86c-1981-1990","32":"product_cat-golf","33":"product_tag-052198141ax","34":"product_tag-m1053","36":"first","37":"outofstock","38":"taxable","39":"shipping-taxable","40":"purchasable","41":"product-type-simple"},"yoast_head":"<!-- This site is optimized with the Yoast SEO plugin v27.4 - https:\/\/yoast.com\/product\/yoast-seo-wordpress\/ -->\n<title>Vw Golf\/Jetta\/Scirocco\/Polo\/1\/2\/Derby\/Audi 50 Kupplungssatz NOS 052198141AX - Audi-Klaus<\/title>\n<meta name=\"description\" content=\"Audi-Klaus Vw Golf\/Jetta\/Scirocco\/Polo\/1\/2\/Derby\/Audi 50 Kupplungssatz NOS 052198141AX - Vw Golf\/Jetta\/2\/Scirocco\/Polo\/1\/2\/Derby\/Audi 50 Kupplungssatz NOS 052198141AX\" \/>\n<meta name=\"robots\" content=\"index, follow, max-snippet:-1, max-image-preview:large, max-video-preview:-1\" \/>\n<link rel=\"canonical\" href=\"https:\/\/audi-klaus.at\/shop\/produkt\/vw-golf-jetta-2-scirocco-polo-1-2-derby-audi-50-kupplungssatz-nos-052198141ax\/\" \/>\n<meta property=\"og:locale\" content=\"de_DE\" \/>\n<meta property=\"og:type\" content=\"article\" \/>\n<meta property=\"og:title\" content=\"Vw Golf\/Jetta\/Scirocco\/Polo\/1\/2\/Derby\/Audi 50 Kupplungssatz NOS 052198141AX - Audi-Klaus\" \/>\n<meta property=\"og:description\" content=\"Audi-Klaus Vw Golf\/Jetta\/Scirocco\/Polo\/1\/2\/Derby\/Audi 50 Kupplungssatz NOS 052198141AX - Vw Golf\/Jetta\/2\/Scirocco\/Polo\/1\/2\/Derby\/Audi 50 Kupplungssatz NOS 052198141AX\" \/>\n<meta property=\"og:url\" content=\"https:\/\/audi-klaus.at\/shop\/produkt\/vw-golf-jetta-2-scirocco-polo-1-2-derby-audi-50-kupplungssatz-nos-052198141ax\/\" \/>\n<meta property=\"og:site_name\" content=\"Audi-Klaus\" \/>\n<meta property=\"article:publisher\" content=\"https:\/\/www.facebook.com\/audi.klaus.1312\/\" \/>\n<meta property=\"article:modified_time\" content=\"2026-01-07T20:52:12+00:00\" \/>\n<meta property=\"og:image\" content=\"https:\/\/audi-klaus.at\/shop\/wp-content\/uploads\/2022\/07\/M1053-1.jpg\" \/>\n\t<meta property=\"og:image:width\" content=\"418\" \/>\n\t<meta property=\"og:image:height\" content=\"418\" \/>\n\t<meta property=\"og:image:type\" content=\"image\/jpeg\" \/>\n<meta name=\"twitter:card\" content=\"summary_large_image\" \/>\n<meta name=\"twitter:label1\" content=\"Gesch\u00e4tzte Lesezeit\" \/>\n\t<meta name=\"twitter:data1\" content=\"1 Minute\" \/>\n<script type=\"application\/ld+json\" class=\"yoast-schema-graph\">{\"@context\":\"https:\\\/\\\/schema.org\",\"@graph\":[{\"@type\":\"WebPage\",\"@id\":\"https:\\\/\\\/audi-klaus.at\\\/shop\\\/produkt\\\/vw-golf-jetta-2-scirocco-polo-1-2-derby-audi-50-kupplungssatz-nos-052198141ax\\\/\",\"url\":\"https:\\\/\\\/audi-klaus.at\\\/shop\\\/produkt\\\/vw-golf-jetta-2-scirocco-polo-1-2-derby-audi-50-kupplungssatz-nos-052198141ax\\\/\",\"name\":\"Vw Golf\\\/Jetta\\\/Scirocco\\\/Polo\\\/1\\\/2\\\/Derby\\\/Audi 50 Kupplungssatz NOS 052198141AX - Audi-Klaus\",\"isPartOf\":{\"@id\":\"https:\\\/\\\/audi-klaus.at\\\/shop\\\/#website\"},\"primaryImageOfPage\":{\"@id\":\"https:\\\/\\\/audi-klaus.at\\\/shop\\\/produkt\\\/vw-golf-jetta-2-scirocco-polo-1-2-derby-audi-50-kupplungssatz-nos-052198141ax\\\/#primaryimage\"},\"image\":{\"@id\":\"https:\\\/\\\/audi-klaus.at\\\/shop\\\/produkt\\\/vw-golf-jetta-2-scirocco-polo-1-2-derby-audi-50-kupplungssatz-nos-052198141ax\\\/#primaryimage\"},\"thumbnailUrl\":\"https:\\\/\\\/audi-klaus.at\\\/shop\\\/wp-content\\\/uploads\\\/2022\\\/07\\\/M1053-1.jpg\",\"datePublished\":\"2022-07-08T08:49:46+00:00\",\"dateModified\":\"2026-01-07T20:52:12+00:00\",\"description\":\"Audi-Klaus Vw Golf\\\/Jetta\\\/Scirocco\\\/Polo\\\/1\\\/2\\\/Derby\\\/Audi 50 Kupplungssatz NOS 052198141AX - Vw Golf\\\/Jetta\\\/2\\\/Scirocco\\\/Polo\\\/1\\\/2\\\/Derby\\\/Audi 50 Kupplungssatz NOS 052198141AX\",\"breadcrumb\":{\"@id\":\"https:\\\/\\\/audi-klaus.at\\\/shop\\\/produkt\\\/vw-golf-jetta-2-scirocco-polo-1-2-derby-audi-50-kupplungssatz-nos-052198141ax\\\/#breadcrumb\"},\"inLanguage\":\"de-AT\",\"potentialAction\":[{\"@type\":\"ReadAction\",\"target\":[\"https:\\\/\\\/audi-klaus.at\\\/shop\\\/produkt\\\/vw-golf-jetta-2-scirocco-polo-1-2-derby-audi-50-kupplungssatz-nos-052198141ax\\\/\"]}]},{\"@type\":\"ImageObject\",\"inLanguage\":\"de-AT\",\"@id\":\"https:\\\/\\\/audi-klaus.at\\\/shop\\\/produkt\\\/vw-golf-jetta-2-scirocco-polo-1-2-derby-audi-50-kupplungssatz-nos-052198141ax\\\/#primaryimage\",\"url\":\"https:\\\/\\\/audi-klaus.at\\\/shop\\\/wp-content\\\/uploads\\\/2022\\\/07\\\/M1053-1.jpg\",\"contentUrl\":\"https:\\\/\\\/audi-klaus.at\\\/shop\\\/wp-content\\\/uploads\\\/2022\\\/07\\\/M1053-1.jpg\",\"width\":418,\"height\":418},{\"@type\":\"BreadcrumbList\",\"@id\":\"https:\\\/\\\/audi-klaus.at\\\/shop\\\/produkt\\\/vw-golf-jetta-2-scirocco-polo-1-2-derby-audi-50-kupplungssatz-nos-052198141ax\\\/#breadcrumb\",\"itemListElement\":[{\"@type\":\"ListItem\",\"position\":1,\"name\":\"Startseite\",\"item\":\"https:\\\/\\\/audi-klaus.at\\\/shop\\\/\"},{\"@type\":\"ListItem\",\"position\":2,\"name\":\"Shop\",\"item\":\"https:\\\/\\\/audi-klaus.at\\\/shop\\\/\"},{\"@type\":\"ListItem\",\"position\":3,\"name\":\"Vw Golf\\\/Jetta\\\/Scirocco\\\/Polo\\\/1\\\/2\\\/Derby\\\/Audi 50 Kupplungssatz NOS 052198141AX\"}]},{\"@type\":\"WebSite\",\"@id\":\"https:\\\/\\\/audi-klaus.at\\\/shop\\\/#website\",\"url\":\"https:\\\/\\\/audi-klaus.at\\\/shop\\\/\",\"name\":\"Audi-Klaus\",\"description\":\"Ihr Gebrauchtteile Spezialist f\u00fcr die Marken Audi, VW (VAG)\",\"publisher\":{\"@id\":\"https:\\\/\\\/audi-klaus.at\\\/shop\\\/#organization\"},\"potentialAction\":[{\"@type\":\"SearchAction\",\"target\":{\"@type\":\"EntryPoint\",\"urlTemplate\":\"https:\\\/\\\/audi-klaus.at\\\/shop\\\/?s={search_term_string}\"},\"query-input\":{\"@type\":\"PropertyValueSpecification\",\"valueRequired\":true,\"valueName\":\"search_term_string\"}}],\"inLanguage\":\"de-AT\"},{\"@type\":\"Organization\",\"@id\":\"https:\\\/\\\/audi-klaus.at\\\/shop\\\/#organization\",\"name\":\"Audi-Klaus\",\"url\":\"https:\\\/\\\/audi-klaus.at\\\/shop\\\/\",\"logo\":{\"@type\":\"ImageObject\",\"inLanguage\":\"de-AT\",\"@id\":\"https:\\\/\\\/audi-klaus.at\\\/shop\\\/#\\\/schema\\\/logo\\\/image\\\/\",\"url\":\"https:\\\/\\\/audi-klaus.at\\\/shop\\\/wp-content\\\/uploads\\\/2024\\\/10\\\/Logo-Shop.webp\",\"contentUrl\":\"https:\\\/\\\/audi-klaus.at\\\/shop\\\/wp-content\\\/uploads\\\/2024\\\/10\\\/Logo-Shop.webp\",\"width\":470,\"height\":164,\"caption\":\"Audi-Klaus\"},\"image\":{\"@id\":\"https:\\\/\\\/audi-klaus.at\\\/shop\\\/#\\\/schema\\\/logo\\\/image\\\/\"},\"sameAs\":[\"https:\\\/\\\/www.facebook.com\\\/audi.klaus.1312\\\/\",\"https:\\\/\\\/www.instagram.com\\\/audi_klaus\\\/?igshid=1eca3qu2mdayg\"]}]}<\/script>\n<!-- \/ Yoast SEO plugin. -->","yoast_head_json":{"title":"Vw Golf\/Jetta\/Scirocco\/Polo\/1\/2\/Derby\/Audi 50 Kupplungssatz NOS 052198141AX - Audi-Klaus","description":"Audi-Klaus Vw Golf\/Jetta\/Scirocco\/Polo\/1\/2\/Derby\/Audi 50 Kupplungssatz NOS 052198141AX - Vw Golf\/Jetta\/2\/Scirocco\/Polo\/1\/2\/Derby\/Audi 50 Kupplungssatz NOS 052198141AX","robots":{"index":"index","follow":"follow","max-snippet":"max-snippet:-1","max-image-preview":"max-image-preview:large","max-video-preview":"max-video-preview:-1"},"canonical":"https:\/\/audi-klaus.at\/shop\/produkt\/vw-golf-jetta-2-scirocco-polo-1-2-derby-audi-50-kupplungssatz-nos-052198141ax\/","og_locale":"de_DE","og_type":"article","og_title":"Vw Golf\/Jetta\/Scirocco\/Polo\/1\/2\/Derby\/Audi 50 Kupplungssatz NOS 052198141AX - Audi-Klaus","og_description":"Audi-Klaus Vw Golf\/Jetta\/Scirocco\/Polo\/1\/2\/Derby\/Audi 50 Kupplungssatz NOS 052198141AX - Vw Golf\/Jetta\/2\/Scirocco\/Polo\/1\/2\/Derby\/Audi 50 Kupplungssatz NOS 052198141AX","og_url":"https:\/\/audi-klaus.at\/shop\/produkt\/vw-golf-jetta-2-scirocco-polo-1-2-derby-audi-50-kupplungssatz-nos-052198141ax\/","og_site_name":"Audi-Klaus","article_publisher":"https:\/\/www.facebook.com\/audi.klaus.1312\/","article_modified_time":"2026-01-07T20:52:12+00:00","og_image":[{"width":418,"height":418,"url":"https:\/\/audi-klaus.at\/shop\/wp-content\/uploads\/2022\/07\/M1053-1.jpg","type":"image\/jpeg"}],"twitter_card":"summary_large_image","twitter_misc":{"Gesch\u00e4tzte Lesezeit":"1 Minute"},"schema":{"@context":"https:\/\/schema.org","@graph":[{"@type":"WebPage","@id":"https:\/\/audi-klaus.at\/shop\/produkt\/vw-golf-jetta-2-scirocco-polo-1-2-derby-audi-50-kupplungssatz-nos-052198141ax\/","url":"https:\/\/audi-klaus.at\/shop\/produkt\/vw-golf-jetta-2-scirocco-polo-1-2-derby-audi-50-kupplungssatz-nos-052198141ax\/","name":"Vw Golf\/Jetta\/Scirocco\/Polo\/1\/2\/Derby\/Audi 50 Kupplungssatz NOS 052198141AX - Audi-Klaus","isPartOf":{"@id":"https:\/\/audi-klaus.at\/shop\/#website"},"primaryImageOfPage":{"@id":"https:\/\/audi-klaus.at\/shop\/produkt\/vw-golf-jetta-2-scirocco-polo-1-2-derby-audi-50-kupplungssatz-nos-052198141ax\/#primaryimage"},"image":{"@id":"https:\/\/audi-klaus.at\/shop\/produkt\/vw-golf-jetta-2-scirocco-polo-1-2-derby-audi-50-kupplungssatz-nos-052198141ax\/#primaryimage"},"thumbnailUrl":"https:\/\/audi-klaus.at\/shop\/wp-content\/uploads\/2022\/07\/M1053-1.jpg","datePublished":"2022-07-08T08:49:46+00:00","dateModified":"2026-01-07T20:52:12+00:00","description":"Audi-Klaus Vw Golf\/Jetta\/Scirocco\/Polo\/1\/2\/Derby\/Audi 50 Kupplungssatz NOS 052198141AX - Vw Golf\/Jetta\/2\/Scirocco\/Polo\/1\/2\/Derby\/Audi 50 Kupplungssatz NOS 052198141AX","breadcrumb":{"@id":"https:\/\/audi-klaus.at\/shop\/produkt\/vw-golf-jetta-2-scirocco-polo-1-2-derby-audi-50-kupplungssatz-nos-052198141ax\/#breadcrumb"},"inLanguage":"de-AT","potentialAction":[{"@type":"ReadAction","target":["https:\/\/audi-klaus.at\/shop\/produkt\/vw-golf-jetta-2-scirocco-polo-1-2-derby-audi-50-kupplungssatz-nos-052198141ax\/"]}]},{"@type":"ImageObject","inLanguage":"de-AT","@id":"https:\/\/audi-klaus.at\/shop\/produkt\/vw-golf-jetta-2-scirocco-polo-1-2-derby-audi-50-kupplungssatz-nos-052198141ax\/#primaryimage","url":"https:\/\/audi-klaus.at\/shop\/wp-content\/uploads\/2022\/07\/M1053-1.jpg","contentUrl":"https:\/\/audi-klaus.at\/shop\/wp-content\/uploads\/2022\/07\/M1053-1.jpg","width":418,"height":418},{"@type":"BreadcrumbList","@id":"https:\/\/audi-klaus.at\/shop\/produkt\/vw-golf-jetta-2-scirocco-polo-1-2-derby-audi-50-kupplungssatz-nos-052198141ax\/#breadcrumb","itemListElement":[{"@type":"ListItem","position":1,"name":"Startseite","item":"https:\/\/audi-klaus.at\/shop\/"},{"@type":"ListItem","position":2,"name":"Shop","item":"https:\/\/audi-klaus.at\/shop\/"},{"@type":"ListItem","position":3,"name":"Vw Golf\/Jetta\/Scirocco\/Polo\/1\/2\/Derby\/Audi 50 Kupplungssatz NOS 052198141AX"}]},{"@type":"WebSite","@id":"https:\/\/audi-klaus.at\/shop\/#website","url":"https:\/\/audi-klaus.at\/shop\/","name":"Audi-Klaus","description":"Ihr Gebrauchtteile Spezialist f\u00fcr die Marken Audi, VW (VAG)","publisher":{"@id":"https:\/\/audi-klaus.at\/shop\/#organization"},"potentialAction":[{"@type":"SearchAction","target":{"@type":"EntryPoint","urlTemplate":"https:\/\/audi-klaus.at\/shop\/?s={search_term_string}"},"query-input":{"@type":"PropertyValueSpecification","valueRequired":true,"valueName":"search_term_string"}}],"inLanguage":"de-AT"},{"@type":"Organization","@id":"https:\/\/audi-klaus.at\/shop\/#organization","name":"Audi-Klaus","url":"https:\/\/audi-klaus.at\/shop\/","logo":{"@type":"ImageObject","inLanguage":"de-AT","@id":"https:\/\/audi-klaus.at\/shop\/#\/schema\/logo\/image\/","url":"https:\/\/audi-klaus.at\/shop\/wp-content\/uploads\/2024\/10\/Logo-Shop.webp","contentUrl":"https:\/\/audi-klaus.at\/shop\/wp-content\/uploads\/2024\/10\/Logo-Shop.webp","width":470,"height":164,"caption":"Audi-Klaus"},"image":{"@id":"https:\/\/audi-klaus.at\/shop\/#\/schema\/logo\/image\/"},"sameAs":["https:\/\/www.facebook.com\/audi.klaus.1312\/","https:\/\/www.instagram.com\/audi_klaus\/?igshid=1eca3qu2mdayg"]}]}},"_links":{"self":[{"href":"https:\/\/audi-klaus.at\/shop\/wp-json\/wp\/v2\/product\/45085","targetHints":{"allow":["GET"]}}],"collection":[{"href":"https:\/\/audi-klaus.at\/shop\/wp-json\/wp\/v2\/product"}],"about":[{"href":"https:\/\/audi-klaus.at\/shop\/wp-json\/wp\/v2\/types\/product"}],"wp:featuredmedia":[{"embeddable":true,"href":"https:\/\/audi-klaus.at\/shop\/wp-json\/wp\/v2\/media\/45072"}],"wp:attachment":[{"href":"https:\/\/audi-klaus.at\/shop\/wp-json\/wp\/v2\/media?parent=45085"}],"wp:term":[{"taxonomy":"product_brand","embeddable":true,"href":"https:\/\/audi-klaus.at\/shop\/wp-json\/wp\/v2\/product_brand?post=45085"},{"taxonomy":"product_cat","embeddable":true,"href":"https:\/\/audi-klaus.at\/shop\/wp-json\/wp\/v2\/product_cat?post=45085"},{"taxonomy":"product_tag","embeddable":true,"href":"https:\/\/audi-klaus.at\/shop\/wp-json\/wp\/v2\/product_tag?post=45085"}],"curies":[{"name":"wp","href":"https:\/\/api.w.org\/{rel}","templated":true}]}}