{"id":44637,"date":"2022-07-01T18:32:17","date_gmt":"2022-07-01T16:32:17","guid":{"rendered":"https:\/\/audi-klaus.at\/shop\/?post_type=product&#038;p=44637"},"modified":"2026-01-07T21:52:06","modified_gmt":"2026-01-07T20:52:06","slug":"audi-a1-8x-a3-8p-vw-golf-jetta-5-passat-b6-b7-cc-touran-1-stg-kraftstoffpumpe-neu-1k0906093g","status":"publish","type":"product","link":"https:\/\/audi-klaus.at\/shop\/produkt\/audi-a1-8x-a3-8p-vw-golf-jetta-5-passat-b6-b7-cc-touran-1-stg-kraftstoffpumpe-neu-1k0906093g\/","title":{"rendered":"Audi A1\/8X\/A3\/8P\/Vw Golf\/Jetta\/5\/Passat\/B6\/B7\/CC\/Touran\/1 Steuerger\u00e4t Kraftstoffpumpe NEU 1K0906093G"},"content":{"rendered":"<p><strong><span style=\"color: #000000;\"><span style=\"font-family: Source Sans Pro, sans-serif;\"><span style=\"font-size: medium;\"><b>VAG Teilenummer<\/b><\/span><\/span><\/span><\/strong><span style=\"color: #000000;\"><span style=\"font-family: Source Sans Pro, sans-serif;\"><span style=\"font-size: medium;\"><b>:<\/b><\/span><\/span><\/span> 1K0 906 093G<span style=\"font-family: Source Sans Pro, sans-serif;\"><span style=\"font-size: medium;\"><br \/>\n<\/span><\/span><strong><span style=\"color: #000000;\"><span style=\"font-family: Source Sans Pro, sans-serif;\"><span style=\"font-size: medium;\"><b>Zustand:<\/b><\/span><\/span><\/span><\/strong><span style=\"color: #000000;\"><span style=\"font-family: Source Sans Pro, sans-serif;\"><span style=\"font-size: medium;\"> Neu<\/span><\/span><\/span><span style=\"font-family: Source Sans Pro, sans-serif;\"><span style=\"font-size: medium;\"><br \/>\n<\/span><\/span><strong><span style=\"color: #000000;\"><span style=\"font-family: Source Sans Pro, sans-serif;\"><span style=\"font-size: medium;\"><b>Lieferumfang:<\/b><\/span><\/span><\/span><\/strong> <span style=\"color: #000000;\"><span style=\"font-family: Source Sans Pro, sans-serif;\"><span style=\"font-size: medium;\">wie in den Original-Abbildungen angegeben<\/span><\/span><\/span><span style=\"font-family: Source Sans Pro, sans-serif;\"><span style=\"font-size: medium;\"><br \/>\n<\/span><\/span><span style=\"color: #000000;\"><span style=\"font-family: Source Sans Pro, sans-serif;\"><span style=\"font-size: medium;\">Hinweis: Bitte \u00fcberpr\u00fcfen Sie vor dem Kauf anhand der eindeutigen Teilenummern, ob der Artikel zum Fahrzeug passt, um R\u00fccksendungen zu vermeiden! Trotz Angabe der entsprechenden Fahrzeugdaten ist eine eindeutige Zuordnung nur \u00fcber die Teilenummer m\u00f6glich! Die abgelesene Teilenummer ist die Teilenummer des Teils, welches geliefert wird. Die Originalteilnummer ist diejenige, die bei Neubestellung f\u00fcr dieses Teil gilt und der m\u00f6glicherweise abweichenden, gelieferten Teilenummer entspricht. Sollten weitere Fragen offen sein, kontaktieren Sie uns bitte unter <\/span><\/span><\/span><a href=\"mailto:office@audi-klaus.at\"><span style=\"font-family: Source Sans Pro, sans-serif;\"><span style=\"font-size: medium;\">office@audi-klaus.at<\/span><\/span><\/a><\/p>\n","protected":false},"excerpt":{"rendered":"<p><strong><span style=\"color: #000000;\"><span style=\"font-family: Source Sans Pro, sans-serif;\"><span style=\"font-size: x-large;\">Marke: Audi\/Vw<br \/>\nModell: A1\/A3\/Golf\/Jetta\/Passat\/Touran<br \/>\nTyp: 8X\/8P\/5\/B6\/B7\/CC\/1<\/span><\/span><\/span><\/strong><\/p>\n","protected":false},"featured_media":44557,"template":"","meta":[],"product_brand":[],"product_cat":[454,1236,474,1250,1164,1315,1165,1407,1167,1687,1176,1697,32,1184,1717,367,1197,1858,369,1206,419,1234,427,1235],"product_tag":[13876,13874,13875],"class_list":{"0":"post-44637","1":"product","2":"type-product","3":"status-publish","4":"has-post-thumbnail","6":"product_cat-8p-2003-2013","7":"product_cat-b7-3c-2010-2014","8":"product_cat-elektrik-8p-2003-2013","9":"product_cat-1-1t-2003-2015","10":"product_cat-vw","11":"product_cat-elektrik-5-1k-2003-2010","12":"product_cat-golf","13":"product_cat-elektrik-5-1k2-2005-2010","14":"product_cat-jetta","15":"product_cat-elektrik-b6-3c-2005-2010","16":"product_cat-passat","17":"product_cat-elektrik-b7-3c-2010-2014","18":"product_cat-audi","19":"product_cat-touran","20":"product_cat-elektrik-cc-3c-2008-2012","21":"product_cat-a1-audi","22":"product_cat-5-1k-2003-2010","23":"product_cat-elektrik-1-1t-2003-2015","24":"product_cat-a3","25":"product_cat-5-1k2-2005-2010","26":"product_cat-8x-2010-2018","27":"product_cat-b6-3c-2005-2010","28":"product_cat-elektrik-8x-2010-2018","29":"product_cat-cc-3c-2008-2012","30":"product_tag-e974","31":"product_tag-1k0906093g","32":"product_tag-1k0906093","34":"first","35":"outofstock","36":"taxable","37":"shipping-taxable","38":"purchasable","39":"product-type-simple"},"yoast_head":"<!-- This site is optimized with the Yoast SEO plugin v27.4 - https:\/\/yoast.com\/product\/yoast-seo-wordpress\/ -->\n<title>Audi A1\/8X\/A3\/8P\/Vw Golf\/Jetta\/5\/Passat\/B6\/B7\/CC\/Touran\/1 Steuerger\u00e4t Kraftstoffpumpe NEU 1K0906093G - Audi-Klaus<\/title>\n<meta name=\"description\" content=\"Audi-Klaus Audi A1\/8X\/A3\/8P\/Vw Golf\/Jetta\/5\/Passat\/B6\/B7\/CC\/Touran\/1 Steuerger\u00e4t Kraftstoffpumpe NEU 1K0906093G - Audi A1\/8X\/A3\/8P\/Vw Golf\/Jetta\/5\/Passat\/B6\/B7\/CC\/Touran\/1 Stg Kraftstoffpumpe NEU 1K0906093G\" \/>\n<meta name=\"robots\" content=\"index, follow, max-snippet:-1, max-image-preview:large, max-video-preview:-1\" \/>\n<link rel=\"canonical\" href=\"https:\/\/audi-klaus.at\/shop\/produkt\/audi-a1-8x-a3-8p-vw-golf-jetta-5-passat-b6-b7-cc-touran-1-stg-kraftstoffpumpe-neu-1k0906093g\/\" \/>\n<meta property=\"og:locale\" content=\"de_DE\" \/>\n<meta property=\"og:type\" content=\"article\" \/>\n<meta property=\"og:title\" content=\"Audi A1\/8X\/A3\/8P\/Vw Golf\/Jetta\/5\/Passat\/B6\/B7\/CC\/Touran\/1 Steuerger\u00e4t Kraftstoffpumpe NEU 1K0906093G - Audi-Klaus\" \/>\n<meta property=\"og:description\" content=\"Audi-Klaus Audi A1\/8X\/A3\/8P\/Vw Golf\/Jetta\/5\/Passat\/B6\/B7\/CC\/Touran\/1 Steuerger\u00e4t Kraftstoffpumpe NEU 1K0906093G - Audi A1\/8X\/A3\/8P\/Vw Golf\/Jetta\/5\/Passat\/B6\/B7\/CC\/Touran\/1 Stg Kraftstoffpumpe NEU 1K0906093G\" \/>\n<meta property=\"og:url\" content=\"https:\/\/audi-klaus.at\/shop\/produkt\/audi-a1-8x-a3-8p-vw-golf-jetta-5-passat-b6-b7-cc-touran-1-stg-kraftstoffpumpe-neu-1k0906093g\/\" \/>\n<meta property=\"og:site_name\" content=\"Audi-Klaus\" \/>\n<meta property=\"article:publisher\" content=\"https:\/\/www.facebook.com\/audi.klaus.1312\/\" \/>\n<meta property=\"article:modified_time\" content=\"2026-01-07T20:52:06+00:00\" \/>\n<meta property=\"og:image\" content=\"https:\/\/audi-klaus.at\/shop\/wp-content\/uploads\/2022\/07\/E974-3.jpg\" \/>\n\t<meta property=\"og:image:width\" content=\"418\" \/>\n\t<meta property=\"og:image:height\" content=\"418\" \/>\n\t<meta property=\"og:image:type\" content=\"image\/jpeg\" \/>\n<meta name=\"twitter:card\" content=\"summary_large_image\" \/>\n<meta name=\"twitter:label1\" content=\"Gesch\u00e4tzte Lesezeit\" \/>\n\t<meta name=\"twitter:data1\" content=\"1 Minute\" \/>\n<script type=\"application\/ld+json\" class=\"yoast-schema-graph\">{\"@context\":\"https:\\\/\\\/schema.org\",\"@graph\":[{\"@type\":\"WebPage\",\"@id\":\"https:\\\/\\\/audi-klaus.at\\\/shop\\\/produkt\\\/audi-a1-8x-a3-8p-vw-golf-jetta-5-passat-b6-b7-cc-touran-1-stg-kraftstoffpumpe-neu-1k0906093g\\\/\",\"url\":\"https:\\\/\\\/audi-klaus.at\\\/shop\\\/produkt\\\/audi-a1-8x-a3-8p-vw-golf-jetta-5-passat-b6-b7-cc-touran-1-stg-kraftstoffpumpe-neu-1k0906093g\\\/\",\"name\":\"Audi A1\\\/8X\\\/A3\\\/8P\\\/Vw Golf\\\/Jetta\\\/5\\\/Passat\\\/B6\\\/B7\\\/CC\\\/Touran\\\/1 Steuerger\u00e4t Kraftstoffpumpe NEU 1K0906093G - Audi-Klaus\",\"isPartOf\":{\"@id\":\"https:\\\/\\\/audi-klaus.at\\\/shop\\\/#website\"},\"primaryImageOfPage\":{\"@id\":\"https:\\\/\\\/audi-klaus.at\\\/shop\\\/produkt\\\/audi-a1-8x-a3-8p-vw-golf-jetta-5-passat-b6-b7-cc-touran-1-stg-kraftstoffpumpe-neu-1k0906093g\\\/#primaryimage\"},\"image\":{\"@id\":\"https:\\\/\\\/audi-klaus.at\\\/shop\\\/produkt\\\/audi-a1-8x-a3-8p-vw-golf-jetta-5-passat-b6-b7-cc-touran-1-stg-kraftstoffpumpe-neu-1k0906093g\\\/#primaryimage\"},\"thumbnailUrl\":\"https:\\\/\\\/audi-klaus.at\\\/shop\\\/wp-content\\\/uploads\\\/2022\\\/07\\\/E974-3.jpg\",\"datePublished\":\"2022-07-01T16:32:17+00:00\",\"dateModified\":\"2026-01-07T20:52:06+00:00\",\"description\":\"Audi-Klaus Audi A1\\\/8X\\\/A3\\\/8P\\\/Vw Golf\\\/Jetta\\\/5\\\/Passat\\\/B6\\\/B7\\\/CC\\\/Touran\\\/1 Steuerger\u00e4t Kraftstoffpumpe NEU 1K0906093G - Audi A1\\\/8X\\\/A3\\\/8P\\\/Vw Golf\\\/Jetta\\\/5\\\/Passat\\\/B6\\\/B7\\\/CC\\\/Touran\\\/1 Stg Kraftstoffpumpe NEU 1K0906093G\",\"breadcrumb\":{\"@id\":\"https:\\\/\\\/audi-klaus.at\\\/shop\\\/produkt\\\/audi-a1-8x-a3-8p-vw-golf-jetta-5-passat-b6-b7-cc-touran-1-stg-kraftstoffpumpe-neu-1k0906093g\\\/#breadcrumb\"},\"inLanguage\":\"de-AT\",\"potentialAction\":[{\"@type\":\"ReadAction\",\"target\":[\"https:\\\/\\\/audi-klaus.at\\\/shop\\\/produkt\\\/audi-a1-8x-a3-8p-vw-golf-jetta-5-passat-b6-b7-cc-touran-1-stg-kraftstoffpumpe-neu-1k0906093g\\\/\"]}]},{\"@type\":\"ImageObject\",\"inLanguage\":\"de-AT\",\"@id\":\"https:\\\/\\\/audi-klaus.at\\\/shop\\\/produkt\\\/audi-a1-8x-a3-8p-vw-golf-jetta-5-passat-b6-b7-cc-touran-1-stg-kraftstoffpumpe-neu-1k0906093g\\\/#primaryimage\",\"url\":\"https:\\\/\\\/audi-klaus.at\\\/shop\\\/wp-content\\\/uploads\\\/2022\\\/07\\\/E974-3.jpg\",\"contentUrl\":\"https:\\\/\\\/audi-klaus.at\\\/shop\\\/wp-content\\\/uploads\\\/2022\\\/07\\\/E974-3.jpg\",\"width\":418,\"height\":418},{\"@type\":\"BreadcrumbList\",\"@id\":\"https:\\\/\\\/audi-klaus.at\\\/shop\\\/produkt\\\/audi-a1-8x-a3-8p-vw-golf-jetta-5-passat-b6-b7-cc-touran-1-stg-kraftstoffpumpe-neu-1k0906093g\\\/#breadcrumb\",\"itemListElement\":[{\"@type\":\"ListItem\",\"position\":1,\"name\":\"Startseite\",\"item\":\"https:\\\/\\\/audi-klaus.at\\\/shop\\\/\"},{\"@type\":\"ListItem\",\"position\":2,\"name\":\"Shop\",\"item\":\"https:\\\/\\\/audi-klaus.at\\\/shop\\\/\"},{\"@type\":\"ListItem\",\"position\":3,\"name\":\"Audi A1\\\/8X\\\/A3\\\/8P\\\/Vw Golf\\\/Jetta\\\/5\\\/Passat\\\/B6\\\/B7\\\/CC\\\/Touran\\\/1 Steuerger\u00e4t Kraftstoffpumpe NEU 1K0906093G\"}]},{\"@type\":\"WebSite\",\"@id\":\"https:\\\/\\\/audi-klaus.at\\\/shop\\\/#website\",\"url\":\"https:\\\/\\\/audi-klaus.at\\\/shop\\\/\",\"name\":\"Audi-Klaus\",\"description\":\"Ihr Gebrauchtteile Spezialist f\u00fcr die Marken Audi, VW (VAG)\",\"publisher\":{\"@id\":\"https:\\\/\\\/audi-klaus.at\\\/shop\\\/#organization\"},\"potentialAction\":[{\"@type\":\"SearchAction\",\"target\":{\"@type\":\"EntryPoint\",\"urlTemplate\":\"https:\\\/\\\/audi-klaus.at\\\/shop\\\/?s={search_term_string}\"},\"query-input\":{\"@type\":\"PropertyValueSpecification\",\"valueRequired\":true,\"valueName\":\"search_term_string\"}}],\"inLanguage\":\"de-AT\"},{\"@type\":\"Organization\",\"@id\":\"https:\\\/\\\/audi-klaus.at\\\/shop\\\/#organization\",\"name\":\"Audi-Klaus\",\"url\":\"https:\\\/\\\/audi-klaus.at\\\/shop\\\/\",\"logo\":{\"@type\":\"ImageObject\",\"inLanguage\":\"de-AT\",\"@id\":\"https:\\\/\\\/audi-klaus.at\\\/shop\\\/#\\\/schema\\\/logo\\\/image\\\/\",\"url\":\"https:\\\/\\\/audi-klaus.at\\\/shop\\\/wp-content\\\/uploads\\\/2024\\\/10\\\/Logo-Shop.webp\",\"contentUrl\":\"https:\\\/\\\/audi-klaus.at\\\/shop\\\/wp-content\\\/uploads\\\/2024\\\/10\\\/Logo-Shop.webp\",\"width\":470,\"height\":164,\"caption\":\"Audi-Klaus\"},\"image\":{\"@id\":\"https:\\\/\\\/audi-klaus.at\\\/shop\\\/#\\\/schema\\\/logo\\\/image\\\/\"},\"sameAs\":[\"https:\\\/\\\/www.facebook.com\\\/audi.klaus.1312\\\/\",\"https:\\\/\\\/www.instagram.com\\\/audi_klaus\\\/?igshid=1eca3qu2mdayg\"]}]}<\/script>\n<!-- \/ Yoast SEO plugin. -->","yoast_head_json":{"title":"Audi A1\/8X\/A3\/8P\/Vw Golf\/Jetta\/5\/Passat\/B6\/B7\/CC\/Touran\/1 Steuerger\u00e4t Kraftstoffpumpe NEU 1K0906093G - Audi-Klaus","description":"Audi-Klaus Audi A1\/8X\/A3\/8P\/Vw Golf\/Jetta\/5\/Passat\/B6\/B7\/CC\/Touran\/1 Steuerger\u00e4t Kraftstoffpumpe NEU 1K0906093G - Audi A1\/8X\/A3\/8P\/Vw Golf\/Jetta\/5\/Passat\/B6\/B7\/CC\/Touran\/1 Stg Kraftstoffpumpe NEU 1K0906093G","robots":{"index":"index","follow":"follow","max-snippet":"max-snippet:-1","max-image-preview":"max-image-preview:large","max-video-preview":"max-video-preview:-1"},"canonical":"https:\/\/audi-klaus.at\/shop\/produkt\/audi-a1-8x-a3-8p-vw-golf-jetta-5-passat-b6-b7-cc-touran-1-stg-kraftstoffpumpe-neu-1k0906093g\/","og_locale":"de_DE","og_type":"article","og_title":"Audi A1\/8X\/A3\/8P\/Vw Golf\/Jetta\/5\/Passat\/B6\/B7\/CC\/Touran\/1 Steuerger\u00e4t Kraftstoffpumpe NEU 1K0906093G - Audi-Klaus","og_description":"Audi-Klaus Audi A1\/8X\/A3\/8P\/Vw Golf\/Jetta\/5\/Passat\/B6\/B7\/CC\/Touran\/1 Steuerger\u00e4t Kraftstoffpumpe NEU 1K0906093G - Audi A1\/8X\/A3\/8P\/Vw Golf\/Jetta\/5\/Passat\/B6\/B7\/CC\/Touran\/1 Stg Kraftstoffpumpe NEU 1K0906093G","og_url":"https:\/\/audi-klaus.at\/shop\/produkt\/audi-a1-8x-a3-8p-vw-golf-jetta-5-passat-b6-b7-cc-touran-1-stg-kraftstoffpumpe-neu-1k0906093g\/","og_site_name":"Audi-Klaus","article_publisher":"https:\/\/www.facebook.com\/audi.klaus.1312\/","article_modified_time":"2026-01-07T20:52:06+00:00","og_image":[{"width":418,"height":418,"url":"https:\/\/audi-klaus.at\/shop\/wp-content\/uploads\/2022\/07\/E974-3.jpg","type":"image\/jpeg"}],"twitter_card":"summary_large_image","twitter_misc":{"Gesch\u00e4tzte Lesezeit":"1 Minute"},"schema":{"@context":"https:\/\/schema.org","@graph":[{"@type":"WebPage","@id":"https:\/\/audi-klaus.at\/shop\/produkt\/audi-a1-8x-a3-8p-vw-golf-jetta-5-passat-b6-b7-cc-touran-1-stg-kraftstoffpumpe-neu-1k0906093g\/","url":"https:\/\/audi-klaus.at\/shop\/produkt\/audi-a1-8x-a3-8p-vw-golf-jetta-5-passat-b6-b7-cc-touran-1-stg-kraftstoffpumpe-neu-1k0906093g\/","name":"Audi A1\/8X\/A3\/8P\/Vw Golf\/Jetta\/5\/Passat\/B6\/B7\/CC\/Touran\/1 Steuerger\u00e4t Kraftstoffpumpe NEU 1K0906093G - Audi-Klaus","isPartOf":{"@id":"https:\/\/audi-klaus.at\/shop\/#website"},"primaryImageOfPage":{"@id":"https:\/\/audi-klaus.at\/shop\/produkt\/audi-a1-8x-a3-8p-vw-golf-jetta-5-passat-b6-b7-cc-touran-1-stg-kraftstoffpumpe-neu-1k0906093g\/#primaryimage"},"image":{"@id":"https:\/\/audi-klaus.at\/shop\/produkt\/audi-a1-8x-a3-8p-vw-golf-jetta-5-passat-b6-b7-cc-touran-1-stg-kraftstoffpumpe-neu-1k0906093g\/#primaryimage"},"thumbnailUrl":"https:\/\/audi-klaus.at\/shop\/wp-content\/uploads\/2022\/07\/E974-3.jpg","datePublished":"2022-07-01T16:32:17+00:00","dateModified":"2026-01-07T20:52:06+00:00","description":"Audi-Klaus Audi A1\/8X\/A3\/8P\/Vw Golf\/Jetta\/5\/Passat\/B6\/B7\/CC\/Touran\/1 Steuerger\u00e4t Kraftstoffpumpe NEU 1K0906093G - Audi A1\/8X\/A3\/8P\/Vw Golf\/Jetta\/5\/Passat\/B6\/B7\/CC\/Touran\/1 Stg Kraftstoffpumpe NEU 1K0906093G","breadcrumb":{"@id":"https:\/\/audi-klaus.at\/shop\/produkt\/audi-a1-8x-a3-8p-vw-golf-jetta-5-passat-b6-b7-cc-touran-1-stg-kraftstoffpumpe-neu-1k0906093g\/#breadcrumb"},"inLanguage":"de-AT","potentialAction":[{"@type":"ReadAction","target":["https:\/\/audi-klaus.at\/shop\/produkt\/audi-a1-8x-a3-8p-vw-golf-jetta-5-passat-b6-b7-cc-touran-1-stg-kraftstoffpumpe-neu-1k0906093g\/"]}]},{"@type":"ImageObject","inLanguage":"de-AT","@id":"https:\/\/audi-klaus.at\/shop\/produkt\/audi-a1-8x-a3-8p-vw-golf-jetta-5-passat-b6-b7-cc-touran-1-stg-kraftstoffpumpe-neu-1k0906093g\/#primaryimage","url":"https:\/\/audi-klaus.at\/shop\/wp-content\/uploads\/2022\/07\/E974-3.jpg","contentUrl":"https:\/\/audi-klaus.at\/shop\/wp-content\/uploads\/2022\/07\/E974-3.jpg","width":418,"height":418},{"@type":"BreadcrumbList","@id":"https:\/\/audi-klaus.at\/shop\/produkt\/audi-a1-8x-a3-8p-vw-golf-jetta-5-passat-b6-b7-cc-touran-1-stg-kraftstoffpumpe-neu-1k0906093g\/#breadcrumb","itemListElement":[{"@type":"ListItem","position":1,"name":"Startseite","item":"https:\/\/audi-klaus.at\/shop\/"},{"@type":"ListItem","position":2,"name":"Shop","item":"https:\/\/audi-klaus.at\/shop\/"},{"@type":"ListItem","position":3,"name":"Audi A1\/8X\/A3\/8P\/Vw Golf\/Jetta\/5\/Passat\/B6\/B7\/CC\/Touran\/1 Steuerger\u00e4t Kraftstoffpumpe NEU 1K0906093G"}]},{"@type":"WebSite","@id":"https:\/\/audi-klaus.at\/shop\/#website","url":"https:\/\/audi-klaus.at\/shop\/","name":"Audi-Klaus","description":"Ihr Gebrauchtteile Spezialist f\u00fcr die Marken Audi, VW (VAG)","publisher":{"@id":"https:\/\/audi-klaus.at\/shop\/#organization"},"potentialAction":[{"@type":"SearchAction","target":{"@type":"EntryPoint","urlTemplate":"https:\/\/audi-klaus.at\/shop\/?s={search_term_string}"},"query-input":{"@type":"PropertyValueSpecification","valueRequired":true,"valueName":"search_term_string"}}],"inLanguage":"de-AT"},{"@type":"Organization","@id":"https:\/\/audi-klaus.at\/shop\/#organization","name":"Audi-Klaus","url":"https:\/\/audi-klaus.at\/shop\/","logo":{"@type":"ImageObject","inLanguage":"de-AT","@id":"https:\/\/audi-klaus.at\/shop\/#\/schema\/logo\/image\/","url":"https:\/\/audi-klaus.at\/shop\/wp-content\/uploads\/2024\/10\/Logo-Shop.webp","contentUrl":"https:\/\/audi-klaus.at\/shop\/wp-content\/uploads\/2024\/10\/Logo-Shop.webp","width":470,"height":164,"caption":"Audi-Klaus"},"image":{"@id":"https:\/\/audi-klaus.at\/shop\/#\/schema\/logo\/image\/"},"sameAs":["https:\/\/www.facebook.com\/audi.klaus.1312\/","https:\/\/www.instagram.com\/audi_klaus\/?igshid=1eca3qu2mdayg"]}]}},"_links":{"self":[{"href":"https:\/\/audi-klaus.at\/shop\/wp-json\/wp\/v2\/product\/44637","targetHints":{"allow":["GET"]}}],"collection":[{"href":"https:\/\/audi-klaus.at\/shop\/wp-json\/wp\/v2\/product"}],"about":[{"href":"https:\/\/audi-klaus.at\/shop\/wp-json\/wp\/v2\/types\/product"}],"wp:featuredmedia":[{"embeddable":true,"href":"https:\/\/audi-klaus.at\/shop\/wp-json\/wp\/v2\/media\/44557"}],"wp:attachment":[{"href":"https:\/\/audi-klaus.at\/shop\/wp-json\/wp\/v2\/media?parent=44637"}],"wp:term":[{"taxonomy":"product_brand","embeddable":true,"href":"https:\/\/audi-klaus.at\/shop\/wp-json\/wp\/v2\/product_brand?post=44637"},{"taxonomy":"product_cat","embeddable":true,"href":"https:\/\/audi-klaus.at\/shop\/wp-json\/wp\/v2\/product_cat?post=44637"},{"taxonomy":"product_tag","embeddable":true,"href":"https:\/\/audi-klaus.at\/shop\/wp-json\/wp\/v2\/product_tag?post=44637"}],"curies":[{"name":"wp","href":"https:\/\/api.w.org\/{rel}","templated":true}]}}