{"id":42778,"date":"2022-05-23T11:56:00","date_gmt":"2022-05-23T09:56:00","guid":{"rendered":"https:\/\/audi-klaus.at\/shop\/?post_type=product&#038;p=42778"},"modified":"2026-01-07T21:51:28","modified_gmt":"2026-01-07T20:51:28","slug":"vw-golf-jetta-1-2-caddy-cabrio-passat-32b-polo-2-scirocco-bus-1-2-t3-schraube-fuer-zahnriemenschutz-neu-068109136a","status":"publish","type":"product","link":"https:\/\/audi-klaus.at\/shop\/produkt\/vw-golf-jetta-1-2-caddy-cabrio-passat-32b-polo-2-scirocco-bus-1-2-t3-schraube-fuer-zahnriemenschutz-neu-068109136a\/","title":{"rendered":"VW Golf\/Jetta\/1\/2\/Caddy\/Cabrio\/Passat\/32B\/Polo\/2\/Scirocco\/1\/2\/Bus\/T3 Schraube f\u00fcr Zahnriemenschutz NEU 068109136A"},"content":{"rendered":"<h5 class=\"western\"><span style=\"color: #060606;\"><span style=\"font-family: Verdana, serif;\"><span style=\"font-size: small;\"><b>VAG Teilenummer<\/b><\/span><\/span><\/span><span style=\"color: #060606;\"><span style=\"font-family: Verdana, serif;\"><span style=\"font-size: small;\">: 068 109 136 A<\/span><\/span><\/span><\/h5>\n<h5 class=\"western\"><span style=\"color: #060606;\"><span style=\"font-family: Verdana, serif;\"><span style=\"font-size: small;\"><b>Zustand:<\/b><\/span><\/span><\/span><span style=\"color: #060606;\"><span style=\"font-family: Verdana, serif;\"><span style=\"font-size: small;\">\u00a0 <\/span><\/span><\/span><span style=\"color: #060606;\"><span style=\"font-family: Verdana, serif;\"><span style=\"font-size: small;\"><span lang=\"de-DE\">NEU<\/span><\/span><\/span><\/span><\/h5>\n<h5 class=\"western\"><span style=\"color: #060606;\"><span style=\"font-family: Verdana, serif;\"><span style=\"font-size: small;\"><b>Lieferumfang:<\/b><\/span><\/span><\/span><span style=\"color: #060606;\"><span style=\"font-family: Verdana, serif;\"><span style=\"font-size: small;\">\u00a0wie in den Original-Abbildungen angegeben<\/span><\/span><\/span><\/h5>\n<h5 class=\"western\"><span style=\"color: #060606;\"><span style=\"font-family: Verdana, serif;\"><span style=\"font-size: small;\"><b>Hinweis:<\/b><\/span><\/span><\/span><span style=\"color: #060606;\"><span style=\"font-family: Verdana, serif;\"><span style=\"font-size: small;\">\u00a0Bitte \u00fcberpr\u00fcfen Sie vor dem Kauf anhand der eindeutigen Teilenummern, ob der Artikel zum Fahrzeug passt, um R\u00fccksendungen zu vermeiden! Trotz Angabe der entsprechenden Fahrzeugdaten ist eine eindeutige Zuordnung nur \u00fcber die Teilenummer m\u00f6glich! Die abgelesene Teilenummer ist die Teilenummer des Teils, welches geliefert wird. Die Originalteilnummer ist diejenige, die bei Neubestellung f\u00fcr dieses Teil gilt und der m\u00f6glicherweise abweichenden, gelieferten Teilenummer entspricht. Sollten weitere Fragen offen sein, kontaktieren Sie uns bitte unter\u00a0<\/span><\/span><\/span><a href=\"mailto:office@audi-klaus.at\"><span style=\"color: #0000ff;\"><span style=\"font-family: Verdana, serif;\"><span style=\"font-size: small;\"><u>office@audi-klaus.at<\/u><\/span><\/span><\/span><\/a><\/h5>\n<h5 class=\"western\"><\/h5>\n","protected":false},"excerpt":{"rendered":"<h4><strong>Marke: VW<\/strong><\/h4>\n<h4><strong>Modell: Golf\/Jetta\/Caddy\/Cabrio\/Passat\/Polo\/Scirocco\/Bus<\/strong><\/h4>\n<h4><strong>Typ: 1\/2\/32b\/1\/2\/T3<\/strong><\/h4>\n","protected":false},"featured_media":42779,"template":"","meta":[],"product_brand":[],"product_cat":[1216,1176,1217,1180,1230,1186,1241,1193,1255,1194,7179,1164,1201,1165,1204,1166,1205,1167,1211,1170,1212,1172],"product_tag":[13071,13072,13073],"class_list":{"0":"post-42778","1":"product","2":"type-product","3":"status-publish","4":"has-post-thumbnail","6":"product_cat-2-86c-1981-1990","7":"product_cat-passat","8":"product_cat-2-2f-1990-1994","9":"product_cat-caddy","10":"product_cat-b2-32b-1980-1988","11":"product_cat-bus","12":"product_cat-1-14d-1978-1992","13":"product_cat-1-171-1974-1985","14":"product_cat-t3-251-1979-1992","15":"product_cat-2-191-1983-1992","16":"product_cat-kleinmaterial","17":"product_cat-vw","18":"product_cat-1-155-1979-1993","19":"product_cat-golf","20":"product_cat-1-161-1978-1987","21":"product_cat-golf-cabrio","22":"product_cat-2-165-1983-1992","23":"product_cat-jetta","24":"product_cat-1-53-1974-1981","25":"product_cat-scirocco","26":"product_cat-2-53b-1981-1992","27":"product_cat-polo","28":"product_tag-068109136a","29":"product_tag-13072","30":"product_tag-c780","32":"first","33":"outofstock","34":"taxable","35":"shipping-taxable","36":"purchasable","37":"product-type-simple"},"yoast_head":"<!-- This site is optimized with the Yoast SEO plugin v27.4 - https:\/\/yoast.com\/product\/yoast-seo-wordpress\/ -->\n<title>VW Golf\/Jetta\/1\/2\/Caddy\/Cabrio\/Passat\/32B\/Polo\/2\/Scirocco\/1\/2\/Bus\/T3 Schraube f\u00fcr Zahnriemenschutz NEU 068109136A - Audi-Klaus<\/title>\n<meta name=\"robots\" content=\"index, follow, max-snippet:-1, max-image-preview:large, max-video-preview:-1\" \/>\n<link rel=\"canonical\" href=\"https:\/\/audi-klaus.at\/shop\/produkt\/vw-golf-jetta-1-2-caddy-cabrio-passat-32b-polo-2-scirocco-bus-1-2-t3-schraube-fuer-zahnriemenschutz-neu-068109136a\/\" \/>\n<meta property=\"og:locale\" content=\"de_DE\" \/>\n<meta property=\"og:type\" content=\"article\" \/>\n<meta property=\"og:title\" content=\"VW Golf\/Jetta\/1\/2\/Caddy\/Cabrio\/Passat\/32B\/Polo\/2\/Scirocco\/1\/2\/Bus\/T3 Schraube f\u00fcr Zahnriemenschutz NEU 068109136A - Audi-Klaus\" \/>\n<meta property=\"og:description\" content=\"Marke: VW Modell: Golf\/Jetta\/Caddy\/Cabrio\/Passat\/Polo\/Scirocco\/Bus Typ: 1\/2\/32b\/1\/2\/T3\" \/>\n<meta property=\"og:url\" content=\"https:\/\/audi-klaus.at\/shop\/produkt\/vw-golf-jetta-1-2-caddy-cabrio-passat-32b-polo-2-scirocco-bus-1-2-t3-schraube-fuer-zahnriemenschutz-neu-068109136a\/\" \/>\n<meta property=\"og:site_name\" content=\"Audi-Klaus\" \/>\n<meta property=\"article:publisher\" content=\"https:\/\/www.facebook.com\/audi.klaus.1312\/\" \/>\n<meta property=\"article:modified_time\" content=\"2026-01-07T20:51:28+00:00\" \/>\n<meta property=\"og:image\" content=\"https:\/\/audi-klaus.at\/shop\/wp-content\/uploads\/2022\/05\/C780-3.jpg\" \/>\n\t<meta property=\"og:image:width\" content=\"418\" \/>\n\t<meta property=\"og:image:height\" content=\"418\" \/>\n\t<meta property=\"og:image:type\" content=\"image\/jpeg\" \/>\n<meta name=\"twitter:card\" content=\"summary_large_image\" \/>\n<script type=\"application\/ld+json\" class=\"yoast-schema-graph\">{\"@context\":\"https:\\\/\\\/schema.org\",\"@graph\":[{\"@type\":\"WebPage\",\"@id\":\"https:\\\/\\\/audi-klaus.at\\\/shop\\\/produkt\\\/vw-golf-jetta-1-2-caddy-cabrio-passat-32b-polo-2-scirocco-bus-1-2-t3-schraube-fuer-zahnriemenschutz-neu-068109136a\\\/\",\"url\":\"https:\\\/\\\/audi-klaus.at\\\/shop\\\/produkt\\\/vw-golf-jetta-1-2-caddy-cabrio-passat-32b-polo-2-scirocco-bus-1-2-t3-schraube-fuer-zahnriemenschutz-neu-068109136a\\\/\",\"name\":\"VW Golf\\\/Jetta\\\/1\\\/2\\\/Caddy\\\/Cabrio\\\/Passat\\\/32B\\\/Polo\\\/2\\\/Scirocco\\\/1\\\/2\\\/Bus\\\/T3 Schraube f\u00fcr Zahnriemenschutz NEU 068109136A - Audi-Klaus\",\"isPartOf\":{\"@id\":\"https:\\\/\\\/audi-klaus.at\\\/shop\\\/#website\"},\"primaryImageOfPage\":{\"@id\":\"https:\\\/\\\/audi-klaus.at\\\/shop\\\/produkt\\\/vw-golf-jetta-1-2-caddy-cabrio-passat-32b-polo-2-scirocco-bus-1-2-t3-schraube-fuer-zahnriemenschutz-neu-068109136a\\\/#primaryimage\"},\"image\":{\"@id\":\"https:\\\/\\\/audi-klaus.at\\\/shop\\\/produkt\\\/vw-golf-jetta-1-2-caddy-cabrio-passat-32b-polo-2-scirocco-bus-1-2-t3-schraube-fuer-zahnriemenschutz-neu-068109136a\\\/#primaryimage\"},\"thumbnailUrl\":\"https:\\\/\\\/audi-klaus.at\\\/shop\\\/wp-content\\\/uploads\\\/2022\\\/05\\\/C780-3.jpg\",\"datePublished\":\"2022-05-23T09:56:00+00:00\",\"dateModified\":\"2026-01-07T20:51:28+00:00\",\"breadcrumb\":{\"@id\":\"https:\\\/\\\/audi-klaus.at\\\/shop\\\/produkt\\\/vw-golf-jetta-1-2-caddy-cabrio-passat-32b-polo-2-scirocco-bus-1-2-t3-schraube-fuer-zahnriemenschutz-neu-068109136a\\\/#breadcrumb\"},\"inLanguage\":\"de-AT\",\"potentialAction\":[{\"@type\":\"ReadAction\",\"target\":[\"https:\\\/\\\/audi-klaus.at\\\/shop\\\/produkt\\\/vw-golf-jetta-1-2-caddy-cabrio-passat-32b-polo-2-scirocco-bus-1-2-t3-schraube-fuer-zahnriemenschutz-neu-068109136a\\\/\"]}]},{\"@type\":\"ImageObject\",\"inLanguage\":\"de-AT\",\"@id\":\"https:\\\/\\\/audi-klaus.at\\\/shop\\\/produkt\\\/vw-golf-jetta-1-2-caddy-cabrio-passat-32b-polo-2-scirocco-bus-1-2-t3-schraube-fuer-zahnriemenschutz-neu-068109136a\\\/#primaryimage\",\"url\":\"https:\\\/\\\/audi-klaus.at\\\/shop\\\/wp-content\\\/uploads\\\/2022\\\/05\\\/C780-3.jpg\",\"contentUrl\":\"https:\\\/\\\/audi-klaus.at\\\/shop\\\/wp-content\\\/uploads\\\/2022\\\/05\\\/C780-3.jpg\",\"width\":418,\"height\":418},{\"@type\":\"BreadcrumbList\",\"@id\":\"https:\\\/\\\/audi-klaus.at\\\/shop\\\/produkt\\\/vw-golf-jetta-1-2-caddy-cabrio-passat-32b-polo-2-scirocco-bus-1-2-t3-schraube-fuer-zahnriemenschutz-neu-068109136a\\\/#breadcrumb\",\"itemListElement\":[{\"@type\":\"ListItem\",\"position\":1,\"name\":\"Startseite\",\"item\":\"https:\\\/\\\/audi-klaus.at\\\/shop\\\/\"},{\"@type\":\"ListItem\",\"position\":2,\"name\":\"Shop\",\"item\":\"https:\\\/\\\/audi-klaus.at\\\/shop\\\/\"},{\"@type\":\"ListItem\",\"position\":3,\"name\":\"VW Golf\\\/Jetta\\\/1\\\/2\\\/Caddy\\\/Cabrio\\\/Passat\\\/32B\\\/Polo\\\/2\\\/Scirocco\\\/1\\\/2\\\/Bus\\\/T3 Schraube f\u00fcr Zahnriemenschutz NEU 068109136A\"}]},{\"@type\":\"WebSite\",\"@id\":\"https:\\\/\\\/audi-klaus.at\\\/shop\\\/#website\",\"url\":\"https:\\\/\\\/audi-klaus.at\\\/shop\\\/\",\"name\":\"Audi-Klaus\",\"description\":\"Ihr Gebrauchtteile Spezialist f\u00fcr die Marken Audi, VW (VAG)\",\"publisher\":{\"@id\":\"https:\\\/\\\/audi-klaus.at\\\/shop\\\/#organization\"},\"potentialAction\":[{\"@type\":\"SearchAction\",\"target\":{\"@type\":\"EntryPoint\",\"urlTemplate\":\"https:\\\/\\\/audi-klaus.at\\\/shop\\\/?s={search_term_string}\"},\"query-input\":{\"@type\":\"PropertyValueSpecification\",\"valueRequired\":true,\"valueName\":\"search_term_string\"}}],\"inLanguage\":\"de-AT\"},{\"@type\":\"Organization\",\"@id\":\"https:\\\/\\\/audi-klaus.at\\\/shop\\\/#organization\",\"name\":\"Audi-Klaus\",\"url\":\"https:\\\/\\\/audi-klaus.at\\\/shop\\\/\",\"logo\":{\"@type\":\"ImageObject\",\"inLanguage\":\"de-AT\",\"@id\":\"https:\\\/\\\/audi-klaus.at\\\/shop\\\/#\\\/schema\\\/logo\\\/image\\\/\",\"url\":\"https:\\\/\\\/audi-klaus.at\\\/shop\\\/wp-content\\\/uploads\\\/2024\\\/10\\\/Logo-Shop.webp\",\"contentUrl\":\"https:\\\/\\\/audi-klaus.at\\\/shop\\\/wp-content\\\/uploads\\\/2024\\\/10\\\/Logo-Shop.webp\",\"width\":470,\"height\":164,\"caption\":\"Audi-Klaus\"},\"image\":{\"@id\":\"https:\\\/\\\/audi-klaus.at\\\/shop\\\/#\\\/schema\\\/logo\\\/image\\\/\"},\"sameAs\":[\"https:\\\/\\\/www.facebook.com\\\/audi.klaus.1312\\\/\",\"https:\\\/\\\/www.instagram.com\\\/audi_klaus\\\/?igshid=1eca3qu2mdayg\"]}]}<\/script>\n<!-- \/ Yoast SEO plugin. -->","yoast_head_json":{"title":"VW Golf\/Jetta\/1\/2\/Caddy\/Cabrio\/Passat\/32B\/Polo\/2\/Scirocco\/1\/2\/Bus\/T3 Schraube f\u00fcr Zahnriemenschutz NEU 068109136A - Audi-Klaus","robots":{"index":"index","follow":"follow","max-snippet":"max-snippet:-1","max-image-preview":"max-image-preview:large","max-video-preview":"max-video-preview:-1"},"canonical":"https:\/\/audi-klaus.at\/shop\/produkt\/vw-golf-jetta-1-2-caddy-cabrio-passat-32b-polo-2-scirocco-bus-1-2-t3-schraube-fuer-zahnriemenschutz-neu-068109136a\/","og_locale":"de_DE","og_type":"article","og_title":"VW Golf\/Jetta\/1\/2\/Caddy\/Cabrio\/Passat\/32B\/Polo\/2\/Scirocco\/1\/2\/Bus\/T3 Schraube f\u00fcr Zahnriemenschutz NEU 068109136A - Audi-Klaus","og_description":"Marke: VW Modell: Golf\/Jetta\/Caddy\/Cabrio\/Passat\/Polo\/Scirocco\/Bus Typ: 1\/2\/32b\/1\/2\/T3","og_url":"https:\/\/audi-klaus.at\/shop\/produkt\/vw-golf-jetta-1-2-caddy-cabrio-passat-32b-polo-2-scirocco-bus-1-2-t3-schraube-fuer-zahnriemenschutz-neu-068109136a\/","og_site_name":"Audi-Klaus","article_publisher":"https:\/\/www.facebook.com\/audi.klaus.1312\/","article_modified_time":"2026-01-07T20:51:28+00:00","og_image":[{"width":418,"height":418,"url":"https:\/\/audi-klaus.at\/shop\/wp-content\/uploads\/2022\/05\/C780-3.jpg","type":"image\/jpeg"}],"twitter_card":"summary_large_image","schema":{"@context":"https:\/\/schema.org","@graph":[{"@type":"WebPage","@id":"https:\/\/audi-klaus.at\/shop\/produkt\/vw-golf-jetta-1-2-caddy-cabrio-passat-32b-polo-2-scirocco-bus-1-2-t3-schraube-fuer-zahnriemenschutz-neu-068109136a\/","url":"https:\/\/audi-klaus.at\/shop\/produkt\/vw-golf-jetta-1-2-caddy-cabrio-passat-32b-polo-2-scirocco-bus-1-2-t3-schraube-fuer-zahnriemenschutz-neu-068109136a\/","name":"VW Golf\/Jetta\/1\/2\/Caddy\/Cabrio\/Passat\/32B\/Polo\/2\/Scirocco\/1\/2\/Bus\/T3 Schraube f\u00fcr Zahnriemenschutz NEU 068109136A - Audi-Klaus","isPartOf":{"@id":"https:\/\/audi-klaus.at\/shop\/#website"},"primaryImageOfPage":{"@id":"https:\/\/audi-klaus.at\/shop\/produkt\/vw-golf-jetta-1-2-caddy-cabrio-passat-32b-polo-2-scirocco-bus-1-2-t3-schraube-fuer-zahnriemenschutz-neu-068109136a\/#primaryimage"},"image":{"@id":"https:\/\/audi-klaus.at\/shop\/produkt\/vw-golf-jetta-1-2-caddy-cabrio-passat-32b-polo-2-scirocco-bus-1-2-t3-schraube-fuer-zahnriemenschutz-neu-068109136a\/#primaryimage"},"thumbnailUrl":"https:\/\/audi-klaus.at\/shop\/wp-content\/uploads\/2022\/05\/C780-3.jpg","datePublished":"2022-05-23T09:56:00+00:00","dateModified":"2026-01-07T20:51:28+00:00","breadcrumb":{"@id":"https:\/\/audi-klaus.at\/shop\/produkt\/vw-golf-jetta-1-2-caddy-cabrio-passat-32b-polo-2-scirocco-bus-1-2-t3-schraube-fuer-zahnriemenschutz-neu-068109136a\/#breadcrumb"},"inLanguage":"de-AT","potentialAction":[{"@type":"ReadAction","target":["https:\/\/audi-klaus.at\/shop\/produkt\/vw-golf-jetta-1-2-caddy-cabrio-passat-32b-polo-2-scirocco-bus-1-2-t3-schraube-fuer-zahnriemenschutz-neu-068109136a\/"]}]},{"@type":"ImageObject","inLanguage":"de-AT","@id":"https:\/\/audi-klaus.at\/shop\/produkt\/vw-golf-jetta-1-2-caddy-cabrio-passat-32b-polo-2-scirocco-bus-1-2-t3-schraube-fuer-zahnriemenschutz-neu-068109136a\/#primaryimage","url":"https:\/\/audi-klaus.at\/shop\/wp-content\/uploads\/2022\/05\/C780-3.jpg","contentUrl":"https:\/\/audi-klaus.at\/shop\/wp-content\/uploads\/2022\/05\/C780-3.jpg","width":418,"height":418},{"@type":"BreadcrumbList","@id":"https:\/\/audi-klaus.at\/shop\/produkt\/vw-golf-jetta-1-2-caddy-cabrio-passat-32b-polo-2-scirocco-bus-1-2-t3-schraube-fuer-zahnriemenschutz-neu-068109136a\/#breadcrumb","itemListElement":[{"@type":"ListItem","position":1,"name":"Startseite","item":"https:\/\/audi-klaus.at\/shop\/"},{"@type":"ListItem","position":2,"name":"Shop","item":"https:\/\/audi-klaus.at\/shop\/"},{"@type":"ListItem","position":3,"name":"VW Golf\/Jetta\/1\/2\/Caddy\/Cabrio\/Passat\/32B\/Polo\/2\/Scirocco\/1\/2\/Bus\/T3 Schraube f\u00fcr Zahnriemenschutz NEU 068109136A"}]},{"@type":"WebSite","@id":"https:\/\/audi-klaus.at\/shop\/#website","url":"https:\/\/audi-klaus.at\/shop\/","name":"Audi-Klaus","description":"Ihr Gebrauchtteile Spezialist f\u00fcr die Marken Audi, VW (VAG)","publisher":{"@id":"https:\/\/audi-klaus.at\/shop\/#organization"},"potentialAction":[{"@type":"SearchAction","target":{"@type":"EntryPoint","urlTemplate":"https:\/\/audi-klaus.at\/shop\/?s={search_term_string}"},"query-input":{"@type":"PropertyValueSpecification","valueRequired":true,"valueName":"search_term_string"}}],"inLanguage":"de-AT"},{"@type":"Organization","@id":"https:\/\/audi-klaus.at\/shop\/#organization","name":"Audi-Klaus","url":"https:\/\/audi-klaus.at\/shop\/","logo":{"@type":"ImageObject","inLanguage":"de-AT","@id":"https:\/\/audi-klaus.at\/shop\/#\/schema\/logo\/image\/","url":"https:\/\/audi-klaus.at\/shop\/wp-content\/uploads\/2024\/10\/Logo-Shop.webp","contentUrl":"https:\/\/audi-klaus.at\/shop\/wp-content\/uploads\/2024\/10\/Logo-Shop.webp","width":470,"height":164,"caption":"Audi-Klaus"},"image":{"@id":"https:\/\/audi-klaus.at\/shop\/#\/schema\/logo\/image\/"},"sameAs":["https:\/\/www.facebook.com\/audi.klaus.1312\/","https:\/\/www.instagram.com\/audi_klaus\/?igshid=1eca3qu2mdayg"]}]}},"_links":{"self":[{"href":"https:\/\/audi-klaus.at\/shop\/wp-json\/wp\/v2\/product\/42778","targetHints":{"allow":["GET"]}}],"collection":[{"href":"https:\/\/audi-klaus.at\/shop\/wp-json\/wp\/v2\/product"}],"about":[{"href":"https:\/\/audi-klaus.at\/shop\/wp-json\/wp\/v2\/types\/product"}],"wp:featuredmedia":[{"embeddable":true,"href":"https:\/\/audi-klaus.at\/shop\/wp-json\/wp\/v2\/media\/42779"}],"wp:attachment":[{"href":"https:\/\/audi-klaus.at\/shop\/wp-json\/wp\/v2\/media?parent=42778"}],"wp:term":[{"taxonomy":"product_brand","embeddable":true,"href":"https:\/\/audi-klaus.at\/shop\/wp-json\/wp\/v2\/product_brand?post=42778"},{"taxonomy":"product_cat","embeddable":true,"href":"https:\/\/audi-klaus.at\/shop\/wp-json\/wp\/v2\/product_cat?post=42778"},{"taxonomy":"product_tag","embeddable":true,"href":"https:\/\/audi-klaus.at\/shop\/wp-json\/wp\/v2\/product_tag?post=42778"}],"curies":[{"name":"wp","href":"https:\/\/api.w.org\/{rel}","templated":true}]}}