{"id":40801,"date":"2025-10-22T11:54:02","date_gmt":"2025-10-22T09:54:02","guid":{"rendered":"http:\/\/audi-klaus.at.server171-han.server-routing.com\/shop\/?post_type=product&#038;p=40801"},"modified":"2026-01-07T21:50:18","modified_gmt":"2026-01-07T20:50:18","slug":"audi-a4-b5-vfl-holzdekor-interieur-8d0867409-8d1853189-8d0867419-8d1853190-8d0867410-8d0867420-8d0863263","status":"publish","type":"product","link":"https:\/\/audi-klaus.at\/shop\/produkt\/audi-a4-b5-vfl-holzdekor-interieur-8d0867409-8d1853189-8d0867419-8d1853190-8d0867410-8d0867420-8d0863263\/","title":{"rendered":"Audi A4\/B5 VFL Holzdekor Interieur 8D0867409\/8D1853189\/8D0867419\/8D1853190\/8D0867410\/8D0867420\/8D0863263 B-Ware!"},"content":{"rendered":"<h5 class=\"western\"><span style=\"color: #060606;\"><span style=\"font-family: Verdana, serif;\"><span style=\"font-size: small;\"><b>VAG Teilenummer<\/b><\/span><\/span><\/span><span style=\"color: #060606;\"><span style=\"font-family: Verdana, serif;\"><span style=\"font-size: small;\">: 8D0 867 409, 8D1 853 189, 8D0 867 419, 8D1 853 190, 8D0 867 410, 8D0 867 420, 8D0 863 263<\/span><\/span><\/span><\/h5>\n<h5 class=\"western\"><span style=\"color: #060606;\"><span style=\"font-family: Verdana, serif;\"><span style=\"font-size: small;\"><b>Zustand:<\/b><\/span><\/span><\/span><span style=\"color: #060606;\"><span style=\"font-family: Verdana, serif;\"><span style=\"font-size: small;\">\u00a0 <\/span><\/span><\/span><span style=\"color: #060606;\"><span style=\"font-family: Verdana, serif;\"><span style=\"font-size: small;\"><span lang=\"de-DE\">Gebraucht<\/span><\/span><\/span><\/span><\/h5>\n<h5 class=\"western\"><span style=\"color: #060606;\"><span style=\"font-family: Verdana, serif;\"><span style=\"font-size: small;\"><b>Lieferumfang:<\/b><\/span><\/span><\/span><span style=\"color: #060606;\"><span style=\"font-family: Verdana, serif;\"><span style=\"font-size: small;\">\u00a0wie in den Original-Abbildungen angegeben<\/span><\/span><\/span><\/h5>\n<h5 class=\"western\"><span style=\"color: #060606;\"><span style=\"font-family: Verdana, serif;\"><span style=\"font-size: small;\"><b>Hinweis:<\/b><\/span><\/span><\/span><span style=\"color: #060606;\"><span style=\"font-family: Verdana, serif;\"><span style=\"font-size: small;\">\u00a0Bitte \u00fcberpr\u00fcfen Sie vor dem Kauf anhand der eindeutigen Teilenummern, ob der Artikel zum Fahrzeug passt, um R\u00fccksendungen zu vermeiden! Trotz Angabe der entsprechenden Fahrzeugdaten ist eine eindeutige Zuordnung nur \u00fcber die Teilenummer m\u00f6glich! Die abgelesene Teilenummer ist die Teilenummer des Teils, welches geliefert wird. Die Originalteilnummer ist diejenige, die bei Neubestellung f\u00fcr dieses Teil gilt und der m\u00f6glicherweise abweichenden, gelieferten Teilenummer entspricht. <\/span><\/span><\/span><\/h5>\n<h5 class=\"western\"><span style=\"color: #060606;\"><span style=\"font-family: Verdana, serif;\"><span style=\"font-size: small;\"><span lang=\"de-DE\">Gebraucht<\/span><\/span><\/span><\/span><span style=\"color: #060606;\"><span style=\"font-family: Verdana, serif;\"><span style=\"font-size: small;\"> mit Gebrauchsspuren in Form von Verunreinigungen\/ kleinen Kratzern m\u00f6glich. Die Ware wird ungereinigt geliefert.<\/span><\/span><\/span><\/h5>\n<h5 class=\"western\"><span style=\"color: #060606;\"><span style=\"font-family: Verdana, serif;\"><span style=\"font-size: small;\">Sollten weitere Fragen offen sein, kontaktieren Sie uns bitte unter\u00a0<\/span><\/span><\/span><a href=\"mailto:office@audi-klaus.at\"><span style=\"color: #0000ff;\"><span style=\"font-family: Verdana, serif;\"><span style=\"font-size: small;\"><u>office@audi-klaus.at<\/u><\/span><\/span><\/span><\/a><b><\/b><\/h5>\n","protected":false},"excerpt":{"rendered":"<h5 class=\"western\"><strong><span style=\"color: #000000;\"><span style=\"font-family: Source Sans Pro, serif;\"><span style=\"font-size: x-large;\"><b>Marke: Audi<br \/>\nModell: A4<br \/>\nTyp: B5 VFL<\/b><\/span><\/span><\/span><\/strong><\/h5>\n<h5 class=\"western\"><strong><span style=\"color: #c9211e;\"><span style=\"font-family: Source Sans Pro, serif;\"><span style=\"font-size: large;\">Quattro<\/span><\/span><\/span><\/strong><\/h5>\n<h5 class=\"western\"><strong><span style=\"color: #c9211e;\"><span style=\"font-family: Source Sans Pro, serif;\"><span style=\"font-size: large;\">Leiste weist Risse auf \/\u00a0<\/span><\/span><\/span><\/strong><strong><span style=\"color: #c9211e;\"><span style=\"font-family: Source Sans Pro, serif;\"><span style=\"font-size: large;\">Mittelteil besch\u00e4digt!!<\/span><\/span><\/span><\/strong><\/h5>\n","protected":false},"featured_media":99175,"template":"","meta":[],"product_brand":[],"product_cat":[32,370,497,502],"product_tag":[12567,12568,36501,4671,5217,5222,5224,12566],"class_list":{"0":"post-40801","1":"product","2":"type-product","3":"status-publish","4":"has-post-thumbnail","6":"product_cat-audi","7":"product_cat-a4","8":"product_cat-b5-1994-2001","9":"product_cat-innenraum-b5-1994-2001","10":"product_tag-8d0867419","11":"product_tag-8d1853190","12":"product_tag-ia1661","13":"product_tag-8d0863263","14":"product_tag-8d0867409","15":"product_tag-8d0867420","16":"product_tag-8d0867410","17":"product_tag-8d1853189","19":"first","20":"instock","21":"taxable","22":"shipping-taxable","23":"purchasable","24":"product-type-simple"},"yoast_head":"<!-- This site is optimized with the Yoast SEO plugin v27.3 - https:\/\/yoast.com\/product\/yoast-seo-wordpress\/ -->\n<title>Audi A4\/B5 VFL Holzdekor Interieur 8D0867409\/8D1853189\/8D0867419\/8D1853190\/8D0867410\/8D0867420\/8D0863263 B-Ware! - Audi-Klaus<\/title>\n<meta name=\"description\" content=\"Audi-Klaus Audi A4\/B5 VFL Holzdekor Interieur 8D0867409\/8D1853189\/8D0867419\/8D1853190\/8D0867410\/8D0867420\/8D0863263 B-Ware! Audi A4\/B5 VFL Holzdekor Interieur 8D0867409\/8D1853189\/8D0867419\/8D1853190\/8D0867410\/8D0867420\/8D0863263\" \/>\n<meta name=\"robots\" content=\"index, follow, max-snippet:-1, max-image-preview:large, max-video-preview:-1\" \/>\n<link rel=\"canonical\" href=\"https:\/\/audi-klaus.at\/shop\/produkt\/audi-a4-b5-vfl-holzdekor-interieur-8d0867409-8d1853189-8d0867419-8d1853190-8d0867410-8d0867420-8d0863263\/\" \/>\n<meta property=\"og:locale\" content=\"de_DE\" \/>\n<meta property=\"og:type\" content=\"article\" \/>\n<meta property=\"og:title\" content=\"Audi A4\/B5 VFL Holzdekor Interieur 8D0867409\/8D1853189\/8D0867419\/8D1853190\/8D0867410\/8D0867420\/8D0863263 B-Ware! - Audi-Klaus\" \/>\n<meta property=\"og:description\" content=\"Audi-Klaus Audi A4\/B5 VFL Holzdekor Interieur 8D0867409\/8D1853189\/8D0867419\/8D1853190\/8D0867410\/8D0867420\/8D0863263 B-Ware! Audi A4\/B5 VFL Holzdekor Interieur 8D0867409\/8D1853189\/8D0867419\/8D1853190\/8D0867410\/8D0867420\/8D0863263\" \/>\n<meta property=\"og:url\" content=\"https:\/\/audi-klaus.at\/shop\/produkt\/audi-a4-b5-vfl-holzdekor-interieur-8d0867409-8d1853189-8d0867419-8d1853190-8d0867410-8d0867420-8d0863263\/\" \/>\n<meta property=\"og:site_name\" content=\"Audi-Klaus\" \/>\n<meta property=\"article:publisher\" content=\"https:\/\/www.facebook.com\/audi.klaus.1312\/\" \/>\n<meta property=\"article:modified_time\" content=\"2026-01-07T20:50:18+00:00\" \/>\n<meta property=\"og:image\" content=\"https:\/\/audi-klaus.at\/shop\/wp-content\/uploads\/2022\/05\/IA1661-a.jpg\" \/>\n\t<meta property=\"og:image:width\" content=\"480\" \/>\n\t<meta property=\"og:image:height\" content=\"480\" \/>\n\t<meta property=\"og:image:type\" content=\"image\/jpeg\" \/>\n<meta name=\"twitter:card\" content=\"summary_large_image\" \/>\n<meta name=\"twitter:label1\" content=\"Gesch\u00e4tzte Lesezeit\" \/>\n\t<meta name=\"twitter:data1\" content=\"1 Minute\" \/>\n<script type=\"application\/ld+json\" class=\"yoast-schema-graph\">{\"@context\":\"https:\\\/\\\/schema.org\",\"@graph\":[{\"@type\":\"WebPage\",\"@id\":\"https:\\\/\\\/audi-klaus.at\\\/shop\\\/produkt\\\/audi-a4-b5-vfl-holzdekor-interieur-8d0867409-8d1853189-8d0867419-8d1853190-8d0867410-8d0867420-8d0863263\\\/\",\"url\":\"https:\\\/\\\/audi-klaus.at\\\/shop\\\/produkt\\\/audi-a4-b5-vfl-holzdekor-interieur-8d0867409-8d1853189-8d0867419-8d1853190-8d0867410-8d0867420-8d0863263\\\/\",\"name\":\"Audi A4\\\/B5 VFL Holzdekor Interieur 8D0867409\\\/8D1853189\\\/8D0867419\\\/8D1853190\\\/8D0867410\\\/8D0867420\\\/8D0863263 B-Ware! - Audi-Klaus\",\"isPartOf\":{\"@id\":\"https:\\\/\\\/audi-klaus.at\\\/shop\\\/#website\"},\"primaryImageOfPage\":{\"@id\":\"https:\\\/\\\/audi-klaus.at\\\/shop\\\/produkt\\\/audi-a4-b5-vfl-holzdekor-interieur-8d0867409-8d1853189-8d0867419-8d1853190-8d0867410-8d0867420-8d0863263\\\/#primaryimage\"},\"image\":{\"@id\":\"https:\\\/\\\/audi-klaus.at\\\/shop\\\/produkt\\\/audi-a4-b5-vfl-holzdekor-interieur-8d0867409-8d1853189-8d0867419-8d1853190-8d0867410-8d0867420-8d0863263\\\/#primaryimage\"},\"thumbnailUrl\":\"https:\\\/\\\/audi-klaus.at\\\/shop\\\/wp-content\\\/uploads\\\/2022\\\/05\\\/IA1661-a.jpg\",\"datePublished\":\"2025-10-22T09:54:02+00:00\",\"dateModified\":\"2026-01-07T20:50:18+00:00\",\"description\":\"Audi-Klaus Audi A4\\\/B5 VFL Holzdekor Interieur 8D0867409\\\/8D1853189\\\/8D0867419\\\/8D1853190\\\/8D0867410\\\/8D0867420\\\/8D0863263 B-Ware! Audi A4\\\/B5 VFL Holzdekor Interieur 8D0867409\\\/8D1853189\\\/8D0867419\\\/8D1853190\\\/8D0867410\\\/8D0867420\\\/8D0863263\",\"breadcrumb\":{\"@id\":\"https:\\\/\\\/audi-klaus.at\\\/shop\\\/produkt\\\/audi-a4-b5-vfl-holzdekor-interieur-8d0867409-8d1853189-8d0867419-8d1853190-8d0867410-8d0867420-8d0863263\\\/#breadcrumb\"},\"inLanguage\":\"de-AT\",\"potentialAction\":[{\"@type\":\"ReadAction\",\"target\":[\"https:\\\/\\\/audi-klaus.at\\\/shop\\\/produkt\\\/audi-a4-b5-vfl-holzdekor-interieur-8d0867409-8d1853189-8d0867419-8d1853190-8d0867410-8d0867420-8d0863263\\\/\"]}]},{\"@type\":\"ImageObject\",\"inLanguage\":\"de-AT\",\"@id\":\"https:\\\/\\\/audi-klaus.at\\\/shop\\\/produkt\\\/audi-a4-b5-vfl-holzdekor-interieur-8d0867409-8d1853189-8d0867419-8d1853190-8d0867410-8d0867420-8d0863263\\\/#primaryimage\",\"url\":\"https:\\\/\\\/audi-klaus.at\\\/shop\\\/wp-content\\\/uploads\\\/2022\\\/05\\\/IA1661-a.jpg\",\"contentUrl\":\"https:\\\/\\\/audi-klaus.at\\\/shop\\\/wp-content\\\/uploads\\\/2022\\\/05\\\/IA1661-a.jpg\",\"width\":480,\"height\":480},{\"@type\":\"BreadcrumbList\",\"@id\":\"https:\\\/\\\/audi-klaus.at\\\/shop\\\/produkt\\\/audi-a4-b5-vfl-holzdekor-interieur-8d0867409-8d1853189-8d0867419-8d1853190-8d0867410-8d0867420-8d0863263\\\/#breadcrumb\",\"itemListElement\":[{\"@type\":\"ListItem\",\"position\":1,\"name\":\"Startseite\",\"item\":\"https:\\\/\\\/audi-klaus.at\\\/shop\\\/\"},{\"@type\":\"ListItem\",\"position\":2,\"name\":\"Shop\",\"item\":\"https:\\\/\\\/audi-klaus.at\\\/shop\\\/\"},{\"@type\":\"ListItem\",\"position\":3,\"name\":\"Audi A4\\\/B5 VFL Holzdekor Interieur 8D0867409\\\/8D1853189\\\/8D0867419\\\/8D1853190\\\/8D0867410\\\/8D0867420\\\/8D0863263 B-Ware!\"}]},{\"@type\":\"WebSite\",\"@id\":\"https:\\\/\\\/audi-klaus.at\\\/shop\\\/#website\",\"url\":\"https:\\\/\\\/audi-klaus.at\\\/shop\\\/\",\"name\":\"Audi-Klaus\",\"description\":\"Ihr Gebrauchtteile Spezialist f\u00fcr die Marken Audi, VW (VAG)\",\"publisher\":{\"@id\":\"https:\\\/\\\/audi-klaus.at\\\/shop\\\/#organization\"},\"potentialAction\":[{\"@type\":\"SearchAction\",\"target\":{\"@type\":\"EntryPoint\",\"urlTemplate\":\"https:\\\/\\\/audi-klaus.at\\\/shop\\\/?s={search_term_string}\"},\"query-input\":{\"@type\":\"PropertyValueSpecification\",\"valueRequired\":true,\"valueName\":\"search_term_string\"}}],\"inLanguage\":\"de-AT\"},{\"@type\":\"Organization\",\"@id\":\"https:\\\/\\\/audi-klaus.at\\\/shop\\\/#organization\",\"name\":\"Audi-Klaus\",\"url\":\"https:\\\/\\\/audi-klaus.at\\\/shop\\\/\",\"logo\":{\"@type\":\"ImageObject\",\"inLanguage\":\"de-AT\",\"@id\":\"https:\\\/\\\/audi-klaus.at\\\/shop\\\/#\\\/schema\\\/logo\\\/image\\\/\",\"url\":\"https:\\\/\\\/audi-klaus.at\\\/shop\\\/wp-content\\\/uploads\\\/2024\\\/10\\\/Logo-Shop.webp\",\"contentUrl\":\"https:\\\/\\\/audi-klaus.at\\\/shop\\\/wp-content\\\/uploads\\\/2024\\\/10\\\/Logo-Shop.webp\",\"width\":470,\"height\":164,\"caption\":\"Audi-Klaus\"},\"image\":{\"@id\":\"https:\\\/\\\/audi-klaus.at\\\/shop\\\/#\\\/schema\\\/logo\\\/image\\\/\"},\"sameAs\":[\"https:\\\/\\\/www.facebook.com\\\/audi.klaus.1312\\\/\",\"https:\\\/\\\/www.instagram.com\\\/audi_klaus\\\/?igshid=1eca3qu2mdayg\"]}]}<\/script>\n<!-- \/ Yoast SEO plugin. -->","yoast_head_json":{"title":"Audi A4\/B5 VFL Holzdekor Interieur 8D0867409\/8D1853189\/8D0867419\/8D1853190\/8D0867410\/8D0867420\/8D0863263 B-Ware! - Audi-Klaus","description":"Audi-Klaus Audi A4\/B5 VFL Holzdekor Interieur 8D0867409\/8D1853189\/8D0867419\/8D1853190\/8D0867410\/8D0867420\/8D0863263 B-Ware! Audi A4\/B5 VFL Holzdekor Interieur 8D0867409\/8D1853189\/8D0867419\/8D1853190\/8D0867410\/8D0867420\/8D0863263","robots":{"index":"index","follow":"follow","max-snippet":"max-snippet:-1","max-image-preview":"max-image-preview:large","max-video-preview":"max-video-preview:-1"},"canonical":"https:\/\/audi-klaus.at\/shop\/produkt\/audi-a4-b5-vfl-holzdekor-interieur-8d0867409-8d1853189-8d0867419-8d1853190-8d0867410-8d0867420-8d0863263\/","og_locale":"de_DE","og_type":"article","og_title":"Audi A4\/B5 VFL Holzdekor Interieur 8D0867409\/8D1853189\/8D0867419\/8D1853190\/8D0867410\/8D0867420\/8D0863263 B-Ware! - Audi-Klaus","og_description":"Audi-Klaus Audi A4\/B5 VFL Holzdekor Interieur 8D0867409\/8D1853189\/8D0867419\/8D1853190\/8D0867410\/8D0867420\/8D0863263 B-Ware! Audi A4\/B5 VFL Holzdekor Interieur 8D0867409\/8D1853189\/8D0867419\/8D1853190\/8D0867410\/8D0867420\/8D0863263","og_url":"https:\/\/audi-klaus.at\/shop\/produkt\/audi-a4-b5-vfl-holzdekor-interieur-8d0867409-8d1853189-8d0867419-8d1853190-8d0867410-8d0867420-8d0863263\/","og_site_name":"Audi-Klaus","article_publisher":"https:\/\/www.facebook.com\/audi.klaus.1312\/","article_modified_time":"2026-01-07T20:50:18+00:00","og_image":[{"width":480,"height":480,"url":"https:\/\/audi-klaus.at\/shop\/wp-content\/uploads\/2022\/05\/IA1661-a.jpg","type":"image\/jpeg"}],"twitter_card":"summary_large_image","twitter_misc":{"Gesch\u00e4tzte Lesezeit":"1 Minute"},"schema":{"@context":"https:\/\/schema.org","@graph":[{"@type":"WebPage","@id":"https:\/\/audi-klaus.at\/shop\/produkt\/audi-a4-b5-vfl-holzdekor-interieur-8d0867409-8d1853189-8d0867419-8d1853190-8d0867410-8d0867420-8d0863263\/","url":"https:\/\/audi-klaus.at\/shop\/produkt\/audi-a4-b5-vfl-holzdekor-interieur-8d0867409-8d1853189-8d0867419-8d1853190-8d0867410-8d0867420-8d0863263\/","name":"Audi A4\/B5 VFL Holzdekor Interieur 8D0867409\/8D1853189\/8D0867419\/8D1853190\/8D0867410\/8D0867420\/8D0863263 B-Ware! - Audi-Klaus","isPartOf":{"@id":"https:\/\/audi-klaus.at\/shop\/#website"},"primaryImageOfPage":{"@id":"https:\/\/audi-klaus.at\/shop\/produkt\/audi-a4-b5-vfl-holzdekor-interieur-8d0867409-8d1853189-8d0867419-8d1853190-8d0867410-8d0867420-8d0863263\/#primaryimage"},"image":{"@id":"https:\/\/audi-klaus.at\/shop\/produkt\/audi-a4-b5-vfl-holzdekor-interieur-8d0867409-8d1853189-8d0867419-8d1853190-8d0867410-8d0867420-8d0863263\/#primaryimage"},"thumbnailUrl":"https:\/\/audi-klaus.at\/shop\/wp-content\/uploads\/2022\/05\/IA1661-a.jpg","datePublished":"2025-10-22T09:54:02+00:00","dateModified":"2026-01-07T20:50:18+00:00","description":"Audi-Klaus Audi A4\/B5 VFL Holzdekor Interieur 8D0867409\/8D1853189\/8D0867419\/8D1853190\/8D0867410\/8D0867420\/8D0863263 B-Ware! Audi A4\/B5 VFL Holzdekor Interieur 8D0867409\/8D1853189\/8D0867419\/8D1853190\/8D0867410\/8D0867420\/8D0863263","breadcrumb":{"@id":"https:\/\/audi-klaus.at\/shop\/produkt\/audi-a4-b5-vfl-holzdekor-interieur-8d0867409-8d1853189-8d0867419-8d1853190-8d0867410-8d0867420-8d0863263\/#breadcrumb"},"inLanguage":"de-AT","potentialAction":[{"@type":"ReadAction","target":["https:\/\/audi-klaus.at\/shop\/produkt\/audi-a4-b5-vfl-holzdekor-interieur-8d0867409-8d1853189-8d0867419-8d1853190-8d0867410-8d0867420-8d0863263\/"]}]},{"@type":"ImageObject","inLanguage":"de-AT","@id":"https:\/\/audi-klaus.at\/shop\/produkt\/audi-a4-b5-vfl-holzdekor-interieur-8d0867409-8d1853189-8d0867419-8d1853190-8d0867410-8d0867420-8d0863263\/#primaryimage","url":"https:\/\/audi-klaus.at\/shop\/wp-content\/uploads\/2022\/05\/IA1661-a.jpg","contentUrl":"https:\/\/audi-klaus.at\/shop\/wp-content\/uploads\/2022\/05\/IA1661-a.jpg","width":480,"height":480},{"@type":"BreadcrumbList","@id":"https:\/\/audi-klaus.at\/shop\/produkt\/audi-a4-b5-vfl-holzdekor-interieur-8d0867409-8d1853189-8d0867419-8d1853190-8d0867410-8d0867420-8d0863263\/#breadcrumb","itemListElement":[{"@type":"ListItem","position":1,"name":"Startseite","item":"https:\/\/audi-klaus.at\/shop\/"},{"@type":"ListItem","position":2,"name":"Shop","item":"https:\/\/audi-klaus.at\/shop\/"},{"@type":"ListItem","position":3,"name":"Audi A4\/B5 VFL Holzdekor Interieur 8D0867409\/8D1853189\/8D0867419\/8D1853190\/8D0867410\/8D0867420\/8D0863263 B-Ware!"}]},{"@type":"WebSite","@id":"https:\/\/audi-klaus.at\/shop\/#website","url":"https:\/\/audi-klaus.at\/shop\/","name":"Audi-Klaus","description":"Ihr Gebrauchtteile Spezialist f\u00fcr die Marken Audi, VW (VAG)","publisher":{"@id":"https:\/\/audi-klaus.at\/shop\/#organization"},"potentialAction":[{"@type":"SearchAction","target":{"@type":"EntryPoint","urlTemplate":"https:\/\/audi-klaus.at\/shop\/?s={search_term_string}"},"query-input":{"@type":"PropertyValueSpecification","valueRequired":true,"valueName":"search_term_string"}}],"inLanguage":"de-AT"},{"@type":"Organization","@id":"https:\/\/audi-klaus.at\/shop\/#organization","name":"Audi-Klaus","url":"https:\/\/audi-klaus.at\/shop\/","logo":{"@type":"ImageObject","inLanguage":"de-AT","@id":"https:\/\/audi-klaus.at\/shop\/#\/schema\/logo\/image\/","url":"https:\/\/audi-klaus.at\/shop\/wp-content\/uploads\/2024\/10\/Logo-Shop.webp","contentUrl":"https:\/\/audi-klaus.at\/shop\/wp-content\/uploads\/2024\/10\/Logo-Shop.webp","width":470,"height":164,"caption":"Audi-Klaus"},"image":{"@id":"https:\/\/audi-klaus.at\/shop\/#\/schema\/logo\/image\/"},"sameAs":["https:\/\/www.facebook.com\/audi.klaus.1312\/","https:\/\/www.instagram.com\/audi_klaus\/?igshid=1eca3qu2mdayg"]}]}},"_links":{"self":[{"href":"https:\/\/audi-klaus.at\/shop\/wp-json\/wp\/v2\/product\/40801","targetHints":{"allow":["GET"]}}],"collection":[{"href":"https:\/\/audi-klaus.at\/shop\/wp-json\/wp\/v2\/product"}],"about":[{"href":"https:\/\/audi-klaus.at\/shop\/wp-json\/wp\/v2\/types\/product"}],"wp:featuredmedia":[{"embeddable":true,"href":"https:\/\/audi-klaus.at\/shop\/wp-json\/wp\/v2\/media\/99175"}],"wp:attachment":[{"href":"https:\/\/audi-klaus.at\/shop\/wp-json\/wp\/v2\/media?parent=40801"}],"wp:term":[{"taxonomy":"product_brand","embeddable":true,"href":"https:\/\/audi-klaus.at\/shop\/wp-json\/wp\/v2\/product_brand?post=40801"},{"taxonomy":"product_cat","embeddable":true,"href":"https:\/\/audi-klaus.at\/shop\/wp-json\/wp\/v2\/product_cat?post=40801"},{"taxonomy":"product_tag","embeddable":true,"href":"https:\/\/audi-klaus.at\/shop\/wp-json\/wp\/v2\/product_tag?post=40801"}],"curies":[{"name":"wp","href":"https:\/\/api.w.org\/{rel}","templated":true}]}}