{"id":40341,"date":"2022-04-29T13:09:38","date_gmt":"2022-04-29T11:09:38","guid":{"rendered":"http:\/\/audi-klaus.at.server171-han.server-routing.com\/shop\/?post_type=product&#038;p=40341"},"modified":"2026-01-07T21:50:16","modified_gmt":"2026-01-07T20:50:16","slug":"audi-80-90-coupe-b3-b4-mittelkonsole-quattro-ohne-zigarettenanzuender-schwarz-443863300-893863244-893863300a","status":"publish","type":"product","link":"https:\/\/audi-klaus.at\/shop\/produkt\/audi-80-90-coupe-b3-b4-mittelkonsole-quattro-ohne-zigarettenanzuender-schwarz-443863300-893863244-893863300a\/","title":{"rendered":"Audi 80\/90\/Coupe B3\/B4 Mittelkonsole Quattro ohne Zigarettenanz\u00fcnder schwarz 443863300\/893863244\/893863300A"},"content":{"rendered":"<h5 class=\"western\"><span style=\"color: #060606;\"><span style=\"font-family: Verdana, serif;\"><span style=\"font-size: small;\"><b>VAG Teilenummer<\/b><\/span><\/span><\/span><span style=\"color: #060606;\"><span style=\"font-family: Verdana, serif;\"><span style=\"font-size: small;\">: 443 863 300, 893 863 244, 893 863 300A<\/span><\/span><\/span><\/h5>\n<h5 class=\"western\"><span style=\"color: #060606;\"><span style=\"font-family: Verdana, serif;\"><span style=\"font-size: small;\"><b>Zustand:<\/b><\/span><\/span><\/span><span style=\"color: #060606;\"><span style=\"font-family: Verdana, serif;\"><span style=\"font-size: small;\">\u00a0<\/span><\/span><\/span><span style=\"color: #060606;\"><span style=\"font-family: Verdana, serif;\"><span style=\"font-size: small;\"><span lang=\"de-DE\">Gebraucht<\/span><\/span><\/span><\/span><\/h5>\n<h5 class=\"western\"><span style=\"color: #060606;\"><span style=\"font-family: Verdana, serif;\"><span style=\"font-size: small;\"><b>Lieferumfang:<\/b><\/span><\/span><\/span><span style=\"color: #060606;\"><span style=\"font-family: Verdana, serif;\"><span style=\"font-size: small;\">\u00a0wie in den Original-Abbildungen angegeben<\/span><\/span><\/span><\/h5>\n<h5 class=\"western\"><span style=\"color: #060606;\"><span style=\"font-family: Verdana, serif;\"><span style=\"font-size: small;\"><b>Hinweis:<\/b><\/span><\/span><\/span><span style=\"color: #060606;\"><span style=\"font-family: Verdana, serif;\"><span style=\"font-size: small;\">\u00a0Bitte \u00fcberpr\u00fcfen Sie vor dem Kauf anhand der eindeutigen Teilenummern, ob der Artikel zum Fahrzeug passt, um R\u00fccksendungen zu vermeiden! Trotz Angabe der entsprechenden Fahrzeugdaten ist eine eindeutige Zuordnung nur \u00fcber die Teilenummer m\u00f6glich! Die abgelesene Teilenummer ist die Teilenummer des Teils, welches geliefert wird. Die Originalteilnummer ist diejenige, die bei Neubestellung f\u00fcr dieses Teil gilt und der m\u00f6glicherweise abweichenden, gelieferten Teilenummer entspricht. <\/span><\/span><\/span><\/h5>\n<h5 class=\"western\"><span style=\"color: #060606;\"><span style=\"font-family: Verdana, serif;\"><span style=\"font-size: small;\"><span lang=\"de-DE\">Gebraucht<\/span><\/span><\/span><\/span><span style=\"color: #060606;\"><span style=\"font-family: Verdana, serif;\"><span style=\"font-size: small;\"> mit Gebrauchsspuren in Form von Verunreinigungen\/ kleinen Kratzern m\u00f6glich. Die Ware wird ungereinigt geliefert.<\/span><\/span><\/span><\/h5>\n<h5 class=\"western\"><span style=\"color: #060606;\"><span style=\"font-family: Verdana, serif;\"><span style=\"font-size: small;\">Sollten weitere Fragen offen sein, kontaktieren Sie uns bitte unter\u00a0<\/span><\/span><\/span><a href=\"mailto:office@audi-klaus.at\"><span style=\"color: #0000ff;\"><span style=\"font-family: Verdana, serif;\"><span style=\"font-size: small;\"><u>office@audi-klaus.at<\/u><\/span><\/span><\/span><\/a><\/h5>\n","protected":false},"excerpt":{"rendered":"<h5><strong><span style=\"font-size: 18pt;\">Marke: Audi<\/span><\/strong><\/h5>\n<h5><strong><span style=\"font-size: 18pt;\">Modell: 80\/90\/Coup\u00e9<\/span><\/strong><\/h5>\n<h5><strong><span style=\"font-size: 18pt;\">Typ: B3\/B4<\/span><\/strong><\/h5>\n","protected":false},"featured_media":40124,"template":"","meta":[],"product_brand":[],"product_cat":[233,263,32,304,78,81,82,85,87,154,167,223],"product_tag":[6419,11961,12353,12354,30742],"class_list":{"0":"post-40341","1":"product","2":"type-product","3":"status-publish","4":"has-post-thumbnail","6":"product_cat-innenraum-b4-91","7":"product_cat-innenraum-b3-80","8":"product_cat-audi","9":"product_cat-innenraum-b3-1987-1991","10":"product_cat-78","11":"product_cat-b3-86","12":"product_cat-b4-91","13":"product_cat-coupe80","14":"product_cat-b3-typ89-80","15":"product_cat-154","16":"product_cat-b3-1987-1991","17":"product_cat-innenraum-b3-86","18":"product_tag-893863300a","19":"product_tag-11961","20":"product_tag-12353","21":"product_tag-12354","22":"product_tag-ia1620","24":"first","25":"instock","26":"taxable","27":"shipping-taxable","28":"purchasable","29":"product-type-simple"},"yoast_head":"<!-- This site is optimized with the Yoast SEO plugin v27.3 - https:\/\/yoast.com\/product\/yoast-seo-wordpress\/ -->\n<title>Audi 80\/90\/Coupe B3\/B4 Mittelkonsole Quattro ohne Zigarettenanz\u00fcnder schwarz 443863300\/893863244\/893863300A - Audi-Klaus<\/title>\n<meta name=\"description\" content=\"Audi-Klaus Audi 80\/90\/Coupe B3\/B4 Mittelkonsole Quattro ohne Zigarettenanz\u00fcnder schwarz 443863300\/893863244\/893863300A Audi 80\/90\/Coupe B3\/B4 Mittelkonsole Quattro ohne Zigarettenanz\u00fcnder schwarz 443863300\/893863244\/893863300A\" \/>\n<meta name=\"robots\" content=\"index, follow, max-snippet:-1, max-image-preview:large, max-video-preview:-1\" \/>\n<link rel=\"canonical\" href=\"https:\/\/audi-klaus.at\/shop\/produkt\/audi-80-90-coupe-b3-b4-mittelkonsole-quattro-ohne-zigarettenanzuender-schwarz-443863300-893863244-893863300a\/\" \/>\n<meta property=\"og:locale\" content=\"de_DE\" \/>\n<meta property=\"og:type\" content=\"article\" \/>\n<meta property=\"og:title\" content=\"Audi 80\/90\/Coupe B3\/B4 Mittelkonsole Quattro ohne Zigarettenanz\u00fcnder schwarz 443863300\/893863244\/893863300A - Audi-Klaus\" \/>\n<meta property=\"og:description\" content=\"Audi-Klaus Audi 80\/90\/Coupe B3\/B4 Mittelkonsole Quattro ohne Zigarettenanz\u00fcnder schwarz 443863300\/893863244\/893863300A Audi 80\/90\/Coupe B3\/B4 Mittelkonsole Quattro ohne Zigarettenanz\u00fcnder schwarz 443863300\/893863244\/893863300A\" \/>\n<meta property=\"og:url\" content=\"https:\/\/audi-klaus.at\/shop\/produkt\/audi-80-90-coupe-b3-b4-mittelkonsole-quattro-ohne-zigarettenanzuender-schwarz-443863300-893863244-893863300a\/\" \/>\n<meta property=\"og:site_name\" content=\"Audi-Klaus\" \/>\n<meta property=\"article:publisher\" content=\"https:\/\/www.facebook.com\/audi.klaus.1312\/\" \/>\n<meta property=\"article:modified_time\" content=\"2026-01-07T20:50:16+00:00\" \/>\n<meta property=\"og:image\" content=\"https:\/\/audi-klaus.at\/shop\/wp-content\/uploads\/2022\/04\/ia1620.jpg\" \/>\n\t<meta property=\"og:image:width\" content=\"418\" \/>\n\t<meta property=\"og:image:height\" content=\"418\" \/>\n\t<meta property=\"og:image:type\" content=\"image\/jpeg\" \/>\n<meta name=\"twitter:card\" content=\"summary_large_image\" \/>\n<meta name=\"twitter:label1\" content=\"Gesch\u00e4tzte Lesezeit\" \/>\n\t<meta name=\"twitter:data1\" content=\"1 Minute\" \/>\n<script type=\"application\/ld+json\" class=\"yoast-schema-graph\">{\"@context\":\"https:\\\/\\\/schema.org\",\"@graph\":[{\"@type\":\"WebPage\",\"@id\":\"https:\\\/\\\/audi-klaus.at\\\/shop\\\/produkt\\\/audi-80-90-coupe-b3-b4-mittelkonsole-quattro-ohne-zigarettenanzuender-schwarz-443863300-893863244-893863300a\\\/\",\"url\":\"https:\\\/\\\/audi-klaus.at\\\/shop\\\/produkt\\\/audi-80-90-coupe-b3-b4-mittelkonsole-quattro-ohne-zigarettenanzuender-schwarz-443863300-893863244-893863300a\\\/\",\"name\":\"Audi 80\\\/90\\\/Coupe B3\\\/B4 Mittelkonsole Quattro ohne Zigarettenanz\u00fcnder schwarz 443863300\\\/893863244\\\/893863300A - Audi-Klaus\",\"isPartOf\":{\"@id\":\"https:\\\/\\\/audi-klaus.at\\\/shop\\\/#website\"},\"primaryImageOfPage\":{\"@id\":\"https:\\\/\\\/audi-klaus.at\\\/shop\\\/produkt\\\/audi-80-90-coupe-b3-b4-mittelkonsole-quattro-ohne-zigarettenanzuender-schwarz-443863300-893863244-893863300a\\\/#primaryimage\"},\"image\":{\"@id\":\"https:\\\/\\\/audi-klaus.at\\\/shop\\\/produkt\\\/audi-80-90-coupe-b3-b4-mittelkonsole-quattro-ohne-zigarettenanzuender-schwarz-443863300-893863244-893863300a\\\/#primaryimage\"},\"thumbnailUrl\":\"https:\\\/\\\/audi-klaus.at\\\/shop\\\/wp-content\\\/uploads\\\/2022\\\/04\\\/ia1620.jpg\",\"datePublished\":\"2022-04-29T11:09:38+00:00\",\"dateModified\":\"2026-01-07T20:50:16+00:00\",\"description\":\"Audi-Klaus Audi 80\\\/90\\\/Coupe B3\\\/B4 Mittelkonsole Quattro ohne Zigarettenanz\u00fcnder schwarz 443863300\\\/893863244\\\/893863300A Audi 80\\\/90\\\/Coupe B3\\\/B4 Mittelkonsole Quattro ohne Zigarettenanz\u00fcnder schwarz 443863300\\\/893863244\\\/893863300A\",\"breadcrumb\":{\"@id\":\"https:\\\/\\\/audi-klaus.at\\\/shop\\\/produkt\\\/audi-80-90-coupe-b3-b4-mittelkonsole-quattro-ohne-zigarettenanzuender-schwarz-443863300-893863244-893863300a\\\/#breadcrumb\"},\"inLanguage\":\"de-AT\",\"potentialAction\":[{\"@type\":\"ReadAction\",\"target\":[\"https:\\\/\\\/audi-klaus.at\\\/shop\\\/produkt\\\/audi-80-90-coupe-b3-b4-mittelkonsole-quattro-ohne-zigarettenanzuender-schwarz-443863300-893863244-893863300a\\\/\"]}]},{\"@type\":\"ImageObject\",\"inLanguage\":\"de-AT\",\"@id\":\"https:\\\/\\\/audi-klaus.at\\\/shop\\\/produkt\\\/audi-80-90-coupe-b3-b4-mittelkonsole-quattro-ohne-zigarettenanzuender-schwarz-443863300-893863244-893863300a\\\/#primaryimage\",\"url\":\"https:\\\/\\\/audi-klaus.at\\\/shop\\\/wp-content\\\/uploads\\\/2022\\\/04\\\/ia1620.jpg\",\"contentUrl\":\"https:\\\/\\\/audi-klaus.at\\\/shop\\\/wp-content\\\/uploads\\\/2022\\\/04\\\/ia1620.jpg\",\"width\":418,\"height\":418},{\"@type\":\"BreadcrumbList\",\"@id\":\"https:\\\/\\\/audi-klaus.at\\\/shop\\\/produkt\\\/audi-80-90-coupe-b3-b4-mittelkonsole-quattro-ohne-zigarettenanzuender-schwarz-443863300-893863244-893863300a\\\/#breadcrumb\",\"itemListElement\":[{\"@type\":\"ListItem\",\"position\":1,\"name\":\"Startseite\",\"item\":\"https:\\\/\\\/audi-klaus.at\\\/shop\\\/\"},{\"@type\":\"ListItem\",\"position\":2,\"name\":\"Shop\",\"item\":\"https:\\\/\\\/audi-klaus.at\\\/shop\\\/\"},{\"@type\":\"ListItem\",\"position\":3,\"name\":\"Audi 80\\\/90\\\/Coupe B3\\\/B4 Mittelkonsole Quattro ohne Zigarettenanz\u00fcnder schwarz 443863300\\\/893863244\\\/893863300A\"}]},{\"@type\":\"WebSite\",\"@id\":\"https:\\\/\\\/audi-klaus.at\\\/shop\\\/#website\",\"url\":\"https:\\\/\\\/audi-klaus.at\\\/shop\\\/\",\"name\":\"Audi-Klaus\",\"description\":\"Ihr Gebrauchtteile Spezialist f\u00fcr die Marken Audi, VW (VAG)\",\"publisher\":{\"@id\":\"https:\\\/\\\/audi-klaus.at\\\/shop\\\/#organization\"},\"potentialAction\":[{\"@type\":\"SearchAction\",\"target\":{\"@type\":\"EntryPoint\",\"urlTemplate\":\"https:\\\/\\\/audi-klaus.at\\\/shop\\\/?s={search_term_string}\"},\"query-input\":{\"@type\":\"PropertyValueSpecification\",\"valueRequired\":true,\"valueName\":\"search_term_string\"}}],\"inLanguage\":\"de-AT\"},{\"@type\":\"Organization\",\"@id\":\"https:\\\/\\\/audi-klaus.at\\\/shop\\\/#organization\",\"name\":\"Audi-Klaus\",\"url\":\"https:\\\/\\\/audi-klaus.at\\\/shop\\\/\",\"logo\":{\"@type\":\"ImageObject\",\"inLanguage\":\"de-AT\",\"@id\":\"https:\\\/\\\/audi-klaus.at\\\/shop\\\/#\\\/schema\\\/logo\\\/image\\\/\",\"url\":\"https:\\\/\\\/audi-klaus.at\\\/shop\\\/wp-content\\\/uploads\\\/2024\\\/10\\\/Logo-Shop.webp\",\"contentUrl\":\"https:\\\/\\\/audi-klaus.at\\\/shop\\\/wp-content\\\/uploads\\\/2024\\\/10\\\/Logo-Shop.webp\",\"width\":470,\"height\":164,\"caption\":\"Audi-Klaus\"},\"image\":{\"@id\":\"https:\\\/\\\/audi-klaus.at\\\/shop\\\/#\\\/schema\\\/logo\\\/image\\\/\"},\"sameAs\":[\"https:\\\/\\\/www.facebook.com\\\/audi.klaus.1312\\\/\",\"https:\\\/\\\/www.instagram.com\\\/audi_klaus\\\/?igshid=1eca3qu2mdayg\"]}]}<\/script>\n<!-- \/ Yoast SEO plugin. -->","yoast_head_json":{"title":"Audi 80\/90\/Coupe B3\/B4 Mittelkonsole Quattro ohne Zigarettenanz\u00fcnder schwarz 443863300\/893863244\/893863300A - Audi-Klaus","description":"Audi-Klaus Audi 80\/90\/Coupe B3\/B4 Mittelkonsole Quattro ohne Zigarettenanz\u00fcnder schwarz 443863300\/893863244\/893863300A Audi 80\/90\/Coupe B3\/B4 Mittelkonsole Quattro ohne Zigarettenanz\u00fcnder schwarz 443863300\/893863244\/893863300A","robots":{"index":"index","follow":"follow","max-snippet":"max-snippet:-1","max-image-preview":"max-image-preview:large","max-video-preview":"max-video-preview:-1"},"canonical":"https:\/\/audi-klaus.at\/shop\/produkt\/audi-80-90-coupe-b3-b4-mittelkonsole-quattro-ohne-zigarettenanzuender-schwarz-443863300-893863244-893863300a\/","og_locale":"de_DE","og_type":"article","og_title":"Audi 80\/90\/Coupe B3\/B4 Mittelkonsole Quattro ohne Zigarettenanz\u00fcnder schwarz 443863300\/893863244\/893863300A - Audi-Klaus","og_description":"Audi-Klaus Audi 80\/90\/Coupe B3\/B4 Mittelkonsole Quattro ohne Zigarettenanz\u00fcnder schwarz 443863300\/893863244\/893863300A Audi 80\/90\/Coupe B3\/B4 Mittelkonsole Quattro ohne Zigarettenanz\u00fcnder schwarz 443863300\/893863244\/893863300A","og_url":"https:\/\/audi-klaus.at\/shop\/produkt\/audi-80-90-coupe-b3-b4-mittelkonsole-quattro-ohne-zigarettenanzuender-schwarz-443863300-893863244-893863300a\/","og_site_name":"Audi-Klaus","article_publisher":"https:\/\/www.facebook.com\/audi.klaus.1312\/","article_modified_time":"2026-01-07T20:50:16+00:00","og_image":[{"width":418,"height":418,"url":"https:\/\/audi-klaus.at\/shop\/wp-content\/uploads\/2022\/04\/ia1620.jpg","type":"image\/jpeg"}],"twitter_card":"summary_large_image","twitter_misc":{"Gesch\u00e4tzte Lesezeit":"1 Minute"},"schema":{"@context":"https:\/\/schema.org","@graph":[{"@type":"WebPage","@id":"https:\/\/audi-klaus.at\/shop\/produkt\/audi-80-90-coupe-b3-b4-mittelkonsole-quattro-ohne-zigarettenanzuender-schwarz-443863300-893863244-893863300a\/","url":"https:\/\/audi-klaus.at\/shop\/produkt\/audi-80-90-coupe-b3-b4-mittelkonsole-quattro-ohne-zigarettenanzuender-schwarz-443863300-893863244-893863300a\/","name":"Audi 80\/90\/Coupe B3\/B4 Mittelkonsole Quattro ohne Zigarettenanz\u00fcnder schwarz 443863300\/893863244\/893863300A - Audi-Klaus","isPartOf":{"@id":"https:\/\/audi-klaus.at\/shop\/#website"},"primaryImageOfPage":{"@id":"https:\/\/audi-klaus.at\/shop\/produkt\/audi-80-90-coupe-b3-b4-mittelkonsole-quattro-ohne-zigarettenanzuender-schwarz-443863300-893863244-893863300a\/#primaryimage"},"image":{"@id":"https:\/\/audi-klaus.at\/shop\/produkt\/audi-80-90-coupe-b3-b4-mittelkonsole-quattro-ohne-zigarettenanzuender-schwarz-443863300-893863244-893863300a\/#primaryimage"},"thumbnailUrl":"https:\/\/audi-klaus.at\/shop\/wp-content\/uploads\/2022\/04\/ia1620.jpg","datePublished":"2022-04-29T11:09:38+00:00","dateModified":"2026-01-07T20:50:16+00:00","description":"Audi-Klaus Audi 80\/90\/Coupe B3\/B4 Mittelkonsole Quattro ohne Zigarettenanz\u00fcnder schwarz 443863300\/893863244\/893863300A Audi 80\/90\/Coupe B3\/B4 Mittelkonsole Quattro ohne Zigarettenanz\u00fcnder schwarz 443863300\/893863244\/893863300A","breadcrumb":{"@id":"https:\/\/audi-klaus.at\/shop\/produkt\/audi-80-90-coupe-b3-b4-mittelkonsole-quattro-ohne-zigarettenanzuender-schwarz-443863300-893863244-893863300a\/#breadcrumb"},"inLanguage":"de-AT","potentialAction":[{"@type":"ReadAction","target":["https:\/\/audi-klaus.at\/shop\/produkt\/audi-80-90-coupe-b3-b4-mittelkonsole-quattro-ohne-zigarettenanzuender-schwarz-443863300-893863244-893863300a\/"]}]},{"@type":"ImageObject","inLanguage":"de-AT","@id":"https:\/\/audi-klaus.at\/shop\/produkt\/audi-80-90-coupe-b3-b4-mittelkonsole-quattro-ohne-zigarettenanzuender-schwarz-443863300-893863244-893863300a\/#primaryimage","url":"https:\/\/audi-klaus.at\/shop\/wp-content\/uploads\/2022\/04\/ia1620.jpg","contentUrl":"https:\/\/audi-klaus.at\/shop\/wp-content\/uploads\/2022\/04\/ia1620.jpg","width":418,"height":418},{"@type":"BreadcrumbList","@id":"https:\/\/audi-klaus.at\/shop\/produkt\/audi-80-90-coupe-b3-b4-mittelkonsole-quattro-ohne-zigarettenanzuender-schwarz-443863300-893863244-893863300a\/#breadcrumb","itemListElement":[{"@type":"ListItem","position":1,"name":"Startseite","item":"https:\/\/audi-klaus.at\/shop\/"},{"@type":"ListItem","position":2,"name":"Shop","item":"https:\/\/audi-klaus.at\/shop\/"},{"@type":"ListItem","position":3,"name":"Audi 80\/90\/Coupe B3\/B4 Mittelkonsole Quattro ohne Zigarettenanz\u00fcnder schwarz 443863300\/893863244\/893863300A"}]},{"@type":"WebSite","@id":"https:\/\/audi-klaus.at\/shop\/#website","url":"https:\/\/audi-klaus.at\/shop\/","name":"Audi-Klaus","description":"Ihr Gebrauchtteile Spezialist f\u00fcr die Marken Audi, VW (VAG)","publisher":{"@id":"https:\/\/audi-klaus.at\/shop\/#organization"},"potentialAction":[{"@type":"SearchAction","target":{"@type":"EntryPoint","urlTemplate":"https:\/\/audi-klaus.at\/shop\/?s={search_term_string}"},"query-input":{"@type":"PropertyValueSpecification","valueRequired":true,"valueName":"search_term_string"}}],"inLanguage":"de-AT"},{"@type":"Organization","@id":"https:\/\/audi-klaus.at\/shop\/#organization","name":"Audi-Klaus","url":"https:\/\/audi-klaus.at\/shop\/","logo":{"@type":"ImageObject","inLanguage":"de-AT","@id":"https:\/\/audi-klaus.at\/shop\/#\/schema\/logo\/image\/","url":"https:\/\/audi-klaus.at\/shop\/wp-content\/uploads\/2024\/10\/Logo-Shop.webp","contentUrl":"https:\/\/audi-klaus.at\/shop\/wp-content\/uploads\/2024\/10\/Logo-Shop.webp","width":470,"height":164,"caption":"Audi-Klaus"},"image":{"@id":"https:\/\/audi-klaus.at\/shop\/#\/schema\/logo\/image\/"},"sameAs":["https:\/\/www.facebook.com\/audi.klaus.1312\/","https:\/\/www.instagram.com\/audi_klaus\/?igshid=1eca3qu2mdayg"]}]}},"_links":{"self":[{"href":"https:\/\/audi-klaus.at\/shop\/wp-json\/wp\/v2\/product\/40341","targetHints":{"allow":["GET"]}}],"collection":[{"href":"https:\/\/audi-klaus.at\/shop\/wp-json\/wp\/v2\/product"}],"about":[{"href":"https:\/\/audi-klaus.at\/shop\/wp-json\/wp\/v2\/types\/product"}],"wp:featuredmedia":[{"embeddable":true,"href":"https:\/\/audi-klaus.at\/shop\/wp-json\/wp\/v2\/media\/40124"}],"wp:attachment":[{"href":"https:\/\/audi-klaus.at\/shop\/wp-json\/wp\/v2\/media?parent=40341"}],"wp:term":[{"taxonomy":"product_brand","embeddable":true,"href":"https:\/\/audi-klaus.at\/shop\/wp-json\/wp\/v2\/product_brand?post=40341"},{"taxonomy":"product_cat","embeddable":true,"href":"https:\/\/audi-klaus.at\/shop\/wp-json\/wp\/v2\/product_cat?post=40341"},{"taxonomy":"product_tag","embeddable":true,"href":"https:\/\/audi-klaus.at\/shop\/wp-json\/wp\/v2\/product_tag?post=40341"}],"curies":[{"name":"wp","href":"https:\/\/api.w.org\/{rel}","templated":true}]}}