{"id":37853,"date":"2022-04-19T11:51:19","date_gmt":"2022-04-19T09:51:19","guid":{"rendered":"http:\/\/audi-klaus.at.server171-han.server-routing.com\/shop\/?post_type=product&#038;p=37853"},"modified":"2026-01-07T21:48:50","modified_gmt":"2026-01-07T20:48:50","slug":"vw-golf-caddy-jetta-1-scirocco-1-2-blinddeckel-fuer-mittelkonsole-braun-neu-841863267","status":"publish","type":"product","link":"https:\/\/audi-klaus.at\/shop\/produkt\/vw-golf-caddy-jetta-1-scirocco-1-2-blinddeckel-fuer-mittelkonsole-braun-neu-841863267\/","title":{"rendered":"VW Golf\/Caddy\/Jetta\/1\/Scirocco\/1\/2 Blinddeckel f\u00fcr Mittelkonsole braun NEU 841863267"},"content":{"rendered":"<h5 class=\"western\"><span style=\"color: #060606;\"><span style=\"font-family: Verdana, serif;\"><span style=\"font-size: small;\"><b>VAG Teilenummer<\/b><\/span><\/span><\/span><span style=\"color: #060606;\"><span style=\"font-family: Verdana, serif;\"><span style=\"font-size: small;\">: 841 863 267<\/span><\/span><\/span><\/h5>\n<h5 class=\"western\"><span style=\"color: #060606;\"><span style=\"font-family: Verdana, serif;\"><span style=\"font-size: small;\"><b>Zustand:<\/b><\/span><\/span><\/span><span style=\"color: #060606;\"><span style=\"font-family: Verdana, serif;\"><span style=\"font-size: small;\">\u00a0 <\/span><\/span><\/span><span style=\"color: #060606;\"><span style=\"font-family: Verdana, serif;\"><span style=\"font-size: small;\"><span lang=\"de-DE\">NEU<\/span><\/span><\/span><\/span><\/h5>\n<h5 class=\"western\"><span style=\"color: #060606;\"><span style=\"font-family: Verdana, serif;\"><span style=\"font-size: small;\"><b>Lieferumfang:<\/b><\/span><\/span><\/span><span style=\"color: #060606;\"><span style=\"font-family: Verdana, serif;\"><span style=\"font-size: small;\">\u00a0wie in den Original-Abbildungen angegeben<\/span><\/span><\/span><\/h5>\n<h5 class=\"western\"><span style=\"color: #060606;\"><span style=\"font-family: Verdana, serif;\"><span style=\"font-size: small;\"><b>Hinweis:<\/b><\/span><\/span><\/span><span style=\"color: #060606;\"><span style=\"font-family: Verdana, serif;\"><span style=\"font-size: small;\">\u00a0Bitte \u00fcberpr\u00fcfen Sie vor dem Kauf anhand der eindeutigen Teilenummern, ob der Artikel zum Fahrzeug passt, um R\u00fccksendungen zu vermeiden! Trotz Angabe der entsprechenden Fahrzeugdaten ist eine eindeutige Zuordnung nur \u00fcber die Teilenummer m\u00f6glich! Die abgelesene Teilenummer ist die Teilenummer des Teils, welches geliefert wird. Die Originalteilnummer ist diejenige, die bei Neubestellung f\u00fcr dieses Teil gilt und der m\u00f6glicherweise abweichenden, gelieferten Teilenummer entspricht. <\/span><\/span><\/span><\/h5>\n<h5 class=\"western\"><span style=\"color: #060606;\"><span style=\"font-family: Verdana, serif;\"><span style=\"font-size: small;\"><span lang=\"de-DE\">Neu<\/span><\/span><\/span><\/span><span style=\"color: #060606;\"><span style=\"font-family: Verdana, serif;\"><span style=\"font-size: small;\"> mit Gebrauchsspuren in Form von Verunreinigungen\/ kleinen Kratzern m\u00f6glich.<br \/>\nDie Ware wird ungereinigt geliefert.<\/span><\/span><\/span><\/h5>\n<h5 class=\"western\"><span style=\"color: #060606;\"><span style=\"font-family: Verdana, serif;\"><span style=\"font-size: small;\">Sollten weitere Fragen offen sein, kontaktieren Sie uns bitte unter\u00a0<\/span><\/span><\/span><span style=\"color: #0000ff;\"><u><span style=\"font-family: Verdana, serif;\"><span style=\"font-size: small;\">office@audi-klaus.at<\/span><\/span><\/u><\/span><\/h5>\n","protected":false},"excerpt":{"rendered":"<h5><strong><span style=\"font-size: 18pt;\">Marke: VW<\/span><\/strong><\/h5>\n<h5><strong><span style=\"font-size: 18pt;\">Modell: Golf\/Caddy\/Jetta\/Scirocco<\/span><\/strong><\/h5>\n<h5><strong><span style=\"font-size: 18pt;\">Typ: 1\/2<\/span><\/strong><\/h5>\n","protected":false},"featured_media":37624,"template":"","meta":[],"product_brand":[],"product_cat":[1211,1212,1241,1275,1164,1387,1165,1457,1167,1467,1170,1768,1180,1193,1204],"product_tag":[11897,26969],"class_list":{"0":"post-37853","1":"product","2":"type-product","3":"status-publish","4":"has-post-thumbnail","6":"product_cat-1-53-1974-1981","7":"product_cat-2-53b-1981-1992","8":"product_cat-1-14d-1978-1992","9":"product_cat-elektrik-1-171-1974-1985","10":"product_cat-vw","11":"product_cat-elektrik-1-161-1978-1987","12":"product_cat-golf","13":"product_cat-elektrik-1-53-1974-1981","14":"product_cat-jetta","15":"product_cat-elektrik-2-53b-1981-1992","16":"product_cat-scirocco","17":"product_cat-elektrik-1-14d-1978-1992","18":"product_cat-caddy","19":"product_cat-1-171-1974-1985","20":"product_cat-1-161-1978-1987","21":"product_tag-11897","22":"product_tag-c1907","24":"first","25":"outofstock","26":"taxable","27":"shipping-taxable","28":"purchasable","29":"product-type-simple"},"yoast_head":"<!-- This site is optimized with the Yoast SEO plugin v27.4 - https:\/\/yoast.com\/product\/yoast-seo-wordpress\/ -->\n<title>VW Golf\/Caddy\/Jetta\/1\/Scirocco\/1\/2 Blinddeckel f\u00fcr Mittelkonsole braun NEU 841863267 - Audi-Klaus<\/title>\n<meta name=\"description\" content=\"Audi-Klaus VW Golf\/Caddy\/Jetta\/1\/Scirocco\/1\/2 Blinddeckel f\u00fcr Mittelkonsole braun NEU 841863267 VW Golf\/Caddy\/Jetta\/1\/Scirocco\/1\/2 Blinddeckel f\u00fcr Mittelkonsole braun NEU 841863267\" \/>\n<meta name=\"robots\" content=\"index, follow, max-snippet:-1, max-image-preview:large, max-video-preview:-1\" \/>\n<link rel=\"canonical\" href=\"https:\/\/audi-klaus.at\/shop\/produkt\/vw-golf-caddy-jetta-1-scirocco-1-2-blinddeckel-fuer-mittelkonsole-braun-neu-841863267\/\" \/>\n<meta property=\"og:locale\" content=\"de_DE\" \/>\n<meta property=\"og:type\" content=\"article\" \/>\n<meta property=\"og:title\" content=\"VW Golf\/Caddy\/Jetta\/1\/Scirocco\/1\/2 Blinddeckel f\u00fcr Mittelkonsole braun NEU 841863267 - Audi-Klaus\" \/>\n<meta property=\"og:description\" content=\"Audi-Klaus VW Golf\/Caddy\/Jetta\/1\/Scirocco\/1\/2 Blinddeckel f\u00fcr Mittelkonsole braun NEU 841863267 VW Golf\/Caddy\/Jetta\/1\/Scirocco\/1\/2 Blinddeckel f\u00fcr Mittelkonsole braun NEU 841863267\" \/>\n<meta property=\"og:url\" content=\"https:\/\/audi-klaus.at\/shop\/produkt\/vw-golf-caddy-jetta-1-scirocco-1-2-blinddeckel-fuer-mittelkonsole-braun-neu-841863267\/\" \/>\n<meta property=\"og:site_name\" content=\"Audi-Klaus\" \/>\n<meta property=\"article:publisher\" content=\"https:\/\/www.facebook.com\/audi.klaus.1312\/\" \/>\n<meta property=\"article:modified_time\" content=\"2026-01-07T20:48:50+00:00\" \/>\n<meta property=\"og:image\" content=\"https:\/\/audi-klaus.at\/shop\/wp-content\/uploads\/2022\/04\/E000979-2.jpg\" \/>\n\t<meta property=\"og:image:width\" content=\"430\" \/>\n\t<meta property=\"og:image:height\" content=\"430\" \/>\n\t<meta property=\"og:image:type\" content=\"image\/jpeg\" \/>\n<meta name=\"twitter:card\" content=\"summary_large_image\" \/>\n<meta name=\"twitter:label1\" content=\"Gesch\u00e4tzte Lesezeit\" \/>\n\t<meta name=\"twitter:data1\" content=\"1 Minute\" \/>\n<script type=\"application\/ld+json\" class=\"yoast-schema-graph\">{\"@context\":\"https:\\\/\\\/schema.org\",\"@graph\":[{\"@type\":\"WebPage\",\"@id\":\"https:\\\/\\\/audi-klaus.at\\\/shop\\\/produkt\\\/vw-golf-caddy-jetta-1-scirocco-1-2-blinddeckel-fuer-mittelkonsole-braun-neu-841863267\\\/\",\"url\":\"https:\\\/\\\/audi-klaus.at\\\/shop\\\/produkt\\\/vw-golf-caddy-jetta-1-scirocco-1-2-blinddeckel-fuer-mittelkonsole-braun-neu-841863267\\\/\",\"name\":\"VW Golf\\\/Caddy\\\/Jetta\\\/1\\\/Scirocco\\\/1\\\/2 Blinddeckel f\u00fcr Mittelkonsole braun NEU 841863267 - Audi-Klaus\",\"isPartOf\":{\"@id\":\"https:\\\/\\\/audi-klaus.at\\\/shop\\\/#website\"},\"primaryImageOfPage\":{\"@id\":\"https:\\\/\\\/audi-klaus.at\\\/shop\\\/produkt\\\/vw-golf-caddy-jetta-1-scirocco-1-2-blinddeckel-fuer-mittelkonsole-braun-neu-841863267\\\/#primaryimage\"},\"image\":{\"@id\":\"https:\\\/\\\/audi-klaus.at\\\/shop\\\/produkt\\\/vw-golf-caddy-jetta-1-scirocco-1-2-blinddeckel-fuer-mittelkonsole-braun-neu-841863267\\\/#primaryimage\"},\"thumbnailUrl\":\"https:\\\/\\\/audi-klaus.at\\\/shop\\\/wp-content\\\/uploads\\\/2022\\\/04\\\/E000979-2.jpg\",\"datePublished\":\"2022-04-19T09:51:19+00:00\",\"dateModified\":\"2026-01-07T20:48:50+00:00\",\"description\":\"Audi-Klaus VW Golf\\\/Caddy\\\/Jetta\\\/1\\\/Scirocco\\\/1\\\/2 Blinddeckel f\u00fcr Mittelkonsole braun NEU 841863267 VW Golf\\\/Caddy\\\/Jetta\\\/1\\\/Scirocco\\\/1\\\/2 Blinddeckel f\u00fcr Mittelkonsole braun NEU 841863267\",\"breadcrumb\":{\"@id\":\"https:\\\/\\\/audi-klaus.at\\\/shop\\\/produkt\\\/vw-golf-caddy-jetta-1-scirocco-1-2-blinddeckel-fuer-mittelkonsole-braun-neu-841863267\\\/#breadcrumb\"},\"inLanguage\":\"de-AT\",\"potentialAction\":[{\"@type\":\"ReadAction\",\"target\":[\"https:\\\/\\\/audi-klaus.at\\\/shop\\\/produkt\\\/vw-golf-caddy-jetta-1-scirocco-1-2-blinddeckel-fuer-mittelkonsole-braun-neu-841863267\\\/\"]}]},{\"@type\":\"ImageObject\",\"inLanguage\":\"de-AT\",\"@id\":\"https:\\\/\\\/audi-klaus.at\\\/shop\\\/produkt\\\/vw-golf-caddy-jetta-1-scirocco-1-2-blinddeckel-fuer-mittelkonsole-braun-neu-841863267\\\/#primaryimage\",\"url\":\"https:\\\/\\\/audi-klaus.at\\\/shop\\\/wp-content\\\/uploads\\\/2022\\\/04\\\/E000979-2.jpg\",\"contentUrl\":\"https:\\\/\\\/audi-klaus.at\\\/shop\\\/wp-content\\\/uploads\\\/2022\\\/04\\\/E000979-2.jpg\",\"width\":430,\"height\":430},{\"@type\":\"BreadcrumbList\",\"@id\":\"https:\\\/\\\/audi-klaus.at\\\/shop\\\/produkt\\\/vw-golf-caddy-jetta-1-scirocco-1-2-blinddeckel-fuer-mittelkonsole-braun-neu-841863267\\\/#breadcrumb\",\"itemListElement\":[{\"@type\":\"ListItem\",\"position\":1,\"name\":\"Startseite\",\"item\":\"https:\\\/\\\/audi-klaus.at\\\/shop\\\/\"},{\"@type\":\"ListItem\",\"position\":2,\"name\":\"Shop\",\"item\":\"https:\\\/\\\/audi-klaus.at\\\/shop\\\/\"},{\"@type\":\"ListItem\",\"position\":3,\"name\":\"VW Golf\\\/Caddy\\\/Jetta\\\/1\\\/Scirocco\\\/1\\\/2 Blinddeckel f\u00fcr Mittelkonsole braun NEU 841863267\"}]},{\"@type\":\"WebSite\",\"@id\":\"https:\\\/\\\/audi-klaus.at\\\/shop\\\/#website\",\"url\":\"https:\\\/\\\/audi-klaus.at\\\/shop\\\/\",\"name\":\"Audi-Klaus\",\"description\":\"Ihr Gebrauchtteile Spezialist f\u00fcr die Marken Audi, VW (VAG)\",\"publisher\":{\"@id\":\"https:\\\/\\\/audi-klaus.at\\\/shop\\\/#organization\"},\"potentialAction\":[{\"@type\":\"SearchAction\",\"target\":{\"@type\":\"EntryPoint\",\"urlTemplate\":\"https:\\\/\\\/audi-klaus.at\\\/shop\\\/?s={search_term_string}\"},\"query-input\":{\"@type\":\"PropertyValueSpecification\",\"valueRequired\":true,\"valueName\":\"search_term_string\"}}],\"inLanguage\":\"de-AT\"},{\"@type\":\"Organization\",\"@id\":\"https:\\\/\\\/audi-klaus.at\\\/shop\\\/#organization\",\"name\":\"Audi-Klaus\",\"url\":\"https:\\\/\\\/audi-klaus.at\\\/shop\\\/\",\"logo\":{\"@type\":\"ImageObject\",\"inLanguage\":\"de-AT\",\"@id\":\"https:\\\/\\\/audi-klaus.at\\\/shop\\\/#\\\/schema\\\/logo\\\/image\\\/\",\"url\":\"https:\\\/\\\/audi-klaus.at\\\/shop\\\/wp-content\\\/uploads\\\/2024\\\/10\\\/Logo-Shop.webp\",\"contentUrl\":\"https:\\\/\\\/audi-klaus.at\\\/shop\\\/wp-content\\\/uploads\\\/2024\\\/10\\\/Logo-Shop.webp\",\"width\":470,\"height\":164,\"caption\":\"Audi-Klaus\"},\"image\":{\"@id\":\"https:\\\/\\\/audi-klaus.at\\\/shop\\\/#\\\/schema\\\/logo\\\/image\\\/\"},\"sameAs\":[\"https:\\\/\\\/www.facebook.com\\\/audi.klaus.1312\\\/\",\"https:\\\/\\\/www.instagram.com\\\/audi_klaus\\\/?igshid=1eca3qu2mdayg\"]}]}<\/script>\n<!-- \/ Yoast SEO plugin. -->","yoast_head_json":{"title":"VW Golf\/Caddy\/Jetta\/1\/Scirocco\/1\/2 Blinddeckel f\u00fcr Mittelkonsole braun NEU 841863267 - Audi-Klaus","description":"Audi-Klaus VW Golf\/Caddy\/Jetta\/1\/Scirocco\/1\/2 Blinddeckel f\u00fcr Mittelkonsole braun NEU 841863267 VW Golf\/Caddy\/Jetta\/1\/Scirocco\/1\/2 Blinddeckel f\u00fcr Mittelkonsole braun NEU 841863267","robots":{"index":"index","follow":"follow","max-snippet":"max-snippet:-1","max-image-preview":"max-image-preview:large","max-video-preview":"max-video-preview:-1"},"canonical":"https:\/\/audi-klaus.at\/shop\/produkt\/vw-golf-caddy-jetta-1-scirocco-1-2-blinddeckel-fuer-mittelkonsole-braun-neu-841863267\/","og_locale":"de_DE","og_type":"article","og_title":"VW Golf\/Caddy\/Jetta\/1\/Scirocco\/1\/2 Blinddeckel f\u00fcr Mittelkonsole braun NEU 841863267 - Audi-Klaus","og_description":"Audi-Klaus VW Golf\/Caddy\/Jetta\/1\/Scirocco\/1\/2 Blinddeckel f\u00fcr Mittelkonsole braun NEU 841863267 VW Golf\/Caddy\/Jetta\/1\/Scirocco\/1\/2 Blinddeckel f\u00fcr Mittelkonsole braun NEU 841863267","og_url":"https:\/\/audi-klaus.at\/shop\/produkt\/vw-golf-caddy-jetta-1-scirocco-1-2-blinddeckel-fuer-mittelkonsole-braun-neu-841863267\/","og_site_name":"Audi-Klaus","article_publisher":"https:\/\/www.facebook.com\/audi.klaus.1312\/","article_modified_time":"2026-01-07T20:48:50+00:00","og_image":[{"width":430,"height":430,"url":"https:\/\/audi-klaus.at\/shop\/wp-content\/uploads\/2022\/04\/E000979-2.jpg","type":"image\/jpeg"}],"twitter_card":"summary_large_image","twitter_misc":{"Gesch\u00e4tzte Lesezeit":"1 Minute"},"schema":{"@context":"https:\/\/schema.org","@graph":[{"@type":"WebPage","@id":"https:\/\/audi-klaus.at\/shop\/produkt\/vw-golf-caddy-jetta-1-scirocco-1-2-blinddeckel-fuer-mittelkonsole-braun-neu-841863267\/","url":"https:\/\/audi-klaus.at\/shop\/produkt\/vw-golf-caddy-jetta-1-scirocco-1-2-blinddeckel-fuer-mittelkonsole-braun-neu-841863267\/","name":"VW Golf\/Caddy\/Jetta\/1\/Scirocco\/1\/2 Blinddeckel f\u00fcr Mittelkonsole braun NEU 841863267 - Audi-Klaus","isPartOf":{"@id":"https:\/\/audi-klaus.at\/shop\/#website"},"primaryImageOfPage":{"@id":"https:\/\/audi-klaus.at\/shop\/produkt\/vw-golf-caddy-jetta-1-scirocco-1-2-blinddeckel-fuer-mittelkonsole-braun-neu-841863267\/#primaryimage"},"image":{"@id":"https:\/\/audi-klaus.at\/shop\/produkt\/vw-golf-caddy-jetta-1-scirocco-1-2-blinddeckel-fuer-mittelkonsole-braun-neu-841863267\/#primaryimage"},"thumbnailUrl":"https:\/\/audi-klaus.at\/shop\/wp-content\/uploads\/2022\/04\/E000979-2.jpg","datePublished":"2022-04-19T09:51:19+00:00","dateModified":"2026-01-07T20:48:50+00:00","description":"Audi-Klaus VW Golf\/Caddy\/Jetta\/1\/Scirocco\/1\/2 Blinddeckel f\u00fcr Mittelkonsole braun NEU 841863267 VW Golf\/Caddy\/Jetta\/1\/Scirocco\/1\/2 Blinddeckel f\u00fcr Mittelkonsole braun NEU 841863267","breadcrumb":{"@id":"https:\/\/audi-klaus.at\/shop\/produkt\/vw-golf-caddy-jetta-1-scirocco-1-2-blinddeckel-fuer-mittelkonsole-braun-neu-841863267\/#breadcrumb"},"inLanguage":"de-AT","potentialAction":[{"@type":"ReadAction","target":["https:\/\/audi-klaus.at\/shop\/produkt\/vw-golf-caddy-jetta-1-scirocco-1-2-blinddeckel-fuer-mittelkonsole-braun-neu-841863267\/"]}]},{"@type":"ImageObject","inLanguage":"de-AT","@id":"https:\/\/audi-klaus.at\/shop\/produkt\/vw-golf-caddy-jetta-1-scirocco-1-2-blinddeckel-fuer-mittelkonsole-braun-neu-841863267\/#primaryimage","url":"https:\/\/audi-klaus.at\/shop\/wp-content\/uploads\/2022\/04\/E000979-2.jpg","contentUrl":"https:\/\/audi-klaus.at\/shop\/wp-content\/uploads\/2022\/04\/E000979-2.jpg","width":430,"height":430},{"@type":"BreadcrumbList","@id":"https:\/\/audi-klaus.at\/shop\/produkt\/vw-golf-caddy-jetta-1-scirocco-1-2-blinddeckel-fuer-mittelkonsole-braun-neu-841863267\/#breadcrumb","itemListElement":[{"@type":"ListItem","position":1,"name":"Startseite","item":"https:\/\/audi-klaus.at\/shop\/"},{"@type":"ListItem","position":2,"name":"Shop","item":"https:\/\/audi-klaus.at\/shop\/"},{"@type":"ListItem","position":3,"name":"VW Golf\/Caddy\/Jetta\/1\/Scirocco\/1\/2 Blinddeckel f\u00fcr Mittelkonsole braun NEU 841863267"}]},{"@type":"WebSite","@id":"https:\/\/audi-klaus.at\/shop\/#website","url":"https:\/\/audi-klaus.at\/shop\/","name":"Audi-Klaus","description":"Ihr Gebrauchtteile Spezialist f\u00fcr die Marken Audi, VW (VAG)","publisher":{"@id":"https:\/\/audi-klaus.at\/shop\/#organization"},"potentialAction":[{"@type":"SearchAction","target":{"@type":"EntryPoint","urlTemplate":"https:\/\/audi-klaus.at\/shop\/?s={search_term_string}"},"query-input":{"@type":"PropertyValueSpecification","valueRequired":true,"valueName":"search_term_string"}}],"inLanguage":"de-AT"},{"@type":"Organization","@id":"https:\/\/audi-klaus.at\/shop\/#organization","name":"Audi-Klaus","url":"https:\/\/audi-klaus.at\/shop\/","logo":{"@type":"ImageObject","inLanguage":"de-AT","@id":"https:\/\/audi-klaus.at\/shop\/#\/schema\/logo\/image\/","url":"https:\/\/audi-klaus.at\/shop\/wp-content\/uploads\/2024\/10\/Logo-Shop.webp","contentUrl":"https:\/\/audi-klaus.at\/shop\/wp-content\/uploads\/2024\/10\/Logo-Shop.webp","width":470,"height":164,"caption":"Audi-Klaus"},"image":{"@id":"https:\/\/audi-klaus.at\/shop\/#\/schema\/logo\/image\/"},"sameAs":["https:\/\/www.facebook.com\/audi.klaus.1312\/","https:\/\/www.instagram.com\/audi_klaus\/?igshid=1eca3qu2mdayg"]}]}},"_links":{"self":[{"href":"https:\/\/audi-klaus.at\/shop\/wp-json\/wp\/v2\/product\/37853","targetHints":{"allow":["GET"]}}],"collection":[{"href":"https:\/\/audi-klaus.at\/shop\/wp-json\/wp\/v2\/product"}],"about":[{"href":"https:\/\/audi-klaus.at\/shop\/wp-json\/wp\/v2\/types\/product"}],"wp:featuredmedia":[{"embeddable":true,"href":"https:\/\/audi-klaus.at\/shop\/wp-json\/wp\/v2\/media\/37624"}],"wp:attachment":[{"href":"https:\/\/audi-klaus.at\/shop\/wp-json\/wp\/v2\/media?parent=37853"}],"wp:term":[{"taxonomy":"product_brand","embeddable":true,"href":"https:\/\/audi-klaus.at\/shop\/wp-json\/wp\/v2\/product_brand?post=37853"},{"taxonomy":"product_cat","embeddable":true,"href":"https:\/\/audi-klaus.at\/shop\/wp-json\/wp\/v2\/product_cat?post=37853"},{"taxonomy":"product_tag","embeddable":true,"href":"https:\/\/audi-klaus.at\/shop\/wp-json\/wp\/v2\/product_tag?post=37853"}],"curies":[{"name":"wp","href":"https:\/\/api.w.org\/{rel}","templated":true}]}}