{"id":3645,"date":"2021-11-16T20:05:02","date_gmt":"2021-11-16T19:05:02","guid":{"rendered":"http:\/\/audi-klaus.at.server171-han.server-routing.com\/shop\/?post_type=product&#038;p=3645"},"modified":"2026-01-07T20:56:22","modified_gmt":"2026-01-07T19:56:22","slug":"audi-80-90-coupe-b2-b3-vw-passat-32b-traggelenk-neu-trw-jbj114","status":"publish","type":"product","link":"https:\/\/audi-klaus.at\/shop\/produkt\/audi-80-90-coupe-b2-b3-vw-passat-32b-traggelenk-neu-trw-jbj114\/","title":{"rendered":"Audi\/80\/90\/Coupe\/B2\/B3\/VW\/Passat\/32b Traggelenk NEU TRW JBJ114"},"content":{"rendered":"<p><span style=\"font-family: Source Sans Pro, sans-serif\"><span style=\"font-size: medium\"><strong><span style=\"color: #000000\"><b>VAG Teilenummer<\/b><\/span><\/strong><span style=\"color: #000000\"><b>: <\/b>TRW JBJ 114<\/span><br \/>\n<strong><span style=\"color: #000000\"><b>Zustand:<\/b><\/span><\/strong><b> <\/b><span style=\"color: #000000\">Neu<\/span><br \/>\n<strong><span style=\"color: #000000\"><b>Lieferumfang:<\/b><\/span><\/strong> <span style=\"color: #000000\">wie in den Original-Abbildungen angegeben<\/span><br \/>\n<span style=\"color: #000000\">Hinweis: Bitte \u00fcberpr\u00fcfen Sie vor dem Kauf anhand der eindeutigen Teilenummern, ob der Artikel zum Fahrzeug passt, um R\u00fccksendungen zu vermeiden! Trotz Angabe der entsprechenden Fahrzeugdaten ist eine eindeutige Zuordnung nur \u00fcber die Teilenummer m\u00f6glich! Die abgelesene Teilenummer ist die Teilenummer des Teils, welches geliefert wird. Die Originalteilnummer ist diejenige, die bei Neubestellung f\u00fcr dieses Teil gilt und der m\u00f6glicherweise abweichenden, gelieferten Teilenummer entspricht. Sollten weitere Fragen offen sein, kontaktieren Sie uns bitte unter <\/span><a href=\"mailto:office@audi-klaus.at\">office@audi-klaus.at<\/a><\/span><\/span><\/p>\n","protected":false},"excerpt":{"rendered":"<h5><span style=\"font-size: 18pt\"><strong>Marke: Audi, VW<\/strong><\/span><\/h5>\n<h5><span style=\"font-size: 18pt\"><strong>Modell: 80, 90, Coupe, Passat<\/strong><\/span><\/h5>\n<h5><span style=\"font-size: 18pt\"><strong>Typ: B2, B3, 32b<\/strong><\/span><\/h5>\n","protected":false},"featured_media":3312,"template":"","meta":[],"product_brand":[],"product_cat":[2497,167,2510,218,228,32,258,78,299,80,309,81,1164,85,1176,86,1230,154,1645,166],"product_tag":[3308,3309],"class_list":{"0":"post-3645","1":"product","2":"type-product","3":"status-publish","4":"has-post-thumbnail","6":"product_cat-servicematerial","7":"product_cat-b3-1987-1991","8":"product_cat-traggelenk","9":"product_cat-vorder-hinterachse-b2-78","10":"product_cat-vorder-hinterachse-b3-86","11":"product_cat-audi","12":"product_cat-vorder-hinterachse-b2-80","13":"product_cat-78","14":"product_cat-vorder-hinterachse-b2-1984-1987","15":"product_cat-b2-typ81-85-78","16":"product_cat-vorder-hinterachse-b3-1987-1991","17":"product_cat-b3-86","18":"product_cat-vw","19":"product_cat-coupe80","20":"product_cat-passat","21":"product_cat-b2-type81-85-80","22":"product_cat-b2-32b-1980-1988","23":"product_cat-154","24":"product_cat-vorder-hinterachse-b2-32b-1980-1988","25":"product_cat-b2-type81-85-1984-1987","26":"product_tag-trw-jbj114","27":"product_tag-trwjbj114","29":"first","30":"outofstock","31":"taxable","32":"shipping-taxable","33":"purchasable","34":"product-type-simple"},"yoast_head":"<!-- This site is optimized with the Yoast SEO plugin v27.5 - https:\/\/yoast.com\/product\/yoast-seo-wordpress\/ -->\n<title>Audi\/80\/90\/Coupe\/B2\/B3\/VW\/Passat\/32b Traggelenk NEU TRW JBJ114 - Audi-Klaus<\/title>\n<meta name=\"robots\" content=\"index, follow, max-snippet:-1, max-image-preview:large, max-video-preview:-1\" \/>\n<link rel=\"canonical\" href=\"https:\/\/audi-klaus.at\/shop\/produkt\/audi-80-90-coupe-b2-b3-vw-passat-32b-traggelenk-neu-trw-jbj114\/\" \/>\n<meta property=\"og:locale\" content=\"de_DE\" \/>\n<meta property=\"og:type\" content=\"article\" \/>\n<meta property=\"og:title\" content=\"Audi\/80\/90\/Coupe\/B2\/B3\/VW\/Passat\/32b Traggelenk NEU TRW JBJ114 - Audi-Klaus\" \/>\n<meta property=\"og:description\" content=\"Marke: Audi, VW Modell: 80, 90, Coupe, Passat Typ: B2, B3, 32b\" \/>\n<meta property=\"og:url\" content=\"https:\/\/audi-klaus.at\/shop\/produkt\/audi-80-90-coupe-b2-b3-vw-passat-32b-traggelenk-neu-trw-jbj114\/\" \/>\n<meta property=\"og:site_name\" content=\"Audi-Klaus\" \/>\n<meta property=\"article:publisher\" content=\"https:\/\/www.facebook.com\/audi.klaus.1312\/\" \/>\n<meta property=\"article:modified_time\" content=\"2026-01-07T19:56:22+00:00\" \/>\n<meta property=\"og:image\" content=\"https:\/\/audi-klaus.at\/shop\/wp-content\/uploads\/2021\/11\/L143-1.jpg\" \/>\n\t<meta property=\"og:image:width\" content=\"653\" \/>\n\t<meta property=\"og:image:height\" content=\"430\" \/>\n\t<meta property=\"og:image:type\" content=\"image\/jpeg\" \/>\n<meta name=\"twitter:card\" content=\"summary_large_image\" \/>\n<script type=\"application\/ld+json\" class=\"yoast-schema-graph\">{\"@context\":\"https:\\\/\\\/schema.org\",\"@graph\":[{\"@type\":\"WebPage\",\"@id\":\"https:\\\/\\\/audi-klaus.at\\\/shop\\\/produkt\\\/audi-80-90-coupe-b2-b3-vw-passat-32b-traggelenk-neu-trw-jbj114\\\/\",\"url\":\"https:\\\/\\\/audi-klaus.at\\\/shop\\\/produkt\\\/audi-80-90-coupe-b2-b3-vw-passat-32b-traggelenk-neu-trw-jbj114\\\/\",\"name\":\"Audi\\\/80\\\/90\\\/Coupe\\\/B2\\\/B3\\\/VW\\\/Passat\\\/32b Traggelenk NEU TRW JBJ114 - Audi-Klaus\",\"isPartOf\":{\"@id\":\"https:\\\/\\\/audi-klaus.at\\\/shop\\\/#website\"},\"primaryImageOfPage\":{\"@id\":\"https:\\\/\\\/audi-klaus.at\\\/shop\\\/produkt\\\/audi-80-90-coupe-b2-b3-vw-passat-32b-traggelenk-neu-trw-jbj114\\\/#primaryimage\"},\"image\":{\"@id\":\"https:\\\/\\\/audi-klaus.at\\\/shop\\\/produkt\\\/audi-80-90-coupe-b2-b3-vw-passat-32b-traggelenk-neu-trw-jbj114\\\/#primaryimage\"},\"thumbnailUrl\":\"https:\\\/\\\/audi-klaus.at\\\/shop\\\/wp-content\\\/uploads\\\/2021\\\/11\\\/L143-1.jpg\",\"datePublished\":\"2021-11-16T19:05:02+00:00\",\"dateModified\":\"2026-01-07T19:56:22+00:00\",\"breadcrumb\":{\"@id\":\"https:\\\/\\\/audi-klaus.at\\\/shop\\\/produkt\\\/audi-80-90-coupe-b2-b3-vw-passat-32b-traggelenk-neu-trw-jbj114\\\/#breadcrumb\"},\"inLanguage\":\"de-AT\",\"potentialAction\":[{\"@type\":\"ReadAction\",\"target\":[\"https:\\\/\\\/audi-klaus.at\\\/shop\\\/produkt\\\/audi-80-90-coupe-b2-b3-vw-passat-32b-traggelenk-neu-trw-jbj114\\\/\"]}]},{\"@type\":\"ImageObject\",\"inLanguage\":\"de-AT\",\"@id\":\"https:\\\/\\\/audi-klaus.at\\\/shop\\\/produkt\\\/audi-80-90-coupe-b2-b3-vw-passat-32b-traggelenk-neu-trw-jbj114\\\/#primaryimage\",\"url\":\"https:\\\/\\\/audi-klaus.at\\\/shop\\\/wp-content\\\/uploads\\\/2021\\\/11\\\/L143-1.jpg\",\"contentUrl\":\"https:\\\/\\\/audi-klaus.at\\\/shop\\\/wp-content\\\/uploads\\\/2021\\\/11\\\/L143-1.jpg\",\"width\":653,\"height\":430},{\"@type\":\"BreadcrumbList\",\"@id\":\"https:\\\/\\\/audi-klaus.at\\\/shop\\\/produkt\\\/audi-80-90-coupe-b2-b3-vw-passat-32b-traggelenk-neu-trw-jbj114\\\/#breadcrumb\",\"itemListElement\":[{\"@type\":\"ListItem\",\"position\":1,\"name\":\"Startseite\",\"item\":\"https:\\\/\\\/audi-klaus.at\\\/shop\\\/\"},{\"@type\":\"ListItem\",\"position\":2,\"name\":\"Shop\",\"item\":\"https:\\\/\\\/audi-klaus.at\\\/shop\\\/\"},{\"@type\":\"ListItem\",\"position\":3,\"name\":\"Audi\\\/80\\\/90\\\/Coupe\\\/B2\\\/B3\\\/VW\\\/Passat\\\/32b Traggelenk NEU TRW JBJ114\"}]},{\"@type\":\"WebSite\",\"@id\":\"https:\\\/\\\/audi-klaus.at\\\/shop\\\/#website\",\"url\":\"https:\\\/\\\/audi-klaus.at\\\/shop\\\/\",\"name\":\"Audi-Klaus\",\"description\":\"Ihr Gebrauchtteile Spezialist f\u00fcr die Marken Audi, VW (VAG)\",\"publisher\":{\"@id\":\"https:\\\/\\\/audi-klaus.at\\\/shop\\\/#organization\"},\"potentialAction\":[{\"@type\":\"SearchAction\",\"target\":{\"@type\":\"EntryPoint\",\"urlTemplate\":\"https:\\\/\\\/audi-klaus.at\\\/shop\\\/?s={search_term_string}\"},\"query-input\":{\"@type\":\"PropertyValueSpecification\",\"valueRequired\":true,\"valueName\":\"search_term_string\"}}],\"inLanguage\":\"de-AT\"},{\"@type\":\"Organization\",\"@id\":\"https:\\\/\\\/audi-klaus.at\\\/shop\\\/#organization\",\"name\":\"Audi-Klaus\",\"url\":\"https:\\\/\\\/audi-klaus.at\\\/shop\\\/\",\"logo\":{\"@type\":\"ImageObject\",\"inLanguage\":\"de-AT\",\"@id\":\"https:\\\/\\\/audi-klaus.at\\\/shop\\\/#\\\/schema\\\/logo\\\/image\\\/\",\"url\":\"https:\\\/\\\/audi-klaus.at\\\/shop\\\/wp-content\\\/uploads\\\/2024\\\/10\\\/Logo-Shop.webp\",\"contentUrl\":\"https:\\\/\\\/audi-klaus.at\\\/shop\\\/wp-content\\\/uploads\\\/2024\\\/10\\\/Logo-Shop.webp\",\"width\":470,\"height\":164,\"caption\":\"Audi-Klaus\"},\"image\":{\"@id\":\"https:\\\/\\\/audi-klaus.at\\\/shop\\\/#\\\/schema\\\/logo\\\/image\\\/\"},\"sameAs\":[\"https:\\\/\\\/www.facebook.com\\\/audi.klaus.1312\\\/\",\"https:\\\/\\\/www.instagram.com\\\/audi_klaus\\\/?igshid=1eca3qu2mdayg\"]}]}<\/script>\n<!-- \/ Yoast SEO plugin. -->","yoast_head_json":{"title":"Audi\/80\/90\/Coupe\/B2\/B3\/VW\/Passat\/32b Traggelenk NEU TRW JBJ114 - Audi-Klaus","robots":{"index":"index","follow":"follow","max-snippet":"max-snippet:-1","max-image-preview":"max-image-preview:large","max-video-preview":"max-video-preview:-1"},"canonical":"https:\/\/audi-klaus.at\/shop\/produkt\/audi-80-90-coupe-b2-b3-vw-passat-32b-traggelenk-neu-trw-jbj114\/","og_locale":"de_DE","og_type":"article","og_title":"Audi\/80\/90\/Coupe\/B2\/B3\/VW\/Passat\/32b Traggelenk NEU TRW JBJ114 - Audi-Klaus","og_description":"Marke: Audi, VW Modell: 80, 90, Coupe, Passat Typ: B2, B3, 32b","og_url":"https:\/\/audi-klaus.at\/shop\/produkt\/audi-80-90-coupe-b2-b3-vw-passat-32b-traggelenk-neu-trw-jbj114\/","og_site_name":"Audi-Klaus","article_publisher":"https:\/\/www.facebook.com\/audi.klaus.1312\/","article_modified_time":"2026-01-07T19:56:22+00:00","og_image":[{"width":653,"height":430,"url":"https:\/\/audi-klaus.at\/shop\/wp-content\/uploads\/2021\/11\/L143-1.jpg","type":"image\/jpeg"}],"twitter_card":"summary_large_image","schema":{"@context":"https:\/\/schema.org","@graph":[{"@type":"WebPage","@id":"https:\/\/audi-klaus.at\/shop\/produkt\/audi-80-90-coupe-b2-b3-vw-passat-32b-traggelenk-neu-trw-jbj114\/","url":"https:\/\/audi-klaus.at\/shop\/produkt\/audi-80-90-coupe-b2-b3-vw-passat-32b-traggelenk-neu-trw-jbj114\/","name":"Audi\/80\/90\/Coupe\/B2\/B3\/VW\/Passat\/32b Traggelenk NEU TRW JBJ114 - Audi-Klaus","isPartOf":{"@id":"https:\/\/audi-klaus.at\/shop\/#website"},"primaryImageOfPage":{"@id":"https:\/\/audi-klaus.at\/shop\/produkt\/audi-80-90-coupe-b2-b3-vw-passat-32b-traggelenk-neu-trw-jbj114\/#primaryimage"},"image":{"@id":"https:\/\/audi-klaus.at\/shop\/produkt\/audi-80-90-coupe-b2-b3-vw-passat-32b-traggelenk-neu-trw-jbj114\/#primaryimage"},"thumbnailUrl":"https:\/\/audi-klaus.at\/shop\/wp-content\/uploads\/2021\/11\/L143-1.jpg","datePublished":"2021-11-16T19:05:02+00:00","dateModified":"2026-01-07T19:56:22+00:00","breadcrumb":{"@id":"https:\/\/audi-klaus.at\/shop\/produkt\/audi-80-90-coupe-b2-b3-vw-passat-32b-traggelenk-neu-trw-jbj114\/#breadcrumb"},"inLanguage":"de-AT","potentialAction":[{"@type":"ReadAction","target":["https:\/\/audi-klaus.at\/shop\/produkt\/audi-80-90-coupe-b2-b3-vw-passat-32b-traggelenk-neu-trw-jbj114\/"]}]},{"@type":"ImageObject","inLanguage":"de-AT","@id":"https:\/\/audi-klaus.at\/shop\/produkt\/audi-80-90-coupe-b2-b3-vw-passat-32b-traggelenk-neu-trw-jbj114\/#primaryimage","url":"https:\/\/audi-klaus.at\/shop\/wp-content\/uploads\/2021\/11\/L143-1.jpg","contentUrl":"https:\/\/audi-klaus.at\/shop\/wp-content\/uploads\/2021\/11\/L143-1.jpg","width":653,"height":430},{"@type":"BreadcrumbList","@id":"https:\/\/audi-klaus.at\/shop\/produkt\/audi-80-90-coupe-b2-b3-vw-passat-32b-traggelenk-neu-trw-jbj114\/#breadcrumb","itemListElement":[{"@type":"ListItem","position":1,"name":"Startseite","item":"https:\/\/audi-klaus.at\/shop\/"},{"@type":"ListItem","position":2,"name":"Shop","item":"https:\/\/audi-klaus.at\/shop\/"},{"@type":"ListItem","position":3,"name":"Audi\/80\/90\/Coupe\/B2\/B3\/VW\/Passat\/32b Traggelenk NEU TRW JBJ114"}]},{"@type":"WebSite","@id":"https:\/\/audi-klaus.at\/shop\/#website","url":"https:\/\/audi-klaus.at\/shop\/","name":"Audi-Klaus","description":"Ihr Gebrauchtteile Spezialist f\u00fcr die Marken Audi, VW (VAG)","publisher":{"@id":"https:\/\/audi-klaus.at\/shop\/#organization"},"potentialAction":[{"@type":"SearchAction","target":{"@type":"EntryPoint","urlTemplate":"https:\/\/audi-klaus.at\/shop\/?s={search_term_string}"},"query-input":{"@type":"PropertyValueSpecification","valueRequired":true,"valueName":"search_term_string"}}],"inLanguage":"de-AT"},{"@type":"Organization","@id":"https:\/\/audi-klaus.at\/shop\/#organization","name":"Audi-Klaus","url":"https:\/\/audi-klaus.at\/shop\/","logo":{"@type":"ImageObject","inLanguage":"de-AT","@id":"https:\/\/audi-klaus.at\/shop\/#\/schema\/logo\/image\/","url":"https:\/\/audi-klaus.at\/shop\/wp-content\/uploads\/2024\/10\/Logo-Shop.webp","contentUrl":"https:\/\/audi-klaus.at\/shop\/wp-content\/uploads\/2024\/10\/Logo-Shop.webp","width":470,"height":164,"caption":"Audi-Klaus"},"image":{"@id":"https:\/\/audi-klaus.at\/shop\/#\/schema\/logo\/image\/"},"sameAs":["https:\/\/www.facebook.com\/audi.klaus.1312\/","https:\/\/www.instagram.com\/audi_klaus\/?igshid=1eca3qu2mdayg"]}]}},"_links":{"self":[{"href":"https:\/\/audi-klaus.at\/shop\/wp-json\/wp\/v2\/product\/3645","targetHints":{"allow":["GET"]}}],"collection":[{"href":"https:\/\/audi-klaus.at\/shop\/wp-json\/wp\/v2\/product"}],"about":[{"href":"https:\/\/audi-klaus.at\/shop\/wp-json\/wp\/v2\/types\/product"}],"wp:featuredmedia":[{"embeddable":true,"href":"https:\/\/audi-klaus.at\/shop\/wp-json\/wp\/v2\/media\/3312"}],"wp:attachment":[{"href":"https:\/\/audi-klaus.at\/shop\/wp-json\/wp\/v2\/media?parent=3645"}],"wp:term":[{"taxonomy":"product_brand","embeddable":true,"href":"https:\/\/audi-klaus.at\/shop\/wp-json\/wp\/v2\/product_brand?post=3645"},{"taxonomy":"product_cat","embeddable":true,"href":"https:\/\/audi-klaus.at\/shop\/wp-json\/wp\/v2\/product_cat?post=3645"},{"taxonomy":"product_tag","embeddable":true,"href":"https:\/\/audi-klaus.at\/shop\/wp-json\/wp\/v2\/product_tag?post=3645"}],"curies":[{"name":"wp","href":"https:\/\/api.w.org\/{rel}","templated":true}]}}