{"id":36347,"date":"2022-04-12T13:43:01","date_gmt":"2022-04-12T11:43:01","guid":{"rendered":"http:\/\/audi-klaus.at.server171-han.server-routing.com\/shop\/?post_type=product&#038;p=36347"},"modified":"2026-01-07T21:48:10","modified_gmt":"2026-01-07T20:48:10","slug":"vw-t3-bus-lufterfrischer-vanille-rot-neu","status":"publish","type":"product","link":"https:\/\/audi-klaus.at\/shop\/produkt\/vw-t3-bus-lufterfrischer-vanille-rot-neu\/","title":{"rendered":"VW T3 BUS LUFTERFRISCHER &#8211; VANILLE\/ROT NEU"},"content":{"rendered":"<h5 class=\"western\" style=\"margin-top: 0.49cm; margin-bottom: 0.49cm; line-height: 100%;\"><span style=\"font-size: 10pt;\"><span style=\"color: #060606;\"><span style=\"font-family: Verdana, serif;\"><b>Zustand:<\/b><\/span><\/span><span style=\"color: #060606;\"><span style=\"font-family: Verdana, serif;\">\u00a0\u00a0<\/span><\/span><span style=\"color: #060606;\"><span style=\"font-family: Verdana, serif;\"><span lang=\"de-DE\">NEU<\/span><\/span><\/span><\/span><\/h5>\n<h5 class=\"western\" style=\"margin-top: 0.49cm; margin-bottom: 0.49cm; line-height: 100%;\"><span style=\"font-size: 10pt;\"><span style=\"color: #060606;\"><span style=\"font-family: Verdana, serif;\"><b>Lieferumfang:<\/b><\/span><\/span><span style=\"color: #060606;\"><span style=\"font-family: Verdana, serif;\">\u00a0wie in den Original-Abbildungen angegeben<\/span><\/span><\/span><\/h5>\n<h5 class=\"western\" style=\"margin-top: 0.49cm; margin-bottom: 0.49cm; line-height: 100%;\"><span style=\"font-size: 10pt;\"><span style=\"color: #060606;\"><span style=\"font-family: Verdana, serif;\"><b>Hinweis:<\/b><\/span><\/span><span style=\"color: #060606;\"><span style=\"font-family: Verdana, serif;\">\u00a0Bitte \u00fcberpr\u00fcfen Sie vor dem Kauf anhand der eindeutigen Teilenummern, ob der Artikel zum Fahrzeug passt, um R\u00fccksendungen zu vermeiden! Trotz Angabe der entsprechenden Fahrzeugdaten ist eine eindeutige Zuordnung nur \u00fcber die Teilenummer m\u00f6glich! Die abgelesene Teilenummer ist die Teilenummer des Teils, welches geliefert wird. Die Originalteilnummer ist diejenige, die bei Neubestellung f\u00fcr dieses Teil gilt und der m\u00f6glicherweise abweichenden, gelieferten Teilenummer entspricht. Sollten weitere Fragen offen sein, kontaktieren Sie uns bitte unter\u00a0<\/span><\/span><a href=\"mailto:office@audi-klaus.at\"><span style=\"color: #0000ff;\"><span style=\"font-family: Verdana, serif;\"><span style=\"text-decoration: underline;\">office@audi-klaus.at<\/span><\/span><\/span><\/a><\/span><\/h5>\n","protected":false},"excerpt":{"rendered":"<h5><strong><span style=\"font-size: 18pt;\">Material: Karton mit aufkaschiertem Papier<\/span><\/strong><\/h5>\n<h5><strong><span style=\"font-size: 18pt;\">Ma\u00dfe: 7 x 9 cm<\/span><\/strong><\/h5>\n<h5><strong><span style=\"font-size: 18pt;\">Ma\u00dfe Einzelverpackung: 7 x 9 cm<\/span><\/strong><\/h5>\n<h5><strong><span style=\"font-size: 18pt;\">Duft Vanilla<\/span><\/strong><\/h5>\n","protected":false},"featured_media":36350,"template":"","meta":[],"product_brand":[],"product_cat":[1164,2502],"product_tag":[10402,27007],"class_list":{"0":"post-36347","1":"product","2":"type-product","3":"status-publish","4":"has-post-thumbnail","6":"product_cat-vw","7":"product_cat-merchandising","8":"product_tag-lufterfrischer","9":"product_tag-fan30","11":"first","12":"outofstock","13":"taxable","14":"shipping-taxable","15":"purchasable","16":"product-type-simple"},"yoast_head":"<!-- This site is optimized with the Yoast SEO plugin v27.3 - https:\/\/yoast.com\/product\/yoast-seo-wordpress\/ -->\n<title>VW T3 BUS LUFTERFRISCHER - VANILLE\/ROT NEU - Audi-Klaus<\/title>\n<meta name=\"description\" content=\"VW T3 BUS LUFTERFRISCHER - VANILLE\/ROT NEU VW T3 BUS LUFTERFRISCHER - VANILLE\/ROT NEU Audi-Klaus VW T3 BUS LUFTERFRISCHER - VANILLE\/ROT NEU\" \/>\n<meta name=\"robots\" content=\"index, follow, max-snippet:-1, max-image-preview:large, max-video-preview:-1\" \/>\n<link rel=\"canonical\" href=\"https:\/\/audi-klaus.at\/shop\/produkt\/vw-t3-bus-lufterfrischer-vanille-rot-neu\/\" \/>\n<meta property=\"og:locale\" content=\"de_DE\" \/>\n<meta property=\"og:type\" content=\"article\" \/>\n<meta property=\"og:title\" content=\"VW T3 BUS LUFTERFRISCHER - VANILLE\/ROT NEU - Audi-Klaus\" \/>\n<meta property=\"og:description\" content=\"VW T3 BUS LUFTERFRISCHER - VANILLE\/ROT NEU VW T3 BUS LUFTERFRISCHER - VANILLE\/ROT NEU Audi-Klaus VW T3 BUS LUFTERFRISCHER - VANILLE\/ROT NEU\" \/>\n<meta property=\"og:url\" content=\"https:\/\/audi-klaus.at\/shop\/produkt\/vw-t3-bus-lufterfrischer-vanille-rot-neu\/\" \/>\n<meta property=\"og:site_name\" content=\"Audi-Klaus\" \/>\n<meta property=\"article:publisher\" content=\"https:\/\/www.facebook.com\/audi.klaus.1312\/\" \/>\n<meta property=\"article:modified_time\" content=\"2026-01-07T20:48:10+00:00\" \/>\n<meta property=\"og:image\" content=\"https:\/\/audi-klaus.at\/shop\/wp-content\/uploads\/2022\/04\/FAN31.jpg\" \/>\n\t<meta property=\"og:image:width\" content=\"1168\" \/>\n\t<meta property=\"og:image:height\" content=\"2152\" \/>\n\t<meta property=\"og:image:type\" content=\"image\/jpeg\" \/>\n<meta name=\"twitter:card\" content=\"summary_large_image\" \/>\n<meta name=\"twitter:label1\" content=\"Gesch\u00e4tzte Lesezeit\" \/>\n\t<meta name=\"twitter:data1\" content=\"1 Minute\" \/>\n<script type=\"application\/ld+json\" class=\"yoast-schema-graph\">{\"@context\":\"https:\\\/\\\/schema.org\",\"@graph\":[{\"@type\":\"WebPage\",\"@id\":\"https:\\\/\\\/audi-klaus.at\\\/shop\\\/produkt\\\/vw-t3-bus-lufterfrischer-vanille-rot-neu\\\/\",\"url\":\"https:\\\/\\\/audi-klaus.at\\\/shop\\\/produkt\\\/vw-t3-bus-lufterfrischer-vanille-rot-neu\\\/\",\"name\":\"VW T3 BUS LUFTERFRISCHER - VANILLE\\\/ROT NEU - Audi-Klaus\",\"isPartOf\":{\"@id\":\"https:\\\/\\\/audi-klaus.at\\\/shop\\\/#website\"},\"primaryImageOfPage\":{\"@id\":\"https:\\\/\\\/audi-klaus.at\\\/shop\\\/produkt\\\/vw-t3-bus-lufterfrischer-vanille-rot-neu\\\/#primaryimage\"},\"image\":{\"@id\":\"https:\\\/\\\/audi-klaus.at\\\/shop\\\/produkt\\\/vw-t3-bus-lufterfrischer-vanille-rot-neu\\\/#primaryimage\"},\"thumbnailUrl\":\"https:\\\/\\\/audi-klaus.at\\\/shop\\\/wp-content\\\/uploads\\\/2022\\\/04\\\/FAN31.jpg\",\"datePublished\":\"2022-04-12T11:43:01+00:00\",\"dateModified\":\"2026-01-07T20:48:10+00:00\",\"description\":\"VW T3 BUS LUFTERFRISCHER - VANILLE\\\/ROT NEU VW T3 BUS LUFTERFRISCHER - VANILLE\\\/ROT NEU Audi-Klaus VW T3 BUS LUFTERFRISCHER - VANILLE\\\/ROT NEU\",\"breadcrumb\":{\"@id\":\"https:\\\/\\\/audi-klaus.at\\\/shop\\\/produkt\\\/vw-t3-bus-lufterfrischer-vanille-rot-neu\\\/#breadcrumb\"},\"inLanguage\":\"de-AT\",\"potentialAction\":[{\"@type\":\"ReadAction\",\"target\":[\"https:\\\/\\\/audi-klaus.at\\\/shop\\\/produkt\\\/vw-t3-bus-lufterfrischer-vanille-rot-neu\\\/\"]}]},{\"@type\":\"ImageObject\",\"inLanguage\":\"de-AT\",\"@id\":\"https:\\\/\\\/audi-klaus.at\\\/shop\\\/produkt\\\/vw-t3-bus-lufterfrischer-vanille-rot-neu\\\/#primaryimage\",\"url\":\"https:\\\/\\\/audi-klaus.at\\\/shop\\\/wp-content\\\/uploads\\\/2022\\\/04\\\/FAN31.jpg\",\"contentUrl\":\"https:\\\/\\\/audi-klaus.at\\\/shop\\\/wp-content\\\/uploads\\\/2022\\\/04\\\/FAN31.jpg\",\"width\":1168,\"height\":2152},{\"@type\":\"BreadcrumbList\",\"@id\":\"https:\\\/\\\/audi-klaus.at\\\/shop\\\/produkt\\\/vw-t3-bus-lufterfrischer-vanille-rot-neu\\\/#breadcrumb\",\"itemListElement\":[{\"@type\":\"ListItem\",\"position\":1,\"name\":\"Startseite\",\"item\":\"https:\\\/\\\/audi-klaus.at\\\/shop\\\/\"},{\"@type\":\"ListItem\",\"position\":2,\"name\":\"Shop\",\"item\":\"https:\\\/\\\/audi-klaus.at\\\/shop\\\/\"},{\"@type\":\"ListItem\",\"position\":3,\"name\":\"VW T3 BUS LUFTERFRISCHER &#8211; VANILLE\\\/ROT NEU\"}]},{\"@type\":\"WebSite\",\"@id\":\"https:\\\/\\\/audi-klaus.at\\\/shop\\\/#website\",\"url\":\"https:\\\/\\\/audi-klaus.at\\\/shop\\\/\",\"name\":\"Audi-Klaus\",\"description\":\"Ihr Gebrauchtteile Spezialist f\u00fcr die Marken Audi, VW (VAG)\",\"publisher\":{\"@id\":\"https:\\\/\\\/audi-klaus.at\\\/shop\\\/#organization\"},\"potentialAction\":[{\"@type\":\"SearchAction\",\"target\":{\"@type\":\"EntryPoint\",\"urlTemplate\":\"https:\\\/\\\/audi-klaus.at\\\/shop\\\/?s={search_term_string}\"},\"query-input\":{\"@type\":\"PropertyValueSpecification\",\"valueRequired\":true,\"valueName\":\"search_term_string\"}}],\"inLanguage\":\"de-AT\"},{\"@type\":\"Organization\",\"@id\":\"https:\\\/\\\/audi-klaus.at\\\/shop\\\/#organization\",\"name\":\"Audi-Klaus\",\"url\":\"https:\\\/\\\/audi-klaus.at\\\/shop\\\/\",\"logo\":{\"@type\":\"ImageObject\",\"inLanguage\":\"de-AT\",\"@id\":\"https:\\\/\\\/audi-klaus.at\\\/shop\\\/#\\\/schema\\\/logo\\\/image\\\/\",\"url\":\"https:\\\/\\\/audi-klaus.at\\\/shop\\\/wp-content\\\/uploads\\\/2024\\\/10\\\/Logo-Shop.webp\",\"contentUrl\":\"https:\\\/\\\/audi-klaus.at\\\/shop\\\/wp-content\\\/uploads\\\/2024\\\/10\\\/Logo-Shop.webp\",\"width\":470,\"height\":164,\"caption\":\"Audi-Klaus\"},\"image\":{\"@id\":\"https:\\\/\\\/audi-klaus.at\\\/shop\\\/#\\\/schema\\\/logo\\\/image\\\/\"},\"sameAs\":[\"https:\\\/\\\/www.facebook.com\\\/audi.klaus.1312\\\/\",\"https:\\\/\\\/www.instagram.com\\\/audi_klaus\\\/?igshid=1eca3qu2mdayg\"]}]}<\/script>\n<!-- \/ Yoast SEO plugin. -->","yoast_head_json":{"title":"VW T3 BUS LUFTERFRISCHER - VANILLE\/ROT NEU - Audi-Klaus","description":"VW T3 BUS LUFTERFRISCHER - VANILLE\/ROT NEU VW T3 BUS LUFTERFRISCHER - VANILLE\/ROT NEU Audi-Klaus VW T3 BUS LUFTERFRISCHER - VANILLE\/ROT NEU","robots":{"index":"index","follow":"follow","max-snippet":"max-snippet:-1","max-image-preview":"max-image-preview:large","max-video-preview":"max-video-preview:-1"},"canonical":"https:\/\/audi-klaus.at\/shop\/produkt\/vw-t3-bus-lufterfrischer-vanille-rot-neu\/","og_locale":"de_DE","og_type":"article","og_title":"VW T3 BUS LUFTERFRISCHER - VANILLE\/ROT NEU - Audi-Klaus","og_description":"VW T3 BUS LUFTERFRISCHER - VANILLE\/ROT NEU VW T3 BUS LUFTERFRISCHER - VANILLE\/ROT NEU Audi-Klaus VW T3 BUS LUFTERFRISCHER - VANILLE\/ROT NEU","og_url":"https:\/\/audi-klaus.at\/shop\/produkt\/vw-t3-bus-lufterfrischer-vanille-rot-neu\/","og_site_name":"Audi-Klaus","article_publisher":"https:\/\/www.facebook.com\/audi.klaus.1312\/","article_modified_time":"2026-01-07T20:48:10+00:00","og_image":[{"width":1168,"height":2152,"url":"https:\/\/audi-klaus.at\/shop\/wp-content\/uploads\/2022\/04\/FAN31.jpg","type":"image\/jpeg"}],"twitter_card":"summary_large_image","twitter_misc":{"Gesch\u00e4tzte Lesezeit":"1 Minute"},"schema":{"@context":"https:\/\/schema.org","@graph":[{"@type":"WebPage","@id":"https:\/\/audi-klaus.at\/shop\/produkt\/vw-t3-bus-lufterfrischer-vanille-rot-neu\/","url":"https:\/\/audi-klaus.at\/shop\/produkt\/vw-t3-bus-lufterfrischer-vanille-rot-neu\/","name":"VW T3 BUS LUFTERFRISCHER - VANILLE\/ROT NEU - Audi-Klaus","isPartOf":{"@id":"https:\/\/audi-klaus.at\/shop\/#website"},"primaryImageOfPage":{"@id":"https:\/\/audi-klaus.at\/shop\/produkt\/vw-t3-bus-lufterfrischer-vanille-rot-neu\/#primaryimage"},"image":{"@id":"https:\/\/audi-klaus.at\/shop\/produkt\/vw-t3-bus-lufterfrischer-vanille-rot-neu\/#primaryimage"},"thumbnailUrl":"https:\/\/audi-klaus.at\/shop\/wp-content\/uploads\/2022\/04\/FAN31.jpg","datePublished":"2022-04-12T11:43:01+00:00","dateModified":"2026-01-07T20:48:10+00:00","description":"VW T3 BUS LUFTERFRISCHER - VANILLE\/ROT NEU VW T3 BUS LUFTERFRISCHER - VANILLE\/ROT NEU Audi-Klaus VW T3 BUS LUFTERFRISCHER - VANILLE\/ROT NEU","breadcrumb":{"@id":"https:\/\/audi-klaus.at\/shop\/produkt\/vw-t3-bus-lufterfrischer-vanille-rot-neu\/#breadcrumb"},"inLanguage":"de-AT","potentialAction":[{"@type":"ReadAction","target":["https:\/\/audi-klaus.at\/shop\/produkt\/vw-t3-bus-lufterfrischer-vanille-rot-neu\/"]}]},{"@type":"ImageObject","inLanguage":"de-AT","@id":"https:\/\/audi-klaus.at\/shop\/produkt\/vw-t3-bus-lufterfrischer-vanille-rot-neu\/#primaryimage","url":"https:\/\/audi-klaus.at\/shop\/wp-content\/uploads\/2022\/04\/FAN31.jpg","contentUrl":"https:\/\/audi-klaus.at\/shop\/wp-content\/uploads\/2022\/04\/FAN31.jpg","width":1168,"height":2152},{"@type":"BreadcrumbList","@id":"https:\/\/audi-klaus.at\/shop\/produkt\/vw-t3-bus-lufterfrischer-vanille-rot-neu\/#breadcrumb","itemListElement":[{"@type":"ListItem","position":1,"name":"Startseite","item":"https:\/\/audi-klaus.at\/shop\/"},{"@type":"ListItem","position":2,"name":"Shop","item":"https:\/\/audi-klaus.at\/shop\/"},{"@type":"ListItem","position":3,"name":"VW T3 BUS LUFTERFRISCHER &#8211; VANILLE\/ROT NEU"}]},{"@type":"WebSite","@id":"https:\/\/audi-klaus.at\/shop\/#website","url":"https:\/\/audi-klaus.at\/shop\/","name":"Audi-Klaus","description":"Ihr Gebrauchtteile Spezialist f\u00fcr die Marken Audi, VW (VAG)","publisher":{"@id":"https:\/\/audi-klaus.at\/shop\/#organization"},"potentialAction":[{"@type":"SearchAction","target":{"@type":"EntryPoint","urlTemplate":"https:\/\/audi-klaus.at\/shop\/?s={search_term_string}"},"query-input":{"@type":"PropertyValueSpecification","valueRequired":true,"valueName":"search_term_string"}}],"inLanguage":"de-AT"},{"@type":"Organization","@id":"https:\/\/audi-klaus.at\/shop\/#organization","name":"Audi-Klaus","url":"https:\/\/audi-klaus.at\/shop\/","logo":{"@type":"ImageObject","inLanguage":"de-AT","@id":"https:\/\/audi-klaus.at\/shop\/#\/schema\/logo\/image\/","url":"https:\/\/audi-klaus.at\/shop\/wp-content\/uploads\/2024\/10\/Logo-Shop.webp","contentUrl":"https:\/\/audi-klaus.at\/shop\/wp-content\/uploads\/2024\/10\/Logo-Shop.webp","width":470,"height":164,"caption":"Audi-Klaus"},"image":{"@id":"https:\/\/audi-klaus.at\/shop\/#\/schema\/logo\/image\/"},"sameAs":["https:\/\/www.facebook.com\/audi.klaus.1312\/","https:\/\/www.instagram.com\/audi_klaus\/?igshid=1eca3qu2mdayg"]}]}},"_links":{"self":[{"href":"https:\/\/audi-klaus.at\/shop\/wp-json\/wp\/v2\/product\/36347","targetHints":{"allow":["GET"]}}],"collection":[{"href":"https:\/\/audi-klaus.at\/shop\/wp-json\/wp\/v2\/product"}],"about":[{"href":"https:\/\/audi-klaus.at\/shop\/wp-json\/wp\/v2\/types\/product"}],"wp:featuredmedia":[{"embeddable":true,"href":"https:\/\/audi-klaus.at\/shop\/wp-json\/wp\/v2\/media\/36350"}],"wp:attachment":[{"href":"https:\/\/audi-klaus.at\/shop\/wp-json\/wp\/v2\/media?parent=36347"}],"wp:term":[{"taxonomy":"product_brand","embeddable":true,"href":"https:\/\/audi-klaus.at\/shop\/wp-json\/wp\/v2\/product_brand?post=36347"},{"taxonomy":"product_cat","embeddable":true,"href":"https:\/\/audi-klaus.at\/shop\/wp-json\/wp\/v2\/product_cat?post=36347"},{"taxonomy":"product_tag","embeddable":true,"href":"https:\/\/audi-klaus.at\/shop\/wp-json\/wp\/v2\/product_tag?post=36347"}],"curies":[{"name":"wp","href":"https:\/\/api.w.org\/{rel}","templated":true}]}}