{"id":3554,"date":"2021-11-16T13:43:45","date_gmt":"2021-11-16T12:43:45","guid":{"rendered":"http:\/\/audi-klaus.at.server171-han.server-routing.com\/shop\/?post_type=product&#038;p=3554"},"modified":"2026-01-07T20:56:17","modified_gmt":"2026-01-07T19:56:17","slug":"audi-a1-a3-q3-tt-vw-caddy-eos-golf-jetta-passat-scirocco-sharan-tiguan-touran-radlagersatz-neu-skf-vkba3643","status":"publish","type":"product","link":"https:\/\/audi-klaus.at\/shop\/produkt\/audi-a1-a3-q3-tt-vw-caddy-eos-golf-jetta-passat-scirocco-sharan-tiguan-touran-radlagersatz-neu-skf-vkba3643\/","title":{"rendered":"Audi A1\/A3\/Q3\/TT\/VW\/Caddy\/EOS\/Golf\/Jetta\/Passat\/Scirocco\/Sharan\/Tiguan\/Touran Radlagersatz NEU SKF VKBA3643"},"content":{"rendered":"<p><span style=\"font-family: Source Sans Pro, sans-serif\"><span style=\"font-size: medium\"><strong><span style=\"color: #000000\"><b>VAG Teilenummer<\/b><\/span><\/strong><span style=\"color: #000000\"><b>: <\/b>SKF VKB A36 43<\/span><br \/>\n<strong><span style=\"color: #000000\"><b>Zustand:<\/b><\/span><\/strong><b> <\/b><span style=\"color: #000000\">Neu<\/span><br \/>\n<strong><span style=\"color: #000000\"><b>Lieferumfang:<\/b><\/span><\/strong> <span style=\"color: #000000\">wie in den Original-Abbildungen angegeben<\/span><br \/>\n<span style=\"color: #000000\">Hinweis: Bitte \u00fcberpr\u00fcfen Sie vor dem Kauf anhand der eindeutigen Teilenummern, ob der Artikel zum Fahrzeug passt, um R\u00fccksendungen zu vermeiden! Trotz Angabe der entsprechenden Fahrzeugdaten ist eine eindeutige Zuordnung nur \u00fcber die Teilenummer m\u00f6glich! Die abgelesene Teilenummer ist die Teilenummer des Teils, welches geliefert wird. Die Originalteilnummer ist diejenige, die bei Neubestellung f\u00fcr dieses Teil gilt und der m\u00f6glicherweise abweichenden, gelieferten Teilenummer entspricht. Sollten weitere Fragen offen sein, kontaktieren Sie uns bitte unter <\/span><a href=\"mailto:office@audi-klaus.at\">office@audi-klaus.at<\/a><\/span><\/span><\/p>\n","protected":false},"excerpt":{"rendered":"<h5><strong><span style=\"font-size: 18pt\">Marke: Audi\/VW<\/span><\/strong><\/h5>\n<h5><strong><span style=\"font-size: 18pt\">Modell: A1\/A3\/Q3\/TT\/Caddy\/EOS\/Golf\/Jetta\/Passat\/Scirocco\/Sharan\/Tiguan\/Touran<\/span><\/strong><\/h5>\n<h5><strong><span style=\"font-size: 18pt\">Typ:8X\/8P\/3\/5\/6\/7\/B7\/B6\/3\/2\/1<\/span><\/strong><\/h5>\n<h5><strong><span style=\"color: #d0121a;font-size: 18pt\">Lagerspuren!!<\/span><\/strong><\/h5>\n<h2><strong><span style=\"font-family: Arial, sans-serif;font-size: 12.8px\">Radlagersatz:<\/span><\/strong><br style=\"font-family: Arial, sans-serif;font-size: 12.8px\" \/><strong><span style=\"font-family: Arial, sans-serif;font-size: 12.8px\">Einbauseite: links oder rechts<\/span><\/strong><br style=\"font-family: Arial, sans-serif;font-size: 12.8px\" \/><strong><span style=\"font-family: Arial, sans-serif;font-size: 12.8px\">Anzahl der Befestigungsbohrungen: 4<\/span><\/strong><br style=\"font-family: Arial, sans-serif;font-size: 12.8px\" \/><strong><span style=\"font-family: Arial, sans-serif;font-size: 12.8px\">(INFO: Bei Fahrzeugen mit 280mm Bremsscheiben wird das Radlager nur mit 3 Bolzen am Achsschenkel verschraubt!)<\/span><\/strong><br style=\"font-family: Arial, sans-serif;font-size: 12.8px\" \/><strong><span style=\"font-family: Arial, sans-serif;font-size: 12.8px\">mit integriertem magnetischen ABS-Sensorring<\/span><\/strong><br style=\"font-family: Arial, sans-serif;font-size: 12.8px\" \/><strong><span style=\"font-family: Arial, sans-serif;font-size: 12.8px\">Innendurchmesser : 29<\/span><\/strong><br style=\"font-family: Arial, sans-serif;font-size: 12.8px\" \/><strong><span style=\"font-family: Arial, sans-serif;font-size: 12.8px\">Aussendurchmesser : 136,5<\/span><\/strong><br style=\"font-family: Arial, sans-serif;font-size: 12.8px\" \/><strong><span style=\"font-family: Arial, sans-serif;font-size: 12.8px\">Breite : 83<\/span><\/strong><br style=\"font-family: Arial, sans-serif;font-size: 12.8px\" \/><strong><span style=\"font-family: Arial, sans-serif;font-size: 12.8px\">Innendurchmesser 2 : 51<\/span><\/strong><br style=\"font-family: Arial, sans-serif;font-size: 12.8px\" \/><strong><span style=\"font-family: Arial, sans-serif;font-size: 12.8px\">Aussendurchmesser 2 : 81<\/span><\/strong><br style=\"font-family: Arial, sans-serif;font-size: 12.8px\" \/><strong><span style=\"font-family: Arial, sans-serif;font-size: 12.8px\">Breite 2 : 48<\/span><\/strong><\/h2>\n","protected":false},"featured_media":3231,"template":"","meta":[],"product_brand":[],"product_cat":[1178,1856,1213,384,1415,1179,2497,1234,419,1425,1180,2511,1236,425,1475,1182,1240,454,1685,1184,1243,472,1695,1197,1246,1164,1730,1198,1250,1165,1746,1199,32,1313,1167,1756,1206,367,1323,1170,1786,1207,369,1333,1176,1816,1208,376,1405],"product_tag":[3221,3222],"class_list":{"0":"post-3554","1":"product","2":"type-product","3":"status-publish","4":"has-post-thumbnail","6":"product_cat-sharan","7":"product_cat-vorder-hinterachse-1-1t-2003-2015","8":"product_cat-3-2008-2014","9":"product_cat-tt","10":"product_cat-vorder-hinterachse-6-162-2010-2014","11":"product_cat-eos","12":"product_cat-servicematerial","13":"product_cat-b6-3c-2005-2010","14":"product_cat-8x-2010-2018","15":"product_cat-vorder-hinterachse-7-2018-2021","16":"product_cat-caddy","17":"product_cat-radlager","18":"product_cat-b7-3c-2010-2014","19":"product_cat-vorder-hinterachse-8x-2010-2018","20":"product_cat-vorder-hinterachse-3-2008-2014","21":"product_cat-tiguan","22":"product_cat-1f-2006-2015","23":"product_cat-8p-2003-2013","24":"product_cat-vorder-hinterachse-b6-3c-2005-2010","25":"product_cat-touran","26":"product_cat-3-2k-2003-2015","27":"product_cat-vorder-hinterachse-8p-2003-2013","28":"product_cat-vorder-hinterachse-b7-3c-2010-2014","29":"product_cat-5-1k-2003-2010","30":"product_cat-1-5n-2007-2016","31":"product_cat-vw","32":"product_cat-2-7n-2010","33":"product_cat-6-5k-2008-2014","34":"product_cat-1-1t-2003-2015","35":"product_cat-golf","36":"product_cat-vorder-hinterachse-2-7n-2010","37":"product_cat-7-5g-2012-2018","38":"product_cat-audi","39":"product_cat-vorder-hinterachse-5-1k-2003-2010","40":"product_cat-jetta","41":"product_cat-vorder-hinterachse-1f-2006-2015","42":"product_cat-5-1k2-2005-2010","43":"product_cat-a1-audi","44":"product_cat-vorder-hinterachse-6-5k-2008-2014","45":"product_cat-scirocco","46":"product_cat-vorder-hinterachse-3-2k-2003-2010","47":"product_cat-6-162-2010-2014","48":"product_cat-a3","49":"product_cat-vorder-hinterachse-7-5g-2012-2018","50":"product_cat-passat","51":"product_cat-vorder-hinterachse-1-5n-2007-2016","52":"product_cat-7-2018-2021","53":"product_cat-q3","54":"product_cat-vorder-hinterachse-5-1k2-2005-2010","55":"product_tag-skf-vkba3643","56":"product_tag-skfvkba3643","58":"first","59":"instock","60":"taxable","61":"shipping-taxable","62":"purchasable","63":"product-type-simple"},"yoast_head":"<!-- This site is optimized with the Yoast SEO plugin v27.4 - https:\/\/yoast.com\/product\/yoast-seo-wordpress\/ -->\n<title>Audi A1\/A3\/Q3\/TT\/VW\/Caddy\/EOS\/Golf\/Jetta\/Passat\/Scirocco\/Sharan\/Tiguan\/Touran Radlagersatz NEU SKF VKBA3643 - Audi-Klaus<\/title>\n<meta name=\"robots\" content=\"index, follow, max-snippet:-1, max-image-preview:large, max-video-preview:-1\" \/>\n<link rel=\"canonical\" href=\"https:\/\/audi-klaus.at\/shop\/produkt\/audi-a1-a3-q3-tt-vw-caddy-eos-golf-jetta-passat-scirocco-sharan-tiguan-touran-radlagersatz-neu-skf-vkba3643\/\" \/>\n<meta property=\"og:locale\" content=\"de_DE\" \/>\n<meta property=\"og:type\" content=\"article\" \/>\n<meta property=\"og:title\" content=\"Audi A1\/A3\/Q3\/TT\/VW\/Caddy\/EOS\/Golf\/Jetta\/Passat\/Scirocco\/Sharan\/Tiguan\/Touran Radlagersatz NEU SKF VKBA3643 - Audi-Klaus\" \/>\n<meta property=\"og:description\" content=\"Marke: Audi\/VW Modell: A1\/A3\/Q3\/TT\/Caddy\/EOS\/Golf\/Jetta\/Passat\/Scirocco\/Sharan\/Tiguan\/Touran Typ:8X\/8P\/3\/5\/6\/7\/B7\/B6\/3\/2\/1 Lagerspuren!! Radlagersatz:Einbauseite: links oder rechtsAnzahl der Befestigungsbohrungen: 4(INFO: Bei Fahrzeugen mit 280mm Bremsscheiben wird das Radlager nur mit 3 Bolzen am Achsschenkel verschraubt!)mit integriertem magnetischen ABS-SensorringInnendurchmesser : 29Aussendurchmesser : 136,5Breite : 83Innendurchmesser 2 : 51Aussendurchmesser 2 : 81Breite 2 : 48\" \/>\n<meta property=\"og:url\" content=\"https:\/\/audi-klaus.at\/shop\/produkt\/audi-a1-a3-q3-tt-vw-caddy-eos-golf-jetta-passat-scirocco-sharan-tiguan-touran-radlagersatz-neu-skf-vkba3643\/\" \/>\n<meta property=\"og:site_name\" content=\"Audi-Klaus\" \/>\n<meta property=\"article:publisher\" content=\"https:\/\/www.facebook.com\/audi.klaus.1312\/\" \/>\n<meta property=\"article:modified_time\" content=\"2026-01-07T19:56:17+00:00\" \/>\n<meta property=\"og:image\" content=\"https:\/\/audi-klaus.at\/shop\/wp-content\/uploads\/2021\/11\/L100-2.jpg\" \/>\n\t<meta property=\"og:image:width\" content=\"430\" \/>\n\t<meta property=\"og:image:height\" content=\"430\" \/>\n\t<meta property=\"og:image:type\" content=\"image\/jpeg\" \/>\n<meta name=\"twitter:card\" content=\"summary_large_image\" \/>\n<script type=\"application\/ld+json\" class=\"yoast-schema-graph\">{\"@context\":\"https:\\\/\\\/schema.org\",\"@graph\":[{\"@type\":\"WebPage\",\"@id\":\"https:\\\/\\\/audi-klaus.at\\\/shop\\\/produkt\\\/audi-a1-a3-q3-tt-vw-caddy-eos-golf-jetta-passat-scirocco-sharan-tiguan-touran-radlagersatz-neu-skf-vkba3643\\\/\",\"url\":\"https:\\\/\\\/audi-klaus.at\\\/shop\\\/produkt\\\/audi-a1-a3-q3-tt-vw-caddy-eos-golf-jetta-passat-scirocco-sharan-tiguan-touran-radlagersatz-neu-skf-vkba3643\\\/\",\"name\":\"Audi A1\\\/A3\\\/Q3\\\/TT\\\/VW\\\/Caddy\\\/EOS\\\/Golf\\\/Jetta\\\/Passat\\\/Scirocco\\\/Sharan\\\/Tiguan\\\/Touran Radlagersatz NEU SKF VKBA3643 - Audi-Klaus\",\"isPartOf\":{\"@id\":\"https:\\\/\\\/audi-klaus.at\\\/shop\\\/#website\"},\"primaryImageOfPage\":{\"@id\":\"https:\\\/\\\/audi-klaus.at\\\/shop\\\/produkt\\\/audi-a1-a3-q3-tt-vw-caddy-eos-golf-jetta-passat-scirocco-sharan-tiguan-touran-radlagersatz-neu-skf-vkba3643\\\/#primaryimage\"},\"image\":{\"@id\":\"https:\\\/\\\/audi-klaus.at\\\/shop\\\/produkt\\\/audi-a1-a3-q3-tt-vw-caddy-eos-golf-jetta-passat-scirocco-sharan-tiguan-touran-radlagersatz-neu-skf-vkba3643\\\/#primaryimage\"},\"thumbnailUrl\":\"https:\\\/\\\/audi-klaus.at\\\/shop\\\/wp-content\\\/uploads\\\/2021\\\/11\\\/L100-2.jpg\",\"datePublished\":\"2021-11-16T12:43:45+00:00\",\"dateModified\":\"2026-01-07T19:56:17+00:00\",\"breadcrumb\":{\"@id\":\"https:\\\/\\\/audi-klaus.at\\\/shop\\\/produkt\\\/audi-a1-a3-q3-tt-vw-caddy-eos-golf-jetta-passat-scirocco-sharan-tiguan-touran-radlagersatz-neu-skf-vkba3643\\\/#breadcrumb\"},\"inLanguage\":\"de-AT\",\"potentialAction\":[{\"@type\":\"ReadAction\",\"target\":[\"https:\\\/\\\/audi-klaus.at\\\/shop\\\/produkt\\\/audi-a1-a3-q3-tt-vw-caddy-eos-golf-jetta-passat-scirocco-sharan-tiguan-touran-radlagersatz-neu-skf-vkba3643\\\/\"]}]},{\"@type\":\"ImageObject\",\"inLanguage\":\"de-AT\",\"@id\":\"https:\\\/\\\/audi-klaus.at\\\/shop\\\/produkt\\\/audi-a1-a3-q3-tt-vw-caddy-eos-golf-jetta-passat-scirocco-sharan-tiguan-touran-radlagersatz-neu-skf-vkba3643\\\/#primaryimage\",\"url\":\"https:\\\/\\\/audi-klaus.at\\\/shop\\\/wp-content\\\/uploads\\\/2021\\\/11\\\/L100-2.jpg\",\"contentUrl\":\"https:\\\/\\\/audi-klaus.at\\\/shop\\\/wp-content\\\/uploads\\\/2021\\\/11\\\/L100-2.jpg\",\"width\":430,\"height\":430},{\"@type\":\"BreadcrumbList\",\"@id\":\"https:\\\/\\\/audi-klaus.at\\\/shop\\\/produkt\\\/audi-a1-a3-q3-tt-vw-caddy-eos-golf-jetta-passat-scirocco-sharan-tiguan-touran-radlagersatz-neu-skf-vkba3643\\\/#breadcrumb\",\"itemListElement\":[{\"@type\":\"ListItem\",\"position\":1,\"name\":\"Startseite\",\"item\":\"https:\\\/\\\/audi-klaus.at\\\/shop\\\/\"},{\"@type\":\"ListItem\",\"position\":2,\"name\":\"Shop\",\"item\":\"https:\\\/\\\/audi-klaus.at\\\/shop\\\/\"},{\"@type\":\"ListItem\",\"position\":3,\"name\":\"Audi A1\\\/A3\\\/Q3\\\/TT\\\/VW\\\/Caddy\\\/EOS\\\/Golf\\\/Jetta\\\/Passat\\\/Scirocco\\\/Sharan\\\/Tiguan\\\/Touran Radlagersatz NEU SKF VKBA3643\"}]},{\"@type\":\"WebSite\",\"@id\":\"https:\\\/\\\/audi-klaus.at\\\/shop\\\/#website\",\"url\":\"https:\\\/\\\/audi-klaus.at\\\/shop\\\/\",\"name\":\"Audi-Klaus\",\"description\":\"Ihr Gebrauchtteile Spezialist f\u00fcr die Marken Audi, VW (VAG)\",\"publisher\":{\"@id\":\"https:\\\/\\\/audi-klaus.at\\\/shop\\\/#organization\"},\"potentialAction\":[{\"@type\":\"SearchAction\",\"target\":{\"@type\":\"EntryPoint\",\"urlTemplate\":\"https:\\\/\\\/audi-klaus.at\\\/shop\\\/?s={search_term_string}\"},\"query-input\":{\"@type\":\"PropertyValueSpecification\",\"valueRequired\":true,\"valueName\":\"search_term_string\"}}],\"inLanguage\":\"de-AT\"},{\"@type\":\"Organization\",\"@id\":\"https:\\\/\\\/audi-klaus.at\\\/shop\\\/#organization\",\"name\":\"Audi-Klaus\",\"url\":\"https:\\\/\\\/audi-klaus.at\\\/shop\\\/\",\"logo\":{\"@type\":\"ImageObject\",\"inLanguage\":\"de-AT\",\"@id\":\"https:\\\/\\\/audi-klaus.at\\\/shop\\\/#\\\/schema\\\/logo\\\/image\\\/\",\"url\":\"https:\\\/\\\/audi-klaus.at\\\/shop\\\/wp-content\\\/uploads\\\/2024\\\/10\\\/Logo-Shop.webp\",\"contentUrl\":\"https:\\\/\\\/audi-klaus.at\\\/shop\\\/wp-content\\\/uploads\\\/2024\\\/10\\\/Logo-Shop.webp\",\"width\":470,\"height\":164,\"caption\":\"Audi-Klaus\"},\"image\":{\"@id\":\"https:\\\/\\\/audi-klaus.at\\\/shop\\\/#\\\/schema\\\/logo\\\/image\\\/\"},\"sameAs\":[\"https:\\\/\\\/www.facebook.com\\\/audi.klaus.1312\\\/\",\"https:\\\/\\\/www.instagram.com\\\/audi_klaus\\\/?igshid=1eca3qu2mdayg\"]}]}<\/script>\n<!-- \/ Yoast SEO plugin. -->","yoast_head_json":{"title":"Audi A1\/A3\/Q3\/TT\/VW\/Caddy\/EOS\/Golf\/Jetta\/Passat\/Scirocco\/Sharan\/Tiguan\/Touran Radlagersatz NEU SKF VKBA3643 - Audi-Klaus","robots":{"index":"index","follow":"follow","max-snippet":"max-snippet:-1","max-image-preview":"max-image-preview:large","max-video-preview":"max-video-preview:-1"},"canonical":"https:\/\/audi-klaus.at\/shop\/produkt\/audi-a1-a3-q3-tt-vw-caddy-eos-golf-jetta-passat-scirocco-sharan-tiguan-touran-radlagersatz-neu-skf-vkba3643\/","og_locale":"de_DE","og_type":"article","og_title":"Audi A1\/A3\/Q3\/TT\/VW\/Caddy\/EOS\/Golf\/Jetta\/Passat\/Scirocco\/Sharan\/Tiguan\/Touran Radlagersatz NEU SKF VKBA3643 - Audi-Klaus","og_description":"Marke: Audi\/VW Modell: A1\/A3\/Q3\/TT\/Caddy\/EOS\/Golf\/Jetta\/Passat\/Scirocco\/Sharan\/Tiguan\/Touran Typ:8X\/8P\/3\/5\/6\/7\/B7\/B6\/3\/2\/1 Lagerspuren!! Radlagersatz:Einbauseite: links oder rechtsAnzahl der Befestigungsbohrungen: 4(INFO: Bei Fahrzeugen mit 280mm Bremsscheiben wird das Radlager nur mit 3 Bolzen am Achsschenkel verschraubt!)mit integriertem magnetischen ABS-SensorringInnendurchmesser : 29Aussendurchmesser : 136,5Breite : 83Innendurchmesser 2 : 51Aussendurchmesser 2 : 81Breite 2 : 48","og_url":"https:\/\/audi-klaus.at\/shop\/produkt\/audi-a1-a3-q3-tt-vw-caddy-eos-golf-jetta-passat-scirocco-sharan-tiguan-touran-radlagersatz-neu-skf-vkba3643\/","og_site_name":"Audi-Klaus","article_publisher":"https:\/\/www.facebook.com\/audi.klaus.1312\/","article_modified_time":"2026-01-07T19:56:17+00:00","og_image":[{"width":430,"height":430,"url":"https:\/\/audi-klaus.at\/shop\/wp-content\/uploads\/2021\/11\/L100-2.jpg","type":"image\/jpeg"}],"twitter_card":"summary_large_image","schema":{"@context":"https:\/\/schema.org","@graph":[{"@type":"WebPage","@id":"https:\/\/audi-klaus.at\/shop\/produkt\/audi-a1-a3-q3-tt-vw-caddy-eos-golf-jetta-passat-scirocco-sharan-tiguan-touran-radlagersatz-neu-skf-vkba3643\/","url":"https:\/\/audi-klaus.at\/shop\/produkt\/audi-a1-a3-q3-tt-vw-caddy-eos-golf-jetta-passat-scirocco-sharan-tiguan-touran-radlagersatz-neu-skf-vkba3643\/","name":"Audi A1\/A3\/Q3\/TT\/VW\/Caddy\/EOS\/Golf\/Jetta\/Passat\/Scirocco\/Sharan\/Tiguan\/Touran Radlagersatz NEU SKF VKBA3643 - Audi-Klaus","isPartOf":{"@id":"https:\/\/audi-klaus.at\/shop\/#website"},"primaryImageOfPage":{"@id":"https:\/\/audi-klaus.at\/shop\/produkt\/audi-a1-a3-q3-tt-vw-caddy-eos-golf-jetta-passat-scirocco-sharan-tiguan-touran-radlagersatz-neu-skf-vkba3643\/#primaryimage"},"image":{"@id":"https:\/\/audi-klaus.at\/shop\/produkt\/audi-a1-a3-q3-tt-vw-caddy-eos-golf-jetta-passat-scirocco-sharan-tiguan-touran-radlagersatz-neu-skf-vkba3643\/#primaryimage"},"thumbnailUrl":"https:\/\/audi-klaus.at\/shop\/wp-content\/uploads\/2021\/11\/L100-2.jpg","datePublished":"2021-11-16T12:43:45+00:00","dateModified":"2026-01-07T19:56:17+00:00","breadcrumb":{"@id":"https:\/\/audi-klaus.at\/shop\/produkt\/audi-a1-a3-q3-tt-vw-caddy-eos-golf-jetta-passat-scirocco-sharan-tiguan-touran-radlagersatz-neu-skf-vkba3643\/#breadcrumb"},"inLanguage":"de-AT","potentialAction":[{"@type":"ReadAction","target":["https:\/\/audi-klaus.at\/shop\/produkt\/audi-a1-a3-q3-tt-vw-caddy-eos-golf-jetta-passat-scirocco-sharan-tiguan-touran-radlagersatz-neu-skf-vkba3643\/"]}]},{"@type":"ImageObject","inLanguage":"de-AT","@id":"https:\/\/audi-klaus.at\/shop\/produkt\/audi-a1-a3-q3-tt-vw-caddy-eos-golf-jetta-passat-scirocco-sharan-tiguan-touran-radlagersatz-neu-skf-vkba3643\/#primaryimage","url":"https:\/\/audi-klaus.at\/shop\/wp-content\/uploads\/2021\/11\/L100-2.jpg","contentUrl":"https:\/\/audi-klaus.at\/shop\/wp-content\/uploads\/2021\/11\/L100-2.jpg","width":430,"height":430},{"@type":"BreadcrumbList","@id":"https:\/\/audi-klaus.at\/shop\/produkt\/audi-a1-a3-q3-tt-vw-caddy-eos-golf-jetta-passat-scirocco-sharan-tiguan-touran-radlagersatz-neu-skf-vkba3643\/#breadcrumb","itemListElement":[{"@type":"ListItem","position":1,"name":"Startseite","item":"https:\/\/audi-klaus.at\/shop\/"},{"@type":"ListItem","position":2,"name":"Shop","item":"https:\/\/audi-klaus.at\/shop\/"},{"@type":"ListItem","position":3,"name":"Audi A1\/A3\/Q3\/TT\/VW\/Caddy\/EOS\/Golf\/Jetta\/Passat\/Scirocco\/Sharan\/Tiguan\/Touran Radlagersatz NEU SKF VKBA3643"}]},{"@type":"WebSite","@id":"https:\/\/audi-klaus.at\/shop\/#website","url":"https:\/\/audi-klaus.at\/shop\/","name":"Audi-Klaus","description":"Ihr Gebrauchtteile Spezialist f\u00fcr die Marken Audi, VW (VAG)","publisher":{"@id":"https:\/\/audi-klaus.at\/shop\/#organization"},"potentialAction":[{"@type":"SearchAction","target":{"@type":"EntryPoint","urlTemplate":"https:\/\/audi-klaus.at\/shop\/?s={search_term_string}"},"query-input":{"@type":"PropertyValueSpecification","valueRequired":true,"valueName":"search_term_string"}}],"inLanguage":"de-AT"},{"@type":"Organization","@id":"https:\/\/audi-klaus.at\/shop\/#organization","name":"Audi-Klaus","url":"https:\/\/audi-klaus.at\/shop\/","logo":{"@type":"ImageObject","inLanguage":"de-AT","@id":"https:\/\/audi-klaus.at\/shop\/#\/schema\/logo\/image\/","url":"https:\/\/audi-klaus.at\/shop\/wp-content\/uploads\/2024\/10\/Logo-Shop.webp","contentUrl":"https:\/\/audi-klaus.at\/shop\/wp-content\/uploads\/2024\/10\/Logo-Shop.webp","width":470,"height":164,"caption":"Audi-Klaus"},"image":{"@id":"https:\/\/audi-klaus.at\/shop\/#\/schema\/logo\/image\/"},"sameAs":["https:\/\/www.facebook.com\/audi.klaus.1312\/","https:\/\/www.instagram.com\/audi_klaus\/?igshid=1eca3qu2mdayg"]}]}},"_links":{"self":[{"href":"https:\/\/audi-klaus.at\/shop\/wp-json\/wp\/v2\/product\/3554","targetHints":{"allow":["GET"]}}],"collection":[{"href":"https:\/\/audi-klaus.at\/shop\/wp-json\/wp\/v2\/product"}],"about":[{"href":"https:\/\/audi-klaus.at\/shop\/wp-json\/wp\/v2\/types\/product"}],"wp:featuredmedia":[{"embeddable":true,"href":"https:\/\/audi-klaus.at\/shop\/wp-json\/wp\/v2\/media\/3231"}],"wp:attachment":[{"href":"https:\/\/audi-klaus.at\/shop\/wp-json\/wp\/v2\/media?parent=3554"}],"wp:term":[{"taxonomy":"product_brand","embeddable":true,"href":"https:\/\/audi-klaus.at\/shop\/wp-json\/wp\/v2\/product_brand?post=3554"},{"taxonomy":"product_cat","embeddable":true,"href":"https:\/\/audi-klaus.at\/shop\/wp-json\/wp\/v2\/product_cat?post=3554"},{"taxonomy":"product_tag","embeddable":true,"href":"https:\/\/audi-klaus.at\/shop\/wp-json\/wp\/v2\/product_tag?post=3554"}],"curies":[{"name":"wp","href":"https:\/\/api.w.org\/{rel}","templated":true}]}}