{"id":35487,"date":"2022-04-08T16:14:31","date_gmt":"2022-04-08T14:14:31","guid":{"rendered":"http:\/\/audi-klaus.at.server171-han.server-routing.com\/shop\/?post_type=product&#038;p=35487"},"modified":"2026-01-07T21:47:54","modified_gmt":"2026-01-07T20:47:54","slug":"audi-80-coupe-b3-100-c4-vw-golf-jetta-2-passat-32b-motorsteuergeraet-893907383a-0285007044","status":"publish","type":"product","link":"https:\/\/audi-klaus.at\/shop\/produkt\/audi-80-coupe-b3-100-c4-vw-golf-jetta-2-passat-32b-motorsteuergeraet-893907383a-0285007044\/","title":{"rendered":"Audi 80\/Coup\u00e9\/B3\/100\/C4\/VW Golf\/Jetta\/2\/Passat\/32B Motorsteuerger\u00e4t 893907383A\/0285007044"},"content":{"rendered":"<p><strong><span style=\"color: #000000\"><span style=\"font-family: Source Sans Pro, sans-serif\"><span style=\"font-size: medium\"><b>VAG Teilenummer<\/b><\/span><\/span><\/span><\/strong><span style=\"color: #000000\"><span style=\"font-family: Source Sans Pro, sans-serif\"><span style=\"font-size: medium\"><b>:<\/b><\/span><\/span><\/span> 893 907 383A, 028 500 7044<span style=\"font-family: Source Sans Pro, sans-serif\"><span style=\"font-size: medium\"><br \/>\n<\/span><\/span><strong><span style=\"color: #000000\"><span style=\"font-family: Source Sans Pro, sans-serif\"><span style=\"font-size: medium\"><b>Zustand:<\/b><\/span><\/span><\/span><\/strong><span style=\"color: #000000\"><span style=\"font-family: Source Sans Pro, sans-serif\"><span style=\"font-size: medium\"> Gebraucht<\/span><\/span><\/span><span style=\"font-family: Source Sans Pro, sans-serif\"><span style=\"font-size: medium\"><br \/>\n<\/span><\/span><strong><span style=\"color: #000000\"><span style=\"font-family: Source Sans Pro, sans-serif\"><span style=\"font-size: medium\"><b>Lieferumfang:<\/b><\/span><\/span><\/span><\/strong> <span style=\"color: #000000\"><span style=\"font-family: Source Sans Pro, sans-serif\"><span style=\"font-size: medium\">wie in den Original-Abbildungen angegeben<\/span><\/span><\/span><span style=\"font-family: Source Sans Pro, sans-serif\"><span style=\"font-size: medium\"><br \/>\n<\/span><\/span><span style=\"color: #000000\"><span style=\"font-family: Source Sans Pro, sans-serif\"><span style=\"font-size: medium\">Hinweis: Bitte \u00fcberpr\u00fcfen Sie vor dem Kauf anhand der eindeutigen Teilenummern, ob der Artikel zum Fahrzeug passt, um R\u00fccksendungen zu vermeiden! Trotz Angabe der entsprechenden Fahrzeugdaten ist eine eindeutige Zuordnung nur \u00fcber die Teilenummer m\u00f6glich! Die abgelesene Teilenummer ist die Teilenummer des Teils, welches geliefert wird. Die Originalteilnummer ist diejenige, die bei Neubestellung f\u00fcr dieses Teil gilt und der m\u00f6glicherweise abweichenden, gelieferten Teilenummer entspricht. Sollten weitere Fragen offen sein, kontaktieren Sie uns bitte unter <\/span><\/span><\/span><a href=\"mailto:office@audi-klaus.at\"><span style=\"font-family: Source Sans Pro, sans-serif\"><span style=\"font-size: medium\">office@audi-klaus.at<\/span><\/span><\/a><\/p>\n","protected":false},"excerpt":{"rendered":"<h5><strong><span style=\"font-size: 18pt\">Marke: Audi\/VW<\/span><\/strong><\/h5>\n<h5><strong><span style=\"font-size: 18pt\">Modell: 80\/Coupe\/100\/Golf\/Jetta\/Passat<\/span><\/strong><\/h5>\n<h5><strong><span style=\"font-size: 18pt\">Typ: B3\/C4\/2\/32B<\/span><\/strong><\/h5>\n<h5><strong><span style=\"font-size: 18pt\">Motor: 1,8l\/1,6l<\/span><\/strong><\/h5>\n","protected":false},"featured_media":35289,"template":"","meta":[],"product_brand":[],"product_cat":[1176,85,1194,87,1205,155,1230,171,1285,230,1397,270,1647,351,1164,32,1165,78,1167,81],"product_tag":[11266,11267,11268],"class_list":{"0":"post-35487","1":"product","2":"type-product","3":"status-publish","4":"has-post-thumbnail","6":"product_cat-passat","7":"product_cat-coupe80","8":"product_cat-2-191-1983-1992","9":"product_cat-b3-typ89-80","10":"product_cat-2-165-1983-1992","11":"product_cat-155","12":"product_cat-b2-32b-1980-1988","13":"product_cat-c4-1991-1994","14":"product_cat-elektrik-2-191-1983-1992","15":"product_cat-elektrik-b3-86","16":"product_cat-elektrik-2-165-1983-1992","17":"product_cat-elektrik-b3-80","18":"product_cat-elektrik-b2-32b-1980-1988","19":"product_cat-elektrik-c4-1991-1994","20":"product_cat-vw","21":"product_cat-audi","22":"product_cat-golf","23":"product_cat-78","24":"product_cat-jetta","25":"product_cat-b3-86","26":"product_tag-893907383a","27":"product_tag-11267","28":"product_tag-11268","30":"first","31":"instock","32":"taxable","33":"shipping-taxable","34":"purchasable","35":"product-type-simple"},"yoast_head":"<!-- This site is optimized with the Yoast SEO plugin v27.3 - https:\/\/yoast.com\/product\/yoast-seo-wordpress\/ -->\n<title>Audi 80\/Coup\u00e9\/B3\/100\/C4\/VW Golf\/Jetta\/2\/Passat\/32B Motorsteuerger\u00e4t 893907383A\/0285007044 - Audi-Klaus<\/title>\n<meta name=\"robots\" content=\"index, follow, max-snippet:-1, max-image-preview:large, max-video-preview:-1\" \/>\n<link rel=\"canonical\" href=\"https:\/\/audi-klaus.at\/shop\/produkt\/audi-80-coupe-b3-100-c4-vw-golf-jetta-2-passat-32b-motorsteuergeraet-893907383a-0285007044\/\" \/>\n<meta property=\"og:locale\" content=\"de_DE\" \/>\n<meta property=\"og:type\" content=\"article\" \/>\n<meta property=\"og:title\" content=\"Audi 80\/Coup\u00e9\/B3\/100\/C4\/VW Golf\/Jetta\/2\/Passat\/32B Motorsteuerger\u00e4t 893907383A\/0285007044 - Audi-Klaus\" \/>\n<meta property=\"og:description\" content=\"Marke: Audi\/VW Modell: 80\/Coupe\/100\/Golf\/Jetta\/Passat Typ: B3\/C4\/2\/32B Motor: 1,8l\/1,6l\" \/>\n<meta property=\"og:url\" content=\"https:\/\/audi-klaus.at\/shop\/produkt\/audi-80-coupe-b3-100-c4-vw-golf-jetta-2-passat-32b-motorsteuergeraet-893907383a-0285007044\/\" \/>\n<meta property=\"og:site_name\" content=\"Audi-Klaus\" \/>\n<meta property=\"article:publisher\" content=\"https:\/\/www.facebook.com\/audi.klaus.1312\/\" \/>\n<meta property=\"article:modified_time\" content=\"2026-01-07T20:47:54+00:00\" \/>\n<meta property=\"og:image\" content=\"https:\/\/audi-klaus.at\/shop\/wp-content\/uploads\/2022\/04\/e456.jpg\" \/>\n\t<meta property=\"og:image:width\" content=\"430\" \/>\n\t<meta property=\"og:image:height\" content=\"430\" \/>\n\t<meta property=\"og:image:type\" content=\"image\/jpeg\" \/>\n<meta name=\"twitter:card\" content=\"summary_large_image\" \/>\n<script type=\"application\/ld+json\" class=\"yoast-schema-graph\">{\"@context\":\"https:\\\/\\\/schema.org\",\"@graph\":[{\"@type\":\"WebPage\",\"@id\":\"https:\\\/\\\/audi-klaus.at\\\/shop\\\/produkt\\\/audi-80-coupe-b3-100-c4-vw-golf-jetta-2-passat-32b-motorsteuergeraet-893907383a-0285007044\\\/\",\"url\":\"https:\\\/\\\/audi-klaus.at\\\/shop\\\/produkt\\\/audi-80-coupe-b3-100-c4-vw-golf-jetta-2-passat-32b-motorsteuergeraet-893907383a-0285007044\\\/\",\"name\":\"Audi 80\\\/Coup\u00e9\\\/B3\\\/100\\\/C4\\\/VW Golf\\\/Jetta\\\/2\\\/Passat\\\/32B Motorsteuerger\u00e4t 893907383A\\\/0285007044 - Audi-Klaus\",\"isPartOf\":{\"@id\":\"https:\\\/\\\/audi-klaus.at\\\/shop\\\/#website\"},\"primaryImageOfPage\":{\"@id\":\"https:\\\/\\\/audi-klaus.at\\\/shop\\\/produkt\\\/audi-80-coupe-b3-100-c4-vw-golf-jetta-2-passat-32b-motorsteuergeraet-893907383a-0285007044\\\/#primaryimage\"},\"image\":{\"@id\":\"https:\\\/\\\/audi-klaus.at\\\/shop\\\/produkt\\\/audi-80-coupe-b3-100-c4-vw-golf-jetta-2-passat-32b-motorsteuergeraet-893907383a-0285007044\\\/#primaryimage\"},\"thumbnailUrl\":\"https:\\\/\\\/audi-klaus.at\\\/shop\\\/wp-content\\\/uploads\\\/2022\\\/04\\\/e456.jpg\",\"datePublished\":\"2022-04-08T14:14:31+00:00\",\"dateModified\":\"2026-01-07T20:47:54+00:00\",\"breadcrumb\":{\"@id\":\"https:\\\/\\\/audi-klaus.at\\\/shop\\\/produkt\\\/audi-80-coupe-b3-100-c4-vw-golf-jetta-2-passat-32b-motorsteuergeraet-893907383a-0285007044\\\/#breadcrumb\"},\"inLanguage\":\"de-AT\",\"potentialAction\":[{\"@type\":\"ReadAction\",\"target\":[\"https:\\\/\\\/audi-klaus.at\\\/shop\\\/produkt\\\/audi-80-coupe-b3-100-c4-vw-golf-jetta-2-passat-32b-motorsteuergeraet-893907383a-0285007044\\\/\"]}]},{\"@type\":\"ImageObject\",\"inLanguage\":\"de-AT\",\"@id\":\"https:\\\/\\\/audi-klaus.at\\\/shop\\\/produkt\\\/audi-80-coupe-b3-100-c4-vw-golf-jetta-2-passat-32b-motorsteuergeraet-893907383a-0285007044\\\/#primaryimage\",\"url\":\"https:\\\/\\\/audi-klaus.at\\\/shop\\\/wp-content\\\/uploads\\\/2022\\\/04\\\/e456.jpg\",\"contentUrl\":\"https:\\\/\\\/audi-klaus.at\\\/shop\\\/wp-content\\\/uploads\\\/2022\\\/04\\\/e456.jpg\",\"width\":430,\"height\":430},{\"@type\":\"BreadcrumbList\",\"@id\":\"https:\\\/\\\/audi-klaus.at\\\/shop\\\/produkt\\\/audi-80-coupe-b3-100-c4-vw-golf-jetta-2-passat-32b-motorsteuergeraet-893907383a-0285007044\\\/#breadcrumb\",\"itemListElement\":[{\"@type\":\"ListItem\",\"position\":1,\"name\":\"Startseite\",\"item\":\"https:\\\/\\\/audi-klaus.at\\\/shop\\\/\"},{\"@type\":\"ListItem\",\"position\":2,\"name\":\"Shop\",\"item\":\"https:\\\/\\\/audi-klaus.at\\\/shop\\\/\"},{\"@type\":\"ListItem\",\"position\":3,\"name\":\"Audi 80\\\/Coup\u00e9\\\/B3\\\/100\\\/C4\\\/VW Golf\\\/Jetta\\\/2\\\/Passat\\\/32B Motorsteuerger\u00e4t 893907383A\\\/0285007044\"}]},{\"@type\":\"WebSite\",\"@id\":\"https:\\\/\\\/audi-klaus.at\\\/shop\\\/#website\",\"url\":\"https:\\\/\\\/audi-klaus.at\\\/shop\\\/\",\"name\":\"Audi-Klaus\",\"description\":\"Ihr Gebrauchtteile Spezialist f\u00fcr die Marken Audi, VW (VAG)\",\"publisher\":{\"@id\":\"https:\\\/\\\/audi-klaus.at\\\/shop\\\/#organization\"},\"potentialAction\":[{\"@type\":\"SearchAction\",\"target\":{\"@type\":\"EntryPoint\",\"urlTemplate\":\"https:\\\/\\\/audi-klaus.at\\\/shop\\\/?s={search_term_string}\"},\"query-input\":{\"@type\":\"PropertyValueSpecification\",\"valueRequired\":true,\"valueName\":\"search_term_string\"}}],\"inLanguage\":\"de-AT\"},{\"@type\":\"Organization\",\"@id\":\"https:\\\/\\\/audi-klaus.at\\\/shop\\\/#organization\",\"name\":\"Audi-Klaus\",\"url\":\"https:\\\/\\\/audi-klaus.at\\\/shop\\\/\",\"logo\":{\"@type\":\"ImageObject\",\"inLanguage\":\"de-AT\",\"@id\":\"https:\\\/\\\/audi-klaus.at\\\/shop\\\/#\\\/schema\\\/logo\\\/image\\\/\",\"url\":\"https:\\\/\\\/audi-klaus.at\\\/shop\\\/wp-content\\\/uploads\\\/2024\\\/10\\\/Logo-Shop.webp\",\"contentUrl\":\"https:\\\/\\\/audi-klaus.at\\\/shop\\\/wp-content\\\/uploads\\\/2024\\\/10\\\/Logo-Shop.webp\",\"width\":470,\"height\":164,\"caption\":\"Audi-Klaus\"},\"image\":{\"@id\":\"https:\\\/\\\/audi-klaus.at\\\/shop\\\/#\\\/schema\\\/logo\\\/image\\\/\"},\"sameAs\":[\"https:\\\/\\\/www.facebook.com\\\/audi.klaus.1312\\\/\",\"https:\\\/\\\/www.instagram.com\\\/audi_klaus\\\/?igshid=1eca3qu2mdayg\"]}]}<\/script>\n<!-- \/ Yoast SEO plugin. -->","yoast_head_json":{"title":"Audi 80\/Coup\u00e9\/B3\/100\/C4\/VW Golf\/Jetta\/2\/Passat\/32B Motorsteuerger\u00e4t 893907383A\/0285007044 - Audi-Klaus","robots":{"index":"index","follow":"follow","max-snippet":"max-snippet:-1","max-image-preview":"max-image-preview:large","max-video-preview":"max-video-preview:-1"},"canonical":"https:\/\/audi-klaus.at\/shop\/produkt\/audi-80-coupe-b3-100-c4-vw-golf-jetta-2-passat-32b-motorsteuergeraet-893907383a-0285007044\/","og_locale":"de_DE","og_type":"article","og_title":"Audi 80\/Coup\u00e9\/B3\/100\/C4\/VW Golf\/Jetta\/2\/Passat\/32B Motorsteuerger\u00e4t 893907383A\/0285007044 - Audi-Klaus","og_description":"Marke: Audi\/VW Modell: 80\/Coupe\/100\/Golf\/Jetta\/Passat Typ: B3\/C4\/2\/32B Motor: 1,8l\/1,6l","og_url":"https:\/\/audi-klaus.at\/shop\/produkt\/audi-80-coupe-b3-100-c4-vw-golf-jetta-2-passat-32b-motorsteuergeraet-893907383a-0285007044\/","og_site_name":"Audi-Klaus","article_publisher":"https:\/\/www.facebook.com\/audi.klaus.1312\/","article_modified_time":"2026-01-07T20:47:54+00:00","og_image":[{"width":430,"height":430,"url":"https:\/\/audi-klaus.at\/shop\/wp-content\/uploads\/2022\/04\/e456.jpg","type":"image\/jpeg"}],"twitter_card":"summary_large_image","schema":{"@context":"https:\/\/schema.org","@graph":[{"@type":"WebPage","@id":"https:\/\/audi-klaus.at\/shop\/produkt\/audi-80-coupe-b3-100-c4-vw-golf-jetta-2-passat-32b-motorsteuergeraet-893907383a-0285007044\/","url":"https:\/\/audi-klaus.at\/shop\/produkt\/audi-80-coupe-b3-100-c4-vw-golf-jetta-2-passat-32b-motorsteuergeraet-893907383a-0285007044\/","name":"Audi 80\/Coup\u00e9\/B3\/100\/C4\/VW Golf\/Jetta\/2\/Passat\/32B Motorsteuerger\u00e4t 893907383A\/0285007044 - Audi-Klaus","isPartOf":{"@id":"https:\/\/audi-klaus.at\/shop\/#website"},"primaryImageOfPage":{"@id":"https:\/\/audi-klaus.at\/shop\/produkt\/audi-80-coupe-b3-100-c4-vw-golf-jetta-2-passat-32b-motorsteuergeraet-893907383a-0285007044\/#primaryimage"},"image":{"@id":"https:\/\/audi-klaus.at\/shop\/produkt\/audi-80-coupe-b3-100-c4-vw-golf-jetta-2-passat-32b-motorsteuergeraet-893907383a-0285007044\/#primaryimage"},"thumbnailUrl":"https:\/\/audi-klaus.at\/shop\/wp-content\/uploads\/2022\/04\/e456.jpg","datePublished":"2022-04-08T14:14:31+00:00","dateModified":"2026-01-07T20:47:54+00:00","breadcrumb":{"@id":"https:\/\/audi-klaus.at\/shop\/produkt\/audi-80-coupe-b3-100-c4-vw-golf-jetta-2-passat-32b-motorsteuergeraet-893907383a-0285007044\/#breadcrumb"},"inLanguage":"de-AT","potentialAction":[{"@type":"ReadAction","target":["https:\/\/audi-klaus.at\/shop\/produkt\/audi-80-coupe-b3-100-c4-vw-golf-jetta-2-passat-32b-motorsteuergeraet-893907383a-0285007044\/"]}]},{"@type":"ImageObject","inLanguage":"de-AT","@id":"https:\/\/audi-klaus.at\/shop\/produkt\/audi-80-coupe-b3-100-c4-vw-golf-jetta-2-passat-32b-motorsteuergeraet-893907383a-0285007044\/#primaryimage","url":"https:\/\/audi-klaus.at\/shop\/wp-content\/uploads\/2022\/04\/e456.jpg","contentUrl":"https:\/\/audi-klaus.at\/shop\/wp-content\/uploads\/2022\/04\/e456.jpg","width":430,"height":430},{"@type":"BreadcrumbList","@id":"https:\/\/audi-klaus.at\/shop\/produkt\/audi-80-coupe-b3-100-c4-vw-golf-jetta-2-passat-32b-motorsteuergeraet-893907383a-0285007044\/#breadcrumb","itemListElement":[{"@type":"ListItem","position":1,"name":"Startseite","item":"https:\/\/audi-klaus.at\/shop\/"},{"@type":"ListItem","position":2,"name":"Shop","item":"https:\/\/audi-klaus.at\/shop\/"},{"@type":"ListItem","position":3,"name":"Audi 80\/Coup\u00e9\/B3\/100\/C4\/VW Golf\/Jetta\/2\/Passat\/32B Motorsteuerger\u00e4t 893907383A\/0285007044"}]},{"@type":"WebSite","@id":"https:\/\/audi-klaus.at\/shop\/#website","url":"https:\/\/audi-klaus.at\/shop\/","name":"Audi-Klaus","description":"Ihr Gebrauchtteile Spezialist f\u00fcr die Marken Audi, VW (VAG)","publisher":{"@id":"https:\/\/audi-klaus.at\/shop\/#organization"},"potentialAction":[{"@type":"SearchAction","target":{"@type":"EntryPoint","urlTemplate":"https:\/\/audi-klaus.at\/shop\/?s={search_term_string}"},"query-input":{"@type":"PropertyValueSpecification","valueRequired":true,"valueName":"search_term_string"}}],"inLanguage":"de-AT"},{"@type":"Organization","@id":"https:\/\/audi-klaus.at\/shop\/#organization","name":"Audi-Klaus","url":"https:\/\/audi-klaus.at\/shop\/","logo":{"@type":"ImageObject","inLanguage":"de-AT","@id":"https:\/\/audi-klaus.at\/shop\/#\/schema\/logo\/image\/","url":"https:\/\/audi-klaus.at\/shop\/wp-content\/uploads\/2024\/10\/Logo-Shop.webp","contentUrl":"https:\/\/audi-klaus.at\/shop\/wp-content\/uploads\/2024\/10\/Logo-Shop.webp","width":470,"height":164,"caption":"Audi-Klaus"},"image":{"@id":"https:\/\/audi-klaus.at\/shop\/#\/schema\/logo\/image\/"},"sameAs":["https:\/\/www.facebook.com\/audi.klaus.1312\/","https:\/\/www.instagram.com\/audi_klaus\/?igshid=1eca3qu2mdayg"]}]}},"_links":{"self":[{"href":"https:\/\/audi-klaus.at\/shop\/wp-json\/wp\/v2\/product\/35487","targetHints":{"allow":["GET"]}}],"collection":[{"href":"https:\/\/audi-klaus.at\/shop\/wp-json\/wp\/v2\/product"}],"about":[{"href":"https:\/\/audi-klaus.at\/shop\/wp-json\/wp\/v2\/types\/product"}],"wp:featuredmedia":[{"embeddable":true,"href":"https:\/\/audi-klaus.at\/shop\/wp-json\/wp\/v2\/media\/35289"}],"wp:attachment":[{"href":"https:\/\/audi-klaus.at\/shop\/wp-json\/wp\/v2\/media?parent=35487"}],"wp:term":[{"taxonomy":"product_brand","embeddable":true,"href":"https:\/\/audi-klaus.at\/shop\/wp-json\/wp\/v2\/product_brand?post=35487"},{"taxonomy":"product_cat","embeddable":true,"href":"https:\/\/audi-klaus.at\/shop\/wp-json\/wp\/v2\/product_cat?post=35487"},{"taxonomy":"product_tag","embeddable":true,"href":"https:\/\/audi-klaus.at\/shop\/wp-json\/wp\/v2\/product_tag?post=35487"}],"curies":[{"name":"wp","href":"https:\/\/api.w.org\/{rel}","templated":true}]}}