{"id":3547,"date":"2021-11-16T13:24:41","date_gmt":"2021-11-16T12:24:41","guid":{"rendered":"http:\/\/audi-klaus.at.server171-han.server-routing.com\/shop\/?post_type=product&#038;p=3547"},"modified":"2026-01-07T20:56:17","modified_gmt":"2026-01-07T19:56:17","slug":"audi-a3-8p-8l-q3-tt-vw-bora-golf-4-caddy-2-3-polo-3-scirocco-3-touran-1-passat-faltenbalgsatz-antriebswelle-neu-23690","status":"publish","type":"product","link":"https:\/\/audi-klaus.at\/shop\/produkt\/audi-a3-8p-8l-q3-tt-vw-bora-golf-4-caddy-2-3-polo-3-scirocco-3-touran-1-passat-faltenbalgsatz-antriebswelle-neu-23690\/","title":{"rendered":"Audi A3\/8P\/8L\/Q3\/TT\/VW\/Bora\/Golf\/4\/Caddy\/2\/3\/Polo\/3\/Scirocco\/3\/Touran\/1\/Passat Faltenbalgsatz Antriebswelle NEU 23690"},"content":{"rendered":"<p><span style=\"font-family: Source Sans Pro, sans-serif\"><span style=\"font-size: medium\"><strong><span style=\"color: #000000\"><b>VAG Teilenummer<\/b><\/span><\/strong><span style=\"color: #000000\"><b>: <\/b>236 90<\/span><br \/>\n<strong><span style=\"color: #000000\"><b>Zustand:<\/b><\/span><\/strong><b> <\/b><span style=\"color: #000000\">Neu<\/span><br \/>\n<strong><span style=\"color: #000000\"><b>Lieferumfang:<\/b><\/span><\/strong> <span style=\"color: #000000\">wie in den Original-Abbildungen angegeben<\/span><br \/>\n<span style=\"color: #000000\">Hinweis: Bitte \u00fcberpr\u00fcfen Sie vor dem Kauf anhand der eindeutigen Teilenummern, ob der Artikel zum Fahrzeug passt, um R\u00fccksendungen zu vermeiden! Trotz Angabe der entsprechenden Fahrzeugdaten ist eine eindeutige Zuordnung nur \u00fcber die Teilenummer m\u00f6glich! Die abgelesene Teilenummer ist die Teilenummer des Teils, welches geliefert wird. Die Originalteilnummer ist diejenige, die bei Neubestellung f\u00fcr dieses Teil gilt und der m\u00f6glicherweise abweichenden, gelieferten Teilenummer entspricht. Sollten weitere Fragen offen sein, kontaktieren Sie uns bitte unter <\/span><a href=\"mailto:office@audi-klaus.at\">office@audi-klaus.at<\/a><\/span><\/span><\/p>\n","protected":false},"excerpt":{"rendered":"<h5><strong><span style=\"font-size: 18pt\">Marke: Audi\/VW<\/span><\/strong><\/h5>\n<h5><strong><span style=\"font-size: 18pt\">Modell: A3\/Q3\/TT\/Bora\/Golf\/Caddy\/Polo\/Scirocco\/Touran\/Passat<\/span><\/strong><\/h5>\n<h5><strong><span style=\"font-size: 18pt\">Typ: 8P\/8L\/4\/2\/3\/1\/B3\/B4\/B5\/B6\/B7<\/span><\/strong><\/h5>\n","protected":false},"featured_media":3229,"template":"","meta":[],"product_brand":[],"product_cat":[376,1236,1176,1465,1216,1675,384,1241,1180,1475,1217,1685,453,1242,1193,1495,1218,1695,454,1243,1194,1505,1219,1766,462,1244,1195,1515,1220,1776,472,1273,1196,1525,1221,1786,1164,1283,1210,1535,1231,1796,1165,1293,1211,1545,1232,2497,1169,1303,1212,1555,32,1233,2512,1170,1445,1213,1655,369,1234,1172,1455,1215,1665],"product_tag":[3218],"class_list":{"0":"post-3547","1":"product","2":"type-product","3":"status-publish","4":"has-post-thumbnail","6":"product_cat-q3","7":"product_cat-b7-3c-2010-2014","8":"product_cat-passat","9":"product_cat-vorder-hinterachse-2-53b-1981-1992","10":"product_cat-2-86c-1981-1990","11":"product_cat-vorder-hinterachse-b5-3b-1996-2005","12":"product_cat-tt","13":"product_cat-1-14d-1978-1992","14":"product_cat-caddy","15":"product_cat-vorder-hinterachse-3-2008-2014","16":"product_cat-2-2f-1990-1994","17":"product_cat-vorder-hinterachse-b6-3c-2005-2010","18":"product_cat-8l-1996-2003","19":"product_cat-2-9kv-1995-2003","20":"product_cat-1-171-1974-1985","21":"product_cat-vorder-hinterachse-1-86-1975-1981","22":"product_cat-3-6n-1994-1999","23":"product_cat-vorder-hinterachse-b7-3c-2010-2014","24":"product_cat-8p-2003-2013","25":"product_cat-3-2k-2003-2015","26":"product_cat-2-191-1983-1992","27":"product_cat-vorder-hinterachse-2-2f-1990-1994","28":"product_cat-3-6n2-1999-2001","29":"product_cat-vorder-hinterachse-1-14d-1978-1992","30":"product_cat-vorder-hinterachse-8l-1996-2003","31":"product_cat-4-sa-2015-2020","32":"product_cat-3-1h-1990-1998","33":"product_cat-vorder-hinterachse-2-86c-1981-1990","34":"product_cat-4-9n-2001-2005","35":"product_cat-vorder-hinterachse-2-9kv-1995-2003","36":"product_cat-vorder-hinterachse-8p-2003-2013","37":"product_cat-vorder-hinterachse-1-171-1974-1985","38":"product_cat-4-1j-1997-2007","39":"product_cat-vorder-hinterachse-3-6n-1994-1999","40":"product_cat-4-9n3-2005-2009","41":"product_cat-vorder-hinterachse-3-2k-2003-2010","42":"product_cat-vw","43":"product_cat-vorder-hinterachse-2-191-1983-1992","44":"product_cat-1j2-1998-2013","45":"product_cat-vorder-hinterachse-3-6n2-1999-2001","46":"product_cat-b3-35i-1988-1993","47":"product_cat-vorder-hinterachse-4-2020","48":"product_cat-golf","49":"product_cat-vorder-hinterachse-3-1h-1990-1998","50":"product_cat-1-53-1974-1981","51":"product_cat-vorder-hinterachse-4-9n-2001-2005","52":"product_cat-b4-3a-1993-1997","53":"product_cat-servicematerial","54":"product_cat-bora","55":"product_cat-vorder-hinterachse-4-1j-1997-2007","56":"product_cat-2-53b-1981-1992","57":"product_cat-vorder-hinterachse-4-9n3-2005-2009","58":"product_cat-audi","59":"product_cat-b5-3b-1996-2005","60":"product_cat-antriebswellengelenk","61":"product_cat-scirocco","62":"product_cat-vorder-hinterachse-1j2-1998-2013","63":"product_cat-3-2008-2014","64":"product_cat-vorder-hinterachse-b3-35i-1988-1993","65":"product_cat-a3","66":"product_cat-b6-3c-2005-2010","67":"product_cat-polo","68":"product_cat-vorder-hinterachse-1-53-1974-1981","69":"product_cat-1-86-1975-1981","70":"product_cat-vorder-hinterachse-b4-3a-1993-1997","71":"product_tag-3218","73":"first","74":"outofstock","75":"taxable","76":"shipping-taxable","77":"purchasable","78":"product-type-simple"},"yoast_head":"<!-- This site is optimized with the Yoast SEO plugin v27.4 - https:\/\/yoast.com\/product\/yoast-seo-wordpress\/ -->\n<title>Audi A3\/8P\/8L\/Q3\/TT\/VW\/Bora\/Golf\/4\/Caddy\/2\/3\/Polo\/3\/Scirocco\/3\/Touran\/1\/Passat Faltenbalgsatz Antriebswelle NEU 23690 - Audi-Klaus<\/title>\n<meta name=\"robots\" content=\"index, follow, max-snippet:-1, max-image-preview:large, max-video-preview:-1\" \/>\n<link rel=\"canonical\" href=\"https:\/\/audi-klaus.at\/shop\/produkt\/audi-a3-8p-8l-q3-tt-vw-bora-golf-4-caddy-2-3-polo-3-scirocco-3-touran-1-passat-faltenbalgsatz-antriebswelle-neu-23690\/\" \/>\n<meta property=\"og:locale\" content=\"de_DE\" \/>\n<meta property=\"og:type\" content=\"article\" \/>\n<meta property=\"og:title\" content=\"Audi A3\/8P\/8L\/Q3\/TT\/VW\/Bora\/Golf\/4\/Caddy\/2\/3\/Polo\/3\/Scirocco\/3\/Touran\/1\/Passat Faltenbalgsatz Antriebswelle NEU 23690 - Audi-Klaus\" \/>\n<meta property=\"og:description\" content=\"Marke: Audi\/VW Modell: A3\/Q3\/TT\/Bora\/Golf\/Caddy\/Polo\/Scirocco\/Touran\/Passat Typ: 8P\/8L\/4\/2\/3\/1\/B3\/B4\/B5\/B6\/B7\" \/>\n<meta property=\"og:url\" content=\"https:\/\/audi-klaus.at\/shop\/produkt\/audi-a3-8p-8l-q3-tt-vw-bora-golf-4-caddy-2-3-polo-3-scirocco-3-touran-1-passat-faltenbalgsatz-antriebswelle-neu-23690\/\" \/>\n<meta property=\"og:site_name\" content=\"Audi-Klaus\" \/>\n<meta property=\"article:publisher\" content=\"https:\/\/www.facebook.com\/audi.klaus.1312\/\" \/>\n<meta property=\"article:modified_time\" content=\"2026-01-07T19:56:17+00:00\" \/>\n<meta property=\"og:image\" content=\"https:\/\/audi-klaus.at\/shop\/wp-content\/uploads\/2021\/11\/L99.jpg\" \/>\n\t<meta property=\"og:image:width\" content=\"429\" \/>\n\t<meta property=\"og:image:height\" content=\"430\" \/>\n\t<meta property=\"og:image:type\" content=\"image\/jpeg\" \/>\n<meta name=\"twitter:card\" content=\"summary_large_image\" \/>\n<script type=\"application\/ld+json\" class=\"yoast-schema-graph\">{\"@context\":\"https:\\\/\\\/schema.org\",\"@graph\":[{\"@type\":\"WebPage\",\"@id\":\"https:\\\/\\\/audi-klaus.at\\\/shop\\\/produkt\\\/audi-a3-8p-8l-q3-tt-vw-bora-golf-4-caddy-2-3-polo-3-scirocco-3-touran-1-passat-faltenbalgsatz-antriebswelle-neu-23690\\\/\",\"url\":\"https:\\\/\\\/audi-klaus.at\\\/shop\\\/produkt\\\/audi-a3-8p-8l-q3-tt-vw-bora-golf-4-caddy-2-3-polo-3-scirocco-3-touran-1-passat-faltenbalgsatz-antriebswelle-neu-23690\\\/\",\"name\":\"Audi A3\\\/8P\\\/8L\\\/Q3\\\/TT\\\/VW\\\/Bora\\\/Golf\\\/4\\\/Caddy\\\/2\\\/3\\\/Polo\\\/3\\\/Scirocco\\\/3\\\/Touran\\\/1\\\/Passat Faltenbalgsatz Antriebswelle NEU 23690 - Audi-Klaus\",\"isPartOf\":{\"@id\":\"https:\\\/\\\/audi-klaus.at\\\/shop\\\/#website\"},\"primaryImageOfPage\":{\"@id\":\"https:\\\/\\\/audi-klaus.at\\\/shop\\\/produkt\\\/audi-a3-8p-8l-q3-tt-vw-bora-golf-4-caddy-2-3-polo-3-scirocco-3-touran-1-passat-faltenbalgsatz-antriebswelle-neu-23690\\\/#primaryimage\"},\"image\":{\"@id\":\"https:\\\/\\\/audi-klaus.at\\\/shop\\\/produkt\\\/audi-a3-8p-8l-q3-tt-vw-bora-golf-4-caddy-2-3-polo-3-scirocco-3-touran-1-passat-faltenbalgsatz-antriebswelle-neu-23690\\\/#primaryimage\"},\"thumbnailUrl\":\"https:\\\/\\\/audi-klaus.at\\\/shop\\\/wp-content\\\/uploads\\\/2021\\\/11\\\/L99.jpg\",\"datePublished\":\"2021-11-16T12:24:41+00:00\",\"dateModified\":\"2026-01-07T19:56:17+00:00\",\"breadcrumb\":{\"@id\":\"https:\\\/\\\/audi-klaus.at\\\/shop\\\/produkt\\\/audi-a3-8p-8l-q3-tt-vw-bora-golf-4-caddy-2-3-polo-3-scirocco-3-touran-1-passat-faltenbalgsatz-antriebswelle-neu-23690\\\/#breadcrumb\"},\"inLanguage\":\"de-AT\",\"potentialAction\":[{\"@type\":\"ReadAction\",\"target\":[\"https:\\\/\\\/audi-klaus.at\\\/shop\\\/produkt\\\/audi-a3-8p-8l-q3-tt-vw-bora-golf-4-caddy-2-3-polo-3-scirocco-3-touran-1-passat-faltenbalgsatz-antriebswelle-neu-23690\\\/\"]}]},{\"@type\":\"ImageObject\",\"inLanguage\":\"de-AT\",\"@id\":\"https:\\\/\\\/audi-klaus.at\\\/shop\\\/produkt\\\/audi-a3-8p-8l-q3-tt-vw-bora-golf-4-caddy-2-3-polo-3-scirocco-3-touran-1-passat-faltenbalgsatz-antriebswelle-neu-23690\\\/#primaryimage\",\"url\":\"https:\\\/\\\/audi-klaus.at\\\/shop\\\/wp-content\\\/uploads\\\/2021\\\/11\\\/L99.jpg\",\"contentUrl\":\"https:\\\/\\\/audi-klaus.at\\\/shop\\\/wp-content\\\/uploads\\\/2021\\\/11\\\/L99.jpg\",\"width\":429,\"height\":430},{\"@type\":\"BreadcrumbList\",\"@id\":\"https:\\\/\\\/audi-klaus.at\\\/shop\\\/produkt\\\/audi-a3-8p-8l-q3-tt-vw-bora-golf-4-caddy-2-3-polo-3-scirocco-3-touran-1-passat-faltenbalgsatz-antriebswelle-neu-23690\\\/#breadcrumb\",\"itemListElement\":[{\"@type\":\"ListItem\",\"position\":1,\"name\":\"Startseite\",\"item\":\"https:\\\/\\\/audi-klaus.at\\\/shop\\\/\"},{\"@type\":\"ListItem\",\"position\":2,\"name\":\"Shop\",\"item\":\"https:\\\/\\\/audi-klaus.at\\\/shop\\\/\"},{\"@type\":\"ListItem\",\"position\":3,\"name\":\"Audi A3\\\/8P\\\/8L\\\/Q3\\\/TT\\\/VW\\\/Bora\\\/Golf\\\/4\\\/Caddy\\\/2\\\/3\\\/Polo\\\/3\\\/Scirocco\\\/3\\\/Touran\\\/1\\\/Passat Faltenbalgsatz Antriebswelle NEU 23690\"}]},{\"@type\":\"WebSite\",\"@id\":\"https:\\\/\\\/audi-klaus.at\\\/shop\\\/#website\",\"url\":\"https:\\\/\\\/audi-klaus.at\\\/shop\\\/\",\"name\":\"Audi-Klaus\",\"description\":\"Ihr Gebrauchtteile Spezialist f\u00fcr die Marken Audi, VW (VAG)\",\"publisher\":{\"@id\":\"https:\\\/\\\/audi-klaus.at\\\/shop\\\/#organization\"},\"potentialAction\":[{\"@type\":\"SearchAction\",\"target\":{\"@type\":\"EntryPoint\",\"urlTemplate\":\"https:\\\/\\\/audi-klaus.at\\\/shop\\\/?s={search_term_string}\"},\"query-input\":{\"@type\":\"PropertyValueSpecification\",\"valueRequired\":true,\"valueName\":\"search_term_string\"}}],\"inLanguage\":\"de-AT\"},{\"@type\":\"Organization\",\"@id\":\"https:\\\/\\\/audi-klaus.at\\\/shop\\\/#organization\",\"name\":\"Audi-Klaus\",\"url\":\"https:\\\/\\\/audi-klaus.at\\\/shop\\\/\",\"logo\":{\"@type\":\"ImageObject\",\"inLanguage\":\"de-AT\",\"@id\":\"https:\\\/\\\/audi-klaus.at\\\/shop\\\/#\\\/schema\\\/logo\\\/image\\\/\",\"url\":\"https:\\\/\\\/audi-klaus.at\\\/shop\\\/wp-content\\\/uploads\\\/2024\\\/10\\\/Logo-Shop.webp\",\"contentUrl\":\"https:\\\/\\\/audi-klaus.at\\\/shop\\\/wp-content\\\/uploads\\\/2024\\\/10\\\/Logo-Shop.webp\",\"width\":470,\"height\":164,\"caption\":\"Audi-Klaus\"},\"image\":{\"@id\":\"https:\\\/\\\/audi-klaus.at\\\/shop\\\/#\\\/schema\\\/logo\\\/image\\\/\"},\"sameAs\":[\"https:\\\/\\\/www.facebook.com\\\/audi.klaus.1312\\\/\",\"https:\\\/\\\/www.instagram.com\\\/audi_klaus\\\/?igshid=1eca3qu2mdayg\"]}]}<\/script>\n<!-- \/ Yoast SEO plugin. -->","yoast_head_json":{"title":"Audi A3\/8P\/8L\/Q3\/TT\/VW\/Bora\/Golf\/4\/Caddy\/2\/3\/Polo\/3\/Scirocco\/3\/Touran\/1\/Passat Faltenbalgsatz Antriebswelle NEU 23690 - Audi-Klaus","robots":{"index":"index","follow":"follow","max-snippet":"max-snippet:-1","max-image-preview":"max-image-preview:large","max-video-preview":"max-video-preview:-1"},"canonical":"https:\/\/audi-klaus.at\/shop\/produkt\/audi-a3-8p-8l-q3-tt-vw-bora-golf-4-caddy-2-3-polo-3-scirocco-3-touran-1-passat-faltenbalgsatz-antriebswelle-neu-23690\/","og_locale":"de_DE","og_type":"article","og_title":"Audi A3\/8P\/8L\/Q3\/TT\/VW\/Bora\/Golf\/4\/Caddy\/2\/3\/Polo\/3\/Scirocco\/3\/Touran\/1\/Passat Faltenbalgsatz Antriebswelle NEU 23690 - Audi-Klaus","og_description":"Marke: Audi\/VW Modell: A3\/Q3\/TT\/Bora\/Golf\/Caddy\/Polo\/Scirocco\/Touran\/Passat Typ: 8P\/8L\/4\/2\/3\/1\/B3\/B4\/B5\/B6\/B7","og_url":"https:\/\/audi-klaus.at\/shop\/produkt\/audi-a3-8p-8l-q3-tt-vw-bora-golf-4-caddy-2-3-polo-3-scirocco-3-touran-1-passat-faltenbalgsatz-antriebswelle-neu-23690\/","og_site_name":"Audi-Klaus","article_publisher":"https:\/\/www.facebook.com\/audi.klaus.1312\/","article_modified_time":"2026-01-07T19:56:17+00:00","og_image":[{"width":429,"height":430,"url":"https:\/\/audi-klaus.at\/shop\/wp-content\/uploads\/2021\/11\/L99.jpg","type":"image\/jpeg"}],"twitter_card":"summary_large_image","schema":{"@context":"https:\/\/schema.org","@graph":[{"@type":"WebPage","@id":"https:\/\/audi-klaus.at\/shop\/produkt\/audi-a3-8p-8l-q3-tt-vw-bora-golf-4-caddy-2-3-polo-3-scirocco-3-touran-1-passat-faltenbalgsatz-antriebswelle-neu-23690\/","url":"https:\/\/audi-klaus.at\/shop\/produkt\/audi-a3-8p-8l-q3-tt-vw-bora-golf-4-caddy-2-3-polo-3-scirocco-3-touran-1-passat-faltenbalgsatz-antriebswelle-neu-23690\/","name":"Audi A3\/8P\/8L\/Q3\/TT\/VW\/Bora\/Golf\/4\/Caddy\/2\/3\/Polo\/3\/Scirocco\/3\/Touran\/1\/Passat Faltenbalgsatz Antriebswelle NEU 23690 - Audi-Klaus","isPartOf":{"@id":"https:\/\/audi-klaus.at\/shop\/#website"},"primaryImageOfPage":{"@id":"https:\/\/audi-klaus.at\/shop\/produkt\/audi-a3-8p-8l-q3-tt-vw-bora-golf-4-caddy-2-3-polo-3-scirocco-3-touran-1-passat-faltenbalgsatz-antriebswelle-neu-23690\/#primaryimage"},"image":{"@id":"https:\/\/audi-klaus.at\/shop\/produkt\/audi-a3-8p-8l-q3-tt-vw-bora-golf-4-caddy-2-3-polo-3-scirocco-3-touran-1-passat-faltenbalgsatz-antriebswelle-neu-23690\/#primaryimage"},"thumbnailUrl":"https:\/\/audi-klaus.at\/shop\/wp-content\/uploads\/2021\/11\/L99.jpg","datePublished":"2021-11-16T12:24:41+00:00","dateModified":"2026-01-07T19:56:17+00:00","breadcrumb":{"@id":"https:\/\/audi-klaus.at\/shop\/produkt\/audi-a3-8p-8l-q3-tt-vw-bora-golf-4-caddy-2-3-polo-3-scirocco-3-touran-1-passat-faltenbalgsatz-antriebswelle-neu-23690\/#breadcrumb"},"inLanguage":"de-AT","potentialAction":[{"@type":"ReadAction","target":["https:\/\/audi-klaus.at\/shop\/produkt\/audi-a3-8p-8l-q3-tt-vw-bora-golf-4-caddy-2-3-polo-3-scirocco-3-touran-1-passat-faltenbalgsatz-antriebswelle-neu-23690\/"]}]},{"@type":"ImageObject","inLanguage":"de-AT","@id":"https:\/\/audi-klaus.at\/shop\/produkt\/audi-a3-8p-8l-q3-tt-vw-bora-golf-4-caddy-2-3-polo-3-scirocco-3-touran-1-passat-faltenbalgsatz-antriebswelle-neu-23690\/#primaryimage","url":"https:\/\/audi-klaus.at\/shop\/wp-content\/uploads\/2021\/11\/L99.jpg","contentUrl":"https:\/\/audi-klaus.at\/shop\/wp-content\/uploads\/2021\/11\/L99.jpg","width":429,"height":430},{"@type":"BreadcrumbList","@id":"https:\/\/audi-klaus.at\/shop\/produkt\/audi-a3-8p-8l-q3-tt-vw-bora-golf-4-caddy-2-3-polo-3-scirocco-3-touran-1-passat-faltenbalgsatz-antriebswelle-neu-23690\/#breadcrumb","itemListElement":[{"@type":"ListItem","position":1,"name":"Startseite","item":"https:\/\/audi-klaus.at\/shop\/"},{"@type":"ListItem","position":2,"name":"Shop","item":"https:\/\/audi-klaus.at\/shop\/"},{"@type":"ListItem","position":3,"name":"Audi A3\/8P\/8L\/Q3\/TT\/VW\/Bora\/Golf\/4\/Caddy\/2\/3\/Polo\/3\/Scirocco\/3\/Touran\/1\/Passat Faltenbalgsatz Antriebswelle NEU 23690"}]},{"@type":"WebSite","@id":"https:\/\/audi-klaus.at\/shop\/#website","url":"https:\/\/audi-klaus.at\/shop\/","name":"Audi-Klaus","description":"Ihr Gebrauchtteile Spezialist f\u00fcr die Marken Audi, VW (VAG)","publisher":{"@id":"https:\/\/audi-klaus.at\/shop\/#organization"},"potentialAction":[{"@type":"SearchAction","target":{"@type":"EntryPoint","urlTemplate":"https:\/\/audi-klaus.at\/shop\/?s={search_term_string}"},"query-input":{"@type":"PropertyValueSpecification","valueRequired":true,"valueName":"search_term_string"}}],"inLanguage":"de-AT"},{"@type":"Organization","@id":"https:\/\/audi-klaus.at\/shop\/#organization","name":"Audi-Klaus","url":"https:\/\/audi-klaus.at\/shop\/","logo":{"@type":"ImageObject","inLanguage":"de-AT","@id":"https:\/\/audi-klaus.at\/shop\/#\/schema\/logo\/image\/","url":"https:\/\/audi-klaus.at\/shop\/wp-content\/uploads\/2024\/10\/Logo-Shop.webp","contentUrl":"https:\/\/audi-klaus.at\/shop\/wp-content\/uploads\/2024\/10\/Logo-Shop.webp","width":470,"height":164,"caption":"Audi-Klaus"},"image":{"@id":"https:\/\/audi-klaus.at\/shop\/#\/schema\/logo\/image\/"},"sameAs":["https:\/\/www.facebook.com\/audi.klaus.1312\/","https:\/\/www.instagram.com\/audi_klaus\/?igshid=1eca3qu2mdayg"]}]}},"_links":{"self":[{"href":"https:\/\/audi-klaus.at\/shop\/wp-json\/wp\/v2\/product\/3547","targetHints":{"allow":["GET"]}}],"collection":[{"href":"https:\/\/audi-klaus.at\/shop\/wp-json\/wp\/v2\/product"}],"about":[{"href":"https:\/\/audi-klaus.at\/shop\/wp-json\/wp\/v2\/types\/product"}],"wp:featuredmedia":[{"embeddable":true,"href":"https:\/\/audi-klaus.at\/shop\/wp-json\/wp\/v2\/media\/3229"}],"wp:attachment":[{"href":"https:\/\/audi-klaus.at\/shop\/wp-json\/wp\/v2\/media?parent=3547"}],"wp:term":[{"taxonomy":"product_brand","embeddable":true,"href":"https:\/\/audi-klaus.at\/shop\/wp-json\/wp\/v2\/product_brand?post=3547"},{"taxonomy":"product_cat","embeddable":true,"href":"https:\/\/audi-klaus.at\/shop\/wp-json\/wp\/v2\/product_cat?post=3547"},{"taxonomy":"product_tag","embeddable":true,"href":"https:\/\/audi-klaus.at\/shop\/wp-json\/wp\/v2\/product_tag?post=3547"}],"curies":[{"name":"wp","href":"https:\/\/api.w.org\/{rel}","templated":true}]}}