{"id":34782,"date":"2022-04-06T15:07:17","date_gmt":"2022-04-06T13:07:17","guid":{"rendered":"http:\/\/audi-klaus.at.server171-han.server-routing.com\/shop\/?post_type=product&#038;p=34782"},"modified":"2026-01-07T21:47:44","modified_gmt":"2026-01-07T20:47:44","slug":"vw-caddy-2-3-golf-jetta-2-3-4-bus-t4-relais-80-kraftstoffpumpe-191906383","status":"publish","type":"product","link":"https:\/\/audi-klaus.at\/shop\/produkt\/vw-caddy-2-3-golf-jetta-2-3-4-bus-t4-relais-80-kraftstoffpumpe-191906383\/","title":{"rendered":"VW Caddy\/2\/3\/Golf\/Jetta\/2\/3\/4\/Bus\/T4  Relais 80 Kraftstoffpumpe 191906383"},"content":{"rendered":"<h6><strong><span style=\"color: #000000;\"><span style=\"font-family: Source Sans Pro, sans-serif;\"><span style=\"font-size: medium;\"><b><span style=\"vertical-align: inherit;\"><span style=\"vertical-align: inherit;\">VAG Teilenummer<\/span><\/span><\/b><\/span><\/span><\/span><\/strong><span style=\"color: #000000;\"><span style=\"font-family: Source Sans Pro, sans-serif;\"><span style=\"font-size: medium;\"><b><span style=\"vertical-align: inherit;\"><span style=\"vertical-align: inherit;\"> :<\/span><\/span><\/b><\/span><\/span><\/span><span style=\"vertical-align: inherit;\"><span style=\"vertical-align: inherit;\"> 191 906 383<\/span><b> <\/b><\/span><\/h6>\n<h6><span style=\"vertical-align: inherit;\"><strong><span style=\"color: #000000;\"><span style=\"font-family: Source Sans Pro, sans-serif;\"><span style=\"font-size: medium;\"><b><span style=\"vertical-align: inherit;\">Zustand:<\/span><\/b><\/span><\/span><\/span><\/strong><span style=\"color: #000000;\"><span style=\"font-family: Source Sans Pro, sans-serif;\"><span style=\"font-size: medium;\"><span style=\"vertical-align: inherit;\"> Gebraucht<\/span><\/span><\/span><\/span><b> <\/b><\/span><\/h6>\n<h6><span style=\"vertical-align: inherit;\"><strong><span style=\"color: #000000;\"><span style=\"font-family: Source Sans Pro, sans-serif;\"><span style=\"font-size: medium;\"><b><span style=\"vertical-align: inherit;\">Lieferumfang:<\/span><\/b><\/span><\/span><\/span><\/strong><span style=\"color: #000000;\"><span style=\"font-family: Source Sans Pro, sans-serif;\"><span style=\"font-size: medium;\"><span style=\"vertical-align: inherit;\"> wie in den Original-Abbildungen angegeben <\/span><\/span><\/span><\/span><\/span><\/h6>\n<h6><span style=\"vertical-align: inherit;\"><span style=\"color: #000000;\"><span style=\"font-family: Source Sans Pro, sans-serif;\"><span style=\"font-size: medium;\"><span style=\"vertical-align: inherit;\"><strong>Hinweis:<\/strong> Bitte \u00fcberpr\u00fcfen Sie vor dem Kauf anhand der eindeutigen Teilenummern, ob der Artikel zum Fahrzeug passt, um R\u00fccksendungen zu vermeiden! Trotz Angabe der entsprechenden Fahrzeugdaten ist eine eindeutige Zuordnung nur \u00fcber die Teilenummer m\u00f6glich! Die abgelesene Teilenummer ist die Teilenummer des Teils, welches geliefert wird. Die Originalteilnummer ist diejenige, die bei Neubestellung f\u00fcr dieses Teil gilt und der m\u00f6glicherweise abweichenden, gelieferten Teilenummer entspricht. Sollten weitere Fragen offen sein, kontaktieren Sie uns bitte unter<\/span><\/span><\/span><\/span><a href=\"mailto:office@audi-klaus.at\"><span style=\"font-family: Source Sans Pro, sans-serif;\"><span style=\"font-size: medium;\"><span style=\"vertical-align: inherit;\">office@audi-klaus.at<\/span><\/span><\/span><\/a><\/span><span style=\"font-family: Source Sans Pro, sans-serif;\"><span style=\"font-size: medium;\"><br \/>\n<\/span><\/span><b><\/b><span style=\"font-family: Source Sans Pro, sans-serif;\"><span style=\"font-size: medium;\"><br \/>\n<\/span><\/span><b><\/b> <span style=\"font-family: Source Sans Pro, sans-serif;\"><span style=\"font-size: medium;\"><br \/>\n<\/span><\/span><\/h6>\n","protected":false},"excerpt":{"rendered":"<h5><strong><span style=\"font-size: 18pt;\"><span style=\"vertical-align: inherit;\"><span style=\"vertical-align: inherit;\">Marke: VW<\/span><\/span><\/span><\/strong><\/h5>\n<h5><strong><span style=\"font-size: 18pt;\"><span style=\"vertical-align: inherit;\"><span style=\"vertical-align: inherit;\">Modell: Golf\/Jetta\/Caddy\/Bus<\/span><\/span><\/span><\/strong><\/h5>\n<h5><strong><span style=\"font-size: 18pt;\"><span style=\"vertical-align: inherit;\"><span style=\"vertical-align: inherit;\">Typ: 2\/3\/4\/T4<\/span><\/span><\/span><\/strong><\/h5>\n","protected":false},"featured_media":34684,"template":"","meta":[],"product_brand":[],"product_cat":[1242,1243,1164,1256,1165,1285,1167,1295,1180,1305,1186,1397,1194,1778,1195,1788,1196,1918,1205],"product_tag":[11027],"class_list":{"0":"post-34782","1":"product","2":"type-product","3":"status-publish","4":"has-post-thumbnail","6":"product_cat-2-9kv-1995-2003","7":"product_cat-3-2k-2003-2015","8":"product_cat-vw","9":"product_cat-t4-7d-1990-2003","10":"product_cat-golf","11":"product_cat-elektrik-2-191-1983-1992","12":"product_cat-jetta","13":"product_cat-elektrik-3-1h-1990-1998","14":"product_cat-caddy","15":"product_cat-elektrik-4-1j-1997-2007","16":"product_cat-bus","17":"product_cat-elektrik-2-165-1983-1992","18":"product_cat-2-191-1983-1992","19":"product_cat-elektrik-2-9kv-1995-2003","20":"product_cat-3-1h-1990-1998","21":"product_cat-elektrik-3-2k-2003-2010","22":"product_cat-4-1j-1997-2007","23":"product_cat-elektrik-t4-7d-1990-2003","24":"product_cat-2-165-1983-1992","25":"product_tag-11027","27":"first","28":"instock","29":"taxable","30":"shipping-taxable","31":"purchasable","32":"product-type-simple"},"yoast_head":"<!-- This site is optimized with the Yoast SEO plugin v27.3 - https:\/\/yoast.com\/product\/yoast-seo-wordpress\/ -->\n<title>VW Caddy\/2\/3\/Golf\/Jetta\/2\/3\/4\/Bus\/T4 Relais 80 Kraftstoffpumpe 191906383 - Audi-Klaus<\/title>\n<meta name=\"description\" content=\"VW Caddy\/2\/3\/Golf\/Jetta\/2\/3\/4\/Bus\/T4 Relais 80 Kraftstoffpumpe 191906383 VW Caddy\/2\/3\/Golf\/Jetta\/2\/3\/4\/Bus\/T4 Relais 80 Kraftstoffpumpe 191906383 Audi-Klaus\" \/>\n<meta name=\"robots\" content=\"index, follow, max-snippet:-1, max-image-preview:large, max-video-preview:-1\" \/>\n<link rel=\"canonical\" href=\"https:\/\/audi-klaus.at\/shop\/produkt\/vw-caddy-2-3-golf-jetta-2-3-4-bus-t4-relais-80-kraftstoffpumpe-191906383\/\" \/>\n<meta property=\"og:locale\" content=\"de_DE\" \/>\n<meta property=\"og:type\" content=\"article\" \/>\n<meta property=\"og:title\" content=\"VW Caddy\/2\/3\/Golf\/Jetta\/2\/3\/4\/Bus\/T4 Relais 80 Kraftstoffpumpe 191906383 - Audi-Klaus\" \/>\n<meta property=\"og:description\" content=\"VW Caddy\/2\/3\/Golf\/Jetta\/2\/3\/4\/Bus\/T4 Relais 80 Kraftstoffpumpe 191906383 VW Caddy\/2\/3\/Golf\/Jetta\/2\/3\/4\/Bus\/T4 Relais 80 Kraftstoffpumpe 191906383 Audi-Klaus\" \/>\n<meta property=\"og:url\" content=\"https:\/\/audi-klaus.at\/shop\/produkt\/vw-caddy-2-3-golf-jetta-2-3-4-bus-t4-relais-80-kraftstoffpumpe-191906383\/\" \/>\n<meta property=\"og:site_name\" content=\"Audi-Klaus\" \/>\n<meta property=\"article:publisher\" content=\"https:\/\/www.facebook.com\/audi.klaus.1312\/\" \/>\n<meta property=\"article:modified_time\" content=\"2026-01-07T20:47:44+00:00\" \/>\n<meta property=\"og:image\" content=\"https:\/\/audi-klaus.at\/shop\/wp-content\/uploads\/2022\/04\/e343.jpg\" \/>\n\t<meta property=\"og:image:width\" content=\"430\" \/>\n\t<meta property=\"og:image:height\" content=\"430\" \/>\n\t<meta property=\"og:image:type\" content=\"image\/jpeg\" \/>\n<meta name=\"twitter:card\" content=\"summary_large_image\" \/>\n<meta name=\"twitter:label1\" content=\"Gesch\u00e4tzte Lesezeit\" \/>\n\t<meta name=\"twitter:data1\" content=\"1 Minute\" \/>\n<script type=\"application\/ld+json\" class=\"yoast-schema-graph\">{\"@context\":\"https:\\\/\\\/schema.org\",\"@graph\":[{\"@type\":\"WebPage\",\"@id\":\"https:\\\/\\\/audi-klaus.at\\\/shop\\\/produkt\\\/vw-caddy-2-3-golf-jetta-2-3-4-bus-t4-relais-80-kraftstoffpumpe-191906383\\\/\",\"url\":\"https:\\\/\\\/audi-klaus.at\\\/shop\\\/produkt\\\/vw-caddy-2-3-golf-jetta-2-3-4-bus-t4-relais-80-kraftstoffpumpe-191906383\\\/\",\"name\":\"VW Caddy\\\/2\\\/3\\\/Golf\\\/Jetta\\\/2\\\/3\\\/4\\\/Bus\\\/T4 Relais 80 Kraftstoffpumpe 191906383 - Audi-Klaus\",\"isPartOf\":{\"@id\":\"https:\\\/\\\/audi-klaus.at\\\/shop\\\/#website\"},\"primaryImageOfPage\":{\"@id\":\"https:\\\/\\\/audi-klaus.at\\\/shop\\\/produkt\\\/vw-caddy-2-3-golf-jetta-2-3-4-bus-t4-relais-80-kraftstoffpumpe-191906383\\\/#primaryimage\"},\"image\":{\"@id\":\"https:\\\/\\\/audi-klaus.at\\\/shop\\\/produkt\\\/vw-caddy-2-3-golf-jetta-2-3-4-bus-t4-relais-80-kraftstoffpumpe-191906383\\\/#primaryimage\"},\"thumbnailUrl\":\"https:\\\/\\\/audi-klaus.at\\\/shop\\\/wp-content\\\/uploads\\\/2022\\\/04\\\/e343.jpg\",\"datePublished\":\"2022-04-06T13:07:17+00:00\",\"dateModified\":\"2026-01-07T20:47:44+00:00\",\"description\":\"VW Caddy\\\/2\\\/3\\\/Golf\\\/Jetta\\\/2\\\/3\\\/4\\\/Bus\\\/T4 Relais 80 Kraftstoffpumpe 191906383 VW Caddy\\\/2\\\/3\\\/Golf\\\/Jetta\\\/2\\\/3\\\/4\\\/Bus\\\/T4 Relais 80 Kraftstoffpumpe 191906383 Audi-Klaus\",\"breadcrumb\":{\"@id\":\"https:\\\/\\\/audi-klaus.at\\\/shop\\\/produkt\\\/vw-caddy-2-3-golf-jetta-2-3-4-bus-t4-relais-80-kraftstoffpumpe-191906383\\\/#breadcrumb\"},\"inLanguage\":\"de-AT\",\"potentialAction\":[{\"@type\":\"ReadAction\",\"target\":[\"https:\\\/\\\/audi-klaus.at\\\/shop\\\/produkt\\\/vw-caddy-2-3-golf-jetta-2-3-4-bus-t4-relais-80-kraftstoffpumpe-191906383\\\/\"]}]},{\"@type\":\"ImageObject\",\"inLanguage\":\"de-AT\",\"@id\":\"https:\\\/\\\/audi-klaus.at\\\/shop\\\/produkt\\\/vw-caddy-2-3-golf-jetta-2-3-4-bus-t4-relais-80-kraftstoffpumpe-191906383\\\/#primaryimage\",\"url\":\"https:\\\/\\\/audi-klaus.at\\\/shop\\\/wp-content\\\/uploads\\\/2022\\\/04\\\/e343.jpg\",\"contentUrl\":\"https:\\\/\\\/audi-klaus.at\\\/shop\\\/wp-content\\\/uploads\\\/2022\\\/04\\\/e343.jpg\",\"width\":430,\"height\":430},{\"@type\":\"BreadcrumbList\",\"@id\":\"https:\\\/\\\/audi-klaus.at\\\/shop\\\/produkt\\\/vw-caddy-2-3-golf-jetta-2-3-4-bus-t4-relais-80-kraftstoffpumpe-191906383\\\/#breadcrumb\",\"itemListElement\":[{\"@type\":\"ListItem\",\"position\":1,\"name\":\"Startseite\",\"item\":\"https:\\\/\\\/audi-klaus.at\\\/shop\\\/\"},{\"@type\":\"ListItem\",\"position\":2,\"name\":\"Shop\",\"item\":\"https:\\\/\\\/audi-klaus.at\\\/shop\\\/\"},{\"@type\":\"ListItem\",\"position\":3,\"name\":\"VW Caddy\\\/2\\\/3\\\/Golf\\\/Jetta\\\/2\\\/3\\\/4\\\/Bus\\\/T4 Relais 80 Kraftstoffpumpe 191906383\"}]},{\"@type\":\"WebSite\",\"@id\":\"https:\\\/\\\/audi-klaus.at\\\/shop\\\/#website\",\"url\":\"https:\\\/\\\/audi-klaus.at\\\/shop\\\/\",\"name\":\"Audi-Klaus\",\"description\":\"Ihr Gebrauchtteile Spezialist f\u00fcr die Marken Audi, VW (VAG)\",\"publisher\":{\"@id\":\"https:\\\/\\\/audi-klaus.at\\\/shop\\\/#organization\"},\"potentialAction\":[{\"@type\":\"SearchAction\",\"target\":{\"@type\":\"EntryPoint\",\"urlTemplate\":\"https:\\\/\\\/audi-klaus.at\\\/shop\\\/?s={search_term_string}\"},\"query-input\":{\"@type\":\"PropertyValueSpecification\",\"valueRequired\":true,\"valueName\":\"search_term_string\"}}],\"inLanguage\":\"de-AT\"},{\"@type\":\"Organization\",\"@id\":\"https:\\\/\\\/audi-klaus.at\\\/shop\\\/#organization\",\"name\":\"Audi-Klaus\",\"url\":\"https:\\\/\\\/audi-klaus.at\\\/shop\\\/\",\"logo\":{\"@type\":\"ImageObject\",\"inLanguage\":\"de-AT\",\"@id\":\"https:\\\/\\\/audi-klaus.at\\\/shop\\\/#\\\/schema\\\/logo\\\/image\\\/\",\"url\":\"https:\\\/\\\/audi-klaus.at\\\/shop\\\/wp-content\\\/uploads\\\/2024\\\/10\\\/Logo-Shop.webp\",\"contentUrl\":\"https:\\\/\\\/audi-klaus.at\\\/shop\\\/wp-content\\\/uploads\\\/2024\\\/10\\\/Logo-Shop.webp\",\"width\":470,\"height\":164,\"caption\":\"Audi-Klaus\"},\"image\":{\"@id\":\"https:\\\/\\\/audi-klaus.at\\\/shop\\\/#\\\/schema\\\/logo\\\/image\\\/\"},\"sameAs\":[\"https:\\\/\\\/www.facebook.com\\\/audi.klaus.1312\\\/\",\"https:\\\/\\\/www.instagram.com\\\/audi_klaus\\\/?igshid=1eca3qu2mdayg\"]}]}<\/script>\n<!-- \/ Yoast SEO plugin. -->","yoast_head_json":{"title":"VW Caddy\/2\/3\/Golf\/Jetta\/2\/3\/4\/Bus\/T4 Relais 80 Kraftstoffpumpe 191906383 - Audi-Klaus","description":"VW Caddy\/2\/3\/Golf\/Jetta\/2\/3\/4\/Bus\/T4 Relais 80 Kraftstoffpumpe 191906383 VW Caddy\/2\/3\/Golf\/Jetta\/2\/3\/4\/Bus\/T4 Relais 80 Kraftstoffpumpe 191906383 Audi-Klaus","robots":{"index":"index","follow":"follow","max-snippet":"max-snippet:-1","max-image-preview":"max-image-preview:large","max-video-preview":"max-video-preview:-1"},"canonical":"https:\/\/audi-klaus.at\/shop\/produkt\/vw-caddy-2-3-golf-jetta-2-3-4-bus-t4-relais-80-kraftstoffpumpe-191906383\/","og_locale":"de_DE","og_type":"article","og_title":"VW Caddy\/2\/3\/Golf\/Jetta\/2\/3\/4\/Bus\/T4 Relais 80 Kraftstoffpumpe 191906383 - Audi-Klaus","og_description":"VW Caddy\/2\/3\/Golf\/Jetta\/2\/3\/4\/Bus\/T4 Relais 80 Kraftstoffpumpe 191906383 VW Caddy\/2\/3\/Golf\/Jetta\/2\/3\/4\/Bus\/T4 Relais 80 Kraftstoffpumpe 191906383 Audi-Klaus","og_url":"https:\/\/audi-klaus.at\/shop\/produkt\/vw-caddy-2-3-golf-jetta-2-3-4-bus-t4-relais-80-kraftstoffpumpe-191906383\/","og_site_name":"Audi-Klaus","article_publisher":"https:\/\/www.facebook.com\/audi.klaus.1312\/","article_modified_time":"2026-01-07T20:47:44+00:00","og_image":[{"width":430,"height":430,"url":"https:\/\/audi-klaus.at\/shop\/wp-content\/uploads\/2022\/04\/e343.jpg","type":"image\/jpeg"}],"twitter_card":"summary_large_image","twitter_misc":{"Gesch\u00e4tzte Lesezeit":"1 Minute"},"schema":{"@context":"https:\/\/schema.org","@graph":[{"@type":"WebPage","@id":"https:\/\/audi-klaus.at\/shop\/produkt\/vw-caddy-2-3-golf-jetta-2-3-4-bus-t4-relais-80-kraftstoffpumpe-191906383\/","url":"https:\/\/audi-klaus.at\/shop\/produkt\/vw-caddy-2-3-golf-jetta-2-3-4-bus-t4-relais-80-kraftstoffpumpe-191906383\/","name":"VW Caddy\/2\/3\/Golf\/Jetta\/2\/3\/4\/Bus\/T4 Relais 80 Kraftstoffpumpe 191906383 - Audi-Klaus","isPartOf":{"@id":"https:\/\/audi-klaus.at\/shop\/#website"},"primaryImageOfPage":{"@id":"https:\/\/audi-klaus.at\/shop\/produkt\/vw-caddy-2-3-golf-jetta-2-3-4-bus-t4-relais-80-kraftstoffpumpe-191906383\/#primaryimage"},"image":{"@id":"https:\/\/audi-klaus.at\/shop\/produkt\/vw-caddy-2-3-golf-jetta-2-3-4-bus-t4-relais-80-kraftstoffpumpe-191906383\/#primaryimage"},"thumbnailUrl":"https:\/\/audi-klaus.at\/shop\/wp-content\/uploads\/2022\/04\/e343.jpg","datePublished":"2022-04-06T13:07:17+00:00","dateModified":"2026-01-07T20:47:44+00:00","description":"VW Caddy\/2\/3\/Golf\/Jetta\/2\/3\/4\/Bus\/T4 Relais 80 Kraftstoffpumpe 191906383 VW Caddy\/2\/3\/Golf\/Jetta\/2\/3\/4\/Bus\/T4 Relais 80 Kraftstoffpumpe 191906383 Audi-Klaus","breadcrumb":{"@id":"https:\/\/audi-klaus.at\/shop\/produkt\/vw-caddy-2-3-golf-jetta-2-3-4-bus-t4-relais-80-kraftstoffpumpe-191906383\/#breadcrumb"},"inLanguage":"de-AT","potentialAction":[{"@type":"ReadAction","target":["https:\/\/audi-klaus.at\/shop\/produkt\/vw-caddy-2-3-golf-jetta-2-3-4-bus-t4-relais-80-kraftstoffpumpe-191906383\/"]}]},{"@type":"ImageObject","inLanguage":"de-AT","@id":"https:\/\/audi-klaus.at\/shop\/produkt\/vw-caddy-2-3-golf-jetta-2-3-4-bus-t4-relais-80-kraftstoffpumpe-191906383\/#primaryimage","url":"https:\/\/audi-klaus.at\/shop\/wp-content\/uploads\/2022\/04\/e343.jpg","contentUrl":"https:\/\/audi-klaus.at\/shop\/wp-content\/uploads\/2022\/04\/e343.jpg","width":430,"height":430},{"@type":"BreadcrumbList","@id":"https:\/\/audi-klaus.at\/shop\/produkt\/vw-caddy-2-3-golf-jetta-2-3-4-bus-t4-relais-80-kraftstoffpumpe-191906383\/#breadcrumb","itemListElement":[{"@type":"ListItem","position":1,"name":"Startseite","item":"https:\/\/audi-klaus.at\/shop\/"},{"@type":"ListItem","position":2,"name":"Shop","item":"https:\/\/audi-klaus.at\/shop\/"},{"@type":"ListItem","position":3,"name":"VW Caddy\/2\/3\/Golf\/Jetta\/2\/3\/4\/Bus\/T4 Relais 80 Kraftstoffpumpe 191906383"}]},{"@type":"WebSite","@id":"https:\/\/audi-klaus.at\/shop\/#website","url":"https:\/\/audi-klaus.at\/shop\/","name":"Audi-Klaus","description":"Ihr Gebrauchtteile Spezialist f\u00fcr die Marken Audi, VW (VAG)","publisher":{"@id":"https:\/\/audi-klaus.at\/shop\/#organization"},"potentialAction":[{"@type":"SearchAction","target":{"@type":"EntryPoint","urlTemplate":"https:\/\/audi-klaus.at\/shop\/?s={search_term_string}"},"query-input":{"@type":"PropertyValueSpecification","valueRequired":true,"valueName":"search_term_string"}}],"inLanguage":"de-AT"},{"@type":"Organization","@id":"https:\/\/audi-klaus.at\/shop\/#organization","name":"Audi-Klaus","url":"https:\/\/audi-klaus.at\/shop\/","logo":{"@type":"ImageObject","inLanguage":"de-AT","@id":"https:\/\/audi-klaus.at\/shop\/#\/schema\/logo\/image\/","url":"https:\/\/audi-klaus.at\/shop\/wp-content\/uploads\/2024\/10\/Logo-Shop.webp","contentUrl":"https:\/\/audi-klaus.at\/shop\/wp-content\/uploads\/2024\/10\/Logo-Shop.webp","width":470,"height":164,"caption":"Audi-Klaus"},"image":{"@id":"https:\/\/audi-klaus.at\/shop\/#\/schema\/logo\/image\/"},"sameAs":["https:\/\/www.facebook.com\/audi.klaus.1312\/","https:\/\/www.instagram.com\/audi_klaus\/?igshid=1eca3qu2mdayg"]}]}},"_links":{"self":[{"href":"https:\/\/audi-klaus.at\/shop\/wp-json\/wp\/v2\/product\/34782","targetHints":{"allow":["GET"]}}],"collection":[{"href":"https:\/\/audi-klaus.at\/shop\/wp-json\/wp\/v2\/product"}],"about":[{"href":"https:\/\/audi-klaus.at\/shop\/wp-json\/wp\/v2\/types\/product"}],"wp:featuredmedia":[{"embeddable":true,"href":"https:\/\/audi-klaus.at\/shop\/wp-json\/wp\/v2\/media\/34684"}],"wp:attachment":[{"href":"https:\/\/audi-klaus.at\/shop\/wp-json\/wp\/v2\/media?parent=34782"}],"wp:term":[{"taxonomy":"product_brand","embeddable":true,"href":"https:\/\/audi-klaus.at\/shop\/wp-json\/wp\/v2\/product_brand?post=34782"},{"taxonomy":"product_cat","embeddable":true,"href":"https:\/\/audi-klaus.at\/shop\/wp-json\/wp\/v2\/product_cat?post=34782"},{"taxonomy":"product_tag","embeddable":true,"href":"https:\/\/audi-klaus.at\/shop\/wp-json\/wp\/v2\/product_tag?post=34782"}],"curies":[{"name":"wp","href":"https:\/\/api.w.org\/{rel}","templated":true}]}}