{"id":34780,"date":"2022-04-06T15:02:08","date_gmt":"2022-04-06T13:02:08","guid":{"rendered":"http:\/\/audi-klaus.at.server171-han.server-routing.com\/shop\/?post_type=product&#038;p=34780"},"modified":"2026-03-17T14:01:57","modified_gmt":"2026-03-17T13:01:57","slug":"vw-bora-vento-golf-1-2-3-4-bus-t4-relais-67-kraftstoffpumpe-857951253","status":"publish","type":"product","link":"https:\/\/audi-klaus.at\/shop\/produkt\/vw-bora-vento-golf-1-2-3-4-bus-t4-relais-67-kraftstoffpumpe-857951253\/","title":{"rendered":"VW Bora\/Vento\/Golf\/1\/2\/3\/4\/Bus\/T4 Relais 67 Kraftstoffpumpe 857951253"},"content":{"rendered":"<p><strong><span style=\"color: #000000;\"><span style=\"font-family: Source Sans Pro, sans-serif;\"><span style=\"font-size: medium;\"><b>VAG Teilenummer<\/b><\/span><\/span><\/span><\/strong><span style=\"color: #000000;\"><span style=\"font-family: Source Sans Pro, sans-serif;\"><span style=\"font-size: medium;\"><b>:<\/b><\/span><\/span><\/span> 857 951 253<span style=\"font-family: Source Sans Pro, sans-serif;\"><span style=\"font-size: medium;\"><br \/>\n<\/span><\/span><strong><span style=\"color: #000000;\"><span style=\"font-family: Source Sans Pro, sans-serif;\"><span style=\"font-size: medium;\"><b>Zustand:<\/b><\/span><\/span><\/span><\/strong><span style=\"color: #000000;\"><span style=\"font-family: Source Sans Pro, sans-serif;\"><span style=\"font-size: medium;\"> Gebraucht<\/span><\/span><\/span><span style=\"font-family: Source Sans Pro, sans-serif;\"><span style=\"font-size: medium;\"><br \/>\n<\/span><\/span><strong><span style=\"color: #000000;\"><span style=\"font-family: Source Sans Pro, sans-serif;\"><span style=\"font-size: medium;\"><b>Lieferumfang:<\/b><\/span><\/span><\/span><\/strong> <span style=\"color: #000000;\"><span style=\"font-family: Source Sans Pro, sans-serif;\"><span style=\"font-size: medium;\">wie in den Original-Abbildungen angegeben<\/span><\/span><\/span><span style=\"font-family: Source Sans Pro, sans-serif;\"><span style=\"font-size: medium;\"><br \/>\n<\/span><\/span><span style=\"color: #000000;\"><span style=\"font-family: Source Sans Pro, sans-serif;\"><span style=\"font-size: medium;\">Hinweis: Bitte \u00fcberpr\u00fcfen Sie vor dem Kauf anhand der eindeutigen Teilenummern, ob der Artikel zum Fahrzeug passt, um R\u00fccksendungen zu vermeiden! Trotz Angabe der entsprechenden Fahrzeugdaten ist eine eindeutige Zuordnung nur \u00fcber die Teilenummer m\u00f6glich! Die abgelesene Teilenummer ist die Teilenummer des Teils, welches geliefert wird. Die Originalteilnummer ist diejenige, die bei Neubestellung f\u00fcr dieses Teil gilt und der m\u00f6glicherweise abweichenden, gelieferten Teilenummer entspricht. Sollten weitere Fragen offen sein, kontaktieren Sie uns bitte unter <\/span><\/span><\/span><a href=\"mailto:office@audi-klaus.at\"><span style=\"font-family: Source Sans Pro, sans-serif;\"><span style=\"font-size: medium;\">office@audi-klaus.at<\/span><\/span><\/a><\/p>\n","protected":false},"excerpt":{"rendered":"<h5><strong><span style=\"font-size: 18pt;\">Marke: VW<\/span><\/strong><\/h5>\n<h5><strong><span style=\"font-size: 18pt;\">Modell: Bora\/Golf\/Vento\/Bus<\/span><\/strong><\/h5>\n<h5><strong><span style=\"font-size: 18pt;\">Typ: 1\/2\/3\/4\/T4<\/span><\/strong><\/h5>\n","protected":false},"featured_media":34680,"template":"","meta":[],"product_brand":[],"product_cat":[1210,1164,1256,1165,1275,1168,1285,1169,1295,1186,1305,1193,1437,1194,1447,1195,1918,1196,1209],"product_tag":[11098],"class_list":{"0":"post-34780","1":"product","2":"type-product","3":"status-publish","4":"has-post-thumbnail","6":"product_cat-1j2-1998-2013","7":"product_cat-vw","8":"product_cat-t4-7d-1990-2003","9":"product_cat-golf","10":"product_cat-elektrik-1-171-1974-1985","11":"product_cat-vento","12":"product_cat-elektrik-2-191-1983-1992","13":"product_cat-bora","14":"product_cat-elektrik-3-1h-1990-1998","15":"product_cat-bus","16":"product_cat-elektrik-4-1j-1997-2007","17":"product_cat-1-171-1974-1985","18":"product_cat-elektrik-1h5-1991-1998","19":"product_cat-2-191-1983-1992","20":"product_cat-elektrik-1j2-1998-2013","21":"product_cat-3-1h-1990-1998","22":"product_cat-elektrik-t4-7d-1990-2003","23":"product_cat-4-1j-1997-2007","24":"product_cat-1h5-1991-1998","25":"product_tag-11098","27":"first","28":"instock","29":"taxable","30":"shipping-taxable","31":"purchasable","32":"product-type-simple"},"yoast_head":"<!-- This site is optimized with the Yoast SEO plugin v27.4 - https:\/\/yoast.com\/product\/yoast-seo-wordpress\/ -->\n<title>VW Bora\/Vento\/Golf\/1\/2\/3\/4\/Bus\/T4 Relais 67 Kraftstoffpumpe 857951253 - Audi-Klaus<\/title>\n<meta name=\"description\" content=\"VW Bora\/Vento\/Golf\/1\/2\/3\/4\/Bus\/T4 Relais 67 Kraftstoffpumpe 857951253 VW Bora\/Vento\/Golf\/1\/2\/3\/4\/Bus\/T4 Relais 67 Kraftstoffpumpe 857951253 Audi-Klaus -\" \/>\n<meta name=\"robots\" content=\"index, follow, max-snippet:-1, max-image-preview:large, max-video-preview:-1\" \/>\n<link rel=\"canonical\" href=\"https:\/\/audi-klaus.at\/shop\/produkt\/vw-bora-vento-golf-1-2-3-4-bus-t4-relais-67-kraftstoffpumpe-857951253\/\" \/>\n<meta property=\"og:locale\" content=\"de_DE\" \/>\n<meta property=\"og:type\" content=\"article\" \/>\n<meta property=\"og:title\" content=\"VW Bora\/Vento\/Golf\/1\/2\/3\/4\/Bus\/T4 Relais 67 Kraftstoffpumpe 857951253 - Audi-Klaus\" \/>\n<meta property=\"og:description\" content=\"VW Bora\/Vento\/Golf\/1\/2\/3\/4\/Bus\/T4 Relais 67 Kraftstoffpumpe 857951253 VW Bora\/Vento\/Golf\/1\/2\/3\/4\/Bus\/T4 Relais 67 Kraftstoffpumpe 857951253 Audi-Klaus -\" \/>\n<meta property=\"og:url\" content=\"https:\/\/audi-klaus.at\/shop\/produkt\/vw-bora-vento-golf-1-2-3-4-bus-t4-relais-67-kraftstoffpumpe-857951253\/\" \/>\n<meta property=\"og:site_name\" content=\"Audi-Klaus\" \/>\n<meta property=\"article:publisher\" content=\"https:\/\/www.facebook.com\/audi.klaus.1312\/\" \/>\n<meta property=\"article:modified_time\" content=\"2026-03-17T13:01:57+00:00\" \/>\n<meta property=\"og:image\" content=\"https:\/\/audi-klaus.at\/shop\/wp-content\/uploads\/2022\/04\/e342.jpg\" \/>\n\t<meta property=\"og:image:width\" content=\"430\" \/>\n\t<meta property=\"og:image:height\" content=\"430\" \/>\n\t<meta property=\"og:image:type\" content=\"image\/jpeg\" \/>\n<meta name=\"twitter:card\" content=\"summary_large_image\" \/>\n<meta name=\"twitter:label1\" content=\"Gesch\u00e4tzte Lesezeit\" \/>\n\t<meta name=\"twitter:data1\" content=\"1 Minute\" \/>\n<script type=\"application\/ld+json\" class=\"yoast-schema-graph\">{\"@context\":\"https:\\\/\\\/schema.org\",\"@graph\":[{\"@type\":\"WebPage\",\"@id\":\"https:\\\/\\\/audi-klaus.at\\\/shop\\\/produkt\\\/vw-bora-vento-golf-1-2-3-4-bus-t4-relais-67-kraftstoffpumpe-857951253\\\/\",\"url\":\"https:\\\/\\\/audi-klaus.at\\\/shop\\\/produkt\\\/vw-bora-vento-golf-1-2-3-4-bus-t4-relais-67-kraftstoffpumpe-857951253\\\/\",\"name\":\"VW Bora\\\/Vento\\\/Golf\\\/1\\\/2\\\/3\\\/4\\\/Bus\\\/T4 Relais 67 Kraftstoffpumpe 857951253 - Audi-Klaus\",\"isPartOf\":{\"@id\":\"https:\\\/\\\/audi-klaus.at\\\/shop\\\/#website\"},\"primaryImageOfPage\":{\"@id\":\"https:\\\/\\\/audi-klaus.at\\\/shop\\\/produkt\\\/vw-bora-vento-golf-1-2-3-4-bus-t4-relais-67-kraftstoffpumpe-857951253\\\/#primaryimage\"},\"image\":{\"@id\":\"https:\\\/\\\/audi-klaus.at\\\/shop\\\/produkt\\\/vw-bora-vento-golf-1-2-3-4-bus-t4-relais-67-kraftstoffpumpe-857951253\\\/#primaryimage\"},\"thumbnailUrl\":\"https:\\\/\\\/audi-klaus.at\\\/shop\\\/wp-content\\\/uploads\\\/2022\\\/04\\\/e342.jpg\",\"datePublished\":\"2022-04-06T13:02:08+00:00\",\"dateModified\":\"2026-03-17T13:01:57+00:00\",\"description\":\"VW Bora\\\/Vento\\\/Golf\\\/1\\\/2\\\/3\\\/4\\\/Bus\\\/T4 Relais 67 Kraftstoffpumpe 857951253 VW Bora\\\/Vento\\\/Golf\\\/1\\\/2\\\/3\\\/4\\\/Bus\\\/T4 Relais 67 Kraftstoffpumpe 857951253 Audi-Klaus -\",\"breadcrumb\":{\"@id\":\"https:\\\/\\\/audi-klaus.at\\\/shop\\\/produkt\\\/vw-bora-vento-golf-1-2-3-4-bus-t4-relais-67-kraftstoffpumpe-857951253\\\/#breadcrumb\"},\"inLanguage\":\"de-AT\",\"potentialAction\":[{\"@type\":\"ReadAction\",\"target\":[\"https:\\\/\\\/audi-klaus.at\\\/shop\\\/produkt\\\/vw-bora-vento-golf-1-2-3-4-bus-t4-relais-67-kraftstoffpumpe-857951253\\\/\"]}]},{\"@type\":\"ImageObject\",\"inLanguage\":\"de-AT\",\"@id\":\"https:\\\/\\\/audi-klaus.at\\\/shop\\\/produkt\\\/vw-bora-vento-golf-1-2-3-4-bus-t4-relais-67-kraftstoffpumpe-857951253\\\/#primaryimage\",\"url\":\"https:\\\/\\\/audi-klaus.at\\\/shop\\\/wp-content\\\/uploads\\\/2022\\\/04\\\/e342.jpg\",\"contentUrl\":\"https:\\\/\\\/audi-klaus.at\\\/shop\\\/wp-content\\\/uploads\\\/2022\\\/04\\\/e342.jpg\",\"width\":430,\"height\":430},{\"@type\":\"BreadcrumbList\",\"@id\":\"https:\\\/\\\/audi-klaus.at\\\/shop\\\/produkt\\\/vw-bora-vento-golf-1-2-3-4-bus-t4-relais-67-kraftstoffpumpe-857951253\\\/#breadcrumb\",\"itemListElement\":[{\"@type\":\"ListItem\",\"position\":1,\"name\":\"Startseite\",\"item\":\"https:\\\/\\\/audi-klaus.at\\\/shop\\\/\"},{\"@type\":\"ListItem\",\"position\":2,\"name\":\"Shop\",\"item\":\"https:\\\/\\\/audi-klaus.at\\\/shop\\\/\"},{\"@type\":\"ListItem\",\"position\":3,\"name\":\"VW Bora\\\/Vento\\\/Golf\\\/1\\\/2\\\/3\\\/4\\\/Bus\\\/T4 Relais 67 Kraftstoffpumpe 857951253\"}]},{\"@type\":\"WebSite\",\"@id\":\"https:\\\/\\\/audi-klaus.at\\\/shop\\\/#website\",\"url\":\"https:\\\/\\\/audi-klaus.at\\\/shop\\\/\",\"name\":\"Audi-Klaus\",\"description\":\"Ihr Gebrauchtteile Spezialist f\u00fcr die Marken Audi, VW (VAG)\",\"publisher\":{\"@id\":\"https:\\\/\\\/audi-klaus.at\\\/shop\\\/#organization\"},\"potentialAction\":[{\"@type\":\"SearchAction\",\"target\":{\"@type\":\"EntryPoint\",\"urlTemplate\":\"https:\\\/\\\/audi-klaus.at\\\/shop\\\/?s={search_term_string}\"},\"query-input\":{\"@type\":\"PropertyValueSpecification\",\"valueRequired\":true,\"valueName\":\"search_term_string\"}}],\"inLanguage\":\"de-AT\"},{\"@type\":\"Organization\",\"@id\":\"https:\\\/\\\/audi-klaus.at\\\/shop\\\/#organization\",\"name\":\"Audi-Klaus\",\"url\":\"https:\\\/\\\/audi-klaus.at\\\/shop\\\/\",\"logo\":{\"@type\":\"ImageObject\",\"inLanguage\":\"de-AT\",\"@id\":\"https:\\\/\\\/audi-klaus.at\\\/shop\\\/#\\\/schema\\\/logo\\\/image\\\/\",\"url\":\"https:\\\/\\\/audi-klaus.at\\\/shop\\\/wp-content\\\/uploads\\\/2024\\\/10\\\/Logo-Shop.webp\",\"contentUrl\":\"https:\\\/\\\/audi-klaus.at\\\/shop\\\/wp-content\\\/uploads\\\/2024\\\/10\\\/Logo-Shop.webp\",\"width\":470,\"height\":164,\"caption\":\"Audi-Klaus\"},\"image\":{\"@id\":\"https:\\\/\\\/audi-klaus.at\\\/shop\\\/#\\\/schema\\\/logo\\\/image\\\/\"},\"sameAs\":[\"https:\\\/\\\/www.facebook.com\\\/audi.klaus.1312\\\/\",\"https:\\\/\\\/www.instagram.com\\\/audi_klaus\\\/?igshid=1eca3qu2mdayg\"]}]}<\/script>\n<!-- \/ Yoast SEO plugin. -->","yoast_head_json":{"title":"VW Bora\/Vento\/Golf\/1\/2\/3\/4\/Bus\/T4 Relais 67 Kraftstoffpumpe 857951253 - Audi-Klaus","description":"VW Bora\/Vento\/Golf\/1\/2\/3\/4\/Bus\/T4 Relais 67 Kraftstoffpumpe 857951253 VW Bora\/Vento\/Golf\/1\/2\/3\/4\/Bus\/T4 Relais 67 Kraftstoffpumpe 857951253 Audi-Klaus -","robots":{"index":"index","follow":"follow","max-snippet":"max-snippet:-1","max-image-preview":"max-image-preview:large","max-video-preview":"max-video-preview:-1"},"canonical":"https:\/\/audi-klaus.at\/shop\/produkt\/vw-bora-vento-golf-1-2-3-4-bus-t4-relais-67-kraftstoffpumpe-857951253\/","og_locale":"de_DE","og_type":"article","og_title":"VW Bora\/Vento\/Golf\/1\/2\/3\/4\/Bus\/T4 Relais 67 Kraftstoffpumpe 857951253 - Audi-Klaus","og_description":"VW Bora\/Vento\/Golf\/1\/2\/3\/4\/Bus\/T4 Relais 67 Kraftstoffpumpe 857951253 VW Bora\/Vento\/Golf\/1\/2\/3\/4\/Bus\/T4 Relais 67 Kraftstoffpumpe 857951253 Audi-Klaus -","og_url":"https:\/\/audi-klaus.at\/shop\/produkt\/vw-bora-vento-golf-1-2-3-4-bus-t4-relais-67-kraftstoffpumpe-857951253\/","og_site_name":"Audi-Klaus","article_publisher":"https:\/\/www.facebook.com\/audi.klaus.1312\/","article_modified_time":"2026-03-17T13:01:57+00:00","og_image":[{"width":430,"height":430,"url":"https:\/\/audi-klaus.at\/shop\/wp-content\/uploads\/2022\/04\/e342.jpg","type":"image\/jpeg"}],"twitter_card":"summary_large_image","twitter_misc":{"Gesch\u00e4tzte Lesezeit":"1 Minute"},"schema":{"@context":"https:\/\/schema.org","@graph":[{"@type":"WebPage","@id":"https:\/\/audi-klaus.at\/shop\/produkt\/vw-bora-vento-golf-1-2-3-4-bus-t4-relais-67-kraftstoffpumpe-857951253\/","url":"https:\/\/audi-klaus.at\/shop\/produkt\/vw-bora-vento-golf-1-2-3-4-bus-t4-relais-67-kraftstoffpumpe-857951253\/","name":"VW Bora\/Vento\/Golf\/1\/2\/3\/4\/Bus\/T4 Relais 67 Kraftstoffpumpe 857951253 - Audi-Klaus","isPartOf":{"@id":"https:\/\/audi-klaus.at\/shop\/#website"},"primaryImageOfPage":{"@id":"https:\/\/audi-klaus.at\/shop\/produkt\/vw-bora-vento-golf-1-2-3-4-bus-t4-relais-67-kraftstoffpumpe-857951253\/#primaryimage"},"image":{"@id":"https:\/\/audi-klaus.at\/shop\/produkt\/vw-bora-vento-golf-1-2-3-4-bus-t4-relais-67-kraftstoffpumpe-857951253\/#primaryimage"},"thumbnailUrl":"https:\/\/audi-klaus.at\/shop\/wp-content\/uploads\/2022\/04\/e342.jpg","datePublished":"2022-04-06T13:02:08+00:00","dateModified":"2026-03-17T13:01:57+00:00","description":"VW Bora\/Vento\/Golf\/1\/2\/3\/4\/Bus\/T4 Relais 67 Kraftstoffpumpe 857951253 VW Bora\/Vento\/Golf\/1\/2\/3\/4\/Bus\/T4 Relais 67 Kraftstoffpumpe 857951253 Audi-Klaus -","breadcrumb":{"@id":"https:\/\/audi-klaus.at\/shop\/produkt\/vw-bora-vento-golf-1-2-3-4-bus-t4-relais-67-kraftstoffpumpe-857951253\/#breadcrumb"},"inLanguage":"de-AT","potentialAction":[{"@type":"ReadAction","target":["https:\/\/audi-klaus.at\/shop\/produkt\/vw-bora-vento-golf-1-2-3-4-bus-t4-relais-67-kraftstoffpumpe-857951253\/"]}]},{"@type":"ImageObject","inLanguage":"de-AT","@id":"https:\/\/audi-klaus.at\/shop\/produkt\/vw-bora-vento-golf-1-2-3-4-bus-t4-relais-67-kraftstoffpumpe-857951253\/#primaryimage","url":"https:\/\/audi-klaus.at\/shop\/wp-content\/uploads\/2022\/04\/e342.jpg","contentUrl":"https:\/\/audi-klaus.at\/shop\/wp-content\/uploads\/2022\/04\/e342.jpg","width":430,"height":430},{"@type":"BreadcrumbList","@id":"https:\/\/audi-klaus.at\/shop\/produkt\/vw-bora-vento-golf-1-2-3-4-bus-t4-relais-67-kraftstoffpumpe-857951253\/#breadcrumb","itemListElement":[{"@type":"ListItem","position":1,"name":"Startseite","item":"https:\/\/audi-klaus.at\/shop\/"},{"@type":"ListItem","position":2,"name":"Shop","item":"https:\/\/audi-klaus.at\/shop\/"},{"@type":"ListItem","position":3,"name":"VW Bora\/Vento\/Golf\/1\/2\/3\/4\/Bus\/T4 Relais 67 Kraftstoffpumpe 857951253"}]},{"@type":"WebSite","@id":"https:\/\/audi-klaus.at\/shop\/#website","url":"https:\/\/audi-klaus.at\/shop\/","name":"Audi-Klaus","description":"Ihr Gebrauchtteile Spezialist f\u00fcr die Marken Audi, VW (VAG)","publisher":{"@id":"https:\/\/audi-klaus.at\/shop\/#organization"},"potentialAction":[{"@type":"SearchAction","target":{"@type":"EntryPoint","urlTemplate":"https:\/\/audi-klaus.at\/shop\/?s={search_term_string}"},"query-input":{"@type":"PropertyValueSpecification","valueRequired":true,"valueName":"search_term_string"}}],"inLanguage":"de-AT"},{"@type":"Organization","@id":"https:\/\/audi-klaus.at\/shop\/#organization","name":"Audi-Klaus","url":"https:\/\/audi-klaus.at\/shop\/","logo":{"@type":"ImageObject","inLanguage":"de-AT","@id":"https:\/\/audi-klaus.at\/shop\/#\/schema\/logo\/image\/","url":"https:\/\/audi-klaus.at\/shop\/wp-content\/uploads\/2024\/10\/Logo-Shop.webp","contentUrl":"https:\/\/audi-klaus.at\/shop\/wp-content\/uploads\/2024\/10\/Logo-Shop.webp","width":470,"height":164,"caption":"Audi-Klaus"},"image":{"@id":"https:\/\/audi-klaus.at\/shop\/#\/schema\/logo\/image\/"},"sameAs":["https:\/\/www.facebook.com\/audi.klaus.1312\/","https:\/\/www.instagram.com\/audi_klaus\/?igshid=1eca3qu2mdayg"]}]}},"_links":{"self":[{"href":"https:\/\/audi-klaus.at\/shop\/wp-json\/wp\/v2\/product\/34780","targetHints":{"allow":["GET"]}}],"collection":[{"href":"https:\/\/audi-klaus.at\/shop\/wp-json\/wp\/v2\/product"}],"about":[{"href":"https:\/\/audi-klaus.at\/shop\/wp-json\/wp\/v2\/types\/product"}],"wp:featuredmedia":[{"embeddable":true,"href":"https:\/\/audi-klaus.at\/shop\/wp-json\/wp\/v2\/media\/34680"}],"wp:attachment":[{"href":"https:\/\/audi-klaus.at\/shop\/wp-json\/wp\/v2\/media?parent=34780"}],"wp:term":[{"taxonomy":"product_brand","embeddable":true,"href":"https:\/\/audi-klaus.at\/shop\/wp-json\/wp\/v2\/product_brand?post=34780"},{"taxonomy":"product_cat","embeddable":true,"href":"https:\/\/audi-klaus.at\/shop\/wp-json\/wp\/v2\/product_cat?post=34780"},{"taxonomy":"product_tag","embeddable":true,"href":"https:\/\/audi-klaus.at\/shop\/wp-json\/wp\/v2\/product_tag?post=34780"}],"curies":[{"name":"wp","href":"https:\/\/api.w.org\/{rel}","templated":true}]}}