{"id":34397,"date":"2022-04-05T16:08:58","date_gmt":"2022-04-05T14:08:58","guid":{"rendered":"http:\/\/audi-klaus.at.server171-han.server-routing.com\/shop\/?post_type=product&#038;p=34397"},"modified":"2026-01-07T21:47:32","modified_gmt":"2026-01-07T20:47:32","slug":"audi-a3-a4-a6-vw-fox-bora-jetta-passat-kaefer-beetle-polo-golf-relais-109-kraftstoffpumpe-1j0906381a","status":"publish","type":"product","link":"https:\/\/audi-klaus.at\/shop\/produkt\/audi-a3-a4-a6-vw-fox-bora-jetta-passat-kaefer-beetle-polo-golf-relais-109-kraftstoffpumpe-1j0906381a\/","title":{"rendered":"Audi A3\/A4\/A6\/VW Fox\/Bora\/Jetta\/Passat\/K\u00e4fer\/Beetle\/Polo\/Golf Relais 109 Kraftstoffpumpe 1J0906381A"},"content":{"rendered":"<p><strong><span style=\"color: #000000\"><span style=\"font-family: Source Sans Pro, sans-serif\"><span style=\"font-size: medium\"><b>VAG Teilenummer<\/b><\/span><\/span><\/span><\/strong><span style=\"color: #000000\"><span style=\"font-family: Source Sans Pro, sans-serif\"><span style=\"font-size: medium\"><b>:<\/b><\/span><\/span><\/span> 1J0 906 381A<span style=\"font-family: Source Sans Pro, sans-serif\"><span style=\"font-size: medium\"><br \/>\n<\/span><\/span><strong><span style=\"color: #000000\"><span style=\"font-family: Source Sans Pro, sans-serif\"><span style=\"font-size: medium\"><b>Zustand:<\/b><\/span><\/span><\/span><\/strong><span style=\"color: #000000\"><span style=\"font-family: Source Sans Pro, sans-serif\"><span style=\"font-size: medium\"> Gebraucht<\/span><\/span><\/span><span style=\"font-family: Source Sans Pro, sans-serif\"><span style=\"font-size: medium\"><br \/>\n<\/span><\/span><strong><span style=\"color: #000000\"><span style=\"font-family: Source Sans Pro, sans-serif\"><span style=\"font-size: medium\"><b>Lieferumfang:<\/b><\/span><\/span><\/span><\/strong> <span style=\"color: #000000\"><span style=\"font-family: Source Sans Pro, sans-serif\"><span style=\"font-size: medium\">wie in den Original-Abbildungen angegeben<\/span><\/span><\/span><span style=\"font-family: Source Sans Pro, sans-serif\"><span style=\"font-size: medium\"><br \/>\n<\/span><\/span><span style=\"color: #000000\"><span style=\"font-family: Source Sans Pro, sans-serif\"><span style=\"font-size: medium\">Hinweis: Bitte \u00fcberpr\u00fcfen Sie vor dem Kauf anhand der eindeutigen Teilenummern, ob der Artikel zum Fahrzeug passt, um R\u00fccksendungen zu vermeiden! Trotz Angabe der entsprechenden Fahrzeugdaten ist eine eindeutige Zuordnung nur \u00fcber die Teilenummer m\u00f6glich! Die abgelesene Teilenummer ist die Teilenummer des Teils, welches geliefert wird. Die Originalteilnummer ist diejenige, die bei Neubestellung f\u00fcr dieses Teil gilt und der m\u00f6glicherweise abweichenden, gelieferten Teilenummer entspricht. Sollten weitere Fragen offen sein, kontaktieren Sie uns bitte unter <\/span><\/span><\/span><a href=\"mailto:office@audi-klaus.at\"><span style=\"font-family: Source Sans Pro, sans-serif\"><span style=\"font-size: medium\">office@audi-klaus.at<\/span><\/span><\/a><\/p>\n","protected":false},"excerpt":{"rendered":"<h5><strong><span style=\"font-size: 18pt\">Marke: Audi\/VW<\/span><\/strong><\/h5>\n<h5><strong><span style=\"font-size: 18pt\">Modell: A3\/A4\/A6\/Bora\/Jetta\/Fox\/Golf\/K\u00e4fer\/New Beetle\/Passat\/ Polo<\/span><\/strong><\/h5>\n<h5><strong><span style=\"font-size: 18pt\">Typ: 8L\/B5\/B6\/B7\/C4\/C5\/4\/5\/B5<\/span><\/strong><\/h5>\n","protected":false},"featured_media":34158,"template":"","meta":[],"product_brand":[],"product_cat":[530,1190,369,1315,586,1196,370,1407,597,1197,372,1447,1164,1206,453,1547,1165,1210,464,1567,1167,1220,497,1607,1169,1223,498,1677,1172,1226,499,2008,1174,1233,510,1175,1265,520,1176,32,1305],"product_tag":[10971,10972],"class_list":{"0":"post-34397","1":"product","2":"type-product","3":"status-publish","4":"has-post-thumbnail","6":"product_cat-elektrik-b7-2004-2008","7":"product_cat-fox","8":"product_cat-a3","9":"product_cat-elektrik-5-1k-2003-2010","10":"product_cat-c4-4a-1994-1997","11":"product_cat-4-1j-1997-2007","12":"product_cat-a4","13":"product_cat-elektrik-5-1k2-2005-2010","14":"product_cat-elektrik-c4-1994-1997","15":"product_cat-5-1k-2003-2010","16":"product_cat-a6","17":"product_cat-elektrik-1j2-1998-2013","18":"product_cat-vw","19":"product_cat-5-1k2-2005-2010","20":"product_cat-8l-1996-2003","21":"product_cat-elektrik-4-9n-2001-2005","22":"product_cat-golf","23":"product_cat-1j2-1998-2013","24":"product_cat-elektrik-8l-1996-2003","25":"product_cat-elektrik-5-6c-2014-2017","26":"product_cat-jetta","27":"product_cat-4-9n-2001-2005","28":"product_cat-b5-1994-2001","29":"product_cat-elektrik-typ1-1938-2003","30":"product_cat-bora","31":"product_cat-5-6c-2014-2017","32":"product_cat-b6-2000-2004","33":"product_cat-elektrik-b5-3b-1996-2005","34":"product_cat-polo","35":"product_cat-typ1-1938-2003","36":"product_cat-b7-2004-2008","37":"product_cat-elektrik-5z-2005-2011","38":"product_cat-kaefer","39":"product_cat-b5-3b-1996-2005","40":"product_cat-elektrik-b5-1994-2001","41":"product_cat-new-beetle","42":"product_cat-5z-2005-2011","43":"product_cat-elektrik-b6-2000-2004","44":"product_cat-passat","45":"product_cat-audi","46":"product_cat-elektrik-4-1j-1997-2007","47":"product_tag-1j0906381a","48":"product_tag-1j0906381","50":"first","51":"instock","52":"taxable","53":"shipping-taxable","54":"purchasable","55":"product-type-simple"},"yoast_head":"<!-- This site is optimized with the Yoast SEO plugin v27.3 - https:\/\/yoast.com\/product\/yoast-seo-wordpress\/ -->\n<title>Audi A3\/A4\/A6\/VW Fox\/Bora\/Jetta\/Passat\/K\u00e4fer\/Beetle\/Polo\/Golf Relais 109 Kraftstoffpumpe 1J0906381A - Audi-Klaus<\/title>\n<meta name=\"robots\" content=\"index, follow, max-snippet:-1, max-image-preview:large, max-video-preview:-1\" \/>\n<link rel=\"canonical\" href=\"https:\/\/audi-klaus.at\/shop\/produkt\/audi-a3-a4-a6-vw-fox-bora-jetta-passat-kaefer-beetle-polo-golf-relais-109-kraftstoffpumpe-1j0906381a\/\" \/>\n<meta property=\"og:locale\" content=\"de_DE\" \/>\n<meta property=\"og:type\" content=\"article\" \/>\n<meta property=\"og:title\" content=\"Audi A3\/A4\/A6\/VW Fox\/Bora\/Jetta\/Passat\/K\u00e4fer\/Beetle\/Polo\/Golf Relais 109 Kraftstoffpumpe 1J0906381A - Audi-Klaus\" \/>\n<meta property=\"og:description\" content=\"Marke: Audi\/VW Modell: A3\/A4\/A6\/Bora\/Jetta\/Fox\/Golf\/K\u00e4fer\/New Beetle\/Passat\/ Polo Typ: 8L\/B5\/B6\/B7\/C4\/C5\/4\/5\/B5\" \/>\n<meta property=\"og:url\" content=\"https:\/\/audi-klaus.at\/shop\/produkt\/audi-a3-a4-a6-vw-fox-bora-jetta-passat-kaefer-beetle-polo-golf-relais-109-kraftstoffpumpe-1j0906381a\/\" \/>\n<meta property=\"og:site_name\" content=\"Audi-Klaus\" \/>\n<meta property=\"article:publisher\" content=\"https:\/\/www.facebook.com\/audi.klaus.1312\/\" \/>\n<meta property=\"article:modified_time\" content=\"2026-01-07T20:47:32+00:00\" \/>\n<meta property=\"og:image\" content=\"https:\/\/audi-klaus.at\/shop\/wp-content\/uploads\/2022\/04\/e232.jpg\" \/>\n\t<meta property=\"og:image:width\" content=\"430\" \/>\n\t<meta property=\"og:image:height\" content=\"430\" \/>\n\t<meta property=\"og:image:type\" content=\"image\/jpeg\" \/>\n<meta name=\"twitter:card\" content=\"summary_large_image\" \/>\n<meta name=\"twitter:label1\" content=\"Gesch\u00e4tzte Lesezeit\" \/>\n\t<meta name=\"twitter:data1\" content=\"1 Minute\" \/>\n<script type=\"application\/ld+json\" class=\"yoast-schema-graph\">{\"@context\":\"https:\\\/\\\/schema.org\",\"@graph\":[{\"@type\":\"WebPage\",\"@id\":\"https:\\\/\\\/audi-klaus.at\\\/shop\\\/produkt\\\/audi-a3-a4-a6-vw-fox-bora-jetta-passat-kaefer-beetle-polo-golf-relais-109-kraftstoffpumpe-1j0906381a\\\/\",\"url\":\"https:\\\/\\\/audi-klaus.at\\\/shop\\\/produkt\\\/audi-a3-a4-a6-vw-fox-bora-jetta-passat-kaefer-beetle-polo-golf-relais-109-kraftstoffpumpe-1j0906381a\\\/\",\"name\":\"Audi A3\\\/A4\\\/A6\\\/VW Fox\\\/Bora\\\/Jetta\\\/Passat\\\/K\u00e4fer\\\/Beetle\\\/Polo\\\/Golf Relais 109 Kraftstoffpumpe 1J0906381A - Audi-Klaus\",\"isPartOf\":{\"@id\":\"https:\\\/\\\/audi-klaus.at\\\/shop\\\/#website\"},\"primaryImageOfPage\":{\"@id\":\"https:\\\/\\\/audi-klaus.at\\\/shop\\\/produkt\\\/audi-a3-a4-a6-vw-fox-bora-jetta-passat-kaefer-beetle-polo-golf-relais-109-kraftstoffpumpe-1j0906381a\\\/#primaryimage\"},\"image\":{\"@id\":\"https:\\\/\\\/audi-klaus.at\\\/shop\\\/produkt\\\/audi-a3-a4-a6-vw-fox-bora-jetta-passat-kaefer-beetle-polo-golf-relais-109-kraftstoffpumpe-1j0906381a\\\/#primaryimage\"},\"thumbnailUrl\":\"https:\\\/\\\/audi-klaus.at\\\/shop\\\/wp-content\\\/uploads\\\/2022\\\/04\\\/e232.jpg\",\"datePublished\":\"2022-04-05T14:08:58+00:00\",\"dateModified\":\"2026-01-07T20:47:32+00:00\",\"breadcrumb\":{\"@id\":\"https:\\\/\\\/audi-klaus.at\\\/shop\\\/produkt\\\/audi-a3-a4-a6-vw-fox-bora-jetta-passat-kaefer-beetle-polo-golf-relais-109-kraftstoffpumpe-1j0906381a\\\/#breadcrumb\"},\"inLanguage\":\"de-AT\",\"potentialAction\":[{\"@type\":\"ReadAction\",\"target\":[\"https:\\\/\\\/audi-klaus.at\\\/shop\\\/produkt\\\/audi-a3-a4-a6-vw-fox-bora-jetta-passat-kaefer-beetle-polo-golf-relais-109-kraftstoffpumpe-1j0906381a\\\/\"]}]},{\"@type\":\"ImageObject\",\"inLanguage\":\"de-AT\",\"@id\":\"https:\\\/\\\/audi-klaus.at\\\/shop\\\/produkt\\\/audi-a3-a4-a6-vw-fox-bora-jetta-passat-kaefer-beetle-polo-golf-relais-109-kraftstoffpumpe-1j0906381a\\\/#primaryimage\",\"url\":\"https:\\\/\\\/audi-klaus.at\\\/shop\\\/wp-content\\\/uploads\\\/2022\\\/04\\\/e232.jpg\",\"contentUrl\":\"https:\\\/\\\/audi-klaus.at\\\/shop\\\/wp-content\\\/uploads\\\/2022\\\/04\\\/e232.jpg\",\"width\":430,\"height\":430},{\"@type\":\"BreadcrumbList\",\"@id\":\"https:\\\/\\\/audi-klaus.at\\\/shop\\\/produkt\\\/audi-a3-a4-a6-vw-fox-bora-jetta-passat-kaefer-beetle-polo-golf-relais-109-kraftstoffpumpe-1j0906381a\\\/#breadcrumb\",\"itemListElement\":[{\"@type\":\"ListItem\",\"position\":1,\"name\":\"Startseite\",\"item\":\"https:\\\/\\\/audi-klaus.at\\\/shop\\\/\"},{\"@type\":\"ListItem\",\"position\":2,\"name\":\"Shop\",\"item\":\"https:\\\/\\\/audi-klaus.at\\\/shop\\\/\"},{\"@type\":\"ListItem\",\"position\":3,\"name\":\"Audi A3\\\/A4\\\/A6\\\/VW Fox\\\/Bora\\\/Jetta\\\/Passat\\\/K\u00e4fer\\\/Beetle\\\/Polo\\\/Golf Relais 109 Kraftstoffpumpe 1J0906381A\"}]},{\"@type\":\"WebSite\",\"@id\":\"https:\\\/\\\/audi-klaus.at\\\/shop\\\/#website\",\"url\":\"https:\\\/\\\/audi-klaus.at\\\/shop\\\/\",\"name\":\"Audi-Klaus\",\"description\":\"Ihr Gebrauchtteile Spezialist f\u00fcr die Marken Audi, VW (VAG)\",\"publisher\":{\"@id\":\"https:\\\/\\\/audi-klaus.at\\\/shop\\\/#organization\"},\"potentialAction\":[{\"@type\":\"SearchAction\",\"target\":{\"@type\":\"EntryPoint\",\"urlTemplate\":\"https:\\\/\\\/audi-klaus.at\\\/shop\\\/?s={search_term_string}\"},\"query-input\":{\"@type\":\"PropertyValueSpecification\",\"valueRequired\":true,\"valueName\":\"search_term_string\"}}],\"inLanguage\":\"de-AT\"},{\"@type\":\"Organization\",\"@id\":\"https:\\\/\\\/audi-klaus.at\\\/shop\\\/#organization\",\"name\":\"Audi-Klaus\",\"url\":\"https:\\\/\\\/audi-klaus.at\\\/shop\\\/\",\"logo\":{\"@type\":\"ImageObject\",\"inLanguage\":\"de-AT\",\"@id\":\"https:\\\/\\\/audi-klaus.at\\\/shop\\\/#\\\/schema\\\/logo\\\/image\\\/\",\"url\":\"https:\\\/\\\/audi-klaus.at\\\/shop\\\/wp-content\\\/uploads\\\/2024\\\/10\\\/Logo-Shop.webp\",\"contentUrl\":\"https:\\\/\\\/audi-klaus.at\\\/shop\\\/wp-content\\\/uploads\\\/2024\\\/10\\\/Logo-Shop.webp\",\"width\":470,\"height\":164,\"caption\":\"Audi-Klaus\"},\"image\":{\"@id\":\"https:\\\/\\\/audi-klaus.at\\\/shop\\\/#\\\/schema\\\/logo\\\/image\\\/\"},\"sameAs\":[\"https:\\\/\\\/www.facebook.com\\\/audi.klaus.1312\\\/\",\"https:\\\/\\\/www.instagram.com\\\/audi_klaus\\\/?igshid=1eca3qu2mdayg\"]}]}<\/script>\n<!-- \/ Yoast SEO plugin. -->","yoast_head_json":{"title":"Audi A3\/A4\/A6\/VW Fox\/Bora\/Jetta\/Passat\/K\u00e4fer\/Beetle\/Polo\/Golf Relais 109 Kraftstoffpumpe 1J0906381A - Audi-Klaus","robots":{"index":"index","follow":"follow","max-snippet":"max-snippet:-1","max-image-preview":"max-image-preview:large","max-video-preview":"max-video-preview:-1"},"canonical":"https:\/\/audi-klaus.at\/shop\/produkt\/audi-a3-a4-a6-vw-fox-bora-jetta-passat-kaefer-beetle-polo-golf-relais-109-kraftstoffpumpe-1j0906381a\/","og_locale":"de_DE","og_type":"article","og_title":"Audi A3\/A4\/A6\/VW Fox\/Bora\/Jetta\/Passat\/K\u00e4fer\/Beetle\/Polo\/Golf Relais 109 Kraftstoffpumpe 1J0906381A - Audi-Klaus","og_description":"Marke: Audi\/VW Modell: A3\/A4\/A6\/Bora\/Jetta\/Fox\/Golf\/K\u00e4fer\/New Beetle\/Passat\/ Polo Typ: 8L\/B5\/B6\/B7\/C4\/C5\/4\/5\/B5","og_url":"https:\/\/audi-klaus.at\/shop\/produkt\/audi-a3-a4-a6-vw-fox-bora-jetta-passat-kaefer-beetle-polo-golf-relais-109-kraftstoffpumpe-1j0906381a\/","og_site_name":"Audi-Klaus","article_publisher":"https:\/\/www.facebook.com\/audi.klaus.1312\/","article_modified_time":"2026-01-07T20:47:32+00:00","og_image":[{"width":430,"height":430,"url":"https:\/\/audi-klaus.at\/shop\/wp-content\/uploads\/2022\/04\/e232.jpg","type":"image\/jpeg"}],"twitter_card":"summary_large_image","twitter_misc":{"Gesch\u00e4tzte Lesezeit":"1 Minute"},"schema":{"@context":"https:\/\/schema.org","@graph":[{"@type":"WebPage","@id":"https:\/\/audi-klaus.at\/shop\/produkt\/audi-a3-a4-a6-vw-fox-bora-jetta-passat-kaefer-beetle-polo-golf-relais-109-kraftstoffpumpe-1j0906381a\/","url":"https:\/\/audi-klaus.at\/shop\/produkt\/audi-a3-a4-a6-vw-fox-bora-jetta-passat-kaefer-beetle-polo-golf-relais-109-kraftstoffpumpe-1j0906381a\/","name":"Audi A3\/A4\/A6\/VW Fox\/Bora\/Jetta\/Passat\/K\u00e4fer\/Beetle\/Polo\/Golf Relais 109 Kraftstoffpumpe 1J0906381A - Audi-Klaus","isPartOf":{"@id":"https:\/\/audi-klaus.at\/shop\/#website"},"primaryImageOfPage":{"@id":"https:\/\/audi-klaus.at\/shop\/produkt\/audi-a3-a4-a6-vw-fox-bora-jetta-passat-kaefer-beetle-polo-golf-relais-109-kraftstoffpumpe-1j0906381a\/#primaryimage"},"image":{"@id":"https:\/\/audi-klaus.at\/shop\/produkt\/audi-a3-a4-a6-vw-fox-bora-jetta-passat-kaefer-beetle-polo-golf-relais-109-kraftstoffpumpe-1j0906381a\/#primaryimage"},"thumbnailUrl":"https:\/\/audi-klaus.at\/shop\/wp-content\/uploads\/2022\/04\/e232.jpg","datePublished":"2022-04-05T14:08:58+00:00","dateModified":"2026-01-07T20:47:32+00:00","breadcrumb":{"@id":"https:\/\/audi-klaus.at\/shop\/produkt\/audi-a3-a4-a6-vw-fox-bora-jetta-passat-kaefer-beetle-polo-golf-relais-109-kraftstoffpumpe-1j0906381a\/#breadcrumb"},"inLanguage":"de-AT","potentialAction":[{"@type":"ReadAction","target":["https:\/\/audi-klaus.at\/shop\/produkt\/audi-a3-a4-a6-vw-fox-bora-jetta-passat-kaefer-beetle-polo-golf-relais-109-kraftstoffpumpe-1j0906381a\/"]}]},{"@type":"ImageObject","inLanguage":"de-AT","@id":"https:\/\/audi-klaus.at\/shop\/produkt\/audi-a3-a4-a6-vw-fox-bora-jetta-passat-kaefer-beetle-polo-golf-relais-109-kraftstoffpumpe-1j0906381a\/#primaryimage","url":"https:\/\/audi-klaus.at\/shop\/wp-content\/uploads\/2022\/04\/e232.jpg","contentUrl":"https:\/\/audi-klaus.at\/shop\/wp-content\/uploads\/2022\/04\/e232.jpg","width":430,"height":430},{"@type":"BreadcrumbList","@id":"https:\/\/audi-klaus.at\/shop\/produkt\/audi-a3-a4-a6-vw-fox-bora-jetta-passat-kaefer-beetle-polo-golf-relais-109-kraftstoffpumpe-1j0906381a\/#breadcrumb","itemListElement":[{"@type":"ListItem","position":1,"name":"Startseite","item":"https:\/\/audi-klaus.at\/shop\/"},{"@type":"ListItem","position":2,"name":"Shop","item":"https:\/\/audi-klaus.at\/shop\/"},{"@type":"ListItem","position":3,"name":"Audi A3\/A4\/A6\/VW Fox\/Bora\/Jetta\/Passat\/K\u00e4fer\/Beetle\/Polo\/Golf Relais 109 Kraftstoffpumpe 1J0906381A"}]},{"@type":"WebSite","@id":"https:\/\/audi-klaus.at\/shop\/#website","url":"https:\/\/audi-klaus.at\/shop\/","name":"Audi-Klaus","description":"Ihr Gebrauchtteile Spezialist f\u00fcr die Marken Audi, VW (VAG)","publisher":{"@id":"https:\/\/audi-klaus.at\/shop\/#organization"},"potentialAction":[{"@type":"SearchAction","target":{"@type":"EntryPoint","urlTemplate":"https:\/\/audi-klaus.at\/shop\/?s={search_term_string}"},"query-input":{"@type":"PropertyValueSpecification","valueRequired":true,"valueName":"search_term_string"}}],"inLanguage":"de-AT"},{"@type":"Organization","@id":"https:\/\/audi-klaus.at\/shop\/#organization","name":"Audi-Klaus","url":"https:\/\/audi-klaus.at\/shop\/","logo":{"@type":"ImageObject","inLanguage":"de-AT","@id":"https:\/\/audi-klaus.at\/shop\/#\/schema\/logo\/image\/","url":"https:\/\/audi-klaus.at\/shop\/wp-content\/uploads\/2024\/10\/Logo-Shop.webp","contentUrl":"https:\/\/audi-klaus.at\/shop\/wp-content\/uploads\/2024\/10\/Logo-Shop.webp","width":470,"height":164,"caption":"Audi-Klaus"},"image":{"@id":"https:\/\/audi-klaus.at\/shop\/#\/schema\/logo\/image\/"},"sameAs":["https:\/\/www.facebook.com\/audi.klaus.1312\/","https:\/\/www.instagram.com\/audi_klaus\/?igshid=1eca3qu2mdayg"]}]}},"_links":{"self":[{"href":"https:\/\/audi-klaus.at\/shop\/wp-json\/wp\/v2\/product\/34397","targetHints":{"allow":["GET"]}}],"collection":[{"href":"https:\/\/audi-klaus.at\/shop\/wp-json\/wp\/v2\/product"}],"about":[{"href":"https:\/\/audi-klaus.at\/shop\/wp-json\/wp\/v2\/types\/product"}],"wp:featuredmedia":[{"embeddable":true,"href":"https:\/\/audi-klaus.at\/shop\/wp-json\/wp\/v2\/media\/34158"}],"wp:attachment":[{"href":"https:\/\/audi-klaus.at\/shop\/wp-json\/wp\/v2\/media?parent=34397"}],"wp:term":[{"taxonomy":"product_brand","embeddable":true,"href":"https:\/\/audi-klaus.at\/shop\/wp-json\/wp\/v2\/product_brand?post=34397"},{"taxonomy":"product_cat","embeddable":true,"href":"https:\/\/audi-klaus.at\/shop\/wp-json\/wp\/v2\/product_cat?post=34397"},{"taxonomy":"product_tag","embeddable":true,"href":"https:\/\/audi-klaus.at\/shop\/wp-json\/wp\/v2\/product_tag?post=34397"}],"curies":[{"name":"wp","href":"https:\/\/api.w.org\/{rel}","templated":true}]}}