{"id":33423,"date":"2022-04-01T12:37:06","date_gmt":"2022-04-01T10:37:06","guid":{"rendered":"http:\/\/audi-klaus.at.server171-han.server-routing.com\/shop\/?post_type=product&#038;p=33423"},"modified":"2026-01-07T21:47:19","modified_gmt":"2026-01-07T20:47:19","slug":"audi-80-90-cabrio-coupe-100-a6-200-oelwanne-ueberholt-054103603b","status":"publish","type":"product","link":"https:\/\/audi-klaus.at\/shop\/produkt\/audi-80-90-cabrio-coupe-100-a6-200-oelwanne-ueberholt-054103603b\/","title":{"rendered":"Audi 80\/90\/Cabrio\/Coupe\/100\/A6\/200 \u00d6lwanne \u00fcberholt 054103603B"},"content":{"rendered":"<h5><span style=\"color: #060606;font-size: 10pt\"><strong>VAG Teilenummer<\/strong>: 054 103 603B<\/span><\/h5>\n<h5><span style=\"color: #060606;font-size: 10pt\"><strong>Zustand:<\/strong>\u00a0\u00fcberholt<\/span><\/h5>\n<h5><span style=\"color: #060606;font-size: 10pt\"><strong>Lieferumfang:<\/strong>\u00a0wie in den Original-Abbildungen angegeben<\/span><\/h5>\n<h5><span style=\"color: #060606;font-size: 10pt\"><strong>Hinweis:<\/strong>\u00a0Bitte \u00fcberpr\u00fcfen Sie vor dem Kauf anhand der eindeutigen Teilenummern, ob der Artikel \u00a0zum Fahrzeug passt, um R\u00fccksendungen zu vermeiden! Trotz Angabe der entsprechenden Fahrzeugdaten ist eine eindeutige Zuordnung nur \u00fcber die Teilenummer m\u00f6glich! Die abgelesene Teilenummer ist die Teilenummer des Teils, welches geliefert wird. Die Originalteilnummer ist diejenige, die bei Neubestellung f\u00fcr dieses Teil gilt und der m\u00f6glicherweise abweichenden, gelieferten Teilenummer entspricht. Sollten weitere Fragen offen sein, kontaktieren Sie uns bitte unter office@audi-klaus.at<\/span><\/h5>\n","protected":false},"excerpt":{"rendered":"<h5><strong><span style=\"font-size: 18pt\">Marke: Audi<\/span><\/strong><\/h5>\n<h5><strong><span style=\"font-size: 18pt\">Modell:\u00a080\/90\/Cabrio\/Coupe\/100\/A6\/200<\/span><\/strong><\/h5>\n<h5><strong><span style=\"font-size: 18pt\">Typ: B3\/B4\/C4\/44\/43<\/span><\/strong><\/h5>\n<h5><strong><span style=\"font-size: 18pt\">5 Zylinder Benzin<\/span><\/strong><\/h5>\n<h5><strong><span style=\"font-size: 18pt\">\u00d6lwanne gestrahlt &amp; lackiert<\/span><\/strong><\/h5>\n<h5><strong><span style=\"font-size: 18pt\">Austausch gegen ihre alte angerostete, <\/span><\/strong><span style=\"font-size: 18pt\"><strong>gebrauchte\u00a0<\/strong><\/span><\/h5>\n<h5><strong><span style=\"font-size: 18pt\">aber nicht durchgerostete \u00d6lwanne m\u00f6glich kontaktieren Sie uns einfach.<\/span><\/strong><\/h5>\n<h5><strong><span style=\"font-size: 18pt\">office@audi-klaus.at<\/span><\/strong><\/h5>\n","protected":false},"featured_media":33425,"template":"","meta":[],"product_brand":[],"product_cat":[387,78,224,389,81,234,399,82,244,586,83,264,591,84,325,2757,85,335,2776,87,345,155,372,169,385,170,386,32,171],"product_tag":[10741,10742],"class_list":{"0":"post-33423","1":"product","2":"type-product","3":"status-publish","4":"has-post-thumbnail","6":"product_cat-c3-typ44-1983-1991","7":"product_cat-78","8":"product_cat-motor-getriebe-b3-86","9":"product_cat-motor-getriebe-c2-1979-1982","10":"product_cat-b3-86","11":"product_cat-motor-getriebe-b4-91","12":"product_cat-motor-getriebe-c2-1983-1991","13":"product_cat-b4-91","14":"product_cat-motor-getriebe-typ89","15":"product_cat-c4-4a-1994-1997","16":"product_cat-cabrio80","17":"product_cat-motor-getriebe-b3-80","18":"product_cat-motor-getriebe-c4-1994-1997","19":"product_cat-typ89","20":"product_cat-motor-getriebe-c2-1976-1982","21":"product_cat-b4","22":"product_cat-coupe80","23":"product_cat-motor-getriebe-c3-1982-1990","24":"product_cat-motor-getriebe-b4","25":"product_cat-b3-typ89-80","26":"product_cat-motor-getriebe-c4-1991-1994","27":"product_cat-155","28":"product_cat-a6","29":"product_cat-c2-typ43-1976-1982","30":"product_cat-385","31":"product_cat-c3-typ44-1982-1990","32":"product_cat-c2-typ43-1979-1982","33":"product_cat-audi","34":"product_cat-c4-1991-1994","35":"product_tag-054103603b","36":"product_tag-10742","38":"first","39":"outofstock","40":"taxable","41":"shipping-taxable","42":"purchasable","43":"product-type-simple"},"yoast_head":"<!-- This site is optimized with the Yoast SEO plugin v27.5 - https:\/\/yoast.com\/product\/yoast-seo-wordpress\/ -->\n<title>Audi 80\/90\/Cabrio\/Coupe\/100\/A6\/200 \u00d6lwanne \u00fcberholt 054103603B - Audi-Klaus<\/title>\n<meta name=\"robots\" content=\"index, follow, max-snippet:-1, max-image-preview:large, max-video-preview:-1\" \/>\n<link rel=\"canonical\" href=\"https:\/\/audi-klaus.at\/shop\/produkt\/audi-80-90-cabrio-coupe-100-a6-200-oelwanne-ueberholt-054103603b\/\" \/>\n<meta property=\"og:locale\" content=\"de_DE\" \/>\n<meta property=\"og:type\" content=\"article\" \/>\n<meta property=\"og:title\" content=\"Audi 80\/90\/Cabrio\/Coupe\/100\/A6\/200 \u00d6lwanne \u00fcberholt 054103603B - Audi-Klaus\" \/>\n<meta property=\"og:description\" content=\"Marke: Audi Modell:\u00a080\/90\/Cabrio\/Coupe\/100\/A6\/200 Typ: B3\/B4\/C4\/44\/43 5 Zylinder Benzin \u00d6lwanne gestrahlt &amp; lackiert Austausch gegen ihre alte angerostete, gebrauchte\u00a0 aber nicht durchgerostete \u00d6lwanne m\u00f6glich kontaktieren Sie uns einfach. office@audi-klaus.at\" \/>\n<meta property=\"og:url\" content=\"https:\/\/audi-klaus.at\/shop\/produkt\/audi-80-90-cabrio-coupe-100-a6-200-oelwanne-ueberholt-054103603b\/\" \/>\n<meta property=\"og:site_name\" content=\"Audi-Klaus\" \/>\n<meta property=\"article:publisher\" content=\"https:\/\/www.facebook.com\/audi.klaus.1312\/\" \/>\n<meta property=\"article:modified_time\" content=\"2026-01-07T20:47:19+00:00\" \/>\n<meta property=\"og:image\" content=\"https:\/\/audi-klaus.at\/shop\/wp-content\/uploads\/2022\/04\/M1200-2.jpg\" \/>\n\t<meta property=\"og:image:width\" content=\"314\" \/>\n\t<meta property=\"og:image:height\" content=\"418\" \/>\n\t<meta property=\"og:image:type\" content=\"image\/jpeg\" \/>\n<meta name=\"twitter:card\" content=\"summary_large_image\" \/>\n<script type=\"application\/ld+json\" class=\"yoast-schema-graph\">{\"@context\":\"https:\\\/\\\/schema.org\",\"@graph\":[{\"@type\":\"WebPage\",\"@id\":\"https:\\\/\\\/audi-klaus.at\\\/shop\\\/produkt\\\/audi-80-90-cabrio-coupe-100-a6-200-oelwanne-ueberholt-054103603b\\\/\",\"url\":\"https:\\\/\\\/audi-klaus.at\\\/shop\\\/produkt\\\/audi-80-90-cabrio-coupe-100-a6-200-oelwanne-ueberholt-054103603b\\\/\",\"name\":\"Audi 80\\\/90\\\/Cabrio\\\/Coupe\\\/100\\\/A6\\\/200 \u00d6lwanne \u00fcberholt 054103603B - Audi-Klaus\",\"isPartOf\":{\"@id\":\"https:\\\/\\\/audi-klaus.at\\\/shop\\\/#website\"},\"primaryImageOfPage\":{\"@id\":\"https:\\\/\\\/audi-klaus.at\\\/shop\\\/produkt\\\/audi-80-90-cabrio-coupe-100-a6-200-oelwanne-ueberholt-054103603b\\\/#primaryimage\"},\"image\":{\"@id\":\"https:\\\/\\\/audi-klaus.at\\\/shop\\\/produkt\\\/audi-80-90-cabrio-coupe-100-a6-200-oelwanne-ueberholt-054103603b\\\/#primaryimage\"},\"thumbnailUrl\":\"https:\\\/\\\/audi-klaus.at\\\/shop\\\/wp-content\\\/uploads\\\/2022\\\/04\\\/M1200-2.jpg\",\"datePublished\":\"2022-04-01T10:37:06+00:00\",\"dateModified\":\"2026-01-07T20:47:19+00:00\",\"breadcrumb\":{\"@id\":\"https:\\\/\\\/audi-klaus.at\\\/shop\\\/produkt\\\/audi-80-90-cabrio-coupe-100-a6-200-oelwanne-ueberholt-054103603b\\\/#breadcrumb\"},\"inLanguage\":\"de-AT\",\"potentialAction\":[{\"@type\":\"ReadAction\",\"target\":[\"https:\\\/\\\/audi-klaus.at\\\/shop\\\/produkt\\\/audi-80-90-cabrio-coupe-100-a6-200-oelwanne-ueberholt-054103603b\\\/\"]}]},{\"@type\":\"ImageObject\",\"inLanguage\":\"de-AT\",\"@id\":\"https:\\\/\\\/audi-klaus.at\\\/shop\\\/produkt\\\/audi-80-90-cabrio-coupe-100-a6-200-oelwanne-ueberholt-054103603b\\\/#primaryimage\",\"url\":\"https:\\\/\\\/audi-klaus.at\\\/shop\\\/wp-content\\\/uploads\\\/2022\\\/04\\\/M1200-2.jpg\",\"contentUrl\":\"https:\\\/\\\/audi-klaus.at\\\/shop\\\/wp-content\\\/uploads\\\/2022\\\/04\\\/M1200-2.jpg\",\"width\":314,\"height\":418},{\"@type\":\"BreadcrumbList\",\"@id\":\"https:\\\/\\\/audi-klaus.at\\\/shop\\\/produkt\\\/audi-80-90-cabrio-coupe-100-a6-200-oelwanne-ueberholt-054103603b\\\/#breadcrumb\",\"itemListElement\":[{\"@type\":\"ListItem\",\"position\":1,\"name\":\"Startseite\",\"item\":\"https:\\\/\\\/audi-klaus.at\\\/shop\\\/\"},{\"@type\":\"ListItem\",\"position\":2,\"name\":\"Shop\",\"item\":\"https:\\\/\\\/audi-klaus.at\\\/shop\\\/\"},{\"@type\":\"ListItem\",\"position\":3,\"name\":\"Audi 80\\\/90\\\/Cabrio\\\/Coupe\\\/100\\\/A6\\\/200 \u00d6lwanne \u00fcberholt 054103603B\"}]},{\"@type\":\"WebSite\",\"@id\":\"https:\\\/\\\/audi-klaus.at\\\/shop\\\/#website\",\"url\":\"https:\\\/\\\/audi-klaus.at\\\/shop\\\/\",\"name\":\"Audi-Klaus\",\"description\":\"Ihr Gebrauchtteile Spezialist f\u00fcr die Marken Audi, VW (VAG)\",\"publisher\":{\"@id\":\"https:\\\/\\\/audi-klaus.at\\\/shop\\\/#organization\"},\"potentialAction\":[{\"@type\":\"SearchAction\",\"target\":{\"@type\":\"EntryPoint\",\"urlTemplate\":\"https:\\\/\\\/audi-klaus.at\\\/shop\\\/?s={search_term_string}\"},\"query-input\":{\"@type\":\"PropertyValueSpecification\",\"valueRequired\":true,\"valueName\":\"search_term_string\"}}],\"inLanguage\":\"de-AT\"},{\"@type\":\"Organization\",\"@id\":\"https:\\\/\\\/audi-klaus.at\\\/shop\\\/#organization\",\"name\":\"Audi-Klaus\",\"url\":\"https:\\\/\\\/audi-klaus.at\\\/shop\\\/\",\"logo\":{\"@type\":\"ImageObject\",\"inLanguage\":\"de-AT\",\"@id\":\"https:\\\/\\\/audi-klaus.at\\\/shop\\\/#\\\/schema\\\/logo\\\/image\\\/\",\"url\":\"https:\\\/\\\/audi-klaus.at\\\/shop\\\/wp-content\\\/uploads\\\/2024\\\/10\\\/Logo-Shop.webp\",\"contentUrl\":\"https:\\\/\\\/audi-klaus.at\\\/shop\\\/wp-content\\\/uploads\\\/2024\\\/10\\\/Logo-Shop.webp\",\"width\":470,\"height\":164,\"caption\":\"Audi-Klaus\"},\"image\":{\"@id\":\"https:\\\/\\\/audi-klaus.at\\\/shop\\\/#\\\/schema\\\/logo\\\/image\\\/\"},\"sameAs\":[\"https:\\\/\\\/www.facebook.com\\\/audi.klaus.1312\\\/\",\"https:\\\/\\\/www.instagram.com\\\/audi_klaus\\\/?igshid=1eca3qu2mdayg\"]}]}<\/script>\n<!-- \/ Yoast SEO plugin. -->","yoast_head_json":{"title":"Audi 80\/90\/Cabrio\/Coupe\/100\/A6\/200 \u00d6lwanne \u00fcberholt 054103603B - Audi-Klaus","robots":{"index":"index","follow":"follow","max-snippet":"max-snippet:-1","max-image-preview":"max-image-preview:large","max-video-preview":"max-video-preview:-1"},"canonical":"https:\/\/audi-klaus.at\/shop\/produkt\/audi-80-90-cabrio-coupe-100-a6-200-oelwanne-ueberholt-054103603b\/","og_locale":"de_DE","og_type":"article","og_title":"Audi 80\/90\/Cabrio\/Coupe\/100\/A6\/200 \u00d6lwanne \u00fcberholt 054103603B - Audi-Klaus","og_description":"Marke: Audi Modell:\u00a080\/90\/Cabrio\/Coupe\/100\/A6\/200 Typ: B3\/B4\/C4\/44\/43 5 Zylinder Benzin \u00d6lwanne gestrahlt &amp; lackiert Austausch gegen ihre alte angerostete, gebrauchte\u00a0 aber nicht durchgerostete \u00d6lwanne m\u00f6glich kontaktieren Sie uns einfach. office@audi-klaus.at","og_url":"https:\/\/audi-klaus.at\/shop\/produkt\/audi-80-90-cabrio-coupe-100-a6-200-oelwanne-ueberholt-054103603b\/","og_site_name":"Audi-Klaus","article_publisher":"https:\/\/www.facebook.com\/audi.klaus.1312\/","article_modified_time":"2026-01-07T20:47:19+00:00","og_image":[{"width":314,"height":418,"url":"https:\/\/audi-klaus.at\/shop\/wp-content\/uploads\/2022\/04\/M1200-2.jpg","type":"image\/jpeg"}],"twitter_card":"summary_large_image","schema":{"@context":"https:\/\/schema.org","@graph":[{"@type":"WebPage","@id":"https:\/\/audi-klaus.at\/shop\/produkt\/audi-80-90-cabrio-coupe-100-a6-200-oelwanne-ueberholt-054103603b\/","url":"https:\/\/audi-klaus.at\/shop\/produkt\/audi-80-90-cabrio-coupe-100-a6-200-oelwanne-ueberholt-054103603b\/","name":"Audi 80\/90\/Cabrio\/Coupe\/100\/A6\/200 \u00d6lwanne \u00fcberholt 054103603B - Audi-Klaus","isPartOf":{"@id":"https:\/\/audi-klaus.at\/shop\/#website"},"primaryImageOfPage":{"@id":"https:\/\/audi-klaus.at\/shop\/produkt\/audi-80-90-cabrio-coupe-100-a6-200-oelwanne-ueberholt-054103603b\/#primaryimage"},"image":{"@id":"https:\/\/audi-klaus.at\/shop\/produkt\/audi-80-90-cabrio-coupe-100-a6-200-oelwanne-ueberholt-054103603b\/#primaryimage"},"thumbnailUrl":"https:\/\/audi-klaus.at\/shop\/wp-content\/uploads\/2022\/04\/M1200-2.jpg","datePublished":"2022-04-01T10:37:06+00:00","dateModified":"2026-01-07T20:47:19+00:00","breadcrumb":{"@id":"https:\/\/audi-klaus.at\/shop\/produkt\/audi-80-90-cabrio-coupe-100-a6-200-oelwanne-ueberholt-054103603b\/#breadcrumb"},"inLanguage":"de-AT","potentialAction":[{"@type":"ReadAction","target":["https:\/\/audi-klaus.at\/shop\/produkt\/audi-80-90-cabrio-coupe-100-a6-200-oelwanne-ueberholt-054103603b\/"]}]},{"@type":"ImageObject","inLanguage":"de-AT","@id":"https:\/\/audi-klaus.at\/shop\/produkt\/audi-80-90-cabrio-coupe-100-a6-200-oelwanne-ueberholt-054103603b\/#primaryimage","url":"https:\/\/audi-klaus.at\/shop\/wp-content\/uploads\/2022\/04\/M1200-2.jpg","contentUrl":"https:\/\/audi-klaus.at\/shop\/wp-content\/uploads\/2022\/04\/M1200-2.jpg","width":314,"height":418},{"@type":"BreadcrumbList","@id":"https:\/\/audi-klaus.at\/shop\/produkt\/audi-80-90-cabrio-coupe-100-a6-200-oelwanne-ueberholt-054103603b\/#breadcrumb","itemListElement":[{"@type":"ListItem","position":1,"name":"Startseite","item":"https:\/\/audi-klaus.at\/shop\/"},{"@type":"ListItem","position":2,"name":"Shop","item":"https:\/\/audi-klaus.at\/shop\/"},{"@type":"ListItem","position":3,"name":"Audi 80\/90\/Cabrio\/Coupe\/100\/A6\/200 \u00d6lwanne \u00fcberholt 054103603B"}]},{"@type":"WebSite","@id":"https:\/\/audi-klaus.at\/shop\/#website","url":"https:\/\/audi-klaus.at\/shop\/","name":"Audi-Klaus","description":"Ihr Gebrauchtteile Spezialist f\u00fcr die Marken Audi, VW (VAG)","publisher":{"@id":"https:\/\/audi-klaus.at\/shop\/#organization"},"potentialAction":[{"@type":"SearchAction","target":{"@type":"EntryPoint","urlTemplate":"https:\/\/audi-klaus.at\/shop\/?s={search_term_string}"},"query-input":{"@type":"PropertyValueSpecification","valueRequired":true,"valueName":"search_term_string"}}],"inLanguage":"de-AT"},{"@type":"Organization","@id":"https:\/\/audi-klaus.at\/shop\/#organization","name":"Audi-Klaus","url":"https:\/\/audi-klaus.at\/shop\/","logo":{"@type":"ImageObject","inLanguage":"de-AT","@id":"https:\/\/audi-klaus.at\/shop\/#\/schema\/logo\/image\/","url":"https:\/\/audi-klaus.at\/shop\/wp-content\/uploads\/2024\/10\/Logo-Shop.webp","contentUrl":"https:\/\/audi-klaus.at\/shop\/wp-content\/uploads\/2024\/10\/Logo-Shop.webp","width":470,"height":164,"caption":"Audi-Klaus"},"image":{"@id":"https:\/\/audi-klaus.at\/shop\/#\/schema\/logo\/image\/"},"sameAs":["https:\/\/www.facebook.com\/audi.klaus.1312\/","https:\/\/www.instagram.com\/audi_klaus\/?igshid=1eca3qu2mdayg"]}]}},"_links":{"self":[{"href":"https:\/\/audi-klaus.at\/shop\/wp-json\/wp\/v2\/product\/33423","targetHints":{"allow":["GET"]}}],"collection":[{"href":"https:\/\/audi-klaus.at\/shop\/wp-json\/wp\/v2\/product"}],"about":[{"href":"https:\/\/audi-klaus.at\/shop\/wp-json\/wp\/v2\/types\/product"}],"wp:featuredmedia":[{"embeddable":true,"href":"https:\/\/audi-klaus.at\/shop\/wp-json\/wp\/v2\/media\/33425"}],"wp:attachment":[{"href":"https:\/\/audi-klaus.at\/shop\/wp-json\/wp\/v2\/media?parent=33423"}],"wp:term":[{"taxonomy":"product_brand","embeddable":true,"href":"https:\/\/audi-klaus.at\/shop\/wp-json\/wp\/v2\/product_brand?post=33423"},{"taxonomy":"product_cat","embeddable":true,"href":"https:\/\/audi-klaus.at\/shop\/wp-json\/wp\/v2\/product_cat?post=33423"},{"taxonomy":"product_tag","embeddable":true,"href":"https:\/\/audi-klaus.at\/shop\/wp-json\/wp\/v2\/product_tag?post=33423"}],"curies":[{"name":"wp","href":"https:\/\/api.w.org\/{rel}","templated":true}]}}