{"id":32630,"date":"2022-03-29T13:42:38","date_gmt":"2022-03-29T11:42:38","guid":{"rendered":"http:\/\/audi-klaus.at.server171-han.server-routing.com\/shop\/?post_type=product&#038;p=32630"},"modified":"2026-01-07T21:47:03","modified_gmt":"2026-01-07T20:47:03","slug":"audi-q3-a3-a4-a6-a8-8p-b8-c6-d3-spiegelverkleidung-rechts-chrom-neu-tyc-13297212","status":"publish","type":"product","link":"https:\/\/audi-klaus.at\/shop\/produkt\/audi-q3-a3-a4-a6-a8-8p-b8-c6-d3-spiegelverkleidung-rechts-chrom-neu-tyc-13297212\/","title":{"rendered":"Audi Q3\/A3\/A4\/A5\/A6\/A8\/8P\/B8\/C6\/D3 Spiegelverkleidung rechts Chrom NEU TYC 13297212 Vergleichsnr.:  8T0857528A"},"content":{"rendered":"<p><strong><span style=\"color: #000000;\"><span style=\"font-family: Source Sans Pro, sans-serif;\"><span style=\"font-size: medium;\"><b>VAG Teilenummer<\/b><\/span><\/span><\/span><\/strong><span style=\"color: #000000;\"><span style=\"font-family: Source Sans Pro, sans-serif;\"><span style=\"font-size: medium;\"><b>:<\/b><\/span><\/span><\/span> 132 972 12<span style=\"font-family: Source Sans Pro, sans-serif;\"><span style=\"font-size: medium;\"><br \/>\n<\/span><\/span><strong><span style=\"color: #000000;\"><span style=\"font-family: Source Sans Pro, sans-serif;\"><span style=\"font-size: medium;\"><b>Zustand:<\/b><\/span><\/span><\/span><\/strong><span style=\"color: #000000;\"><span style=\"font-family: Source Sans Pro, sans-serif;\"><span style=\"font-size: medium;\"> Neu<\/span><\/span><\/span><span style=\"font-family: Source Sans Pro, sans-serif;\"><span style=\"font-size: medium;\"><br \/>\n<\/span><\/span><strong><span style=\"color: #000000;\"><span style=\"font-family: Source Sans Pro, sans-serif;\"><span style=\"font-size: medium;\"><b>Lieferumfang:<\/b><\/span><\/span><\/span><\/strong> <span style=\"color: #000000;\"><span style=\"font-family: Source Sans Pro, sans-serif;\"><span style=\"font-size: medium;\">wie in den Original-Abbildungen angegeben<\/span><\/span><\/span><span style=\"font-family: Source Sans Pro, sans-serif;\"><span style=\"font-size: medium;\"><br \/>\n<\/span><\/span><span style=\"color: #000000;\"><span style=\"font-family: Source Sans Pro, sans-serif;\"><span style=\"font-size: medium;\">Hinweis: Bitte \u00fcberpr\u00fcfen Sie vor dem Kauf anhand der eindeutigen Teilenummern, ob der Artikel zum Fahrzeug passt, um R\u00fccksendungen zu vermeiden! Trotz Angabe der entsprechenden Fahrzeugdaten ist eine eindeutige Zuordnung nur \u00fcber die Teilenummer m\u00f6glich! Die abgelesene Teilenummer ist die Teilenummer des Teils, welches geliefert wird. Die Originalteilnummer ist diejenige, die bei Neubestellung f\u00fcr dieses Teil gilt und der m\u00f6glicherweise abweichenden, gelieferten Teilenummer entspricht. Sollten weitere Fragen offen sein, kontaktieren Sie uns bitte unter <\/span><\/span><\/span><a href=\"mailto:office@audi-klaus.at\"><span style=\"font-family: Source Sans Pro, sans-serif;\"><span style=\"font-size: medium;\">office@audi-klaus.at<\/span><\/span><\/a><\/p>\n","protected":false},"excerpt":{"rendered":"<h5><strong><span style=\"font-size: 18pt;\">Marke: Audi\u00a0<\/span><\/strong><\/h5>\n<h5><strong><span style=\"font-size: 18pt;\">Modell: A3\/A4\/A5\/A6\/A8\/Q3<\/span><\/strong><\/h5>\n<h5><strong><span style=\"font-size: 18pt;\">Typ:8P\/B8\/C6\/D3<\/span><\/strong><\/h5>\n","protected":false},"featured_media":32632,"template":"","meta":[],"product_brand":[],"product_cat":[500,1042,541,2500,32,553,369,554,370,564,371,574,372,588,374,619,376,950,454,953,475,1002],"product_tag":[10460,31963],"class_list":{"0":"post-32630","1":"product","2":"type-product","3":"status-publish","4":"has-post-thumbnail","6":"product_cat-b8-2007-2015","7":"product_cat-karosserie-8v-2011-2018","8":"product_cat-karosserie-b8-2007-2015","9":"product_cat-aktion","10":"product_cat-audi","11":"product_cat-8t-2007-2016","12":"product_cat-a3","13":"product_cat-8f-2009-2016","14":"product_cat-a4","15":"product_cat-karosserie-8f-2009-2016","16":"product_cat-a5","17":"product_cat-karosserie-8t-2007-2016","18":"product_cat-a6","19":"product_cat-c6-4f-2004-2011","20":"product_cat-a8","21":"product_cat-karosserie-c6-2004-2011","22":"product_cat-q3","23":"product_cat-d3-4e-2002-2009","24":"product_cat-8p-2003-2013","25":"product_cat-8v-2011-2018","26":"product_cat-karosserie-8p-2003-2013","27":"product_cat-karosserie-d3-2002-2009","28":"product_tag-10460","29":"product_tag-8t0857528a","31":"first","32":"instock","33":"sale","34":"taxable","35":"shipping-taxable","36":"purchasable","37":"product-type-simple"},"yoast_head":"<!-- This site is optimized with the Yoast SEO plugin v27.4 - https:\/\/yoast.com\/product\/yoast-seo-wordpress\/ -->\n<title>Audi Q3\/A3\/A4\/A5\/A6\/A8\/8P\/B8\/C6\/D3 Spiegelverkleidung rechts Chrom NEU TYC 13297212 Vergleichsnr.: 8T0857528A - Audi-Klaus<\/title>\n<meta name=\"description\" content=\"Audi Q3\/A3\/A4\/A6\/A8\/8P\/B8\/C6\/D3 Spiegelverkleidung rechts Chrom NEU TYC 13297212 Vergleichsnr.: 8T0857528A Audi Q3\/A3\/A4\/A5\/A6\/A8\/8P\/B8\/C6\/D3 Spiegelverkleidung rechts Chrom NEU TYC 13297212 Vergleichsnr.: 8T0857528A Audi-Klaus\" \/>\n<meta name=\"robots\" content=\"index, follow, max-snippet:-1, max-image-preview:large, max-video-preview:-1\" \/>\n<link rel=\"canonical\" href=\"https:\/\/audi-klaus.at\/shop\/produkt\/audi-q3-a3-a4-a6-a8-8p-b8-c6-d3-spiegelverkleidung-rechts-chrom-neu-tyc-13297212\/\" \/>\n<meta property=\"og:locale\" content=\"de_DE\" \/>\n<meta property=\"og:type\" content=\"article\" \/>\n<meta property=\"og:title\" content=\"Audi Q3\/A3\/A4\/A5\/A6\/A8\/8P\/B8\/C6\/D3 Spiegelverkleidung rechts Chrom NEU TYC 13297212 Vergleichsnr.: 8T0857528A - Audi-Klaus\" \/>\n<meta property=\"og:description\" content=\"Audi Q3\/A3\/A4\/A6\/A8\/8P\/B8\/C6\/D3 Spiegelverkleidung rechts Chrom NEU TYC 13297212 Vergleichsnr.: 8T0857528A Audi Q3\/A3\/A4\/A5\/A6\/A8\/8P\/B8\/C6\/D3 Spiegelverkleidung rechts Chrom NEU TYC 13297212 Vergleichsnr.: 8T0857528A Audi-Klaus\" \/>\n<meta property=\"og:url\" content=\"https:\/\/audi-klaus.at\/shop\/produkt\/audi-q3-a3-a4-a6-a8-8p-b8-c6-d3-spiegelverkleidung-rechts-chrom-neu-tyc-13297212\/\" \/>\n<meta property=\"og:site_name\" content=\"Audi-Klaus\" \/>\n<meta property=\"article:publisher\" content=\"https:\/\/www.facebook.com\/audi.klaus.1312\/\" \/>\n<meta property=\"article:modified_time\" content=\"2026-01-07T20:47:03+00:00\" \/>\n<meta property=\"og:image\" content=\"https:\/\/audi-klaus.at\/shop\/wp-content\/uploads\/2022\/03\/k1555-4.jpeg\" \/>\n\t<meta property=\"og:image:width\" content=\"430\" \/>\n\t<meta property=\"og:image:height\" content=\"430\" \/>\n\t<meta property=\"og:image:type\" content=\"image\/jpeg\" \/>\n<meta name=\"twitter:card\" content=\"summary_large_image\" \/>\n<meta name=\"twitter:label1\" content=\"Gesch\u00e4tzte Lesezeit\" \/>\n\t<meta name=\"twitter:data1\" content=\"1 Minute\" \/>\n<script type=\"application\/ld+json\" class=\"yoast-schema-graph\">{\"@context\":\"https:\\\/\\\/schema.org\",\"@graph\":[{\"@type\":\"WebPage\",\"@id\":\"https:\\\/\\\/audi-klaus.at\\\/shop\\\/produkt\\\/audi-q3-a3-a4-a6-a8-8p-b8-c6-d3-spiegelverkleidung-rechts-chrom-neu-tyc-13297212\\\/\",\"url\":\"https:\\\/\\\/audi-klaus.at\\\/shop\\\/produkt\\\/audi-q3-a3-a4-a6-a8-8p-b8-c6-d3-spiegelverkleidung-rechts-chrom-neu-tyc-13297212\\\/\",\"name\":\"Audi Q3\\\/A3\\\/A4\\\/A5\\\/A6\\\/A8\\\/8P\\\/B8\\\/C6\\\/D3 Spiegelverkleidung rechts Chrom NEU TYC 13297212 Vergleichsnr.: 8T0857528A - Audi-Klaus\",\"isPartOf\":{\"@id\":\"https:\\\/\\\/audi-klaus.at\\\/shop\\\/#website\"},\"primaryImageOfPage\":{\"@id\":\"https:\\\/\\\/audi-klaus.at\\\/shop\\\/produkt\\\/audi-q3-a3-a4-a6-a8-8p-b8-c6-d3-spiegelverkleidung-rechts-chrom-neu-tyc-13297212\\\/#primaryimage\"},\"image\":{\"@id\":\"https:\\\/\\\/audi-klaus.at\\\/shop\\\/produkt\\\/audi-q3-a3-a4-a6-a8-8p-b8-c6-d3-spiegelverkleidung-rechts-chrom-neu-tyc-13297212\\\/#primaryimage\"},\"thumbnailUrl\":\"https:\\\/\\\/audi-klaus.at\\\/shop\\\/wp-content\\\/uploads\\\/2022\\\/03\\\/k1555-4.jpeg\",\"datePublished\":\"2022-03-29T11:42:38+00:00\",\"dateModified\":\"2026-01-07T20:47:03+00:00\",\"description\":\"Audi Q3\\\/A3\\\/A4\\\/A6\\\/A8\\\/8P\\\/B8\\\/C6\\\/D3 Spiegelverkleidung rechts Chrom NEU TYC 13297212 Vergleichsnr.: 8T0857528A Audi Q3\\\/A3\\\/A4\\\/A5\\\/A6\\\/A8\\\/8P\\\/B8\\\/C6\\\/D3 Spiegelverkleidung rechts Chrom NEU TYC 13297212 Vergleichsnr.: 8T0857528A Audi-Klaus\",\"breadcrumb\":{\"@id\":\"https:\\\/\\\/audi-klaus.at\\\/shop\\\/produkt\\\/audi-q3-a3-a4-a6-a8-8p-b8-c6-d3-spiegelverkleidung-rechts-chrom-neu-tyc-13297212\\\/#breadcrumb\"},\"inLanguage\":\"de-AT\",\"potentialAction\":[{\"@type\":\"ReadAction\",\"target\":[\"https:\\\/\\\/audi-klaus.at\\\/shop\\\/produkt\\\/audi-q3-a3-a4-a6-a8-8p-b8-c6-d3-spiegelverkleidung-rechts-chrom-neu-tyc-13297212\\\/\"]}]},{\"@type\":\"ImageObject\",\"inLanguage\":\"de-AT\",\"@id\":\"https:\\\/\\\/audi-klaus.at\\\/shop\\\/produkt\\\/audi-q3-a3-a4-a6-a8-8p-b8-c6-d3-spiegelverkleidung-rechts-chrom-neu-tyc-13297212\\\/#primaryimage\",\"url\":\"https:\\\/\\\/audi-klaus.at\\\/shop\\\/wp-content\\\/uploads\\\/2022\\\/03\\\/k1555-4.jpeg\",\"contentUrl\":\"https:\\\/\\\/audi-klaus.at\\\/shop\\\/wp-content\\\/uploads\\\/2022\\\/03\\\/k1555-4.jpeg\",\"width\":430,\"height\":430},{\"@type\":\"BreadcrumbList\",\"@id\":\"https:\\\/\\\/audi-klaus.at\\\/shop\\\/produkt\\\/audi-q3-a3-a4-a6-a8-8p-b8-c6-d3-spiegelverkleidung-rechts-chrom-neu-tyc-13297212\\\/#breadcrumb\",\"itemListElement\":[{\"@type\":\"ListItem\",\"position\":1,\"name\":\"Startseite\",\"item\":\"https:\\\/\\\/audi-klaus.at\\\/shop\\\/\"},{\"@type\":\"ListItem\",\"position\":2,\"name\":\"Shop\",\"item\":\"https:\\\/\\\/audi-klaus.at\\\/shop\\\/\"},{\"@type\":\"ListItem\",\"position\":3,\"name\":\"Audi Q3\\\/A3\\\/A4\\\/A5\\\/A6\\\/A8\\\/8P\\\/B8\\\/C6\\\/D3 Spiegelverkleidung rechts Chrom NEU TYC 13297212 Vergleichsnr.: 8T0857528A\"}]},{\"@type\":\"WebSite\",\"@id\":\"https:\\\/\\\/audi-klaus.at\\\/shop\\\/#website\",\"url\":\"https:\\\/\\\/audi-klaus.at\\\/shop\\\/\",\"name\":\"Audi-Klaus\",\"description\":\"Ihr Gebrauchtteile Spezialist f\u00fcr die Marken Audi, VW (VAG)\",\"publisher\":{\"@id\":\"https:\\\/\\\/audi-klaus.at\\\/shop\\\/#organization\"},\"potentialAction\":[{\"@type\":\"SearchAction\",\"target\":{\"@type\":\"EntryPoint\",\"urlTemplate\":\"https:\\\/\\\/audi-klaus.at\\\/shop\\\/?s={search_term_string}\"},\"query-input\":{\"@type\":\"PropertyValueSpecification\",\"valueRequired\":true,\"valueName\":\"search_term_string\"}}],\"inLanguage\":\"de-AT\"},{\"@type\":\"Organization\",\"@id\":\"https:\\\/\\\/audi-klaus.at\\\/shop\\\/#organization\",\"name\":\"Audi-Klaus\",\"url\":\"https:\\\/\\\/audi-klaus.at\\\/shop\\\/\",\"logo\":{\"@type\":\"ImageObject\",\"inLanguage\":\"de-AT\",\"@id\":\"https:\\\/\\\/audi-klaus.at\\\/shop\\\/#\\\/schema\\\/logo\\\/image\\\/\",\"url\":\"https:\\\/\\\/audi-klaus.at\\\/shop\\\/wp-content\\\/uploads\\\/2024\\\/10\\\/Logo-Shop.webp\",\"contentUrl\":\"https:\\\/\\\/audi-klaus.at\\\/shop\\\/wp-content\\\/uploads\\\/2024\\\/10\\\/Logo-Shop.webp\",\"width\":470,\"height\":164,\"caption\":\"Audi-Klaus\"},\"image\":{\"@id\":\"https:\\\/\\\/audi-klaus.at\\\/shop\\\/#\\\/schema\\\/logo\\\/image\\\/\"},\"sameAs\":[\"https:\\\/\\\/www.facebook.com\\\/audi.klaus.1312\\\/\",\"https:\\\/\\\/www.instagram.com\\\/audi_klaus\\\/?igshid=1eca3qu2mdayg\"]}]}<\/script>\n<!-- \/ Yoast SEO plugin. -->","yoast_head_json":{"title":"Audi Q3\/A3\/A4\/A5\/A6\/A8\/8P\/B8\/C6\/D3 Spiegelverkleidung rechts Chrom NEU TYC 13297212 Vergleichsnr.: 8T0857528A - Audi-Klaus","description":"Audi Q3\/A3\/A4\/A6\/A8\/8P\/B8\/C6\/D3 Spiegelverkleidung rechts Chrom NEU TYC 13297212 Vergleichsnr.: 8T0857528A Audi Q3\/A3\/A4\/A5\/A6\/A8\/8P\/B8\/C6\/D3 Spiegelverkleidung rechts Chrom NEU TYC 13297212 Vergleichsnr.: 8T0857528A Audi-Klaus","robots":{"index":"index","follow":"follow","max-snippet":"max-snippet:-1","max-image-preview":"max-image-preview:large","max-video-preview":"max-video-preview:-1"},"canonical":"https:\/\/audi-klaus.at\/shop\/produkt\/audi-q3-a3-a4-a6-a8-8p-b8-c6-d3-spiegelverkleidung-rechts-chrom-neu-tyc-13297212\/","og_locale":"de_DE","og_type":"article","og_title":"Audi Q3\/A3\/A4\/A5\/A6\/A8\/8P\/B8\/C6\/D3 Spiegelverkleidung rechts Chrom NEU TYC 13297212 Vergleichsnr.: 8T0857528A - Audi-Klaus","og_description":"Audi Q3\/A3\/A4\/A6\/A8\/8P\/B8\/C6\/D3 Spiegelverkleidung rechts Chrom NEU TYC 13297212 Vergleichsnr.: 8T0857528A Audi Q3\/A3\/A4\/A5\/A6\/A8\/8P\/B8\/C6\/D3 Spiegelverkleidung rechts Chrom NEU TYC 13297212 Vergleichsnr.: 8T0857528A Audi-Klaus","og_url":"https:\/\/audi-klaus.at\/shop\/produkt\/audi-q3-a3-a4-a6-a8-8p-b8-c6-d3-spiegelverkleidung-rechts-chrom-neu-tyc-13297212\/","og_site_name":"Audi-Klaus","article_publisher":"https:\/\/www.facebook.com\/audi.klaus.1312\/","article_modified_time":"2026-01-07T20:47:03+00:00","og_image":[{"width":430,"height":430,"url":"https:\/\/audi-klaus.at\/shop\/wp-content\/uploads\/2022\/03\/k1555-4.jpeg","type":"image\/jpeg"}],"twitter_card":"summary_large_image","twitter_misc":{"Gesch\u00e4tzte Lesezeit":"1 Minute"},"schema":{"@context":"https:\/\/schema.org","@graph":[{"@type":"WebPage","@id":"https:\/\/audi-klaus.at\/shop\/produkt\/audi-q3-a3-a4-a6-a8-8p-b8-c6-d3-spiegelverkleidung-rechts-chrom-neu-tyc-13297212\/","url":"https:\/\/audi-klaus.at\/shop\/produkt\/audi-q3-a3-a4-a6-a8-8p-b8-c6-d3-spiegelverkleidung-rechts-chrom-neu-tyc-13297212\/","name":"Audi Q3\/A3\/A4\/A5\/A6\/A8\/8P\/B8\/C6\/D3 Spiegelverkleidung rechts Chrom NEU TYC 13297212 Vergleichsnr.: 8T0857528A - Audi-Klaus","isPartOf":{"@id":"https:\/\/audi-klaus.at\/shop\/#website"},"primaryImageOfPage":{"@id":"https:\/\/audi-klaus.at\/shop\/produkt\/audi-q3-a3-a4-a6-a8-8p-b8-c6-d3-spiegelverkleidung-rechts-chrom-neu-tyc-13297212\/#primaryimage"},"image":{"@id":"https:\/\/audi-klaus.at\/shop\/produkt\/audi-q3-a3-a4-a6-a8-8p-b8-c6-d3-spiegelverkleidung-rechts-chrom-neu-tyc-13297212\/#primaryimage"},"thumbnailUrl":"https:\/\/audi-klaus.at\/shop\/wp-content\/uploads\/2022\/03\/k1555-4.jpeg","datePublished":"2022-03-29T11:42:38+00:00","dateModified":"2026-01-07T20:47:03+00:00","description":"Audi Q3\/A3\/A4\/A6\/A8\/8P\/B8\/C6\/D3 Spiegelverkleidung rechts Chrom NEU TYC 13297212 Vergleichsnr.: 8T0857528A Audi Q3\/A3\/A4\/A5\/A6\/A8\/8P\/B8\/C6\/D3 Spiegelverkleidung rechts Chrom NEU TYC 13297212 Vergleichsnr.: 8T0857528A Audi-Klaus","breadcrumb":{"@id":"https:\/\/audi-klaus.at\/shop\/produkt\/audi-q3-a3-a4-a6-a8-8p-b8-c6-d3-spiegelverkleidung-rechts-chrom-neu-tyc-13297212\/#breadcrumb"},"inLanguage":"de-AT","potentialAction":[{"@type":"ReadAction","target":["https:\/\/audi-klaus.at\/shop\/produkt\/audi-q3-a3-a4-a6-a8-8p-b8-c6-d3-spiegelverkleidung-rechts-chrom-neu-tyc-13297212\/"]}]},{"@type":"ImageObject","inLanguage":"de-AT","@id":"https:\/\/audi-klaus.at\/shop\/produkt\/audi-q3-a3-a4-a6-a8-8p-b8-c6-d3-spiegelverkleidung-rechts-chrom-neu-tyc-13297212\/#primaryimage","url":"https:\/\/audi-klaus.at\/shop\/wp-content\/uploads\/2022\/03\/k1555-4.jpeg","contentUrl":"https:\/\/audi-klaus.at\/shop\/wp-content\/uploads\/2022\/03\/k1555-4.jpeg","width":430,"height":430},{"@type":"BreadcrumbList","@id":"https:\/\/audi-klaus.at\/shop\/produkt\/audi-q3-a3-a4-a6-a8-8p-b8-c6-d3-spiegelverkleidung-rechts-chrom-neu-tyc-13297212\/#breadcrumb","itemListElement":[{"@type":"ListItem","position":1,"name":"Startseite","item":"https:\/\/audi-klaus.at\/shop\/"},{"@type":"ListItem","position":2,"name":"Shop","item":"https:\/\/audi-klaus.at\/shop\/"},{"@type":"ListItem","position":3,"name":"Audi Q3\/A3\/A4\/A5\/A6\/A8\/8P\/B8\/C6\/D3 Spiegelverkleidung rechts Chrom NEU TYC 13297212 Vergleichsnr.: 8T0857528A"}]},{"@type":"WebSite","@id":"https:\/\/audi-klaus.at\/shop\/#website","url":"https:\/\/audi-klaus.at\/shop\/","name":"Audi-Klaus","description":"Ihr Gebrauchtteile Spezialist f\u00fcr die Marken Audi, VW (VAG)","publisher":{"@id":"https:\/\/audi-klaus.at\/shop\/#organization"},"potentialAction":[{"@type":"SearchAction","target":{"@type":"EntryPoint","urlTemplate":"https:\/\/audi-klaus.at\/shop\/?s={search_term_string}"},"query-input":{"@type":"PropertyValueSpecification","valueRequired":true,"valueName":"search_term_string"}}],"inLanguage":"de-AT"},{"@type":"Organization","@id":"https:\/\/audi-klaus.at\/shop\/#organization","name":"Audi-Klaus","url":"https:\/\/audi-klaus.at\/shop\/","logo":{"@type":"ImageObject","inLanguage":"de-AT","@id":"https:\/\/audi-klaus.at\/shop\/#\/schema\/logo\/image\/","url":"https:\/\/audi-klaus.at\/shop\/wp-content\/uploads\/2024\/10\/Logo-Shop.webp","contentUrl":"https:\/\/audi-klaus.at\/shop\/wp-content\/uploads\/2024\/10\/Logo-Shop.webp","width":470,"height":164,"caption":"Audi-Klaus"},"image":{"@id":"https:\/\/audi-klaus.at\/shop\/#\/schema\/logo\/image\/"},"sameAs":["https:\/\/www.facebook.com\/audi.klaus.1312\/","https:\/\/www.instagram.com\/audi_klaus\/?igshid=1eca3qu2mdayg"]}]}},"_links":{"self":[{"href":"https:\/\/audi-klaus.at\/shop\/wp-json\/wp\/v2\/product\/32630","targetHints":{"allow":["GET"]}}],"collection":[{"href":"https:\/\/audi-klaus.at\/shop\/wp-json\/wp\/v2\/product"}],"about":[{"href":"https:\/\/audi-klaus.at\/shop\/wp-json\/wp\/v2\/types\/product"}],"wp:featuredmedia":[{"embeddable":true,"href":"https:\/\/audi-klaus.at\/shop\/wp-json\/wp\/v2\/media\/32632"}],"wp:attachment":[{"href":"https:\/\/audi-klaus.at\/shop\/wp-json\/wp\/v2\/media?parent=32630"}],"wp:term":[{"taxonomy":"product_brand","embeddable":true,"href":"https:\/\/audi-klaus.at\/shop\/wp-json\/wp\/v2\/product_brand?post=32630"},{"taxonomy":"product_cat","embeddable":true,"href":"https:\/\/audi-klaus.at\/shop\/wp-json\/wp\/v2\/product_cat?post=32630"},{"taxonomy":"product_tag","embeddable":true,"href":"https:\/\/audi-klaus.at\/shop\/wp-json\/wp\/v2\/product_tag?post=32630"}],"curies":[{"name":"wp","href":"https:\/\/api.w.org\/{rel}","templated":true}]}}