{"id":2979,"date":"2021-11-12T12:48:57","date_gmt":"2021-11-12T11:48:57","guid":{"rendered":"http:\/\/audi-klaus.at.server171-han.server-routing.com\/shop\/?post_type=product&#038;p=2979"},"modified":"2026-01-07T20:55:59","modified_gmt":"2026-01-07T19:55:59","slug":"vw-golf-jetta-derby-polo-scirocco-1-2-passat-b2-audi-50-80-b1-bremsbelaege-trommelbremse-neu-171698527qx","status":"publish","type":"product","link":"https:\/\/audi-klaus.at\/shop\/produkt\/vw-golf-jetta-derby-polo-scirocco-1-2-passat-b2-audi-50-80-b1-bremsbelaege-trommelbremse-neu-171698527qx\/","title":{"rendered":"VW Golf\/Jetta\/Derby\/Polo\/Scirocco\/1\/2\/Passat\/B2\/Audi 50\/80\/B1 Bremsbel\u00e4ge Trommelbremse NEU 171698527QX"},"content":{"rendered":"<p><span style=\"font-family: Source Sans Pro, sans-serif\"><span style=\"font-size: medium\"><strong><span style=\"color: #000000\"><b>VAG Teilenummer<\/b><\/span><\/strong><span style=\"color: #000000\"><b>: <\/b>171 698 527 QX<\/span><br \/>\n<strong><span style=\"color: #000000\"><b>Zustand:<\/b><\/span><\/strong><b> <\/b><span style=\"color: #000000\">Neu<\/span><br \/>\n<strong><span style=\"color: #000000\"><b>Lieferumfang:<\/b><\/span><\/strong> <span style=\"color: #000000\">wie in den Original-Abbildungen angegeben<\/span><br \/>\n<span style=\"color: #000000\">Hinweis: Bitte \u00fcberpr\u00fcfen Sie vor dem Kauf anhand der eindeutigen Teilenummern, ob der Artikel zum Fahrzeug passt, um R\u00fccksendungen zu vermeiden! Trotz Angabe der entsprechenden Fahrzeugdaten ist eine eindeutige Zuordnung nur \u00fcber die Teilenummer m\u00f6glich! Die abgelesene Teilenummer ist die Teilenummer des Teils, welches geliefert wird. Die Originalteilnummer ist diejenige, die bei Neubestellung f\u00fcr dieses Teil gilt und der m\u00f6glicherweise abweichenden, gelieferten Teilenummer entspricht. Sollten weitere Fragen offen sein, kontaktieren Sie uns bitte unter <\/span><a href=\"mailto:office@audi-klaus.at\">office@audi-klaus.at<\/a><\/span><\/span><\/p>\n","protected":false},"excerpt":{"rendered":"<h5><strong><span style=\"font-size: 18pt\">Marke: VW\/Audi<\/span><\/strong><\/h5>\n<h5><strong><span style=\"font-size: 18pt\">Modell: Golf\/Jetta\/Derby\/Passat\/Polo\/Scirocco\/50\/80<\/span><\/strong><\/h5>\n<h5><strong><span style=\"font-size: 18pt\">Typ: 1\/2\/B1<\/span><\/strong><\/h5>\n","protected":false},"featured_media":719,"template":"","meta":[],"product_brand":[],"product_cat":[1212,1495,1167,1215,1505,1170,1217,1595,1172,1225,32,1635,1173,1229,34,2497,1176,1273,78,2505,1193,1283,79,1194,1385,161,1204,1395,208,1205,1455,1164,1211,1465,1165],"product_tag":[2957,2958,2959],"class_list":{"0":"post-2979","1":"product","2":"type-product","3":"status-publish","4":"has-post-thumbnail","6":"product_cat-2-53b-1981-1992","7":"product_cat-vorder-hinterachse-1-86-1975-1981","8":"product_cat-jetta","9":"product_cat-1-86-1975-1981","10":"product_cat-vorder-hinterachse-2-2f-1990-1994","11":"product_cat-scirocco","12":"product_cat-2-2f-1990-1994","13":"product_cat-vorder-hinterachse-1977-1979","14":"product_cat-polo","15":"product_cat-1977-1979","16":"product_cat-audi","17":"product_cat-vorder-hinterachse-b1-32-1973-1977","18":"product_cat-derby","19":"product_cat-b1-32-1973-1977","20":"product_cat-34","21":"product_cat-servicematerial","22":"product_cat-passat","23":"product_cat-vorder-hinterachse-1-171-1974-1985","24":"product_cat-78","25":"product_cat-bremsen","26":"product_cat-1-171-1974-1985","27":"product_cat-vorder-hinterachse-2-191-1983-1992","28":"product_cat-b1-typ82-75","29":"product_cat-2-191-1983-1992","30":"product_cat-vorder-hinterachse-1-161-1978-1987","31":"product_cat-vorder-hintergrund","32":"product_cat-1-161-1978-1987","33":"product_cat-vorder-hinterachse-2-165-1983-1992","34":"product_cat-vorder-hinterachse-b1-75","35":"product_cat-2-165-1983-1992","36":"product_cat-vorder-hinterachse-1-53-1974-1981","37":"product_cat-vw","38":"product_cat-1-53-1974-1981","39":"product_cat-vorder-hinterachse-2-53b-1981-1992","40":"product_cat-golf","41":"product_tag-171698527qx","42":"product_tag-2958","43":"product_tag-171698527q","45":"first","46":"outofstock","47":"taxable","48":"shipping-taxable","49":"purchasable","50":"product-type-simple"},"yoast_head":"<!-- This site is optimized with the Yoast SEO plugin v27.3 - https:\/\/yoast.com\/product\/yoast-seo-wordpress\/ -->\n<title>VW Golf\/Jetta\/Derby\/Polo\/Scirocco\/1\/2\/Passat\/B2\/Audi 50\/80\/B1 Bremsbel\u00e4ge Trommelbremse NEU 171698527QX - Audi-Klaus<\/title>\n<meta name=\"robots\" content=\"index, follow, max-snippet:-1, max-image-preview:large, max-video-preview:-1\" \/>\n<link rel=\"canonical\" href=\"https:\/\/audi-klaus.at\/shop\/produkt\/vw-golf-jetta-derby-polo-scirocco-1-2-passat-b2-audi-50-80-b1-bremsbelaege-trommelbremse-neu-171698527qx\/\" \/>\n<meta property=\"og:locale\" content=\"de_DE\" \/>\n<meta property=\"og:type\" content=\"article\" \/>\n<meta property=\"og:title\" content=\"VW Golf\/Jetta\/Derby\/Polo\/Scirocco\/1\/2\/Passat\/B2\/Audi 50\/80\/B1 Bremsbel\u00e4ge Trommelbremse NEU 171698527QX - Audi-Klaus\" \/>\n<meta property=\"og:description\" content=\"Marke: VW\/Audi Modell: Golf\/Jetta\/Derby\/Passat\/Polo\/Scirocco\/50\/80 Typ: 1\/2\/B1\" \/>\n<meta property=\"og:url\" content=\"https:\/\/audi-klaus.at\/shop\/produkt\/vw-golf-jetta-derby-polo-scirocco-1-2-passat-b2-audi-50-80-b1-bremsbelaege-trommelbremse-neu-171698527qx\/\" \/>\n<meta property=\"og:site_name\" content=\"Audi-Klaus\" \/>\n<meta property=\"article:publisher\" content=\"https:\/\/www.facebook.com\/audi.klaus.1312\/\" \/>\n<meta property=\"article:modified_time\" content=\"2026-01-07T19:55:59+00:00\" \/>\n<meta property=\"og:image\" content=\"https:\/\/audi-klaus.at\/shop\/wp-content\/uploads\/2021\/11\/B152.jpg\" \/>\n\t<meta property=\"og:image:width\" content=\"281\" \/>\n\t<meta property=\"og:image:height\" content=\"430\" \/>\n\t<meta property=\"og:image:type\" content=\"image\/jpeg\" \/>\n<meta name=\"twitter:card\" content=\"summary_large_image\" \/>\n<script type=\"application\/ld+json\" class=\"yoast-schema-graph\">{\"@context\":\"https:\\\/\\\/schema.org\",\"@graph\":[{\"@type\":\"WebPage\",\"@id\":\"https:\\\/\\\/audi-klaus.at\\\/shop\\\/produkt\\\/vw-golf-jetta-derby-polo-scirocco-1-2-passat-b2-audi-50-80-b1-bremsbelaege-trommelbremse-neu-171698527qx\\\/\",\"url\":\"https:\\\/\\\/audi-klaus.at\\\/shop\\\/produkt\\\/vw-golf-jetta-derby-polo-scirocco-1-2-passat-b2-audi-50-80-b1-bremsbelaege-trommelbremse-neu-171698527qx\\\/\",\"name\":\"VW Golf\\\/Jetta\\\/Derby\\\/Polo\\\/Scirocco\\\/1\\\/2\\\/Passat\\\/B2\\\/Audi 50\\\/80\\\/B1 Bremsbel\u00e4ge Trommelbremse NEU 171698527QX - Audi-Klaus\",\"isPartOf\":{\"@id\":\"https:\\\/\\\/audi-klaus.at\\\/shop\\\/#website\"},\"primaryImageOfPage\":{\"@id\":\"https:\\\/\\\/audi-klaus.at\\\/shop\\\/produkt\\\/vw-golf-jetta-derby-polo-scirocco-1-2-passat-b2-audi-50-80-b1-bremsbelaege-trommelbremse-neu-171698527qx\\\/#primaryimage\"},\"image\":{\"@id\":\"https:\\\/\\\/audi-klaus.at\\\/shop\\\/produkt\\\/vw-golf-jetta-derby-polo-scirocco-1-2-passat-b2-audi-50-80-b1-bremsbelaege-trommelbremse-neu-171698527qx\\\/#primaryimage\"},\"thumbnailUrl\":\"https:\\\/\\\/audi-klaus.at\\\/shop\\\/wp-content\\\/uploads\\\/2021\\\/11\\\/B152.jpg\",\"datePublished\":\"2021-11-12T11:48:57+00:00\",\"dateModified\":\"2026-01-07T19:55:59+00:00\",\"breadcrumb\":{\"@id\":\"https:\\\/\\\/audi-klaus.at\\\/shop\\\/produkt\\\/vw-golf-jetta-derby-polo-scirocco-1-2-passat-b2-audi-50-80-b1-bremsbelaege-trommelbremse-neu-171698527qx\\\/#breadcrumb\"},\"inLanguage\":\"de-AT\",\"potentialAction\":[{\"@type\":\"ReadAction\",\"target\":[\"https:\\\/\\\/audi-klaus.at\\\/shop\\\/produkt\\\/vw-golf-jetta-derby-polo-scirocco-1-2-passat-b2-audi-50-80-b1-bremsbelaege-trommelbremse-neu-171698527qx\\\/\"]}]},{\"@type\":\"ImageObject\",\"inLanguage\":\"de-AT\",\"@id\":\"https:\\\/\\\/audi-klaus.at\\\/shop\\\/produkt\\\/vw-golf-jetta-derby-polo-scirocco-1-2-passat-b2-audi-50-80-b1-bremsbelaege-trommelbremse-neu-171698527qx\\\/#primaryimage\",\"url\":\"https:\\\/\\\/audi-klaus.at\\\/shop\\\/wp-content\\\/uploads\\\/2021\\\/11\\\/B152.jpg\",\"contentUrl\":\"https:\\\/\\\/audi-klaus.at\\\/shop\\\/wp-content\\\/uploads\\\/2021\\\/11\\\/B152.jpg\",\"width\":281,\"height\":430},{\"@type\":\"BreadcrumbList\",\"@id\":\"https:\\\/\\\/audi-klaus.at\\\/shop\\\/produkt\\\/vw-golf-jetta-derby-polo-scirocco-1-2-passat-b2-audi-50-80-b1-bremsbelaege-trommelbremse-neu-171698527qx\\\/#breadcrumb\",\"itemListElement\":[{\"@type\":\"ListItem\",\"position\":1,\"name\":\"Startseite\",\"item\":\"https:\\\/\\\/audi-klaus.at\\\/shop\\\/\"},{\"@type\":\"ListItem\",\"position\":2,\"name\":\"Shop\",\"item\":\"https:\\\/\\\/audi-klaus.at\\\/shop\\\/\"},{\"@type\":\"ListItem\",\"position\":3,\"name\":\"VW Golf\\\/Jetta\\\/Derby\\\/Polo\\\/Scirocco\\\/1\\\/2\\\/Passat\\\/B2\\\/Audi 50\\\/80\\\/B1 Bremsbel\u00e4ge Trommelbremse NEU 171698527QX\"}]},{\"@type\":\"WebSite\",\"@id\":\"https:\\\/\\\/audi-klaus.at\\\/shop\\\/#website\",\"url\":\"https:\\\/\\\/audi-klaus.at\\\/shop\\\/\",\"name\":\"Audi-Klaus\",\"description\":\"Ihr Gebrauchtteile Spezialist f\u00fcr die Marken Audi, VW (VAG)\",\"publisher\":{\"@id\":\"https:\\\/\\\/audi-klaus.at\\\/shop\\\/#organization\"},\"potentialAction\":[{\"@type\":\"SearchAction\",\"target\":{\"@type\":\"EntryPoint\",\"urlTemplate\":\"https:\\\/\\\/audi-klaus.at\\\/shop\\\/?s={search_term_string}\"},\"query-input\":{\"@type\":\"PropertyValueSpecification\",\"valueRequired\":true,\"valueName\":\"search_term_string\"}}],\"inLanguage\":\"de-AT\"},{\"@type\":\"Organization\",\"@id\":\"https:\\\/\\\/audi-klaus.at\\\/shop\\\/#organization\",\"name\":\"Audi-Klaus\",\"url\":\"https:\\\/\\\/audi-klaus.at\\\/shop\\\/\",\"logo\":{\"@type\":\"ImageObject\",\"inLanguage\":\"de-AT\",\"@id\":\"https:\\\/\\\/audi-klaus.at\\\/shop\\\/#\\\/schema\\\/logo\\\/image\\\/\",\"url\":\"https:\\\/\\\/audi-klaus.at\\\/shop\\\/wp-content\\\/uploads\\\/2024\\\/10\\\/Logo-Shop.webp\",\"contentUrl\":\"https:\\\/\\\/audi-klaus.at\\\/shop\\\/wp-content\\\/uploads\\\/2024\\\/10\\\/Logo-Shop.webp\",\"width\":470,\"height\":164,\"caption\":\"Audi-Klaus\"},\"image\":{\"@id\":\"https:\\\/\\\/audi-klaus.at\\\/shop\\\/#\\\/schema\\\/logo\\\/image\\\/\"},\"sameAs\":[\"https:\\\/\\\/www.facebook.com\\\/audi.klaus.1312\\\/\",\"https:\\\/\\\/www.instagram.com\\\/audi_klaus\\\/?igshid=1eca3qu2mdayg\"]}]}<\/script>\n<!-- \/ Yoast SEO plugin. -->","yoast_head_json":{"title":"VW Golf\/Jetta\/Derby\/Polo\/Scirocco\/1\/2\/Passat\/B2\/Audi 50\/80\/B1 Bremsbel\u00e4ge Trommelbremse NEU 171698527QX - Audi-Klaus","robots":{"index":"index","follow":"follow","max-snippet":"max-snippet:-1","max-image-preview":"max-image-preview:large","max-video-preview":"max-video-preview:-1"},"canonical":"https:\/\/audi-klaus.at\/shop\/produkt\/vw-golf-jetta-derby-polo-scirocco-1-2-passat-b2-audi-50-80-b1-bremsbelaege-trommelbremse-neu-171698527qx\/","og_locale":"de_DE","og_type":"article","og_title":"VW Golf\/Jetta\/Derby\/Polo\/Scirocco\/1\/2\/Passat\/B2\/Audi 50\/80\/B1 Bremsbel\u00e4ge Trommelbremse NEU 171698527QX - Audi-Klaus","og_description":"Marke: VW\/Audi Modell: Golf\/Jetta\/Derby\/Passat\/Polo\/Scirocco\/50\/80 Typ: 1\/2\/B1","og_url":"https:\/\/audi-klaus.at\/shop\/produkt\/vw-golf-jetta-derby-polo-scirocco-1-2-passat-b2-audi-50-80-b1-bremsbelaege-trommelbremse-neu-171698527qx\/","og_site_name":"Audi-Klaus","article_publisher":"https:\/\/www.facebook.com\/audi.klaus.1312\/","article_modified_time":"2026-01-07T19:55:59+00:00","og_image":[{"width":281,"height":430,"url":"https:\/\/audi-klaus.at\/shop\/wp-content\/uploads\/2021\/11\/B152.jpg","type":"image\/jpeg"}],"twitter_card":"summary_large_image","schema":{"@context":"https:\/\/schema.org","@graph":[{"@type":"WebPage","@id":"https:\/\/audi-klaus.at\/shop\/produkt\/vw-golf-jetta-derby-polo-scirocco-1-2-passat-b2-audi-50-80-b1-bremsbelaege-trommelbremse-neu-171698527qx\/","url":"https:\/\/audi-klaus.at\/shop\/produkt\/vw-golf-jetta-derby-polo-scirocco-1-2-passat-b2-audi-50-80-b1-bremsbelaege-trommelbremse-neu-171698527qx\/","name":"VW Golf\/Jetta\/Derby\/Polo\/Scirocco\/1\/2\/Passat\/B2\/Audi 50\/80\/B1 Bremsbel\u00e4ge Trommelbremse NEU 171698527QX - Audi-Klaus","isPartOf":{"@id":"https:\/\/audi-klaus.at\/shop\/#website"},"primaryImageOfPage":{"@id":"https:\/\/audi-klaus.at\/shop\/produkt\/vw-golf-jetta-derby-polo-scirocco-1-2-passat-b2-audi-50-80-b1-bremsbelaege-trommelbremse-neu-171698527qx\/#primaryimage"},"image":{"@id":"https:\/\/audi-klaus.at\/shop\/produkt\/vw-golf-jetta-derby-polo-scirocco-1-2-passat-b2-audi-50-80-b1-bremsbelaege-trommelbremse-neu-171698527qx\/#primaryimage"},"thumbnailUrl":"https:\/\/audi-klaus.at\/shop\/wp-content\/uploads\/2021\/11\/B152.jpg","datePublished":"2021-11-12T11:48:57+00:00","dateModified":"2026-01-07T19:55:59+00:00","breadcrumb":{"@id":"https:\/\/audi-klaus.at\/shop\/produkt\/vw-golf-jetta-derby-polo-scirocco-1-2-passat-b2-audi-50-80-b1-bremsbelaege-trommelbremse-neu-171698527qx\/#breadcrumb"},"inLanguage":"de-AT","potentialAction":[{"@type":"ReadAction","target":["https:\/\/audi-klaus.at\/shop\/produkt\/vw-golf-jetta-derby-polo-scirocco-1-2-passat-b2-audi-50-80-b1-bremsbelaege-trommelbremse-neu-171698527qx\/"]}]},{"@type":"ImageObject","inLanguage":"de-AT","@id":"https:\/\/audi-klaus.at\/shop\/produkt\/vw-golf-jetta-derby-polo-scirocco-1-2-passat-b2-audi-50-80-b1-bremsbelaege-trommelbremse-neu-171698527qx\/#primaryimage","url":"https:\/\/audi-klaus.at\/shop\/wp-content\/uploads\/2021\/11\/B152.jpg","contentUrl":"https:\/\/audi-klaus.at\/shop\/wp-content\/uploads\/2021\/11\/B152.jpg","width":281,"height":430},{"@type":"BreadcrumbList","@id":"https:\/\/audi-klaus.at\/shop\/produkt\/vw-golf-jetta-derby-polo-scirocco-1-2-passat-b2-audi-50-80-b1-bremsbelaege-trommelbremse-neu-171698527qx\/#breadcrumb","itemListElement":[{"@type":"ListItem","position":1,"name":"Startseite","item":"https:\/\/audi-klaus.at\/shop\/"},{"@type":"ListItem","position":2,"name":"Shop","item":"https:\/\/audi-klaus.at\/shop\/"},{"@type":"ListItem","position":3,"name":"VW Golf\/Jetta\/Derby\/Polo\/Scirocco\/1\/2\/Passat\/B2\/Audi 50\/80\/B1 Bremsbel\u00e4ge Trommelbremse NEU 171698527QX"}]},{"@type":"WebSite","@id":"https:\/\/audi-klaus.at\/shop\/#website","url":"https:\/\/audi-klaus.at\/shop\/","name":"Audi-Klaus","description":"Ihr Gebrauchtteile Spezialist f\u00fcr die Marken Audi, VW (VAG)","publisher":{"@id":"https:\/\/audi-klaus.at\/shop\/#organization"},"potentialAction":[{"@type":"SearchAction","target":{"@type":"EntryPoint","urlTemplate":"https:\/\/audi-klaus.at\/shop\/?s={search_term_string}"},"query-input":{"@type":"PropertyValueSpecification","valueRequired":true,"valueName":"search_term_string"}}],"inLanguage":"de-AT"},{"@type":"Organization","@id":"https:\/\/audi-klaus.at\/shop\/#organization","name":"Audi-Klaus","url":"https:\/\/audi-klaus.at\/shop\/","logo":{"@type":"ImageObject","inLanguage":"de-AT","@id":"https:\/\/audi-klaus.at\/shop\/#\/schema\/logo\/image\/","url":"https:\/\/audi-klaus.at\/shop\/wp-content\/uploads\/2024\/10\/Logo-Shop.webp","contentUrl":"https:\/\/audi-klaus.at\/shop\/wp-content\/uploads\/2024\/10\/Logo-Shop.webp","width":470,"height":164,"caption":"Audi-Klaus"},"image":{"@id":"https:\/\/audi-klaus.at\/shop\/#\/schema\/logo\/image\/"},"sameAs":["https:\/\/www.facebook.com\/audi.klaus.1312\/","https:\/\/www.instagram.com\/audi_klaus\/?igshid=1eca3qu2mdayg"]}]}},"_links":{"self":[{"href":"https:\/\/audi-klaus.at\/shop\/wp-json\/wp\/v2\/product\/2979","targetHints":{"allow":["GET"]}}],"collection":[{"href":"https:\/\/audi-klaus.at\/shop\/wp-json\/wp\/v2\/product"}],"about":[{"href":"https:\/\/audi-klaus.at\/shop\/wp-json\/wp\/v2\/types\/product"}],"wp:featuredmedia":[{"embeddable":true,"href":"https:\/\/audi-klaus.at\/shop\/wp-json\/wp\/v2\/media\/719"}],"wp:attachment":[{"href":"https:\/\/audi-klaus.at\/shop\/wp-json\/wp\/v2\/media?parent=2979"}],"wp:term":[{"taxonomy":"product_brand","embeddable":true,"href":"https:\/\/audi-klaus.at\/shop\/wp-json\/wp\/v2\/product_brand?post=2979"},{"taxonomy":"product_cat","embeddable":true,"href":"https:\/\/audi-klaus.at\/shop\/wp-json\/wp\/v2\/product_cat?post=2979"},{"taxonomy":"product_tag","embeddable":true,"href":"https:\/\/audi-klaus.at\/shop\/wp-json\/wp\/v2\/product_tag?post=2979"}],"curies":[{"name":"wp","href":"https:\/\/api.w.org\/{rel}","templated":true}]}}