{"id":2975,"date":"2021-11-12T12:34:43","date_gmt":"2021-11-12T11:34:43","guid":{"rendered":"http:\/\/audi-klaus.at.server171-han.server-routing.com\/shop\/?post_type=product&#038;p=2975"},"modified":"2026-01-07T20:55:59","modified_gmt":"2026-01-07T19:55:59","slug":"audi-vw-radzylinder-neu-ate020188","status":"publish","type":"product","link":"https:\/\/audi-klaus.at\/shop\/produkt\/audi-vw-radzylinder-neu-ate020188\/","title":{"rendered":"Audi\/VW Radzylinder NEU ATE020188"},"content":{"rendered":"<p><span style=\"font-family: Source Sans Pro, sans-serif\"><span style=\"font-size: medium\"><strong><span style=\"color: #000000\"><b>VAG Teilenummer<\/b><\/span><\/strong><span style=\"color: #000000\"><b>: <\/b>ATE 020 88<\/span><br \/>\n<strong><span style=\"color: #000000\"><b>Zustand:<\/b><\/span><\/strong><b> <\/b><span style=\"color: #000000\">Neu<\/span><br \/>\n<strong><span style=\"color: #000000\"><b>Lieferumfang:<\/b><\/span><\/strong> <span style=\"color: #000000\">wie in den Original-Abbildungen angegeben<\/span><br \/>\n<span style=\"color: #000000\">Hinweis: Bitte \u00fcberpr\u00fcfen Sie vor dem Kauf anhand der eindeutigen Teilenummern, ob der Artikel zum Fahrzeug passt, um R\u00fccksendungen zu vermeiden! Trotz Angabe der entsprechenden Fahrzeugdaten ist eine eindeutige Zuordnung nur \u00fcber die Teilenummer m\u00f6glich! Die abgelesene Teilenummer ist die Teilenummer des Teils, welches geliefert wird. Die Originalteilnummer ist diejenige, die bei Neubestellung f\u00fcr dieses Teil gilt und der m\u00f6glicherweise abweichenden, gelieferten Teilenummer entspricht. Sollten weitere Fragen offen sein, kontaktieren Sie uns bitte unter <\/span><a href=\"mailto:office@audi-klaus.at\">office@audi-klaus.at<\/a><\/span><\/span><\/p>\n","protected":false},"excerpt":{"rendered":"<h5><span style=\"font-size: 18pt\"><strong>Marke: VW\/Audi<\/strong><\/span><\/h5>\n<h5><span style=\"font-size: 18pt\"><strong>Modell: 80\/90\/A2\/Caddy\/Fox\/Polo\/Golf\/Jetta\/Vento\/Passat<\/strong><\/span><\/h5>\n<h5><span style=\"font-size: 18pt\"><strong>Typ: B3\/B4\/8Z\/2\/3\/4<\/strong><\/span><\/h5>\n","protected":false},"featured_media":714,"template":"","meta":[],"product_brand":[],"product_cat":[154,1283,1172,1655,1218,167,1293,1176,1665,1219,228,1303,1180,1776,1220,238,1395,1190,1786,1221,309,1435,1194,1796,1231,368,1505,1195,2006,1232,430,1515,1196,2497,32,1242,448,1525,1205,2505,78,1243,1164,1535,1209,81,1244,1165,1545,1216,82,1265,1168,1555,1217],"product_tag":[2953],"class_list":{"0":"post-2975","1":"product","2":"type-product","3":"status-publish","4":"has-post-thumbnail","6":"product_cat-154","7":"product_cat-vorder-hinterachse-2-191-1983-1992","8":"product_cat-polo","9":"product_cat-vorder-hinterachse-b3-35i-1988-1993","10":"product_cat-3-6n-1994-1999","11":"product_cat-b3-1987-1991","12":"product_cat-vorder-hinterachse-3-1h-1990-1998","13":"product_cat-passat","14":"product_cat-vorder-hinterachse-b4-3a-1993-1997","15":"product_cat-3-6n2-1999-2001","16":"product_cat-vorder-hinterachse-b3-86","17":"product_cat-vorder-hinterachse-4-1j-1997-2007","18":"product_cat-caddy","19":"product_cat-vorder-hinterachse-2-9kv-1995-2003","20":"product_cat-4-9n-2001-2005","21":"product_cat-vorder-hinterachse-b4-91","22":"product_cat-vorder-hinterachse-2-165-1983-1992","23":"product_cat-fox","24":"product_cat-vorder-hinterachse-3-2k-2003-2010","25":"product_cat-4-9n3-2005-2009","26":"product_cat-vorder-hinterachse-b3-1987-1991","27":"product_cat-vorder-hinterachse-1h5-1991-1998","28":"product_cat-2-191-1983-1992","29":"product_cat-vorder-hinterachse-4-2020","30":"product_cat-b3-35i-1988-1993","31":"product_cat-a2","32":"product_cat-vorder-hinterachse-2-2f-1990-1994","33":"product_cat-3-1h-1990-1998","34":"product_cat-vorder-hinterachse-5z-2005-2011","35":"product_cat-b4-3a-1993-1997","36":"product_cat-8z-1999-2005","37":"product_cat-vorder-hinterachse-2-86c-1981-1990","38":"product_cat-4-1j-1997-2007","39":"product_cat-servicematerial","40":"product_cat-audi","41":"product_cat-2-9kv-1995-2003","42":"product_cat-vorder-hinterachse-8z-1999-2005","43":"product_cat-vorder-hinterachse-3-6n-1994-1999","44":"product_cat-2-165-1983-1992","45":"product_cat-bremsen","46":"product_cat-78","47":"product_cat-3-2k-2003-2015","48":"product_cat-vw","49":"product_cat-vorder-hinterachse-3-6n2-1999-2001","50":"product_cat-1h5-1991-1998","51":"product_cat-b3-86","52":"product_cat-4-sa-2015-2020","53":"product_cat-golf","54":"product_cat-vorder-hinterachse-4-9n-2001-2005","55":"product_cat-2-86c-1981-1990","56":"product_cat-b4-91","57":"product_cat-5z-2005-2011","58":"product_cat-vento","59":"product_cat-vorder-hinterachse-4-9n3-2005-2009","60":"product_cat-2-2f-1990-1994","61":"product_tag-ate020188","63":"first","64":"outofstock","65":"taxable","66":"shipping-taxable","67":"purchasable","68":"product-type-simple"},"yoast_head":"<!-- This site is optimized with the Yoast SEO plugin v27.5 - https:\/\/yoast.com\/product\/yoast-seo-wordpress\/ -->\n<title>Audi\/VW Radzylinder NEU ATE020188 - Audi-Klaus<\/title>\n<meta name=\"robots\" content=\"index, follow, max-snippet:-1, max-image-preview:large, max-video-preview:-1\" \/>\n<link rel=\"canonical\" href=\"https:\/\/audi-klaus.at\/shop\/produkt\/audi-vw-radzylinder-neu-ate020188\/\" \/>\n<meta property=\"og:locale\" content=\"de_DE\" \/>\n<meta property=\"og:type\" content=\"article\" \/>\n<meta property=\"og:title\" content=\"Audi\/VW Radzylinder NEU ATE020188 - Audi-Klaus\" \/>\n<meta property=\"og:description\" content=\"Marke: VW\/Audi Modell: 80\/90\/A2\/Caddy\/Fox\/Polo\/Golf\/Jetta\/Vento\/Passat Typ: B3\/B4\/8Z\/2\/3\/4\" \/>\n<meta property=\"og:url\" content=\"https:\/\/audi-klaus.at\/shop\/produkt\/audi-vw-radzylinder-neu-ate020188\/\" \/>\n<meta property=\"og:site_name\" content=\"Audi-Klaus\" \/>\n<meta property=\"article:publisher\" content=\"https:\/\/www.facebook.com\/audi.klaus.1312\/\" \/>\n<meta property=\"article:modified_time\" content=\"2026-01-07T19:55:59+00:00\" \/>\n<meta property=\"og:image\" content=\"https:\/\/audi-klaus.at\/shop\/wp-content\/uploads\/2021\/11\/B149-2.jpg\" \/>\n\t<meta property=\"og:image:width\" content=\"492\" \/>\n\t<meta property=\"og:image:height\" content=\"430\" \/>\n\t<meta property=\"og:image:type\" content=\"image\/jpeg\" \/>\n<meta name=\"twitter:card\" content=\"summary_large_image\" \/>\n<script type=\"application\/ld+json\" class=\"yoast-schema-graph\">{\"@context\":\"https:\\\/\\\/schema.org\",\"@graph\":[{\"@type\":\"WebPage\",\"@id\":\"https:\\\/\\\/audi-klaus.at\\\/shop\\\/produkt\\\/audi-vw-radzylinder-neu-ate020188\\\/\",\"url\":\"https:\\\/\\\/audi-klaus.at\\\/shop\\\/produkt\\\/audi-vw-radzylinder-neu-ate020188\\\/\",\"name\":\"Audi\\\/VW Radzylinder NEU ATE020188 - Audi-Klaus\",\"isPartOf\":{\"@id\":\"https:\\\/\\\/audi-klaus.at\\\/shop\\\/#website\"},\"primaryImageOfPage\":{\"@id\":\"https:\\\/\\\/audi-klaus.at\\\/shop\\\/produkt\\\/audi-vw-radzylinder-neu-ate020188\\\/#primaryimage\"},\"image\":{\"@id\":\"https:\\\/\\\/audi-klaus.at\\\/shop\\\/produkt\\\/audi-vw-radzylinder-neu-ate020188\\\/#primaryimage\"},\"thumbnailUrl\":\"https:\\\/\\\/audi-klaus.at\\\/shop\\\/wp-content\\\/uploads\\\/2021\\\/11\\\/B149-2.jpg\",\"datePublished\":\"2021-11-12T11:34:43+00:00\",\"dateModified\":\"2026-01-07T19:55:59+00:00\",\"breadcrumb\":{\"@id\":\"https:\\\/\\\/audi-klaus.at\\\/shop\\\/produkt\\\/audi-vw-radzylinder-neu-ate020188\\\/#breadcrumb\"},\"inLanguage\":\"de-AT\",\"potentialAction\":[{\"@type\":\"ReadAction\",\"target\":[\"https:\\\/\\\/audi-klaus.at\\\/shop\\\/produkt\\\/audi-vw-radzylinder-neu-ate020188\\\/\"]}]},{\"@type\":\"ImageObject\",\"inLanguage\":\"de-AT\",\"@id\":\"https:\\\/\\\/audi-klaus.at\\\/shop\\\/produkt\\\/audi-vw-radzylinder-neu-ate020188\\\/#primaryimage\",\"url\":\"https:\\\/\\\/audi-klaus.at\\\/shop\\\/wp-content\\\/uploads\\\/2021\\\/11\\\/B149-2.jpg\",\"contentUrl\":\"https:\\\/\\\/audi-klaus.at\\\/shop\\\/wp-content\\\/uploads\\\/2021\\\/11\\\/B149-2.jpg\",\"width\":492,\"height\":430},{\"@type\":\"BreadcrumbList\",\"@id\":\"https:\\\/\\\/audi-klaus.at\\\/shop\\\/produkt\\\/audi-vw-radzylinder-neu-ate020188\\\/#breadcrumb\",\"itemListElement\":[{\"@type\":\"ListItem\",\"position\":1,\"name\":\"Startseite\",\"item\":\"https:\\\/\\\/audi-klaus.at\\\/shop\\\/\"},{\"@type\":\"ListItem\",\"position\":2,\"name\":\"Shop\",\"item\":\"https:\\\/\\\/audi-klaus.at\\\/shop\\\/\"},{\"@type\":\"ListItem\",\"position\":3,\"name\":\"Audi\\\/VW Radzylinder NEU ATE020188\"}]},{\"@type\":\"WebSite\",\"@id\":\"https:\\\/\\\/audi-klaus.at\\\/shop\\\/#website\",\"url\":\"https:\\\/\\\/audi-klaus.at\\\/shop\\\/\",\"name\":\"Audi-Klaus\",\"description\":\"Ihr Gebrauchtteile Spezialist f\u00fcr die Marken Audi, VW (VAG)\",\"publisher\":{\"@id\":\"https:\\\/\\\/audi-klaus.at\\\/shop\\\/#organization\"},\"potentialAction\":[{\"@type\":\"SearchAction\",\"target\":{\"@type\":\"EntryPoint\",\"urlTemplate\":\"https:\\\/\\\/audi-klaus.at\\\/shop\\\/?s={search_term_string}\"},\"query-input\":{\"@type\":\"PropertyValueSpecification\",\"valueRequired\":true,\"valueName\":\"search_term_string\"}}],\"inLanguage\":\"de-AT\"},{\"@type\":\"Organization\",\"@id\":\"https:\\\/\\\/audi-klaus.at\\\/shop\\\/#organization\",\"name\":\"Audi-Klaus\",\"url\":\"https:\\\/\\\/audi-klaus.at\\\/shop\\\/\",\"logo\":{\"@type\":\"ImageObject\",\"inLanguage\":\"de-AT\",\"@id\":\"https:\\\/\\\/audi-klaus.at\\\/shop\\\/#\\\/schema\\\/logo\\\/image\\\/\",\"url\":\"https:\\\/\\\/audi-klaus.at\\\/shop\\\/wp-content\\\/uploads\\\/2024\\\/10\\\/Logo-Shop.webp\",\"contentUrl\":\"https:\\\/\\\/audi-klaus.at\\\/shop\\\/wp-content\\\/uploads\\\/2024\\\/10\\\/Logo-Shop.webp\",\"width\":470,\"height\":164,\"caption\":\"Audi-Klaus\"},\"image\":{\"@id\":\"https:\\\/\\\/audi-klaus.at\\\/shop\\\/#\\\/schema\\\/logo\\\/image\\\/\"},\"sameAs\":[\"https:\\\/\\\/www.facebook.com\\\/audi.klaus.1312\\\/\",\"https:\\\/\\\/www.instagram.com\\\/audi_klaus\\\/?igshid=1eca3qu2mdayg\"]}]}<\/script>\n<!-- \/ Yoast SEO plugin. -->","yoast_head_json":{"title":"Audi\/VW Radzylinder NEU ATE020188 - Audi-Klaus","robots":{"index":"index","follow":"follow","max-snippet":"max-snippet:-1","max-image-preview":"max-image-preview:large","max-video-preview":"max-video-preview:-1"},"canonical":"https:\/\/audi-klaus.at\/shop\/produkt\/audi-vw-radzylinder-neu-ate020188\/","og_locale":"de_DE","og_type":"article","og_title":"Audi\/VW Radzylinder NEU ATE020188 - Audi-Klaus","og_description":"Marke: VW\/Audi Modell: 80\/90\/A2\/Caddy\/Fox\/Polo\/Golf\/Jetta\/Vento\/Passat Typ: B3\/B4\/8Z\/2\/3\/4","og_url":"https:\/\/audi-klaus.at\/shop\/produkt\/audi-vw-radzylinder-neu-ate020188\/","og_site_name":"Audi-Klaus","article_publisher":"https:\/\/www.facebook.com\/audi.klaus.1312\/","article_modified_time":"2026-01-07T19:55:59+00:00","og_image":[{"width":492,"height":430,"url":"https:\/\/audi-klaus.at\/shop\/wp-content\/uploads\/2021\/11\/B149-2.jpg","type":"image\/jpeg"}],"twitter_card":"summary_large_image","schema":{"@context":"https:\/\/schema.org","@graph":[{"@type":"WebPage","@id":"https:\/\/audi-klaus.at\/shop\/produkt\/audi-vw-radzylinder-neu-ate020188\/","url":"https:\/\/audi-klaus.at\/shop\/produkt\/audi-vw-radzylinder-neu-ate020188\/","name":"Audi\/VW Radzylinder NEU ATE020188 - Audi-Klaus","isPartOf":{"@id":"https:\/\/audi-klaus.at\/shop\/#website"},"primaryImageOfPage":{"@id":"https:\/\/audi-klaus.at\/shop\/produkt\/audi-vw-radzylinder-neu-ate020188\/#primaryimage"},"image":{"@id":"https:\/\/audi-klaus.at\/shop\/produkt\/audi-vw-radzylinder-neu-ate020188\/#primaryimage"},"thumbnailUrl":"https:\/\/audi-klaus.at\/shop\/wp-content\/uploads\/2021\/11\/B149-2.jpg","datePublished":"2021-11-12T11:34:43+00:00","dateModified":"2026-01-07T19:55:59+00:00","breadcrumb":{"@id":"https:\/\/audi-klaus.at\/shop\/produkt\/audi-vw-radzylinder-neu-ate020188\/#breadcrumb"},"inLanguage":"de-AT","potentialAction":[{"@type":"ReadAction","target":["https:\/\/audi-klaus.at\/shop\/produkt\/audi-vw-radzylinder-neu-ate020188\/"]}]},{"@type":"ImageObject","inLanguage":"de-AT","@id":"https:\/\/audi-klaus.at\/shop\/produkt\/audi-vw-radzylinder-neu-ate020188\/#primaryimage","url":"https:\/\/audi-klaus.at\/shop\/wp-content\/uploads\/2021\/11\/B149-2.jpg","contentUrl":"https:\/\/audi-klaus.at\/shop\/wp-content\/uploads\/2021\/11\/B149-2.jpg","width":492,"height":430},{"@type":"BreadcrumbList","@id":"https:\/\/audi-klaus.at\/shop\/produkt\/audi-vw-radzylinder-neu-ate020188\/#breadcrumb","itemListElement":[{"@type":"ListItem","position":1,"name":"Startseite","item":"https:\/\/audi-klaus.at\/shop\/"},{"@type":"ListItem","position":2,"name":"Shop","item":"https:\/\/audi-klaus.at\/shop\/"},{"@type":"ListItem","position":3,"name":"Audi\/VW Radzylinder NEU ATE020188"}]},{"@type":"WebSite","@id":"https:\/\/audi-klaus.at\/shop\/#website","url":"https:\/\/audi-klaus.at\/shop\/","name":"Audi-Klaus","description":"Ihr Gebrauchtteile Spezialist f\u00fcr die Marken Audi, VW (VAG)","publisher":{"@id":"https:\/\/audi-klaus.at\/shop\/#organization"},"potentialAction":[{"@type":"SearchAction","target":{"@type":"EntryPoint","urlTemplate":"https:\/\/audi-klaus.at\/shop\/?s={search_term_string}"},"query-input":{"@type":"PropertyValueSpecification","valueRequired":true,"valueName":"search_term_string"}}],"inLanguage":"de-AT"},{"@type":"Organization","@id":"https:\/\/audi-klaus.at\/shop\/#organization","name":"Audi-Klaus","url":"https:\/\/audi-klaus.at\/shop\/","logo":{"@type":"ImageObject","inLanguage":"de-AT","@id":"https:\/\/audi-klaus.at\/shop\/#\/schema\/logo\/image\/","url":"https:\/\/audi-klaus.at\/shop\/wp-content\/uploads\/2024\/10\/Logo-Shop.webp","contentUrl":"https:\/\/audi-klaus.at\/shop\/wp-content\/uploads\/2024\/10\/Logo-Shop.webp","width":470,"height":164,"caption":"Audi-Klaus"},"image":{"@id":"https:\/\/audi-klaus.at\/shop\/#\/schema\/logo\/image\/"},"sameAs":["https:\/\/www.facebook.com\/audi.klaus.1312\/","https:\/\/www.instagram.com\/audi_klaus\/?igshid=1eca3qu2mdayg"]}]}},"_links":{"self":[{"href":"https:\/\/audi-klaus.at\/shop\/wp-json\/wp\/v2\/product\/2975","targetHints":{"allow":["GET"]}}],"collection":[{"href":"https:\/\/audi-klaus.at\/shop\/wp-json\/wp\/v2\/product"}],"about":[{"href":"https:\/\/audi-klaus.at\/shop\/wp-json\/wp\/v2\/types\/product"}],"wp:featuredmedia":[{"embeddable":true,"href":"https:\/\/audi-klaus.at\/shop\/wp-json\/wp\/v2\/media\/714"}],"wp:attachment":[{"href":"https:\/\/audi-klaus.at\/shop\/wp-json\/wp\/v2\/media?parent=2975"}],"wp:term":[{"taxonomy":"product_brand","embeddable":true,"href":"https:\/\/audi-klaus.at\/shop\/wp-json\/wp\/v2\/product_brand?post=2975"},{"taxonomy":"product_cat","embeddable":true,"href":"https:\/\/audi-klaus.at\/shop\/wp-json\/wp\/v2\/product_cat?post=2975"},{"taxonomy":"product_tag","embeddable":true,"href":"https:\/\/audi-klaus.at\/shop\/wp-json\/wp\/v2\/product_tag?post=2975"}],"curies":[{"name":"wp","href":"https:\/\/api.w.org\/{rel}","templated":true}]}}