{"id":2974,"date":"2021-11-12T12:28:51","date_gmt":"2021-11-12T11:28:51","guid":{"rendered":"http:\/\/audi-klaus.at.server171-han.server-routing.com\/shop\/?post_type=product&#038;p=2974"},"modified":"2026-01-07T20:55:59","modified_gmt":"2026-01-07T19:55:59","slug":"audi-vw-bremsbackensatz-bosch-0986487270","status":"publish","type":"product","link":"https:\/\/audi-klaus.at\/shop\/produkt\/audi-vw-bremsbackensatz-bosch-0986487270\/","title":{"rendered":"Audi 80\/90\/B3\/A2\/8Z\/VW Passat 35i\/B3\/B4\/Polo\/3\/Lupo\/3L\/Vento\/Golf\/3 Bremsbackensatz Bosch 0986487270"},"content":{"rendered":"<p><span style=\"font-family: Source Sans Pro, sans-serif;\"><span style=\"font-size: medium;\"><strong><span style=\"color: #000000;\"><b>VAG Teilenummer<\/b><\/span><\/strong><span style=\"color: #000000;\"><b>: <\/b>Bosch 098 648 7270<\/span><br \/>\n<strong><span style=\"color: #000000;\"><b>Zustand:<\/b><\/span><\/strong><b> <\/b><span style=\"color: #000000;\">Neu<\/span><br \/>\n<strong><span style=\"color: #000000;\"><b>Lieferumfang:<\/b><\/span><\/strong> <span style=\"color: #000000;\">wie in den Original-Abbildungen angegeben<\/span><br \/>\n<span style=\"color: #000000;\">Hinweis: Bitte \u00fcberpr\u00fcfen Sie vor dem Kauf anhand der eindeutigen Teilenummern, ob der Artikel zum Fahrzeug passt, um R\u00fccksendungen zu vermeiden! Trotz Angabe der entsprechenden Fahrzeugdaten ist eine eindeutige Zuordnung nur \u00fcber die Teilenummer m\u00f6glich! Die abgelesene Teilenummer ist die Teilenummer des Teils, welches geliefert wird. Die Originalteilnummer ist diejenige, die bei Neubestellung f\u00fcr dieses Teil gilt und der m\u00f6glicherweise abweichenden, gelieferten Teilenummer entspricht. Sollten weitere Fragen offen sein, kontaktieren Sie uns bitte unter <\/span><a href=\"mailto:office@audi-klaus.at\">office@audi-klaus.at<\/a><\/span><\/span><\/p>\n","protected":false},"excerpt":{"rendered":"<h5><strong><span style=\"font-size: 18pt;\">Marke: VW\/Audi<\/span><\/strong><\/h5>\n<h5><strong><span style=\"font-size: 18pt;\">Modell: 80\/90\/A2\/Caddy\/Fox\/Polo\/Golf\/Jetta\/Vento\/Passat<\/span><\/strong><\/h5>\n<h5><strong><span style=\"font-size: 18pt;\">Typ: B3\/B4\/8Z\/2\/3<\/span><\/strong><\/h5>\n","protected":false},"featured_media":712,"template":"","meta":[],"product_brand":[],"product_cat":[430,1776,1195,32,1283,448,2006,1205,78,1293,1164,2497,1209,81,1395,1165,2500,1216,82,1435,1167,2505,1217,154,1505,1168,1218,167,1515,1172,1219,228,1525,1176,1231,238,1535,1180,1232,309,1655,1190,1242,368,1665,1194,1265],"product_tag":[2952],"class_list":{"0":"post-2974","1":"product","2":"type-product","3":"status-publish","4":"has-post-thumbnail","6":"product_cat-8z-1999-2005","7":"product_cat-vorder-hinterachse-2-9kv-1995-2003","8":"product_cat-3-1h-1990-1998","9":"product_cat-audi","10":"product_cat-vorder-hinterachse-2-191-1983-1992","11":"product_cat-vorder-hinterachse-8z-1999-2005","12":"product_cat-vorder-hinterachse-5z-2005-2011","13":"product_cat-2-165-1983-1992","14":"product_cat-78","15":"product_cat-vorder-hinterachse-3-1h-1990-1998","16":"product_cat-vw","17":"product_cat-servicematerial","18":"product_cat-1h5-1991-1998","19":"product_cat-b3-86","20":"product_cat-vorder-hinterachse-2-165-1983-1992","21":"product_cat-golf","22":"product_cat-aktion","23":"product_cat-2-86c-1981-1990","24":"product_cat-b4-91","25":"product_cat-vorder-hinterachse-1h5-1991-1998","26":"product_cat-jetta","27":"product_cat-bremsen","28":"product_cat-2-2f-1990-1994","29":"product_cat-154","30":"product_cat-vorder-hinterachse-2-2f-1990-1994","31":"product_cat-vento","32":"product_cat-3-6n-1994-1999","33":"product_cat-b3-1987-1991","34":"product_cat-vorder-hinterachse-2-86c-1981-1990","35":"product_cat-polo","36":"product_cat-3-6n2-1999-2001","37":"product_cat-vorder-hinterachse-b3-86","38":"product_cat-vorder-hinterachse-3-6n-1994-1999","39":"product_cat-passat","40":"product_cat-b3-35i-1988-1993","41":"product_cat-vorder-hinterachse-b4-91","42":"product_cat-vorder-hinterachse-3-6n2-1999-2001","43":"product_cat-caddy","44":"product_cat-b4-3a-1993-1997","45":"product_cat-vorder-hinterachse-b3-1987-1991","46":"product_cat-vorder-hinterachse-b3-35i-1988-1993","47":"product_cat-fox","48":"product_cat-2-9kv-1995-2003","49":"product_cat-a2","50":"product_cat-vorder-hinterachse-b4-3a-1993-1997","51":"product_cat-2-191-1983-1992","52":"product_cat-5z-2005-2011","53":"product_tag-bosch-0986487270","55":"first","56":"instock","57":"sale","58":"taxable","59":"shipping-taxable","60":"purchasable","61":"product-type-simple"},"yoast_head":"<!-- This site is optimized with the Yoast SEO plugin v27.3 - https:\/\/yoast.com\/product\/yoast-seo-wordpress\/ -->\n<title>Audi 80\/90\/B3\/A2\/8Z\/VW Passat 35i\/B3\/B4\/Polo\/3\/Lupo\/3L\/Vento\/Golf\/3 Bremsbackensatz Bosch 0986487270 - Audi-Klaus<\/title>\n<meta name=\"description\" content=\"Audi 80\/90\/B3\/A2\/8Z\/VW Passat 35i\/B3\/B4\/Polo\/3\/Lupo\/3L\/Vento\/Golf\/3 Bremsbackensatz Bosch 0986487270 Audi-Klaus Audi 80\/90\/B3\/A2\/8Z\/VW Passat 35i\/B3\/B4\/Polo\/3\/Lupo\/3L\/Vento\/Golf\/3 Bremsbackensatz Bosch 0986487270\" \/>\n<meta name=\"robots\" content=\"index, follow, max-snippet:-1, max-image-preview:large, max-video-preview:-1\" \/>\n<link rel=\"canonical\" href=\"https:\/\/audi-klaus.at\/shop\/produkt\/audi-vw-bremsbackensatz-bosch-0986487270\/\" \/>\n<meta property=\"og:locale\" content=\"de_DE\" \/>\n<meta property=\"og:type\" content=\"article\" \/>\n<meta property=\"og:title\" content=\"Audi 80\/90\/B3\/A2\/8Z\/VW Passat 35i\/B3\/B4\/Polo\/3\/Lupo\/3L\/Vento\/Golf\/3 Bremsbackensatz Bosch 0986487270 - Audi-Klaus\" \/>\n<meta property=\"og:description\" content=\"Audi 80\/90\/B3\/A2\/8Z\/VW Passat 35i\/B3\/B4\/Polo\/3\/Lupo\/3L\/Vento\/Golf\/3 Bremsbackensatz Bosch 0986487270 Audi-Klaus Audi 80\/90\/B3\/A2\/8Z\/VW Passat 35i\/B3\/B4\/Polo\/3\/Lupo\/3L\/Vento\/Golf\/3 Bremsbackensatz Bosch 0986487270\" \/>\n<meta property=\"og:url\" content=\"https:\/\/audi-klaus.at\/shop\/produkt\/audi-vw-bremsbackensatz-bosch-0986487270\/\" \/>\n<meta property=\"og:site_name\" content=\"Audi-Klaus\" \/>\n<meta property=\"article:publisher\" content=\"https:\/\/www.facebook.com\/audi.klaus.1312\/\" \/>\n<meta property=\"article:modified_time\" content=\"2026-01-07T19:55:59+00:00\" \/>\n<meta property=\"og:image\" content=\"https:\/\/audi-klaus.at\/shop\/wp-content\/uploads\/2021\/11\/B148-2.jpg\" \/>\n\t<meta property=\"og:image:width\" content=\"454\" \/>\n\t<meta property=\"og:image:height\" content=\"430\" \/>\n\t<meta property=\"og:image:type\" content=\"image\/jpeg\" \/>\n<meta name=\"twitter:card\" content=\"summary_large_image\" \/>\n<meta name=\"twitter:label1\" content=\"Gesch\u00e4tzte Lesezeit\" \/>\n\t<meta name=\"twitter:data1\" content=\"1 Minute\" \/>\n<script type=\"application\/ld+json\" class=\"yoast-schema-graph\">{\"@context\":\"https:\\\/\\\/schema.org\",\"@graph\":[{\"@type\":\"WebPage\",\"@id\":\"https:\\\/\\\/audi-klaus.at\\\/shop\\\/produkt\\\/audi-vw-bremsbackensatz-bosch-0986487270\\\/\",\"url\":\"https:\\\/\\\/audi-klaus.at\\\/shop\\\/produkt\\\/audi-vw-bremsbackensatz-bosch-0986487270\\\/\",\"name\":\"Audi 80\\\/90\\\/B3\\\/A2\\\/8Z\\\/VW Passat 35i\\\/B3\\\/B4\\\/Polo\\\/3\\\/Lupo\\\/3L\\\/Vento\\\/Golf\\\/3 Bremsbackensatz Bosch 0986487270 - Audi-Klaus\",\"isPartOf\":{\"@id\":\"https:\\\/\\\/audi-klaus.at\\\/shop\\\/#website\"},\"primaryImageOfPage\":{\"@id\":\"https:\\\/\\\/audi-klaus.at\\\/shop\\\/produkt\\\/audi-vw-bremsbackensatz-bosch-0986487270\\\/#primaryimage\"},\"image\":{\"@id\":\"https:\\\/\\\/audi-klaus.at\\\/shop\\\/produkt\\\/audi-vw-bremsbackensatz-bosch-0986487270\\\/#primaryimage\"},\"thumbnailUrl\":\"https:\\\/\\\/audi-klaus.at\\\/shop\\\/wp-content\\\/uploads\\\/2021\\\/11\\\/B148-2.jpg\",\"datePublished\":\"2021-11-12T11:28:51+00:00\",\"dateModified\":\"2026-01-07T19:55:59+00:00\",\"description\":\"Audi 80\\\/90\\\/B3\\\/A2\\\/8Z\\\/VW Passat 35i\\\/B3\\\/B4\\\/Polo\\\/3\\\/Lupo\\\/3L\\\/Vento\\\/Golf\\\/3 Bremsbackensatz Bosch 0986487270 Audi-Klaus Audi 80\\\/90\\\/B3\\\/A2\\\/8Z\\\/VW Passat 35i\\\/B3\\\/B4\\\/Polo\\\/3\\\/Lupo\\\/3L\\\/Vento\\\/Golf\\\/3 Bremsbackensatz Bosch 0986487270\",\"breadcrumb\":{\"@id\":\"https:\\\/\\\/audi-klaus.at\\\/shop\\\/produkt\\\/audi-vw-bremsbackensatz-bosch-0986487270\\\/#breadcrumb\"},\"inLanguage\":\"de-AT\",\"potentialAction\":[{\"@type\":\"ReadAction\",\"target\":[\"https:\\\/\\\/audi-klaus.at\\\/shop\\\/produkt\\\/audi-vw-bremsbackensatz-bosch-0986487270\\\/\"]}]},{\"@type\":\"ImageObject\",\"inLanguage\":\"de-AT\",\"@id\":\"https:\\\/\\\/audi-klaus.at\\\/shop\\\/produkt\\\/audi-vw-bremsbackensatz-bosch-0986487270\\\/#primaryimage\",\"url\":\"https:\\\/\\\/audi-klaus.at\\\/shop\\\/wp-content\\\/uploads\\\/2021\\\/11\\\/B148-2.jpg\",\"contentUrl\":\"https:\\\/\\\/audi-klaus.at\\\/shop\\\/wp-content\\\/uploads\\\/2021\\\/11\\\/B148-2.jpg\",\"width\":454,\"height\":430},{\"@type\":\"BreadcrumbList\",\"@id\":\"https:\\\/\\\/audi-klaus.at\\\/shop\\\/produkt\\\/audi-vw-bremsbackensatz-bosch-0986487270\\\/#breadcrumb\",\"itemListElement\":[{\"@type\":\"ListItem\",\"position\":1,\"name\":\"Startseite\",\"item\":\"https:\\\/\\\/audi-klaus.at\\\/shop\\\/\"},{\"@type\":\"ListItem\",\"position\":2,\"name\":\"Shop\",\"item\":\"https:\\\/\\\/audi-klaus.at\\\/shop\\\/\"},{\"@type\":\"ListItem\",\"position\":3,\"name\":\"Audi 80\\\/90\\\/B3\\\/A2\\\/8Z\\\/VW Passat 35i\\\/B3\\\/B4\\\/Polo\\\/3\\\/Lupo\\\/3L\\\/Vento\\\/Golf\\\/3 Bremsbackensatz Bosch 0986487270\"}]},{\"@type\":\"WebSite\",\"@id\":\"https:\\\/\\\/audi-klaus.at\\\/shop\\\/#website\",\"url\":\"https:\\\/\\\/audi-klaus.at\\\/shop\\\/\",\"name\":\"Audi-Klaus\",\"description\":\"Ihr Gebrauchtteile Spezialist f\u00fcr die Marken Audi, VW (VAG)\",\"publisher\":{\"@id\":\"https:\\\/\\\/audi-klaus.at\\\/shop\\\/#organization\"},\"potentialAction\":[{\"@type\":\"SearchAction\",\"target\":{\"@type\":\"EntryPoint\",\"urlTemplate\":\"https:\\\/\\\/audi-klaus.at\\\/shop\\\/?s={search_term_string}\"},\"query-input\":{\"@type\":\"PropertyValueSpecification\",\"valueRequired\":true,\"valueName\":\"search_term_string\"}}],\"inLanguage\":\"de-AT\"},{\"@type\":\"Organization\",\"@id\":\"https:\\\/\\\/audi-klaus.at\\\/shop\\\/#organization\",\"name\":\"Audi-Klaus\",\"url\":\"https:\\\/\\\/audi-klaus.at\\\/shop\\\/\",\"logo\":{\"@type\":\"ImageObject\",\"inLanguage\":\"de-AT\",\"@id\":\"https:\\\/\\\/audi-klaus.at\\\/shop\\\/#\\\/schema\\\/logo\\\/image\\\/\",\"url\":\"https:\\\/\\\/audi-klaus.at\\\/shop\\\/wp-content\\\/uploads\\\/2024\\\/10\\\/Logo-Shop.webp\",\"contentUrl\":\"https:\\\/\\\/audi-klaus.at\\\/shop\\\/wp-content\\\/uploads\\\/2024\\\/10\\\/Logo-Shop.webp\",\"width\":470,\"height\":164,\"caption\":\"Audi-Klaus\"},\"image\":{\"@id\":\"https:\\\/\\\/audi-klaus.at\\\/shop\\\/#\\\/schema\\\/logo\\\/image\\\/\"},\"sameAs\":[\"https:\\\/\\\/www.facebook.com\\\/audi.klaus.1312\\\/\",\"https:\\\/\\\/www.instagram.com\\\/audi_klaus\\\/?igshid=1eca3qu2mdayg\"]}]}<\/script>\n<!-- \/ Yoast SEO plugin. -->","yoast_head_json":{"title":"Audi 80\/90\/B3\/A2\/8Z\/VW Passat 35i\/B3\/B4\/Polo\/3\/Lupo\/3L\/Vento\/Golf\/3 Bremsbackensatz Bosch 0986487270 - Audi-Klaus","description":"Audi 80\/90\/B3\/A2\/8Z\/VW Passat 35i\/B3\/B4\/Polo\/3\/Lupo\/3L\/Vento\/Golf\/3 Bremsbackensatz Bosch 0986487270 Audi-Klaus Audi 80\/90\/B3\/A2\/8Z\/VW Passat 35i\/B3\/B4\/Polo\/3\/Lupo\/3L\/Vento\/Golf\/3 Bremsbackensatz Bosch 0986487270","robots":{"index":"index","follow":"follow","max-snippet":"max-snippet:-1","max-image-preview":"max-image-preview:large","max-video-preview":"max-video-preview:-1"},"canonical":"https:\/\/audi-klaus.at\/shop\/produkt\/audi-vw-bremsbackensatz-bosch-0986487270\/","og_locale":"de_DE","og_type":"article","og_title":"Audi 80\/90\/B3\/A2\/8Z\/VW Passat 35i\/B3\/B4\/Polo\/3\/Lupo\/3L\/Vento\/Golf\/3 Bremsbackensatz Bosch 0986487270 - Audi-Klaus","og_description":"Audi 80\/90\/B3\/A2\/8Z\/VW Passat 35i\/B3\/B4\/Polo\/3\/Lupo\/3L\/Vento\/Golf\/3 Bremsbackensatz Bosch 0986487270 Audi-Klaus Audi 80\/90\/B3\/A2\/8Z\/VW Passat 35i\/B3\/B4\/Polo\/3\/Lupo\/3L\/Vento\/Golf\/3 Bremsbackensatz Bosch 0986487270","og_url":"https:\/\/audi-klaus.at\/shop\/produkt\/audi-vw-bremsbackensatz-bosch-0986487270\/","og_site_name":"Audi-Klaus","article_publisher":"https:\/\/www.facebook.com\/audi.klaus.1312\/","article_modified_time":"2026-01-07T19:55:59+00:00","og_image":[{"width":454,"height":430,"url":"https:\/\/audi-klaus.at\/shop\/wp-content\/uploads\/2021\/11\/B148-2.jpg","type":"image\/jpeg"}],"twitter_card":"summary_large_image","twitter_misc":{"Gesch\u00e4tzte Lesezeit":"1 Minute"},"schema":{"@context":"https:\/\/schema.org","@graph":[{"@type":"WebPage","@id":"https:\/\/audi-klaus.at\/shop\/produkt\/audi-vw-bremsbackensatz-bosch-0986487270\/","url":"https:\/\/audi-klaus.at\/shop\/produkt\/audi-vw-bremsbackensatz-bosch-0986487270\/","name":"Audi 80\/90\/B3\/A2\/8Z\/VW Passat 35i\/B3\/B4\/Polo\/3\/Lupo\/3L\/Vento\/Golf\/3 Bremsbackensatz Bosch 0986487270 - Audi-Klaus","isPartOf":{"@id":"https:\/\/audi-klaus.at\/shop\/#website"},"primaryImageOfPage":{"@id":"https:\/\/audi-klaus.at\/shop\/produkt\/audi-vw-bremsbackensatz-bosch-0986487270\/#primaryimage"},"image":{"@id":"https:\/\/audi-klaus.at\/shop\/produkt\/audi-vw-bremsbackensatz-bosch-0986487270\/#primaryimage"},"thumbnailUrl":"https:\/\/audi-klaus.at\/shop\/wp-content\/uploads\/2021\/11\/B148-2.jpg","datePublished":"2021-11-12T11:28:51+00:00","dateModified":"2026-01-07T19:55:59+00:00","description":"Audi 80\/90\/B3\/A2\/8Z\/VW Passat 35i\/B3\/B4\/Polo\/3\/Lupo\/3L\/Vento\/Golf\/3 Bremsbackensatz Bosch 0986487270 Audi-Klaus Audi 80\/90\/B3\/A2\/8Z\/VW Passat 35i\/B3\/B4\/Polo\/3\/Lupo\/3L\/Vento\/Golf\/3 Bremsbackensatz Bosch 0986487270","breadcrumb":{"@id":"https:\/\/audi-klaus.at\/shop\/produkt\/audi-vw-bremsbackensatz-bosch-0986487270\/#breadcrumb"},"inLanguage":"de-AT","potentialAction":[{"@type":"ReadAction","target":["https:\/\/audi-klaus.at\/shop\/produkt\/audi-vw-bremsbackensatz-bosch-0986487270\/"]}]},{"@type":"ImageObject","inLanguage":"de-AT","@id":"https:\/\/audi-klaus.at\/shop\/produkt\/audi-vw-bremsbackensatz-bosch-0986487270\/#primaryimage","url":"https:\/\/audi-klaus.at\/shop\/wp-content\/uploads\/2021\/11\/B148-2.jpg","contentUrl":"https:\/\/audi-klaus.at\/shop\/wp-content\/uploads\/2021\/11\/B148-2.jpg","width":454,"height":430},{"@type":"BreadcrumbList","@id":"https:\/\/audi-klaus.at\/shop\/produkt\/audi-vw-bremsbackensatz-bosch-0986487270\/#breadcrumb","itemListElement":[{"@type":"ListItem","position":1,"name":"Startseite","item":"https:\/\/audi-klaus.at\/shop\/"},{"@type":"ListItem","position":2,"name":"Shop","item":"https:\/\/audi-klaus.at\/shop\/"},{"@type":"ListItem","position":3,"name":"Audi 80\/90\/B3\/A2\/8Z\/VW Passat 35i\/B3\/B4\/Polo\/3\/Lupo\/3L\/Vento\/Golf\/3 Bremsbackensatz Bosch 0986487270"}]},{"@type":"WebSite","@id":"https:\/\/audi-klaus.at\/shop\/#website","url":"https:\/\/audi-klaus.at\/shop\/","name":"Audi-Klaus","description":"Ihr Gebrauchtteile Spezialist f\u00fcr die Marken Audi, VW (VAG)","publisher":{"@id":"https:\/\/audi-klaus.at\/shop\/#organization"},"potentialAction":[{"@type":"SearchAction","target":{"@type":"EntryPoint","urlTemplate":"https:\/\/audi-klaus.at\/shop\/?s={search_term_string}"},"query-input":{"@type":"PropertyValueSpecification","valueRequired":true,"valueName":"search_term_string"}}],"inLanguage":"de-AT"},{"@type":"Organization","@id":"https:\/\/audi-klaus.at\/shop\/#organization","name":"Audi-Klaus","url":"https:\/\/audi-klaus.at\/shop\/","logo":{"@type":"ImageObject","inLanguage":"de-AT","@id":"https:\/\/audi-klaus.at\/shop\/#\/schema\/logo\/image\/","url":"https:\/\/audi-klaus.at\/shop\/wp-content\/uploads\/2024\/10\/Logo-Shop.webp","contentUrl":"https:\/\/audi-klaus.at\/shop\/wp-content\/uploads\/2024\/10\/Logo-Shop.webp","width":470,"height":164,"caption":"Audi-Klaus"},"image":{"@id":"https:\/\/audi-klaus.at\/shop\/#\/schema\/logo\/image\/"},"sameAs":["https:\/\/www.facebook.com\/audi.klaus.1312\/","https:\/\/www.instagram.com\/audi_klaus\/?igshid=1eca3qu2mdayg"]}]}},"_links":{"self":[{"href":"https:\/\/audi-klaus.at\/shop\/wp-json\/wp\/v2\/product\/2974","targetHints":{"allow":["GET"]}}],"collection":[{"href":"https:\/\/audi-klaus.at\/shop\/wp-json\/wp\/v2\/product"}],"about":[{"href":"https:\/\/audi-klaus.at\/shop\/wp-json\/wp\/v2\/types\/product"}],"wp:featuredmedia":[{"embeddable":true,"href":"https:\/\/audi-klaus.at\/shop\/wp-json\/wp\/v2\/media\/712"}],"wp:attachment":[{"href":"https:\/\/audi-klaus.at\/shop\/wp-json\/wp\/v2\/media?parent=2974"}],"wp:term":[{"taxonomy":"product_brand","embeddable":true,"href":"https:\/\/audi-klaus.at\/shop\/wp-json\/wp\/v2\/product_brand?post=2974"},{"taxonomy":"product_cat","embeddable":true,"href":"https:\/\/audi-klaus.at\/shop\/wp-json\/wp\/v2\/product_cat?post=2974"},{"taxonomy":"product_tag","embeddable":true,"href":"https:\/\/audi-klaus.at\/shop\/wp-json\/wp\/v2\/product_tag?post=2974"}],"curies":[{"name":"wp","href":"https:\/\/api.w.org\/{rel}","templated":true}]}}