{"id":2971,"date":"2021-11-12T12:18:12","date_gmt":"2021-11-12T11:18:12","guid":{"rendered":"http:\/\/audi-klaus.at.server171-han.server-routing.com\/shop\/?post_type=product&#038;p=2971"},"modified":"2026-01-07T20:55:59","modified_gmt":"2026-01-07T19:55:59","slug":"audi-a3-8l-tt-vw-caddy-2-corrado-golf-2-3-vento-jetta-2-passat-b3-b4-abs-ring-hinten-neu-febi23826","status":"publish","type":"product","link":"https:\/\/audi-klaus.at\/shop\/produkt\/audi-a3-8l-tt-vw-caddy-2-corrado-golf-2-3-vento-jetta-2-passat-b3-b4-abs-ring-hinten-neu-febi23826\/","title":{"rendered":"Audi A3\/8L\/TT VW Caddy\/2\/Corrado\/Golf\/2\/3\/Vento\/Jetta\/2\/Passat\/b3\/B4 ABS Ring Hinten NEU Febi23826"},"content":{"rendered":"<p><span style=\"font-family: Source Sans Pro, sans-serif\"><span style=\"font-size: medium\"><strong><span style=\"color: #000000\"><b>VAG Teilenummer<\/b><\/span><\/strong><span style=\"color: #000000\"><b>: <\/b>Febi 238 26<\/span><br \/>\n<strong><span style=\"color: #000000\"><b>Zustand:<\/b><\/span><\/strong><b> <\/b><span style=\"color: #000000\">Neu<\/span><br \/>\n<strong><span style=\"color: #000000\"><b>Lieferumfang:<\/b><\/span><\/strong> <span style=\"color: #000000\">wie in den Original-Abbildungen angegeben<\/span><br \/>\n<span style=\"color: #000000\">Hinweis: Bitte \u00fcberpr\u00fcfen Sie vor dem Kauf anhand der eindeutigen Teilenummern, ob der Artikel zum Fahrzeug passt, um R\u00fccksendungen zu vermeiden! Trotz Angabe der entsprechenden Fahrzeugdaten ist eine eindeutige Zuordnung nur \u00fcber die Teilenummer m\u00f6glich! Die abgelesene Teilenummer ist die Teilenummer des Teils, welches geliefert wird. Die Originalteilnummer ist diejenige, die bei Neubestellung f\u00fcr dieses Teil gilt und der m\u00f6glicherweise abweichenden, gelieferten Teilenummer entspricht. Sollten weitere Fragen offen sein, kontaktieren Sie uns bitte unter <\/span><a href=\"mailto:office@audi-klaus.at\">office@audi-klaus.at<\/a><\/span><\/span><\/p>\n","protected":false},"excerpt":{"rendered":"<h5><strong><span style=\"font-size: 18pt\">Marke: VW\/Audi<\/span><\/strong><\/h5>\n<h5><strong><span style=\"font-size: 18pt\">Modell: A3\/TT\/Caddy\/Corrado\/Golf\/Vento\/Passat\/Jetta<\/span><\/strong><\/h5>\n<h5><strong><span style=\"font-size: 18pt\">Typ: 8L\/2\/3\/B3\/B4<\/span><\/strong><\/h5>\n","protected":false},"featured_media":708,"template":"","meta":[],"product_brand":[],"product_cat":[1194,1395,369,1195,1435,453,1205,1485,462,1209,1655,1164,1214,1665,1165,1231,1776,1167,1232,1786,1168,1242,2497,1171,1243,2505,1176,1283,1180,1293,32],"product_tag":[2949],"class_list":{"0":"post-2971","1":"product","2":"type-product","3":"status-publish","4":"has-post-thumbnail","6":"product_cat-2-191-1983-1992","7":"product_cat-vorder-hinterachse-2-165-1983-1992","8":"product_cat-a3","9":"product_cat-3-1h-1990-1998","10":"product_cat-vorder-hinterachse-1h5-1991-1998","11":"product_cat-8l-1996-2003","12":"product_cat-2-165-1983-1992","13":"product_cat-vorder-hinterachse-53i-1988-1995","14":"product_cat-vorder-hinterachse-8l-1996-2003","15":"product_cat-1h5-1991-1998","16":"product_cat-vorder-hinterachse-b3-35i-1988-1993","17":"product_cat-vw","18":"product_cat-53i-1988-1995","19":"product_cat-vorder-hinterachse-b4-3a-1993-1997","20":"product_cat-golf","21":"product_cat-b3-35i-1988-1993","22":"product_cat-vorder-hinterachse-2-9kv-1995-2003","23":"product_cat-jetta","24":"product_cat-b4-3a-1993-1997","25":"product_cat-vorder-hinterachse-3-2k-2003-2010","26":"product_cat-vento","27":"product_cat-2-9kv-1995-2003","28":"product_cat-servicematerial","29":"product_cat-corrado","30":"product_cat-3-2k-2003-2015","31":"product_cat-bremsen","32":"product_cat-passat","33":"product_cat-vorder-hinterachse-2-191-1983-1992","34":"product_cat-caddy","35":"product_cat-vorder-hinterachse-3-1h-1990-1998","36":"product_cat-audi","37":"product_tag-febi23826","39":"first","40":"instock","41":"taxable","42":"shipping-taxable","43":"purchasable","44":"product-type-simple"},"yoast_head":"<!-- This site is optimized with the Yoast SEO plugin v27.3 - https:\/\/yoast.com\/product\/yoast-seo-wordpress\/ -->\n<title>Audi A3\/8L\/TT VW Caddy\/2\/Corrado\/Golf\/2\/3\/Vento\/Jetta\/2\/Passat\/b3\/B4 ABS Ring Hinten NEU Febi23826 - Audi-Klaus<\/title>\n<meta name=\"robots\" content=\"index, follow, max-snippet:-1, max-image-preview:large, max-video-preview:-1\" \/>\n<link rel=\"canonical\" href=\"https:\/\/audi-klaus.at\/shop\/produkt\/audi-a3-8l-tt-vw-caddy-2-corrado-golf-2-3-vento-jetta-2-passat-b3-b4-abs-ring-hinten-neu-febi23826\/\" \/>\n<meta property=\"og:locale\" content=\"de_DE\" \/>\n<meta property=\"og:type\" content=\"article\" \/>\n<meta property=\"og:title\" content=\"Audi A3\/8L\/TT VW Caddy\/2\/Corrado\/Golf\/2\/3\/Vento\/Jetta\/2\/Passat\/b3\/B4 ABS Ring Hinten NEU Febi23826 - Audi-Klaus\" \/>\n<meta property=\"og:description\" content=\"Marke: VW\/Audi Modell: A3\/TT\/Caddy\/Corrado\/Golf\/Vento\/Passat\/Jetta Typ: 8L\/2\/3\/B3\/B4\" \/>\n<meta property=\"og:url\" content=\"https:\/\/audi-klaus.at\/shop\/produkt\/audi-a3-8l-tt-vw-caddy-2-corrado-golf-2-3-vento-jetta-2-passat-b3-b4-abs-ring-hinten-neu-febi23826\/\" \/>\n<meta property=\"og:site_name\" content=\"Audi-Klaus\" \/>\n<meta property=\"article:publisher\" content=\"https:\/\/www.facebook.com\/audi.klaus.1312\/\" \/>\n<meta property=\"article:modified_time\" content=\"2026-01-07T19:55:59+00:00\" \/>\n<meta property=\"og:image\" content=\"https:\/\/audi-klaus.at\/shop\/wp-content\/uploads\/2021\/11\/B146-2.jpg\" \/>\n\t<meta property=\"og:image:width\" content=\"380\" \/>\n\t<meta property=\"og:image:height\" content=\"430\" \/>\n\t<meta property=\"og:image:type\" content=\"image\/jpeg\" \/>\n<meta name=\"twitter:card\" content=\"summary_large_image\" \/>\n<script type=\"application\/ld+json\" class=\"yoast-schema-graph\">{\"@context\":\"https:\\\/\\\/schema.org\",\"@graph\":[{\"@type\":\"WebPage\",\"@id\":\"https:\\\/\\\/audi-klaus.at\\\/shop\\\/produkt\\\/audi-a3-8l-tt-vw-caddy-2-corrado-golf-2-3-vento-jetta-2-passat-b3-b4-abs-ring-hinten-neu-febi23826\\\/\",\"url\":\"https:\\\/\\\/audi-klaus.at\\\/shop\\\/produkt\\\/audi-a3-8l-tt-vw-caddy-2-corrado-golf-2-3-vento-jetta-2-passat-b3-b4-abs-ring-hinten-neu-febi23826\\\/\",\"name\":\"Audi A3\\\/8L\\\/TT VW Caddy\\\/2\\\/Corrado\\\/Golf\\\/2\\\/3\\\/Vento\\\/Jetta\\\/2\\\/Passat\\\/b3\\\/B4 ABS Ring Hinten NEU Febi23826 - Audi-Klaus\",\"isPartOf\":{\"@id\":\"https:\\\/\\\/audi-klaus.at\\\/shop\\\/#website\"},\"primaryImageOfPage\":{\"@id\":\"https:\\\/\\\/audi-klaus.at\\\/shop\\\/produkt\\\/audi-a3-8l-tt-vw-caddy-2-corrado-golf-2-3-vento-jetta-2-passat-b3-b4-abs-ring-hinten-neu-febi23826\\\/#primaryimage\"},\"image\":{\"@id\":\"https:\\\/\\\/audi-klaus.at\\\/shop\\\/produkt\\\/audi-a3-8l-tt-vw-caddy-2-corrado-golf-2-3-vento-jetta-2-passat-b3-b4-abs-ring-hinten-neu-febi23826\\\/#primaryimage\"},\"thumbnailUrl\":\"https:\\\/\\\/audi-klaus.at\\\/shop\\\/wp-content\\\/uploads\\\/2021\\\/11\\\/B146-2.jpg\",\"datePublished\":\"2021-11-12T11:18:12+00:00\",\"dateModified\":\"2026-01-07T19:55:59+00:00\",\"breadcrumb\":{\"@id\":\"https:\\\/\\\/audi-klaus.at\\\/shop\\\/produkt\\\/audi-a3-8l-tt-vw-caddy-2-corrado-golf-2-3-vento-jetta-2-passat-b3-b4-abs-ring-hinten-neu-febi23826\\\/#breadcrumb\"},\"inLanguage\":\"de-AT\",\"potentialAction\":[{\"@type\":\"ReadAction\",\"target\":[\"https:\\\/\\\/audi-klaus.at\\\/shop\\\/produkt\\\/audi-a3-8l-tt-vw-caddy-2-corrado-golf-2-3-vento-jetta-2-passat-b3-b4-abs-ring-hinten-neu-febi23826\\\/\"]}]},{\"@type\":\"ImageObject\",\"inLanguage\":\"de-AT\",\"@id\":\"https:\\\/\\\/audi-klaus.at\\\/shop\\\/produkt\\\/audi-a3-8l-tt-vw-caddy-2-corrado-golf-2-3-vento-jetta-2-passat-b3-b4-abs-ring-hinten-neu-febi23826\\\/#primaryimage\",\"url\":\"https:\\\/\\\/audi-klaus.at\\\/shop\\\/wp-content\\\/uploads\\\/2021\\\/11\\\/B146-2.jpg\",\"contentUrl\":\"https:\\\/\\\/audi-klaus.at\\\/shop\\\/wp-content\\\/uploads\\\/2021\\\/11\\\/B146-2.jpg\",\"width\":380,\"height\":430},{\"@type\":\"BreadcrumbList\",\"@id\":\"https:\\\/\\\/audi-klaus.at\\\/shop\\\/produkt\\\/audi-a3-8l-tt-vw-caddy-2-corrado-golf-2-3-vento-jetta-2-passat-b3-b4-abs-ring-hinten-neu-febi23826\\\/#breadcrumb\",\"itemListElement\":[{\"@type\":\"ListItem\",\"position\":1,\"name\":\"Startseite\",\"item\":\"https:\\\/\\\/audi-klaus.at\\\/shop\\\/\"},{\"@type\":\"ListItem\",\"position\":2,\"name\":\"Shop\",\"item\":\"https:\\\/\\\/audi-klaus.at\\\/shop\\\/\"},{\"@type\":\"ListItem\",\"position\":3,\"name\":\"Audi A3\\\/8L\\\/TT VW Caddy\\\/2\\\/Corrado\\\/Golf\\\/2\\\/3\\\/Vento\\\/Jetta\\\/2\\\/Passat\\\/b3\\\/B4 ABS Ring Hinten NEU Febi23826\"}]},{\"@type\":\"WebSite\",\"@id\":\"https:\\\/\\\/audi-klaus.at\\\/shop\\\/#website\",\"url\":\"https:\\\/\\\/audi-klaus.at\\\/shop\\\/\",\"name\":\"Audi-Klaus\",\"description\":\"Ihr Gebrauchtteile Spezialist f\u00fcr die Marken Audi, VW (VAG)\",\"publisher\":{\"@id\":\"https:\\\/\\\/audi-klaus.at\\\/shop\\\/#organization\"},\"potentialAction\":[{\"@type\":\"SearchAction\",\"target\":{\"@type\":\"EntryPoint\",\"urlTemplate\":\"https:\\\/\\\/audi-klaus.at\\\/shop\\\/?s={search_term_string}\"},\"query-input\":{\"@type\":\"PropertyValueSpecification\",\"valueRequired\":true,\"valueName\":\"search_term_string\"}}],\"inLanguage\":\"de-AT\"},{\"@type\":\"Organization\",\"@id\":\"https:\\\/\\\/audi-klaus.at\\\/shop\\\/#organization\",\"name\":\"Audi-Klaus\",\"url\":\"https:\\\/\\\/audi-klaus.at\\\/shop\\\/\",\"logo\":{\"@type\":\"ImageObject\",\"inLanguage\":\"de-AT\",\"@id\":\"https:\\\/\\\/audi-klaus.at\\\/shop\\\/#\\\/schema\\\/logo\\\/image\\\/\",\"url\":\"https:\\\/\\\/audi-klaus.at\\\/shop\\\/wp-content\\\/uploads\\\/2024\\\/10\\\/Logo-Shop.webp\",\"contentUrl\":\"https:\\\/\\\/audi-klaus.at\\\/shop\\\/wp-content\\\/uploads\\\/2024\\\/10\\\/Logo-Shop.webp\",\"width\":470,\"height\":164,\"caption\":\"Audi-Klaus\"},\"image\":{\"@id\":\"https:\\\/\\\/audi-klaus.at\\\/shop\\\/#\\\/schema\\\/logo\\\/image\\\/\"},\"sameAs\":[\"https:\\\/\\\/www.facebook.com\\\/audi.klaus.1312\\\/\",\"https:\\\/\\\/www.instagram.com\\\/audi_klaus\\\/?igshid=1eca3qu2mdayg\"]}]}<\/script>\n<!-- \/ Yoast SEO plugin. -->","yoast_head_json":{"title":"Audi A3\/8L\/TT VW Caddy\/2\/Corrado\/Golf\/2\/3\/Vento\/Jetta\/2\/Passat\/b3\/B4 ABS Ring Hinten NEU Febi23826 - Audi-Klaus","robots":{"index":"index","follow":"follow","max-snippet":"max-snippet:-1","max-image-preview":"max-image-preview:large","max-video-preview":"max-video-preview:-1"},"canonical":"https:\/\/audi-klaus.at\/shop\/produkt\/audi-a3-8l-tt-vw-caddy-2-corrado-golf-2-3-vento-jetta-2-passat-b3-b4-abs-ring-hinten-neu-febi23826\/","og_locale":"de_DE","og_type":"article","og_title":"Audi A3\/8L\/TT VW Caddy\/2\/Corrado\/Golf\/2\/3\/Vento\/Jetta\/2\/Passat\/b3\/B4 ABS Ring Hinten NEU Febi23826 - Audi-Klaus","og_description":"Marke: VW\/Audi Modell: A3\/TT\/Caddy\/Corrado\/Golf\/Vento\/Passat\/Jetta Typ: 8L\/2\/3\/B3\/B4","og_url":"https:\/\/audi-klaus.at\/shop\/produkt\/audi-a3-8l-tt-vw-caddy-2-corrado-golf-2-3-vento-jetta-2-passat-b3-b4-abs-ring-hinten-neu-febi23826\/","og_site_name":"Audi-Klaus","article_publisher":"https:\/\/www.facebook.com\/audi.klaus.1312\/","article_modified_time":"2026-01-07T19:55:59+00:00","og_image":[{"width":380,"height":430,"url":"https:\/\/audi-klaus.at\/shop\/wp-content\/uploads\/2021\/11\/B146-2.jpg","type":"image\/jpeg"}],"twitter_card":"summary_large_image","schema":{"@context":"https:\/\/schema.org","@graph":[{"@type":"WebPage","@id":"https:\/\/audi-klaus.at\/shop\/produkt\/audi-a3-8l-tt-vw-caddy-2-corrado-golf-2-3-vento-jetta-2-passat-b3-b4-abs-ring-hinten-neu-febi23826\/","url":"https:\/\/audi-klaus.at\/shop\/produkt\/audi-a3-8l-tt-vw-caddy-2-corrado-golf-2-3-vento-jetta-2-passat-b3-b4-abs-ring-hinten-neu-febi23826\/","name":"Audi A3\/8L\/TT VW Caddy\/2\/Corrado\/Golf\/2\/3\/Vento\/Jetta\/2\/Passat\/b3\/B4 ABS Ring Hinten NEU Febi23826 - Audi-Klaus","isPartOf":{"@id":"https:\/\/audi-klaus.at\/shop\/#website"},"primaryImageOfPage":{"@id":"https:\/\/audi-klaus.at\/shop\/produkt\/audi-a3-8l-tt-vw-caddy-2-corrado-golf-2-3-vento-jetta-2-passat-b3-b4-abs-ring-hinten-neu-febi23826\/#primaryimage"},"image":{"@id":"https:\/\/audi-klaus.at\/shop\/produkt\/audi-a3-8l-tt-vw-caddy-2-corrado-golf-2-3-vento-jetta-2-passat-b3-b4-abs-ring-hinten-neu-febi23826\/#primaryimage"},"thumbnailUrl":"https:\/\/audi-klaus.at\/shop\/wp-content\/uploads\/2021\/11\/B146-2.jpg","datePublished":"2021-11-12T11:18:12+00:00","dateModified":"2026-01-07T19:55:59+00:00","breadcrumb":{"@id":"https:\/\/audi-klaus.at\/shop\/produkt\/audi-a3-8l-tt-vw-caddy-2-corrado-golf-2-3-vento-jetta-2-passat-b3-b4-abs-ring-hinten-neu-febi23826\/#breadcrumb"},"inLanguage":"de-AT","potentialAction":[{"@type":"ReadAction","target":["https:\/\/audi-klaus.at\/shop\/produkt\/audi-a3-8l-tt-vw-caddy-2-corrado-golf-2-3-vento-jetta-2-passat-b3-b4-abs-ring-hinten-neu-febi23826\/"]}]},{"@type":"ImageObject","inLanguage":"de-AT","@id":"https:\/\/audi-klaus.at\/shop\/produkt\/audi-a3-8l-tt-vw-caddy-2-corrado-golf-2-3-vento-jetta-2-passat-b3-b4-abs-ring-hinten-neu-febi23826\/#primaryimage","url":"https:\/\/audi-klaus.at\/shop\/wp-content\/uploads\/2021\/11\/B146-2.jpg","contentUrl":"https:\/\/audi-klaus.at\/shop\/wp-content\/uploads\/2021\/11\/B146-2.jpg","width":380,"height":430},{"@type":"BreadcrumbList","@id":"https:\/\/audi-klaus.at\/shop\/produkt\/audi-a3-8l-tt-vw-caddy-2-corrado-golf-2-3-vento-jetta-2-passat-b3-b4-abs-ring-hinten-neu-febi23826\/#breadcrumb","itemListElement":[{"@type":"ListItem","position":1,"name":"Startseite","item":"https:\/\/audi-klaus.at\/shop\/"},{"@type":"ListItem","position":2,"name":"Shop","item":"https:\/\/audi-klaus.at\/shop\/"},{"@type":"ListItem","position":3,"name":"Audi A3\/8L\/TT VW Caddy\/2\/Corrado\/Golf\/2\/3\/Vento\/Jetta\/2\/Passat\/b3\/B4 ABS Ring Hinten NEU Febi23826"}]},{"@type":"WebSite","@id":"https:\/\/audi-klaus.at\/shop\/#website","url":"https:\/\/audi-klaus.at\/shop\/","name":"Audi-Klaus","description":"Ihr Gebrauchtteile Spezialist f\u00fcr die Marken Audi, VW (VAG)","publisher":{"@id":"https:\/\/audi-klaus.at\/shop\/#organization"},"potentialAction":[{"@type":"SearchAction","target":{"@type":"EntryPoint","urlTemplate":"https:\/\/audi-klaus.at\/shop\/?s={search_term_string}"},"query-input":{"@type":"PropertyValueSpecification","valueRequired":true,"valueName":"search_term_string"}}],"inLanguage":"de-AT"},{"@type":"Organization","@id":"https:\/\/audi-klaus.at\/shop\/#organization","name":"Audi-Klaus","url":"https:\/\/audi-klaus.at\/shop\/","logo":{"@type":"ImageObject","inLanguage":"de-AT","@id":"https:\/\/audi-klaus.at\/shop\/#\/schema\/logo\/image\/","url":"https:\/\/audi-klaus.at\/shop\/wp-content\/uploads\/2024\/10\/Logo-Shop.webp","contentUrl":"https:\/\/audi-klaus.at\/shop\/wp-content\/uploads\/2024\/10\/Logo-Shop.webp","width":470,"height":164,"caption":"Audi-Klaus"},"image":{"@id":"https:\/\/audi-klaus.at\/shop\/#\/schema\/logo\/image\/"},"sameAs":["https:\/\/www.facebook.com\/audi.klaus.1312\/","https:\/\/www.instagram.com\/audi_klaus\/?igshid=1eca3qu2mdayg"]}]}},"_links":{"self":[{"href":"https:\/\/audi-klaus.at\/shop\/wp-json\/wp\/v2\/product\/2971","targetHints":{"allow":["GET"]}}],"collection":[{"href":"https:\/\/audi-klaus.at\/shop\/wp-json\/wp\/v2\/product"}],"about":[{"href":"https:\/\/audi-klaus.at\/shop\/wp-json\/wp\/v2\/types\/product"}],"wp:featuredmedia":[{"embeddable":true,"href":"https:\/\/audi-klaus.at\/shop\/wp-json\/wp\/v2\/media\/708"}],"wp:attachment":[{"href":"https:\/\/audi-klaus.at\/shop\/wp-json\/wp\/v2\/media?parent=2971"}],"wp:term":[{"taxonomy":"product_brand","embeddable":true,"href":"https:\/\/audi-klaus.at\/shop\/wp-json\/wp\/v2\/product_brand?post=2971"},{"taxonomy":"product_cat","embeddable":true,"href":"https:\/\/audi-klaus.at\/shop\/wp-json\/wp\/v2\/product_cat?post=2971"},{"taxonomy":"product_tag","embeddable":true,"href":"https:\/\/audi-klaus.at\/shop\/wp-json\/wp\/v2\/product_tag?post=2971"}],"curies":[{"name":"wp","href":"https:\/\/api.w.org\/{rel}","templated":true}]}}