{"id":2942,"date":"2021-11-12T09:28:29","date_gmt":"2021-11-12T08:28:29","guid":{"rendered":"http:\/\/audi-klaus.at.server171-han.server-routing.com\/shop\/?post_type=product&#038;p=2942"},"modified":"2026-01-07T20:55:58","modified_gmt":"2026-01-07T19:55:58","slug":"audi-80-90-coupe-typ-81-85-urquattro-lenksaeulenverkleidung-schwarz-811953516-515","status":"publish","type":"product","link":"https:\/\/audi-klaus.at\/shop\/produkt\/audi-80-90-coupe-typ-81-85-urquattro-lenksaeulenverkleidung-schwarz-811953516-515\/","title":{"rendered":"Audi 80\/90\/Coup\u00e9 Typ 81\/85 Urquattro Lenks\u00e4ulenverkleidung schwarz 811953516\/515"},"content":{"rendered":"<p class=\"western\"><span style=\"font-size: 12pt;\"><span style=\"color: #060606;\"><span style=\"font-family: Verdana, serif;\"><b>VAG Teilenummer<\/b><\/span><\/span><span style=\"color: #060606;\"><span style=\"font-family: Verdana, serif;\">: 811 953 516\/515<\/span><\/span><\/span><\/p>\n<p class=\"western\"><span style=\"font-size: 12pt;\"><span style=\"color: #060606;\"><span style=\"font-family: Verdana, serif;\"><b>Zustand:<\/b><\/span><\/span><span style=\"color: #060606;\"><span style=\"font-family: Verdana, serif;\">\u00a0 <\/span><\/span><span style=\"color: #060606;\"><span style=\"font-family: Verdana, serif;\"><span lang=\"de-DE\">Gebraucht<\/span><\/span><\/span><\/span><\/p>\n<p class=\"western\"><span style=\"font-size: 12pt;\"><span style=\"color: #060606;\"><span style=\"font-family: Verdana, serif;\"><b>Lieferumfang:<\/b><\/span><\/span><span style=\"color: #060606;\"><span style=\"font-family: Verdana, serif;\">\u00a0wie in den Original-Abbildungen angegeben<\/span><\/span><\/span><\/p>\n<p class=\"western\"><span style=\"font-size: 12pt;\"><span style=\"color: #060606;\"><span style=\"font-family: Verdana, serif;\"><b>Hinweis:<\/b><\/span><\/span><span style=\"color: #060606;\"><span style=\"font-family: Verdana, serif;\">\u00a0Bitte \u00fcberpr\u00fcfen Sie vor dem Kauf anhand der eindeutigen Teilenummern, ob der Artikel zum Fahrzeug passt, um R\u00fccksendungen zu vermeiden! Trotz Angabe der entsprechenden Fahrzeugdaten ist eine eindeutige Zuordnung nur \u00fcber die Teilenummer m\u00f6glich! Die abgelesene Teilenummer ist die Teilenummer des Teils, welches geliefert wird. Die Originalteilnummer ist diejenige, die bei Neubestellung f\u00fcr dieses Teil gilt und der m\u00f6glicherweise abweichenden, gelieferten Teilenummer entspricht. Sollten weitere Fragen offen sein, kontaktieren Sie uns bitte unter\u00a0<\/span><\/span><a href=\"mailto:office@audi-klaus.at\"><span style=\"color: #0000ff;\"><span style=\"font-family: Verdana, serif;\"><u>office@audi-klaus.at<\/u><\/span><\/span><\/a><\/span><\/p>\n","protected":false},"excerpt":{"rendered":"<h5><strong><span style=\"font-size: 18pt;\">Marke: Audi<\/span><\/strong><\/h5>\n<h5><strong><span style=\"font-size: 18pt;\">Modell: 80\/90\/Coup\u00e9\/Urquattro<\/span><\/strong><\/h5>\n<h5><strong><span style=\"font-size: 18pt;\">Typ: 81\/85<\/span><\/strong><\/h5>\n","protected":false},"featured_media":1140,"template":"","meta":[],"product_brand":[],"product_cat":[166,213,253,294,32,78,80,85,86,154],"product_tag":[2906,2907],"class_list":{"0":"post-2942","1":"product","2":"type-product","3":"status-publish","4":"has-post-thumbnail","6":"product_cat-b2-type81-85-1984-1987","7":"product_cat-innenraum-b2-78","8":"product_cat-innenraum-b2-80","9":"product_cat-innenraum-b2-1984-1987","10":"product_cat-audi","11":"product_cat-78","12":"product_cat-b2-typ81-85-78","13":"product_cat-coupe80","14":"product_cat-b2-type81-85-80","15":"product_cat-154","16":"product_tag-2906","17":"product_tag-2907","19":"first","20":"instock","21":"taxable","22":"shipping-taxable","23":"purchasable","24":"product-type-simple"},"yoast_head":"<!-- This site is optimized with the Yoast SEO plugin v27.3 - https:\/\/yoast.com\/product\/yoast-seo-wordpress\/ -->\n<title>Audi 80\/90\/Coup\u00e9 Typ 81\/85 Urquattro Lenks\u00e4ulenverkleidung schwarz 811953516\/515 - Audi-Klaus<\/title>\n<meta name=\"robots\" content=\"index, follow, max-snippet:-1, max-image-preview:large, max-video-preview:-1\" \/>\n<link rel=\"canonical\" href=\"https:\/\/audi-klaus.at\/shop\/produkt\/audi-80-90-coupe-typ-81-85-urquattro-lenksaeulenverkleidung-schwarz-811953516-515\/\" \/>\n<meta property=\"og:locale\" content=\"de_DE\" \/>\n<meta property=\"og:type\" content=\"article\" \/>\n<meta property=\"og:title\" content=\"Audi 80\/90\/Coup\u00e9 Typ 81\/85 Urquattro Lenks\u00e4ulenverkleidung schwarz 811953516\/515 - Audi-Klaus\" \/>\n<meta property=\"og:description\" content=\"Marke: Audi Modell: 80\/90\/Coup\u00e9\/Urquattro Typ: 81\/85\" \/>\n<meta property=\"og:url\" content=\"https:\/\/audi-klaus.at\/shop\/produkt\/audi-80-90-coupe-typ-81-85-urquattro-lenksaeulenverkleidung-schwarz-811953516-515\/\" \/>\n<meta property=\"og:site_name\" content=\"Audi-Klaus\" \/>\n<meta property=\"article:publisher\" content=\"https:\/\/www.facebook.com\/audi.klaus.1312\/\" \/>\n<meta property=\"article:modified_time\" content=\"2026-01-07T19:55:58+00:00\" \/>\n<meta property=\"og:image\" content=\"https:\/\/audi-klaus.at\/shop\/wp-content\/uploads\/2021\/11\/IA000125-2.jpg\" \/>\n\t<meta property=\"og:image:width\" content=\"418\" \/>\n\t<meta property=\"og:image:height\" content=\"418\" \/>\n\t<meta property=\"og:image:type\" content=\"image\/jpeg\" \/>\n<meta name=\"twitter:card\" content=\"summary_large_image\" \/>\n<meta name=\"twitter:label1\" content=\"Gesch\u00e4tzte Lesezeit\" \/>\n\t<meta name=\"twitter:data1\" content=\"1 Minute\" \/>\n<script type=\"application\/ld+json\" class=\"yoast-schema-graph\">{\"@context\":\"https:\\\/\\\/schema.org\",\"@graph\":[{\"@type\":\"WebPage\",\"@id\":\"https:\\\/\\\/audi-klaus.at\\\/shop\\\/produkt\\\/audi-80-90-coupe-typ-81-85-urquattro-lenksaeulenverkleidung-schwarz-811953516-515\\\/\",\"url\":\"https:\\\/\\\/audi-klaus.at\\\/shop\\\/produkt\\\/audi-80-90-coupe-typ-81-85-urquattro-lenksaeulenverkleidung-schwarz-811953516-515\\\/\",\"name\":\"Audi 80\\\/90\\\/Coup\u00e9 Typ 81\\\/85 Urquattro Lenks\u00e4ulenverkleidung schwarz 811953516\\\/515 - Audi-Klaus\",\"isPartOf\":{\"@id\":\"https:\\\/\\\/audi-klaus.at\\\/shop\\\/#website\"},\"primaryImageOfPage\":{\"@id\":\"https:\\\/\\\/audi-klaus.at\\\/shop\\\/produkt\\\/audi-80-90-coupe-typ-81-85-urquattro-lenksaeulenverkleidung-schwarz-811953516-515\\\/#primaryimage\"},\"image\":{\"@id\":\"https:\\\/\\\/audi-klaus.at\\\/shop\\\/produkt\\\/audi-80-90-coupe-typ-81-85-urquattro-lenksaeulenverkleidung-schwarz-811953516-515\\\/#primaryimage\"},\"thumbnailUrl\":\"https:\\\/\\\/audi-klaus.at\\\/shop\\\/wp-content\\\/uploads\\\/2021\\\/11\\\/IA000125-2.jpg\",\"datePublished\":\"2021-11-12T08:28:29+00:00\",\"dateModified\":\"2026-01-07T19:55:58+00:00\",\"breadcrumb\":{\"@id\":\"https:\\\/\\\/audi-klaus.at\\\/shop\\\/produkt\\\/audi-80-90-coupe-typ-81-85-urquattro-lenksaeulenverkleidung-schwarz-811953516-515\\\/#breadcrumb\"},\"inLanguage\":\"de-AT\",\"potentialAction\":[{\"@type\":\"ReadAction\",\"target\":[\"https:\\\/\\\/audi-klaus.at\\\/shop\\\/produkt\\\/audi-80-90-coupe-typ-81-85-urquattro-lenksaeulenverkleidung-schwarz-811953516-515\\\/\"]}]},{\"@type\":\"ImageObject\",\"inLanguage\":\"de-AT\",\"@id\":\"https:\\\/\\\/audi-klaus.at\\\/shop\\\/produkt\\\/audi-80-90-coupe-typ-81-85-urquattro-lenksaeulenverkleidung-schwarz-811953516-515\\\/#primaryimage\",\"url\":\"https:\\\/\\\/audi-klaus.at\\\/shop\\\/wp-content\\\/uploads\\\/2021\\\/11\\\/IA000125-2.jpg\",\"contentUrl\":\"https:\\\/\\\/audi-klaus.at\\\/shop\\\/wp-content\\\/uploads\\\/2021\\\/11\\\/IA000125-2.jpg\",\"width\":418,\"height\":418},{\"@type\":\"BreadcrumbList\",\"@id\":\"https:\\\/\\\/audi-klaus.at\\\/shop\\\/produkt\\\/audi-80-90-coupe-typ-81-85-urquattro-lenksaeulenverkleidung-schwarz-811953516-515\\\/#breadcrumb\",\"itemListElement\":[{\"@type\":\"ListItem\",\"position\":1,\"name\":\"Startseite\",\"item\":\"https:\\\/\\\/audi-klaus.at\\\/shop\\\/\"},{\"@type\":\"ListItem\",\"position\":2,\"name\":\"Shop\",\"item\":\"https:\\\/\\\/audi-klaus.at\\\/shop\\\/\"},{\"@type\":\"ListItem\",\"position\":3,\"name\":\"Audi 80\\\/90\\\/Coup\u00e9 Typ 81\\\/85 Urquattro Lenks\u00e4ulenverkleidung schwarz 811953516\\\/515\"}]},{\"@type\":\"WebSite\",\"@id\":\"https:\\\/\\\/audi-klaus.at\\\/shop\\\/#website\",\"url\":\"https:\\\/\\\/audi-klaus.at\\\/shop\\\/\",\"name\":\"Audi-Klaus\",\"description\":\"Ihr Gebrauchtteile Spezialist f\u00fcr die Marken Audi, VW (VAG)\",\"publisher\":{\"@id\":\"https:\\\/\\\/audi-klaus.at\\\/shop\\\/#organization\"},\"potentialAction\":[{\"@type\":\"SearchAction\",\"target\":{\"@type\":\"EntryPoint\",\"urlTemplate\":\"https:\\\/\\\/audi-klaus.at\\\/shop\\\/?s={search_term_string}\"},\"query-input\":{\"@type\":\"PropertyValueSpecification\",\"valueRequired\":true,\"valueName\":\"search_term_string\"}}],\"inLanguage\":\"de-AT\"},{\"@type\":\"Organization\",\"@id\":\"https:\\\/\\\/audi-klaus.at\\\/shop\\\/#organization\",\"name\":\"Audi-Klaus\",\"url\":\"https:\\\/\\\/audi-klaus.at\\\/shop\\\/\",\"logo\":{\"@type\":\"ImageObject\",\"inLanguage\":\"de-AT\",\"@id\":\"https:\\\/\\\/audi-klaus.at\\\/shop\\\/#\\\/schema\\\/logo\\\/image\\\/\",\"url\":\"https:\\\/\\\/audi-klaus.at\\\/shop\\\/wp-content\\\/uploads\\\/2024\\\/10\\\/Logo-Shop.webp\",\"contentUrl\":\"https:\\\/\\\/audi-klaus.at\\\/shop\\\/wp-content\\\/uploads\\\/2024\\\/10\\\/Logo-Shop.webp\",\"width\":470,\"height\":164,\"caption\":\"Audi-Klaus\"},\"image\":{\"@id\":\"https:\\\/\\\/audi-klaus.at\\\/shop\\\/#\\\/schema\\\/logo\\\/image\\\/\"},\"sameAs\":[\"https:\\\/\\\/www.facebook.com\\\/audi.klaus.1312\\\/\",\"https:\\\/\\\/www.instagram.com\\\/audi_klaus\\\/?igshid=1eca3qu2mdayg\"]}]}<\/script>\n<!-- \/ Yoast SEO plugin. -->","yoast_head_json":{"title":"Audi 80\/90\/Coup\u00e9 Typ 81\/85 Urquattro Lenks\u00e4ulenverkleidung schwarz 811953516\/515 - Audi-Klaus","robots":{"index":"index","follow":"follow","max-snippet":"max-snippet:-1","max-image-preview":"max-image-preview:large","max-video-preview":"max-video-preview:-1"},"canonical":"https:\/\/audi-klaus.at\/shop\/produkt\/audi-80-90-coupe-typ-81-85-urquattro-lenksaeulenverkleidung-schwarz-811953516-515\/","og_locale":"de_DE","og_type":"article","og_title":"Audi 80\/90\/Coup\u00e9 Typ 81\/85 Urquattro Lenks\u00e4ulenverkleidung schwarz 811953516\/515 - Audi-Klaus","og_description":"Marke: Audi Modell: 80\/90\/Coup\u00e9\/Urquattro Typ: 81\/85","og_url":"https:\/\/audi-klaus.at\/shop\/produkt\/audi-80-90-coupe-typ-81-85-urquattro-lenksaeulenverkleidung-schwarz-811953516-515\/","og_site_name":"Audi-Klaus","article_publisher":"https:\/\/www.facebook.com\/audi.klaus.1312\/","article_modified_time":"2026-01-07T19:55:58+00:00","og_image":[{"width":418,"height":418,"url":"https:\/\/audi-klaus.at\/shop\/wp-content\/uploads\/2021\/11\/IA000125-2.jpg","type":"image\/jpeg"}],"twitter_card":"summary_large_image","twitter_misc":{"Gesch\u00e4tzte Lesezeit":"1 Minute"},"schema":{"@context":"https:\/\/schema.org","@graph":[{"@type":"WebPage","@id":"https:\/\/audi-klaus.at\/shop\/produkt\/audi-80-90-coupe-typ-81-85-urquattro-lenksaeulenverkleidung-schwarz-811953516-515\/","url":"https:\/\/audi-klaus.at\/shop\/produkt\/audi-80-90-coupe-typ-81-85-urquattro-lenksaeulenverkleidung-schwarz-811953516-515\/","name":"Audi 80\/90\/Coup\u00e9 Typ 81\/85 Urquattro Lenks\u00e4ulenverkleidung schwarz 811953516\/515 - Audi-Klaus","isPartOf":{"@id":"https:\/\/audi-klaus.at\/shop\/#website"},"primaryImageOfPage":{"@id":"https:\/\/audi-klaus.at\/shop\/produkt\/audi-80-90-coupe-typ-81-85-urquattro-lenksaeulenverkleidung-schwarz-811953516-515\/#primaryimage"},"image":{"@id":"https:\/\/audi-klaus.at\/shop\/produkt\/audi-80-90-coupe-typ-81-85-urquattro-lenksaeulenverkleidung-schwarz-811953516-515\/#primaryimage"},"thumbnailUrl":"https:\/\/audi-klaus.at\/shop\/wp-content\/uploads\/2021\/11\/IA000125-2.jpg","datePublished":"2021-11-12T08:28:29+00:00","dateModified":"2026-01-07T19:55:58+00:00","breadcrumb":{"@id":"https:\/\/audi-klaus.at\/shop\/produkt\/audi-80-90-coupe-typ-81-85-urquattro-lenksaeulenverkleidung-schwarz-811953516-515\/#breadcrumb"},"inLanguage":"de-AT","potentialAction":[{"@type":"ReadAction","target":["https:\/\/audi-klaus.at\/shop\/produkt\/audi-80-90-coupe-typ-81-85-urquattro-lenksaeulenverkleidung-schwarz-811953516-515\/"]}]},{"@type":"ImageObject","inLanguage":"de-AT","@id":"https:\/\/audi-klaus.at\/shop\/produkt\/audi-80-90-coupe-typ-81-85-urquattro-lenksaeulenverkleidung-schwarz-811953516-515\/#primaryimage","url":"https:\/\/audi-klaus.at\/shop\/wp-content\/uploads\/2021\/11\/IA000125-2.jpg","contentUrl":"https:\/\/audi-klaus.at\/shop\/wp-content\/uploads\/2021\/11\/IA000125-2.jpg","width":418,"height":418},{"@type":"BreadcrumbList","@id":"https:\/\/audi-klaus.at\/shop\/produkt\/audi-80-90-coupe-typ-81-85-urquattro-lenksaeulenverkleidung-schwarz-811953516-515\/#breadcrumb","itemListElement":[{"@type":"ListItem","position":1,"name":"Startseite","item":"https:\/\/audi-klaus.at\/shop\/"},{"@type":"ListItem","position":2,"name":"Shop","item":"https:\/\/audi-klaus.at\/shop\/"},{"@type":"ListItem","position":3,"name":"Audi 80\/90\/Coup\u00e9 Typ 81\/85 Urquattro Lenks\u00e4ulenverkleidung schwarz 811953516\/515"}]},{"@type":"WebSite","@id":"https:\/\/audi-klaus.at\/shop\/#website","url":"https:\/\/audi-klaus.at\/shop\/","name":"Audi-Klaus","description":"Ihr Gebrauchtteile Spezialist f\u00fcr die Marken Audi, VW (VAG)","publisher":{"@id":"https:\/\/audi-klaus.at\/shop\/#organization"},"potentialAction":[{"@type":"SearchAction","target":{"@type":"EntryPoint","urlTemplate":"https:\/\/audi-klaus.at\/shop\/?s={search_term_string}"},"query-input":{"@type":"PropertyValueSpecification","valueRequired":true,"valueName":"search_term_string"}}],"inLanguage":"de-AT"},{"@type":"Organization","@id":"https:\/\/audi-klaus.at\/shop\/#organization","name":"Audi-Klaus","url":"https:\/\/audi-klaus.at\/shop\/","logo":{"@type":"ImageObject","inLanguage":"de-AT","@id":"https:\/\/audi-klaus.at\/shop\/#\/schema\/logo\/image\/","url":"https:\/\/audi-klaus.at\/shop\/wp-content\/uploads\/2024\/10\/Logo-Shop.webp","contentUrl":"https:\/\/audi-klaus.at\/shop\/wp-content\/uploads\/2024\/10\/Logo-Shop.webp","width":470,"height":164,"caption":"Audi-Klaus"},"image":{"@id":"https:\/\/audi-klaus.at\/shop\/#\/schema\/logo\/image\/"},"sameAs":["https:\/\/www.facebook.com\/audi.klaus.1312\/","https:\/\/www.instagram.com\/audi_klaus\/?igshid=1eca3qu2mdayg"]}]}},"_links":{"self":[{"href":"https:\/\/audi-klaus.at\/shop\/wp-json\/wp\/v2\/product\/2942","targetHints":{"allow":["GET"]}}],"collection":[{"href":"https:\/\/audi-klaus.at\/shop\/wp-json\/wp\/v2\/product"}],"about":[{"href":"https:\/\/audi-klaus.at\/shop\/wp-json\/wp\/v2\/types\/product"}],"wp:featuredmedia":[{"embeddable":true,"href":"https:\/\/audi-klaus.at\/shop\/wp-json\/wp\/v2\/media\/1140"}],"wp:attachment":[{"href":"https:\/\/audi-klaus.at\/shop\/wp-json\/wp\/v2\/media?parent=2942"}],"wp:term":[{"taxonomy":"product_brand","embeddable":true,"href":"https:\/\/audi-klaus.at\/shop\/wp-json\/wp\/v2\/product_brand?post=2942"},{"taxonomy":"product_cat","embeddable":true,"href":"https:\/\/audi-klaus.at\/shop\/wp-json\/wp\/v2\/product_cat?post=2942"},{"taxonomy":"product_tag","embeddable":true,"href":"https:\/\/audi-klaus.at\/shop\/wp-json\/wp\/v2\/product_tag?post=2942"}],"curies":[{"name":"wp","href":"https:\/\/api.w.org\/{rel}","templated":true}]}}