{"id":2912,"date":"2021-11-11T15:41:17","date_gmt":"2021-11-11T14:41:17","guid":{"rendered":"http:\/\/audi-klaus.at.server171-han.server-routing.com\/shop\/?post_type=product&#038;p=2912"},"modified":"2026-01-07T20:55:56","modified_gmt":"2026-01-07T19:55:56","slug":"audi-a6-4f-a3-8p-skoda-superb-2-bremskloetze-set-neu-trw-gdb1616","status":"publish","type":"product","link":"https:\/\/audi-klaus.at\/shop\/produkt\/audi-a6-4f-a3-8p-skoda-superb-2-bremskloetze-set-neu-trw-gdb1616\/","title":{"rendered":"Audi\/A6\/4F\/A3\/8P\/Skoda\/Superb\/2 Bremskl\u00f6tze SET NEU TRW GDB1616"},"content":{"rendered":"<p><span style=\"font-family: Source Sans Pro, sans-serif\"><span style=\"font-size: medium\"><strong><span style=\"color: #000000\"><b>VAG Teilenummer<\/b><\/span><\/strong><span style=\"color: #000000\"><b>: <\/b>TRW GDB 1616<\/span><br \/>\n<strong><span style=\"color: #000000\"><b>Zustand:<\/b><\/span><\/strong><b> <\/b><span style=\"color: #000000\">Neu<\/span><br \/>\n<strong><span style=\"color: #000000\"><b>Lieferumfang:<\/b><\/span><\/strong> <span style=\"color: #000000\">wie in den Original-Abbildungen angegeben<\/span><br \/>\n<span style=\"color: #000000\">Hinweis: Bitte \u00fcberpr\u00fcfen Sie vor dem Kauf anhand der eindeutigen Teilenummern, ob der Artikel zum Fahrzeug passt, um R\u00fccksendungen zu vermeiden! Trotz Angabe der entsprechenden Fahrzeugdaten ist eine eindeutige Zuordnung nur \u00fcber die Teilenummer m\u00f6glich! Die abgelesene Teilenummer ist die Teilenummer des Teils, welches geliefert wird. Die Originalteilnummer ist diejenige, die bei Neubestellung f\u00fcr dieses Teil gilt und der m\u00f6glicherweise abweichenden, gelieferten Teilenummer entspricht. Sollten weitere Fragen offen sein, kontaktieren Sie uns bitte unter <\/span><a href=\"mailto:office@audi-klaus.at\">office@audi-klaus.at<\/a><\/span><\/span><\/p>\n","protected":false},"excerpt":{"rendered":"<h5><strong><span style=\"font-size: 18pt\">Marke: Audi, Skoda, VW<\/span><\/strong><\/h5>\n<h5><strong><span style=\"font-size: 18pt\">Modell: A6,A3,Caddy,Golf,Jetta,Passat,Scirocco,Superb<\/span><\/strong><\/h5>\n<h5><strong><span style=\"font-size: 18pt\">Typ: 4f,8P,3,5,6,B6,B7,CC,3,2<\/span><\/strong><\/h5>\n","protected":false},"featured_media":683,"template":"","meta":[],"product_brand":[],"product_cat":[1167,1786,1212,1379,1170,2046,1213,1395,1176,2049,1234,1405,1180,2050,1235,1415,1194,2051,1236,32,1465,1195,2199,1242,369,1475,1197,2209,1243,454,1685,1198,2219,1283,472,1695,1205,2497,1293,1164,1715,1206,2505,1313,1165,1776,1207,1323],"product_tag":[2866,2865],"class_list":{"0":"post-2912","1":"product","2":"type-product","3":"status-publish","4":"has-post-thumbnail","6":"product_cat-jetta","7":"product_cat-vorder-hinterachse-3-2k-2003-2010","8":"product_cat-2-53b-1981-1992","9":"product_cat-skoda","10":"product_cat-scirocco","11":"product_cat-superb","12":"product_cat-3-2008-2014","13":"product_cat-vorder-hinterachse-2-165-1983-1992","14":"product_cat-passat","15":"product_cat-2-3t-2008-2015","16":"product_cat-b6-3c-2005-2010","17":"product_cat-vorder-hinterachse-5-1k2-2005-2010","18":"product_cat-caddy","19":"product_cat-2-3t-fl-2013-2015","20":"product_cat-cc-3c-2008-2012","21":"product_cat-vorder-hinterachse-6-162-2010-2014","22":"product_cat-2-191-1983-1992","23":"product_cat-3-3v-2015-2019","24":"product_cat-b7-3c-2010-2014","25":"product_cat-audi","26":"product_cat-vorder-hinterachse-2-53b-1981-1992","27":"product_cat-3-1h-1990-1998","28":"product_cat-vorder-hinterachse-2-3t-2008-2015","29":"product_cat-2-9kv-1995-2003","30":"product_cat-a3","31":"product_cat-vorder-hinterachse-3-2008-2014","32":"product_cat-5-1k-2003-2010","33":"product_cat-vorder-hinterachse-2-3t-fl-2013-2015","34":"product_cat-3-2k-2003-2015","35":"product_cat-8p-2003-2013","36":"product_cat-vorder-hinterachse-b6-3c-2005-2010","37":"product_cat-6-5k-2008-2014","38":"product_cat-vorder-hinterachse-3-3v-2015-2019","39":"product_cat-vorder-hinterachse-2-191-1983-1992","40":"product_cat-vorder-hinterachse-8p-2003-2013","41":"product_cat-vorder-hinterachse-b7-3c-2010-2014","42":"product_cat-2-165-1983-1992","43":"product_cat-servicematerial","44":"product_cat-vorder-hinterachse-3-1h-1990-1998","45":"product_cat-vw","46":"product_cat-vorder-hinterachse-cc-3c-2008-2012","47":"product_cat-5-1k2-2005-2010","48":"product_cat-bremsen","49":"product_cat-vorder-hinterachse-5-1k-2003-2010","50":"product_cat-golf","51":"product_cat-vorder-hinterachse-2-9kv-1995-2003","52":"product_cat-6-162-2010-2014","53":"product_cat-vorder-hinterachse-6-5k-2008-2014","54":"product_tag-trwgdb1616","55":"product_tag-trw-gdb1616","57":"first","58":"instock","59":"taxable","60":"shipping-taxable","61":"purchasable","62":"product-type-simple"},"yoast_head":"<!-- This site is optimized with the Yoast SEO plugin v27.4 - https:\/\/yoast.com\/product\/yoast-seo-wordpress\/ -->\n<title>Audi\/A6\/4F\/A3\/8P\/Skoda\/Superb\/2 Bremskl\u00f6tze SET NEU TRW GDB1616 - Audi-Klaus<\/title>\n<meta name=\"robots\" content=\"index, follow, max-snippet:-1, max-image-preview:large, max-video-preview:-1\" \/>\n<link rel=\"canonical\" href=\"https:\/\/audi-klaus.at\/shop\/produkt\/audi-a6-4f-a3-8p-skoda-superb-2-bremskloetze-set-neu-trw-gdb1616\/\" \/>\n<meta property=\"og:locale\" content=\"de_DE\" \/>\n<meta property=\"og:type\" content=\"article\" \/>\n<meta property=\"og:title\" content=\"Audi\/A6\/4F\/A3\/8P\/Skoda\/Superb\/2 Bremskl\u00f6tze SET NEU TRW GDB1616 - Audi-Klaus\" \/>\n<meta property=\"og:description\" content=\"Marke: Audi, Skoda, VW Modell: A6,A3,Caddy,Golf,Jetta,Passat,Scirocco,Superb Typ: 4f,8P,3,5,6,B6,B7,CC,3,2\" \/>\n<meta property=\"og:url\" content=\"https:\/\/audi-klaus.at\/shop\/produkt\/audi-a6-4f-a3-8p-skoda-superb-2-bremskloetze-set-neu-trw-gdb1616\/\" \/>\n<meta property=\"og:site_name\" content=\"Audi-Klaus\" \/>\n<meta property=\"article:publisher\" content=\"https:\/\/www.facebook.com\/audi.klaus.1312\/\" \/>\n<meta property=\"article:modified_time\" content=\"2026-01-07T19:55:56+00:00\" \/>\n<meta property=\"og:image\" content=\"https:\/\/audi-klaus.at\/shop\/wp-content\/uploads\/2021\/11\/B134-2.jpg\" \/>\n\t<meta property=\"og:image:width\" content=\"608\" \/>\n\t<meta property=\"og:image:height\" content=\"430\" \/>\n\t<meta property=\"og:image:type\" content=\"image\/jpeg\" \/>\n<meta name=\"twitter:card\" content=\"summary_large_image\" \/>\n<script type=\"application\/ld+json\" class=\"yoast-schema-graph\">{\"@context\":\"https:\\\/\\\/schema.org\",\"@graph\":[{\"@type\":\"WebPage\",\"@id\":\"https:\\\/\\\/audi-klaus.at\\\/shop\\\/produkt\\\/audi-a6-4f-a3-8p-skoda-superb-2-bremskloetze-set-neu-trw-gdb1616\\\/\",\"url\":\"https:\\\/\\\/audi-klaus.at\\\/shop\\\/produkt\\\/audi-a6-4f-a3-8p-skoda-superb-2-bremskloetze-set-neu-trw-gdb1616\\\/\",\"name\":\"Audi\\\/A6\\\/4F\\\/A3\\\/8P\\\/Skoda\\\/Superb\\\/2 Bremskl\u00f6tze SET NEU TRW GDB1616 - Audi-Klaus\",\"isPartOf\":{\"@id\":\"https:\\\/\\\/audi-klaus.at\\\/shop\\\/#website\"},\"primaryImageOfPage\":{\"@id\":\"https:\\\/\\\/audi-klaus.at\\\/shop\\\/produkt\\\/audi-a6-4f-a3-8p-skoda-superb-2-bremskloetze-set-neu-trw-gdb1616\\\/#primaryimage\"},\"image\":{\"@id\":\"https:\\\/\\\/audi-klaus.at\\\/shop\\\/produkt\\\/audi-a6-4f-a3-8p-skoda-superb-2-bremskloetze-set-neu-trw-gdb1616\\\/#primaryimage\"},\"thumbnailUrl\":\"https:\\\/\\\/audi-klaus.at\\\/shop\\\/wp-content\\\/uploads\\\/2021\\\/11\\\/B134-2.jpg\",\"datePublished\":\"2021-11-11T14:41:17+00:00\",\"dateModified\":\"2026-01-07T19:55:56+00:00\",\"breadcrumb\":{\"@id\":\"https:\\\/\\\/audi-klaus.at\\\/shop\\\/produkt\\\/audi-a6-4f-a3-8p-skoda-superb-2-bremskloetze-set-neu-trw-gdb1616\\\/#breadcrumb\"},\"inLanguage\":\"de-AT\",\"potentialAction\":[{\"@type\":\"ReadAction\",\"target\":[\"https:\\\/\\\/audi-klaus.at\\\/shop\\\/produkt\\\/audi-a6-4f-a3-8p-skoda-superb-2-bremskloetze-set-neu-trw-gdb1616\\\/\"]}]},{\"@type\":\"ImageObject\",\"inLanguage\":\"de-AT\",\"@id\":\"https:\\\/\\\/audi-klaus.at\\\/shop\\\/produkt\\\/audi-a6-4f-a3-8p-skoda-superb-2-bremskloetze-set-neu-trw-gdb1616\\\/#primaryimage\",\"url\":\"https:\\\/\\\/audi-klaus.at\\\/shop\\\/wp-content\\\/uploads\\\/2021\\\/11\\\/B134-2.jpg\",\"contentUrl\":\"https:\\\/\\\/audi-klaus.at\\\/shop\\\/wp-content\\\/uploads\\\/2021\\\/11\\\/B134-2.jpg\",\"width\":608,\"height\":430},{\"@type\":\"BreadcrumbList\",\"@id\":\"https:\\\/\\\/audi-klaus.at\\\/shop\\\/produkt\\\/audi-a6-4f-a3-8p-skoda-superb-2-bremskloetze-set-neu-trw-gdb1616\\\/#breadcrumb\",\"itemListElement\":[{\"@type\":\"ListItem\",\"position\":1,\"name\":\"Startseite\",\"item\":\"https:\\\/\\\/audi-klaus.at\\\/shop\\\/\"},{\"@type\":\"ListItem\",\"position\":2,\"name\":\"Shop\",\"item\":\"https:\\\/\\\/audi-klaus.at\\\/shop\\\/\"},{\"@type\":\"ListItem\",\"position\":3,\"name\":\"Audi\\\/A6\\\/4F\\\/A3\\\/8P\\\/Skoda\\\/Superb\\\/2 Bremskl\u00f6tze SET NEU TRW GDB1616\"}]},{\"@type\":\"WebSite\",\"@id\":\"https:\\\/\\\/audi-klaus.at\\\/shop\\\/#website\",\"url\":\"https:\\\/\\\/audi-klaus.at\\\/shop\\\/\",\"name\":\"Audi-Klaus\",\"description\":\"Ihr Gebrauchtteile Spezialist f\u00fcr die Marken Audi, VW (VAG)\",\"publisher\":{\"@id\":\"https:\\\/\\\/audi-klaus.at\\\/shop\\\/#organization\"},\"potentialAction\":[{\"@type\":\"SearchAction\",\"target\":{\"@type\":\"EntryPoint\",\"urlTemplate\":\"https:\\\/\\\/audi-klaus.at\\\/shop\\\/?s={search_term_string}\"},\"query-input\":{\"@type\":\"PropertyValueSpecification\",\"valueRequired\":true,\"valueName\":\"search_term_string\"}}],\"inLanguage\":\"de-AT\"},{\"@type\":\"Organization\",\"@id\":\"https:\\\/\\\/audi-klaus.at\\\/shop\\\/#organization\",\"name\":\"Audi-Klaus\",\"url\":\"https:\\\/\\\/audi-klaus.at\\\/shop\\\/\",\"logo\":{\"@type\":\"ImageObject\",\"inLanguage\":\"de-AT\",\"@id\":\"https:\\\/\\\/audi-klaus.at\\\/shop\\\/#\\\/schema\\\/logo\\\/image\\\/\",\"url\":\"https:\\\/\\\/audi-klaus.at\\\/shop\\\/wp-content\\\/uploads\\\/2024\\\/10\\\/Logo-Shop.webp\",\"contentUrl\":\"https:\\\/\\\/audi-klaus.at\\\/shop\\\/wp-content\\\/uploads\\\/2024\\\/10\\\/Logo-Shop.webp\",\"width\":470,\"height\":164,\"caption\":\"Audi-Klaus\"},\"image\":{\"@id\":\"https:\\\/\\\/audi-klaus.at\\\/shop\\\/#\\\/schema\\\/logo\\\/image\\\/\"},\"sameAs\":[\"https:\\\/\\\/www.facebook.com\\\/audi.klaus.1312\\\/\",\"https:\\\/\\\/www.instagram.com\\\/audi_klaus\\\/?igshid=1eca3qu2mdayg\"]}]}<\/script>\n<!-- \/ Yoast SEO plugin. -->","yoast_head_json":{"title":"Audi\/A6\/4F\/A3\/8P\/Skoda\/Superb\/2 Bremskl\u00f6tze SET NEU TRW GDB1616 - Audi-Klaus","robots":{"index":"index","follow":"follow","max-snippet":"max-snippet:-1","max-image-preview":"max-image-preview:large","max-video-preview":"max-video-preview:-1"},"canonical":"https:\/\/audi-klaus.at\/shop\/produkt\/audi-a6-4f-a3-8p-skoda-superb-2-bremskloetze-set-neu-trw-gdb1616\/","og_locale":"de_DE","og_type":"article","og_title":"Audi\/A6\/4F\/A3\/8P\/Skoda\/Superb\/2 Bremskl\u00f6tze SET NEU TRW GDB1616 - Audi-Klaus","og_description":"Marke: Audi, Skoda, VW Modell: A6,A3,Caddy,Golf,Jetta,Passat,Scirocco,Superb Typ: 4f,8P,3,5,6,B6,B7,CC,3,2","og_url":"https:\/\/audi-klaus.at\/shop\/produkt\/audi-a6-4f-a3-8p-skoda-superb-2-bremskloetze-set-neu-trw-gdb1616\/","og_site_name":"Audi-Klaus","article_publisher":"https:\/\/www.facebook.com\/audi.klaus.1312\/","article_modified_time":"2026-01-07T19:55:56+00:00","og_image":[{"width":608,"height":430,"url":"https:\/\/audi-klaus.at\/shop\/wp-content\/uploads\/2021\/11\/B134-2.jpg","type":"image\/jpeg"}],"twitter_card":"summary_large_image","schema":{"@context":"https:\/\/schema.org","@graph":[{"@type":"WebPage","@id":"https:\/\/audi-klaus.at\/shop\/produkt\/audi-a6-4f-a3-8p-skoda-superb-2-bremskloetze-set-neu-trw-gdb1616\/","url":"https:\/\/audi-klaus.at\/shop\/produkt\/audi-a6-4f-a3-8p-skoda-superb-2-bremskloetze-set-neu-trw-gdb1616\/","name":"Audi\/A6\/4F\/A3\/8P\/Skoda\/Superb\/2 Bremskl\u00f6tze SET NEU TRW GDB1616 - Audi-Klaus","isPartOf":{"@id":"https:\/\/audi-klaus.at\/shop\/#website"},"primaryImageOfPage":{"@id":"https:\/\/audi-klaus.at\/shop\/produkt\/audi-a6-4f-a3-8p-skoda-superb-2-bremskloetze-set-neu-trw-gdb1616\/#primaryimage"},"image":{"@id":"https:\/\/audi-klaus.at\/shop\/produkt\/audi-a6-4f-a3-8p-skoda-superb-2-bremskloetze-set-neu-trw-gdb1616\/#primaryimage"},"thumbnailUrl":"https:\/\/audi-klaus.at\/shop\/wp-content\/uploads\/2021\/11\/B134-2.jpg","datePublished":"2021-11-11T14:41:17+00:00","dateModified":"2026-01-07T19:55:56+00:00","breadcrumb":{"@id":"https:\/\/audi-klaus.at\/shop\/produkt\/audi-a6-4f-a3-8p-skoda-superb-2-bremskloetze-set-neu-trw-gdb1616\/#breadcrumb"},"inLanguage":"de-AT","potentialAction":[{"@type":"ReadAction","target":["https:\/\/audi-klaus.at\/shop\/produkt\/audi-a6-4f-a3-8p-skoda-superb-2-bremskloetze-set-neu-trw-gdb1616\/"]}]},{"@type":"ImageObject","inLanguage":"de-AT","@id":"https:\/\/audi-klaus.at\/shop\/produkt\/audi-a6-4f-a3-8p-skoda-superb-2-bremskloetze-set-neu-trw-gdb1616\/#primaryimage","url":"https:\/\/audi-klaus.at\/shop\/wp-content\/uploads\/2021\/11\/B134-2.jpg","contentUrl":"https:\/\/audi-klaus.at\/shop\/wp-content\/uploads\/2021\/11\/B134-2.jpg","width":608,"height":430},{"@type":"BreadcrumbList","@id":"https:\/\/audi-klaus.at\/shop\/produkt\/audi-a6-4f-a3-8p-skoda-superb-2-bremskloetze-set-neu-trw-gdb1616\/#breadcrumb","itemListElement":[{"@type":"ListItem","position":1,"name":"Startseite","item":"https:\/\/audi-klaus.at\/shop\/"},{"@type":"ListItem","position":2,"name":"Shop","item":"https:\/\/audi-klaus.at\/shop\/"},{"@type":"ListItem","position":3,"name":"Audi\/A6\/4F\/A3\/8P\/Skoda\/Superb\/2 Bremskl\u00f6tze SET NEU TRW GDB1616"}]},{"@type":"WebSite","@id":"https:\/\/audi-klaus.at\/shop\/#website","url":"https:\/\/audi-klaus.at\/shop\/","name":"Audi-Klaus","description":"Ihr Gebrauchtteile Spezialist f\u00fcr die Marken Audi, VW (VAG)","publisher":{"@id":"https:\/\/audi-klaus.at\/shop\/#organization"},"potentialAction":[{"@type":"SearchAction","target":{"@type":"EntryPoint","urlTemplate":"https:\/\/audi-klaus.at\/shop\/?s={search_term_string}"},"query-input":{"@type":"PropertyValueSpecification","valueRequired":true,"valueName":"search_term_string"}}],"inLanguage":"de-AT"},{"@type":"Organization","@id":"https:\/\/audi-klaus.at\/shop\/#organization","name":"Audi-Klaus","url":"https:\/\/audi-klaus.at\/shop\/","logo":{"@type":"ImageObject","inLanguage":"de-AT","@id":"https:\/\/audi-klaus.at\/shop\/#\/schema\/logo\/image\/","url":"https:\/\/audi-klaus.at\/shop\/wp-content\/uploads\/2024\/10\/Logo-Shop.webp","contentUrl":"https:\/\/audi-klaus.at\/shop\/wp-content\/uploads\/2024\/10\/Logo-Shop.webp","width":470,"height":164,"caption":"Audi-Klaus"},"image":{"@id":"https:\/\/audi-klaus.at\/shop\/#\/schema\/logo\/image\/"},"sameAs":["https:\/\/www.facebook.com\/audi.klaus.1312\/","https:\/\/www.instagram.com\/audi_klaus\/?igshid=1eca3qu2mdayg"]}]}},"_links":{"self":[{"href":"https:\/\/audi-klaus.at\/shop\/wp-json\/wp\/v2\/product\/2912","targetHints":{"allow":["GET"]}}],"collection":[{"href":"https:\/\/audi-klaus.at\/shop\/wp-json\/wp\/v2\/product"}],"about":[{"href":"https:\/\/audi-klaus.at\/shop\/wp-json\/wp\/v2\/types\/product"}],"wp:featuredmedia":[{"embeddable":true,"href":"https:\/\/audi-klaus.at\/shop\/wp-json\/wp\/v2\/media\/683"}],"wp:attachment":[{"href":"https:\/\/audi-klaus.at\/shop\/wp-json\/wp\/v2\/media?parent=2912"}],"wp:term":[{"taxonomy":"product_brand","embeddable":true,"href":"https:\/\/audi-klaus.at\/shop\/wp-json\/wp\/v2\/product_brand?post=2912"},{"taxonomy":"product_cat","embeddable":true,"href":"https:\/\/audi-klaus.at\/shop\/wp-json\/wp\/v2\/product_cat?post=2912"},{"taxonomy":"product_tag","embeddable":true,"href":"https:\/\/audi-klaus.at\/shop\/wp-json\/wp\/v2\/product_tag?post=2912"}],"curies":[{"name":"wp","href":"https:\/\/api.w.org\/{rel}","templated":true}]}}