{"id":28927,"date":"2022-03-14T11:48:15","date_gmt":"2022-03-14T10:48:15","guid":{"rendered":"http:\/\/audi-klaus.at.server171-han.server-routing.com\/shop\/?post_type=product&#038;p=28927"},"modified":"2026-02-20T15:57:41","modified_gmt":"2026-02-20T14:57:41","slug":"audi-90-coupe-typ-81-85-nachfacelift-stossstangengitter-mitte-811853667f","status":"publish","type":"product","link":"https:\/\/audi-klaus.at\/shop\/produkt\/audi-90-coupe-typ-81-85-nachfacelift-stossstangengitter-mitte-811853667f\/","title":{"rendered":"Audi 90\/Coup\u00e9\/Typ 81\/85 Nachfacelift Sto\u00dfstangengitter mitte 811853667F"},"content":{"rendered":"<p><strong><span style=\"color: #000000\"><span style=\"font-family: Source Sans Pro, sans-serif\"><span style=\"font-size: medium\"><b>VAG Teilenummer<\/b><\/span><\/span><\/span><\/strong><span style=\"color: #000000\"><span style=\"font-family: Source Sans Pro, sans-serif\"><span style=\"font-size: medium\"><b>:<\/b><\/span><\/span><\/span> 811 853 667F<span style=\"font-family: Source Sans Pro, sans-serif\"><span style=\"font-size: medium\"><br \/>\n<\/span><\/span><strong><span style=\"color: #000000\"><span style=\"font-family: Source Sans Pro, sans-serif\"><span style=\"font-size: medium\"><b>Zustand:<\/b><\/span><\/span><\/span><\/strong><span style=\"color: #000000\"><span style=\"font-family: Source Sans Pro, sans-serif\"><span style=\"font-size: medium\"> Gebraucht<\/span><\/span><\/span><span style=\"font-family: Source Sans Pro, sans-serif\"><span style=\"font-size: medium\"><br \/>\n<\/span><\/span><strong><span style=\"color: #000000\"><span style=\"font-family: Source Sans Pro, sans-serif\"><span style=\"font-size: medium\"><b>Lieferumfang:<\/b><\/span><\/span><\/span><\/strong> <span style=\"color: #000000\"><span style=\"font-family: Source Sans Pro, sans-serif\"><span style=\"font-size: medium\">wie in den Original-Abbildungen angegeben<\/span><\/span><\/span><span style=\"font-family: Source Sans Pro, sans-serif\"><span style=\"font-size: medium\"><br \/>\n<\/span><\/span><span style=\"color: #000000\"><span style=\"font-family: Source Sans Pro, sans-serif\"><span style=\"font-size: medium\">Hinweis: Bitte \u00fcberpr\u00fcfen Sie vor dem Kauf anhand der eindeutigen Teilenummern, ob der Artikel zum Fahrzeug passt, um R\u00fccksendungen zu vermeiden! Trotz Angabe der entsprechenden Fahrzeugdaten ist eine eindeutige Zuordnung nur \u00fcber die Teilenummer m\u00f6glich! Die abgelesene Teilenummer ist die Teilenummer des Teils, welches geliefert wird. Die Originalteilnummer ist diejenige, die bei Neubestellung f\u00fcr dieses Teil gilt und der m\u00f6glicherweise abweichenden, gelieferten Teilenummer entspricht. Sollten weitere Fragen offen sein, kontaktieren Sie uns bitte unter <\/span><\/span><\/span><a href=\"mailto:office@audi-klaus.at\"><span style=\"font-family: Source Sans Pro, sans-serif\"><span style=\"font-size: medium\">office@audi-klaus.at<\/span><\/span><\/a><\/p>\n","protected":false},"excerpt":{"rendered":"<h5><strong><span style=\"font-size: 18pt\">Marke: Audi<\/span><\/strong><\/h5>\n<h5><strong><span style=\"font-size: 18pt\">Modell: 90\/Coup\u00e9<\/span><\/strong><\/h5>\n<h5><strong><span style=\"font-size: 18pt\">Typ: 81\/85 NFL<\/span><\/strong><\/h5>\n","protected":false},"featured_media":28702,"template":"","meta":[],"product_brand":[],"product_cat":[32,85,86,261,154,166,302],"product_tag":[8768,9640,18587],"class_list":{"0":"post-28927","1":"product","2":"type-product","3":"status-publish","4":"has-post-thumbnail","6":"product_cat-audi","7":"product_cat-coupe80","8":"product_cat-b2-type81-85-80","9":"product_cat-karosserie-b2-80","10":"product_cat-154","11":"product_cat-b2-type81-85-1984-1987","12":"product_cat-karosserie-b2-1984-1987","13":"product_tag-8768","14":"product_tag-811853667f","15":"product_tag-k736","17":"first","18":"outofstock","19":"taxable","20":"shipping-taxable","21":"purchasable","22":"product-type-simple"},"yoast_head":"<!-- This site is optimized with the Yoast SEO plugin v27.3 - https:\/\/yoast.com\/product\/yoast-seo-wordpress\/ -->\n<title>Audi 90\/Coup\u00e9\/Typ 81\/85 Nachfacelift Sto\u00dfstangengitter mitte 811853667F - Audi-Klaus<\/title>\n<meta name=\"description\" content=\"Audi-Klaus Audi 90\/Coup\u00e9\/Typ 81\/85 Nachfacelift Sto\u00dfstangengitter mitte 811853667F Audi 90\/Coup\u00e9\/Typ 81\/85 Nachfacelift Sto\u00dfstangengitter mitte 811853667F\" \/>\n<meta name=\"robots\" content=\"index, follow, max-snippet:-1, max-image-preview:large, max-video-preview:-1\" \/>\n<link rel=\"canonical\" href=\"https:\/\/audi-klaus.at\/shop\/produkt\/audi-90-coupe-typ-81-85-nachfacelift-stossstangengitter-mitte-811853667f\/\" \/>\n<meta property=\"og:locale\" content=\"de_DE\" \/>\n<meta property=\"og:type\" content=\"article\" \/>\n<meta property=\"og:title\" content=\"Audi 90\/Coup\u00e9\/Typ 81\/85 Nachfacelift Sto\u00dfstangengitter mitte 811853667F - Audi-Klaus\" \/>\n<meta property=\"og:description\" content=\"Audi-Klaus Audi 90\/Coup\u00e9\/Typ 81\/85 Nachfacelift Sto\u00dfstangengitter mitte 811853667F Audi 90\/Coup\u00e9\/Typ 81\/85 Nachfacelift Sto\u00dfstangengitter mitte 811853667F\" \/>\n<meta property=\"og:url\" content=\"https:\/\/audi-klaus.at\/shop\/produkt\/audi-90-coupe-typ-81-85-nachfacelift-stossstangengitter-mitte-811853667f\/\" \/>\n<meta property=\"og:site_name\" content=\"Audi-Klaus\" \/>\n<meta property=\"article:publisher\" content=\"https:\/\/www.facebook.com\/audi.klaus.1312\/\" \/>\n<meta property=\"article:modified_time\" content=\"2026-02-20T14:57:41+00:00\" \/>\n<meta property=\"og:image\" content=\"https:\/\/audi-klaus.at\/shop\/wp-content\/uploads\/2022\/03\/k736.jpg\" \/>\n\t<meta property=\"og:image:width\" content=\"430\" \/>\n\t<meta property=\"og:image:height\" content=\"430\" \/>\n\t<meta property=\"og:image:type\" content=\"image\/jpeg\" \/>\n<meta name=\"twitter:card\" content=\"summary_large_image\" \/>\n<meta name=\"twitter:label1\" content=\"Gesch\u00e4tzte Lesezeit\" \/>\n\t<meta name=\"twitter:data1\" content=\"1 Minute\" \/>\n<script type=\"application\/ld+json\" class=\"yoast-schema-graph\">{\"@context\":\"https:\\\/\\\/schema.org\",\"@graph\":[{\"@type\":\"WebPage\",\"@id\":\"https:\\\/\\\/audi-klaus.at\\\/shop\\\/produkt\\\/audi-90-coupe-typ-81-85-nachfacelift-stossstangengitter-mitte-811853667f\\\/\",\"url\":\"https:\\\/\\\/audi-klaus.at\\\/shop\\\/produkt\\\/audi-90-coupe-typ-81-85-nachfacelift-stossstangengitter-mitte-811853667f\\\/\",\"name\":\"Audi 90\\\/Coup\u00e9\\\/Typ 81\\\/85 Nachfacelift Sto\u00dfstangengitter mitte 811853667F - Audi-Klaus\",\"isPartOf\":{\"@id\":\"https:\\\/\\\/audi-klaus.at\\\/shop\\\/#website\"},\"primaryImageOfPage\":{\"@id\":\"https:\\\/\\\/audi-klaus.at\\\/shop\\\/produkt\\\/audi-90-coupe-typ-81-85-nachfacelift-stossstangengitter-mitte-811853667f\\\/#primaryimage\"},\"image\":{\"@id\":\"https:\\\/\\\/audi-klaus.at\\\/shop\\\/produkt\\\/audi-90-coupe-typ-81-85-nachfacelift-stossstangengitter-mitte-811853667f\\\/#primaryimage\"},\"thumbnailUrl\":\"https:\\\/\\\/audi-klaus.at\\\/shop\\\/wp-content\\\/uploads\\\/2022\\\/03\\\/k736.jpg\",\"datePublished\":\"2022-03-14T10:48:15+00:00\",\"dateModified\":\"2026-02-20T14:57:41+00:00\",\"description\":\"Audi-Klaus Audi 90\\\/Coup\u00e9\\\/Typ 81\\\/85 Nachfacelift Sto\u00dfstangengitter mitte 811853667F Audi 90\\\/Coup\u00e9\\\/Typ 81\\\/85 Nachfacelift Sto\u00dfstangengitter mitte 811853667F\",\"breadcrumb\":{\"@id\":\"https:\\\/\\\/audi-klaus.at\\\/shop\\\/produkt\\\/audi-90-coupe-typ-81-85-nachfacelift-stossstangengitter-mitte-811853667f\\\/#breadcrumb\"},\"inLanguage\":\"de-AT\",\"potentialAction\":[{\"@type\":\"ReadAction\",\"target\":[\"https:\\\/\\\/audi-klaus.at\\\/shop\\\/produkt\\\/audi-90-coupe-typ-81-85-nachfacelift-stossstangengitter-mitte-811853667f\\\/\"]}]},{\"@type\":\"ImageObject\",\"inLanguage\":\"de-AT\",\"@id\":\"https:\\\/\\\/audi-klaus.at\\\/shop\\\/produkt\\\/audi-90-coupe-typ-81-85-nachfacelift-stossstangengitter-mitte-811853667f\\\/#primaryimage\",\"url\":\"https:\\\/\\\/audi-klaus.at\\\/shop\\\/wp-content\\\/uploads\\\/2022\\\/03\\\/k736.jpg\",\"contentUrl\":\"https:\\\/\\\/audi-klaus.at\\\/shop\\\/wp-content\\\/uploads\\\/2022\\\/03\\\/k736.jpg\",\"width\":430,\"height\":430},{\"@type\":\"BreadcrumbList\",\"@id\":\"https:\\\/\\\/audi-klaus.at\\\/shop\\\/produkt\\\/audi-90-coupe-typ-81-85-nachfacelift-stossstangengitter-mitte-811853667f\\\/#breadcrumb\",\"itemListElement\":[{\"@type\":\"ListItem\",\"position\":1,\"name\":\"Startseite\",\"item\":\"https:\\\/\\\/audi-klaus.at\\\/shop\\\/\"},{\"@type\":\"ListItem\",\"position\":2,\"name\":\"Shop\",\"item\":\"https:\\\/\\\/audi-klaus.at\\\/shop\\\/\"},{\"@type\":\"ListItem\",\"position\":3,\"name\":\"Audi 90\\\/Coup\u00e9\\\/Typ 81\\\/85 Nachfacelift Sto\u00dfstangengitter mitte 811853667F\"}]},{\"@type\":\"WebSite\",\"@id\":\"https:\\\/\\\/audi-klaus.at\\\/shop\\\/#website\",\"url\":\"https:\\\/\\\/audi-klaus.at\\\/shop\\\/\",\"name\":\"Audi-Klaus\",\"description\":\"Ihr Gebrauchtteile Spezialist f\u00fcr die Marken Audi, VW (VAG)\",\"publisher\":{\"@id\":\"https:\\\/\\\/audi-klaus.at\\\/shop\\\/#organization\"},\"potentialAction\":[{\"@type\":\"SearchAction\",\"target\":{\"@type\":\"EntryPoint\",\"urlTemplate\":\"https:\\\/\\\/audi-klaus.at\\\/shop\\\/?s={search_term_string}\"},\"query-input\":{\"@type\":\"PropertyValueSpecification\",\"valueRequired\":true,\"valueName\":\"search_term_string\"}}],\"inLanguage\":\"de-AT\"},{\"@type\":\"Organization\",\"@id\":\"https:\\\/\\\/audi-klaus.at\\\/shop\\\/#organization\",\"name\":\"Audi-Klaus\",\"url\":\"https:\\\/\\\/audi-klaus.at\\\/shop\\\/\",\"logo\":{\"@type\":\"ImageObject\",\"inLanguage\":\"de-AT\",\"@id\":\"https:\\\/\\\/audi-klaus.at\\\/shop\\\/#\\\/schema\\\/logo\\\/image\\\/\",\"url\":\"https:\\\/\\\/audi-klaus.at\\\/shop\\\/wp-content\\\/uploads\\\/2024\\\/10\\\/Logo-Shop.webp\",\"contentUrl\":\"https:\\\/\\\/audi-klaus.at\\\/shop\\\/wp-content\\\/uploads\\\/2024\\\/10\\\/Logo-Shop.webp\",\"width\":470,\"height\":164,\"caption\":\"Audi-Klaus\"},\"image\":{\"@id\":\"https:\\\/\\\/audi-klaus.at\\\/shop\\\/#\\\/schema\\\/logo\\\/image\\\/\"},\"sameAs\":[\"https:\\\/\\\/www.facebook.com\\\/audi.klaus.1312\\\/\",\"https:\\\/\\\/www.instagram.com\\\/audi_klaus\\\/?igshid=1eca3qu2mdayg\"]}]}<\/script>\n<!-- \/ Yoast SEO plugin. -->","yoast_head_json":{"title":"Audi 90\/Coup\u00e9\/Typ 81\/85 Nachfacelift Sto\u00dfstangengitter mitte 811853667F - Audi-Klaus","description":"Audi-Klaus Audi 90\/Coup\u00e9\/Typ 81\/85 Nachfacelift Sto\u00dfstangengitter mitte 811853667F Audi 90\/Coup\u00e9\/Typ 81\/85 Nachfacelift Sto\u00dfstangengitter mitte 811853667F","robots":{"index":"index","follow":"follow","max-snippet":"max-snippet:-1","max-image-preview":"max-image-preview:large","max-video-preview":"max-video-preview:-1"},"canonical":"https:\/\/audi-klaus.at\/shop\/produkt\/audi-90-coupe-typ-81-85-nachfacelift-stossstangengitter-mitte-811853667f\/","og_locale":"de_DE","og_type":"article","og_title":"Audi 90\/Coup\u00e9\/Typ 81\/85 Nachfacelift Sto\u00dfstangengitter mitte 811853667F - Audi-Klaus","og_description":"Audi-Klaus Audi 90\/Coup\u00e9\/Typ 81\/85 Nachfacelift Sto\u00dfstangengitter mitte 811853667F Audi 90\/Coup\u00e9\/Typ 81\/85 Nachfacelift Sto\u00dfstangengitter mitte 811853667F","og_url":"https:\/\/audi-klaus.at\/shop\/produkt\/audi-90-coupe-typ-81-85-nachfacelift-stossstangengitter-mitte-811853667f\/","og_site_name":"Audi-Klaus","article_publisher":"https:\/\/www.facebook.com\/audi.klaus.1312\/","article_modified_time":"2026-02-20T14:57:41+00:00","og_image":[{"width":430,"height":430,"url":"https:\/\/audi-klaus.at\/shop\/wp-content\/uploads\/2022\/03\/k736.jpg","type":"image\/jpeg"}],"twitter_card":"summary_large_image","twitter_misc":{"Gesch\u00e4tzte Lesezeit":"1 Minute"},"schema":{"@context":"https:\/\/schema.org","@graph":[{"@type":"WebPage","@id":"https:\/\/audi-klaus.at\/shop\/produkt\/audi-90-coupe-typ-81-85-nachfacelift-stossstangengitter-mitte-811853667f\/","url":"https:\/\/audi-klaus.at\/shop\/produkt\/audi-90-coupe-typ-81-85-nachfacelift-stossstangengitter-mitte-811853667f\/","name":"Audi 90\/Coup\u00e9\/Typ 81\/85 Nachfacelift Sto\u00dfstangengitter mitte 811853667F - Audi-Klaus","isPartOf":{"@id":"https:\/\/audi-klaus.at\/shop\/#website"},"primaryImageOfPage":{"@id":"https:\/\/audi-klaus.at\/shop\/produkt\/audi-90-coupe-typ-81-85-nachfacelift-stossstangengitter-mitte-811853667f\/#primaryimage"},"image":{"@id":"https:\/\/audi-klaus.at\/shop\/produkt\/audi-90-coupe-typ-81-85-nachfacelift-stossstangengitter-mitte-811853667f\/#primaryimage"},"thumbnailUrl":"https:\/\/audi-klaus.at\/shop\/wp-content\/uploads\/2022\/03\/k736.jpg","datePublished":"2022-03-14T10:48:15+00:00","dateModified":"2026-02-20T14:57:41+00:00","description":"Audi-Klaus Audi 90\/Coup\u00e9\/Typ 81\/85 Nachfacelift Sto\u00dfstangengitter mitte 811853667F Audi 90\/Coup\u00e9\/Typ 81\/85 Nachfacelift Sto\u00dfstangengitter mitte 811853667F","breadcrumb":{"@id":"https:\/\/audi-klaus.at\/shop\/produkt\/audi-90-coupe-typ-81-85-nachfacelift-stossstangengitter-mitte-811853667f\/#breadcrumb"},"inLanguage":"de-AT","potentialAction":[{"@type":"ReadAction","target":["https:\/\/audi-klaus.at\/shop\/produkt\/audi-90-coupe-typ-81-85-nachfacelift-stossstangengitter-mitte-811853667f\/"]}]},{"@type":"ImageObject","inLanguage":"de-AT","@id":"https:\/\/audi-klaus.at\/shop\/produkt\/audi-90-coupe-typ-81-85-nachfacelift-stossstangengitter-mitte-811853667f\/#primaryimage","url":"https:\/\/audi-klaus.at\/shop\/wp-content\/uploads\/2022\/03\/k736.jpg","contentUrl":"https:\/\/audi-klaus.at\/shop\/wp-content\/uploads\/2022\/03\/k736.jpg","width":430,"height":430},{"@type":"BreadcrumbList","@id":"https:\/\/audi-klaus.at\/shop\/produkt\/audi-90-coupe-typ-81-85-nachfacelift-stossstangengitter-mitte-811853667f\/#breadcrumb","itemListElement":[{"@type":"ListItem","position":1,"name":"Startseite","item":"https:\/\/audi-klaus.at\/shop\/"},{"@type":"ListItem","position":2,"name":"Shop","item":"https:\/\/audi-klaus.at\/shop\/"},{"@type":"ListItem","position":3,"name":"Audi 90\/Coup\u00e9\/Typ 81\/85 Nachfacelift Sto\u00dfstangengitter mitte 811853667F"}]},{"@type":"WebSite","@id":"https:\/\/audi-klaus.at\/shop\/#website","url":"https:\/\/audi-klaus.at\/shop\/","name":"Audi-Klaus","description":"Ihr Gebrauchtteile Spezialist f\u00fcr die Marken Audi, VW (VAG)","publisher":{"@id":"https:\/\/audi-klaus.at\/shop\/#organization"},"potentialAction":[{"@type":"SearchAction","target":{"@type":"EntryPoint","urlTemplate":"https:\/\/audi-klaus.at\/shop\/?s={search_term_string}"},"query-input":{"@type":"PropertyValueSpecification","valueRequired":true,"valueName":"search_term_string"}}],"inLanguage":"de-AT"},{"@type":"Organization","@id":"https:\/\/audi-klaus.at\/shop\/#organization","name":"Audi-Klaus","url":"https:\/\/audi-klaus.at\/shop\/","logo":{"@type":"ImageObject","inLanguage":"de-AT","@id":"https:\/\/audi-klaus.at\/shop\/#\/schema\/logo\/image\/","url":"https:\/\/audi-klaus.at\/shop\/wp-content\/uploads\/2024\/10\/Logo-Shop.webp","contentUrl":"https:\/\/audi-klaus.at\/shop\/wp-content\/uploads\/2024\/10\/Logo-Shop.webp","width":470,"height":164,"caption":"Audi-Klaus"},"image":{"@id":"https:\/\/audi-klaus.at\/shop\/#\/schema\/logo\/image\/"},"sameAs":["https:\/\/www.facebook.com\/audi.klaus.1312\/","https:\/\/www.instagram.com\/audi_klaus\/?igshid=1eca3qu2mdayg"]}]}},"_links":{"self":[{"href":"https:\/\/audi-klaus.at\/shop\/wp-json\/wp\/v2\/product\/28927","targetHints":{"allow":["GET"]}}],"collection":[{"href":"https:\/\/audi-klaus.at\/shop\/wp-json\/wp\/v2\/product"}],"about":[{"href":"https:\/\/audi-klaus.at\/shop\/wp-json\/wp\/v2\/types\/product"}],"wp:featuredmedia":[{"embeddable":true,"href":"https:\/\/audi-klaus.at\/shop\/wp-json\/wp\/v2\/media\/28702"}],"wp:attachment":[{"href":"https:\/\/audi-klaus.at\/shop\/wp-json\/wp\/v2\/media?parent=28927"}],"wp:term":[{"taxonomy":"product_brand","embeddable":true,"href":"https:\/\/audi-klaus.at\/shop\/wp-json\/wp\/v2\/product_brand?post=28927"},{"taxonomy":"product_cat","embeddable":true,"href":"https:\/\/audi-klaus.at\/shop\/wp-json\/wp\/v2\/product_cat?post=28927"},{"taxonomy":"product_tag","embeddable":true,"href":"https:\/\/audi-klaus.at\/shop\/wp-json\/wp\/v2\/product_tag?post=28927"}],"curies":[{"name":"wp","href":"https:\/\/api.w.org\/{rel}","templated":true}]}}