{"id":2882,"date":"2021-11-11T13:18:11","date_gmt":"2021-11-11T12:18:11","guid":{"rendered":"http:\/\/audi-klaus.at.server171-han.server-routing.com\/shop\/?post_type=product&#038;p=2882"},"modified":"2026-01-07T20:55:54","modified_gmt":"2026-01-07T19:55:54","slug":"audi-vw-seat-skoda-bremsscheiben-set-brembo-neu-09-9772-11","status":"publish","type":"product","link":"https:\/\/audi-klaus.at\/shop\/produkt\/audi-vw-seat-skoda-bremsscheiben-set-brembo-neu-09-9772-11\/","title":{"rendered":"Audi\/VW\/Seat\/Skoda Bremsscheiben-Set Brembo NEU 09.9772.11"},"content":{"rendered":"<p><span style=\"font-family: Source Sans Pro, sans-serif;\"><span style=\"font-size: medium;\"><strong><span style=\"color: #000000;\"><b>VAG Teilenummer<\/b><\/span><\/strong><span style=\"color: #000000;\"><b>: <\/b>09.9772.11\u00a0<\/span><br \/>\n<strong><span style=\"color: #000000;\"><b>Zustand:<\/b><\/span><\/strong><b> <\/b><span style=\"color: #000000;\">Neu<\/span><br \/>\n<strong><span style=\"color: #000000;\"><b>Lieferumfang:<\/b><\/span><\/strong> <span style=\"color: #000000;\">wie in den Original-Abbildungen angegeben<\/span><br \/>\n<span style=\"color: #000000;\">Hinweis: Bitte \u00fcberpr\u00fcfen Sie vor dem Kauf anhand der eindeutigen Teilenummern, ob der Artikel zum Fahrzeug passt, um R\u00fccksendungen zu vermeiden! Trotz Angabe der entsprechenden Fahrzeugdaten ist eine eindeutige Zuordnung nur \u00fcber die Teilenummer m\u00f6glich! Die abgelesene Teilenummer ist die Teilenummer des Teils, welches geliefert wird. Die Originalteilnummer ist diejenige, die bei Neubestellung f\u00fcr dieses Teil gilt und der m\u00f6glicherweise abweichenden, gelieferten Teilenummer entspricht. Sollten weitere Fragen offen sein, kontaktieren Sie uns bitte unter <\/span><a href=\"mailto:office@audi-klaus.at\">office@audi-klaus.at<\/a><\/span><\/span><\/p>\n","protected":false},"excerpt":{"rendered":"<h5><strong><span style=\"font-size: 18pt;\">Marke: VW\/Audi\/Seat\/Skoda<\/span><\/strong><\/h5>\n<h5><strong><span style=\"font-size: 18pt;\">Modell:\u00a0Passat\/Golf\/Jetta\/Caddy\/Sharan\/A1\/A3\/Q2\/Q3\/Alhambra\/Leon\/Altea\/Superb\/Octavia<\/span><\/strong><\/h5>\n<h5><strong><span style=\"font-size: 18pt;\">Typ:\u00a0B8\/B7\/5\/3\/4\/2\/8X\/8P\/3\/2\/5P\/2\/1\/2<\/span><\/strong><\/h5>\n<h5><strong><span style=\"font-size: 18pt;\">Durchmesser: 312mm<\/span><\/strong><\/h5>\n<h5><strong><span style=\"font-size: 18pt;\">Bremsscheibenart: Innenbel\u00fcftet<\/span><\/strong><\/h5>\n<h5><strong><span style=\"font-size: 18pt;\">Zentrierungsdurchmesser: 65mm<\/span><\/strong><\/h5>\n<h5><strong><span style=\"font-size: 18pt;\">Lochanzahl: 5<\/span><\/strong><\/h5>\n<h5><strong><span style=\"font-size: 18pt;\">Bremsscheibendicke: 25mm<\/span><\/strong><\/h5>\n","protected":false},"featured_media":622,"template":"","meta":[],"product_brand":[],"product_cat":[1204,2043,2392,1283,2139,1165,1746,2230,1205,2044,2402,32,1293,2153,1167,1766,2244,1206,2045,2412,367,1303,2159,1176,1776,2245,1236,2047,2472,369,1313,2169,1178,1786,2246,1237,2048,2482,375,1385,2179,1180,1796,2247,1239,2049,2497,419,1395,2189,1193,2038,2248,1241,2050,2505,425,1405,2199,1194,2039,2254,1242,2051,454,1695,2209,1195,2040,2255,1243,2109,472,1705,2219,1196,2041,2372,1244,2119,1029,1730,2226,1197,2042,2382,1273,2129,1164,1736,2227],"product_tag":[2830],"class_list":{"0":"post-2882","1":"product","2":"type-product","3":"status-publish","4":"has-post-thumbnail","6":"product_cat-1-161-1978-1987","7":"product_cat-3-5e-2012-2017","8":"product_cat-vorder-hinterachse-3-5f-2012-2020","9":"product_cat-vorder-hinterachse-2-191-1983-1992","10":"product_cat-vorder-hinterachse-2-1z-fl-2009-2013","11":"product_cat-golf","12":"product_cat-vorder-hinterachse-2-7n-2010","13":"product_cat-alhambra","14":"product_cat-2-165-1983-1992","15":"product_cat-3-5e-fl-2017-2020","16":"product_cat-vorder-hinterachse-4-2020-leon","17":"product_cat-audi","18":"product_cat-vorder-hinterachse-3-1h-1990-1998","19":"product_cat-vorder-hinterachse-3-5e-2012-2017","20":"product_cat-jetta","21":"product_cat-vorder-hinterachse-1-14d-1978-1992","22":"product_cat-1-1m-1999-2006","23":"product_cat-5-1k2-2005-2010","24":"product_cat-4-8v-2020","25":"product_cat-vorder-hinterachse-2004-2015","26":"product_cat-a1-audi","27":"product_cat-vorder-hinterachse-4-1j-1997-2007","28":"product_cat-vorder-hinterachse-3-5e-fl-2017-2020","29":"product_cat-passat","30":"product_cat-vorder-hinterachse-2-9kv-1995-2003","31":"product_cat-2-1p-2005-2012","32":"product_cat-b7-3c-2010-2014","33":"product_cat-1-3u-2001-2006","34":"product_cat-vorder-hinterachse-1-7m-1996-2010","35":"product_cat-a3","36":"product_cat-vorder-hinterachse-5-1k-2003-2010","37":"product_cat-vorder-hinterachse-4-8v-2020","38":"product_cat-sharan","39":"product_cat-vorder-hinterachse-3-2k-2003-2010","40":"product_cat-3-5f-2012-2020","41":"product_cat-b8-3g-2014-2019","42":"product_cat-1-3u-fl-2006-2008","43":"product_cat-vorder-hinterachse-2-7n-2010-alhambra","44":"product_cat-q2","45":"product_cat-vorder-hinterachse-1-161-1978-1987","46":"product_cat-vorder-hinterachse-1-3u-2001-2006","47":"product_cat-caddy","48":"product_cat-vorder-hinterachse-4-2020","49":"product_cat-45fa-2020-leon","50":"product_cat-1-7m-1995-2010","51":"product_cat-2-3t-2008-2015","52":"product_cat-servicematerial","53":"product_cat-8x-2010-2018","54":"product_cat-vorder-hinterachse-2-165-1983-1992","55":"product_cat-vorder-hinterachse-1-3u-fl-2006-2008","56":"product_cat-1-171-1974-1985","57":"product_cat-octavia","58":"product_cat-2004-2015","59":"product_cat-1-14d-1978-1992","60":"product_cat-2-3t-fl-2013-2015","61":"product_cat-bremsen","62":"product_cat-vorder-hinterachse-8x-2010-2018","63":"product_cat-vorder-hinterachse-5-1k2-2005-2010","64":"product_cat-vorder-hinterachse-2-3t-2008-2015","65":"product_cat-2-191-1983-1992","66":"product_cat-1-1u-1996-2000","67":"product_cat-1-7m-1996-2010","68":"product_cat-2-9kv-1995-2003","69":"product_cat-3-3v-2015-2019","70":"product_cat-8p-2003-2013","71":"product_cat-vorder-hinterachse-b7-3c-2010-2014","72":"product_cat-vorder-hinterachse-2-3t-fl-2013-2015","73":"product_cat-3-1h-1990-1998","74":"product_cat-1-1u-fl-2000-2010","75":"product_cat-2-7n-2010-alhambra","76":"product_cat-3-2k-2003-2015","77":"product_cat-vorder-hinterachse-1-1u-1996-2000","78":"product_cat-vorder-hinterachse-8p-2003-2013","79":"product_cat-vorder-hinterachse-b8-3g-2014-2019","80":"product_cat-vorder-hinterachse-3-3v-2015-2019","81":"product_cat-4-1j-1997-2007","82":"product_cat-2-1z-2004-2012","83":"product_cat-vorder-hinterachse-1-1m-1999-2006","84":"product_cat-4-sa-2015-2020","85":"product_cat-vorder-hinterachse-1-1u-fl-2000-2010","86":"product_cat-vorder-hinterachse-q2","87":"product_cat-2-7n-2010","88":"product_cat-leon","89":"product_cat-5-1k-2003-2010","90":"product_cat-2-1z-fl-2009-2013","91":"product_cat-vorder-hinterachse-2-1p-2005-2012","92":"product_cat-vorder-hinterachse-1-171-1974-1985","93":"product_cat-vorder-hinterachse-2-1z-2004-2012","94":"product_cat-vw","95":"product_cat-vorder-hinterachse-1-7m-1995-2010","96":"product_cat-altea","97":"product_tag-09-9772-11","99":"first","100":"instock","101":"taxable","102":"shipping-taxable","103":"purchasable","104":"product-type-simple"},"yoast_head":"<!-- This site is optimized with the Yoast SEO plugin v27.4 - https:\/\/yoast.com\/product\/yoast-seo-wordpress\/ -->\n<title>Audi\/VW\/Seat\/Skoda Bremsscheiben-Set Brembo NEU 09.9772.11 - Audi-Klaus<\/title>\n<meta name=\"robots\" content=\"index, follow, max-snippet:-1, max-image-preview:large, max-video-preview:-1\" \/>\n<link rel=\"canonical\" href=\"https:\/\/audi-klaus.at\/shop\/produkt\/audi-vw-seat-skoda-bremsscheiben-set-brembo-neu-09-9772-11\/\" \/>\n<meta property=\"og:locale\" content=\"de_DE\" \/>\n<meta property=\"og:type\" content=\"article\" \/>\n<meta property=\"og:title\" content=\"Audi\/VW\/Seat\/Skoda Bremsscheiben-Set Brembo NEU 09.9772.11 - Audi-Klaus\" \/>\n<meta property=\"og:description\" content=\"Marke: VW\/Audi\/Seat\/Skoda Modell:\u00a0Passat\/Golf\/Jetta\/Caddy\/Sharan\/A1\/A3\/Q2\/Q3\/Alhambra\/Leon\/Altea\/Superb\/Octavia Typ:\u00a0B8\/B7\/5\/3\/4\/2\/8X\/8P\/3\/2\/5P\/2\/1\/2 Durchmesser: 312mm Bremsscheibenart: Innenbel\u00fcftet Zentrierungsdurchmesser: 65mm Lochanzahl: 5 Bremsscheibendicke: 25mm\" \/>\n<meta property=\"og:url\" content=\"https:\/\/audi-klaus.at\/shop\/produkt\/audi-vw-seat-skoda-bremsscheiben-set-brembo-neu-09-9772-11\/\" \/>\n<meta property=\"og:site_name\" content=\"Audi-Klaus\" \/>\n<meta property=\"article:publisher\" content=\"https:\/\/www.facebook.com\/audi.klaus.1312\/\" \/>\n<meta property=\"article:modified_time\" content=\"2026-01-07T19:55:54+00:00\" \/>\n<meta property=\"og:image\" content=\"https:\/\/audi-klaus.at\/shop\/wp-content\/uploads\/2021\/11\/B110-2.jpg\" \/>\n\t<meta property=\"og:image:width\" content=\"430\" \/>\n\t<meta property=\"og:image:height\" content=\"430\" \/>\n\t<meta property=\"og:image:type\" content=\"image\/jpeg\" \/>\n<meta name=\"twitter:card\" content=\"summary_large_image\" \/>\n<script type=\"application\/ld+json\" class=\"yoast-schema-graph\">{\"@context\":\"https:\\\/\\\/schema.org\",\"@graph\":[{\"@type\":\"WebPage\",\"@id\":\"https:\\\/\\\/audi-klaus.at\\\/shop\\\/produkt\\\/audi-vw-seat-skoda-bremsscheiben-set-brembo-neu-09-9772-11\\\/\",\"url\":\"https:\\\/\\\/audi-klaus.at\\\/shop\\\/produkt\\\/audi-vw-seat-skoda-bremsscheiben-set-brembo-neu-09-9772-11\\\/\",\"name\":\"Audi\\\/VW\\\/Seat\\\/Skoda Bremsscheiben-Set Brembo NEU 09.9772.11 - Audi-Klaus\",\"isPartOf\":{\"@id\":\"https:\\\/\\\/audi-klaus.at\\\/shop\\\/#website\"},\"primaryImageOfPage\":{\"@id\":\"https:\\\/\\\/audi-klaus.at\\\/shop\\\/produkt\\\/audi-vw-seat-skoda-bremsscheiben-set-brembo-neu-09-9772-11\\\/#primaryimage\"},\"image\":{\"@id\":\"https:\\\/\\\/audi-klaus.at\\\/shop\\\/produkt\\\/audi-vw-seat-skoda-bremsscheiben-set-brembo-neu-09-9772-11\\\/#primaryimage\"},\"thumbnailUrl\":\"https:\\\/\\\/audi-klaus.at\\\/shop\\\/wp-content\\\/uploads\\\/2021\\\/11\\\/B110-2.jpg\",\"datePublished\":\"2021-11-11T12:18:11+00:00\",\"dateModified\":\"2026-01-07T19:55:54+00:00\",\"breadcrumb\":{\"@id\":\"https:\\\/\\\/audi-klaus.at\\\/shop\\\/produkt\\\/audi-vw-seat-skoda-bremsscheiben-set-brembo-neu-09-9772-11\\\/#breadcrumb\"},\"inLanguage\":\"de-AT\",\"potentialAction\":[{\"@type\":\"ReadAction\",\"target\":[\"https:\\\/\\\/audi-klaus.at\\\/shop\\\/produkt\\\/audi-vw-seat-skoda-bremsscheiben-set-brembo-neu-09-9772-11\\\/\"]}]},{\"@type\":\"ImageObject\",\"inLanguage\":\"de-AT\",\"@id\":\"https:\\\/\\\/audi-klaus.at\\\/shop\\\/produkt\\\/audi-vw-seat-skoda-bremsscheiben-set-brembo-neu-09-9772-11\\\/#primaryimage\",\"url\":\"https:\\\/\\\/audi-klaus.at\\\/shop\\\/wp-content\\\/uploads\\\/2021\\\/11\\\/B110-2.jpg\",\"contentUrl\":\"https:\\\/\\\/audi-klaus.at\\\/shop\\\/wp-content\\\/uploads\\\/2021\\\/11\\\/B110-2.jpg\",\"width\":430,\"height\":430},{\"@type\":\"BreadcrumbList\",\"@id\":\"https:\\\/\\\/audi-klaus.at\\\/shop\\\/produkt\\\/audi-vw-seat-skoda-bremsscheiben-set-brembo-neu-09-9772-11\\\/#breadcrumb\",\"itemListElement\":[{\"@type\":\"ListItem\",\"position\":1,\"name\":\"Startseite\",\"item\":\"https:\\\/\\\/audi-klaus.at\\\/shop\\\/\"},{\"@type\":\"ListItem\",\"position\":2,\"name\":\"Shop\",\"item\":\"https:\\\/\\\/audi-klaus.at\\\/shop\\\/\"},{\"@type\":\"ListItem\",\"position\":3,\"name\":\"Audi\\\/VW\\\/Seat\\\/Skoda Bremsscheiben-Set Brembo NEU 09.9772.11\"}]},{\"@type\":\"WebSite\",\"@id\":\"https:\\\/\\\/audi-klaus.at\\\/shop\\\/#website\",\"url\":\"https:\\\/\\\/audi-klaus.at\\\/shop\\\/\",\"name\":\"Audi-Klaus\",\"description\":\"Ihr Gebrauchtteile Spezialist f\u00fcr die Marken Audi, VW (VAG)\",\"publisher\":{\"@id\":\"https:\\\/\\\/audi-klaus.at\\\/shop\\\/#organization\"},\"potentialAction\":[{\"@type\":\"SearchAction\",\"target\":{\"@type\":\"EntryPoint\",\"urlTemplate\":\"https:\\\/\\\/audi-klaus.at\\\/shop\\\/?s={search_term_string}\"},\"query-input\":{\"@type\":\"PropertyValueSpecification\",\"valueRequired\":true,\"valueName\":\"search_term_string\"}}],\"inLanguage\":\"de-AT\"},{\"@type\":\"Organization\",\"@id\":\"https:\\\/\\\/audi-klaus.at\\\/shop\\\/#organization\",\"name\":\"Audi-Klaus\",\"url\":\"https:\\\/\\\/audi-klaus.at\\\/shop\\\/\",\"logo\":{\"@type\":\"ImageObject\",\"inLanguage\":\"de-AT\",\"@id\":\"https:\\\/\\\/audi-klaus.at\\\/shop\\\/#\\\/schema\\\/logo\\\/image\\\/\",\"url\":\"https:\\\/\\\/audi-klaus.at\\\/shop\\\/wp-content\\\/uploads\\\/2024\\\/10\\\/Logo-Shop.webp\",\"contentUrl\":\"https:\\\/\\\/audi-klaus.at\\\/shop\\\/wp-content\\\/uploads\\\/2024\\\/10\\\/Logo-Shop.webp\",\"width\":470,\"height\":164,\"caption\":\"Audi-Klaus\"},\"image\":{\"@id\":\"https:\\\/\\\/audi-klaus.at\\\/shop\\\/#\\\/schema\\\/logo\\\/image\\\/\"},\"sameAs\":[\"https:\\\/\\\/www.facebook.com\\\/audi.klaus.1312\\\/\",\"https:\\\/\\\/www.instagram.com\\\/audi_klaus\\\/?igshid=1eca3qu2mdayg\"]}]}<\/script>\n<!-- \/ Yoast SEO plugin. -->","yoast_head_json":{"title":"Audi\/VW\/Seat\/Skoda Bremsscheiben-Set Brembo NEU 09.9772.11 - Audi-Klaus","robots":{"index":"index","follow":"follow","max-snippet":"max-snippet:-1","max-image-preview":"max-image-preview:large","max-video-preview":"max-video-preview:-1"},"canonical":"https:\/\/audi-klaus.at\/shop\/produkt\/audi-vw-seat-skoda-bremsscheiben-set-brembo-neu-09-9772-11\/","og_locale":"de_DE","og_type":"article","og_title":"Audi\/VW\/Seat\/Skoda Bremsscheiben-Set Brembo NEU 09.9772.11 - Audi-Klaus","og_description":"Marke: VW\/Audi\/Seat\/Skoda Modell:\u00a0Passat\/Golf\/Jetta\/Caddy\/Sharan\/A1\/A3\/Q2\/Q3\/Alhambra\/Leon\/Altea\/Superb\/Octavia Typ:\u00a0B8\/B7\/5\/3\/4\/2\/8X\/8P\/3\/2\/5P\/2\/1\/2 Durchmesser: 312mm Bremsscheibenart: Innenbel\u00fcftet Zentrierungsdurchmesser: 65mm Lochanzahl: 5 Bremsscheibendicke: 25mm","og_url":"https:\/\/audi-klaus.at\/shop\/produkt\/audi-vw-seat-skoda-bremsscheiben-set-brembo-neu-09-9772-11\/","og_site_name":"Audi-Klaus","article_publisher":"https:\/\/www.facebook.com\/audi.klaus.1312\/","article_modified_time":"2026-01-07T19:55:54+00:00","og_image":[{"width":430,"height":430,"url":"https:\/\/audi-klaus.at\/shop\/wp-content\/uploads\/2021\/11\/B110-2.jpg","type":"image\/jpeg"}],"twitter_card":"summary_large_image","schema":{"@context":"https:\/\/schema.org","@graph":[{"@type":"WebPage","@id":"https:\/\/audi-klaus.at\/shop\/produkt\/audi-vw-seat-skoda-bremsscheiben-set-brembo-neu-09-9772-11\/","url":"https:\/\/audi-klaus.at\/shop\/produkt\/audi-vw-seat-skoda-bremsscheiben-set-brembo-neu-09-9772-11\/","name":"Audi\/VW\/Seat\/Skoda Bremsscheiben-Set Brembo NEU 09.9772.11 - Audi-Klaus","isPartOf":{"@id":"https:\/\/audi-klaus.at\/shop\/#website"},"primaryImageOfPage":{"@id":"https:\/\/audi-klaus.at\/shop\/produkt\/audi-vw-seat-skoda-bremsscheiben-set-brembo-neu-09-9772-11\/#primaryimage"},"image":{"@id":"https:\/\/audi-klaus.at\/shop\/produkt\/audi-vw-seat-skoda-bremsscheiben-set-brembo-neu-09-9772-11\/#primaryimage"},"thumbnailUrl":"https:\/\/audi-klaus.at\/shop\/wp-content\/uploads\/2021\/11\/B110-2.jpg","datePublished":"2021-11-11T12:18:11+00:00","dateModified":"2026-01-07T19:55:54+00:00","breadcrumb":{"@id":"https:\/\/audi-klaus.at\/shop\/produkt\/audi-vw-seat-skoda-bremsscheiben-set-brembo-neu-09-9772-11\/#breadcrumb"},"inLanguage":"de-AT","potentialAction":[{"@type":"ReadAction","target":["https:\/\/audi-klaus.at\/shop\/produkt\/audi-vw-seat-skoda-bremsscheiben-set-brembo-neu-09-9772-11\/"]}]},{"@type":"ImageObject","inLanguage":"de-AT","@id":"https:\/\/audi-klaus.at\/shop\/produkt\/audi-vw-seat-skoda-bremsscheiben-set-brembo-neu-09-9772-11\/#primaryimage","url":"https:\/\/audi-klaus.at\/shop\/wp-content\/uploads\/2021\/11\/B110-2.jpg","contentUrl":"https:\/\/audi-klaus.at\/shop\/wp-content\/uploads\/2021\/11\/B110-2.jpg","width":430,"height":430},{"@type":"BreadcrumbList","@id":"https:\/\/audi-klaus.at\/shop\/produkt\/audi-vw-seat-skoda-bremsscheiben-set-brembo-neu-09-9772-11\/#breadcrumb","itemListElement":[{"@type":"ListItem","position":1,"name":"Startseite","item":"https:\/\/audi-klaus.at\/shop\/"},{"@type":"ListItem","position":2,"name":"Shop","item":"https:\/\/audi-klaus.at\/shop\/"},{"@type":"ListItem","position":3,"name":"Audi\/VW\/Seat\/Skoda Bremsscheiben-Set Brembo NEU 09.9772.11"}]},{"@type":"WebSite","@id":"https:\/\/audi-klaus.at\/shop\/#website","url":"https:\/\/audi-klaus.at\/shop\/","name":"Audi-Klaus","description":"Ihr Gebrauchtteile Spezialist f\u00fcr die Marken Audi, VW (VAG)","publisher":{"@id":"https:\/\/audi-klaus.at\/shop\/#organization"},"potentialAction":[{"@type":"SearchAction","target":{"@type":"EntryPoint","urlTemplate":"https:\/\/audi-klaus.at\/shop\/?s={search_term_string}"},"query-input":{"@type":"PropertyValueSpecification","valueRequired":true,"valueName":"search_term_string"}}],"inLanguage":"de-AT"},{"@type":"Organization","@id":"https:\/\/audi-klaus.at\/shop\/#organization","name":"Audi-Klaus","url":"https:\/\/audi-klaus.at\/shop\/","logo":{"@type":"ImageObject","inLanguage":"de-AT","@id":"https:\/\/audi-klaus.at\/shop\/#\/schema\/logo\/image\/","url":"https:\/\/audi-klaus.at\/shop\/wp-content\/uploads\/2024\/10\/Logo-Shop.webp","contentUrl":"https:\/\/audi-klaus.at\/shop\/wp-content\/uploads\/2024\/10\/Logo-Shop.webp","width":470,"height":164,"caption":"Audi-Klaus"},"image":{"@id":"https:\/\/audi-klaus.at\/shop\/#\/schema\/logo\/image\/"},"sameAs":["https:\/\/www.facebook.com\/audi.klaus.1312\/","https:\/\/www.instagram.com\/audi_klaus\/?igshid=1eca3qu2mdayg"]}]}},"_links":{"self":[{"href":"https:\/\/audi-klaus.at\/shop\/wp-json\/wp\/v2\/product\/2882","targetHints":{"allow":["GET"]}}],"collection":[{"href":"https:\/\/audi-klaus.at\/shop\/wp-json\/wp\/v2\/product"}],"about":[{"href":"https:\/\/audi-klaus.at\/shop\/wp-json\/wp\/v2\/types\/product"}],"wp:featuredmedia":[{"embeddable":true,"href":"https:\/\/audi-klaus.at\/shop\/wp-json\/wp\/v2\/media\/622"}],"wp:attachment":[{"href":"https:\/\/audi-klaus.at\/shop\/wp-json\/wp\/v2\/media?parent=2882"}],"wp:term":[{"taxonomy":"product_brand","embeddable":true,"href":"https:\/\/audi-klaus.at\/shop\/wp-json\/wp\/v2\/product_brand?post=2882"},{"taxonomy":"product_cat","embeddable":true,"href":"https:\/\/audi-klaus.at\/shop\/wp-json\/wp\/v2\/product_cat?post=2882"},{"taxonomy":"product_tag","embeddable":true,"href":"https:\/\/audi-klaus.at\/shop\/wp-json\/wp\/v2\/product_tag?post=2882"}],"curies":[{"name":"wp","href":"https:\/\/api.w.org\/{rel}","templated":true}]}}