{"id":2877,"date":"2021-11-11T12:47:49","date_gmt":"2021-11-11T11:47:49","guid":{"rendered":"http:\/\/audi-klaus.at.server171-han.server-routing.com\/shop\/?post_type=product&#038;p=2877"},"modified":"2026-01-07T20:55:54","modified_gmt":"2026-01-07T19:55:54","slug":"audi-a1-a3-q3-tt-vw-caddy-eos-golf-jetta-passat-scirocco-sharan-tiguan-touran-bremsbelagsatz-vorne-neu-bosch-0986424797","status":"publish","type":"product","link":"https:\/\/audi-klaus.at\/shop\/produkt\/audi-a1-a3-q3-tt-vw-caddy-eos-golf-jetta-passat-scirocco-sharan-tiguan-touran-bremsbelagsatz-vorne-neu-bosch-0986424797\/","title":{"rendered":"Audi A1\/A3\/Q3\/TT\/VW\/Caddy\/EOS\/Golf\/Jetta\/Passat\/Scirocco\/Sharan\/Tiguan\/Touran Bremsbelagsatz vorne NEU Bosch 0986424797"},"content":{"rendered":"<p><span style=\"font-family: Source Sans Pro, sans-serif\"><span style=\"font-size: medium\"><strong><span style=\"color: #000000\"><b>VAG Teilenummer<\/b><\/span><\/strong><span style=\"color: #000000\"><b>: <\/b>098 642 4797<\/span><br \/>\n<strong><span style=\"color: #000000\"><b>Zustand:<\/b><\/span><\/strong><b> <\/b><span style=\"color: #000000\">Neu<\/span><br \/>\n<strong><span style=\"color: #000000\"><b>Lieferumfang:<\/b><\/span><\/strong> <span style=\"color: #000000\">wie in den Original-Abbildungen angegeben<\/span><br \/>\n<span style=\"color: #000000\">Hinweis: Bitte \u00fcberpr\u00fcfen Sie vor dem Kauf anhand der eindeutigen Teilenummern, ob der Artikel zum Fahrzeug passt, um R\u00fccksendungen zu vermeiden! Trotz Angabe der entsprechenden Fahrzeugdaten ist eine eindeutige Zuordnung nur \u00fcber die Teilenummer m\u00f6glich! Die abgelesene Teilenummer ist die Teilenummer des Teils, welches geliefert wird. Die Originalteilnummer ist diejenige, die bei Neubestellung f\u00fcr dieses Teil gilt und der m\u00f6glicherweise abweichenden, gelieferten Teilenummer entspricht. Sollten weitere Fragen offen sein, kontaktieren Sie uns bitte unter <\/span><a href=\"mailto:office@audi-klaus.at\">office@audi-klaus.at<\/a><\/span><\/span><\/p>\n","protected":false},"excerpt":{"rendered":"<h5><strong><span style=\"font-size: 18pt\">Marke: Audi\/VW<\/span><\/strong><\/h5>\n<h5><strong><span style=\"font-size: 18pt\">Modell: A1\/A3\/Q3\/TT\/Caddy\/EOS\/Golf\/Jetta\/Passat\/Scirocco\/Sharan\/Tiguan\/Touran<\/span><\/strong><\/h5>\n<h5><strong><span style=\"font-size: 18pt\">Typ:8X\/8P\/3\/5\/6\/7\/B7\/B6\/3\/2\/1<\/span><\/strong><\/h5>\n<h5><\/h5>\n<ul>\n<li>\n<h5><strong><span style=\"font-size: 14pt\">Verschlei\u00dfwarnkontakt: mit integriertem Verschlei\u00dfsensor<\/span><\/strong><\/h5>\n<\/li>\n<li>\n<h5><strong><span style=\"font-size: 14pt\">Erg\u00e4nzungsartikel\/Erg\u00e4nzende Info 2: mit Anti-Quietsch-Blech<\/span><\/strong><\/h5>\n<\/li>\n<li>\n<h5><strong><span style=\"font-size: 14pt\">Erg\u00e4nzungsartikel\/Erg\u00e4nzende Info 2: mit Kolbenclip<\/span><\/strong><\/h5>\n<\/li>\n<li>\n<h5><strong><span style=\"font-size: 14pt\">Material: Low-Metallic<\/span><\/strong><\/h5>\n<\/li>\n<li>\n<h5><strong><span style=\"font-size: 14pt\">Pr\u00fcfzeichen: ECE-R90<\/span><\/strong><\/h5>\n<\/li>\n<li>\n<h5><strong><span style=\"font-size: 14pt\">WVA-Nummer: 23589<\/span><\/strong><\/h5>\n<\/li>\n<li>\n<h5><strong><span style=\"font-size: 14pt\">Dicke\/St\u00e4rke [mm]: 20,4<\/span><\/strong><\/h5>\n<\/li>\n<li>\n<h5><strong><span style=\"font-size: 14pt\">H\u00f6he [mm]: 66<\/span><\/strong><\/h5>\n<\/li>\n<li>\n<h5><strong><span style=\"font-size: 14pt\">H\u00f6he 2 [mm]: 71,4<\/span><\/strong><\/h5>\n<\/li>\n<li>\n<h5><strong><span style=\"font-size: 14pt\">Breite 1 [mm]: 155,2<\/span><\/strong><\/h5>\n<\/li>\n<li>\n<h5><strong><span style=\"font-size: 14pt\">Breite 2 [mm]: 156,4<\/span><\/strong><\/h5>\n<\/li>\n<li>\n<h5><strong><span style=\"font-size: 14pt\">Dicke\/St\u00e4rke 2 [mm]: 20,6<\/span><\/strong><\/h5>\n<\/li>\n<li>\n<h5><strong><span style=\"font-size: 14pt\">Bremssystem: ATE<\/span><\/strong><\/h5>\n<\/li>\n<\/ul>\n","protected":false},"featured_media":608,"template":"","meta":[],"product_brand":[],"product_cat":[1206,1746,369,1246,1180,1395,1207,1756,419,1247,1182,1405,1208,1766,425,1250,1184,1415,1211,1786,454,1251,1193,1425,1212,1816,472,1273,1194,1455,1213,1826,1164,1283,1195,1465,1234,1856,1165,1293,1198,1475,1239,1866,1170,1313,1199,1685,1240,2497,1176,1323,1204,1730,32,1241,2505,1178,1333,1205,1736,367,1243,1179,1385],"product_tag":[2821],"class_list":{"0":"post-2877","1":"product","2":"type-product","3":"status-publish","4":"has-post-thumbnail","6":"product_cat-5-1k2-2005-2010","7":"product_cat-vorder-hinterachse-2-7n-2010","8":"product_cat-a3","9":"product_cat-1-5n-2007-2016","10":"product_cat-caddy","11":"product_cat-vorder-hinterachse-2-165-1983-1992","12":"product_cat-6-162-2010-2014","13":"product_cat-vorder-hinterachse-1f-2006-2015","14":"product_cat-8x-2010-2018","15":"product_cat-2-ad1-2016","16":"product_cat-tiguan","17":"product_cat-vorder-hinterachse-5-1k2-2005-2010","18":"product_cat-7-2018-2021","19":"product_cat-vorder-hinterachse-1-14d-1978-1992","20":"product_cat-vorder-hinterachse-8x-2010-2018","21":"product_cat-1-1t-2003-2015","22":"product_cat-touran","23":"product_cat-vorder-hinterachse-6-162-2010-2014","24":"product_cat-1-53-1974-1981","25":"product_cat-vorder-hinterachse-3-2k-2003-2010","26":"product_cat-8p-2003-2013","27":"product_cat-2-5t-2015","28":"product_cat-1-171-1974-1985","29":"product_cat-vorder-hinterachse-7-2018-2021","30":"product_cat-2-53b-1981-1992","31":"product_cat-vorder-hinterachse-1-5n-2007-2016","32":"product_cat-vorder-hinterachse-8p-2003-2013","33":"product_cat-vorder-hinterachse-1-171-1974-1985","34":"product_cat-2-191-1983-1992","35":"product_cat-vorder-hinterachse-1-53-1974-1981","36":"product_cat-3-2008-2014","37":"product_cat-vorder-hinterachse-2-ad1-2016","38":"product_cat-vw","39":"product_cat-vorder-hinterachse-2-191-1983-1992","40":"product_cat-3-1h-1990-1998","41":"product_cat-vorder-hinterachse-2-53b-1981-1992","42":"product_cat-b6-3c-2005-2010","43":"product_cat-vorder-hinterachse-1-1t-2003-2015","44":"product_cat-golf","45":"product_cat-vorder-hinterachse-3-1h-1990-1998","46":"product_cat-6-5k-2008-2014","47":"product_cat-vorder-hinterachse-3-2008-2014","48":"product_cat-1-7m-1995-2010","49":"product_cat-vorder-hinterachse-2-5t-2015","50":"product_cat-scirocco","51":"product_cat-vorder-hinterachse-5-1k-2003-2010","52":"product_cat-7-5g-2012-2018","53":"product_cat-vorder-hinterachse-b6-3c-2005-2010","54":"product_cat-1f-2006-2015","55":"product_cat-servicematerial","56":"product_cat-passat","57":"product_cat-vorder-hinterachse-6-5k-2008-2014","58":"product_cat-1-161-1978-1987","59":"product_cat-2-7n-2010","60":"product_cat-audi","61":"product_cat-1-14d-1978-1992","62":"product_cat-bremsen","63":"product_cat-sharan","64":"product_cat-vorder-hinterachse-7-5g-2012-2018","65":"product_cat-2-165-1983-1992","66":"product_cat-vorder-hinterachse-1-7m-1995-2010","67":"product_cat-a1-audi","68":"product_cat-3-2k-2003-2015","69":"product_cat-eos","70":"product_cat-vorder-hinterachse-1-161-1978-1987","71":"product_tag-2821","73":"first","74":"outofstock","75":"taxable","76":"shipping-taxable","77":"purchasable","78":"product-type-simple"},"yoast_head":"<!-- This site is optimized with the Yoast SEO plugin v27.4 - https:\/\/yoast.com\/product\/yoast-seo-wordpress\/ -->\n<title>Audi A1\/A3\/Q3\/TT\/VW\/Caddy\/EOS\/Golf\/Jetta\/Passat\/Scirocco\/Sharan\/Tiguan\/Touran Bremsbelagsatz vorne NEU Bosch 0986424797 - Audi-Klaus<\/title>\n<meta name=\"robots\" content=\"index, follow, max-snippet:-1, max-image-preview:large, max-video-preview:-1\" \/>\n<link rel=\"canonical\" href=\"https:\/\/audi-klaus.at\/shop\/produkt\/audi-a1-a3-q3-tt-vw-caddy-eos-golf-jetta-passat-scirocco-sharan-tiguan-touran-bremsbelagsatz-vorne-neu-bosch-0986424797\/\" \/>\n<meta property=\"og:locale\" content=\"de_DE\" \/>\n<meta property=\"og:type\" content=\"article\" \/>\n<meta property=\"og:title\" content=\"Audi A1\/A3\/Q3\/TT\/VW\/Caddy\/EOS\/Golf\/Jetta\/Passat\/Scirocco\/Sharan\/Tiguan\/Touran Bremsbelagsatz vorne NEU Bosch 0986424797 - Audi-Klaus\" \/>\n<meta property=\"og:description\" content=\"Marke: Audi\/VW Modell: A1\/A3\/Q3\/TT\/Caddy\/EOS\/Golf\/Jetta\/Passat\/Scirocco\/Sharan\/Tiguan\/Touran Typ:8X\/8P\/3\/5\/6\/7\/B7\/B6\/3\/2\/1     Verschlei\u00dfwarnkontakt: mit integriertem Verschlei\u00dfsensor    Erg\u00e4nzungsartikel\/Erg\u00e4nzende Info 2: mit Anti-Quietsch-Blech    Erg\u00e4nzungsartikel\/Erg\u00e4nzende Info 2: mit Kolbenclip    Material: Low-Metallic    Pr\u00fcfzeichen: ECE-R90    WVA-Nummer: 23589    Dicke\/St\u00e4rke [mm]: 20,4    H\u00f6he [mm]: 66    H\u00f6he 2 [mm]: 71,4    Breite 1 [mm]: 155,2    Breite 2 [mm]: 156,4    Dicke\/St\u00e4rke 2 [mm]: 20,6    Bremssystem: ATE\" \/>\n<meta property=\"og:url\" content=\"https:\/\/audi-klaus.at\/shop\/produkt\/audi-a1-a3-q3-tt-vw-caddy-eos-golf-jetta-passat-scirocco-sharan-tiguan-touran-bremsbelagsatz-vorne-neu-bosch-0986424797\/\" \/>\n<meta property=\"og:site_name\" content=\"Audi-Klaus\" \/>\n<meta property=\"article:publisher\" content=\"https:\/\/www.facebook.com\/audi.klaus.1312\/\" \/>\n<meta property=\"article:modified_time\" content=\"2026-01-07T19:55:54+00:00\" \/>\n<meta property=\"og:image\" content=\"https:\/\/audi-klaus.at\/shop\/wp-content\/uploads\/2021\/11\/B106.jpg\" \/>\n\t<meta property=\"og:image:width\" content=\"430\" \/>\n\t<meta property=\"og:image:height\" content=\"430\" \/>\n\t<meta property=\"og:image:type\" content=\"image\/jpeg\" \/>\n<meta name=\"twitter:card\" content=\"summary_large_image\" \/>\n<script type=\"application\/ld+json\" class=\"yoast-schema-graph\">{\"@context\":\"https:\\\/\\\/schema.org\",\"@graph\":[{\"@type\":\"WebPage\",\"@id\":\"https:\\\/\\\/audi-klaus.at\\\/shop\\\/produkt\\\/audi-a1-a3-q3-tt-vw-caddy-eos-golf-jetta-passat-scirocco-sharan-tiguan-touran-bremsbelagsatz-vorne-neu-bosch-0986424797\\\/\",\"url\":\"https:\\\/\\\/audi-klaus.at\\\/shop\\\/produkt\\\/audi-a1-a3-q3-tt-vw-caddy-eos-golf-jetta-passat-scirocco-sharan-tiguan-touran-bremsbelagsatz-vorne-neu-bosch-0986424797\\\/\",\"name\":\"Audi A1\\\/A3\\\/Q3\\\/TT\\\/VW\\\/Caddy\\\/EOS\\\/Golf\\\/Jetta\\\/Passat\\\/Scirocco\\\/Sharan\\\/Tiguan\\\/Touran Bremsbelagsatz vorne NEU Bosch 0986424797 - Audi-Klaus\",\"isPartOf\":{\"@id\":\"https:\\\/\\\/audi-klaus.at\\\/shop\\\/#website\"},\"primaryImageOfPage\":{\"@id\":\"https:\\\/\\\/audi-klaus.at\\\/shop\\\/produkt\\\/audi-a1-a3-q3-tt-vw-caddy-eos-golf-jetta-passat-scirocco-sharan-tiguan-touran-bremsbelagsatz-vorne-neu-bosch-0986424797\\\/#primaryimage\"},\"image\":{\"@id\":\"https:\\\/\\\/audi-klaus.at\\\/shop\\\/produkt\\\/audi-a1-a3-q3-tt-vw-caddy-eos-golf-jetta-passat-scirocco-sharan-tiguan-touran-bremsbelagsatz-vorne-neu-bosch-0986424797\\\/#primaryimage\"},\"thumbnailUrl\":\"https:\\\/\\\/audi-klaus.at\\\/shop\\\/wp-content\\\/uploads\\\/2021\\\/11\\\/B106.jpg\",\"datePublished\":\"2021-11-11T11:47:49+00:00\",\"dateModified\":\"2026-01-07T19:55:54+00:00\",\"breadcrumb\":{\"@id\":\"https:\\\/\\\/audi-klaus.at\\\/shop\\\/produkt\\\/audi-a1-a3-q3-tt-vw-caddy-eos-golf-jetta-passat-scirocco-sharan-tiguan-touran-bremsbelagsatz-vorne-neu-bosch-0986424797\\\/#breadcrumb\"},\"inLanguage\":\"de-AT\",\"potentialAction\":[{\"@type\":\"ReadAction\",\"target\":[\"https:\\\/\\\/audi-klaus.at\\\/shop\\\/produkt\\\/audi-a1-a3-q3-tt-vw-caddy-eos-golf-jetta-passat-scirocco-sharan-tiguan-touran-bremsbelagsatz-vorne-neu-bosch-0986424797\\\/\"]}]},{\"@type\":\"ImageObject\",\"inLanguage\":\"de-AT\",\"@id\":\"https:\\\/\\\/audi-klaus.at\\\/shop\\\/produkt\\\/audi-a1-a3-q3-tt-vw-caddy-eos-golf-jetta-passat-scirocco-sharan-tiguan-touran-bremsbelagsatz-vorne-neu-bosch-0986424797\\\/#primaryimage\",\"url\":\"https:\\\/\\\/audi-klaus.at\\\/shop\\\/wp-content\\\/uploads\\\/2021\\\/11\\\/B106.jpg\",\"contentUrl\":\"https:\\\/\\\/audi-klaus.at\\\/shop\\\/wp-content\\\/uploads\\\/2021\\\/11\\\/B106.jpg\",\"width\":430,\"height\":430},{\"@type\":\"BreadcrumbList\",\"@id\":\"https:\\\/\\\/audi-klaus.at\\\/shop\\\/produkt\\\/audi-a1-a3-q3-tt-vw-caddy-eos-golf-jetta-passat-scirocco-sharan-tiguan-touran-bremsbelagsatz-vorne-neu-bosch-0986424797\\\/#breadcrumb\",\"itemListElement\":[{\"@type\":\"ListItem\",\"position\":1,\"name\":\"Startseite\",\"item\":\"https:\\\/\\\/audi-klaus.at\\\/shop\\\/\"},{\"@type\":\"ListItem\",\"position\":2,\"name\":\"Shop\",\"item\":\"https:\\\/\\\/audi-klaus.at\\\/shop\\\/\"},{\"@type\":\"ListItem\",\"position\":3,\"name\":\"Audi A1\\\/A3\\\/Q3\\\/TT\\\/VW\\\/Caddy\\\/EOS\\\/Golf\\\/Jetta\\\/Passat\\\/Scirocco\\\/Sharan\\\/Tiguan\\\/Touran Bremsbelagsatz vorne NEU Bosch 0986424797\"}]},{\"@type\":\"WebSite\",\"@id\":\"https:\\\/\\\/audi-klaus.at\\\/shop\\\/#website\",\"url\":\"https:\\\/\\\/audi-klaus.at\\\/shop\\\/\",\"name\":\"Audi-Klaus\",\"description\":\"Ihr Gebrauchtteile Spezialist f\u00fcr die Marken Audi, VW (VAG)\",\"publisher\":{\"@id\":\"https:\\\/\\\/audi-klaus.at\\\/shop\\\/#organization\"},\"potentialAction\":[{\"@type\":\"SearchAction\",\"target\":{\"@type\":\"EntryPoint\",\"urlTemplate\":\"https:\\\/\\\/audi-klaus.at\\\/shop\\\/?s={search_term_string}\"},\"query-input\":{\"@type\":\"PropertyValueSpecification\",\"valueRequired\":true,\"valueName\":\"search_term_string\"}}],\"inLanguage\":\"de-AT\"},{\"@type\":\"Organization\",\"@id\":\"https:\\\/\\\/audi-klaus.at\\\/shop\\\/#organization\",\"name\":\"Audi-Klaus\",\"url\":\"https:\\\/\\\/audi-klaus.at\\\/shop\\\/\",\"logo\":{\"@type\":\"ImageObject\",\"inLanguage\":\"de-AT\",\"@id\":\"https:\\\/\\\/audi-klaus.at\\\/shop\\\/#\\\/schema\\\/logo\\\/image\\\/\",\"url\":\"https:\\\/\\\/audi-klaus.at\\\/shop\\\/wp-content\\\/uploads\\\/2024\\\/10\\\/Logo-Shop.webp\",\"contentUrl\":\"https:\\\/\\\/audi-klaus.at\\\/shop\\\/wp-content\\\/uploads\\\/2024\\\/10\\\/Logo-Shop.webp\",\"width\":470,\"height\":164,\"caption\":\"Audi-Klaus\"},\"image\":{\"@id\":\"https:\\\/\\\/audi-klaus.at\\\/shop\\\/#\\\/schema\\\/logo\\\/image\\\/\"},\"sameAs\":[\"https:\\\/\\\/www.facebook.com\\\/audi.klaus.1312\\\/\",\"https:\\\/\\\/www.instagram.com\\\/audi_klaus\\\/?igshid=1eca3qu2mdayg\"]}]}<\/script>\n<!-- \/ Yoast SEO plugin. -->","yoast_head_json":{"title":"Audi A1\/A3\/Q3\/TT\/VW\/Caddy\/EOS\/Golf\/Jetta\/Passat\/Scirocco\/Sharan\/Tiguan\/Touran Bremsbelagsatz vorne NEU Bosch 0986424797 - Audi-Klaus","robots":{"index":"index","follow":"follow","max-snippet":"max-snippet:-1","max-image-preview":"max-image-preview:large","max-video-preview":"max-video-preview:-1"},"canonical":"https:\/\/audi-klaus.at\/shop\/produkt\/audi-a1-a3-q3-tt-vw-caddy-eos-golf-jetta-passat-scirocco-sharan-tiguan-touran-bremsbelagsatz-vorne-neu-bosch-0986424797\/","og_locale":"de_DE","og_type":"article","og_title":"Audi A1\/A3\/Q3\/TT\/VW\/Caddy\/EOS\/Golf\/Jetta\/Passat\/Scirocco\/Sharan\/Tiguan\/Touran Bremsbelagsatz vorne NEU Bosch 0986424797 - Audi-Klaus","og_description":"Marke: Audi\/VW Modell: A1\/A3\/Q3\/TT\/Caddy\/EOS\/Golf\/Jetta\/Passat\/Scirocco\/Sharan\/Tiguan\/Touran Typ:8X\/8P\/3\/5\/6\/7\/B7\/B6\/3\/2\/1     Verschlei\u00dfwarnkontakt: mit integriertem Verschlei\u00dfsensor    Erg\u00e4nzungsartikel\/Erg\u00e4nzende Info 2: mit Anti-Quietsch-Blech    Erg\u00e4nzungsartikel\/Erg\u00e4nzende Info 2: mit Kolbenclip    Material: Low-Metallic    Pr\u00fcfzeichen: ECE-R90    WVA-Nummer: 23589    Dicke\/St\u00e4rke [mm]: 20,4    H\u00f6he [mm]: 66    H\u00f6he 2 [mm]: 71,4    Breite 1 [mm]: 155,2    Breite 2 [mm]: 156,4    Dicke\/St\u00e4rke 2 [mm]: 20,6    Bremssystem: ATE","og_url":"https:\/\/audi-klaus.at\/shop\/produkt\/audi-a1-a3-q3-tt-vw-caddy-eos-golf-jetta-passat-scirocco-sharan-tiguan-touran-bremsbelagsatz-vorne-neu-bosch-0986424797\/","og_site_name":"Audi-Klaus","article_publisher":"https:\/\/www.facebook.com\/audi.klaus.1312\/","article_modified_time":"2026-01-07T19:55:54+00:00","og_image":[{"width":430,"height":430,"url":"https:\/\/audi-klaus.at\/shop\/wp-content\/uploads\/2021\/11\/B106.jpg","type":"image\/jpeg"}],"twitter_card":"summary_large_image","schema":{"@context":"https:\/\/schema.org","@graph":[{"@type":"WebPage","@id":"https:\/\/audi-klaus.at\/shop\/produkt\/audi-a1-a3-q3-tt-vw-caddy-eos-golf-jetta-passat-scirocco-sharan-tiguan-touran-bremsbelagsatz-vorne-neu-bosch-0986424797\/","url":"https:\/\/audi-klaus.at\/shop\/produkt\/audi-a1-a3-q3-tt-vw-caddy-eos-golf-jetta-passat-scirocco-sharan-tiguan-touran-bremsbelagsatz-vorne-neu-bosch-0986424797\/","name":"Audi A1\/A3\/Q3\/TT\/VW\/Caddy\/EOS\/Golf\/Jetta\/Passat\/Scirocco\/Sharan\/Tiguan\/Touran Bremsbelagsatz vorne NEU Bosch 0986424797 - Audi-Klaus","isPartOf":{"@id":"https:\/\/audi-klaus.at\/shop\/#website"},"primaryImageOfPage":{"@id":"https:\/\/audi-klaus.at\/shop\/produkt\/audi-a1-a3-q3-tt-vw-caddy-eos-golf-jetta-passat-scirocco-sharan-tiguan-touran-bremsbelagsatz-vorne-neu-bosch-0986424797\/#primaryimage"},"image":{"@id":"https:\/\/audi-klaus.at\/shop\/produkt\/audi-a1-a3-q3-tt-vw-caddy-eos-golf-jetta-passat-scirocco-sharan-tiguan-touran-bremsbelagsatz-vorne-neu-bosch-0986424797\/#primaryimage"},"thumbnailUrl":"https:\/\/audi-klaus.at\/shop\/wp-content\/uploads\/2021\/11\/B106.jpg","datePublished":"2021-11-11T11:47:49+00:00","dateModified":"2026-01-07T19:55:54+00:00","breadcrumb":{"@id":"https:\/\/audi-klaus.at\/shop\/produkt\/audi-a1-a3-q3-tt-vw-caddy-eos-golf-jetta-passat-scirocco-sharan-tiguan-touran-bremsbelagsatz-vorne-neu-bosch-0986424797\/#breadcrumb"},"inLanguage":"de-AT","potentialAction":[{"@type":"ReadAction","target":["https:\/\/audi-klaus.at\/shop\/produkt\/audi-a1-a3-q3-tt-vw-caddy-eos-golf-jetta-passat-scirocco-sharan-tiguan-touran-bremsbelagsatz-vorne-neu-bosch-0986424797\/"]}]},{"@type":"ImageObject","inLanguage":"de-AT","@id":"https:\/\/audi-klaus.at\/shop\/produkt\/audi-a1-a3-q3-tt-vw-caddy-eos-golf-jetta-passat-scirocco-sharan-tiguan-touran-bremsbelagsatz-vorne-neu-bosch-0986424797\/#primaryimage","url":"https:\/\/audi-klaus.at\/shop\/wp-content\/uploads\/2021\/11\/B106.jpg","contentUrl":"https:\/\/audi-klaus.at\/shop\/wp-content\/uploads\/2021\/11\/B106.jpg","width":430,"height":430},{"@type":"BreadcrumbList","@id":"https:\/\/audi-klaus.at\/shop\/produkt\/audi-a1-a3-q3-tt-vw-caddy-eos-golf-jetta-passat-scirocco-sharan-tiguan-touran-bremsbelagsatz-vorne-neu-bosch-0986424797\/#breadcrumb","itemListElement":[{"@type":"ListItem","position":1,"name":"Startseite","item":"https:\/\/audi-klaus.at\/shop\/"},{"@type":"ListItem","position":2,"name":"Shop","item":"https:\/\/audi-klaus.at\/shop\/"},{"@type":"ListItem","position":3,"name":"Audi A1\/A3\/Q3\/TT\/VW\/Caddy\/EOS\/Golf\/Jetta\/Passat\/Scirocco\/Sharan\/Tiguan\/Touran Bremsbelagsatz vorne NEU Bosch 0986424797"}]},{"@type":"WebSite","@id":"https:\/\/audi-klaus.at\/shop\/#website","url":"https:\/\/audi-klaus.at\/shop\/","name":"Audi-Klaus","description":"Ihr Gebrauchtteile Spezialist f\u00fcr die Marken Audi, VW (VAG)","publisher":{"@id":"https:\/\/audi-klaus.at\/shop\/#organization"},"potentialAction":[{"@type":"SearchAction","target":{"@type":"EntryPoint","urlTemplate":"https:\/\/audi-klaus.at\/shop\/?s={search_term_string}"},"query-input":{"@type":"PropertyValueSpecification","valueRequired":true,"valueName":"search_term_string"}}],"inLanguage":"de-AT"},{"@type":"Organization","@id":"https:\/\/audi-klaus.at\/shop\/#organization","name":"Audi-Klaus","url":"https:\/\/audi-klaus.at\/shop\/","logo":{"@type":"ImageObject","inLanguage":"de-AT","@id":"https:\/\/audi-klaus.at\/shop\/#\/schema\/logo\/image\/","url":"https:\/\/audi-klaus.at\/shop\/wp-content\/uploads\/2024\/10\/Logo-Shop.webp","contentUrl":"https:\/\/audi-klaus.at\/shop\/wp-content\/uploads\/2024\/10\/Logo-Shop.webp","width":470,"height":164,"caption":"Audi-Klaus"},"image":{"@id":"https:\/\/audi-klaus.at\/shop\/#\/schema\/logo\/image\/"},"sameAs":["https:\/\/www.facebook.com\/audi.klaus.1312\/","https:\/\/www.instagram.com\/audi_klaus\/?igshid=1eca3qu2mdayg"]}]}},"_links":{"self":[{"href":"https:\/\/audi-klaus.at\/shop\/wp-json\/wp\/v2\/product\/2877","targetHints":{"allow":["GET"]}}],"collection":[{"href":"https:\/\/audi-klaus.at\/shop\/wp-json\/wp\/v2\/product"}],"about":[{"href":"https:\/\/audi-klaus.at\/shop\/wp-json\/wp\/v2\/types\/product"}],"wp:featuredmedia":[{"embeddable":true,"href":"https:\/\/audi-klaus.at\/shop\/wp-json\/wp\/v2\/media\/608"}],"wp:attachment":[{"href":"https:\/\/audi-klaus.at\/shop\/wp-json\/wp\/v2\/media?parent=2877"}],"wp:term":[{"taxonomy":"product_brand","embeddable":true,"href":"https:\/\/audi-klaus.at\/shop\/wp-json\/wp\/v2\/product_brand?post=2877"},{"taxonomy":"product_cat","embeddable":true,"href":"https:\/\/audi-klaus.at\/shop\/wp-json\/wp\/v2\/product_cat?post=2877"},{"taxonomy":"product_tag","embeddable":true,"href":"https:\/\/audi-klaus.at\/shop\/wp-json\/wp\/v2\/product_tag?post=2877"}],"curies":[{"name":"wp","href":"https:\/\/api.w.org\/{rel}","templated":true}]}}