{"id":27216,"date":"2022-03-07T13:15:18","date_gmt":"2022-03-07T12:15:18","guid":{"rendered":"http:\/\/audi-klaus.at.server171-han.server-routing.com\/shop\/?post_type=product&#038;p=27216"},"modified":"2026-01-07T21:10:00","modified_gmt":"2026-01-07T20:10:00","slug":"audi-100-typ-43-facelift-stossstangenecke-hinten-rechts-431807570","status":"publish","type":"product","link":"https:\/\/audi-klaus.at\/shop\/produkt\/audi-100-typ-43-facelift-stossstangenecke-hinten-rechts-431807570\/","title":{"rendered":"Audi 100 Typ 43 Facelift Sto\u00dfstangenecke hinten rechts 431807570"},"content":{"rendered":"<p><strong><span style=\"color: #000000\"><span style=\"font-family: Source Sans Pro, sans-serif\"><span style=\"font-size: medium\"><b>VAG Teilenummer<\/b><\/span><\/span><\/span><\/strong><span style=\"color: #000000\"><span style=\"font-family: Source Sans Pro, sans-serif\"><span style=\"font-size: medium\"><b>:<\/b><\/span><\/span><\/span> 431 807 570<span style=\"font-family: Source Sans Pro, sans-serif\"><span style=\"font-size: medium\"><br \/>\n<\/span><\/span><strong><span style=\"color: #000000\"><span style=\"font-family: Source Sans Pro, sans-serif\"><span style=\"font-size: medium\"><b>Zustand:<\/b><\/span><\/span><\/span><\/strong><span style=\"color: #000000\"><span style=\"font-family: Source Sans Pro, sans-serif\"><span style=\"font-size: medium\"> Gebraucht<\/span><\/span><\/span><span style=\"font-family: Source Sans Pro, sans-serif\"><span style=\"font-size: medium\"><br \/>\n<\/span><\/span><strong><span style=\"color: #000000\"><span style=\"font-family: Source Sans Pro, sans-serif\"><span style=\"font-size: medium\"><b>Lieferumfang:<\/b><\/span><\/span><\/span><\/strong> <span style=\"color: #000000\"><span style=\"font-family: Source Sans Pro, sans-serif\"><span style=\"font-size: medium\">wie in den Original-Abbildungen angegeben<\/span><\/span><\/span><span style=\"font-family: Source Sans Pro, sans-serif\"><span style=\"font-size: medium\"><br \/>\n<\/span><\/span><span style=\"color: #000000\"><span style=\"font-family: Source Sans Pro, sans-serif\"><span style=\"font-size: medium\">Hinweis: Bitte \u00fcberpr\u00fcfen Sie vor dem Kauf anhand der eindeutigen Teilenummern, ob der Artikel zum Fahrzeug passt, um R\u00fccksendungen zu vermeiden! Trotz Angabe der entsprechenden Fahrzeugdaten ist eine eindeutige Zuordnung nur \u00fcber die Teilenummer m\u00f6glich! Die abgelesene Teilenummer ist die Teilenummer des Teils, welches geliefert wird. Die Originalteilnummer ist diejenige, die bei Neubestellung f\u00fcr dieses Teil gilt und der m\u00f6glicherweise abweichenden, gelieferten Teilenummer entspricht. Sollten weitere Fragen offen sein, kontaktieren Sie uns bitte unter <\/span><\/span><\/span><a href=\"mailto:office@audi-klaus.at\"><span style=\"font-family: Source Sans Pro, sans-serif\"><span style=\"font-size: medium\">office@audi-klaus.at<\/span><\/span><\/a><\/p>\n","protected":false},"excerpt":{"rendered":"<h5><strong><span style=\"font-size: 18pt\">Marke:\u00a0 Audi<\/span><\/strong><\/h5>\n<h5><strong><span style=\"font-size: 18pt\">Modell: 100<\/span><\/strong><\/h5>\n<h5><strong><span style=\"font-size: 18pt\">Typ: 43 FL<\/span><\/strong><\/h5>\n","protected":false},"featured_media":27023,"template":"","meta":[],"product_brand":[],"product_cat":[32,155,169,332],"product_tag":[9197],"class_list":{"0":"post-27216","1":"product","2":"type-product","3":"status-publish","4":"has-post-thumbnail","6":"product_cat-audi","7":"product_cat-155","8":"product_cat-c2-typ43-1976-1982","9":"product_cat-karosserie-c2-1976-1982","10":"product_tag-9197","12":"first","13":"outofstock","14":"taxable","15":"shipping-taxable","16":"purchasable","17":"product-type-simple"},"yoast_head":"<!-- This site is optimized with the Yoast SEO plugin v27.4 - https:\/\/yoast.com\/product\/yoast-seo-wordpress\/ -->\n<title>Audi 100 Typ 43 Facelift Sto\u00dfstangenecke hinten rechts 431807570 - Audi-Klaus<\/title>\n<meta name=\"robots\" content=\"index, follow, max-snippet:-1, max-image-preview:large, max-video-preview:-1\" \/>\n<link rel=\"canonical\" href=\"https:\/\/audi-klaus.at\/shop\/produkt\/audi-100-typ-43-facelift-stossstangenecke-hinten-rechts-431807570\/\" \/>\n<meta property=\"og:locale\" content=\"de_DE\" \/>\n<meta property=\"og:type\" content=\"article\" \/>\n<meta property=\"og:title\" content=\"Audi 100 Typ 43 Facelift Sto\u00dfstangenecke hinten rechts 431807570 - Audi-Klaus\" \/>\n<meta property=\"og:description\" content=\"Marke:\u00a0 Audi Modell: 100 Typ: 43 FL\" \/>\n<meta property=\"og:url\" content=\"https:\/\/audi-klaus.at\/shop\/produkt\/audi-100-typ-43-facelift-stossstangenecke-hinten-rechts-431807570\/\" \/>\n<meta property=\"og:site_name\" content=\"Audi-Klaus\" \/>\n<meta property=\"article:publisher\" content=\"https:\/\/www.facebook.com\/audi.klaus.1312\/\" \/>\n<meta property=\"article:modified_time\" content=\"2026-01-07T20:10:00+00:00\" \/>\n<meta property=\"og:image\" content=\"https:\/\/audi-klaus.at\/shop\/wp-content\/uploads\/2022\/03\/K000381.jpg\" \/>\n\t<meta property=\"og:image:width\" content=\"430\" \/>\n\t<meta property=\"og:image:height\" content=\"430\" \/>\n\t<meta property=\"og:image:type\" content=\"image\/jpeg\" \/>\n<meta name=\"twitter:card\" content=\"summary_large_image\" \/>\n<script type=\"application\/ld+json\" class=\"yoast-schema-graph\">{\"@context\":\"https:\\\/\\\/schema.org\",\"@graph\":[{\"@type\":\"WebPage\",\"@id\":\"https:\\\/\\\/audi-klaus.at\\\/shop\\\/produkt\\\/audi-100-typ-43-facelift-stossstangenecke-hinten-rechts-431807570\\\/\",\"url\":\"https:\\\/\\\/audi-klaus.at\\\/shop\\\/produkt\\\/audi-100-typ-43-facelift-stossstangenecke-hinten-rechts-431807570\\\/\",\"name\":\"Audi 100 Typ 43 Facelift Sto\u00dfstangenecke hinten rechts 431807570 - Audi-Klaus\",\"isPartOf\":{\"@id\":\"https:\\\/\\\/audi-klaus.at\\\/shop\\\/#website\"},\"primaryImageOfPage\":{\"@id\":\"https:\\\/\\\/audi-klaus.at\\\/shop\\\/produkt\\\/audi-100-typ-43-facelift-stossstangenecke-hinten-rechts-431807570\\\/#primaryimage\"},\"image\":{\"@id\":\"https:\\\/\\\/audi-klaus.at\\\/shop\\\/produkt\\\/audi-100-typ-43-facelift-stossstangenecke-hinten-rechts-431807570\\\/#primaryimage\"},\"thumbnailUrl\":\"https:\\\/\\\/audi-klaus.at\\\/shop\\\/wp-content\\\/uploads\\\/2022\\\/03\\\/K000381.jpg\",\"datePublished\":\"2022-03-07T12:15:18+00:00\",\"dateModified\":\"2026-01-07T20:10:00+00:00\",\"breadcrumb\":{\"@id\":\"https:\\\/\\\/audi-klaus.at\\\/shop\\\/produkt\\\/audi-100-typ-43-facelift-stossstangenecke-hinten-rechts-431807570\\\/#breadcrumb\"},\"inLanguage\":\"de-AT\",\"potentialAction\":[{\"@type\":\"ReadAction\",\"target\":[\"https:\\\/\\\/audi-klaus.at\\\/shop\\\/produkt\\\/audi-100-typ-43-facelift-stossstangenecke-hinten-rechts-431807570\\\/\"]}]},{\"@type\":\"ImageObject\",\"inLanguage\":\"de-AT\",\"@id\":\"https:\\\/\\\/audi-klaus.at\\\/shop\\\/produkt\\\/audi-100-typ-43-facelift-stossstangenecke-hinten-rechts-431807570\\\/#primaryimage\",\"url\":\"https:\\\/\\\/audi-klaus.at\\\/shop\\\/wp-content\\\/uploads\\\/2022\\\/03\\\/K000381.jpg\",\"contentUrl\":\"https:\\\/\\\/audi-klaus.at\\\/shop\\\/wp-content\\\/uploads\\\/2022\\\/03\\\/K000381.jpg\",\"width\":430,\"height\":430},{\"@type\":\"BreadcrumbList\",\"@id\":\"https:\\\/\\\/audi-klaus.at\\\/shop\\\/produkt\\\/audi-100-typ-43-facelift-stossstangenecke-hinten-rechts-431807570\\\/#breadcrumb\",\"itemListElement\":[{\"@type\":\"ListItem\",\"position\":1,\"name\":\"Startseite\",\"item\":\"https:\\\/\\\/audi-klaus.at\\\/shop\\\/\"},{\"@type\":\"ListItem\",\"position\":2,\"name\":\"Shop\",\"item\":\"https:\\\/\\\/audi-klaus.at\\\/shop\\\/\"},{\"@type\":\"ListItem\",\"position\":3,\"name\":\"Audi 100 Typ 43 Facelift Sto\u00dfstangenecke hinten rechts 431807570\"}]},{\"@type\":\"WebSite\",\"@id\":\"https:\\\/\\\/audi-klaus.at\\\/shop\\\/#website\",\"url\":\"https:\\\/\\\/audi-klaus.at\\\/shop\\\/\",\"name\":\"Audi-Klaus\",\"description\":\"Ihr Gebrauchtteile Spezialist f\u00fcr die Marken Audi, VW (VAG)\",\"publisher\":{\"@id\":\"https:\\\/\\\/audi-klaus.at\\\/shop\\\/#organization\"},\"potentialAction\":[{\"@type\":\"SearchAction\",\"target\":{\"@type\":\"EntryPoint\",\"urlTemplate\":\"https:\\\/\\\/audi-klaus.at\\\/shop\\\/?s={search_term_string}\"},\"query-input\":{\"@type\":\"PropertyValueSpecification\",\"valueRequired\":true,\"valueName\":\"search_term_string\"}}],\"inLanguage\":\"de-AT\"},{\"@type\":\"Organization\",\"@id\":\"https:\\\/\\\/audi-klaus.at\\\/shop\\\/#organization\",\"name\":\"Audi-Klaus\",\"url\":\"https:\\\/\\\/audi-klaus.at\\\/shop\\\/\",\"logo\":{\"@type\":\"ImageObject\",\"inLanguage\":\"de-AT\",\"@id\":\"https:\\\/\\\/audi-klaus.at\\\/shop\\\/#\\\/schema\\\/logo\\\/image\\\/\",\"url\":\"https:\\\/\\\/audi-klaus.at\\\/shop\\\/wp-content\\\/uploads\\\/2024\\\/10\\\/Logo-Shop.webp\",\"contentUrl\":\"https:\\\/\\\/audi-klaus.at\\\/shop\\\/wp-content\\\/uploads\\\/2024\\\/10\\\/Logo-Shop.webp\",\"width\":470,\"height\":164,\"caption\":\"Audi-Klaus\"},\"image\":{\"@id\":\"https:\\\/\\\/audi-klaus.at\\\/shop\\\/#\\\/schema\\\/logo\\\/image\\\/\"},\"sameAs\":[\"https:\\\/\\\/www.facebook.com\\\/audi.klaus.1312\\\/\",\"https:\\\/\\\/www.instagram.com\\\/audi_klaus\\\/?igshid=1eca3qu2mdayg\"]}]}<\/script>\n<!-- \/ Yoast SEO plugin. -->","yoast_head_json":{"title":"Audi 100 Typ 43 Facelift Sto\u00dfstangenecke hinten rechts 431807570 - Audi-Klaus","robots":{"index":"index","follow":"follow","max-snippet":"max-snippet:-1","max-image-preview":"max-image-preview:large","max-video-preview":"max-video-preview:-1"},"canonical":"https:\/\/audi-klaus.at\/shop\/produkt\/audi-100-typ-43-facelift-stossstangenecke-hinten-rechts-431807570\/","og_locale":"de_DE","og_type":"article","og_title":"Audi 100 Typ 43 Facelift Sto\u00dfstangenecke hinten rechts 431807570 - Audi-Klaus","og_description":"Marke:\u00a0 Audi Modell: 100 Typ: 43 FL","og_url":"https:\/\/audi-klaus.at\/shop\/produkt\/audi-100-typ-43-facelift-stossstangenecke-hinten-rechts-431807570\/","og_site_name":"Audi-Klaus","article_publisher":"https:\/\/www.facebook.com\/audi.klaus.1312\/","article_modified_time":"2026-01-07T20:10:00+00:00","og_image":[{"width":430,"height":430,"url":"https:\/\/audi-klaus.at\/shop\/wp-content\/uploads\/2022\/03\/K000381.jpg","type":"image\/jpeg"}],"twitter_card":"summary_large_image","schema":{"@context":"https:\/\/schema.org","@graph":[{"@type":"WebPage","@id":"https:\/\/audi-klaus.at\/shop\/produkt\/audi-100-typ-43-facelift-stossstangenecke-hinten-rechts-431807570\/","url":"https:\/\/audi-klaus.at\/shop\/produkt\/audi-100-typ-43-facelift-stossstangenecke-hinten-rechts-431807570\/","name":"Audi 100 Typ 43 Facelift Sto\u00dfstangenecke hinten rechts 431807570 - Audi-Klaus","isPartOf":{"@id":"https:\/\/audi-klaus.at\/shop\/#website"},"primaryImageOfPage":{"@id":"https:\/\/audi-klaus.at\/shop\/produkt\/audi-100-typ-43-facelift-stossstangenecke-hinten-rechts-431807570\/#primaryimage"},"image":{"@id":"https:\/\/audi-klaus.at\/shop\/produkt\/audi-100-typ-43-facelift-stossstangenecke-hinten-rechts-431807570\/#primaryimage"},"thumbnailUrl":"https:\/\/audi-klaus.at\/shop\/wp-content\/uploads\/2022\/03\/K000381.jpg","datePublished":"2022-03-07T12:15:18+00:00","dateModified":"2026-01-07T20:10:00+00:00","breadcrumb":{"@id":"https:\/\/audi-klaus.at\/shop\/produkt\/audi-100-typ-43-facelift-stossstangenecke-hinten-rechts-431807570\/#breadcrumb"},"inLanguage":"de-AT","potentialAction":[{"@type":"ReadAction","target":["https:\/\/audi-klaus.at\/shop\/produkt\/audi-100-typ-43-facelift-stossstangenecke-hinten-rechts-431807570\/"]}]},{"@type":"ImageObject","inLanguage":"de-AT","@id":"https:\/\/audi-klaus.at\/shop\/produkt\/audi-100-typ-43-facelift-stossstangenecke-hinten-rechts-431807570\/#primaryimage","url":"https:\/\/audi-klaus.at\/shop\/wp-content\/uploads\/2022\/03\/K000381.jpg","contentUrl":"https:\/\/audi-klaus.at\/shop\/wp-content\/uploads\/2022\/03\/K000381.jpg","width":430,"height":430},{"@type":"BreadcrumbList","@id":"https:\/\/audi-klaus.at\/shop\/produkt\/audi-100-typ-43-facelift-stossstangenecke-hinten-rechts-431807570\/#breadcrumb","itemListElement":[{"@type":"ListItem","position":1,"name":"Startseite","item":"https:\/\/audi-klaus.at\/shop\/"},{"@type":"ListItem","position":2,"name":"Shop","item":"https:\/\/audi-klaus.at\/shop\/"},{"@type":"ListItem","position":3,"name":"Audi 100 Typ 43 Facelift Sto\u00dfstangenecke hinten rechts 431807570"}]},{"@type":"WebSite","@id":"https:\/\/audi-klaus.at\/shop\/#website","url":"https:\/\/audi-klaus.at\/shop\/","name":"Audi-Klaus","description":"Ihr Gebrauchtteile Spezialist f\u00fcr die Marken Audi, VW (VAG)","publisher":{"@id":"https:\/\/audi-klaus.at\/shop\/#organization"},"potentialAction":[{"@type":"SearchAction","target":{"@type":"EntryPoint","urlTemplate":"https:\/\/audi-klaus.at\/shop\/?s={search_term_string}"},"query-input":{"@type":"PropertyValueSpecification","valueRequired":true,"valueName":"search_term_string"}}],"inLanguage":"de-AT"},{"@type":"Organization","@id":"https:\/\/audi-klaus.at\/shop\/#organization","name":"Audi-Klaus","url":"https:\/\/audi-klaus.at\/shop\/","logo":{"@type":"ImageObject","inLanguage":"de-AT","@id":"https:\/\/audi-klaus.at\/shop\/#\/schema\/logo\/image\/","url":"https:\/\/audi-klaus.at\/shop\/wp-content\/uploads\/2024\/10\/Logo-Shop.webp","contentUrl":"https:\/\/audi-klaus.at\/shop\/wp-content\/uploads\/2024\/10\/Logo-Shop.webp","width":470,"height":164,"caption":"Audi-Klaus"},"image":{"@id":"https:\/\/audi-klaus.at\/shop\/#\/schema\/logo\/image\/"},"sameAs":["https:\/\/www.facebook.com\/audi.klaus.1312\/","https:\/\/www.instagram.com\/audi_klaus\/?igshid=1eca3qu2mdayg"]}]}},"_links":{"self":[{"href":"https:\/\/audi-klaus.at\/shop\/wp-json\/wp\/v2\/product\/27216","targetHints":{"allow":["GET"]}}],"collection":[{"href":"https:\/\/audi-klaus.at\/shop\/wp-json\/wp\/v2\/product"}],"about":[{"href":"https:\/\/audi-klaus.at\/shop\/wp-json\/wp\/v2\/types\/product"}],"wp:featuredmedia":[{"embeddable":true,"href":"https:\/\/audi-klaus.at\/shop\/wp-json\/wp\/v2\/media\/27023"}],"wp:attachment":[{"href":"https:\/\/audi-klaus.at\/shop\/wp-json\/wp\/v2\/media?parent=27216"}],"wp:term":[{"taxonomy":"product_brand","embeddable":true,"href":"https:\/\/audi-klaus.at\/shop\/wp-json\/wp\/v2\/product_brand?post=27216"},{"taxonomy":"product_cat","embeddable":true,"href":"https:\/\/audi-klaus.at\/shop\/wp-json\/wp\/v2\/product_cat?post=27216"},{"taxonomy":"product_tag","embeddable":true,"href":"https:\/\/audi-klaus.at\/shop\/wp-json\/wp\/v2\/product_tag?post=27216"}],"curies":[{"name":"wp","href":"https:\/\/api.w.org\/{rel}","templated":true}]}}