{"id":24826,"date":"2022-02-23T17:41:07","date_gmt":"2022-02-23T16:41:07","guid":{"rendered":"http:\/\/audi-klaus.at.server171-han.server-routing.com\/shop\/?post_type=product&#038;p=24826"},"modified":"2026-01-09T11:23:14","modified_gmt":"2026-01-09T10:23:14","slug":"vw-passat-santana-32b-golf-jetta-scirocco-2-kontrollleuchte-handbremse-171919235h","status":"publish","type":"product","link":"https:\/\/audi-klaus.at\/shop\/produkt\/vw-passat-santana-32b-golf-jetta-scirocco-2-kontrollleuchte-handbremse-171919235h\/","title":{"rendered":"VW Passat\/Santana\/32B\/Golf\/Jetta\/Scirocco\/1 Kontrollleuchte Handbremse 171919235H"},"content":{"rendered":"<h5 class=\"western\"><span style=\"color: #060606;\"><span style=\"font-family: Verdana, serif;\"><span style=\"font-size: small;\"><b>VAG Teilenummer<\/b><\/span><\/span><\/span><span style=\"color: #060606;\"><span style=\"font-family: Verdana, serif;\"><span style=\"font-size: small;\">: 171 919 235H<\/span><\/span><\/span><\/h5>\n<h5 class=\"western\"><span style=\"color: #060606;\"><span style=\"font-family: Verdana, serif;\"><span style=\"font-size: small;\"><b>Zustand:<\/b><\/span><\/span><\/span><span style=\"color: #060606;\"><span style=\"font-family: Verdana, serif;\"><span style=\"font-size: small;\">\u00a0 <\/span><\/span><\/span><span style=\"color: #060606;\"><span style=\"font-family: Verdana, serif;\"><span style=\"font-size: small;\"><span lang=\"de-DE\">Gebraucht<\/span><\/span><\/span><\/span><\/h5>\n<h5 class=\"western\"><span style=\"color: #060606;\"><span style=\"font-family: Verdana, serif;\"><span style=\"font-size: small;\"><b>Lieferumfang:<\/b><\/span><\/span><\/span><span style=\"color: #060606;\"><span style=\"font-family: Verdana, serif;\"><span style=\"font-size: small;\">\u00a0wie in den Original-Abbildungen angegeben<\/span><\/span><\/span><\/h5>\n<h5 class=\"western\"><span style=\"color: #060606;\"><span style=\"font-family: Verdana, serif;\"><span style=\"font-size: small;\"><b>Hinweis:<\/b><\/span><\/span><\/span><span style=\"color: #060606;\"><span style=\"font-family: Verdana, serif;\"><span style=\"font-size: small;\">\u00a0Bitte \u00fcberpr\u00fcfen Sie vor dem Kauf anhand der eindeutigen Teilenummern, ob der Artikel zum Fahrzeug passt, um R\u00fccksendungen zu vermeiden! Trotz Angabe der entsprechenden Fahrzeugdaten ist eine eindeutige Zuordnung nur \u00fcber die Teilenummer m\u00f6glich! Die abgelesene Teilenummer ist die Teilenummer des Teils, welches geliefert wird. Die Originalteilnummer ist diejenige, die bei Neubestellung f\u00fcr dieses Teil gilt und der m\u00f6glicherweise abweichenden, gelieferten Teilenummer entspricht. <\/span><\/span><\/span><\/h5>\n<h5 class=\"western\"><span style=\"color: #060606;\"><span style=\"font-family: Verdana, serif;\"><span style=\"font-size: small;\"><span lang=\"de-DE\">Gebraucht<\/span><\/span><\/span><\/span><span style=\"color: #060606;\"><span style=\"font-family: Verdana, serif;\"><span style=\"font-size: small;\"> mit Gebrauchsspuren in Form von Verunreinigungen\/ kleinen Kratzern m\u00f6glich. Die Ware wird ungereinigt geliefert.<\/span><\/span><\/span><\/h5>\n<h5 class=\"western\"><span style=\"color: #060606;\"><span style=\"font-family: Verdana, serif;\"><span style=\"font-size: small;\">Sollten weitere Fragen offen sein, kontaktieren Sie uns bitte unter\u00a0<\/span><\/span><\/span><a href=\"mailto:office@audi-klaus.at\"><span style=\"color: #0000ff;\"><span style=\"font-family: Verdana, serif;\"><span style=\"font-size: small;\"><u>office@audi-klaus.at<\/u><\/span><\/span><\/span><\/a><\/h5>\n","protected":false},"excerpt":{"rendered":"<h5><strong><span style=\"font-size: 18pt;\">Marke: VW<\/span><\/strong><\/h5>\n<h5><strong><span style=\"font-size: 18pt;\">Modell: Passat\/Santana\/Golf\/Jetta\/Scirocco<\/span><\/strong><\/h5>\n<h5><strong><span style=\"font-size: 18pt;\">Typ: 32B\/1<\/span><\/strong><\/h5>\n","protected":false},"featured_media":24584,"template":"","meta":[],"product_brand":[],"product_cat":[1380,1176,1387,1177,1450,1193,1458,1204,1460,1211,1467,1212,1640,1230,1647,1164,1238,1720,1165,1268,1727,1167,1275,1170],"product_tag":[8536,34180,8535],"class_list":{"0":"post-24826","1":"product","2":"type-product","3":"status-publish","4":"has-post-thumbnail","6":"product_cat-innenraum-1-161-1978-1987","7":"product_cat-passat","8":"product_cat-elektrik-1-161-1978-1987","9":"product_cat-santana","10":"product_cat-innenraum-1-53-1974-1981","11":"product_cat-1-171-1974-1985","12":"product_cat-karosserie-1-53-1974-1981","13":"product_cat-1-161-1978-1987","14":"product_cat-innenraum-2-53b-1981-1992","15":"product_cat-1-53-1974-1981","16":"product_cat-elektrik-2-53b-1981-1992","17":"product_cat-2-53b-1981-1992","18":"product_cat-innenraum-b2-32b-1980-1988","19":"product_cat-b2-32b-1980-1988","20":"product_cat-elektrik-b2-32b-1980-1988","21":"product_cat-vw","22":"product_cat-b2-1981","23":"product_cat-innenraum-b2-1981","24":"product_cat-golf","25":"product_cat-innenraum-1-171-1974-1985","26":"product_cat-elektrik-b2-1981","27":"product_cat-jetta","28":"product_cat-elektrik-1-171-1974-1985","29":"product_cat-scirocco","30":"product_tag-8536","31":"product_tag-s178","32":"product_tag-171919235h","34":"first","35":"instock","36":"taxable","37":"shipping-taxable","38":"purchasable","39":"product-type-simple"},"yoast_head":"<!-- This site is optimized with the Yoast SEO plugin v27.4 - https:\/\/yoast.com\/product\/yoast-seo-wordpress\/ -->\n<title>VW Passat\/Santana\/32B\/Golf\/Jetta\/Scirocco\/1 Kontrollleuchte Handbremse 171919235H - Audi-Klaus<\/title>\n<meta name=\"description\" content=\"VW Passat\/Santana\/32B\/Golf\/Jetta\/Scirocco\/1 Kontrollleuchte Handbremse 171919235H VW Passat\/Santana\/32B\/Golf\/Jetta\/Scirocco\/1 Kontrollleuchte Handbremse 171919235H Audi-Klaus VW Passat\/Santana\/32B\/Golf\/Jetta\/Scirocco\/1 Kontrollleuchte Handbremse 171919235H Audi-Klaus\" \/>\n<meta name=\"robots\" content=\"index, follow, max-snippet:-1, max-image-preview:large, max-video-preview:-1\" \/>\n<link rel=\"canonical\" href=\"https:\/\/audi-klaus.at\/shop\/produkt\/vw-passat-santana-32b-golf-jetta-scirocco-2-kontrollleuchte-handbremse-171919235h\/\" \/>\n<meta property=\"og:locale\" content=\"de_DE\" \/>\n<meta property=\"og:type\" content=\"article\" \/>\n<meta property=\"og:title\" content=\"VW Passat\/Santana\/32B\/Golf\/Jetta\/Scirocco\/1 Kontrollleuchte Handbremse 171919235H - Audi-Klaus\" \/>\n<meta property=\"og:description\" content=\"VW Passat\/Santana\/32B\/Golf\/Jetta\/Scirocco\/1 Kontrollleuchte Handbremse 171919235H VW Passat\/Santana\/32B\/Golf\/Jetta\/Scirocco\/1 Kontrollleuchte Handbremse 171919235H Audi-Klaus VW Passat\/Santana\/32B\/Golf\/Jetta\/Scirocco\/1 Kontrollleuchte Handbremse 171919235H Audi-Klaus\" \/>\n<meta property=\"og:url\" content=\"https:\/\/audi-klaus.at\/shop\/produkt\/vw-passat-santana-32b-golf-jetta-scirocco-2-kontrollleuchte-handbremse-171919235h\/\" \/>\n<meta property=\"og:site_name\" content=\"Audi-Klaus\" \/>\n<meta property=\"article:publisher\" content=\"https:\/\/www.facebook.com\/audi.klaus.1312\/\" \/>\n<meta property=\"article:modified_time\" content=\"2026-01-09T10:23:14+00:00\" \/>\n<meta property=\"og:image\" content=\"https:\/\/audi-klaus.at\/shop\/wp-content\/uploads\/2022\/02\/s178-1.jpg\" \/>\n\t<meta property=\"og:image:width\" content=\"430\" \/>\n\t<meta property=\"og:image:height\" content=\"430\" \/>\n\t<meta property=\"og:image:type\" content=\"image\/jpeg\" \/>\n<meta name=\"twitter:card\" content=\"summary_large_image\" \/>\n<meta name=\"twitter:label1\" content=\"Gesch\u00e4tzte Lesezeit\" \/>\n\t<meta name=\"twitter:data1\" content=\"1 Minute\" \/>\n<script type=\"application\/ld+json\" class=\"yoast-schema-graph\">{\"@context\":\"https:\\\/\\\/schema.org\",\"@graph\":[{\"@type\":\"WebPage\",\"@id\":\"https:\\\/\\\/audi-klaus.at\\\/shop\\\/produkt\\\/vw-passat-santana-32b-golf-jetta-scirocco-2-kontrollleuchte-handbremse-171919235h\\\/\",\"url\":\"https:\\\/\\\/audi-klaus.at\\\/shop\\\/produkt\\\/vw-passat-santana-32b-golf-jetta-scirocco-2-kontrollleuchte-handbremse-171919235h\\\/\",\"name\":\"VW Passat\\\/Santana\\\/32B\\\/Golf\\\/Jetta\\\/Scirocco\\\/1 Kontrollleuchte Handbremse 171919235H - Audi-Klaus\",\"isPartOf\":{\"@id\":\"https:\\\/\\\/audi-klaus.at\\\/shop\\\/#website\"},\"primaryImageOfPage\":{\"@id\":\"https:\\\/\\\/audi-klaus.at\\\/shop\\\/produkt\\\/vw-passat-santana-32b-golf-jetta-scirocco-2-kontrollleuchte-handbremse-171919235h\\\/#primaryimage\"},\"image\":{\"@id\":\"https:\\\/\\\/audi-klaus.at\\\/shop\\\/produkt\\\/vw-passat-santana-32b-golf-jetta-scirocco-2-kontrollleuchte-handbremse-171919235h\\\/#primaryimage\"},\"thumbnailUrl\":\"https:\\\/\\\/audi-klaus.at\\\/shop\\\/wp-content\\\/uploads\\\/2022\\\/02\\\/s178-1.jpg\",\"datePublished\":\"2022-02-23T16:41:07+00:00\",\"dateModified\":\"2026-01-09T10:23:14+00:00\",\"description\":\"VW Passat\\\/Santana\\\/32B\\\/Golf\\\/Jetta\\\/Scirocco\\\/1 Kontrollleuchte Handbremse 171919235H VW Passat\\\/Santana\\\/32B\\\/Golf\\\/Jetta\\\/Scirocco\\\/1 Kontrollleuchte Handbremse 171919235H Audi-Klaus VW Passat\\\/Santana\\\/32B\\\/Golf\\\/Jetta\\\/Scirocco\\\/1 Kontrollleuchte Handbremse 171919235H Audi-Klaus\",\"breadcrumb\":{\"@id\":\"https:\\\/\\\/audi-klaus.at\\\/shop\\\/produkt\\\/vw-passat-santana-32b-golf-jetta-scirocco-2-kontrollleuchte-handbremse-171919235h\\\/#breadcrumb\"},\"inLanguage\":\"de-AT\",\"potentialAction\":[{\"@type\":\"ReadAction\",\"target\":[\"https:\\\/\\\/audi-klaus.at\\\/shop\\\/produkt\\\/vw-passat-santana-32b-golf-jetta-scirocco-2-kontrollleuchte-handbremse-171919235h\\\/\"]}]},{\"@type\":\"ImageObject\",\"inLanguage\":\"de-AT\",\"@id\":\"https:\\\/\\\/audi-klaus.at\\\/shop\\\/produkt\\\/vw-passat-santana-32b-golf-jetta-scirocco-2-kontrollleuchte-handbremse-171919235h\\\/#primaryimage\",\"url\":\"https:\\\/\\\/audi-klaus.at\\\/shop\\\/wp-content\\\/uploads\\\/2022\\\/02\\\/s178-1.jpg\",\"contentUrl\":\"https:\\\/\\\/audi-klaus.at\\\/shop\\\/wp-content\\\/uploads\\\/2022\\\/02\\\/s178-1.jpg\",\"width\":430,\"height\":430},{\"@type\":\"BreadcrumbList\",\"@id\":\"https:\\\/\\\/audi-klaus.at\\\/shop\\\/produkt\\\/vw-passat-santana-32b-golf-jetta-scirocco-2-kontrollleuchte-handbremse-171919235h\\\/#breadcrumb\",\"itemListElement\":[{\"@type\":\"ListItem\",\"position\":1,\"name\":\"Startseite\",\"item\":\"https:\\\/\\\/audi-klaus.at\\\/shop\\\/\"},{\"@type\":\"ListItem\",\"position\":2,\"name\":\"Shop\",\"item\":\"https:\\\/\\\/audi-klaus.at\\\/shop\\\/\"},{\"@type\":\"ListItem\",\"position\":3,\"name\":\"VW Passat\\\/Santana\\\/32B\\\/Golf\\\/Jetta\\\/Scirocco\\\/1 Kontrollleuchte Handbremse 171919235H\"}]},{\"@type\":\"WebSite\",\"@id\":\"https:\\\/\\\/audi-klaus.at\\\/shop\\\/#website\",\"url\":\"https:\\\/\\\/audi-klaus.at\\\/shop\\\/\",\"name\":\"Audi-Klaus\",\"description\":\"Ihr Gebrauchtteile Spezialist f\u00fcr die Marken Audi, VW (VAG)\",\"publisher\":{\"@id\":\"https:\\\/\\\/audi-klaus.at\\\/shop\\\/#organization\"},\"potentialAction\":[{\"@type\":\"SearchAction\",\"target\":{\"@type\":\"EntryPoint\",\"urlTemplate\":\"https:\\\/\\\/audi-klaus.at\\\/shop\\\/?s={search_term_string}\"},\"query-input\":{\"@type\":\"PropertyValueSpecification\",\"valueRequired\":true,\"valueName\":\"search_term_string\"}}],\"inLanguage\":\"de-AT\"},{\"@type\":\"Organization\",\"@id\":\"https:\\\/\\\/audi-klaus.at\\\/shop\\\/#organization\",\"name\":\"Audi-Klaus\",\"url\":\"https:\\\/\\\/audi-klaus.at\\\/shop\\\/\",\"logo\":{\"@type\":\"ImageObject\",\"inLanguage\":\"de-AT\",\"@id\":\"https:\\\/\\\/audi-klaus.at\\\/shop\\\/#\\\/schema\\\/logo\\\/image\\\/\",\"url\":\"https:\\\/\\\/audi-klaus.at\\\/shop\\\/wp-content\\\/uploads\\\/2024\\\/10\\\/Logo-Shop.webp\",\"contentUrl\":\"https:\\\/\\\/audi-klaus.at\\\/shop\\\/wp-content\\\/uploads\\\/2024\\\/10\\\/Logo-Shop.webp\",\"width\":470,\"height\":164,\"caption\":\"Audi-Klaus\"},\"image\":{\"@id\":\"https:\\\/\\\/audi-klaus.at\\\/shop\\\/#\\\/schema\\\/logo\\\/image\\\/\"},\"sameAs\":[\"https:\\\/\\\/www.facebook.com\\\/audi.klaus.1312\\\/\",\"https:\\\/\\\/www.instagram.com\\\/audi_klaus\\\/?igshid=1eca3qu2mdayg\"]}]}<\/script>\n<!-- \/ Yoast SEO plugin. -->","yoast_head_json":{"title":"VW Passat\/Santana\/32B\/Golf\/Jetta\/Scirocco\/1 Kontrollleuchte Handbremse 171919235H - Audi-Klaus","description":"VW Passat\/Santana\/32B\/Golf\/Jetta\/Scirocco\/1 Kontrollleuchte Handbremse 171919235H VW Passat\/Santana\/32B\/Golf\/Jetta\/Scirocco\/1 Kontrollleuchte Handbremse 171919235H Audi-Klaus VW Passat\/Santana\/32B\/Golf\/Jetta\/Scirocco\/1 Kontrollleuchte Handbremse 171919235H Audi-Klaus","robots":{"index":"index","follow":"follow","max-snippet":"max-snippet:-1","max-image-preview":"max-image-preview:large","max-video-preview":"max-video-preview:-1"},"canonical":"https:\/\/audi-klaus.at\/shop\/produkt\/vw-passat-santana-32b-golf-jetta-scirocco-2-kontrollleuchte-handbremse-171919235h\/","og_locale":"de_DE","og_type":"article","og_title":"VW Passat\/Santana\/32B\/Golf\/Jetta\/Scirocco\/1 Kontrollleuchte Handbremse 171919235H - Audi-Klaus","og_description":"VW Passat\/Santana\/32B\/Golf\/Jetta\/Scirocco\/1 Kontrollleuchte Handbremse 171919235H VW Passat\/Santana\/32B\/Golf\/Jetta\/Scirocco\/1 Kontrollleuchte Handbremse 171919235H Audi-Klaus VW Passat\/Santana\/32B\/Golf\/Jetta\/Scirocco\/1 Kontrollleuchte Handbremse 171919235H Audi-Klaus","og_url":"https:\/\/audi-klaus.at\/shop\/produkt\/vw-passat-santana-32b-golf-jetta-scirocco-2-kontrollleuchte-handbremse-171919235h\/","og_site_name":"Audi-Klaus","article_publisher":"https:\/\/www.facebook.com\/audi.klaus.1312\/","article_modified_time":"2026-01-09T10:23:14+00:00","og_image":[{"width":430,"height":430,"url":"https:\/\/audi-klaus.at\/shop\/wp-content\/uploads\/2022\/02\/s178-1.jpg","type":"image\/jpeg"}],"twitter_card":"summary_large_image","twitter_misc":{"Gesch\u00e4tzte Lesezeit":"1 Minute"},"schema":{"@context":"https:\/\/schema.org","@graph":[{"@type":"WebPage","@id":"https:\/\/audi-klaus.at\/shop\/produkt\/vw-passat-santana-32b-golf-jetta-scirocco-2-kontrollleuchte-handbremse-171919235h\/","url":"https:\/\/audi-klaus.at\/shop\/produkt\/vw-passat-santana-32b-golf-jetta-scirocco-2-kontrollleuchte-handbremse-171919235h\/","name":"VW Passat\/Santana\/32B\/Golf\/Jetta\/Scirocco\/1 Kontrollleuchte Handbremse 171919235H - Audi-Klaus","isPartOf":{"@id":"https:\/\/audi-klaus.at\/shop\/#website"},"primaryImageOfPage":{"@id":"https:\/\/audi-klaus.at\/shop\/produkt\/vw-passat-santana-32b-golf-jetta-scirocco-2-kontrollleuchte-handbremse-171919235h\/#primaryimage"},"image":{"@id":"https:\/\/audi-klaus.at\/shop\/produkt\/vw-passat-santana-32b-golf-jetta-scirocco-2-kontrollleuchte-handbremse-171919235h\/#primaryimage"},"thumbnailUrl":"https:\/\/audi-klaus.at\/shop\/wp-content\/uploads\/2022\/02\/s178-1.jpg","datePublished":"2022-02-23T16:41:07+00:00","dateModified":"2026-01-09T10:23:14+00:00","description":"VW Passat\/Santana\/32B\/Golf\/Jetta\/Scirocco\/1 Kontrollleuchte Handbremse 171919235H VW Passat\/Santana\/32B\/Golf\/Jetta\/Scirocco\/1 Kontrollleuchte Handbremse 171919235H Audi-Klaus VW Passat\/Santana\/32B\/Golf\/Jetta\/Scirocco\/1 Kontrollleuchte Handbremse 171919235H Audi-Klaus","breadcrumb":{"@id":"https:\/\/audi-klaus.at\/shop\/produkt\/vw-passat-santana-32b-golf-jetta-scirocco-2-kontrollleuchte-handbremse-171919235h\/#breadcrumb"},"inLanguage":"de-AT","potentialAction":[{"@type":"ReadAction","target":["https:\/\/audi-klaus.at\/shop\/produkt\/vw-passat-santana-32b-golf-jetta-scirocco-2-kontrollleuchte-handbremse-171919235h\/"]}]},{"@type":"ImageObject","inLanguage":"de-AT","@id":"https:\/\/audi-klaus.at\/shop\/produkt\/vw-passat-santana-32b-golf-jetta-scirocco-2-kontrollleuchte-handbremse-171919235h\/#primaryimage","url":"https:\/\/audi-klaus.at\/shop\/wp-content\/uploads\/2022\/02\/s178-1.jpg","contentUrl":"https:\/\/audi-klaus.at\/shop\/wp-content\/uploads\/2022\/02\/s178-1.jpg","width":430,"height":430},{"@type":"BreadcrumbList","@id":"https:\/\/audi-klaus.at\/shop\/produkt\/vw-passat-santana-32b-golf-jetta-scirocco-2-kontrollleuchte-handbremse-171919235h\/#breadcrumb","itemListElement":[{"@type":"ListItem","position":1,"name":"Startseite","item":"https:\/\/audi-klaus.at\/shop\/"},{"@type":"ListItem","position":2,"name":"Shop","item":"https:\/\/audi-klaus.at\/shop\/"},{"@type":"ListItem","position":3,"name":"VW Passat\/Santana\/32B\/Golf\/Jetta\/Scirocco\/1 Kontrollleuchte Handbremse 171919235H"}]},{"@type":"WebSite","@id":"https:\/\/audi-klaus.at\/shop\/#website","url":"https:\/\/audi-klaus.at\/shop\/","name":"Audi-Klaus","description":"Ihr Gebrauchtteile Spezialist f\u00fcr die Marken Audi, VW (VAG)","publisher":{"@id":"https:\/\/audi-klaus.at\/shop\/#organization"},"potentialAction":[{"@type":"SearchAction","target":{"@type":"EntryPoint","urlTemplate":"https:\/\/audi-klaus.at\/shop\/?s={search_term_string}"},"query-input":{"@type":"PropertyValueSpecification","valueRequired":true,"valueName":"search_term_string"}}],"inLanguage":"de-AT"},{"@type":"Organization","@id":"https:\/\/audi-klaus.at\/shop\/#organization","name":"Audi-Klaus","url":"https:\/\/audi-klaus.at\/shop\/","logo":{"@type":"ImageObject","inLanguage":"de-AT","@id":"https:\/\/audi-klaus.at\/shop\/#\/schema\/logo\/image\/","url":"https:\/\/audi-klaus.at\/shop\/wp-content\/uploads\/2024\/10\/Logo-Shop.webp","contentUrl":"https:\/\/audi-klaus.at\/shop\/wp-content\/uploads\/2024\/10\/Logo-Shop.webp","width":470,"height":164,"caption":"Audi-Klaus"},"image":{"@id":"https:\/\/audi-klaus.at\/shop\/#\/schema\/logo\/image\/"},"sameAs":["https:\/\/www.facebook.com\/audi.klaus.1312\/","https:\/\/www.instagram.com\/audi_klaus\/?igshid=1eca3qu2mdayg"]}]}},"_links":{"self":[{"href":"https:\/\/audi-klaus.at\/shop\/wp-json\/wp\/v2\/product\/24826","targetHints":{"allow":["GET"]}}],"collection":[{"href":"https:\/\/audi-klaus.at\/shop\/wp-json\/wp\/v2\/product"}],"about":[{"href":"https:\/\/audi-klaus.at\/shop\/wp-json\/wp\/v2\/types\/product"}],"wp:featuredmedia":[{"embeddable":true,"href":"https:\/\/audi-klaus.at\/shop\/wp-json\/wp\/v2\/media\/24584"}],"wp:attachment":[{"href":"https:\/\/audi-klaus.at\/shop\/wp-json\/wp\/v2\/media?parent=24826"}],"wp:term":[{"taxonomy":"product_brand","embeddable":true,"href":"https:\/\/audi-klaus.at\/shop\/wp-json\/wp\/v2\/product_brand?post=24826"},{"taxonomy":"product_cat","embeddable":true,"href":"https:\/\/audi-klaus.at\/shop\/wp-json\/wp\/v2\/product_cat?post=24826"},{"taxonomy":"product_tag","embeddable":true,"href":"https:\/\/audi-klaus.at\/shop\/wp-json\/wp\/v2\/product_tag?post=24826"}],"curies":[{"name":"wp","href":"https:\/\/api.w.org\/{rel}","templated":true}]}}