{"id":23597,"date":"2022-02-21T10:20:09","date_gmt":"2022-02-21T09:20:09","guid":{"rendered":"http:\/\/audi-klaus.at.server171-han.server-routing.com\/shop\/?post_type=product&#038;p=23597"},"modified":"2026-01-07T21:07:32","modified_gmt":"2026-01-07T20:07:32","slug":"vw-golf-jetta-caddy-cabrio-1-ablagefach-tuer-rechts-171867134","status":"publish","type":"product","link":"https:\/\/audi-klaus.at\/shop\/produkt\/vw-golf-jetta-caddy-cabrio-1-ablagefach-tuer-rechts-171867134\/","title":{"rendered":"VW Golf\/Jetta\/Caddy\/Cabrio\/1 Ablagefach T\u00fcr rechts 171867134"},"content":{"rendered":"<h5><span style=\"color: #060606; font-size: 10pt;\"><strong>VAG Teilenummer<\/strong>: 171 867 134<\/span><\/h5>\n<h5><span style=\"color: #060606; font-size: 10pt;\"><strong>Zustand:<\/strong> Gebraucht<\/span><\/h5>\n<h5><span style=\"color: #060606; font-size: 10pt;\"><strong>Lieferumfang:<\/strong>\u00a0wie in den Original-Abbildungen angegeben<\/span><\/h5>\n<h5><span style=\"color: #060606; font-size: 10pt;\"><strong>Hinweis:<\/strong>\u00a0Bitte \u00fcberpr\u00fcfen Sie vor dem Kauf anhand der eindeutigen Teilenummern, ob der Artikel \u00a0zum Fahrzeug passt, um R\u00fccksendungen zu vermeiden! Trotz Angabe der entsprechenden Fahrzeugdaten ist eine eindeutige Zuordnung nur \u00fcber die Teilenummer m\u00f6glich! Die abgelesene Teilenummer ist die Teilenummer des Teils, welches geliefert wird. Die Originalteilnummer ist diejenige, die bei Neubestellung f\u00fcr dieses Teil gilt und der m\u00f6glicherweise abweichenden, gelieferten Teilenummer entspricht. Sollten weitere Fragen offen sein, kontaktieren Sie uns bitte unter office@audi-klaus.at<\/span><\/h5>\n","protected":false},"excerpt":{"rendered":"<h5><strong><span style=\"font-size: 18pt;\">Marke: VW<\/span><\/strong><\/h5>\n<h5><strong><span style=\"font-size: 18pt;\">Modell: Golf\/Jetta\/Caddy\/Cabrio<\/span><\/strong><\/h5>\n<h5><strong><span style=\"font-size: 18pt;\">Typ: 1<\/span><\/strong><\/h5>\n<h5 style=\"text-align: center;\"><strong><span style=\"color: #d0121a; font-size: 18pt;\">!!! besch\u00e4digt !!!<\/span><\/strong><\/h5>\n","protected":false},"featured_media":23595,"template":"","meta":[],"product_brand":[],"product_cat":[1164,1761,1165,1166,1180,1193,1201,1204,1241,1268,1348,1380],"product_tag":[8234],"class_list":{"0":"post-23597","1":"product","2":"type-product","3":"status-publish","4":"has-post-thumbnail","6":"product_cat-vw","7":"product_cat-innenraum-1-14d-1978-1992","8":"product_cat-golf","9":"product_cat-golf-cabrio","10":"product_cat-caddy","11":"product_cat-1-171-1974-1985","12":"product_cat-1-155-1979-1993","13":"product_cat-1-161-1978-1987","14":"product_cat-1-14d-1978-1992","15":"product_cat-innenraum-1-171-1974-1985","16":"product_cat-innenraum-1-155-1979-1993","17":"product_cat-innenraum-1-161-1978-1987","18":"product_tag-8234","20":"first","21":"instock","22":"taxable","23":"shipping-taxable","24":"purchasable","25":"product-type-simple"},"yoast_head":"<!-- This site is optimized with the Yoast SEO plugin v27.3 - https:\/\/yoast.com\/product\/yoast-seo-wordpress\/ -->\n<title>VW Golf\/Jetta\/Caddy\/Cabrio\/1 Ablagefach T\u00fcr rechts 171867134 - Audi-Klaus<\/title>\n<meta name=\"robots\" content=\"index, follow, max-snippet:-1, max-image-preview:large, max-video-preview:-1\" \/>\n<link rel=\"canonical\" href=\"https:\/\/audi-klaus.at\/shop\/produkt\/vw-golf-jetta-caddy-cabrio-1-ablagefach-tuer-rechts-171867134\/\" \/>\n<meta property=\"og:locale\" content=\"de_DE\" \/>\n<meta property=\"og:type\" content=\"article\" \/>\n<meta property=\"og:title\" content=\"VW Golf\/Jetta\/Caddy\/Cabrio\/1 Ablagefach T\u00fcr rechts 171867134 - Audi-Klaus\" \/>\n<meta property=\"og:description\" content=\"Marke: VW Modell: Golf\/Jetta\/Caddy\/Cabrio Typ: 1 !!! besch\u00e4digt !!!\" \/>\n<meta property=\"og:url\" content=\"https:\/\/audi-klaus.at\/shop\/produkt\/vw-golf-jetta-caddy-cabrio-1-ablagefach-tuer-rechts-171867134\/\" \/>\n<meta property=\"og:site_name\" content=\"Audi-Klaus\" \/>\n<meta property=\"article:publisher\" content=\"https:\/\/www.facebook.com\/audi.klaus.1312\/\" \/>\n<meta property=\"article:modified_time\" content=\"2026-01-07T20:07:32+00:00\" \/>\n<meta property=\"og:image\" content=\"https:\/\/audi-klaus.at\/shop\/wp-content\/uploads\/2022\/02\/IMG_3290.jpg\" \/>\n\t<meta property=\"og:image:width\" content=\"418\" \/>\n\t<meta property=\"og:image:height\" content=\"418\" \/>\n\t<meta property=\"og:image:type\" content=\"image\/jpeg\" \/>\n<meta name=\"twitter:card\" content=\"summary_large_image\" \/>\n<script type=\"application\/ld+json\" class=\"yoast-schema-graph\">{\"@context\":\"https:\\\/\\\/schema.org\",\"@graph\":[{\"@type\":\"WebPage\",\"@id\":\"https:\\\/\\\/audi-klaus.at\\\/shop\\\/produkt\\\/vw-golf-jetta-caddy-cabrio-1-ablagefach-tuer-rechts-171867134\\\/\",\"url\":\"https:\\\/\\\/audi-klaus.at\\\/shop\\\/produkt\\\/vw-golf-jetta-caddy-cabrio-1-ablagefach-tuer-rechts-171867134\\\/\",\"name\":\"VW Golf\\\/Jetta\\\/Caddy\\\/Cabrio\\\/1 Ablagefach T\u00fcr rechts 171867134 - Audi-Klaus\",\"isPartOf\":{\"@id\":\"https:\\\/\\\/audi-klaus.at\\\/shop\\\/#website\"},\"primaryImageOfPage\":{\"@id\":\"https:\\\/\\\/audi-klaus.at\\\/shop\\\/produkt\\\/vw-golf-jetta-caddy-cabrio-1-ablagefach-tuer-rechts-171867134\\\/#primaryimage\"},\"image\":{\"@id\":\"https:\\\/\\\/audi-klaus.at\\\/shop\\\/produkt\\\/vw-golf-jetta-caddy-cabrio-1-ablagefach-tuer-rechts-171867134\\\/#primaryimage\"},\"thumbnailUrl\":\"https:\\\/\\\/audi-klaus.at\\\/shop\\\/wp-content\\\/uploads\\\/2022\\\/02\\\/IMG_3290.jpg\",\"datePublished\":\"2022-02-21T09:20:09+00:00\",\"dateModified\":\"2026-01-07T20:07:32+00:00\",\"breadcrumb\":{\"@id\":\"https:\\\/\\\/audi-klaus.at\\\/shop\\\/produkt\\\/vw-golf-jetta-caddy-cabrio-1-ablagefach-tuer-rechts-171867134\\\/#breadcrumb\"},\"inLanguage\":\"de-AT\",\"potentialAction\":[{\"@type\":\"ReadAction\",\"target\":[\"https:\\\/\\\/audi-klaus.at\\\/shop\\\/produkt\\\/vw-golf-jetta-caddy-cabrio-1-ablagefach-tuer-rechts-171867134\\\/\"]}]},{\"@type\":\"ImageObject\",\"inLanguage\":\"de-AT\",\"@id\":\"https:\\\/\\\/audi-klaus.at\\\/shop\\\/produkt\\\/vw-golf-jetta-caddy-cabrio-1-ablagefach-tuer-rechts-171867134\\\/#primaryimage\",\"url\":\"https:\\\/\\\/audi-klaus.at\\\/shop\\\/wp-content\\\/uploads\\\/2022\\\/02\\\/IMG_3290.jpg\",\"contentUrl\":\"https:\\\/\\\/audi-klaus.at\\\/shop\\\/wp-content\\\/uploads\\\/2022\\\/02\\\/IMG_3290.jpg\",\"width\":418,\"height\":418},{\"@type\":\"BreadcrumbList\",\"@id\":\"https:\\\/\\\/audi-klaus.at\\\/shop\\\/produkt\\\/vw-golf-jetta-caddy-cabrio-1-ablagefach-tuer-rechts-171867134\\\/#breadcrumb\",\"itemListElement\":[{\"@type\":\"ListItem\",\"position\":1,\"name\":\"Startseite\",\"item\":\"https:\\\/\\\/audi-klaus.at\\\/shop\\\/\"},{\"@type\":\"ListItem\",\"position\":2,\"name\":\"Shop\",\"item\":\"https:\\\/\\\/audi-klaus.at\\\/shop\\\/\"},{\"@type\":\"ListItem\",\"position\":3,\"name\":\"VW Golf\\\/Jetta\\\/Caddy\\\/Cabrio\\\/1 Ablagefach T\u00fcr rechts 171867134\"}]},{\"@type\":\"WebSite\",\"@id\":\"https:\\\/\\\/audi-klaus.at\\\/shop\\\/#website\",\"url\":\"https:\\\/\\\/audi-klaus.at\\\/shop\\\/\",\"name\":\"Audi-Klaus\",\"description\":\"Ihr Gebrauchtteile Spezialist f\u00fcr die Marken Audi, VW (VAG)\",\"publisher\":{\"@id\":\"https:\\\/\\\/audi-klaus.at\\\/shop\\\/#organization\"},\"potentialAction\":[{\"@type\":\"SearchAction\",\"target\":{\"@type\":\"EntryPoint\",\"urlTemplate\":\"https:\\\/\\\/audi-klaus.at\\\/shop\\\/?s={search_term_string}\"},\"query-input\":{\"@type\":\"PropertyValueSpecification\",\"valueRequired\":true,\"valueName\":\"search_term_string\"}}],\"inLanguage\":\"de-AT\"},{\"@type\":\"Organization\",\"@id\":\"https:\\\/\\\/audi-klaus.at\\\/shop\\\/#organization\",\"name\":\"Audi-Klaus\",\"url\":\"https:\\\/\\\/audi-klaus.at\\\/shop\\\/\",\"logo\":{\"@type\":\"ImageObject\",\"inLanguage\":\"de-AT\",\"@id\":\"https:\\\/\\\/audi-klaus.at\\\/shop\\\/#\\\/schema\\\/logo\\\/image\\\/\",\"url\":\"https:\\\/\\\/audi-klaus.at\\\/shop\\\/wp-content\\\/uploads\\\/2024\\\/10\\\/Logo-Shop.webp\",\"contentUrl\":\"https:\\\/\\\/audi-klaus.at\\\/shop\\\/wp-content\\\/uploads\\\/2024\\\/10\\\/Logo-Shop.webp\",\"width\":470,\"height\":164,\"caption\":\"Audi-Klaus\"},\"image\":{\"@id\":\"https:\\\/\\\/audi-klaus.at\\\/shop\\\/#\\\/schema\\\/logo\\\/image\\\/\"},\"sameAs\":[\"https:\\\/\\\/www.facebook.com\\\/audi.klaus.1312\\\/\",\"https:\\\/\\\/www.instagram.com\\\/audi_klaus\\\/?igshid=1eca3qu2mdayg\"]}]}<\/script>\n<!-- \/ Yoast SEO plugin. -->","yoast_head_json":{"title":"VW Golf\/Jetta\/Caddy\/Cabrio\/1 Ablagefach T\u00fcr rechts 171867134 - Audi-Klaus","robots":{"index":"index","follow":"follow","max-snippet":"max-snippet:-1","max-image-preview":"max-image-preview:large","max-video-preview":"max-video-preview:-1"},"canonical":"https:\/\/audi-klaus.at\/shop\/produkt\/vw-golf-jetta-caddy-cabrio-1-ablagefach-tuer-rechts-171867134\/","og_locale":"de_DE","og_type":"article","og_title":"VW Golf\/Jetta\/Caddy\/Cabrio\/1 Ablagefach T\u00fcr rechts 171867134 - Audi-Klaus","og_description":"Marke: VW Modell: Golf\/Jetta\/Caddy\/Cabrio Typ: 1 !!! besch\u00e4digt !!!","og_url":"https:\/\/audi-klaus.at\/shop\/produkt\/vw-golf-jetta-caddy-cabrio-1-ablagefach-tuer-rechts-171867134\/","og_site_name":"Audi-Klaus","article_publisher":"https:\/\/www.facebook.com\/audi.klaus.1312\/","article_modified_time":"2026-01-07T20:07:32+00:00","og_image":[{"width":418,"height":418,"url":"https:\/\/audi-klaus.at\/shop\/wp-content\/uploads\/2022\/02\/IMG_3290.jpg","type":"image\/jpeg"}],"twitter_card":"summary_large_image","schema":{"@context":"https:\/\/schema.org","@graph":[{"@type":"WebPage","@id":"https:\/\/audi-klaus.at\/shop\/produkt\/vw-golf-jetta-caddy-cabrio-1-ablagefach-tuer-rechts-171867134\/","url":"https:\/\/audi-klaus.at\/shop\/produkt\/vw-golf-jetta-caddy-cabrio-1-ablagefach-tuer-rechts-171867134\/","name":"VW Golf\/Jetta\/Caddy\/Cabrio\/1 Ablagefach T\u00fcr rechts 171867134 - Audi-Klaus","isPartOf":{"@id":"https:\/\/audi-klaus.at\/shop\/#website"},"primaryImageOfPage":{"@id":"https:\/\/audi-klaus.at\/shop\/produkt\/vw-golf-jetta-caddy-cabrio-1-ablagefach-tuer-rechts-171867134\/#primaryimage"},"image":{"@id":"https:\/\/audi-klaus.at\/shop\/produkt\/vw-golf-jetta-caddy-cabrio-1-ablagefach-tuer-rechts-171867134\/#primaryimage"},"thumbnailUrl":"https:\/\/audi-klaus.at\/shop\/wp-content\/uploads\/2022\/02\/IMG_3290.jpg","datePublished":"2022-02-21T09:20:09+00:00","dateModified":"2026-01-07T20:07:32+00:00","breadcrumb":{"@id":"https:\/\/audi-klaus.at\/shop\/produkt\/vw-golf-jetta-caddy-cabrio-1-ablagefach-tuer-rechts-171867134\/#breadcrumb"},"inLanguage":"de-AT","potentialAction":[{"@type":"ReadAction","target":["https:\/\/audi-klaus.at\/shop\/produkt\/vw-golf-jetta-caddy-cabrio-1-ablagefach-tuer-rechts-171867134\/"]}]},{"@type":"ImageObject","inLanguage":"de-AT","@id":"https:\/\/audi-klaus.at\/shop\/produkt\/vw-golf-jetta-caddy-cabrio-1-ablagefach-tuer-rechts-171867134\/#primaryimage","url":"https:\/\/audi-klaus.at\/shop\/wp-content\/uploads\/2022\/02\/IMG_3290.jpg","contentUrl":"https:\/\/audi-klaus.at\/shop\/wp-content\/uploads\/2022\/02\/IMG_3290.jpg","width":418,"height":418},{"@type":"BreadcrumbList","@id":"https:\/\/audi-klaus.at\/shop\/produkt\/vw-golf-jetta-caddy-cabrio-1-ablagefach-tuer-rechts-171867134\/#breadcrumb","itemListElement":[{"@type":"ListItem","position":1,"name":"Startseite","item":"https:\/\/audi-klaus.at\/shop\/"},{"@type":"ListItem","position":2,"name":"Shop","item":"https:\/\/audi-klaus.at\/shop\/"},{"@type":"ListItem","position":3,"name":"VW Golf\/Jetta\/Caddy\/Cabrio\/1 Ablagefach T\u00fcr rechts 171867134"}]},{"@type":"WebSite","@id":"https:\/\/audi-klaus.at\/shop\/#website","url":"https:\/\/audi-klaus.at\/shop\/","name":"Audi-Klaus","description":"Ihr Gebrauchtteile Spezialist f\u00fcr die Marken Audi, VW (VAG)","publisher":{"@id":"https:\/\/audi-klaus.at\/shop\/#organization"},"potentialAction":[{"@type":"SearchAction","target":{"@type":"EntryPoint","urlTemplate":"https:\/\/audi-klaus.at\/shop\/?s={search_term_string}"},"query-input":{"@type":"PropertyValueSpecification","valueRequired":true,"valueName":"search_term_string"}}],"inLanguage":"de-AT"},{"@type":"Organization","@id":"https:\/\/audi-klaus.at\/shop\/#organization","name":"Audi-Klaus","url":"https:\/\/audi-klaus.at\/shop\/","logo":{"@type":"ImageObject","inLanguage":"de-AT","@id":"https:\/\/audi-klaus.at\/shop\/#\/schema\/logo\/image\/","url":"https:\/\/audi-klaus.at\/shop\/wp-content\/uploads\/2024\/10\/Logo-Shop.webp","contentUrl":"https:\/\/audi-klaus.at\/shop\/wp-content\/uploads\/2024\/10\/Logo-Shop.webp","width":470,"height":164,"caption":"Audi-Klaus"},"image":{"@id":"https:\/\/audi-klaus.at\/shop\/#\/schema\/logo\/image\/"},"sameAs":["https:\/\/www.facebook.com\/audi.klaus.1312\/","https:\/\/www.instagram.com\/audi_klaus\/?igshid=1eca3qu2mdayg"]}]}},"_links":{"self":[{"href":"https:\/\/audi-klaus.at\/shop\/wp-json\/wp\/v2\/product\/23597","targetHints":{"allow":["GET"]}}],"collection":[{"href":"https:\/\/audi-klaus.at\/shop\/wp-json\/wp\/v2\/product"}],"about":[{"href":"https:\/\/audi-klaus.at\/shop\/wp-json\/wp\/v2\/types\/product"}],"wp:featuredmedia":[{"embeddable":true,"href":"https:\/\/audi-klaus.at\/shop\/wp-json\/wp\/v2\/media\/23595"}],"wp:attachment":[{"href":"https:\/\/audi-klaus.at\/shop\/wp-json\/wp\/v2\/media?parent=23597"}],"wp:term":[{"taxonomy":"product_brand","embeddable":true,"href":"https:\/\/audi-klaus.at\/shop\/wp-json\/wp\/v2\/product_brand?post=23597"},{"taxonomy":"product_cat","embeddable":true,"href":"https:\/\/audi-klaus.at\/shop\/wp-json\/wp\/v2\/product_cat?post=23597"},{"taxonomy":"product_tag","embeddable":true,"href":"https:\/\/audi-klaus.at\/shop\/wp-json\/wp\/v2\/product_tag?post=23597"}],"curies":[{"name":"wp","href":"https:\/\/api.w.org\/{rel}","templated":true}]}}