{"id":22769,"date":"2022-02-16T13:09:06","date_gmt":"2022-02-16T12:09:06","guid":{"rendered":"http:\/\/audi-klaus.at.server171-han.server-routing.com\/shop\/?post_type=product&#038;p=22769"},"modified":"2026-01-07T21:06:49","modified_gmt":"2026-01-07T20:06:49","slug":"vw-caddy-2-corrado-golf-vento-1-2-3-4-jetta-polo-scirocco-1-2passat-santana-b1-b2-b3-b4-scheibe-fuer-hinterachse-nos-neu-311405661","status":"publish","type":"product","link":"https:\/\/audi-klaus.at\/shop\/produkt\/vw-caddy-2-corrado-golf-vento-1-2-3-4-jetta-polo-scirocco-1-2passat-santana-b1-b2-b3-b4-scheibe-fuer-hinterachse-nos-neu-311405661\/","title":{"rendered":"VW Caddy\/2\/Corrado\/Golf\/Vento\/1\/2\/3\/4\/Jetta\/Polo\/Scirocco\/1\/2Passat\/Santana\/B1\/B2\/B3\/B4 Scheibe f\u00fcr Hinterachse NOS NEU 311405661"},"content":{"rendered":"<p><strong><span style=\"color: #000000\"><span style=\"font-family: Source Sans Pro, sans-serif\"><span style=\"font-size: medium\"><b>VAG Teilenummer<\/b><\/span><\/span><\/span><\/strong><span style=\"color: #000000\"><span style=\"font-family: Source Sans Pro, sans-serif\"><span style=\"font-size: medium\"><b>:<\/b><\/span><\/span><\/span> 311 405 661<span style=\"font-family: Source Sans Pro, sans-serif\"><span style=\"font-size: medium\"><br \/>\n<\/span><\/span><strong><span style=\"color: #000000\"><span style=\"font-family: Source Sans Pro, sans-serif\"><span style=\"font-size: medium\"><b>Zustand:<\/b><\/span><\/span><\/span><\/strong><span style=\"color: #000000\"><span style=\"font-family: Source Sans Pro, sans-serif\"><span style=\"font-size: medium\"> Neu<\/span><\/span><\/span><span style=\"font-family: Source Sans Pro, sans-serif\"><span style=\"font-size: medium\"><br \/>\n<\/span><\/span><strong><span style=\"color: #000000\"><span style=\"font-family: Source Sans Pro, sans-serif\"><span style=\"font-size: medium\"><b>Lieferumfang:<\/b><\/span><\/span><\/span><\/strong> <span style=\"color: #000000\"><span style=\"font-family: Source Sans Pro, sans-serif\"><span style=\"font-size: medium\">wie in den Original-Abbildungen angegeben<\/span><\/span><\/span><span style=\"font-family: Source Sans Pro, sans-serif\"><span style=\"font-size: medium\"><br \/>\n<\/span><\/span><span style=\"color: #000000\"><span style=\"font-family: Source Sans Pro, sans-serif\"><span style=\"font-size: medium\">Hinweis: Bitte \u00fcberpr\u00fcfen Sie vor dem Kauf anhand der eindeutigen Teilenummern, ob der Artikel zum Fahrzeug passt, um R\u00fccksendungen zu vermeiden! Trotz Angabe der entsprechenden Fahrzeugdaten ist eine eindeutige Zuordnung nur \u00fcber die Teilenummer m\u00f6glich! Die abgelesene Teilenummer ist die Teilenummer des Teils, welches geliefert wird. Die Originalteilnummer ist diejenige, die bei Neubestellung f\u00fcr dieses Teil gilt und der m\u00f6glicherweise abweichenden, gelieferten Teilenummer entspricht. Sollten weitere Fragen offen sein, kontaktieren Sie uns bitte unter <\/span><\/span><\/span><a href=\"mailto:office@audi-klaus.at\"><span style=\"font-family: Source Sans Pro, sans-serif\"><span style=\"font-size: medium\">office@audi-klaus.at<\/span><\/span><\/a><\/p>\n","protected":false},"excerpt":{"rendered":"<h5><strong><span style=\"font-size: 18pt\">Marke: VW<\/span><\/strong><\/h5>\n<h5><strong><span style=\"font-size: 18pt\">Modell: Caddy\/Corrado\/Golf\/Jetta\/Vento\/Polo\/Scirocco\/Passat\/Santana\/K\u00e4fer<\/span><\/strong><\/h5>\n<h5><strong><span style=\"font-size: 18pt\">Typ: 1\/2\/3\/4\/B1\/B2\/B3\/B4<\/span><\/strong><\/h5>\n","protected":false},"featured_media":20814,"template":"","meta":[],"product_brand":[],"product_cat":[1171,1205,1231,1172,1209,1232,1174,1211,1238,1176,1212,1242,1177,1214,7179,1180,1215,1164,1193,1216,1165,1194,1218,1167,1195,1226,1168,1196,1229,1170,1204,1230],"product_tag":[7944],"class_list":{"0":"post-22769","1":"product","2":"type-product","3":"status-publish","4":"has-post-thumbnail","6":"product_cat-corrado","7":"product_cat-2-165-1983-1992","8":"product_cat-b3-35i-1988-1993","9":"product_cat-polo","10":"product_cat-1h5-1991-1998","11":"product_cat-b4-3a-1993-1997","12":"product_cat-kaefer","13":"product_cat-1-53-1974-1981","14":"product_cat-b2-1981","15":"product_cat-passat","16":"product_cat-2-53b-1981-1992","17":"product_cat-2-9kv-1995-2003","18":"product_cat-santana","19":"product_cat-53i-1988-1995","20":"product_cat-kleinmaterial","21":"product_cat-caddy","22":"product_cat-1-86-1975-1981","23":"product_cat-vw","24":"product_cat-1-171-1974-1985","25":"product_cat-2-86c-1981-1990","26":"product_cat-golf","27":"product_cat-2-191-1983-1992","28":"product_cat-3-6n-1994-1999","29":"product_cat-jetta","30":"product_cat-3-1h-1990-1998","31":"product_cat-typ1-1938-2003","32":"product_cat-vento","33":"product_cat-4-1j-1997-2007","34":"product_cat-b1-32-1973-1977","35":"product_cat-scirocco","36":"product_cat-1-161-1978-1987","37":"product_cat-b2-32b-1980-1988","38":"product_tag-7944","40":"first","41":"outofstock","42":"taxable","43":"shipping-taxable","44":"purchasable","45":"product-type-simple"},"yoast_head":"<!-- This site is optimized with the Yoast SEO plugin v27.4 - https:\/\/yoast.com\/product\/yoast-seo-wordpress\/ -->\n<title>VW Caddy\/2\/Corrado\/Golf\/Vento\/1\/2\/3\/4\/Jetta\/Polo\/Scirocco\/1\/2Passat\/Santana\/B1\/B2\/B3\/B4 Scheibe f\u00fcr Hinterachse NOS NEU 311405661 - Audi-Klaus<\/title>\n<meta name=\"robots\" content=\"index, follow, max-snippet:-1, max-image-preview:large, max-video-preview:-1\" \/>\n<link rel=\"canonical\" href=\"https:\/\/audi-klaus.at\/shop\/produkt\/vw-caddy-2-corrado-golf-vento-1-2-3-4-jetta-polo-scirocco-1-2passat-santana-b1-b2-b3-b4-scheibe-fuer-hinterachse-nos-neu-311405661\/\" \/>\n<meta property=\"og:locale\" content=\"de_DE\" \/>\n<meta property=\"og:type\" content=\"article\" \/>\n<meta property=\"og:title\" content=\"VW Caddy\/2\/Corrado\/Golf\/Vento\/1\/2\/3\/4\/Jetta\/Polo\/Scirocco\/1\/2Passat\/Santana\/B1\/B2\/B3\/B4 Scheibe f\u00fcr Hinterachse NOS NEU 311405661 - Audi-Klaus\" \/>\n<meta property=\"og:description\" content=\"Marke: VW Modell: Caddy\/Corrado\/Golf\/Jetta\/Vento\/Polo\/Scirocco\/Passat\/Santana\/K\u00e4fer Typ: 1\/2\/3\/4\/B1\/B2\/B3\/B4\" \/>\n<meta property=\"og:url\" content=\"https:\/\/audi-klaus.at\/shop\/produkt\/vw-caddy-2-corrado-golf-vento-1-2-3-4-jetta-polo-scirocco-1-2passat-santana-b1-b2-b3-b4-scheibe-fuer-hinterachse-nos-neu-311405661\/\" \/>\n<meta property=\"og:site_name\" content=\"Audi-Klaus\" \/>\n<meta property=\"article:publisher\" content=\"https:\/\/www.facebook.com\/audi.klaus.1312\/\" \/>\n<meta property=\"article:modified_time\" content=\"2026-01-07T20:06:49+00:00\" \/>\n<meta property=\"og:image\" content=\"https:\/\/audi-klaus.at\/shop\/wp-content\/uploads\/2022\/01\/C625.jpg\" \/>\n\t<meta property=\"og:image:width\" content=\"537\" \/>\n\t<meta property=\"og:image:height\" content=\"430\" \/>\n\t<meta property=\"og:image:type\" content=\"image\/jpeg\" \/>\n<meta name=\"twitter:card\" content=\"summary_large_image\" \/>\n<script type=\"application\/ld+json\" class=\"yoast-schema-graph\">{\"@context\":\"https:\\\/\\\/schema.org\",\"@graph\":[{\"@type\":\"WebPage\",\"@id\":\"https:\\\/\\\/audi-klaus.at\\\/shop\\\/produkt\\\/vw-caddy-2-corrado-golf-vento-1-2-3-4-jetta-polo-scirocco-1-2passat-santana-b1-b2-b3-b4-scheibe-fuer-hinterachse-nos-neu-311405661\\\/\",\"url\":\"https:\\\/\\\/audi-klaus.at\\\/shop\\\/produkt\\\/vw-caddy-2-corrado-golf-vento-1-2-3-4-jetta-polo-scirocco-1-2passat-santana-b1-b2-b3-b4-scheibe-fuer-hinterachse-nos-neu-311405661\\\/\",\"name\":\"VW Caddy\\\/2\\\/Corrado\\\/Golf\\\/Vento\\\/1\\\/2\\\/3\\\/4\\\/Jetta\\\/Polo\\\/Scirocco\\\/1\\\/2Passat\\\/Santana\\\/B1\\\/B2\\\/B3\\\/B4 Scheibe f\u00fcr Hinterachse NOS NEU 311405661 - Audi-Klaus\",\"isPartOf\":{\"@id\":\"https:\\\/\\\/audi-klaus.at\\\/shop\\\/#website\"},\"primaryImageOfPage\":{\"@id\":\"https:\\\/\\\/audi-klaus.at\\\/shop\\\/produkt\\\/vw-caddy-2-corrado-golf-vento-1-2-3-4-jetta-polo-scirocco-1-2passat-santana-b1-b2-b3-b4-scheibe-fuer-hinterachse-nos-neu-311405661\\\/#primaryimage\"},\"image\":{\"@id\":\"https:\\\/\\\/audi-klaus.at\\\/shop\\\/produkt\\\/vw-caddy-2-corrado-golf-vento-1-2-3-4-jetta-polo-scirocco-1-2passat-santana-b1-b2-b3-b4-scheibe-fuer-hinterachse-nos-neu-311405661\\\/#primaryimage\"},\"thumbnailUrl\":\"https:\\\/\\\/audi-klaus.at\\\/shop\\\/wp-content\\\/uploads\\\/2022\\\/01\\\/C625.jpg\",\"datePublished\":\"2022-02-16T12:09:06+00:00\",\"dateModified\":\"2026-01-07T20:06:49+00:00\",\"breadcrumb\":{\"@id\":\"https:\\\/\\\/audi-klaus.at\\\/shop\\\/produkt\\\/vw-caddy-2-corrado-golf-vento-1-2-3-4-jetta-polo-scirocco-1-2passat-santana-b1-b2-b3-b4-scheibe-fuer-hinterachse-nos-neu-311405661\\\/#breadcrumb\"},\"inLanguage\":\"de-AT\",\"potentialAction\":[{\"@type\":\"ReadAction\",\"target\":[\"https:\\\/\\\/audi-klaus.at\\\/shop\\\/produkt\\\/vw-caddy-2-corrado-golf-vento-1-2-3-4-jetta-polo-scirocco-1-2passat-santana-b1-b2-b3-b4-scheibe-fuer-hinterachse-nos-neu-311405661\\\/\"]}]},{\"@type\":\"ImageObject\",\"inLanguage\":\"de-AT\",\"@id\":\"https:\\\/\\\/audi-klaus.at\\\/shop\\\/produkt\\\/vw-caddy-2-corrado-golf-vento-1-2-3-4-jetta-polo-scirocco-1-2passat-santana-b1-b2-b3-b4-scheibe-fuer-hinterachse-nos-neu-311405661\\\/#primaryimage\",\"url\":\"https:\\\/\\\/audi-klaus.at\\\/shop\\\/wp-content\\\/uploads\\\/2022\\\/01\\\/C625.jpg\",\"contentUrl\":\"https:\\\/\\\/audi-klaus.at\\\/shop\\\/wp-content\\\/uploads\\\/2022\\\/01\\\/C625.jpg\",\"width\":537,\"height\":430},{\"@type\":\"BreadcrumbList\",\"@id\":\"https:\\\/\\\/audi-klaus.at\\\/shop\\\/produkt\\\/vw-caddy-2-corrado-golf-vento-1-2-3-4-jetta-polo-scirocco-1-2passat-santana-b1-b2-b3-b4-scheibe-fuer-hinterachse-nos-neu-311405661\\\/#breadcrumb\",\"itemListElement\":[{\"@type\":\"ListItem\",\"position\":1,\"name\":\"Startseite\",\"item\":\"https:\\\/\\\/audi-klaus.at\\\/shop\\\/\"},{\"@type\":\"ListItem\",\"position\":2,\"name\":\"Shop\",\"item\":\"https:\\\/\\\/audi-klaus.at\\\/shop\\\/\"},{\"@type\":\"ListItem\",\"position\":3,\"name\":\"VW Caddy\\\/2\\\/Corrado\\\/Golf\\\/Vento\\\/1\\\/2\\\/3\\\/4\\\/Jetta\\\/Polo\\\/Scirocco\\\/1\\\/2Passat\\\/Santana\\\/B1\\\/B2\\\/B3\\\/B4 Scheibe f\u00fcr Hinterachse NOS NEU 311405661\"}]},{\"@type\":\"WebSite\",\"@id\":\"https:\\\/\\\/audi-klaus.at\\\/shop\\\/#website\",\"url\":\"https:\\\/\\\/audi-klaus.at\\\/shop\\\/\",\"name\":\"Audi-Klaus\",\"description\":\"Ihr Gebrauchtteile Spezialist f\u00fcr die Marken Audi, VW (VAG)\",\"publisher\":{\"@id\":\"https:\\\/\\\/audi-klaus.at\\\/shop\\\/#organization\"},\"potentialAction\":[{\"@type\":\"SearchAction\",\"target\":{\"@type\":\"EntryPoint\",\"urlTemplate\":\"https:\\\/\\\/audi-klaus.at\\\/shop\\\/?s={search_term_string}\"},\"query-input\":{\"@type\":\"PropertyValueSpecification\",\"valueRequired\":true,\"valueName\":\"search_term_string\"}}],\"inLanguage\":\"de-AT\"},{\"@type\":\"Organization\",\"@id\":\"https:\\\/\\\/audi-klaus.at\\\/shop\\\/#organization\",\"name\":\"Audi-Klaus\",\"url\":\"https:\\\/\\\/audi-klaus.at\\\/shop\\\/\",\"logo\":{\"@type\":\"ImageObject\",\"inLanguage\":\"de-AT\",\"@id\":\"https:\\\/\\\/audi-klaus.at\\\/shop\\\/#\\\/schema\\\/logo\\\/image\\\/\",\"url\":\"https:\\\/\\\/audi-klaus.at\\\/shop\\\/wp-content\\\/uploads\\\/2024\\\/10\\\/Logo-Shop.webp\",\"contentUrl\":\"https:\\\/\\\/audi-klaus.at\\\/shop\\\/wp-content\\\/uploads\\\/2024\\\/10\\\/Logo-Shop.webp\",\"width\":470,\"height\":164,\"caption\":\"Audi-Klaus\"},\"image\":{\"@id\":\"https:\\\/\\\/audi-klaus.at\\\/shop\\\/#\\\/schema\\\/logo\\\/image\\\/\"},\"sameAs\":[\"https:\\\/\\\/www.facebook.com\\\/audi.klaus.1312\\\/\",\"https:\\\/\\\/www.instagram.com\\\/audi_klaus\\\/?igshid=1eca3qu2mdayg\"]}]}<\/script>\n<!-- \/ Yoast SEO plugin. -->","yoast_head_json":{"title":"VW Caddy\/2\/Corrado\/Golf\/Vento\/1\/2\/3\/4\/Jetta\/Polo\/Scirocco\/1\/2Passat\/Santana\/B1\/B2\/B3\/B4 Scheibe f\u00fcr Hinterachse NOS NEU 311405661 - Audi-Klaus","robots":{"index":"index","follow":"follow","max-snippet":"max-snippet:-1","max-image-preview":"max-image-preview:large","max-video-preview":"max-video-preview:-1"},"canonical":"https:\/\/audi-klaus.at\/shop\/produkt\/vw-caddy-2-corrado-golf-vento-1-2-3-4-jetta-polo-scirocco-1-2passat-santana-b1-b2-b3-b4-scheibe-fuer-hinterachse-nos-neu-311405661\/","og_locale":"de_DE","og_type":"article","og_title":"VW Caddy\/2\/Corrado\/Golf\/Vento\/1\/2\/3\/4\/Jetta\/Polo\/Scirocco\/1\/2Passat\/Santana\/B1\/B2\/B3\/B4 Scheibe f\u00fcr Hinterachse NOS NEU 311405661 - Audi-Klaus","og_description":"Marke: VW Modell: Caddy\/Corrado\/Golf\/Jetta\/Vento\/Polo\/Scirocco\/Passat\/Santana\/K\u00e4fer Typ: 1\/2\/3\/4\/B1\/B2\/B3\/B4","og_url":"https:\/\/audi-klaus.at\/shop\/produkt\/vw-caddy-2-corrado-golf-vento-1-2-3-4-jetta-polo-scirocco-1-2passat-santana-b1-b2-b3-b4-scheibe-fuer-hinterachse-nos-neu-311405661\/","og_site_name":"Audi-Klaus","article_publisher":"https:\/\/www.facebook.com\/audi.klaus.1312\/","article_modified_time":"2026-01-07T20:06:49+00:00","og_image":[{"width":537,"height":430,"url":"https:\/\/audi-klaus.at\/shop\/wp-content\/uploads\/2022\/01\/C625.jpg","type":"image\/jpeg"}],"twitter_card":"summary_large_image","schema":{"@context":"https:\/\/schema.org","@graph":[{"@type":"WebPage","@id":"https:\/\/audi-klaus.at\/shop\/produkt\/vw-caddy-2-corrado-golf-vento-1-2-3-4-jetta-polo-scirocco-1-2passat-santana-b1-b2-b3-b4-scheibe-fuer-hinterachse-nos-neu-311405661\/","url":"https:\/\/audi-klaus.at\/shop\/produkt\/vw-caddy-2-corrado-golf-vento-1-2-3-4-jetta-polo-scirocco-1-2passat-santana-b1-b2-b3-b4-scheibe-fuer-hinterachse-nos-neu-311405661\/","name":"VW Caddy\/2\/Corrado\/Golf\/Vento\/1\/2\/3\/4\/Jetta\/Polo\/Scirocco\/1\/2Passat\/Santana\/B1\/B2\/B3\/B4 Scheibe f\u00fcr Hinterachse NOS NEU 311405661 - Audi-Klaus","isPartOf":{"@id":"https:\/\/audi-klaus.at\/shop\/#website"},"primaryImageOfPage":{"@id":"https:\/\/audi-klaus.at\/shop\/produkt\/vw-caddy-2-corrado-golf-vento-1-2-3-4-jetta-polo-scirocco-1-2passat-santana-b1-b2-b3-b4-scheibe-fuer-hinterachse-nos-neu-311405661\/#primaryimage"},"image":{"@id":"https:\/\/audi-klaus.at\/shop\/produkt\/vw-caddy-2-corrado-golf-vento-1-2-3-4-jetta-polo-scirocco-1-2passat-santana-b1-b2-b3-b4-scheibe-fuer-hinterachse-nos-neu-311405661\/#primaryimage"},"thumbnailUrl":"https:\/\/audi-klaus.at\/shop\/wp-content\/uploads\/2022\/01\/C625.jpg","datePublished":"2022-02-16T12:09:06+00:00","dateModified":"2026-01-07T20:06:49+00:00","breadcrumb":{"@id":"https:\/\/audi-klaus.at\/shop\/produkt\/vw-caddy-2-corrado-golf-vento-1-2-3-4-jetta-polo-scirocco-1-2passat-santana-b1-b2-b3-b4-scheibe-fuer-hinterachse-nos-neu-311405661\/#breadcrumb"},"inLanguage":"de-AT","potentialAction":[{"@type":"ReadAction","target":["https:\/\/audi-klaus.at\/shop\/produkt\/vw-caddy-2-corrado-golf-vento-1-2-3-4-jetta-polo-scirocco-1-2passat-santana-b1-b2-b3-b4-scheibe-fuer-hinterachse-nos-neu-311405661\/"]}]},{"@type":"ImageObject","inLanguage":"de-AT","@id":"https:\/\/audi-klaus.at\/shop\/produkt\/vw-caddy-2-corrado-golf-vento-1-2-3-4-jetta-polo-scirocco-1-2passat-santana-b1-b2-b3-b4-scheibe-fuer-hinterachse-nos-neu-311405661\/#primaryimage","url":"https:\/\/audi-klaus.at\/shop\/wp-content\/uploads\/2022\/01\/C625.jpg","contentUrl":"https:\/\/audi-klaus.at\/shop\/wp-content\/uploads\/2022\/01\/C625.jpg","width":537,"height":430},{"@type":"BreadcrumbList","@id":"https:\/\/audi-klaus.at\/shop\/produkt\/vw-caddy-2-corrado-golf-vento-1-2-3-4-jetta-polo-scirocco-1-2passat-santana-b1-b2-b3-b4-scheibe-fuer-hinterachse-nos-neu-311405661\/#breadcrumb","itemListElement":[{"@type":"ListItem","position":1,"name":"Startseite","item":"https:\/\/audi-klaus.at\/shop\/"},{"@type":"ListItem","position":2,"name":"Shop","item":"https:\/\/audi-klaus.at\/shop\/"},{"@type":"ListItem","position":3,"name":"VW Caddy\/2\/Corrado\/Golf\/Vento\/1\/2\/3\/4\/Jetta\/Polo\/Scirocco\/1\/2Passat\/Santana\/B1\/B2\/B3\/B4 Scheibe f\u00fcr Hinterachse NOS NEU 311405661"}]},{"@type":"WebSite","@id":"https:\/\/audi-klaus.at\/shop\/#website","url":"https:\/\/audi-klaus.at\/shop\/","name":"Audi-Klaus","description":"Ihr Gebrauchtteile Spezialist f\u00fcr die Marken Audi, VW (VAG)","publisher":{"@id":"https:\/\/audi-klaus.at\/shop\/#organization"},"potentialAction":[{"@type":"SearchAction","target":{"@type":"EntryPoint","urlTemplate":"https:\/\/audi-klaus.at\/shop\/?s={search_term_string}"},"query-input":{"@type":"PropertyValueSpecification","valueRequired":true,"valueName":"search_term_string"}}],"inLanguage":"de-AT"},{"@type":"Organization","@id":"https:\/\/audi-klaus.at\/shop\/#organization","name":"Audi-Klaus","url":"https:\/\/audi-klaus.at\/shop\/","logo":{"@type":"ImageObject","inLanguage":"de-AT","@id":"https:\/\/audi-klaus.at\/shop\/#\/schema\/logo\/image\/","url":"https:\/\/audi-klaus.at\/shop\/wp-content\/uploads\/2024\/10\/Logo-Shop.webp","contentUrl":"https:\/\/audi-klaus.at\/shop\/wp-content\/uploads\/2024\/10\/Logo-Shop.webp","width":470,"height":164,"caption":"Audi-Klaus"},"image":{"@id":"https:\/\/audi-klaus.at\/shop\/#\/schema\/logo\/image\/"},"sameAs":["https:\/\/www.facebook.com\/audi.klaus.1312\/","https:\/\/www.instagram.com\/audi_klaus\/?igshid=1eca3qu2mdayg"]}]}},"_links":{"self":[{"href":"https:\/\/audi-klaus.at\/shop\/wp-json\/wp\/v2\/product\/22769","targetHints":{"allow":["GET"]}}],"collection":[{"href":"https:\/\/audi-klaus.at\/shop\/wp-json\/wp\/v2\/product"}],"about":[{"href":"https:\/\/audi-klaus.at\/shop\/wp-json\/wp\/v2\/types\/product"}],"wp:featuredmedia":[{"embeddable":true,"href":"https:\/\/audi-klaus.at\/shop\/wp-json\/wp\/v2\/media\/20814"}],"wp:attachment":[{"href":"https:\/\/audi-klaus.at\/shop\/wp-json\/wp\/v2\/media?parent=22769"}],"wp:term":[{"taxonomy":"product_brand","embeddable":true,"href":"https:\/\/audi-klaus.at\/shop\/wp-json\/wp\/v2\/product_brand?post=22769"},{"taxonomy":"product_cat","embeddable":true,"href":"https:\/\/audi-klaus.at\/shop\/wp-json\/wp\/v2\/product_cat?post=22769"},{"taxonomy":"product_tag","embeddable":true,"href":"https:\/\/audi-klaus.at\/shop\/wp-json\/wp\/v2\/product_tag?post=22769"}],"curies":[{"name":"wp","href":"https:\/\/api.w.org\/{rel}","templated":true}]}}