{"id":22520,"date":"2022-02-11T17:37:18","date_gmt":"2022-02-11T16:37:18","guid":{"rendered":"http:\/\/audi-klaus.at.server171-han.server-routing.com\/shop\/?post_type=product&#038;p=22520"},"modified":"2026-01-07T21:06:34","modified_gmt":"2026-01-07T20:06:34","slug":"vw-golf-jetta-caddy-1-2-passat-35i-b3-b4-corrado-polo-audi-skoda-seat-halter-fuer-haubenaufsteller-neu-357823397","status":"publish","type":"product","link":"https:\/\/audi-klaus.at\/shop\/produkt\/vw-golf-jetta-caddy-1-2-passat-35i-b3-b4-corrado-polo-audi-skoda-seat-halter-fuer-haubenaufsteller-neu-357823397\/","title":{"rendered":"VW\/Audi\/Skoda\/Seat\/Golf\/Jetta\/Caddy\/1\/2\/Passat 35i\/B3\/B4\/Corrado\/Polo Halter f\u00fcr Haubenaufsteller NOS 357823397"},"content":{"rendered":"<h5><strong><span style=\"color: #000000\"><span style=\"font-family: Source Sans Pro, sans-serif\"><span style=\"font-size: medium\"><b>VAG Teilenummer<\/b><\/span><\/span><\/span><\/strong><span style=\"color: #000000\"><span style=\"font-family: Source Sans Pro, sans-serif\"><span style=\"font-size: medium\"><b>:<\/b><\/span><\/span><\/span> 357 823 397<span style=\"font-family: Source Sans Pro, sans-serif\"><span style=\"font-size: medium\"><br \/>\n<\/span><\/span><strong><span style=\"color: #000000\"><span style=\"font-family: Source Sans Pro, sans-serif\"><span style=\"font-size: medium\"><b>Zustand:<\/b><\/span><\/span><\/span><\/strong><span style=\"color: #000000\"><span style=\"font-family: Source Sans Pro, sans-serif\"><span style=\"font-size: medium\"> NOS\u00a0<\/span><\/span><\/span><span style=\"font-family: Source Sans Pro, sans-serif\"><span style=\"font-size: medium\"><br \/>\n<\/span><\/span><\/h5>\n<h5 class=\"western\"><span style=\"color: #060606\"><span style=\"font-family: Verdana, serif\"><span style=\"font-size: small\"><b>Hinweis:<\/b><\/span><\/span><\/span><span style=\"color: #060606\"><span style=\"font-family: Verdana, serif\"><span style=\"font-size: small\">\u00a0Bitte \u00fcberpr\u00fcfen Sie vor dem Kauf anhand der eindeutigen Teilenummern, ob der Artikel zum Fahrzeug passt, um R\u00fccksendungen zu vermeiden! Trotz Angabe der entsprechenden Fahrzeugdaten ist eine eindeutige Zuordnung nur \u00fcber die Teilenummer m\u00f6glich! Die abgelesene Teilenummer ist die Teilenummer des Teils, welches geliefert wird. Die Originalteilnummer ist diejenige, die bei Neubestellung f\u00fcr dieses Teil gilt und der m\u00f6glicherweise abweichenden, gelieferten Teilenummer entspricht. <\/span><\/span><\/span><\/h5>\n<h5 class=\"western\"><span style=\"color: #060606\"><span style=\"font-family: Verdana, serif\"><span style=\"font-size: small\"><span lang=\"de-DE\">Neu<\/span><\/span><\/span><\/span><span style=\"color: #060606\"><span style=\"font-family: Verdana, serif\"><span style=\"font-size: small\"> mit Gebrauchsspuren in Form von Verunreinigungen\/ kleinen Kratzern m\u00f6glich.<br \/>\nDie Ware wird ungereinigt geliefert.<\/span><\/span><\/span><\/h5>\n<h5 class=\"western\"><span style=\"color: #060606\"><span style=\"font-family: Verdana, serif\"><span style=\"font-size: small\">Sollten weitere Fragen offen sein, kontaktieren Sie uns bitte unter\u00a0<\/span><\/span><\/span><a href=\"mailto:office@audi-klaus.at\"><span style=\"color: #0000ff\"><span style=\"font-family: Verdana, serif\"><span style=\"font-size: small\"><u>office@audi-klaus.at<\/u><\/span><\/span><\/span><\/a><\/h5>\n<h5 class=\"western\"><\/h5>\n","protected":false},"excerpt":{"rendered":"<h5><strong><span style=\"font-size: 18pt\">Marke: VW\/Audi\/Seat\/Skoda<\/span><\/strong><\/h5>\n<h5><strong><span style=\"font-size: 18pt\">Modell: Golf\/Jetta\/Passat\/Corrado\/Caddy\/Polo<\/span><\/strong><\/h5>\n<h5><strong><span style=\"font-size: 18pt\">Typ: 1\/2\/35i\/B3\/B4<\/span><\/strong><\/h5>\n","protected":false},"featured_media":20671,"template":"","meta":[],"product_brand":[],"product_cat":[1193,1194,1204,32,1205,1164,1214,1165,1231,1167,1232,1171,1241,1172,1378,1176,1379,1180,7179],"product_tag":[7858,23095],"class_list":{"0":"post-22520","1":"product","2":"type-product","3":"status-publish","4":"has-post-thumbnail","6":"product_cat-1-171-1974-1985","7":"product_cat-2-191-1983-1992","8":"product_cat-1-161-1978-1987","9":"product_cat-audi","10":"product_cat-2-165-1983-1992","11":"product_cat-vw","12":"product_cat-53i-1988-1995","13":"product_cat-golf","14":"product_cat-b3-35i-1988-1993","15":"product_cat-jetta","16":"product_cat-b4-3a-1993-1997","17":"product_cat-corrado","18":"product_cat-1-14d-1978-1992","19":"product_cat-polo","20":"product_cat-seat","21":"product_cat-passat","22":"product_cat-skoda","23":"product_cat-caddy","24":"product_cat-kleinmaterial","25":"product_tag-7858","26":"product_tag-c544","28":"first","29":"instock","30":"taxable","31":"shipping-taxable","32":"purchasable","33":"product-type-simple"},"yoast_head":"<!-- This site is optimized with the Yoast SEO plugin v27.5 - https:\/\/yoast.com\/product\/yoast-seo-wordpress\/ -->\n<title>VW\/Audi\/Skoda\/Seat\/Golf\/Jetta\/Caddy\/1\/2\/Passat 35i\/B3\/B4\/Corrado\/Polo Halter f\u00fcr Haubenaufsteller NOS 357823397 - Audi-Klaus<\/title>\n<meta name=\"description\" content=\"VW Golf\/Jetta\/Caddy\/1\/2\/Passat 35i\/B3\/B4\/Corrado\/Polo\/Audi\/Skoda\/Seat\/Halter f\u00fcr Haubenaufsteller NOS 357823397 VW\/Audi\/Skoda\/Seat\/Golf\/Jetta\/Caddy\/1\/2\/Passat 35i\/B3\/B4\/Corrado\/Polo Halter f\u00fcr Haubenaufsteller NOS 357823397 - Audi-Klaus\" \/>\n<meta name=\"robots\" content=\"index, follow, max-snippet:-1, max-image-preview:large, max-video-preview:-1\" \/>\n<link rel=\"canonical\" href=\"https:\/\/audi-klaus.at\/shop\/produkt\/vw-golf-jetta-caddy-1-2-passat-35i-b3-b4-corrado-polo-audi-skoda-seat-halter-fuer-haubenaufsteller-neu-357823397\/\" \/>\n<meta property=\"og:locale\" content=\"de_DE\" \/>\n<meta property=\"og:type\" content=\"article\" \/>\n<meta property=\"og:title\" content=\"VW\/Audi\/Skoda\/Seat\/Golf\/Jetta\/Caddy\/1\/2\/Passat 35i\/B3\/B4\/Corrado\/Polo Halter f\u00fcr Haubenaufsteller NOS 357823397 - Audi-Klaus\" \/>\n<meta property=\"og:description\" content=\"VW Golf\/Jetta\/Caddy\/1\/2\/Passat 35i\/B3\/B4\/Corrado\/Polo\/Audi\/Skoda\/Seat\/Halter f\u00fcr Haubenaufsteller NOS 357823397 VW\/Audi\/Skoda\/Seat\/Golf\/Jetta\/Caddy\/1\/2\/Passat 35i\/B3\/B4\/Corrado\/Polo Halter f\u00fcr Haubenaufsteller NOS 357823397 - Audi-Klaus\" \/>\n<meta property=\"og:url\" content=\"https:\/\/audi-klaus.at\/shop\/produkt\/vw-golf-jetta-caddy-1-2-passat-35i-b3-b4-corrado-polo-audi-skoda-seat-halter-fuer-haubenaufsteller-neu-357823397\/\" \/>\n<meta property=\"og:site_name\" content=\"Audi-Klaus\" \/>\n<meta property=\"article:publisher\" content=\"https:\/\/www.facebook.com\/audi.klaus.1312\/\" \/>\n<meta property=\"article:modified_time\" content=\"2026-01-07T20:06:34+00:00\" \/>\n<meta property=\"og:image\" content=\"https:\/\/audi-klaus.at\/shop\/wp-content\/uploads\/2022\/01\/c544.jpg\" \/>\n\t<meta property=\"og:image:width\" content=\"430\" \/>\n\t<meta property=\"og:image:height\" content=\"430\" \/>\n\t<meta property=\"og:image:type\" content=\"image\/jpeg\" \/>\n<meta name=\"twitter:card\" content=\"summary_large_image\" \/>\n<meta name=\"twitter:label1\" content=\"Gesch\u00e4tzte Lesezeit\" \/>\n\t<meta name=\"twitter:data1\" content=\"1 Minute\" \/>\n<script type=\"application\/ld+json\" class=\"yoast-schema-graph\">{\"@context\":\"https:\\\/\\\/schema.org\",\"@graph\":[{\"@type\":\"WebPage\",\"@id\":\"https:\\\/\\\/audi-klaus.at\\\/shop\\\/produkt\\\/vw-golf-jetta-caddy-1-2-passat-35i-b3-b4-corrado-polo-audi-skoda-seat-halter-fuer-haubenaufsteller-neu-357823397\\\/\",\"url\":\"https:\\\/\\\/audi-klaus.at\\\/shop\\\/produkt\\\/vw-golf-jetta-caddy-1-2-passat-35i-b3-b4-corrado-polo-audi-skoda-seat-halter-fuer-haubenaufsteller-neu-357823397\\\/\",\"name\":\"VW\\\/Audi\\\/Skoda\\\/Seat\\\/Golf\\\/Jetta\\\/Caddy\\\/1\\\/2\\\/Passat 35i\\\/B3\\\/B4\\\/Corrado\\\/Polo Halter f\u00fcr Haubenaufsteller NOS 357823397 - Audi-Klaus\",\"isPartOf\":{\"@id\":\"https:\\\/\\\/audi-klaus.at\\\/shop\\\/#website\"},\"primaryImageOfPage\":{\"@id\":\"https:\\\/\\\/audi-klaus.at\\\/shop\\\/produkt\\\/vw-golf-jetta-caddy-1-2-passat-35i-b3-b4-corrado-polo-audi-skoda-seat-halter-fuer-haubenaufsteller-neu-357823397\\\/#primaryimage\"},\"image\":{\"@id\":\"https:\\\/\\\/audi-klaus.at\\\/shop\\\/produkt\\\/vw-golf-jetta-caddy-1-2-passat-35i-b3-b4-corrado-polo-audi-skoda-seat-halter-fuer-haubenaufsteller-neu-357823397\\\/#primaryimage\"},\"thumbnailUrl\":\"https:\\\/\\\/audi-klaus.at\\\/shop\\\/wp-content\\\/uploads\\\/2022\\\/01\\\/c544.jpg\",\"datePublished\":\"2022-02-11T16:37:18+00:00\",\"dateModified\":\"2026-01-07T20:06:34+00:00\",\"description\":\"VW Golf\\\/Jetta\\\/Caddy\\\/1\\\/2\\\/Passat 35i\\\/B3\\\/B4\\\/Corrado\\\/Polo\\\/Audi\\\/Skoda\\\/Seat\\\/Halter f\u00fcr Haubenaufsteller NOS 357823397 VW\\\/Audi\\\/Skoda\\\/Seat\\\/Golf\\\/Jetta\\\/Caddy\\\/1\\\/2\\\/Passat 35i\\\/B3\\\/B4\\\/Corrado\\\/Polo Halter f\u00fcr Haubenaufsteller NOS 357823397 - Audi-Klaus\",\"breadcrumb\":{\"@id\":\"https:\\\/\\\/audi-klaus.at\\\/shop\\\/produkt\\\/vw-golf-jetta-caddy-1-2-passat-35i-b3-b4-corrado-polo-audi-skoda-seat-halter-fuer-haubenaufsteller-neu-357823397\\\/#breadcrumb\"},\"inLanguage\":\"de-AT\",\"potentialAction\":[{\"@type\":\"ReadAction\",\"target\":[\"https:\\\/\\\/audi-klaus.at\\\/shop\\\/produkt\\\/vw-golf-jetta-caddy-1-2-passat-35i-b3-b4-corrado-polo-audi-skoda-seat-halter-fuer-haubenaufsteller-neu-357823397\\\/\"]}]},{\"@type\":\"ImageObject\",\"inLanguage\":\"de-AT\",\"@id\":\"https:\\\/\\\/audi-klaus.at\\\/shop\\\/produkt\\\/vw-golf-jetta-caddy-1-2-passat-35i-b3-b4-corrado-polo-audi-skoda-seat-halter-fuer-haubenaufsteller-neu-357823397\\\/#primaryimage\",\"url\":\"https:\\\/\\\/audi-klaus.at\\\/shop\\\/wp-content\\\/uploads\\\/2022\\\/01\\\/c544.jpg\",\"contentUrl\":\"https:\\\/\\\/audi-klaus.at\\\/shop\\\/wp-content\\\/uploads\\\/2022\\\/01\\\/c544.jpg\",\"width\":430,\"height\":430},{\"@type\":\"BreadcrumbList\",\"@id\":\"https:\\\/\\\/audi-klaus.at\\\/shop\\\/produkt\\\/vw-golf-jetta-caddy-1-2-passat-35i-b3-b4-corrado-polo-audi-skoda-seat-halter-fuer-haubenaufsteller-neu-357823397\\\/#breadcrumb\",\"itemListElement\":[{\"@type\":\"ListItem\",\"position\":1,\"name\":\"Startseite\",\"item\":\"https:\\\/\\\/audi-klaus.at\\\/shop\\\/\"},{\"@type\":\"ListItem\",\"position\":2,\"name\":\"Shop\",\"item\":\"https:\\\/\\\/audi-klaus.at\\\/shop\\\/\"},{\"@type\":\"ListItem\",\"position\":3,\"name\":\"VW\\\/Audi\\\/Skoda\\\/Seat\\\/Golf\\\/Jetta\\\/Caddy\\\/1\\\/2\\\/Passat 35i\\\/B3\\\/B4\\\/Corrado\\\/Polo Halter f\u00fcr Haubenaufsteller NOS 357823397\"}]},{\"@type\":\"WebSite\",\"@id\":\"https:\\\/\\\/audi-klaus.at\\\/shop\\\/#website\",\"url\":\"https:\\\/\\\/audi-klaus.at\\\/shop\\\/\",\"name\":\"Audi-Klaus\",\"description\":\"Ihr Gebrauchtteile Spezialist f\u00fcr die Marken Audi, VW (VAG)\",\"publisher\":{\"@id\":\"https:\\\/\\\/audi-klaus.at\\\/shop\\\/#organization\"},\"potentialAction\":[{\"@type\":\"SearchAction\",\"target\":{\"@type\":\"EntryPoint\",\"urlTemplate\":\"https:\\\/\\\/audi-klaus.at\\\/shop\\\/?s={search_term_string}\"},\"query-input\":{\"@type\":\"PropertyValueSpecification\",\"valueRequired\":true,\"valueName\":\"search_term_string\"}}],\"inLanguage\":\"de-AT\"},{\"@type\":\"Organization\",\"@id\":\"https:\\\/\\\/audi-klaus.at\\\/shop\\\/#organization\",\"name\":\"Audi-Klaus\",\"url\":\"https:\\\/\\\/audi-klaus.at\\\/shop\\\/\",\"logo\":{\"@type\":\"ImageObject\",\"inLanguage\":\"de-AT\",\"@id\":\"https:\\\/\\\/audi-klaus.at\\\/shop\\\/#\\\/schema\\\/logo\\\/image\\\/\",\"url\":\"https:\\\/\\\/audi-klaus.at\\\/shop\\\/wp-content\\\/uploads\\\/2024\\\/10\\\/Logo-Shop.webp\",\"contentUrl\":\"https:\\\/\\\/audi-klaus.at\\\/shop\\\/wp-content\\\/uploads\\\/2024\\\/10\\\/Logo-Shop.webp\",\"width\":470,\"height\":164,\"caption\":\"Audi-Klaus\"},\"image\":{\"@id\":\"https:\\\/\\\/audi-klaus.at\\\/shop\\\/#\\\/schema\\\/logo\\\/image\\\/\"},\"sameAs\":[\"https:\\\/\\\/www.facebook.com\\\/audi.klaus.1312\\\/\",\"https:\\\/\\\/www.instagram.com\\\/audi_klaus\\\/?igshid=1eca3qu2mdayg\"]}]}<\/script>\n<!-- \/ Yoast SEO plugin. -->","yoast_head_json":{"title":"VW\/Audi\/Skoda\/Seat\/Golf\/Jetta\/Caddy\/1\/2\/Passat 35i\/B3\/B4\/Corrado\/Polo Halter f\u00fcr Haubenaufsteller NOS 357823397 - Audi-Klaus","description":"VW Golf\/Jetta\/Caddy\/1\/2\/Passat 35i\/B3\/B4\/Corrado\/Polo\/Audi\/Skoda\/Seat\/Halter f\u00fcr Haubenaufsteller NOS 357823397 VW\/Audi\/Skoda\/Seat\/Golf\/Jetta\/Caddy\/1\/2\/Passat 35i\/B3\/B4\/Corrado\/Polo Halter f\u00fcr Haubenaufsteller NOS 357823397 - Audi-Klaus","robots":{"index":"index","follow":"follow","max-snippet":"max-snippet:-1","max-image-preview":"max-image-preview:large","max-video-preview":"max-video-preview:-1"},"canonical":"https:\/\/audi-klaus.at\/shop\/produkt\/vw-golf-jetta-caddy-1-2-passat-35i-b3-b4-corrado-polo-audi-skoda-seat-halter-fuer-haubenaufsteller-neu-357823397\/","og_locale":"de_DE","og_type":"article","og_title":"VW\/Audi\/Skoda\/Seat\/Golf\/Jetta\/Caddy\/1\/2\/Passat 35i\/B3\/B4\/Corrado\/Polo Halter f\u00fcr Haubenaufsteller NOS 357823397 - Audi-Klaus","og_description":"VW Golf\/Jetta\/Caddy\/1\/2\/Passat 35i\/B3\/B4\/Corrado\/Polo\/Audi\/Skoda\/Seat\/Halter f\u00fcr Haubenaufsteller NOS 357823397 VW\/Audi\/Skoda\/Seat\/Golf\/Jetta\/Caddy\/1\/2\/Passat 35i\/B3\/B4\/Corrado\/Polo Halter f\u00fcr Haubenaufsteller NOS 357823397 - Audi-Klaus","og_url":"https:\/\/audi-klaus.at\/shop\/produkt\/vw-golf-jetta-caddy-1-2-passat-35i-b3-b4-corrado-polo-audi-skoda-seat-halter-fuer-haubenaufsteller-neu-357823397\/","og_site_name":"Audi-Klaus","article_publisher":"https:\/\/www.facebook.com\/audi.klaus.1312\/","article_modified_time":"2026-01-07T20:06:34+00:00","og_image":[{"width":430,"height":430,"url":"https:\/\/audi-klaus.at\/shop\/wp-content\/uploads\/2022\/01\/c544.jpg","type":"image\/jpeg"}],"twitter_card":"summary_large_image","twitter_misc":{"Gesch\u00e4tzte Lesezeit":"1 Minute"},"schema":{"@context":"https:\/\/schema.org","@graph":[{"@type":"WebPage","@id":"https:\/\/audi-klaus.at\/shop\/produkt\/vw-golf-jetta-caddy-1-2-passat-35i-b3-b4-corrado-polo-audi-skoda-seat-halter-fuer-haubenaufsteller-neu-357823397\/","url":"https:\/\/audi-klaus.at\/shop\/produkt\/vw-golf-jetta-caddy-1-2-passat-35i-b3-b4-corrado-polo-audi-skoda-seat-halter-fuer-haubenaufsteller-neu-357823397\/","name":"VW\/Audi\/Skoda\/Seat\/Golf\/Jetta\/Caddy\/1\/2\/Passat 35i\/B3\/B4\/Corrado\/Polo Halter f\u00fcr Haubenaufsteller NOS 357823397 - Audi-Klaus","isPartOf":{"@id":"https:\/\/audi-klaus.at\/shop\/#website"},"primaryImageOfPage":{"@id":"https:\/\/audi-klaus.at\/shop\/produkt\/vw-golf-jetta-caddy-1-2-passat-35i-b3-b4-corrado-polo-audi-skoda-seat-halter-fuer-haubenaufsteller-neu-357823397\/#primaryimage"},"image":{"@id":"https:\/\/audi-klaus.at\/shop\/produkt\/vw-golf-jetta-caddy-1-2-passat-35i-b3-b4-corrado-polo-audi-skoda-seat-halter-fuer-haubenaufsteller-neu-357823397\/#primaryimage"},"thumbnailUrl":"https:\/\/audi-klaus.at\/shop\/wp-content\/uploads\/2022\/01\/c544.jpg","datePublished":"2022-02-11T16:37:18+00:00","dateModified":"2026-01-07T20:06:34+00:00","description":"VW Golf\/Jetta\/Caddy\/1\/2\/Passat 35i\/B3\/B4\/Corrado\/Polo\/Audi\/Skoda\/Seat\/Halter f\u00fcr Haubenaufsteller NOS 357823397 VW\/Audi\/Skoda\/Seat\/Golf\/Jetta\/Caddy\/1\/2\/Passat 35i\/B3\/B4\/Corrado\/Polo Halter f\u00fcr Haubenaufsteller NOS 357823397 - Audi-Klaus","breadcrumb":{"@id":"https:\/\/audi-klaus.at\/shop\/produkt\/vw-golf-jetta-caddy-1-2-passat-35i-b3-b4-corrado-polo-audi-skoda-seat-halter-fuer-haubenaufsteller-neu-357823397\/#breadcrumb"},"inLanguage":"de-AT","potentialAction":[{"@type":"ReadAction","target":["https:\/\/audi-klaus.at\/shop\/produkt\/vw-golf-jetta-caddy-1-2-passat-35i-b3-b4-corrado-polo-audi-skoda-seat-halter-fuer-haubenaufsteller-neu-357823397\/"]}]},{"@type":"ImageObject","inLanguage":"de-AT","@id":"https:\/\/audi-klaus.at\/shop\/produkt\/vw-golf-jetta-caddy-1-2-passat-35i-b3-b4-corrado-polo-audi-skoda-seat-halter-fuer-haubenaufsteller-neu-357823397\/#primaryimage","url":"https:\/\/audi-klaus.at\/shop\/wp-content\/uploads\/2022\/01\/c544.jpg","contentUrl":"https:\/\/audi-klaus.at\/shop\/wp-content\/uploads\/2022\/01\/c544.jpg","width":430,"height":430},{"@type":"BreadcrumbList","@id":"https:\/\/audi-klaus.at\/shop\/produkt\/vw-golf-jetta-caddy-1-2-passat-35i-b3-b4-corrado-polo-audi-skoda-seat-halter-fuer-haubenaufsteller-neu-357823397\/#breadcrumb","itemListElement":[{"@type":"ListItem","position":1,"name":"Startseite","item":"https:\/\/audi-klaus.at\/shop\/"},{"@type":"ListItem","position":2,"name":"Shop","item":"https:\/\/audi-klaus.at\/shop\/"},{"@type":"ListItem","position":3,"name":"VW\/Audi\/Skoda\/Seat\/Golf\/Jetta\/Caddy\/1\/2\/Passat 35i\/B3\/B4\/Corrado\/Polo Halter f\u00fcr Haubenaufsteller NOS 357823397"}]},{"@type":"WebSite","@id":"https:\/\/audi-klaus.at\/shop\/#website","url":"https:\/\/audi-klaus.at\/shop\/","name":"Audi-Klaus","description":"Ihr Gebrauchtteile Spezialist f\u00fcr die Marken Audi, VW (VAG)","publisher":{"@id":"https:\/\/audi-klaus.at\/shop\/#organization"},"potentialAction":[{"@type":"SearchAction","target":{"@type":"EntryPoint","urlTemplate":"https:\/\/audi-klaus.at\/shop\/?s={search_term_string}"},"query-input":{"@type":"PropertyValueSpecification","valueRequired":true,"valueName":"search_term_string"}}],"inLanguage":"de-AT"},{"@type":"Organization","@id":"https:\/\/audi-klaus.at\/shop\/#organization","name":"Audi-Klaus","url":"https:\/\/audi-klaus.at\/shop\/","logo":{"@type":"ImageObject","inLanguage":"de-AT","@id":"https:\/\/audi-klaus.at\/shop\/#\/schema\/logo\/image\/","url":"https:\/\/audi-klaus.at\/shop\/wp-content\/uploads\/2024\/10\/Logo-Shop.webp","contentUrl":"https:\/\/audi-klaus.at\/shop\/wp-content\/uploads\/2024\/10\/Logo-Shop.webp","width":470,"height":164,"caption":"Audi-Klaus"},"image":{"@id":"https:\/\/audi-klaus.at\/shop\/#\/schema\/logo\/image\/"},"sameAs":["https:\/\/www.facebook.com\/audi.klaus.1312\/","https:\/\/www.instagram.com\/audi_klaus\/?igshid=1eca3qu2mdayg"]}]}},"_links":{"self":[{"href":"https:\/\/audi-klaus.at\/shop\/wp-json\/wp\/v2\/product\/22520","targetHints":{"allow":["GET"]}}],"collection":[{"href":"https:\/\/audi-klaus.at\/shop\/wp-json\/wp\/v2\/product"}],"about":[{"href":"https:\/\/audi-klaus.at\/shop\/wp-json\/wp\/v2\/types\/product"}],"wp:featuredmedia":[{"embeddable":true,"href":"https:\/\/audi-klaus.at\/shop\/wp-json\/wp\/v2\/media\/20671"}],"wp:attachment":[{"href":"https:\/\/audi-klaus.at\/shop\/wp-json\/wp\/v2\/media?parent=22520"}],"wp:term":[{"taxonomy":"product_brand","embeddable":true,"href":"https:\/\/audi-klaus.at\/shop\/wp-json\/wp\/v2\/product_brand?post=22520"},{"taxonomy":"product_cat","embeddable":true,"href":"https:\/\/audi-klaus.at\/shop\/wp-json\/wp\/v2\/product_cat?post=22520"},{"taxonomy":"product_tag","embeddable":true,"href":"https:\/\/audi-klaus.at\/shop\/wp-json\/wp\/v2\/product_tag?post=22520"}],"curies":[{"name":"wp","href":"https:\/\/api.w.org\/{rel}","templated":true}]}}