{"id":22510,"date":"2022-02-11T17:22:20","date_gmt":"2022-02-11T16:22:20","guid":{"rendered":"http:\/\/audi-klaus.at.server171-han.server-routing.com\/shop\/?post_type=product&#038;p=22510"},"modified":"2026-03-19T10:01:34","modified_gmt":"2026-03-19T09:01:34","slug":"audi-50-80-90-coupe-urquattro-typ-81-85-100-200-typ-43-vw-polo-86c-scheibenwaschduese-861955985","status":"publish","type":"product","link":"https:\/\/audi-klaus.at\/shop\/produkt\/audi-50-80-90-coupe-urquattro-typ-81-85-100-200-typ-43-vw-polo-86c-scheibenwaschduese-861955985\/","title":{"rendered":"Audi 50\/80\/90\/Coup\u00e9\/Urquattro\/Typ 81\/85\/100\/200\/Typ 43\/Vw Polo\/86c Scheibenwaschd\u00fcse  861955985"},"content":{"rendered":"<p><strong><span style=\"color: #000000\"><span style=\"font-family: Source Sans Pro, sans-serif\"><span style=\"font-size: medium\"><b>VAG Teilenummer<\/b><\/span><\/span><\/span><\/strong><span style=\"color: #000000\"><span style=\"font-family: Source Sans Pro, sans-serif\"><span style=\"font-size: medium\"><b>:<\/b><\/span><\/span><\/span> 861 955 985<span style=\"font-family: Source Sans Pro, sans-serif\"><span style=\"font-size: medium\"><br \/>\n<\/span><\/span><strong><span style=\"color: #000000\"><span style=\"font-family: Source Sans Pro, sans-serif\"><span style=\"font-size: medium\"><b>Zustand:<\/b><\/span><\/span><\/span><\/strong><span style=\"color: #000000\"><span style=\"font-family: Source Sans Pro, sans-serif\"><span style=\"font-size: medium\"> Gebraucht<\/span><\/span><\/span><span style=\"font-family: Source Sans Pro, sans-serif\"><span style=\"font-size: medium\"><br \/>\n<\/span><\/span><strong><span style=\"color: #000000\"><span style=\"font-family: Source Sans Pro, sans-serif\"><span style=\"font-size: medium\"><b>Lieferumfang:<\/b><\/span><\/span><\/span><\/strong> <span style=\"color: #000000\"><span style=\"font-family: Source Sans Pro, sans-serif\"><span style=\"font-size: medium\">wie in den Original-Abbildungen angegeben<\/span><\/span><\/span><span style=\"font-family: Source Sans Pro, sans-serif\"><span style=\"font-size: medium\"><br \/>\n<\/span><\/span><span style=\"color: #000000\"><span style=\"font-family: Source Sans Pro, sans-serif\"><span style=\"font-size: medium\">Hinweis: Bitte \u00fcberpr\u00fcfen Sie vor dem Kauf anhand der eindeutigen Teilenummern, ob der Artikel zum Fahrzeug passt, um R\u00fccksendungen zu vermeiden! Trotz Angabe der entsprechenden Fahrzeugdaten ist eine eindeutige Zuordnung nur \u00fcber die Teilenummer m\u00f6glich! Die abgelesene Teilenummer ist die Teilenummer des Teils, welches geliefert wird. Die Originalteilnummer ist diejenige, die bei Neubestellung f\u00fcr dieses Teil gilt und der m\u00f6glicherweise abweichenden, gelieferten Teilenummer entspricht. Sollten weitere Fragen offen sein, kontaktieren Sie uns bitte unter <\/span><\/span><\/span><a href=\"mailto:office@audi-klaus.at\"><span style=\"font-family: Source Sans Pro, sans-serif\"><span style=\"font-size: medium\">office@audi-klaus.at<\/span><\/span><\/a><\/p>\n","protected":false},"excerpt":{"rendered":"<h5><strong><span style=\"font-size: 18pt\">Marke: Audi<\/span><\/strong><\/h5>\n<h5><strong><span style=\"font-size: 18pt\">Modell:\u00a0 80\/90\/50\/Coup\u00e9\/Urquattro\/100\/200<\/span><\/strong><\/h5>\n<h5><strong><span style=\"font-size: 18pt\">Typ: 81\/85\/43<\/span><\/strong><\/h5>\n","protected":false},"featured_media":22389,"template":"","meta":[],"product_brand":[],"product_cat":[32,7179,78,80,85,86,154,155,166,169,385,386],"product_tag":[7851],"class_list":{"0":"post-22510","1":"product","2":"type-product","3":"status-publish","4":"has-post-thumbnail","6":"product_cat-audi","7":"product_cat-kleinmaterial","8":"product_cat-78","9":"product_cat-b2-typ81-85-78","10":"product_cat-coupe80","11":"product_cat-b2-type81-85-80","12":"product_cat-154","13":"product_cat-155","14":"product_cat-b2-type81-85-1984-1987","15":"product_cat-c2-typ43-1976-1982","16":"product_cat-385","17":"product_cat-c2-typ43-1979-1982","18":"product_tag-7851","20":"first","21":"outofstock","22":"taxable","23":"shipping-taxable","24":"purchasable","25":"product-type-simple"},"yoast_head":"<!-- This site is optimized with the Yoast SEO plugin v27.5 - https:\/\/yoast.com\/product\/yoast-seo-wordpress\/ -->\n<title>Audi 50\/80\/90\/Coup\u00e9\/Urquattro\/Typ 81\/85\/100\/200\/Typ 43\/Vw Polo\/86c Scheibenwaschd\u00fcse 861955985 - Audi-Klaus<\/title>\n<meta name=\"robots\" content=\"index, follow, max-snippet:-1, max-image-preview:large, max-video-preview:-1\" \/>\n<link rel=\"canonical\" href=\"https:\/\/audi-klaus.at\/shop\/produkt\/audi-50-80-90-coupe-urquattro-typ-81-85-100-200-typ-43-vw-polo-86c-scheibenwaschduese-861955985\/\" \/>\n<meta property=\"og:locale\" content=\"de_DE\" \/>\n<meta property=\"og:type\" content=\"article\" \/>\n<meta property=\"og:title\" content=\"Audi 50\/80\/90\/Coup\u00e9\/Urquattro\/Typ 81\/85\/100\/200\/Typ 43\/Vw Polo\/86c Scheibenwaschd\u00fcse 861955985 - Audi-Klaus\" \/>\n<meta property=\"og:description\" content=\"Marke: Audi Modell:\u00a0 80\/90\/50\/Coup\u00e9\/Urquattro\/100\/200 Typ: 81\/85\/43\" \/>\n<meta property=\"og:url\" content=\"https:\/\/audi-klaus.at\/shop\/produkt\/audi-50-80-90-coupe-urquattro-typ-81-85-100-200-typ-43-vw-polo-86c-scheibenwaschduese-861955985\/\" \/>\n<meta property=\"og:site_name\" content=\"Audi-Klaus\" \/>\n<meta property=\"article:publisher\" content=\"https:\/\/www.facebook.com\/audi.klaus.1312\/\" \/>\n<meta property=\"article:modified_time\" content=\"2026-03-19T09:01:34+00:00\" \/>\n<meta property=\"og:image\" content=\"https:\/\/audi-klaus.at\/shop\/wp-content\/uploads\/2022\/02\/c538-1.jpg\" \/>\n\t<meta property=\"og:image:width\" content=\"390\" \/>\n\t<meta property=\"og:image:height\" content=\"430\" \/>\n\t<meta property=\"og:image:type\" content=\"image\/jpeg\" \/>\n<meta name=\"twitter:card\" content=\"summary_large_image\" \/>\n<meta name=\"twitter:label1\" content=\"Gesch\u00e4tzte Lesezeit\" \/>\n\t<meta name=\"twitter:data1\" content=\"1 Minute\" \/>\n<script type=\"application\/ld+json\" class=\"yoast-schema-graph\">{\"@context\":\"https:\\\/\\\/schema.org\",\"@graph\":[{\"@type\":\"WebPage\",\"@id\":\"https:\\\/\\\/audi-klaus.at\\\/shop\\\/produkt\\\/audi-50-80-90-coupe-urquattro-typ-81-85-100-200-typ-43-vw-polo-86c-scheibenwaschduese-861955985\\\/\",\"url\":\"https:\\\/\\\/audi-klaus.at\\\/shop\\\/produkt\\\/audi-50-80-90-coupe-urquattro-typ-81-85-100-200-typ-43-vw-polo-86c-scheibenwaschduese-861955985\\\/\",\"name\":\"Audi 50\\\/80\\\/90\\\/Coup\u00e9\\\/Urquattro\\\/Typ 81\\\/85\\\/100\\\/200\\\/Typ 43\\\/Vw Polo\\\/86c Scheibenwaschd\u00fcse 861955985 - Audi-Klaus\",\"isPartOf\":{\"@id\":\"https:\\\/\\\/audi-klaus.at\\\/shop\\\/#website\"},\"primaryImageOfPage\":{\"@id\":\"https:\\\/\\\/audi-klaus.at\\\/shop\\\/produkt\\\/audi-50-80-90-coupe-urquattro-typ-81-85-100-200-typ-43-vw-polo-86c-scheibenwaschduese-861955985\\\/#primaryimage\"},\"image\":{\"@id\":\"https:\\\/\\\/audi-klaus.at\\\/shop\\\/produkt\\\/audi-50-80-90-coupe-urquattro-typ-81-85-100-200-typ-43-vw-polo-86c-scheibenwaschduese-861955985\\\/#primaryimage\"},\"thumbnailUrl\":\"https:\\\/\\\/audi-klaus.at\\\/shop\\\/wp-content\\\/uploads\\\/2022\\\/02\\\/c538-1.jpg\",\"datePublished\":\"2022-02-11T16:22:20+00:00\",\"dateModified\":\"2026-03-19T09:01:34+00:00\",\"breadcrumb\":{\"@id\":\"https:\\\/\\\/audi-klaus.at\\\/shop\\\/produkt\\\/audi-50-80-90-coupe-urquattro-typ-81-85-100-200-typ-43-vw-polo-86c-scheibenwaschduese-861955985\\\/#breadcrumb\"},\"inLanguage\":\"de-AT\",\"potentialAction\":[{\"@type\":\"ReadAction\",\"target\":[\"https:\\\/\\\/audi-klaus.at\\\/shop\\\/produkt\\\/audi-50-80-90-coupe-urquattro-typ-81-85-100-200-typ-43-vw-polo-86c-scheibenwaschduese-861955985\\\/\"]}]},{\"@type\":\"ImageObject\",\"inLanguage\":\"de-AT\",\"@id\":\"https:\\\/\\\/audi-klaus.at\\\/shop\\\/produkt\\\/audi-50-80-90-coupe-urquattro-typ-81-85-100-200-typ-43-vw-polo-86c-scheibenwaschduese-861955985\\\/#primaryimage\",\"url\":\"https:\\\/\\\/audi-klaus.at\\\/shop\\\/wp-content\\\/uploads\\\/2022\\\/02\\\/c538-1.jpg\",\"contentUrl\":\"https:\\\/\\\/audi-klaus.at\\\/shop\\\/wp-content\\\/uploads\\\/2022\\\/02\\\/c538-1.jpg\",\"width\":390,\"height\":430},{\"@type\":\"BreadcrumbList\",\"@id\":\"https:\\\/\\\/audi-klaus.at\\\/shop\\\/produkt\\\/audi-50-80-90-coupe-urquattro-typ-81-85-100-200-typ-43-vw-polo-86c-scheibenwaschduese-861955985\\\/#breadcrumb\",\"itemListElement\":[{\"@type\":\"ListItem\",\"position\":1,\"name\":\"Startseite\",\"item\":\"https:\\\/\\\/audi-klaus.at\\\/shop\\\/\"},{\"@type\":\"ListItem\",\"position\":2,\"name\":\"Shop\",\"item\":\"https:\\\/\\\/audi-klaus.at\\\/shop\\\/\"},{\"@type\":\"ListItem\",\"position\":3,\"name\":\"Audi 50\\\/80\\\/90\\\/Coup\u00e9\\\/Urquattro\\\/Typ 81\\\/85\\\/100\\\/200\\\/Typ 43\\\/Vw Polo\\\/86c Scheibenwaschd\u00fcse 861955985\"}]},{\"@type\":\"WebSite\",\"@id\":\"https:\\\/\\\/audi-klaus.at\\\/shop\\\/#website\",\"url\":\"https:\\\/\\\/audi-klaus.at\\\/shop\\\/\",\"name\":\"Audi-Klaus\",\"description\":\"Ihr Gebrauchtteile Spezialist f\u00fcr die Marken Audi, VW (VAG)\",\"publisher\":{\"@id\":\"https:\\\/\\\/audi-klaus.at\\\/shop\\\/#organization\"},\"potentialAction\":[{\"@type\":\"SearchAction\",\"target\":{\"@type\":\"EntryPoint\",\"urlTemplate\":\"https:\\\/\\\/audi-klaus.at\\\/shop\\\/?s={search_term_string}\"},\"query-input\":{\"@type\":\"PropertyValueSpecification\",\"valueRequired\":true,\"valueName\":\"search_term_string\"}}],\"inLanguage\":\"de-AT\"},{\"@type\":\"Organization\",\"@id\":\"https:\\\/\\\/audi-klaus.at\\\/shop\\\/#organization\",\"name\":\"Audi-Klaus\",\"url\":\"https:\\\/\\\/audi-klaus.at\\\/shop\\\/\",\"logo\":{\"@type\":\"ImageObject\",\"inLanguage\":\"de-AT\",\"@id\":\"https:\\\/\\\/audi-klaus.at\\\/shop\\\/#\\\/schema\\\/logo\\\/image\\\/\",\"url\":\"https:\\\/\\\/audi-klaus.at\\\/shop\\\/wp-content\\\/uploads\\\/2024\\\/10\\\/Logo-Shop.webp\",\"contentUrl\":\"https:\\\/\\\/audi-klaus.at\\\/shop\\\/wp-content\\\/uploads\\\/2024\\\/10\\\/Logo-Shop.webp\",\"width\":470,\"height\":164,\"caption\":\"Audi-Klaus\"},\"image\":{\"@id\":\"https:\\\/\\\/audi-klaus.at\\\/shop\\\/#\\\/schema\\\/logo\\\/image\\\/\"},\"sameAs\":[\"https:\\\/\\\/www.facebook.com\\\/audi.klaus.1312\\\/\",\"https:\\\/\\\/www.instagram.com\\\/audi_klaus\\\/?igshid=1eca3qu2mdayg\"]}]}<\/script>\n<!-- \/ Yoast SEO plugin. -->","yoast_head_json":{"title":"Audi 50\/80\/90\/Coup\u00e9\/Urquattro\/Typ 81\/85\/100\/200\/Typ 43\/Vw Polo\/86c Scheibenwaschd\u00fcse 861955985 - Audi-Klaus","robots":{"index":"index","follow":"follow","max-snippet":"max-snippet:-1","max-image-preview":"max-image-preview:large","max-video-preview":"max-video-preview:-1"},"canonical":"https:\/\/audi-klaus.at\/shop\/produkt\/audi-50-80-90-coupe-urquattro-typ-81-85-100-200-typ-43-vw-polo-86c-scheibenwaschduese-861955985\/","og_locale":"de_DE","og_type":"article","og_title":"Audi 50\/80\/90\/Coup\u00e9\/Urquattro\/Typ 81\/85\/100\/200\/Typ 43\/Vw Polo\/86c Scheibenwaschd\u00fcse 861955985 - Audi-Klaus","og_description":"Marke: Audi Modell:\u00a0 80\/90\/50\/Coup\u00e9\/Urquattro\/100\/200 Typ: 81\/85\/43","og_url":"https:\/\/audi-klaus.at\/shop\/produkt\/audi-50-80-90-coupe-urquattro-typ-81-85-100-200-typ-43-vw-polo-86c-scheibenwaschduese-861955985\/","og_site_name":"Audi-Klaus","article_publisher":"https:\/\/www.facebook.com\/audi.klaus.1312\/","article_modified_time":"2026-03-19T09:01:34+00:00","og_image":[{"width":390,"height":430,"url":"https:\/\/audi-klaus.at\/shop\/wp-content\/uploads\/2022\/02\/c538-1.jpg","type":"image\/jpeg"}],"twitter_card":"summary_large_image","twitter_misc":{"Gesch\u00e4tzte Lesezeit":"1 Minute"},"schema":{"@context":"https:\/\/schema.org","@graph":[{"@type":"WebPage","@id":"https:\/\/audi-klaus.at\/shop\/produkt\/audi-50-80-90-coupe-urquattro-typ-81-85-100-200-typ-43-vw-polo-86c-scheibenwaschduese-861955985\/","url":"https:\/\/audi-klaus.at\/shop\/produkt\/audi-50-80-90-coupe-urquattro-typ-81-85-100-200-typ-43-vw-polo-86c-scheibenwaschduese-861955985\/","name":"Audi 50\/80\/90\/Coup\u00e9\/Urquattro\/Typ 81\/85\/100\/200\/Typ 43\/Vw Polo\/86c Scheibenwaschd\u00fcse 861955985 - Audi-Klaus","isPartOf":{"@id":"https:\/\/audi-klaus.at\/shop\/#website"},"primaryImageOfPage":{"@id":"https:\/\/audi-klaus.at\/shop\/produkt\/audi-50-80-90-coupe-urquattro-typ-81-85-100-200-typ-43-vw-polo-86c-scheibenwaschduese-861955985\/#primaryimage"},"image":{"@id":"https:\/\/audi-klaus.at\/shop\/produkt\/audi-50-80-90-coupe-urquattro-typ-81-85-100-200-typ-43-vw-polo-86c-scheibenwaschduese-861955985\/#primaryimage"},"thumbnailUrl":"https:\/\/audi-klaus.at\/shop\/wp-content\/uploads\/2022\/02\/c538-1.jpg","datePublished":"2022-02-11T16:22:20+00:00","dateModified":"2026-03-19T09:01:34+00:00","breadcrumb":{"@id":"https:\/\/audi-klaus.at\/shop\/produkt\/audi-50-80-90-coupe-urquattro-typ-81-85-100-200-typ-43-vw-polo-86c-scheibenwaschduese-861955985\/#breadcrumb"},"inLanguage":"de-AT","potentialAction":[{"@type":"ReadAction","target":["https:\/\/audi-klaus.at\/shop\/produkt\/audi-50-80-90-coupe-urquattro-typ-81-85-100-200-typ-43-vw-polo-86c-scheibenwaschduese-861955985\/"]}]},{"@type":"ImageObject","inLanguage":"de-AT","@id":"https:\/\/audi-klaus.at\/shop\/produkt\/audi-50-80-90-coupe-urquattro-typ-81-85-100-200-typ-43-vw-polo-86c-scheibenwaschduese-861955985\/#primaryimage","url":"https:\/\/audi-klaus.at\/shop\/wp-content\/uploads\/2022\/02\/c538-1.jpg","contentUrl":"https:\/\/audi-klaus.at\/shop\/wp-content\/uploads\/2022\/02\/c538-1.jpg","width":390,"height":430},{"@type":"BreadcrumbList","@id":"https:\/\/audi-klaus.at\/shop\/produkt\/audi-50-80-90-coupe-urquattro-typ-81-85-100-200-typ-43-vw-polo-86c-scheibenwaschduese-861955985\/#breadcrumb","itemListElement":[{"@type":"ListItem","position":1,"name":"Startseite","item":"https:\/\/audi-klaus.at\/shop\/"},{"@type":"ListItem","position":2,"name":"Shop","item":"https:\/\/audi-klaus.at\/shop\/"},{"@type":"ListItem","position":3,"name":"Audi 50\/80\/90\/Coup\u00e9\/Urquattro\/Typ 81\/85\/100\/200\/Typ 43\/Vw Polo\/86c Scheibenwaschd\u00fcse 861955985"}]},{"@type":"WebSite","@id":"https:\/\/audi-klaus.at\/shop\/#website","url":"https:\/\/audi-klaus.at\/shop\/","name":"Audi-Klaus","description":"Ihr Gebrauchtteile Spezialist f\u00fcr die Marken Audi, VW (VAG)","publisher":{"@id":"https:\/\/audi-klaus.at\/shop\/#organization"},"potentialAction":[{"@type":"SearchAction","target":{"@type":"EntryPoint","urlTemplate":"https:\/\/audi-klaus.at\/shop\/?s={search_term_string}"},"query-input":{"@type":"PropertyValueSpecification","valueRequired":true,"valueName":"search_term_string"}}],"inLanguage":"de-AT"},{"@type":"Organization","@id":"https:\/\/audi-klaus.at\/shop\/#organization","name":"Audi-Klaus","url":"https:\/\/audi-klaus.at\/shop\/","logo":{"@type":"ImageObject","inLanguage":"de-AT","@id":"https:\/\/audi-klaus.at\/shop\/#\/schema\/logo\/image\/","url":"https:\/\/audi-klaus.at\/shop\/wp-content\/uploads\/2024\/10\/Logo-Shop.webp","contentUrl":"https:\/\/audi-klaus.at\/shop\/wp-content\/uploads\/2024\/10\/Logo-Shop.webp","width":470,"height":164,"caption":"Audi-Klaus"},"image":{"@id":"https:\/\/audi-klaus.at\/shop\/#\/schema\/logo\/image\/"},"sameAs":["https:\/\/www.facebook.com\/audi.klaus.1312\/","https:\/\/www.instagram.com\/audi_klaus\/?igshid=1eca3qu2mdayg"]}]}},"_links":{"self":[{"href":"https:\/\/audi-klaus.at\/shop\/wp-json\/wp\/v2\/product\/22510","targetHints":{"allow":["GET"]}}],"collection":[{"href":"https:\/\/audi-klaus.at\/shop\/wp-json\/wp\/v2\/product"}],"about":[{"href":"https:\/\/audi-klaus.at\/shop\/wp-json\/wp\/v2\/types\/product"}],"wp:featuredmedia":[{"embeddable":true,"href":"https:\/\/audi-klaus.at\/shop\/wp-json\/wp\/v2\/media\/22389"}],"wp:attachment":[{"href":"https:\/\/audi-klaus.at\/shop\/wp-json\/wp\/v2\/media?parent=22510"}],"wp:term":[{"taxonomy":"product_brand","embeddable":true,"href":"https:\/\/audi-klaus.at\/shop\/wp-json\/wp\/v2\/product_brand?post=22510"},{"taxonomy":"product_cat","embeddable":true,"href":"https:\/\/audi-klaus.at\/shop\/wp-json\/wp\/v2\/product_cat?post=22510"},{"taxonomy":"product_tag","embeddable":true,"href":"https:\/\/audi-klaus.at\/shop\/wp-json\/wp\/v2\/product_tag?post=22510"}],"curies":[{"name":"wp","href":"https:\/\/api.w.org\/{rel}","templated":true}]}}