{"id":22432,"date":"2022-02-11T14:04:58","date_gmt":"2022-02-11T13:04:58","guid":{"rendered":"http:\/\/audi-klaus.at.server171-han.server-routing.com\/shop\/?post_type=product&#038;p=22432"},"modified":"2026-01-07T21:06:19","modified_gmt":"2026-01-07T20:06:19","slug":"vw-golf-syncro-jetta-caddy-2-3-passat-35i-audi-80-b4-100-c2-c3-trommelbremsbelaege-neu-443698071","status":"publish","type":"product","link":"https:\/\/audi-klaus.at\/shop\/produkt\/vw-golf-syncro-jetta-caddy-2-3-passat-35i-audi-80-b4-100-c2-c3-trommelbremsbelaege-neu-443698071\/","title":{"rendered":"VW Golf\/Syncro\/Jetta\/Caddy\/2\/3\/Passat 35i\/Audi 80\/B4\/100\/C2\/C3 Trommelbremsbel\u00e4ge Neu 443698071"},"content":{"rendered":"<h5><span style=\"color: #060606; font-size: 10pt;\"><strong>VAG Teilenummer<\/strong>: 443 698\u00a0 071<\/span><\/h5>\n<h5><span style=\"font-size: 10pt;\"><strong>Zustand:<\/strong>\u00a0Neu<\/span><\/h5>\n<h5><span style=\"color: #060606; font-size: 10pt;\"><strong>Lieferumfang:<\/strong>\u00a0wie in den Original-Abbildungen angegeben<\/span><\/h5>\n<h5><span style=\"color: #060606; font-size: 10pt;\"><strong>Hinweis:<\/strong>\u00a0Bitte \u00fcberpr\u00fcfen Sie vor dem Kauf anhand der eindeutigen Teilenummern, ob der Artikel \u00a0zum Fahrzeug passt, um R\u00fccksendungen zu vermeiden! Trotz Angabe der entsprechenden Fahrzeugdaten ist eine eindeutige Zuordnung nur \u00fcber die Teilenummer m\u00f6glich! Die abgelesene Teilenummer ist die Teilenummer des Teils, welches geliefert wird. Die Originalteilnummer ist diejenige, die bei Neubestellung f\u00fcr dieses Teil gilt und der m\u00f6glicherweise abweichenden, gelieferten Teilenummer entspricht. Sollten weitere Fragen offen sein, kontaktieren Sie uns bitte unter office@audi-klaus.at<\/span><\/h5>\n","protected":false},"excerpt":{"rendered":"<h5><strong><span style=\"font-size: 18pt;\">Marke: VW\/Audi<\/span><\/strong><\/h5>\n<h5><strong><span style=\"font-size: 18pt;\">Modell: Golf\/Syncro\/Jetta\/Passat 35i\/Caddy\/80\/100<\/span><\/strong><\/h5>\n<h5><strong><span style=\"font-size: 18pt;\">Typ: 2\/3\/B3\/B4\/B4\/C2\/C3<\/span><\/strong><\/h5>\n","protected":false},"featured_media":492,"template":"","meta":[],"product_brand":[],"product_cat":[78,1176,2505,82,1180,155,1194,169,1205,170,1231,238,1241,329,1283,339,1395,1164,1655,1165,1766,32,1167,2497],"product_tag":[7803],"class_list":{"0":"post-22432","1":"product","2":"type-product","3":"status-publish","4":"has-post-thumbnail","6":"product_cat-78","7":"product_cat-passat","8":"product_cat-bremsen","9":"product_cat-b4-91","10":"product_cat-caddy","11":"product_cat-155","12":"product_cat-2-191-1983-1992","13":"product_cat-c2-typ43-1976-1982","14":"product_cat-2-165-1983-1992","15":"product_cat-c3-typ44-1982-1990","16":"product_cat-b3-35i-1988-1993","17":"product_cat-vorder-hinterachse-b4-91","18":"product_cat-1-14d-1978-1992","19":"product_cat-vorder-hinterachse-c2-1976-1982","20":"product_cat-vorder-hinterachse-2-191-1983-1992","21":"product_cat-vorder-hinterachse-c3-1982-1990","22":"product_cat-vorder-hinterachse-2-165-1983-1992","23":"product_cat-vw","24":"product_cat-vorder-hinterachse-b3-35i-1988-1993","25":"product_cat-golf","26":"product_cat-vorder-hinterachse-1-14d-1978-1992","27":"product_cat-audi","28":"product_cat-jetta","29":"product_cat-servicematerial","30":"product_tag-7803","32":"first","33":"instock","34":"taxable","35":"shipping-taxable","36":"purchasable","37":"product-type-simple"},"yoast_head":"<!-- This site is optimized with the Yoast SEO plugin v27.4 - https:\/\/yoast.com\/product\/yoast-seo-wordpress\/ -->\n<title>VW Golf\/Syncro\/Jetta\/Caddy\/2\/3\/Passat 35i\/Audi 80\/B4\/100\/C2\/C3 Trommelbremsbel\u00e4ge Neu 443698071 - Audi-Klaus<\/title>\n<meta name=\"robots\" content=\"index, follow, max-snippet:-1, max-image-preview:large, max-video-preview:-1\" \/>\n<link rel=\"canonical\" href=\"https:\/\/audi-klaus.at\/shop\/produkt\/vw-golf-syncro-jetta-caddy-2-3-passat-35i-audi-80-b4-100-c2-c3-trommelbremsbelaege-neu-443698071\/\" \/>\n<meta property=\"og:locale\" content=\"de_DE\" \/>\n<meta property=\"og:type\" content=\"article\" \/>\n<meta property=\"og:title\" content=\"VW Golf\/Syncro\/Jetta\/Caddy\/2\/3\/Passat 35i\/Audi 80\/B4\/100\/C2\/C3 Trommelbremsbel\u00e4ge Neu 443698071 - Audi-Klaus\" \/>\n<meta property=\"og:description\" content=\"Marke: VW\/Audi Modell: Golf\/Syncro\/Jetta\/Passat 35i\/Caddy\/80\/100 Typ: 2\/3\/B3\/B4\/B4\/C2\/C3\" \/>\n<meta property=\"og:url\" content=\"https:\/\/audi-klaus.at\/shop\/produkt\/vw-golf-syncro-jetta-caddy-2-3-passat-35i-audi-80-b4-100-c2-c3-trommelbremsbelaege-neu-443698071\/\" \/>\n<meta property=\"og:site_name\" content=\"Audi-Klaus\" \/>\n<meta property=\"article:publisher\" content=\"https:\/\/www.facebook.com\/audi.klaus.1312\/\" \/>\n<meta property=\"article:modified_time\" content=\"2026-01-07T20:06:19+00:00\" \/>\n<meta property=\"og:image\" content=\"https:\/\/audi-klaus.at\/shop\/wp-content\/uploads\/2021\/11\/b52.jpg\" \/>\n\t<meta property=\"og:image:width\" content=\"430\" \/>\n\t<meta property=\"og:image:height\" content=\"430\" \/>\n\t<meta property=\"og:image:type\" content=\"image\/jpeg\" \/>\n<meta name=\"twitter:card\" content=\"summary_large_image\" \/>\n<script type=\"application\/ld+json\" class=\"yoast-schema-graph\">{\"@context\":\"https:\\\/\\\/schema.org\",\"@graph\":[{\"@type\":\"WebPage\",\"@id\":\"https:\\\/\\\/audi-klaus.at\\\/shop\\\/produkt\\\/vw-golf-syncro-jetta-caddy-2-3-passat-35i-audi-80-b4-100-c2-c3-trommelbremsbelaege-neu-443698071\\\/\",\"url\":\"https:\\\/\\\/audi-klaus.at\\\/shop\\\/produkt\\\/vw-golf-syncro-jetta-caddy-2-3-passat-35i-audi-80-b4-100-c2-c3-trommelbremsbelaege-neu-443698071\\\/\",\"name\":\"VW Golf\\\/Syncro\\\/Jetta\\\/Caddy\\\/2\\\/3\\\/Passat 35i\\\/Audi 80\\\/B4\\\/100\\\/C2\\\/C3 Trommelbremsbel\u00e4ge Neu 443698071 - Audi-Klaus\",\"isPartOf\":{\"@id\":\"https:\\\/\\\/audi-klaus.at\\\/shop\\\/#website\"},\"primaryImageOfPage\":{\"@id\":\"https:\\\/\\\/audi-klaus.at\\\/shop\\\/produkt\\\/vw-golf-syncro-jetta-caddy-2-3-passat-35i-audi-80-b4-100-c2-c3-trommelbremsbelaege-neu-443698071\\\/#primaryimage\"},\"image\":{\"@id\":\"https:\\\/\\\/audi-klaus.at\\\/shop\\\/produkt\\\/vw-golf-syncro-jetta-caddy-2-3-passat-35i-audi-80-b4-100-c2-c3-trommelbremsbelaege-neu-443698071\\\/#primaryimage\"},\"thumbnailUrl\":\"https:\\\/\\\/audi-klaus.at\\\/shop\\\/wp-content\\\/uploads\\\/2021\\\/11\\\/b52.jpg\",\"datePublished\":\"2022-02-11T13:04:58+00:00\",\"dateModified\":\"2026-01-07T20:06:19+00:00\",\"breadcrumb\":{\"@id\":\"https:\\\/\\\/audi-klaus.at\\\/shop\\\/produkt\\\/vw-golf-syncro-jetta-caddy-2-3-passat-35i-audi-80-b4-100-c2-c3-trommelbremsbelaege-neu-443698071\\\/#breadcrumb\"},\"inLanguage\":\"de-AT\",\"potentialAction\":[{\"@type\":\"ReadAction\",\"target\":[\"https:\\\/\\\/audi-klaus.at\\\/shop\\\/produkt\\\/vw-golf-syncro-jetta-caddy-2-3-passat-35i-audi-80-b4-100-c2-c3-trommelbremsbelaege-neu-443698071\\\/\"]}]},{\"@type\":\"ImageObject\",\"inLanguage\":\"de-AT\",\"@id\":\"https:\\\/\\\/audi-klaus.at\\\/shop\\\/produkt\\\/vw-golf-syncro-jetta-caddy-2-3-passat-35i-audi-80-b4-100-c2-c3-trommelbremsbelaege-neu-443698071\\\/#primaryimage\",\"url\":\"https:\\\/\\\/audi-klaus.at\\\/shop\\\/wp-content\\\/uploads\\\/2021\\\/11\\\/b52.jpg\",\"contentUrl\":\"https:\\\/\\\/audi-klaus.at\\\/shop\\\/wp-content\\\/uploads\\\/2021\\\/11\\\/b52.jpg\",\"width\":430,\"height\":430},{\"@type\":\"BreadcrumbList\",\"@id\":\"https:\\\/\\\/audi-klaus.at\\\/shop\\\/produkt\\\/vw-golf-syncro-jetta-caddy-2-3-passat-35i-audi-80-b4-100-c2-c3-trommelbremsbelaege-neu-443698071\\\/#breadcrumb\",\"itemListElement\":[{\"@type\":\"ListItem\",\"position\":1,\"name\":\"Startseite\",\"item\":\"https:\\\/\\\/audi-klaus.at\\\/shop\\\/\"},{\"@type\":\"ListItem\",\"position\":2,\"name\":\"Shop\",\"item\":\"https:\\\/\\\/audi-klaus.at\\\/shop\\\/\"},{\"@type\":\"ListItem\",\"position\":3,\"name\":\"VW Golf\\\/Syncro\\\/Jetta\\\/Caddy\\\/2\\\/3\\\/Passat 35i\\\/Audi 80\\\/B4\\\/100\\\/C2\\\/C3 Trommelbremsbel\u00e4ge Neu 443698071\"}]},{\"@type\":\"WebSite\",\"@id\":\"https:\\\/\\\/audi-klaus.at\\\/shop\\\/#website\",\"url\":\"https:\\\/\\\/audi-klaus.at\\\/shop\\\/\",\"name\":\"Audi-Klaus\",\"description\":\"Ihr Gebrauchtteile Spezialist f\u00fcr die Marken Audi, VW (VAG)\",\"publisher\":{\"@id\":\"https:\\\/\\\/audi-klaus.at\\\/shop\\\/#organization\"},\"potentialAction\":[{\"@type\":\"SearchAction\",\"target\":{\"@type\":\"EntryPoint\",\"urlTemplate\":\"https:\\\/\\\/audi-klaus.at\\\/shop\\\/?s={search_term_string}\"},\"query-input\":{\"@type\":\"PropertyValueSpecification\",\"valueRequired\":true,\"valueName\":\"search_term_string\"}}],\"inLanguage\":\"de-AT\"},{\"@type\":\"Organization\",\"@id\":\"https:\\\/\\\/audi-klaus.at\\\/shop\\\/#organization\",\"name\":\"Audi-Klaus\",\"url\":\"https:\\\/\\\/audi-klaus.at\\\/shop\\\/\",\"logo\":{\"@type\":\"ImageObject\",\"inLanguage\":\"de-AT\",\"@id\":\"https:\\\/\\\/audi-klaus.at\\\/shop\\\/#\\\/schema\\\/logo\\\/image\\\/\",\"url\":\"https:\\\/\\\/audi-klaus.at\\\/shop\\\/wp-content\\\/uploads\\\/2024\\\/10\\\/Logo-Shop.webp\",\"contentUrl\":\"https:\\\/\\\/audi-klaus.at\\\/shop\\\/wp-content\\\/uploads\\\/2024\\\/10\\\/Logo-Shop.webp\",\"width\":470,\"height\":164,\"caption\":\"Audi-Klaus\"},\"image\":{\"@id\":\"https:\\\/\\\/audi-klaus.at\\\/shop\\\/#\\\/schema\\\/logo\\\/image\\\/\"},\"sameAs\":[\"https:\\\/\\\/www.facebook.com\\\/audi.klaus.1312\\\/\",\"https:\\\/\\\/www.instagram.com\\\/audi_klaus\\\/?igshid=1eca3qu2mdayg\"]}]}<\/script>\n<!-- \/ Yoast SEO plugin. -->","yoast_head_json":{"title":"VW Golf\/Syncro\/Jetta\/Caddy\/2\/3\/Passat 35i\/Audi 80\/B4\/100\/C2\/C3 Trommelbremsbel\u00e4ge Neu 443698071 - Audi-Klaus","robots":{"index":"index","follow":"follow","max-snippet":"max-snippet:-1","max-image-preview":"max-image-preview:large","max-video-preview":"max-video-preview:-1"},"canonical":"https:\/\/audi-klaus.at\/shop\/produkt\/vw-golf-syncro-jetta-caddy-2-3-passat-35i-audi-80-b4-100-c2-c3-trommelbremsbelaege-neu-443698071\/","og_locale":"de_DE","og_type":"article","og_title":"VW Golf\/Syncro\/Jetta\/Caddy\/2\/3\/Passat 35i\/Audi 80\/B4\/100\/C2\/C3 Trommelbremsbel\u00e4ge Neu 443698071 - Audi-Klaus","og_description":"Marke: VW\/Audi Modell: Golf\/Syncro\/Jetta\/Passat 35i\/Caddy\/80\/100 Typ: 2\/3\/B3\/B4\/B4\/C2\/C3","og_url":"https:\/\/audi-klaus.at\/shop\/produkt\/vw-golf-syncro-jetta-caddy-2-3-passat-35i-audi-80-b4-100-c2-c3-trommelbremsbelaege-neu-443698071\/","og_site_name":"Audi-Klaus","article_publisher":"https:\/\/www.facebook.com\/audi.klaus.1312\/","article_modified_time":"2026-01-07T20:06:19+00:00","og_image":[{"width":430,"height":430,"url":"https:\/\/audi-klaus.at\/shop\/wp-content\/uploads\/2021\/11\/b52.jpg","type":"image\/jpeg"}],"twitter_card":"summary_large_image","schema":{"@context":"https:\/\/schema.org","@graph":[{"@type":"WebPage","@id":"https:\/\/audi-klaus.at\/shop\/produkt\/vw-golf-syncro-jetta-caddy-2-3-passat-35i-audi-80-b4-100-c2-c3-trommelbremsbelaege-neu-443698071\/","url":"https:\/\/audi-klaus.at\/shop\/produkt\/vw-golf-syncro-jetta-caddy-2-3-passat-35i-audi-80-b4-100-c2-c3-trommelbremsbelaege-neu-443698071\/","name":"VW Golf\/Syncro\/Jetta\/Caddy\/2\/3\/Passat 35i\/Audi 80\/B4\/100\/C2\/C3 Trommelbremsbel\u00e4ge Neu 443698071 - Audi-Klaus","isPartOf":{"@id":"https:\/\/audi-klaus.at\/shop\/#website"},"primaryImageOfPage":{"@id":"https:\/\/audi-klaus.at\/shop\/produkt\/vw-golf-syncro-jetta-caddy-2-3-passat-35i-audi-80-b4-100-c2-c3-trommelbremsbelaege-neu-443698071\/#primaryimage"},"image":{"@id":"https:\/\/audi-klaus.at\/shop\/produkt\/vw-golf-syncro-jetta-caddy-2-3-passat-35i-audi-80-b4-100-c2-c3-trommelbremsbelaege-neu-443698071\/#primaryimage"},"thumbnailUrl":"https:\/\/audi-klaus.at\/shop\/wp-content\/uploads\/2021\/11\/b52.jpg","datePublished":"2022-02-11T13:04:58+00:00","dateModified":"2026-01-07T20:06:19+00:00","breadcrumb":{"@id":"https:\/\/audi-klaus.at\/shop\/produkt\/vw-golf-syncro-jetta-caddy-2-3-passat-35i-audi-80-b4-100-c2-c3-trommelbremsbelaege-neu-443698071\/#breadcrumb"},"inLanguage":"de-AT","potentialAction":[{"@type":"ReadAction","target":["https:\/\/audi-klaus.at\/shop\/produkt\/vw-golf-syncro-jetta-caddy-2-3-passat-35i-audi-80-b4-100-c2-c3-trommelbremsbelaege-neu-443698071\/"]}]},{"@type":"ImageObject","inLanguage":"de-AT","@id":"https:\/\/audi-klaus.at\/shop\/produkt\/vw-golf-syncro-jetta-caddy-2-3-passat-35i-audi-80-b4-100-c2-c3-trommelbremsbelaege-neu-443698071\/#primaryimage","url":"https:\/\/audi-klaus.at\/shop\/wp-content\/uploads\/2021\/11\/b52.jpg","contentUrl":"https:\/\/audi-klaus.at\/shop\/wp-content\/uploads\/2021\/11\/b52.jpg","width":430,"height":430},{"@type":"BreadcrumbList","@id":"https:\/\/audi-klaus.at\/shop\/produkt\/vw-golf-syncro-jetta-caddy-2-3-passat-35i-audi-80-b4-100-c2-c3-trommelbremsbelaege-neu-443698071\/#breadcrumb","itemListElement":[{"@type":"ListItem","position":1,"name":"Startseite","item":"https:\/\/audi-klaus.at\/shop\/"},{"@type":"ListItem","position":2,"name":"Shop","item":"https:\/\/audi-klaus.at\/shop\/"},{"@type":"ListItem","position":3,"name":"VW Golf\/Syncro\/Jetta\/Caddy\/2\/3\/Passat 35i\/Audi 80\/B4\/100\/C2\/C3 Trommelbremsbel\u00e4ge Neu 443698071"}]},{"@type":"WebSite","@id":"https:\/\/audi-klaus.at\/shop\/#website","url":"https:\/\/audi-klaus.at\/shop\/","name":"Audi-Klaus","description":"Ihr Gebrauchtteile Spezialist f\u00fcr die Marken Audi, VW (VAG)","publisher":{"@id":"https:\/\/audi-klaus.at\/shop\/#organization"},"potentialAction":[{"@type":"SearchAction","target":{"@type":"EntryPoint","urlTemplate":"https:\/\/audi-klaus.at\/shop\/?s={search_term_string}"},"query-input":{"@type":"PropertyValueSpecification","valueRequired":true,"valueName":"search_term_string"}}],"inLanguage":"de-AT"},{"@type":"Organization","@id":"https:\/\/audi-klaus.at\/shop\/#organization","name":"Audi-Klaus","url":"https:\/\/audi-klaus.at\/shop\/","logo":{"@type":"ImageObject","inLanguage":"de-AT","@id":"https:\/\/audi-klaus.at\/shop\/#\/schema\/logo\/image\/","url":"https:\/\/audi-klaus.at\/shop\/wp-content\/uploads\/2024\/10\/Logo-Shop.webp","contentUrl":"https:\/\/audi-klaus.at\/shop\/wp-content\/uploads\/2024\/10\/Logo-Shop.webp","width":470,"height":164,"caption":"Audi-Klaus"},"image":{"@id":"https:\/\/audi-klaus.at\/shop\/#\/schema\/logo\/image\/"},"sameAs":["https:\/\/www.facebook.com\/audi.klaus.1312\/","https:\/\/www.instagram.com\/audi_klaus\/?igshid=1eca3qu2mdayg"]}]}},"_links":{"self":[{"href":"https:\/\/audi-klaus.at\/shop\/wp-json\/wp\/v2\/product\/22432","targetHints":{"allow":["GET"]}}],"collection":[{"href":"https:\/\/audi-klaus.at\/shop\/wp-json\/wp\/v2\/product"}],"about":[{"href":"https:\/\/audi-klaus.at\/shop\/wp-json\/wp\/v2\/types\/product"}],"wp:featuredmedia":[{"embeddable":true,"href":"https:\/\/audi-klaus.at\/shop\/wp-json\/wp\/v2\/media\/492"}],"wp:attachment":[{"href":"https:\/\/audi-klaus.at\/shop\/wp-json\/wp\/v2\/media?parent=22432"}],"wp:term":[{"taxonomy":"product_brand","embeddable":true,"href":"https:\/\/audi-klaus.at\/shop\/wp-json\/wp\/v2\/product_brand?post=22432"},{"taxonomy":"product_cat","embeddable":true,"href":"https:\/\/audi-klaus.at\/shop\/wp-json\/wp\/v2\/product_cat?post=22432"},{"taxonomy":"product_tag","embeddable":true,"href":"https:\/\/audi-klaus.at\/shop\/wp-json\/wp\/v2\/product_tag?post=22432"}],"curies":[{"name":"wp","href":"https:\/\/api.w.org\/{rel}","templated":true}]}}