{"id":22309,"date":"2022-02-10T14:45:40","date_gmt":"2022-02-10T13:45:40","guid":{"rendered":"http:\/\/audi-klaus.at.server171-han.server-routing.com\/shop\/?post_type=product&#038;p=22309"},"modified":"2026-01-07T21:06:16","modified_gmt":"2026-01-07T20:06:16","slug":"audi-80-coupe-cabrio-b4-a8-d2-druckrohr-dehnschlauch-8a0422897b","status":"publish","type":"product","link":"https:\/\/audi-klaus.at\/shop\/produkt\/audi-80-coupe-cabrio-b4-a8-d2-druckrohr-dehnschlauch-8a0422897b\/","title":{"rendered":"Audi 80\/Coupe\/Cabrio\/B4\/A8\/D2 Druckrohr Dehnschlauch 8A0422897B"},"content":{"rendered":"<h5><span style=\"color: #060606;font-size: 10pt\"><strong>VAG Teilenummer<\/strong>:\u00a08A0 422 897B<\/span><\/h5>\n<h5><span style=\"color: #060606;font-size: 10pt\"><strong>Zustand<\/strong>:\u00a0Gebraucht<\/span><\/h5>\n<h5><span style=\"color: #060606;font-size: 10pt\"><strong>Lieferumfang<\/strong>:\u00a0wie in den Original-Abbildungen angegeben<\/span><\/h5>\n<h5><span style=\"color: #060606;font-size: 10pt\">Hinweis:\u00a0Bitte \u00fcberpr\u00fcfen Sie vor dem Kauf anhand der eindeutigen Teilenummern, ob der Artikel \u00a0zum Fahrzeug passt, um R\u00fccksendungen zu vermeiden! Trotz Angabe der entsprechenden Fahrzeugdaten ist eine eindeutige Zuordnung nur \u00fcber die Teilenummer m\u00f6glich! Die abgelesene Teilenummer ist die Teilenummer des Teils, welches geliefert wird. Die Originalteilnummer ist diejenige, die bei Neubestellung f\u00fcr dieses Teil gilt und der m\u00f6glicherweise abweichenden, gelieferten Teilenummer entspricht. Sollten weitere Fragen offen sein, kontaktieren Sie uns bitte unter office@audi-klaus.at<\/span><\/h5>\n","protected":false},"excerpt":{"rendered":"<h5><strong><span style=\"font-size: 18pt\">Marke: Audi\u00a0<\/span><\/strong><\/h5>\n<h5><strong><span style=\"font-size: 18pt\">Modell: 80\/Coupe\/Cabrio\/A8<\/span><\/strong><\/h5>\n<h5><strong><span style=\"font-size: 18pt\">Typ: B4\/D2<\/span><\/strong><\/h5>\n","protected":false},"featured_media":22327,"template":"","meta":[],"product_brand":[],"product_cat":[374,949,985,32,2757,78,2776,82,83,84,85,234,244],"product_tag":[7749,7750],"class_list":{"0":"post-22309","1":"product","2":"type-product","3":"status-publish","4":"has-post-thumbnail","6":"product_cat-a8","7":"product_cat-d2-4d-1994-2002","8":"product_cat-motor-getriebe-d2-1994-2002","9":"product_cat-audi","10":"product_cat-b4","11":"product_cat-78","12":"product_cat-motor-getriebe-b4","13":"product_cat-b4-91","14":"product_cat-cabrio80","15":"product_cat-typ89","16":"product_cat-coupe80","17":"product_cat-motor-getriebe-b4-91","18":"product_cat-motor-getriebe-typ89","19":"product_tag-8a0422897b","20":"product_tag-8a0422897","22":"first","23":"outofstock","24":"taxable","25":"shipping-taxable","26":"purchasable","27":"product-type-simple"},"yoast_head":"<!-- This site is optimized with the Yoast SEO plugin v27.5 - https:\/\/yoast.com\/product\/yoast-seo-wordpress\/ -->\n<title>Audi 80\/Coupe\/Cabrio\/B4\/A8\/D2 Druckrohr Dehnschlauch 8A0422897B - Audi-Klaus<\/title>\n<meta name=\"robots\" content=\"index, follow, max-snippet:-1, max-image-preview:large, max-video-preview:-1\" \/>\n<link rel=\"canonical\" href=\"https:\/\/audi-klaus.at\/shop\/produkt\/audi-80-coupe-cabrio-b4-a8-d2-druckrohr-dehnschlauch-8a0422897b\/\" \/>\n<meta property=\"og:locale\" content=\"de_DE\" \/>\n<meta property=\"og:type\" content=\"article\" \/>\n<meta property=\"og:title\" content=\"Audi 80\/Coupe\/Cabrio\/B4\/A8\/D2 Druckrohr Dehnschlauch 8A0422897B - Audi-Klaus\" \/>\n<meta property=\"og:description\" content=\"Marke: Audi\u00a0 Modell: 80\/Coupe\/Cabrio\/A8 Typ: B4\/D2\" \/>\n<meta property=\"og:url\" content=\"https:\/\/audi-klaus.at\/shop\/produkt\/audi-80-coupe-cabrio-b4-a8-d2-druckrohr-dehnschlauch-8a0422897b\/\" \/>\n<meta property=\"og:site_name\" content=\"Audi-Klaus\" \/>\n<meta property=\"article:publisher\" content=\"https:\/\/www.facebook.com\/audi.klaus.1312\/\" \/>\n<meta property=\"article:modified_time\" content=\"2026-01-07T20:06:16+00:00\" \/>\n<meta property=\"og:image\" content=\"https:\/\/audi-klaus.at\/shop\/wp-content\/uploads\/2022\/02\/M876-1.jpg\" \/>\n\t<meta property=\"og:image:width\" content=\"430\" \/>\n\t<meta property=\"og:image:height\" content=\"430\" \/>\n\t<meta property=\"og:image:type\" content=\"image\/jpeg\" \/>\n<meta name=\"twitter:card\" content=\"summary_large_image\" \/>\n<meta name=\"twitter:label1\" content=\"Gesch\u00e4tzte Lesezeit\" \/>\n\t<meta name=\"twitter:data1\" content=\"1 Minute\" \/>\n<script type=\"application\/ld+json\" class=\"yoast-schema-graph\">{\"@context\":\"https:\\\/\\\/schema.org\",\"@graph\":[{\"@type\":\"WebPage\",\"@id\":\"https:\\\/\\\/audi-klaus.at\\\/shop\\\/produkt\\\/audi-80-coupe-cabrio-b4-a8-d2-druckrohr-dehnschlauch-8a0422897b\\\/\",\"url\":\"https:\\\/\\\/audi-klaus.at\\\/shop\\\/produkt\\\/audi-80-coupe-cabrio-b4-a8-d2-druckrohr-dehnschlauch-8a0422897b\\\/\",\"name\":\"Audi 80\\\/Coupe\\\/Cabrio\\\/B4\\\/A8\\\/D2 Druckrohr Dehnschlauch 8A0422897B - Audi-Klaus\",\"isPartOf\":{\"@id\":\"https:\\\/\\\/audi-klaus.at\\\/shop\\\/#website\"},\"primaryImageOfPage\":{\"@id\":\"https:\\\/\\\/audi-klaus.at\\\/shop\\\/produkt\\\/audi-80-coupe-cabrio-b4-a8-d2-druckrohr-dehnschlauch-8a0422897b\\\/#primaryimage\"},\"image\":{\"@id\":\"https:\\\/\\\/audi-klaus.at\\\/shop\\\/produkt\\\/audi-80-coupe-cabrio-b4-a8-d2-druckrohr-dehnschlauch-8a0422897b\\\/#primaryimage\"},\"thumbnailUrl\":\"https:\\\/\\\/audi-klaus.at\\\/shop\\\/wp-content\\\/uploads\\\/2022\\\/02\\\/M876-1.jpg\",\"datePublished\":\"2022-02-10T13:45:40+00:00\",\"dateModified\":\"2026-01-07T20:06:16+00:00\",\"breadcrumb\":{\"@id\":\"https:\\\/\\\/audi-klaus.at\\\/shop\\\/produkt\\\/audi-80-coupe-cabrio-b4-a8-d2-druckrohr-dehnschlauch-8a0422897b\\\/#breadcrumb\"},\"inLanguage\":\"de-AT\",\"potentialAction\":[{\"@type\":\"ReadAction\",\"target\":[\"https:\\\/\\\/audi-klaus.at\\\/shop\\\/produkt\\\/audi-80-coupe-cabrio-b4-a8-d2-druckrohr-dehnschlauch-8a0422897b\\\/\"]}]},{\"@type\":\"ImageObject\",\"inLanguage\":\"de-AT\",\"@id\":\"https:\\\/\\\/audi-klaus.at\\\/shop\\\/produkt\\\/audi-80-coupe-cabrio-b4-a8-d2-druckrohr-dehnschlauch-8a0422897b\\\/#primaryimage\",\"url\":\"https:\\\/\\\/audi-klaus.at\\\/shop\\\/wp-content\\\/uploads\\\/2022\\\/02\\\/M876-1.jpg\",\"contentUrl\":\"https:\\\/\\\/audi-klaus.at\\\/shop\\\/wp-content\\\/uploads\\\/2022\\\/02\\\/M876-1.jpg\",\"width\":430,\"height\":430},{\"@type\":\"BreadcrumbList\",\"@id\":\"https:\\\/\\\/audi-klaus.at\\\/shop\\\/produkt\\\/audi-80-coupe-cabrio-b4-a8-d2-druckrohr-dehnschlauch-8a0422897b\\\/#breadcrumb\",\"itemListElement\":[{\"@type\":\"ListItem\",\"position\":1,\"name\":\"Startseite\",\"item\":\"https:\\\/\\\/audi-klaus.at\\\/shop\\\/\"},{\"@type\":\"ListItem\",\"position\":2,\"name\":\"Shop\",\"item\":\"https:\\\/\\\/audi-klaus.at\\\/shop\\\/\"},{\"@type\":\"ListItem\",\"position\":3,\"name\":\"Audi 80\\\/Coupe\\\/Cabrio\\\/B4\\\/A8\\\/D2 Druckrohr Dehnschlauch 8A0422897B\"}]},{\"@type\":\"WebSite\",\"@id\":\"https:\\\/\\\/audi-klaus.at\\\/shop\\\/#website\",\"url\":\"https:\\\/\\\/audi-klaus.at\\\/shop\\\/\",\"name\":\"Audi-Klaus\",\"description\":\"Ihr Gebrauchtteile Spezialist f\u00fcr die Marken Audi, VW (VAG)\",\"publisher\":{\"@id\":\"https:\\\/\\\/audi-klaus.at\\\/shop\\\/#organization\"},\"potentialAction\":[{\"@type\":\"SearchAction\",\"target\":{\"@type\":\"EntryPoint\",\"urlTemplate\":\"https:\\\/\\\/audi-klaus.at\\\/shop\\\/?s={search_term_string}\"},\"query-input\":{\"@type\":\"PropertyValueSpecification\",\"valueRequired\":true,\"valueName\":\"search_term_string\"}}],\"inLanguage\":\"de-AT\"},{\"@type\":\"Organization\",\"@id\":\"https:\\\/\\\/audi-klaus.at\\\/shop\\\/#organization\",\"name\":\"Audi-Klaus\",\"url\":\"https:\\\/\\\/audi-klaus.at\\\/shop\\\/\",\"logo\":{\"@type\":\"ImageObject\",\"inLanguage\":\"de-AT\",\"@id\":\"https:\\\/\\\/audi-klaus.at\\\/shop\\\/#\\\/schema\\\/logo\\\/image\\\/\",\"url\":\"https:\\\/\\\/audi-klaus.at\\\/shop\\\/wp-content\\\/uploads\\\/2024\\\/10\\\/Logo-Shop.webp\",\"contentUrl\":\"https:\\\/\\\/audi-klaus.at\\\/shop\\\/wp-content\\\/uploads\\\/2024\\\/10\\\/Logo-Shop.webp\",\"width\":470,\"height\":164,\"caption\":\"Audi-Klaus\"},\"image\":{\"@id\":\"https:\\\/\\\/audi-klaus.at\\\/shop\\\/#\\\/schema\\\/logo\\\/image\\\/\"},\"sameAs\":[\"https:\\\/\\\/www.facebook.com\\\/audi.klaus.1312\\\/\",\"https:\\\/\\\/www.instagram.com\\\/audi_klaus\\\/?igshid=1eca3qu2mdayg\"]}]}<\/script>\n<!-- \/ Yoast SEO plugin. -->","yoast_head_json":{"title":"Audi 80\/Coupe\/Cabrio\/B4\/A8\/D2 Druckrohr Dehnschlauch 8A0422897B - Audi-Klaus","robots":{"index":"index","follow":"follow","max-snippet":"max-snippet:-1","max-image-preview":"max-image-preview:large","max-video-preview":"max-video-preview:-1"},"canonical":"https:\/\/audi-klaus.at\/shop\/produkt\/audi-80-coupe-cabrio-b4-a8-d2-druckrohr-dehnschlauch-8a0422897b\/","og_locale":"de_DE","og_type":"article","og_title":"Audi 80\/Coupe\/Cabrio\/B4\/A8\/D2 Druckrohr Dehnschlauch 8A0422897B - Audi-Klaus","og_description":"Marke: Audi\u00a0 Modell: 80\/Coupe\/Cabrio\/A8 Typ: B4\/D2","og_url":"https:\/\/audi-klaus.at\/shop\/produkt\/audi-80-coupe-cabrio-b4-a8-d2-druckrohr-dehnschlauch-8a0422897b\/","og_site_name":"Audi-Klaus","article_publisher":"https:\/\/www.facebook.com\/audi.klaus.1312\/","article_modified_time":"2026-01-07T20:06:16+00:00","og_image":[{"width":430,"height":430,"url":"https:\/\/audi-klaus.at\/shop\/wp-content\/uploads\/2022\/02\/M876-1.jpg","type":"image\/jpeg"}],"twitter_card":"summary_large_image","twitter_misc":{"Gesch\u00e4tzte Lesezeit":"1 Minute"},"schema":{"@context":"https:\/\/schema.org","@graph":[{"@type":"WebPage","@id":"https:\/\/audi-klaus.at\/shop\/produkt\/audi-80-coupe-cabrio-b4-a8-d2-druckrohr-dehnschlauch-8a0422897b\/","url":"https:\/\/audi-klaus.at\/shop\/produkt\/audi-80-coupe-cabrio-b4-a8-d2-druckrohr-dehnschlauch-8a0422897b\/","name":"Audi 80\/Coupe\/Cabrio\/B4\/A8\/D2 Druckrohr Dehnschlauch 8A0422897B - Audi-Klaus","isPartOf":{"@id":"https:\/\/audi-klaus.at\/shop\/#website"},"primaryImageOfPage":{"@id":"https:\/\/audi-klaus.at\/shop\/produkt\/audi-80-coupe-cabrio-b4-a8-d2-druckrohr-dehnschlauch-8a0422897b\/#primaryimage"},"image":{"@id":"https:\/\/audi-klaus.at\/shop\/produkt\/audi-80-coupe-cabrio-b4-a8-d2-druckrohr-dehnschlauch-8a0422897b\/#primaryimage"},"thumbnailUrl":"https:\/\/audi-klaus.at\/shop\/wp-content\/uploads\/2022\/02\/M876-1.jpg","datePublished":"2022-02-10T13:45:40+00:00","dateModified":"2026-01-07T20:06:16+00:00","breadcrumb":{"@id":"https:\/\/audi-klaus.at\/shop\/produkt\/audi-80-coupe-cabrio-b4-a8-d2-druckrohr-dehnschlauch-8a0422897b\/#breadcrumb"},"inLanguage":"de-AT","potentialAction":[{"@type":"ReadAction","target":["https:\/\/audi-klaus.at\/shop\/produkt\/audi-80-coupe-cabrio-b4-a8-d2-druckrohr-dehnschlauch-8a0422897b\/"]}]},{"@type":"ImageObject","inLanguage":"de-AT","@id":"https:\/\/audi-klaus.at\/shop\/produkt\/audi-80-coupe-cabrio-b4-a8-d2-druckrohr-dehnschlauch-8a0422897b\/#primaryimage","url":"https:\/\/audi-klaus.at\/shop\/wp-content\/uploads\/2022\/02\/M876-1.jpg","contentUrl":"https:\/\/audi-klaus.at\/shop\/wp-content\/uploads\/2022\/02\/M876-1.jpg","width":430,"height":430},{"@type":"BreadcrumbList","@id":"https:\/\/audi-klaus.at\/shop\/produkt\/audi-80-coupe-cabrio-b4-a8-d2-druckrohr-dehnschlauch-8a0422897b\/#breadcrumb","itemListElement":[{"@type":"ListItem","position":1,"name":"Startseite","item":"https:\/\/audi-klaus.at\/shop\/"},{"@type":"ListItem","position":2,"name":"Shop","item":"https:\/\/audi-klaus.at\/shop\/"},{"@type":"ListItem","position":3,"name":"Audi 80\/Coupe\/Cabrio\/B4\/A8\/D2 Druckrohr Dehnschlauch 8A0422897B"}]},{"@type":"WebSite","@id":"https:\/\/audi-klaus.at\/shop\/#website","url":"https:\/\/audi-klaus.at\/shop\/","name":"Audi-Klaus","description":"Ihr Gebrauchtteile Spezialist f\u00fcr die Marken Audi, VW (VAG)","publisher":{"@id":"https:\/\/audi-klaus.at\/shop\/#organization"},"potentialAction":[{"@type":"SearchAction","target":{"@type":"EntryPoint","urlTemplate":"https:\/\/audi-klaus.at\/shop\/?s={search_term_string}"},"query-input":{"@type":"PropertyValueSpecification","valueRequired":true,"valueName":"search_term_string"}}],"inLanguage":"de-AT"},{"@type":"Organization","@id":"https:\/\/audi-klaus.at\/shop\/#organization","name":"Audi-Klaus","url":"https:\/\/audi-klaus.at\/shop\/","logo":{"@type":"ImageObject","inLanguage":"de-AT","@id":"https:\/\/audi-klaus.at\/shop\/#\/schema\/logo\/image\/","url":"https:\/\/audi-klaus.at\/shop\/wp-content\/uploads\/2024\/10\/Logo-Shop.webp","contentUrl":"https:\/\/audi-klaus.at\/shop\/wp-content\/uploads\/2024\/10\/Logo-Shop.webp","width":470,"height":164,"caption":"Audi-Klaus"},"image":{"@id":"https:\/\/audi-klaus.at\/shop\/#\/schema\/logo\/image\/"},"sameAs":["https:\/\/www.facebook.com\/audi.klaus.1312\/","https:\/\/www.instagram.com\/audi_klaus\/?igshid=1eca3qu2mdayg"]}]}},"_links":{"self":[{"href":"https:\/\/audi-klaus.at\/shop\/wp-json\/wp\/v2\/product\/22309","targetHints":{"allow":["GET"]}}],"collection":[{"href":"https:\/\/audi-klaus.at\/shop\/wp-json\/wp\/v2\/product"}],"about":[{"href":"https:\/\/audi-klaus.at\/shop\/wp-json\/wp\/v2\/types\/product"}],"wp:featuredmedia":[{"embeddable":true,"href":"https:\/\/audi-klaus.at\/shop\/wp-json\/wp\/v2\/media\/22327"}],"wp:attachment":[{"href":"https:\/\/audi-klaus.at\/shop\/wp-json\/wp\/v2\/media?parent=22309"}],"wp:term":[{"taxonomy":"product_brand","embeddable":true,"href":"https:\/\/audi-klaus.at\/shop\/wp-json\/wp\/v2\/product_brand?post=22309"},{"taxonomy":"product_cat","embeddable":true,"href":"https:\/\/audi-klaus.at\/shop\/wp-json\/wp\/v2\/product_cat?post=22309"},{"taxonomy":"product_tag","embeddable":true,"href":"https:\/\/audi-klaus.at\/shop\/wp-json\/wp\/v2\/product_tag?post=22309"}],"curies":[{"name":"wp","href":"https:\/\/api.w.org\/{rel}","templated":true}]}}