{"id":22210,"date":"2022-02-10T13:28:18","date_gmt":"2022-02-10T12:28:18","guid":{"rendered":"http:\/\/audi-klaus.at.server171-han.server-routing.com\/shop\/?post_type=product&#038;p=22210"},"modified":"2026-01-24T22:10:20","modified_gmt":"2026-01-24T21:10:20","slug":"vw-golf-jetta-vento-passat-lt-polo-bus-cabrio-golf-syncro-golf-rallye-dichtungssatz-fuer-druckregler-neu-030198031","status":"publish","type":"product","link":"https:\/\/audi-klaus.at\/shop\/produkt\/vw-golf-jetta-vento-passat-lt-polo-bus-cabrio-golf-syncro-golf-rallye-dichtungssatz-fuer-druckregler-neu-030198031\/","title":{"rendered":"VW Golf\/Jetta\/Vento\/Passat\/LT\/Polo\/Bus\/Cabrio\/Golf Syncro\/Golf Rallye Dichtungssatz f\u00fcr Druckregler NOS 030198031"},"content":{"rendered":"<p><strong><span style=\"color: #000000;\"><span style=\"font-family: Source Sans Pro, sans-serif;\"><span style=\"font-size: medium;\"><b>VAG Teilenummer<\/b><\/span><\/span><\/span><\/strong><span style=\"color: #000000;\"><span style=\"font-family: Source Sans Pro, sans-serif;\"><span style=\"font-size: medium;\"><b>:<\/b><\/span><\/span><\/span> 030 198 031<span style=\"font-family: Source Sans Pro, sans-serif;\"><span style=\"font-size: medium;\"><br \/>\n<\/span><\/span><strong><span style=\"color: #000000;\"><span style=\"font-family: Source Sans Pro, sans-serif;\"><span style=\"font-size: medium;\"><b>Zustand:<\/b><\/span><\/span><\/span><\/strong><span style=\"color: #000000;\"><span style=\"font-family: Source Sans Pro, sans-serif;\"><span style=\"font-size: medium;\"> NOS <\/span><\/span><\/span><br \/>\n<strong><span style=\"color: #000000;\"><span style=\"font-family: Source Sans Pro, sans-serif;\"><span style=\"font-size: medium;\"><b>Lieferumfang:<\/b><\/span><\/span><\/span><\/strong> <span style=\"color: #000000;\"><span style=\"font-family: Source Sans Pro, sans-serif;\"><span style=\"font-size: medium;\">wie in den Original-Abbildungen angegeben<\/span><\/span><\/span><span style=\"font-family: Source Sans Pro, sans-serif;\"><span style=\"font-size: medium;\"><br \/>\n<\/span><\/span><span style=\"color: #000000;\"><span style=\"font-family: Source Sans Pro, sans-serif;\"><span style=\"font-size: medium;\">Hinweis: Bitte \u00fcberpr\u00fcfen Sie vor dem Kauf anhand der eindeutigen Teilenummern, ob der Artikel zum Fahrzeug passt, um R\u00fccksendungen zu vermeiden! Trotz Angabe der entsprechenden Fahrzeugdaten ist eine eindeutige Zuordnung nur \u00fcber die Teilenummer m\u00f6glich! Die abgelesene Teilenummer ist die Teilenummer des Teils, welches geliefert wird. Die Originalteilnummer ist diejenige, die bei Neubestellung f\u00fcr dieses Teil gilt und der m\u00f6glicherweise abweichenden, gelieferten Teilenummer entspricht. Sollten weitere Fragen offen sein, kontaktieren Sie uns bitte unter <\/span><\/span><\/span><a href=\"mailto:office@audi-klaus.at\"><span style=\"font-family: Source Sans Pro, sans-serif;\"><span style=\"font-size: medium;\">office@audi-klaus.at<\/span><\/span><\/a><\/p>\n","protected":false},"excerpt":{"rendered":"<h5><strong><span style=\"font-size: 18pt;\">Marke: VW<\/span><\/strong><\/h5>\n<h5><strong><span style=\"font-size: 18pt;\">Modell: Jetta\/Golf\/Cabrio\/Rallye\/Syncro\/Passat\/Vento\/Polo\/LT\/Bus<\/span><\/strong><\/h5>\n<h5><strong><span style=\"font-size: 18pt;\">Typ:1\/2\/3\/B3\/2\/1\/T2<\/span><\/strong><\/h5>\n","protected":false},"featured_media":22212,"template":"","meta":[],"product_brand":[],"product_cat":[1205,1172,1216,1176,1231,1186,1254,1187,1260,1193,7179,1194,1195,1164,1201,1165,1202,1166,1204,1167],"product_tag":[7714],"class_list":{"0":"post-22210","1":"product","2":"type-product","3":"status-publish","4":"has-post-thumbnail","6":"product_cat-2-165-1983-1992","7":"product_cat-polo","8":"product_cat-2-86c-1981-1990","9":"product_cat-passat","10":"product_cat-b3-35i-1988-1993","11":"product_cat-bus","12":"product_cat-t2-211-1967-1979","13":"product_cat-lt","14":"product_cat-1-1975-1996","15":"product_cat-1-171-1974-1985","16":"product_cat-kleinmaterial","17":"product_cat-2-191-1983-1992","18":"product_cat-3-1h-1990-1998","19":"product_cat-vw","20":"product_cat-1-155-1979-1993","21":"product_cat-golf","22":"product_cat-3-1e0-1990-1998","23":"product_cat-golf-cabrio","24":"product_cat-1-161-1978-1987","25":"product_cat-jetta","26":"product_tag-7714","28":"first","29":"instock","30":"taxable","31":"shipping-taxable","32":"purchasable","33":"product-type-simple"},"yoast_head":"<!-- This site is optimized with the Yoast SEO plugin v27.4 - https:\/\/yoast.com\/product\/yoast-seo-wordpress\/ -->\n<title>VW Golf\/Jetta\/Vento\/Passat\/LT\/Polo\/Bus\/Cabrio\/Golf Syncro\/Golf Rallye Dichtungssatz f\u00fcr Druckregler NOS 030198031 - Audi-Klaus<\/title>\n<meta name=\"description\" content=\"VW Golf\/Jetta\/Vento\/Passat\/LT\/Polo\/Bus\/Cabrio\/Golf Syncro\/Golf Rallye Dichtungssatz f\u00fcr Druckregler NOS 030198031 VW Golf\/Jetta\/Vento\/Passat\/LT\/Polo\/Bus\/Cabrio\/Golf Syncro\/Golf Rallye Dichtungssatz f\u00fcr Druckregler NOS 030198031 -\" \/>\n<meta name=\"robots\" content=\"index, follow, max-snippet:-1, max-image-preview:large, max-video-preview:-1\" \/>\n<link rel=\"canonical\" href=\"https:\/\/audi-klaus.at\/shop\/produkt\/vw-golf-jetta-vento-passat-lt-polo-bus-cabrio-golf-syncro-golf-rallye-dichtungssatz-fuer-druckregler-neu-030198031\/\" \/>\n<meta property=\"og:locale\" content=\"de_DE\" \/>\n<meta property=\"og:type\" content=\"article\" \/>\n<meta property=\"og:title\" content=\"VW Golf\/Jetta\/Vento\/Passat\/LT\/Polo\/Bus\/Cabrio\/Golf Syncro\/Golf Rallye Dichtungssatz f\u00fcr Druckregler NOS 030198031 - Audi-Klaus\" \/>\n<meta property=\"og:description\" content=\"VW Golf\/Jetta\/Vento\/Passat\/LT\/Polo\/Bus\/Cabrio\/Golf Syncro\/Golf Rallye Dichtungssatz f\u00fcr Druckregler NOS 030198031 VW Golf\/Jetta\/Vento\/Passat\/LT\/Polo\/Bus\/Cabrio\/Golf Syncro\/Golf Rallye Dichtungssatz f\u00fcr Druckregler NOS 030198031 -\" \/>\n<meta property=\"og:url\" content=\"https:\/\/audi-klaus.at\/shop\/produkt\/vw-golf-jetta-vento-passat-lt-polo-bus-cabrio-golf-syncro-golf-rallye-dichtungssatz-fuer-druckregler-neu-030198031\/\" \/>\n<meta property=\"og:site_name\" content=\"Audi-Klaus\" \/>\n<meta property=\"article:publisher\" content=\"https:\/\/www.facebook.com\/audi.klaus.1312\/\" \/>\n<meta property=\"article:modified_time\" content=\"2026-01-24T21:10:20+00:00\" \/>\n<meta property=\"og:image\" content=\"https:\/\/audi-klaus.at\/shop\/wp-content\/uploads\/2022\/02\/c426-1.jpg\" \/>\n\t<meta property=\"og:image:width\" content=\"430\" \/>\n\t<meta property=\"og:image:height\" content=\"430\" \/>\n\t<meta property=\"og:image:type\" content=\"image\/jpeg\" \/>\n<meta name=\"twitter:card\" content=\"summary_large_image\" \/>\n<meta name=\"twitter:label1\" content=\"Gesch\u00e4tzte Lesezeit\" \/>\n\t<meta name=\"twitter:data1\" content=\"1 Minute\" \/>\n<script type=\"application\/ld+json\" class=\"yoast-schema-graph\">{\"@context\":\"https:\\\/\\\/schema.org\",\"@graph\":[{\"@type\":\"WebPage\",\"@id\":\"https:\\\/\\\/audi-klaus.at\\\/shop\\\/produkt\\\/vw-golf-jetta-vento-passat-lt-polo-bus-cabrio-golf-syncro-golf-rallye-dichtungssatz-fuer-druckregler-neu-030198031\\\/\",\"url\":\"https:\\\/\\\/audi-klaus.at\\\/shop\\\/produkt\\\/vw-golf-jetta-vento-passat-lt-polo-bus-cabrio-golf-syncro-golf-rallye-dichtungssatz-fuer-druckregler-neu-030198031\\\/\",\"name\":\"VW Golf\\\/Jetta\\\/Vento\\\/Passat\\\/LT\\\/Polo\\\/Bus\\\/Cabrio\\\/Golf Syncro\\\/Golf Rallye Dichtungssatz f\u00fcr Druckregler NOS 030198031 - Audi-Klaus\",\"isPartOf\":{\"@id\":\"https:\\\/\\\/audi-klaus.at\\\/shop\\\/#website\"},\"primaryImageOfPage\":{\"@id\":\"https:\\\/\\\/audi-klaus.at\\\/shop\\\/produkt\\\/vw-golf-jetta-vento-passat-lt-polo-bus-cabrio-golf-syncro-golf-rallye-dichtungssatz-fuer-druckregler-neu-030198031\\\/#primaryimage\"},\"image\":{\"@id\":\"https:\\\/\\\/audi-klaus.at\\\/shop\\\/produkt\\\/vw-golf-jetta-vento-passat-lt-polo-bus-cabrio-golf-syncro-golf-rallye-dichtungssatz-fuer-druckregler-neu-030198031\\\/#primaryimage\"},\"thumbnailUrl\":\"https:\\\/\\\/audi-klaus.at\\\/shop\\\/wp-content\\\/uploads\\\/2022\\\/02\\\/c426-1.jpg\",\"datePublished\":\"2022-02-10T12:28:18+00:00\",\"dateModified\":\"2026-01-24T21:10:20+00:00\",\"description\":\"VW Golf\\\/Jetta\\\/Vento\\\/Passat\\\/LT\\\/Polo\\\/Bus\\\/Cabrio\\\/Golf Syncro\\\/Golf Rallye Dichtungssatz f\u00fcr Druckregler NOS 030198031 VW Golf\\\/Jetta\\\/Vento\\\/Passat\\\/LT\\\/Polo\\\/Bus\\\/Cabrio\\\/Golf Syncro\\\/Golf Rallye Dichtungssatz f\u00fcr Druckregler NOS 030198031 -\",\"breadcrumb\":{\"@id\":\"https:\\\/\\\/audi-klaus.at\\\/shop\\\/produkt\\\/vw-golf-jetta-vento-passat-lt-polo-bus-cabrio-golf-syncro-golf-rallye-dichtungssatz-fuer-druckregler-neu-030198031\\\/#breadcrumb\"},\"inLanguage\":\"de-AT\",\"potentialAction\":[{\"@type\":\"ReadAction\",\"target\":[\"https:\\\/\\\/audi-klaus.at\\\/shop\\\/produkt\\\/vw-golf-jetta-vento-passat-lt-polo-bus-cabrio-golf-syncro-golf-rallye-dichtungssatz-fuer-druckregler-neu-030198031\\\/\"]}]},{\"@type\":\"ImageObject\",\"inLanguage\":\"de-AT\",\"@id\":\"https:\\\/\\\/audi-klaus.at\\\/shop\\\/produkt\\\/vw-golf-jetta-vento-passat-lt-polo-bus-cabrio-golf-syncro-golf-rallye-dichtungssatz-fuer-druckregler-neu-030198031\\\/#primaryimage\",\"url\":\"https:\\\/\\\/audi-klaus.at\\\/shop\\\/wp-content\\\/uploads\\\/2022\\\/02\\\/c426-1.jpg\",\"contentUrl\":\"https:\\\/\\\/audi-klaus.at\\\/shop\\\/wp-content\\\/uploads\\\/2022\\\/02\\\/c426-1.jpg\",\"width\":430,\"height\":430},{\"@type\":\"BreadcrumbList\",\"@id\":\"https:\\\/\\\/audi-klaus.at\\\/shop\\\/produkt\\\/vw-golf-jetta-vento-passat-lt-polo-bus-cabrio-golf-syncro-golf-rallye-dichtungssatz-fuer-druckregler-neu-030198031\\\/#breadcrumb\",\"itemListElement\":[{\"@type\":\"ListItem\",\"position\":1,\"name\":\"Startseite\",\"item\":\"https:\\\/\\\/audi-klaus.at\\\/shop\\\/\"},{\"@type\":\"ListItem\",\"position\":2,\"name\":\"Shop\",\"item\":\"https:\\\/\\\/audi-klaus.at\\\/shop\\\/\"},{\"@type\":\"ListItem\",\"position\":3,\"name\":\"VW Golf\\\/Jetta\\\/Vento\\\/Passat\\\/LT\\\/Polo\\\/Bus\\\/Cabrio\\\/Golf Syncro\\\/Golf Rallye Dichtungssatz f\u00fcr Druckregler NOS 030198031\"}]},{\"@type\":\"WebSite\",\"@id\":\"https:\\\/\\\/audi-klaus.at\\\/shop\\\/#website\",\"url\":\"https:\\\/\\\/audi-klaus.at\\\/shop\\\/\",\"name\":\"Audi-Klaus\",\"description\":\"Ihr Gebrauchtteile Spezialist f\u00fcr die Marken Audi, VW (VAG)\",\"publisher\":{\"@id\":\"https:\\\/\\\/audi-klaus.at\\\/shop\\\/#organization\"},\"potentialAction\":[{\"@type\":\"SearchAction\",\"target\":{\"@type\":\"EntryPoint\",\"urlTemplate\":\"https:\\\/\\\/audi-klaus.at\\\/shop\\\/?s={search_term_string}\"},\"query-input\":{\"@type\":\"PropertyValueSpecification\",\"valueRequired\":true,\"valueName\":\"search_term_string\"}}],\"inLanguage\":\"de-AT\"},{\"@type\":\"Organization\",\"@id\":\"https:\\\/\\\/audi-klaus.at\\\/shop\\\/#organization\",\"name\":\"Audi-Klaus\",\"url\":\"https:\\\/\\\/audi-klaus.at\\\/shop\\\/\",\"logo\":{\"@type\":\"ImageObject\",\"inLanguage\":\"de-AT\",\"@id\":\"https:\\\/\\\/audi-klaus.at\\\/shop\\\/#\\\/schema\\\/logo\\\/image\\\/\",\"url\":\"https:\\\/\\\/audi-klaus.at\\\/shop\\\/wp-content\\\/uploads\\\/2024\\\/10\\\/Logo-Shop.webp\",\"contentUrl\":\"https:\\\/\\\/audi-klaus.at\\\/shop\\\/wp-content\\\/uploads\\\/2024\\\/10\\\/Logo-Shop.webp\",\"width\":470,\"height\":164,\"caption\":\"Audi-Klaus\"},\"image\":{\"@id\":\"https:\\\/\\\/audi-klaus.at\\\/shop\\\/#\\\/schema\\\/logo\\\/image\\\/\"},\"sameAs\":[\"https:\\\/\\\/www.facebook.com\\\/audi.klaus.1312\\\/\",\"https:\\\/\\\/www.instagram.com\\\/audi_klaus\\\/?igshid=1eca3qu2mdayg\"]}]}<\/script>\n<!-- \/ Yoast SEO plugin. -->","yoast_head_json":{"title":"VW Golf\/Jetta\/Vento\/Passat\/LT\/Polo\/Bus\/Cabrio\/Golf Syncro\/Golf Rallye Dichtungssatz f\u00fcr Druckregler NOS 030198031 - Audi-Klaus","description":"VW Golf\/Jetta\/Vento\/Passat\/LT\/Polo\/Bus\/Cabrio\/Golf Syncro\/Golf Rallye Dichtungssatz f\u00fcr Druckregler NOS 030198031 VW Golf\/Jetta\/Vento\/Passat\/LT\/Polo\/Bus\/Cabrio\/Golf Syncro\/Golf Rallye Dichtungssatz f\u00fcr Druckregler NOS 030198031 -","robots":{"index":"index","follow":"follow","max-snippet":"max-snippet:-1","max-image-preview":"max-image-preview:large","max-video-preview":"max-video-preview:-1"},"canonical":"https:\/\/audi-klaus.at\/shop\/produkt\/vw-golf-jetta-vento-passat-lt-polo-bus-cabrio-golf-syncro-golf-rallye-dichtungssatz-fuer-druckregler-neu-030198031\/","og_locale":"de_DE","og_type":"article","og_title":"VW Golf\/Jetta\/Vento\/Passat\/LT\/Polo\/Bus\/Cabrio\/Golf Syncro\/Golf Rallye Dichtungssatz f\u00fcr Druckregler NOS 030198031 - Audi-Klaus","og_description":"VW Golf\/Jetta\/Vento\/Passat\/LT\/Polo\/Bus\/Cabrio\/Golf Syncro\/Golf Rallye Dichtungssatz f\u00fcr Druckregler NOS 030198031 VW Golf\/Jetta\/Vento\/Passat\/LT\/Polo\/Bus\/Cabrio\/Golf Syncro\/Golf Rallye Dichtungssatz f\u00fcr Druckregler NOS 030198031 -","og_url":"https:\/\/audi-klaus.at\/shop\/produkt\/vw-golf-jetta-vento-passat-lt-polo-bus-cabrio-golf-syncro-golf-rallye-dichtungssatz-fuer-druckregler-neu-030198031\/","og_site_name":"Audi-Klaus","article_publisher":"https:\/\/www.facebook.com\/audi.klaus.1312\/","article_modified_time":"2026-01-24T21:10:20+00:00","og_image":[{"width":430,"height":430,"url":"https:\/\/audi-klaus.at\/shop\/wp-content\/uploads\/2022\/02\/c426-1.jpg","type":"image\/jpeg"}],"twitter_card":"summary_large_image","twitter_misc":{"Gesch\u00e4tzte Lesezeit":"1 Minute"},"schema":{"@context":"https:\/\/schema.org","@graph":[{"@type":"WebPage","@id":"https:\/\/audi-klaus.at\/shop\/produkt\/vw-golf-jetta-vento-passat-lt-polo-bus-cabrio-golf-syncro-golf-rallye-dichtungssatz-fuer-druckregler-neu-030198031\/","url":"https:\/\/audi-klaus.at\/shop\/produkt\/vw-golf-jetta-vento-passat-lt-polo-bus-cabrio-golf-syncro-golf-rallye-dichtungssatz-fuer-druckregler-neu-030198031\/","name":"VW Golf\/Jetta\/Vento\/Passat\/LT\/Polo\/Bus\/Cabrio\/Golf Syncro\/Golf Rallye Dichtungssatz f\u00fcr Druckregler NOS 030198031 - Audi-Klaus","isPartOf":{"@id":"https:\/\/audi-klaus.at\/shop\/#website"},"primaryImageOfPage":{"@id":"https:\/\/audi-klaus.at\/shop\/produkt\/vw-golf-jetta-vento-passat-lt-polo-bus-cabrio-golf-syncro-golf-rallye-dichtungssatz-fuer-druckregler-neu-030198031\/#primaryimage"},"image":{"@id":"https:\/\/audi-klaus.at\/shop\/produkt\/vw-golf-jetta-vento-passat-lt-polo-bus-cabrio-golf-syncro-golf-rallye-dichtungssatz-fuer-druckregler-neu-030198031\/#primaryimage"},"thumbnailUrl":"https:\/\/audi-klaus.at\/shop\/wp-content\/uploads\/2022\/02\/c426-1.jpg","datePublished":"2022-02-10T12:28:18+00:00","dateModified":"2026-01-24T21:10:20+00:00","description":"VW Golf\/Jetta\/Vento\/Passat\/LT\/Polo\/Bus\/Cabrio\/Golf Syncro\/Golf Rallye Dichtungssatz f\u00fcr Druckregler NOS 030198031 VW Golf\/Jetta\/Vento\/Passat\/LT\/Polo\/Bus\/Cabrio\/Golf Syncro\/Golf Rallye Dichtungssatz f\u00fcr Druckregler NOS 030198031 -","breadcrumb":{"@id":"https:\/\/audi-klaus.at\/shop\/produkt\/vw-golf-jetta-vento-passat-lt-polo-bus-cabrio-golf-syncro-golf-rallye-dichtungssatz-fuer-druckregler-neu-030198031\/#breadcrumb"},"inLanguage":"de-AT","potentialAction":[{"@type":"ReadAction","target":["https:\/\/audi-klaus.at\/shop\/produkt\/vw-golf-jetta-vento-passat-lt-polo-bus-cabrio-golf-syncro-golf-rallye-dichtungssatz-fuer-druckregler-neu-030198031\/"]}]},{"@type":"ImageObject","inLanguage":"de-AT","@id":"https:\/\/audi-klaus.at\/shop\/produkt\/vw-golf-jetta-vento-passat-lt-polo-bus-cabrio-golf-syncro-golf-rallye-dichtungssatz-fuer-druckregler-neu-030198031\/#primaryimage","url":"https:\/\/audi-klaus.at\/shop\/wp-content\/uploads\/2022\/02\/c426-1.jpg","contentUrl":"https:\/\/audi-klaus.at\/shop\/wp-content\/uploads\/2022\/02\/c426-1.jpg","width":430,"height":430},{"@type":"BreadcrumbList","@id":"https:\/\/audi-klaus.at\/shop\/produkt\/vw-golf-jetta-vento-passat-lt-polo-bus-cabrio-golf-syncro-golf-rallye-dichtungssatz-fuer-druckregler-neu-030198031\/#breadcrumb","itemListElement":[{"@type":"ListItem","position":1,"name":"Startseite","item":"https:\/\/audi-klaus.at\/shop\/"},{"@type":"ListItem","position":2,"name":"Shop","item":"https:\/\/audi-klaus.at\/shop\/"},{"@type":"ListItem","position":3,"name":"VW Golf\/Jetta\/Vento\/Passat\/LT\/Polo\/Bus\/Cabrio\/Golf Syncro\/Golf Rallye Dichtungssatz f\u00fcr Druckregler NOS 030198031"}]},{"@type":"WebSite","@id":"https:\/\/audi-klaus.at\/shop\/#website","url":"https:\/\/audi-klaus.at\/shop\/","name":"Audi-Klaus","description":"Ihr Gebrauchtteile Spezialist f\u00fcr die Marken Audi, VW (VAG)","publisher":{"@id":"https:\/\/audi-klaus.at\/shop\/#organization"},"potentialAction":[{"@type":"SearchAction","target":{"@type":"EntryPoint","urlTemplate":"https:\/\/audi-klaus.at\/shop\/?s={search_term_string}"},"query-input":{"@type":"PropertyValueSpecification","valueRequired":true,"valueName":"search_term_string"}}],"inLanguage":"de-AT"},{"@type":"Organization","@id":"https:\/\/audi-klaus.at\/shop\/#organization","name":"Audi-Klaus","url":"https:\/\/audi-klaus.at\/shop\/","logo":{"@type":"ImageObject","inLanguage":"de-AT","@id":"https:\/\/audi-klaus.at\/shop\/#\/schema\/logo\/image\/","url":"https:\/\/audi-klaus.at\/shop\/wp-content\/uploads\/2024\/10\/Logo-Shop.webp","contentUrl":"https:\/\/audi-klaus.at\/shop\/wp-content\/uploads\/2024\/10\/Logo-Shop.webp","width":470,"height":164,"caption":"Audi-Klaus"},"image":{"@id":"https:\/\/audi-klaus.at\/shop\/#\/schema\/logo\/image\/"},"sameAs":["https:\/\/www.facebook.com\/audi.klaus.1312\/","https:\/\/www.instagram.com\/audi_klaus\/?igshid=1eca3qu2mdayg"]}]}},"_links":{"self":[{"href":"https:\/\/audi-klaus.at\/shop\/wp-json\/wp\/v2\/product\/22210","targetHints":{"allow":["GET"]}}],"collection":[{"href":"https:\/\/audi-klaus.at\/shop\/wp-json\/wp\/v2\/product"}],"about":[{"href":"https:\/\/audi-klaus.at\/shop\/wp-json\/wp\/v2\/types\/product"}],"wp:featuredmedia":[{"embeddable":true,"href":"https:\/\/audi-klaus.at\/shop\/wp-json\/wp\/v2\/media\/22212"}],"wp:attachment":[{"href":"https:\/\/audi-klaus.at\/shop\/wp-json\/wp\/v2\/media?parent=22210"}],"wp:term":[{"taxonomy":"product_brand","embeddable":true,"href":"https:\/\/audi-klaus.at\/shop\/wp-json\/wp\/v2\/product_brand?post=22210"},{"taxonomy":"product_cat","embeddable":true,"href":"https:\/\/audi-klaus.at\/shop\/wp-json\/wp\/v2\/product_cat?post=22210"},{"taxonomy":"product_tag","embeddable":true,"href":"https:\/\/audi-klaus.at\/shop\/wp-json\/wp\/v2\/product_tag?post=22210"}],"curies":[{"name":"wp","href":"https:\/\/api.w.org\/{rel}","templated":true}]}}