{"id":21813,"date":"2022-02-07T15:22:15","date_gmt":"2022-02-07T14:22:15","guid":{"rendered":"http:\/\/audi-klaus.at.server171-han.server-routing.com\/shop\/?post_type=product&#038;p=21813"},"modified":"2026-01-07T21:05:43","modified_gmt":"2026-01-07T20:05:43","slug":"audi-a5-8t-q7-4l-tt-8n-tts-8s-vw-golf-7-passat-3c-phaeton-3d-lampenfassung-neu-8n0953053","status":"publish","type":"product","link":"https:\/\/audi-klaus.at\/shop\/produkt\/audi-a5-8t-q7-4l-tt-8n-tts-8s-vw-golf-7-passat-3c-phaeton-3d-lampenfassung-neu-8n0953053\/","title":{"rendered":"Audi A5\/8T\/Q7\/4L\/TT\/8N\/TTS\/8S\/VW Golf\/7\/Passat\/3C\/Phaeton\/3D Lampenfassung Neu 8N0953053"},"content":{"rendered":"<p><strong><span style=\"color: #000000\"><span style=\"font-family: Source Sans Pro, sans-serif\"><span style=\"font-size: medium\"><b>VAG Teilenummer<\/b><\/span><\/span><\/span><\/strong><span style=\"color: #000000\"><span style=\"font-family: Source Sans Pro, sans-serif\"><span style=\"font-size: medium\"><b>:<\/b><\/span><\/span><\/span> 8N0 953 053<span style=\"font-family: Source Sans Pro, sans-serif\"><span style=\"font-size: medium\"><br \/>\n<\/span><\/span><strong><span style=\"color: #000000\"><span style=\"font-family: Source Sans Pro, sans-serif\"><span style=\"font-size: medium\"><b>Zustand:<\/b><\/span><\/span><\/span><\/strong><span style=\"color: #000000\"><span style=\"font-family: Source Sans Pro, sans-serif\"><span style=\"font-size: medium\"> Neu<\/span><\/span><\/span><span style=\"font-family: Source Sans Pro, sans-serif\"><span style=\"font-size: medium\"><br \/>\n<\/span><\/span><strong><span style=\"color: #000000\"><span style=\"font-family: Source Sans Pro, sans-serif\"><span style=\"font-size: medium\"><b>Lieferumfang:<\/b><\/span><\/span><\/span><\/strong> <span style=\"color: #000000\"><span style=\"font-family: Source Sans Pro, sans-serif\"><span style=\"font-size: medium\">wie in den Original-Abbildungen angegeben<\/span><\/span><\/span><span style=\"font-family: Source Sans Pro, sans-serif\"><span style=\"font-size: medium\"><br \/>\n<\/span><\/span><span style=\"color: #000000\"><span style=\"font-family: Source Sans Pro, sans-serif\"><span style=\"font-size: medium\">Hinweis: Bitte \u00fcberpr\u00fcfen Sie vor dem Kauf anhand der eindeutigen Teilenummern, ob der Artikel zum Fahrzeug passt, um R\u00fccksendungen zu vermeiden! Trotz Angabe der entsprechenden Fahrzeugdaten ist eine eindeutige Zuordnung nur \u00fcber die Teilenummer m\u00f6glich! Die abgelesene Teilenummer ist die Teilenummer des Teils, welches geliefert wird. Die Originalteilnummer ist diejenige, die bei Neubestellung f\u00fcr dieses Teil gilt und der m\u00f6glicherweise abweichenden, gelieferten Teilenummer entspricht. Sollten weitere Fragen offen sein, kontaktieren Sie uns bitte unter <\/span><\/span><\/span><a href=\"mailto:office@audi-klaus.at\"><span style=\"font-family: Source Sans Pro, sans-serif\"><span style=\"font-size: medium\">office@audi-klaus.at<\/span><\/span><\/a><\/p>\n","protected":false},"excerpt":{"rendered":"<h5><strong><span style=\"font-size: 18pt\">Marke: Audi\/VW<\/span><\/strong><\/h5>\n<h5><strong><span style=\"font-size: 18pt\">Modell:A5\/Q7\/TT\/TTS\/Golf\/Passat\/Phaeton<\/span><\/strong><\/h5>\n<h5><strong><span style=\"font-size: 18pt\">Typ: 8T\/4L\/8N\/8S\/7\/3C\/3D<\/span><\/strong><\/h5>\n","protected":false},"featured_media":21711,"template":"","meta":[],"product_brand":[],"product_cat":[962,1164,1165,1176,1181,32,1199,371,1234,379,7179,384,553,958],"product_tag":[7571],"class_list":{"0":"post-21813","1":"product","2":"type-product","3":"status-publish","4":"has-post-thumbnail","6":"product_cat-8n-1998-2000","7":"product_cat-vw","8":"product_cat-golf","9":"product_cat-passat","10":"product_cat-phaeton","11":"product_cat-audi","12":"product_cat-7-5g-2012-2018","13":"product_cat-a5","14":"product_cat-b6-3c-2005-2010","15":"product_cat-q7","16":"product_cat-kleinmaterial","17":"product_cat-tt","18":"product_cat-8t-2007-2016","19":"product_cat-4l-2006-2016","20":"product_tag-8n0953053","22":"first","23":"outofstock","24":"taxable","25":"shipping-taxable","26":"purchasable","27":"product-type-simple"},"yoast_head":"<!-- This site is optimized with the Yoast SEO plugin v27.5 - https:\/\/yoast.com\/product\/yoast-seo-wordpress\/ -->\n<title>Audi A5\/8T\/Q7\/4L\/TT\/8N\/TTS\/8S\/VW Golf\/7\/Passat\/3C\/Phaeton\/3D Lampenfassung Neu 8N0953053 - Audi-Klaus<\/title>\n<meta name=\"robots\" content=\"index, follow, max-snippet:-1, max-image-preview:large, max-video-preview:-1\" \/>\n<link rel=\"canonical\" href=\"https:\/\/audi-klaus.at\/shop\/produkt\/audi-a5-8t-q7-4l-tt-8n-tts-8s-vw-golf-7-passat-3c-phaeton-3d-lampenfassung-neu-8n0953053\/\" \/>\n<meta property=\"og:locale\" content=\"de_DE\" \/>\n<meta property=\"og:type\" content=\"article\" \/>\n<meta property=\"og:title\" content=\"Audi A5\/8T\/Q7\/4L\/TT\/8N\/TTS\/8S\/VW Golf\/7\/Passat\/3C\/Phaeton\/3D Lampenfassung Neu 8N0953053 - Audi-Klaus\" \/>\n<meta property=\"og:description\" content=\"Marke: Audi\/VW Modell:A5\/Q7\/TT\/TTS\/Golf\/Passat\/Phaeton Typ: 8T\/4L\/8N\/8S\/7\/3C\/3D\" \/>\n<meta property=\"og:url\" content=\"https:\/\/audi-klaus.at\/shop\/produkt\/audi-a5-8t-q7-4l-tt-8n-tts-8s-vw-golf-7-passat-3c-phaeton-3d-lampenfassung-neu-8n0953053\/\" \/>\n<meta property=\"og:site_name\" content=\"Audi-Klaus\" \/>\n<meta property=\"article:publisher\" content=\"https:\/\/www.facebook.com\/audi.klaus.1312\/\" \/>\n<meta property=\"article:modified_time\" content=\"2026-01-07T20:05:43+00:00\" \/>\n<meta property=\"og:image\" content=\"https:\/\/audi-klaus.at\/shop\/wp-content\/uploads\/2022\/02\/c311-1.jpg\" \/>\n\t<meta property=\"og:image:width\" content=\"430\" \/>\n\t<meta property=\"og:image:height\" content=\"430\" \/>\n\t<meta property=\"og:image:type\" content=\"image\/jpeg\" \/>\n<meta name=\"twitter:card\" content=\"summary_large_image\" \/>\n<script type=\"application\/ld+json\" class=\"yoast-schema-graph\">{\"@context\":\"https:\\\/\\\/schema.org\",\"@graph\":[{\"@type\":\"WebPage\",\"@id\":\"https:\\\/\\\/audi-klaus.at\\\/shop\\\/produkt\\\/audi-a5-8t-q7-4l-tt-8n-tts-8s-vw-golf-7-passat-3c-phaeton-3d-lampenfassung-neu-8n0953053\\\/\",\"url\":\"https:\\\/\\\/audi-klaus.at\\\/shop\\\/produkt\\\/audi-a5-8t-q7-4l-tt-8n-tts-8s-vw-golf-7-passat-3c-phaeton-3d-lampenfassung-neu-8n0953053\\\/\",\"name\":\"Audi A5\\\/8T\\\/Q7\\\/4L\\\/TT\\\/8N\\\/TTS\\\/8S\\\/VW Golf\\\/7\\\/Passat\\\/3C\\\/Phaeton\\\/3D Lampenfassung Neu 8N0953053 - Audi-Klaus\",\"isPartOf\":{\"@id\":\"https:\\\/\\\/audi-klaus.at\\\/shop\\\/#website\"},\"primaryImageOfPage\":{\"@id\":\"https:\\\/\\\/audi-klaus.at\\\/shop\\\/produkt\\\/audi-a5-8t-q7-4l-tt-8n-tts-8s-vw-golf-7-passat-3c-phaeton-3d-lampenfassung-neu-8n0953053\\\/#primaryimage\"},\"image\":{\"@id\":\"https:\\\/\\\/audi-klaus.at\\\/shop\\\/produkt\\\/audi-a5-8t-q7-4l-tt-8n-tts-8s-vw-golf-7-passat-3c-phaeton-3d-lampenfassung-neu-8n0953053\\\/#primaryimage\"},\"thumbnailUrl\":\"https:\\\/\\\/audi-klaus.at\\\/shop\\\/wp-content\\\/uploads\\\/2022\\\/02\\\/c311-1.jpg\",\"datePublished\":\"2022-02-07T14:22:15+00:00\",\"dateModified\":\"2026-01-07T20:05:43+00:00\",\"breadcrumb\":{\"@id\":\"https:\\\/\\\/audi-klaus.at\\\/shop\\\/produkt\\\/audi-a5-8t-q7-4l-tt-8n-tts-8s-vw-golf-7-passat-3c-phaeton-3d-lampenfassung-neu-8n0953053\\\/#breadcrumb\"},\"inLanguage\":\"de-AT\",\"potentialAction\":[{\"@type\":\"ReadAction\",\"target\":[\"https:\\\/\\\/audi-klaus.at\\\/shop\\\/produkt\\\/audi-a5-8t-q7-4l-tt-8n-tts-8s-vw-golf-7-passat-3c-phaeton-3d-lampenfassung-neu-8n0953053\\\/\"]}]},{\"@type\":\"ImageObject\",\"inLanguage\":\"de-AT\",\"@id\":\"https:\\\/\\\/audi-klaus.at\\\/shop\\\/produkt\\\/audi-a5-8t-q7-4l-tt-8n-tts-8s-vw-golf-7-passat-3c-phaeton-3d-lampenfassung-neu-8n0953053\\\/#primaryimage\",\"url\":\"https:\\\/\\\/audi-klaus.at\\\/shop\\\/wp-content\\\/uploads\\\/2022\\\/02\\\/c311-1.jpg\",\"contentUrl\":\"https:\\\/\\\/audi-klaus.at\\\/shop\\\/wp-content\\\/uploads\\\/2022\\\/02\\\/c311-1.jpg\",\"width\":430,\"height\":430},{\"@type\":\"BreadcrumbList\",\"@id\":\"https:\\\/\\\/audi-klaus.at\\\/shop\\\/produkt\\\/audi-a5-8t-q7-4l-tt-8n-tts-8s-vw-golf-7-passat-3c-phaeton-3d-lampenfassung-neu-8n0953053\\\/#breadcrumb\",\"itemListElement\":[{\"@type\":\"ListItem\",\"position\":1,\"name\":\"Startseite\",\"item\":\"https:\\\/\\\/audi-klaus.at\\\/shop\\\/\"},{\"@type\":\"ListItem\",\"position\":2,\"name\":\"Shop\",\"item\":\"https:\\\/\\\/audi-klaus.at\\\/shop\\\/\"},{\"@type\":\"ListItem\",\"position\":3,\"name\":\"Audi A5\\\/8T\\\/Q7\\\/4L\\\/TT\\\/8N\\\/TTS\\\/8S\\\/VW Golf\\\/7\\\/Passat\\\/3C\\\/Phaeton\\\/3D Lampenfassung Neu 8N0953053\"}]},{\"@type\":\"WebSite\",\"@id\":\"https:\\\/\\\/audi-klaus.at\\\/shop\\\/#website\",\"url\":\"https:\\\/\\\/audi-klaus.at\\\/shop\\\/\",\"name\":\"Audi-Klaus\",\"description\":\"Ihr Gebrauchtteile Spezialist f\u00fcr die Marken Audi, VW (VAG)\",\"publisher\":{\"@id\":\"https:\\\/\\\/audi-klaus.at\\\/shop\\\/#organization\"},\"potentialAction\":[{\"@type\":\"SearchAction\",\"target\":{\"@type\":\"EntryPoint\",\"urlTemplate\":\"https:\\\/\\\/audi-klaus.at\\\/shop\\\/?s={search_term_string}\"},\"query-input\":{\"@type\":\"PropertyValueSpecification\",\"valueRequired\":true,\"valueName\":\"search_term_string\"}}],\"inLanguage\":\"de-AT\"},{\"@type\":\"Organization\",\"@id\":\"https:\\\/\\\/audi-klaus.at\\\/shop\\\/#organization\",\"name\":\"Audi-Klaus\",\"url\":\"https:\\\/\\\/audi-klaus.at\\\/shop\\\/\",\"logo\":{\"@type\":\"ImageObject\",\"inLanguage\":\"de-AT\",\"@id\":\"https:\\\/\\\/audi-klaus.at\\\/shop\\\/#\\\/schema\\\/logo\\\/image\\\/\",\"url\":\"https:\\\/\\\/audi-klaus.at\\\/shop\\\/wp-content\\\/uploads\\\/2024\\\/10\\\/Logo-Shop.webp\",\"contentUrl\":\"https:\\\/\\\/audi-klaus.at\\\/shop\\\/wp-content\\\/uploads\\\/2024\\\/10\\\/Logo-Shop.webp\",\"width\":470,\"height\":164,\"caption\":\"Audi-Klaus\"},\"image\":{\"@id\":\"https:\\\/\\\/audi-klaus.at\\\/shop\\\/#\\\/schema\\\/logo\\\/image\\\/\"},\"sameAs\":[\"https:\\\/\\\/www.facebook.com\\\/audi.klaus.1312\\\/\",\"https:\\\/\\\/www.instagram.com\\\/audi_klaus\\\/?igshid=1eca3qu2mdayg\"]}]}<\/script>\n<!-- \/ Yoast SEO plugin. -->","yoast_head_json":{"title":"Audi A5\/8T\/Q7\/4L\/TT\/8N\/TTS\/8S\/VW Golf\/7\/Passat\/3C\/Phaeton\/3D Lampenfassung Neu 8N0953053 - Audi-Klaus","robots":{"index":"index","follow":"follow","max-snippet":"max-snippet:-1","max-image-preview":"max-image-preview:large","max-video-preview":"max-video-preview:-1"},"canonical":"https:\/\/audi-klaus.at\/shop\/produkt\/audi-a5-8t-q7-4l-tt-8n-tts-8s-vw-golf-7-passat-3c-phaeton-3d-lampenfassung-neu-8n0953053\/","og_locale":"de_DE","og_type":"article","og_title":"Audi A5\/8T\/Q7\/4L\/TT\/8N\/TTS\/8S\/VW Golf\/7\/Passat\/3C\/Phaeton\/3D Lampenfassung Neu 8N0953053 - Audi-Klaus","og_description":"Marke: Audi\/VW Modell:A5\/Q7\/TT\/TTS\/Golf\/Passat\/Phaeton Typ: 8T\/4L\/8N\/8S\/7\/3C\/3D","og_url":"https:\/\/audi-klaus.at\/shop\/produkt\/audi-a5-8t-q7-4l-tt-8n-tts-8s-vw-golf-7-passat-3c-phaeton-3d-lampenfassung-neu-8n0953053\/","og_site_name":"Audi-Klaus","article_publisher":"https:\/\/www.facebook.com\/audi.klaus.1312\/","article_modified_time":"2026-01-07T20:05:43+00:00","og_image":[{"width":430,"height":430,"url":"https:\/\/audi-klaus.at\/shop\/wp-content\/uploads\/2022\/02\/c311-1.jpg","type":"image\/jpeg"}],"twitter_card":"summary_large_image","schema":{"@context":"https:\/\/schema.org","@graph":[{"@type":"WebPage","@id":"https:\/\/audi-klaus.at\/shop\/produkt\/audi-a5-8t-q7-4l-tt-8n-tts-8s-vw-golf-7-passat-3c-phaeton-3d-lampenfassung-neu-8n0953053\/","url":"https:\/\/audi-klaus.at\/shop\/produkt\/audi-a5-8t-q7-4l-tt-8n-tts-8s-vw-golf-7-passat-3c-phaeton-3d-lampenfassung-neu-8n0953053\/","name":"Audi A5\/8T\/Q7\/4L\/TT\/8N\/TTS\/8S\/VW Golf\/7\/Passat\/3C\/Phaeton\/3D Lampenfassung Neu 8N0953053 - Audi-Klaus","isPartOf":{"@id":"https:\/\/audi-klaus.at\/shop\/#website"},"primaryImageOfPage":{"@id":"https:\/\/audi-klaus.at\/shop\/produkt\/audi-a5-8t-q7-4l-tt-8n-tts-8s-vw-golf-7-passat-3c-phaeton-3d-lampenfassung-neu-8n0953053\/#primaryimage"},"image":{"@id":"https:\/\/audi-klaus.at\/shop\/produkt\/audi-a5-8t-q7-4l-tt-8n-tts-8s-vw-golf-7-passat-3c-phaeton-3d-lampenfassung-neu-8n0953053\/#primaryimage"},"thumbnailUrl":"https:\/\/audi-klaus.at\/shop\/wp-content\/uploads\/2022\/02\/c311-1.jpg","datePublished":"2022-02-07T14:22:15+00:00","dateModified":"2026-01-07T20:05:43+00:00","breadcrumb":{"@id":"https:\/\/audi-klaus.at\/shop\/produkt\/audi-a5-8t-q7-4l-tt-8n-tts-8s-vw-golf-7-passat-3c-phaeton-3d-lampenfassung-neu-8n0953053\/#breadcrumb"},"inLanguage":"de-AT","potentialAction":[{"@type":"ReadAction","target":["https:\/\/audi-klaus.at\/shop\/produkt\/audi-a5-8t-q7-4l-tt-8n-tts-8s-vw-golf-7-passat-3c-phaeton-3d-lampenfassung-neu-8n0953053\/"]}]},{"@type":"ImageObject","inLanguage":"de-AT","@id":"https:\/\/audi-klaus.at\/shop\/produkt\/audi-a5-8t-q7-4l-tt-8n-tts-8s-vw-golf-7-passat-3c-phaeton-3d-lampenfassung-neu-8n0953053\/#primaryimage","url":"https:\/\/audi-klaus.at\/shop\/wp-content\/uploads\/2022\/02\/c311-1.jpg","contentUrl":"https:\/\/audi-klaus.at\/shop\/wp-content\/uploads\/2022\/02\/c311-1.jpg","width":430,"height":430},{"@type":"BreadcrumbList","@id":"https:\/\/audi-klaus.at\/shop\/produkt\/audi-a5-8t-q7-4l-tt-8n-tts-8s-vw-golf-7-passat-3c-phaeton-3d-lampenfassung-neu-8n0953053\/#breadcrumb","itemListElement":[{"@type":"ListItem","position":1,"name":"Startseite","item":"https:\/\/audi-klaus.at\/shop\/"},{"@type":"ListItem","position":2,"name":"Shop","item":"https:\/\/audi-klaus.at\/shop\/"},{"@type":"ListItem","position":3,"name":"Audi A5\/8T\/Q7\/4L\/TT\/8N\/TTS\/8S\/VW Golf\/7\/Passat\/3C\/Phaeton\/3D Lampenfassung Neu 8N0953053"}]},{"@type":"WebSite","@id":"https:\/\/audi-klaus.at\/shop\/#website","url":"https:\/\/audi-klaus.at\/shop\/","name":"Audi-Klaus","description":"Ihr Gebrauchtteile Spezialist f\u00fcr die Marken Audi, VW (VAG)","publisher":{"@id":"https:\/\/audi-klaus.at\/shop\/#organization"},"potentialAction":[{"@type":"SearchAction","target":{"@type":"EntryPoint","urlTemplate":"https:\/\/audi-klaus.at\/shop\/?s={search_term_string}"},"query-input":{"@type":"PropertyValueSpecification","valueRequired":true,"valueName":"search_term_string"}}],"inLanguage":"de-AT"},{"@type":"Organization","@id":"https:\/\/audi-klaus.at\/shop\/#organization","name":"Audi-Klaus","url":"https:\/\/audi-klaus.at\/shop\/","logo":{"@type":"ImageObject","inLanguage":"de-AT","@id":"https:\/\/audi-klaus.at\/shop\/#\/schema\/logo\/image\/","url":"https:\/\/audi-klaus.at\/shop\/wp-content\/uploads\/2024\/10\/Logo-Shop.webp","contentUrl":"https:\/\/audi-klaus.at\/shop\/wp-content\/uploads\/2024\/10\/Logo-Shop.webp","width":470,"height":164,"caption":"Audi-Klaus"},"image":{"@id":"https:\/\/audi-klaus.at\/shop\/#\/schema\/logo\/image\/"},"sameAs":["https:\/\/www.facebook.com\/audi.klaus.1312\/","https:\/\/www.instagram.com\/audi_klaus\/?igshid=1eca3qu2mdayg"]}]}},"_links":{"self":[{"href":"https:\/\/audi-klaus.at\/shop\/wp-json\/wp\/v2\/product\/21813","targetHints":{"allow":["GET"]}}],"collection":[{"href":"https:\/\/audi-klaus.at\/shop\/wp-json\/wp\/v2\/product"}],"about":[{"href":"https:\/\/audi-klaus.at\/shop\/wp-json\/wp\/v2\/types\/product"}],"wp:featuredmedia":[{"embeddable":true,"href":"https:\/\/audi-klaus.at\/shop\/wp-json\/wp\/v2\/media\/21711"}],"wp:attachment":[{"href":"https:\/\/audi-klaus.at\/shop\/wp-json\/wp\/v2\/media?parent=21813"}],"wp:term":[{"taxonomy":"product_brand","embeddable":true,"href":"https:\/\/audi-klaus.at\/shop\/wp-json\/wp\/v2\/product_brand?post=21813"},{"taxonomy":"product_cat","embeddable":true,"href":"https:\/\/audi-klaus.at\/shop\/wp-json\/wp\/v2\/product_cat?post=21813"},{"taxonomy":"product_tag","embeddable":true,"href":"https:\/\/audi-klaus.at\/shop\/wp-json\/wp\/v2\/product_tag?post=21813"}],"curies":[{"name":"wp","href":"https:\/\/api.w.org\/{rel}","templated":true}]}}