{"id":21587,"date":"2022-02-03T14:00:19","date_gmt":"2022-02-03T13:00:19","guid":{"rendered":"http:\/\/audi-klaus.at.server171-han.server-routing.com\/shop\/?post_type=product&#038;p=21587"},"modified":"2026-01-07T21:05:19","modified_gmt":"2026-01-07T20:05:19","slug":"vw-caddy-corrado-golf-jetta-passat-polo-scirocco-vento-sitzschienenfuehrung-191881213","status":"publish","type":"product","link":"https:\/\/audi-klaus.at\/shop\/produkt\/vw-caddy-corrado-golf-jetta-passat-polo-scirocco-vento-sitzschienenfuehrung-191881213\/","title":{"rendered":"VW Caddy\/Corrado\/Golf\/Jetta\/Passat\/Polo\/Scirocco\/Vento Sitzschienenf\u00fchrung 191881213"},"content":{"rendered":"<h5 class=\"western\"><span style=\"color: #060606;\"><span style=\"font-family: Verdana, serif;\"><span style=\"font-size: small;\"><b>VAG Teilenummer<\/b><\/span><\/span><\/span><span style=\"color: #060606;\"><span style=\"font-family: Verdana, serif;\"><span style=\"font-size: small;\">: 191 881 213<\/span><\/span><\/span><\/h5>\n<h5 class=\"western\"><span style=\"color: #060606;\"><span style=\"font-family: Verdana, serif;\"><span style=\"font-size: small;\"><b>Zustand:<\/b><\/span><\/span><\/span><span style=\"color: #060606;\"><span style=\"font-family: Verdana, serif;\"><span style=\"font-size: small;\">\u00a0<\/span><\/span><\/span><span style=\"color: #060606;\"><span style=\"font-family: Verdana, serif;\"><span style=\"font-size: small;\"><span lang=\"de-DE\">Gebraucht<\/span><\/span><\/span><\/span><\/h5>\n<h5 class=\"western\"><span style=\"color: #060606;\"><span style=\"font-family: Verdana, serif;\"><span style=\"font-size: small;\"><b>Lieferumfang:<\/b><\/span><\/span><\/span><span style=\"color: #060606;\"><span style=\"font-family: Verdana, serif;\"><span style=\"font-size: small;\">\u00a0wie in den Original-Abbildungen angegeben<\/span><\/span><\/span><\/h5>\n<h5 class=\"western\"><span style=\"color: #060606;\"><span style=\"font-family: Verdana, serif;\"><span style=\"font-size: small;\"><b>Hinweis:<\/b><\/span><\/span><\/span><span style=\"color: #060606;\"><span style=\"font-family: Verdana, serif;\"><span style=\"font-size: small;\">\u00a0Bitte \u00fcberpr\u00fcfen Sie vor dem Kauf anhand der eindeutigen Teilenummern, ob der Artikel zum Fahrzeug passt, um R\u00fccksendungen zu vermeiden! Trotz Angabe der entsprechenden Fahrzeugdaten ist eine eindeutige Zuordnung nur \u00fcber die Teilenummer m\u00f6glich! Die abgelesene Teilenummer ist die Teilenummer des Teils, welches geliefert wird. Die Originalteilnummer ist diejenige, die bei Neubestellung f\u00fcr dieses Teil gilt und der m\u00f6glicherweise abweichenden, gelieferten Teilenummer entspricht. <\/span><\/span><\/span><\/h5>\n<h5 class=\"western\"><span style=\"color: #060606;\"><span style=\"font-family: Verdana, serif;\"><span style=\"font-size: small;\"><span lang=\"de-DE\">Gebraucht<\/span><\/span><\/span><\/span><span style=\"color: #060606;\"><span style=\"font-family: Verdana, serif;\"><span style=\"font-size: small;\"> mit Gebrauchsspuren in Form von Verunreinigungen\/ kleinen Kratzern m\u00f6glich. Die Ware wird ungereinigt geliefert.<\/span><\/span><\/span><\/h5>\n<h5 class=\"western\"><span style=\"color: #060606;\"><span style=\"font-family: Verdana, serif;\"><span style=\"font-size: small;\">Sollten weitere Fragen offen sein, kontaktieren Sie uns bitte unter\u00a0<\/span><\/span><\/span><a href=\"mailto:office@audi-klaus.at\"><span style=\"color: #0000ff;\"><span style=\"font-family: Verdana, serif;\"><span style=\"font-size: small;\"><u>office@audi-klaus.at<\/u><\/span><\/span><\/span><\/a><\/h5>\n","protected":false},"excerpt":{"rendered":"<h5><strong><span style=\"font-size: 18pt;\">Marke: VW<\/span><\/strong><\/h5>\n<h5><strong><span style=\"font-size: 18pt;\">Modell: Caddy\/Corrado\/Golf\/Jetta\/Passat\/Polo\/Scirocco\/Vento<\/span><\/strong><\/h5>\n","protected":false},"featured_media":21474,"template":"","meta":[],"product_brand":[],"product_cat":[1167,1168,1170,1171,1172,1176,1180,7179,1164,1165],"product_tag":[7479,23978],"class_list":{"0":"post-21587","1":"product","2":"type-product","3":"status-publish","4":"has-post-thumbnail","6":"product_cat-jetta","7":"product_cat-vento","8":"product_cat-scirocco","9":"product_cat-corrado","10":"product_cat-polo","11":"product_cat-passat","12":"product_cat-caddy","13":"product_cat-kleinmaterial","14":"product_cat-vw","15":"product_cat-golf","16":"product_tag-7479","17":"product_tag-c220","19":"first","20":"instock","21":"taxable","22":"shipping-taxable","23":"purchasable","24":"product-type-simple"},"yoast_head":"<!-- This site is optimized with the Yoast SEO plugin v27.3 - https:\/\/yoast.com\/product\/yoast-seo-wordpress\/ -->\n<title>VW Caddy\/Corrado\/Golf\/Jetta\/Passat\/Polo\/Scirocco\/Vento Sitzschienenf\u00fchrung 191881213 - Audi-Klaus<\/title>\n<meta name=\"description\" content=\"Audi-Klaus VW Caddy\/Corrado\/Golf\/Jetta\/Passat\/Polo\/Scirocco\/Vento Sitzschienenf\u00fchrung 191881213 VW Caddy\/Corrado\/Golf\/Jetta\/Passat\/Polo\/Scirocco\/Vento Sitzschienenf\u00fchrung 191881213\" \/>\n<meta name=\"robots\" content=\"index, follow, max-snippet:-1, max-image-preview:large, max-video-preview:-1\" \/>\n<link rel=\"canonical\" href=\"https:\/\/audi-klaus.at\/shop\/produkt\/vw-caddy-corrado-golf-jetta-passat-polo-scirocco-vento-sitzschienenfuehrung-191881213\/\" \/>\n<meta property=\"og:locale\" content=\"de_DE\" \/>\n<meta property=\"og:type\" content=\"article\" \/>\n<meta property=\"og:title\" content=\"VW Caddy\/Corrado\/Golf\/Jetta\/Passat\/Polo\/Scirocco\/Vento Sitzschienenf\u00fchrung 191881213 - Audi-Klaus\" \/>\n<meta property=\"og:description\" content=\"Audi-Klaus VW Caddy\/Corrado\/Golf\/Jetta\/Passat\/Polo\/Scirocco\/Vento Sitzschienenf\u00fchrung 191881213 VW Caddy\/Corrado\/Golf\/Jetta\/Passat\/Polo\/Scirocco\/Vento Sitzschienenf\u00fchrung 191881213\" \/>\n<meta property=\"og:url\" content=\"https:\/\/audi-klaus.at\/shop\/produkt\/vw-caddy-corrado-golf-jetta-passat-polo-scirocco-vento-sitzschienenfuehrung-191881213\/\" \/>\n<meta property=\"og:site_name\" content=\"Audi-Klaus\" \/>\n<meta property=\"article:publisher\" content=\"https:\/\/www.facebook.com\/audi.klaus.1312\/\" \/>\n<meta property=\"article:modified_time\" content=\"2026-01-07T20:05:19+00:00\" \/>\n<meta property=\"og:image\" content=\"https:\/\/audi-klaus.at\/shop\/wp-content\/uploads\/2022\/02\/c220-1-1.jpg\" \/>\n\t<meta property=\"og:image:width\" content=\"430\" \/>\n\t<meta property=\"og:image:height\" content=\"430\" \/>\n\t<meta property=\"og:image:type\" content=\"image\/jpeg\" \/>\n<meta name=\"twitter:card\" content=\"summary_large_image\" \/>\n<meta name=\"twitter:label1\" content=\"Gesch\u00e4tzte Lesezeit\" \/>\n\t<meta name=\"twitter:data1\" content=\"1 Minute\" \/>\n<script type=\"application\/ld+json\" class=\"yoast-schema-graph\">{\"@context\":\"https:\\\/\\\/schema.org\",\"@graph\":[{\"@type\":\"WebPage\",\"@id\":\"https:\\\/\\\/audi-klaus.at\\\/shop\\\/produkt\\\/vw-caddy-corrado-golf-jetta-passat-polo-scirocco-vento-sitzschienenfuehrung-191881213\\\/\",\"url\":\"https:\\\/\\\/audi-klaus.at\\\/shop\\\/produkt\\\/vw-caddy-corrado-golf-jetta-passat-polo-scirocco-vento-sitzschienenfuehrung-191881213\\\/\",\"name\":\"VW Caddy\\\/Corrado\\\/Golf\\\/Jetta\\\/Passat\\\/Polo\\\/Scirocco\\\/Vento Sitzschienenf\u00fchrung 191881213 - Audi-Klaus\",\"isPartOf\":{\"@id\":\"https:\\\/\\\/audi-klaus.at\\\/shop\\\/#website\"},\"primaryImageOfPage\":{\"@id\":\"https:\\\/\\\/audi-klaus.at\\\/shop\\\/produkt\\\/vw-caddy-corrado-golf-jetta-passat-polo-scirocco-vento-sitzschienenfuehrung-191881213\\\/#primaryimage\"},\"image\":{\"@id\":\"https:\\\/\\\/audi-klaus.at\\\/shop\\\/produkt\\\/vw-caddy-corrado-golf-jetta-passat-polo-scirocco-vento-sitzschienenfuehrung-191881213\\\/#primaryimage\"},\"thumbnailUrl\":\"https:\\\/\\\/audi-klaus.at\\\/shop\\\/wp-content\\\/uploads\\\/2022\\\/02\\\/c220-1-1.jpg\",\"datePublished\":\"2022-02-03T13:00:19+00:00\",\"dateModified\":\"2026-01-07T20:05:19+00:00\",\"description\":\"Audi-Klaus VW Caddy\\\/Corrado\\\/Golf\\\/Jetta\\\/Passat\\\/Polo\\\/Scirocco\\\/Vento Sitzschienenf\u00fchrung 191881213 VW Caddy\\\/Corrado\\\/Golf\\\/Jetta\\\/Passat\\\/Polo\\\/Scirocco\\\/Vento Sitzschienenf\u00fchrung 191881213\",\"breadcrumb\":{\"@id\":\"https:\\\/\\\/audi-klaus.at\\\/shop\\\/produkt\\\/vw-caddy-corrado-golf-jetta-passat-polo-scirocco-vento-sitzschienenfuehrung-191881213\\\/#breadcrumb\"},\"inLanguage\":\"de-AT\",\"potentialAction\":[{\"@type\":\"ReadAction\",\"target\":[\"https:\\\/\\\/audi-klaus.at\\\/shop\\\/produkt\\\/vw-caddy-corrado-golf-jetta-passat-polo-scirocco-vento-sitzschienenfuehrung-191881213\\\/\"]}]},{\"@type\":\"ImageObject\",\"inLanguage\":\"de-AT\",\"@id\":\"https:\\\/\\\/audi-klaus.at\\\/shop\\\/produkt\\\/vw-caddy-corrado-golf-jetta-passat-polo-scirocco-vento-sitzschienenfuehrung-191881213\\\/#primaryimage\",\"url\":\"https:\\\/\\\/audi-klaus.at\\\/shop\\\/wp-content\\\/uploads\\\/2022\\\/02\\\/c220-1-1.jpg\",\"contentUrl\":\"https:\\\/\\\/audi-klaus.at\\\/shop\\\/wp-content\\\/uploads\\\/2022\\\/02\\\/c220-1-1.jpg\",\"width\":430,\"height\":430},{\"@type\":\"BreadcrumbList\",\"@id\":\"https:\\\/\\\/audi-klaus.at\\\/shop\\\/produkt\\\/vw-caddy-corrado-golf-jetta-passat-polo-scirocco-vento-sitzschienenfuehrung-191881213\\\/#breadcrumb\",\"itemListElement\":[{\"@type\":\"ListItem\",\"position\":1,\"name\":\"Startseite\",\"item\":\"https:\\\/\\\/audi-klaus.at\\\/shop\\\/\"},{\"@type\":\"ListItem\",\"position\":2,\"name\":\"Shop\",\"item\":\"https:\\\/\\\/audi-klaus.at\\\/shop\\\/\"},{\"@type\":\"ListItem\",\"position\":3,\"name\":\"VW Caddy\\\/Corrado\\\/Golf\\\/Jetta\\\/Passat\\\/Polo\\\/Scirocco\\\/Vento Sitzschienenf\u00fchrung 191881213\"}]},{\"@type\":\"WebSite\",\"@id\":\"https:\\\/\\\/audi-klaus.at\\\/shop\\\/#website\",\"url\":\"https:\\\/\\\/audi-klaus.at\\\/shop\\\/\",\"name\":\"Audi-Klaus\",\"description\":\"Ihr Gebrauchtteile Spezialist f\u00fcr die Marken Audi, VW (VAG)\",\"publisher\":{\"@id\":\"https:\\\/\\\/audi-klaus.at\\\/shop\\\/#organization\"},\"potentialAction\":[{\"@type\":\"SearchAction\",\"target\":{\"@type\":\"EntryPoint\",\"urlTemplate\":\"https:\\\/\\\/audi-klaus.at\\\/shop\\\/?s={search_term_string}\"},\"query-input\":{\"@type\":\"PropertyValueSpecification\",\"valueRequired\":true,\"valueName\":\"search_term_string\"}}],\"inLanguage\":\"de-AT\"},{\"@type\":\"Organization\",\"@id\":\"https:\\\/\\\/audi-klaus.at\\\/shop\\\/#organization\",\"name\":\"Audi-Klaus\",\"url\":\"https:\\\/\\\/audi-klaus.at\\\/shop\\\/\",\"logo\":{\"@type\":\"ImageObject\",\"inLanguage\":\"de-AT\",\"@id\":\"https:\\\/\\\/audi-klaus.at\\\/shop\\\/#\\\/schema\\\/logo\\\/image\\\/\",\"url\":\"https:\\\/\\\/audi-klaus.at\\\/shop\\\/wp-content\\\/uploads\\\/2024\\\/10\\\/Logo-Shop.webp\",\"contentUrl\":\"https:\\\/\\\/audi-klaus.at\\\/shop\\\/wp-content\\\/uploads\\\/2024\\\/10\\\/Logo-Shop.webp\",\"width\":470,\"height\":164,\"caption\":\"Audi-Klaus\"},\"image\":{\"@id\":\"https:\\\/\\\/audi-klaus.at\\\/shop\\\/#\\\/schema\\\/logo\\\/image\\\/\"},\"sameAs\":[\"https:\\\/\\\/www.facebook.com\\\/audi.klaus.1312\\\/\",\"https:\\\/\\\/www.instagram.com\\\/audi_klaus\\\/?igshid=1eca3qu2mdayg\"]}]}<\/script>\n<!-- \/ Yoast SEO plugin. -->","yoast_head_json":{"title":"VW Caddy\/Corrado\/Golf\/Jetta\/Passat\/Polo\/Scirocco\/Vento Sitzschienenf\u00fchrung 191881213 - Audi-Klaus","description":"Audi-Klaus VW Caddy\/Corrado\/Golf\/Jetta\/Passat\/Polo\/Scirocco\/Vento Sitzschienenf\u00fchrung 191881213 VW Caddy\/Corrado\/Golf\/Jetta\/Passat\/Polo\/Scirocco\/Vento Sitzschienenf\u00fchrung 191881213","robots":{"index":"index","follow":"follow","max-snippet":"max-snippet:-1","max-image-preview":"max-image-preview:large","max-video-preview":"max-video-preview:-1"},"canonical":"https:\/\/audi-klaus.at\/shop\/produkt\/vw-caddy-corrado-golf-jetta-passat-polo-scirocco-vento-sitzschienenfuehrung-191881213\/","og_locale":"de_DE","og_type":"article","og_title":"VW Caddy\/Corrado\/Golf\/Jetta\/Passat\/Polo\/Scirocco\/Vento Sitzschienenf\u00fchrung 191881213 - Audi-Klaus","og_description":"Audi-Klaus VW Caddy\/Corrado\/Golf\/Jetta\/Passat\/Polo\/Scirocco\/Vento Sitzschienenf\u00fchrung 191881213 VW Caddy\/Corrado\/Golf\/Jetta\/Passat\/Polo\/Scirocco\/Vento Sitzschienenf\u00fchrung 191881213","og_url":"https:\/\/audi-klaus.at\/shop\/produkt\/vw-caddy-corrado-golf-jetta-passat-polo-scirocco-vento-sitzschienenfuehrung-191881213\/","og_site_name":"Audi-Klaus","article_publisher":"https:\/\/www.facebook.com\/audi.klaus.1312\/","article_modified_time":"2026-01-07T20:05:19+00:00","og_image":[{"width":430,"height":430,"url":"https:\/\/audi-klaus.at\/shop\/wp-content\/uploads\/2022\/02\/c220-1-1.jpg","type":"image\/jpeg"}],"twitter_card":"summary_large_image","twitter_misc":{"Gesch\u00e4tzte Lesezeit":"1 Minute"},"schema":{"@context":"https:\/\/schema.org","@graph":[{"@type":"WebPage","@id":"https:\/\/audi-klaus.at\/shop\/produkt\/vw-caddy-corrado-golf-jetta-passat-polo-scirocco-vento-sitzschienenfuehrung-191881213\/","url":"https:\/\/audi-klaus.at\/shop\/produkt\/vw-caddy-corrado-golf-jetta-passat-polo-scirocco-vento-sitzschienenfuehrung-191881213\/","name":"VW Caddy\/Corrado\/Golf\/Jetta\/Passat\/Polo\/Scirocco\/Vento Sitzschienenf\u00fchrung 191881213 - Audi-Klaus","isPartOf":{"@id":"https:\/\/audi-klaus.at\/shop\/#website"},"primaryImageOfPage":{"@id":"https:\/\/audi-klaus.at\/shop\/produkt\/vw-caddy-corrado-golf-jetta-passat-polo-scirocco-vento-sitzschienenfuehrung-191881213\/#primaryimage"},"image":{"@id":"https:\/\/audi-klaus.at\/shop\/produkt\/vw-caddy-corrado-golf-jetta-passat-polo-scirocco-vento-sitzschienenfuehrung-191881213\/#primaryimage"},"thumbnailUrl":"https:\/\/audi-klaus.at\/shop\/wp-content\/uploads\/2022\/02\/c220-1-1.jpg","datePublished":"2022-02-03T13:00:19+00:00","dateModified":"2026-01-07T20:05:19+00:00","description":"Audi-Klaus VW Caddy\/Corrado\/Golf\/Jetta\/Passat\/Polo\/Scirocco\/Vento Sitzschienenf\u00fchrung 191881213 VW Caddy\/Corrado\/Golf\/Jetta\/Passat\/Polo\/Scirocco\/Vento Sitzschienenf\u00fchrung 191881213","breadcrumb":{"@id":"https:\/\/audi-klaus.at\/shop\/produkt\/vw-caddy-corrado-golf-jetta-passat-polo-scirocco-vento-sitzschienenfuehrung-191881213\/#breadcrumb"},"inLanguage":"de-AT","potentialAction":[{"@type":"ReadAction","target":["https:\/\/audi-klaus.at\/shop\/produkt\/vw-caddy-corrado-golf-jetta-passat-polo-scirocco-vento-sitzschienenfuehrung-191881213\/"]}]},{"@type":"ImageObject","inLanguage":"de-AT","@id":"https:\/\/audi-klaus.at\/shop\/produkt\/vw-caddy-corrado-golf-jetta-passat-polo-scirocco-vento-sitzschienenfuehrung-191881213\/#primaryimage","url":"https:\/\/audi-klaus.at\/shop\/wp-content\/uploads\/2022\/02\/c220-1-1.jpg","contentUrl":"https:\/\/audi-klaus.at\/shop\/wp-content\/uploads\/2022\/02\/c220-1-1.jpg","width":430,"height":430},{"@type":"BreadcrumbList","@id":"https:\/\/audi-klaus.at\/shop\/produkt\/vw-caddy-corrado-golf-jetta-passat-polo-scirocco-vento-sitzschienenfuehrung-191881213\/#breadcrumb","itemListElement":[{"@type":"ListItem","position":1,"name":"Startseite","item":"https:\/\/audi-klaus.at\/shop\/"},{"@type":"ListItem","position":2,"name":"Shop","item":"https:\/\/audi-klaus.at\/shop\/"},{"@type":"ListItem","position":3,"name":"VW Caddy\/Corrado\/Golf\/Jetta\/Passat\/Polo\/Scirocco\/Vento Sitzschienenf\u00fchrung 191881213"}]},{"@type":"WebSite","@id":"https:\/\/audi-klaus.at\/shop\/#website","url":"https:\/\/audi-klaus.at\/shop\/","name":"Audi-Klaus","description":"Ihr Gebrauchtteile Spezialist f\u00fcr die Marken Audi, VW (VAG)","publisher":{"@id":"https:\/\/audi-klaus.at\/shop\/#organization"},"potentialAction":[{"@type":"SearchAction","target":{"@type":"EntryPoint","urlTemplate":"https:\/\/audi-klaus.at\/shop\/?s={search_term_string}"},"query-input":{"@type":"PropertyValueSpecification","valueRequired":true,"valueName":"search_term_string"}}],"inLanguage":"de-AT"},{"@type":"Organization","@id":"https:\/\/audi-klaus.at\/shop\/#organization","name":"Audi-Klaus","url":"https:\/\/audi-klaus.at\/shop\/","logo":{"@type":"ImageObject","inLanguage":"de-AT","@id":"https:\/\/audi-klaus.at\/shop\/#\/schema\/logo\/image\/","url":"https:\/\/audi-klaus.at\/shop\/wp-content\/uploads\/2024\/10\/Logo-Shop.webp","contentUrl":"https:\/\/audi-klaus.at\/shop\/wp-content\/uploads\/2024\/10\/Logo-Shop.webp","width":470,"height":164,"caption":"Audi-Klaus"},"image":{"@id":"https:\/\/audi-klaus.at\/shop\/#\/schema\/logo\/image\/"},"sameAs":["https:\/\/www.facebook.com\/audi.klaus.1312\/","https:\/\/www.instagram.com\/audi_klaus\/?igshid=1eca3qu2mdayg"]}]}},"_links":{"self":[{"href":"https:\/\/audi-klaus.at\/shop\/wp-json\/wp\/v2\/product\/21587","targetHints":{"allow":["GET"]}}],"collection":[{"href":"https:\/\/audi-klaus.at\/shop\/wp-json\/wp\/v2\/product"}],"about":[{"href":"https:\/\/audi-klaus.at\/shop\/wp-json\/wp\/v2\/types\/product"}],"wp:featuredmedia":[{"embeddable":true,"href":"https:\/\/audi-klaus.at\/shop\/wp-json\/wp\/v2\/media\/21474"}],"wp:attachment":[{"href":"https:\/\/audi-klaus.at\/shop\/wp-json\/wp\/v2\/media?parent=21587"}],"wp:term":[{"taxonomy":"product_brand","embeddable":true,"href":"https:\/\/audi-klaus.at\/shop\/wp-json\/wp\/v2\/product_brand?post=21587"},{"taxonomy":"product_cat","embeddable":true,"href":"https:\/\/audi-klaus.at\/shop\/wp-json\/wp\/v2\/product_cat?post=21587"},{"taxonomy":"product_tag","embeddable":true,"href":"https:\/\/audi-klaus.at\/shop\/wp-json\/wp\/v2\/product_tag?post=21587"}],"curies":[{"name":"wp","href":"https:\/\/api.w.org\/{rel}","templated":true}]}}