{"id":21337,"date":"2022-02-02T15:37:09","date_gmt":"2022-02-02T14:37:09","guid":{"rendered":"http:\/\/audi-klaus.at.server171-han.server-routing.com\/shop\/?post_type=product&#038;p=21337"},"modified":"2026-01-07T21:05:07","modified_gmt":"2026-01-07T20:05:07","slug":"audi-a2-a3-8l-a4-b5-a6-4b-4f-vw-golf-4-bora-lupo-polo-6n-9n-sharan-passat-35i-3b-flachkontaktgehaeuse-neu-8d0972623aa","status":"publish","type":"product","link":"https:\/\/audi-klaus.at\/shop\/produkt\/audi-a2-a3-8l-a4-b5-a6-4b-4f-vw-golf-4-bora-lupo-polo-6n-9n-sharan-passat-35i-3b-flachkontaktgehaeuse-neu-8d0972623aa\/","title":{"rendered":"Audi A2\/A3\/8L\/A4\/B5\/A6\/4B\/4F\/VW Golf\/4\/Bora\/Lupo\/Polo\/6N\/9N\/Sharan\/Passat 35i\/3B Flachkontaktgeh\u00e4use Neu 8D0972623AA"},"content":{"rendered":"<p><strong><span style=\"color: #000000\"><span style=\"font-family: Source Sans Pro, sans-serif\"><span style=\"font-size: medium\"><b>VAG Teilenummer<\/b><\/span><\/span><\/span><\/strong><span style=\"color: #000000\"><span style=\"font-family: Source Sans Pro, sans-serif\"><span style=\"font-size: medium\"><b>:<\/b><\/span><\/span><\/span> 8D0 972 623 AA<span style=\"font-family: Source Sans Pro, sans-serif\"><span style=\"font-size: medium\"><br \/>\n<\/span><\/span><strong><span style=\"color: #000000\"><span style=\"font-family: Source Sans Pro, sans-serif\"><span style=\"font-size: medium\"><b>Zustand:<\/b><\/span><\/span><\/span><\/strong><span style=\"color: #000000\"><span style=\"font-family: Source Sans Pro, sans-serif\"><span style=\"font-size: medium\"> Neu<\/span><\/span><\/span><span style=\"font-family: Source Sans Pro, sans-serif\"><span style=\"font-size: medium\"><br \/>\n<\/span><\/span><strong><span style=\"color: #000000\"><span style=\"font-family: Source Sans Pro, sans-serif\"><span style=\"font-size: medium\"><b>Lieferumfang:<\/b><\/span><\/span><\/span><\/strong> <span style=\"color: #000000\"><span style=\"font-family: Source Sans Pro, sans-serif\"><span style=\"font-size: medium\">wie in den Original-Abbildungen angegeben<\/span><\/span><\/span><span style=\"font-family: Source Sans Pro, sans-serif\"><span style=\"font-size: medium\"><br \/>\n<\/span><\/span><span style=\"color: #000000\"><span style=\"font-family: Source Sans Pro, sans-serif\"><span style=\"font-size: medium\">Hinweis: Bitte \u00fcberpr\u00fcfen Sie vor dem Kauf anhand der eindeutigen Teilenummern, ob der Artikel zum Fahrzeug passt, um R\u00fccksendungen zu vermeiden! Trotz Angabe der entsprechenden Fahrzeugdaten ist eine eindeutige Zuordnung nur \u00fcber die Teilenummer m\u00f6glich! Die abgelesene Teilenummer ist die Teilenummer des Teils, welches geliefert wird. Die Originalteilnummer ist diejenige, die bei Neubestellung f\u00fcr dieses Teil gilt und der m\u00f6glicherweise abweichenden, gelieferten Teilenummer entspricht. Sollten weitere Fragen offen sein, kontaktieren Sie uns bitte unter <\/span><\/span><\/span><a href=\"mailto:office@audi-klaus.at\"><span style=\"font-family: Source Sans Pro, sans-serif\"><span style=\"font-size: medium\">office@audi-klaus.at<\/span><\/span><\/a><\/p>\n","protected":false},"excerpt":{"rendered":"<h5><strong><span style=\"font-size: 18pt\">Marke: Audi\/VW<\/span><\/strong><\/h5>\n<h5><strong><span style=\"font-size: 18pt\">Modell:A2\/A3\/A4\/A6\/Golf\/Bora\/Passat\/Lupo\/Polo\/<\/span><\/strong><\/h5>\n<h5><strong><span style=\"font-size: 18pt\">Sharan<\/span><\/strong><\/h5>\n<h5><strong><span style=\"font-size: 18pt\">Typ: 8L\/B5\/4B\/4F\/4\/35i\/3B\/6N\/9N1<\/span><\/strong><\/h5>\n","protected":false},"featured_media":21338,"template":"","meta":[],"product_brand":[],"product_cat":[1164,1264,1165,7179,1169,32,1172,368,1176,369,1189,370,1196,372,1210,453,1218,497,1220,587,1233],"product_tag":[7430],"class_list":{"0":"post-21337","1":"product","2":"type-product","3":"status-publish","4":"has-post-thumbnail","6":"product_cat-vw","7":"product_cat-3l-1998-2005","8":"product_cat-golf","9":"product_cat-kleinmaterial","10":"product_cat-bora","11":"product_cat-audi","12":"product_cat-polo","13":"product_cat-a2","14":"product_cat-passat","15":"product_cat-a3","16":"product_cat-lupo","17":"product_cat-a4","18":"product_cat-4-1j-1997-2007","19":"product_cat-a6","20":"product_cat-1j2-1998-2013","21":"product_cat-8l-1996-2003","22":"product_cat-3-6n-1994-1999","23":"product_cat-b5-1994-2001","24":"product_cat-4-9n-2001-2005","25":"product_cat-c5-4b-1997-2005","26":"product_cat-b5-3b-1996-2005","27":"product_tag-8d0972623aa","29":"first","30":"outofstock","31":"taxable","32":"shipping-taxable","33":"purchasable","34":"product-type-simple"},"yoast_head":"<!-- This site is optimized with the Yoast SEO plugin v27.3 - https:\/\/yoast.com\/product\/yoast-seo-wordpress\/ -->\n<title>Audi A2\/A3\/8L\/A4\/B5\/A6\/4B\/4F\/VW Golf\/4\/Bora\/Lupo\/Polo\/6N\/9N\/Sharan\/Passat 35i\/3B Flachkontaktgeh\u00e4use Neu 8D0972623AA - Audi-Klaus<\/title>\n<meta name=\"robots\" content=\"index, follow, max-snippet:-1, max-image-preview:large, max-video-preview:-1\" \/>\n<link rel=\"canonical\" href=\"https:\/\/audi-klaus.at\/shop\/produkt\/audi-a2-a3-8l-a4-b5-a6-4b-4f-vw-golf-4-bora-lupo-polo-6n-9n-sharan-passat-35i-3b-flachkontaktgehaeuse-neu-8d0972623aa\/\" \/>\n<meta property=\"og:locale\" content=\"de_DE\" \/>\n<meta property=\"og:type\" content=\"article\" \/>\n<meta property=\"og:title\" content=\"Audi A2\/A3\/8L\/A4\/B5\/A6\/4B\/4F\/VW Golf\/4\/Bora\/Lupo\/Polo\/6N\/9N\/Sharan\/Passat 35i\/3B Flachkontaktgeh\u00e4use Neu 8D0972623AA - Audi-Klaus\" \/>\n<meta property=\"og:description\" content=\"Marke: Audi\/VW Modell:A2\/A3\/A4\/A6\/Golf\/Bora\/Passat\/Lupo\/Polo\/ Sharan Typ: 8L\/B5\/4B\/4F\/4\/35i\/3B\/6N\/9N1\" \/>\n<meta property=\"og:url\" content=\"https:\/\/audi-klaus.at\/shop\/produkt\/audi-a2-a3-8l-a4-b5-a6-4b-4f-vw-golf-4-bora-lupo-polo-6n-9n-sharan-passat-35i-3b-flachkontaktgehaeuse-neu-8d0972623aa\/\" \/>\n<meta property=\"og:site_name\" content=\"Audi-Klaus\" \/>\n<meta property=\"article:publisher\" content=\"https:\/\/www.facebook.com\/audi.klaus.1312\/\" \/>\n<meta property=\"article:modified_time\" content=\"2026-01-07T20:05:07+00:00\" \/>\n<meta property=\"og:image\" content=\"https:\/\/audi-klaus.at\/shop\/wp-content\/uploads\/2022\/02\/c156-1.jpg\" \/>\n\t<meta property=\"og:image:width\" content=\"430\" \/>\n\t<meta property=\"og:image:height\" content=\"430\" \/>\n\t<meta property=\"og:image:type\" content=\"image\/jpeg\" \/>\n<meta name=\"twitter:card\" content=\"summary_large_image\" \/>\n<script type=\"application\/ld+json\" class=\"yoast-schema-graph\">{\"@context\":\"https:\\\/\\\/schema.org\",\"@graph\":[{\"@type\":\"WebPage\",\"@id\":\"https:\\\/\\\/audi-klaus.at\\\/shop\\\/produkt\\\/audi-a2-a3-8l-a4-b5-a6-4b-4f-vw-golf-4-bora-lupo-polo-6n-9n-sharan-passat-35i-3b-flachkontaktgehaeuse-neu-8d0972623aa\\\/\",\"url\":\"https:\\\/\\\/audi-klaus.at\\\/shop\\\/produkt\\\/audi-a2-a3-8l-a4-b5-a6-4b-4f-vw-golf-4-bora-lupo-polo-6n-9n-sharan-passat-35i-3b-flachkontaktgehaeuse-neu-8d0972623aa\\\/\",\"name\":\"Audi A2\\\/A3\\\/8L\\\/A4\\\/B5\\\/A6\\\/4B\\\/4F\\\/VW Golf\\\/4\\\/Bora\\\/Lupo\\\/Polo\\\/6N\\\/9N\\\/Sharan\\\/Passat 35i\\\/3B Flachkontaktgeh\u00e4use Neu 8D0972623AA - Audi-Klaus\",\"isPartOf\":{\"@id\":\"https:\\\/\\\/audi-klaus.at\\\/shop\\\/#website\"},\"primaryImageOfPage\":{\"@id\":\"https:\\\/\\\/audi-klaus.at\\\/shop\\\/produkt\\\/audi-a2-a3-8l-a4-b5-a6-4b-4f-vw-golf-4-bora-lupo-polo-6n-9n-sharan-passat-35i-3b-flachkontaktgehaeuse-neu-8d0972623aa\\\/#primaryimage\"},\"image\":{\"@id\":\"https:\\\/\\\/audi-klaus.at\\\/shop\\\/produkt\\\/audi-a2-a3-8l-a4-b5-a6-4b-4f-vw-golf-4-bora-lupo-polo-6n-9n-sharan-passat-35i-3b-flachkontaktgehaeuse-neu-8d0972623aa\\\/#primaryimage\"},\"thumbnailUrl\":\"https:\\\/\\\/audi-klaus.at\\\/shop\\\/wp-content\\\/uploads\\\/2022\\\/02\\\/c156-1.jpg\",\"datePublished\":\"2022-02-02T14:37:09+00:00\",\"dateModified\":\"2026-01-07T20:05:07+00:00\",\"breadcrumb\":{\"@id\":\"https:\\\/\\\/audi-klaus.at\\\/shop\\\/produkt\\\/audi-a2-a3-8l-a4-b5-a6-4b-4f-vw-golf-4-bora-lupo-polo-6n-9n-sharan-passat-35i-3b-flachkontaktgehaeuse-neu-8d0972623aa\\\/#breadcrumb\"},\"inLanguage\":\"de-AT\",\"potentialAction\":[{\"@type\":\"ReadAction\",\"target\":[\"https:\\\/\\\/audi-klaus.at\\\/shop\\\/produkt\\\/audi-a2-a3-8l-a4-b5-a6-4b-4f-vw-golf-4-bora-lupo-polo-6n-9n-sharan-passat-35i-3b-flachkontaktgehaeuse-neu-8d0972623aa\\\/\"]}]},{\"@type\":\"ImageObject\",\"inLanguage\":\"de-AT\",\"@id\":\"https:\\\/\\\/audi-klaus.at\\\/shop\\\/produkt\\\/audi-a2-a3-8l-a4-b5-a6-4b-4f-vw-golf-4-bora-lupo-polo-6n-9n-sharan-passat-35i-3b-flachkontaktgehaeuse-neu-8d0972623aa\\\/#primaryimage\",\"url\":\"https:\\\/\\\/audi-klaus.at\\\/shop\\\/wp-content\\\/uploads\\\/2022\\\/02\\\/c156-1.jpg\",\"contentUrl\":\"https:\\\/\\\/audi-klaus.at\\\/shop\\\/wp-content\\\/uploads\\\/2022\\\/02\\\/c156-1.jpg\",\"width\":430,\"height\":430},{\"@type\":\"BreadcrumbList\",\"@id\":\"https:\\\/\\\/audi-klaus.at\\\/shop\\\/produkt\\\/audi-a2-a3-8l-a4-b5-a6-4b-4f-vw-golf-4-bora-lupo-polo-6n-9n-sharan-passat-35i-3b-flachkontaktgehaeuse-neu-8d0972623aa\\\/#breadcrumb\",\"itemListElement\":[{\"@type\":\"ListItem\",\"position\":1,\"name\":\"Startseite\",\"item\":\"https:\\\/\\\/audi-klaus.at\\\/shop\\\/\"},{\"@type\":\"ListItem\",\"position\":2,\"name\":\"Shop\",\"item\":\"https:\\\/\\\/audi-klaus.at\\\/shop\\\/\"},{\"@type\":\"ListItem\",\"position\":3,\"name\":\"Audi A2\\\/A3\\\/8L\\\/A4\\\/B5\\\/A6\\\/4B\\\/4F\\\/VW Golf\\\/4\\\/Bora\\\/Lupo\\\/Polo\\\/6N\\\/9N\\\/Sharan\\\/Passat 35i\\\/3B Flachkontaktgeh\u00e4use Neu 8D0972623AA\"}]},{\"@type\":\"WebSite\",\"@id\":\"https:\\\/\\\/audi-klaus.at\\\/shop\\\/#website\",\"url\":\"https:\\\/\\\/audi-klaus.at\\\/shop\\\/\",\"name\":\"Audi-Klaus\",\"description\":\"Ihr Gebrauchtteile Spezialist f\u00fcr die Marken Audi, VW (VAG)\",\"publisher\":{\"@id\":\"https:\\\/\\\/audi-klaus.at\\\/shop\\\/#organization\"},\"potentialAction\":[{\"@type\":\"SearchAction\",\"target\":{\"@type\":\"EntryPoint\",\"urlTemplate\":\"https:\\\/\\\/audi-klaus.at\\\/shop\\\/?s={search_term_string}\"},\"query-input\":{\"@type\":\"PropertyValueSpecification\",\"valueRequired\":true,\"valueName\":\"search_term_string\"}}],\"inLanguage\":\"de-AT\"},{\"@type\":\"Organization\",\"@id\":\"https:\\\/\\\/audi-klaus.at\\\/shop\\\/#organization\",\"name\":\"Audi-Klaus\",\"url\":\"https:\\\/\\\/audi-klaus.at\\\/shop\\\/\",\"logo\":{\"@type\":\"ImageObject\",\"inLanguage\":\"de-AT\",\"@id\":\"https:\\\/\\\/audi-klaus.at\\\/shop\\\/#\\\/schema\\\/logo\\\/image\\\/\",\"url\":\"https:\\\/\\\/audi-klaus.at\\\/shop\\\/wp-content\\\/uploads\\\/2024\\\/10\\\/Logo-Shop.webp\",\"contentUrl\":\"https:\\\/\\\/audi-klaus.at\\\/shop\\\/wp-content\\\/uploads\\\/2024\\\/10\\\/Logo-Shop.webp\",\"width\":470,\"height\":164,\"caption\":\"Audi-Klaus\"},\"image\":{\"@id\":\"https:\\\/\\\/audi-klaus.at\\\/shop\\\/#\\\/schema\\\/logo\\\/image\\\/\"},\"sameAs\":[\"https:\\\/\\\/www.facebook.com\\\/audi.klaus.1312\\\/\",\"https:\\\/\\\/www.instagram.com\\\/audi_klaus\\\/?igshid=1eca3qu2mdayg\"]}]}<\/script>\n<!-- \/ Yoast SEO plugin. -->","yoast_head_json":{"title":"Audi A2\/A3\/8L\/A4\/B5\/A6\/4B\/4F\/VW Golf\/4\/Bora\/Lupo\/Polo\/6N\/9N\/Sharan\/Passat 35i\/3B Flachkontaktgeh\u00e4use Neu 8D0972623AA - Audi-Klaus","robots":{"index":"index","follow":"follow","max-snippet":"max-snippet:-1","max-image-preview":"max-image-preview:large","max-video-preview":"max-video-preview:-1"},"canonical":"https:\/\/audi-klaus.at\/shop\/produkt\/audi-a2-a3-8l-a4-b5-a6-4b-4f-vw-golf-4-bora-lupo-polo-6n-9n-sharan-passat-35i-3b-flachkontaktgehaeuse-neu-8d0972623aa\/","og_locale":"de_DE","og_type":"article","og_title":"Audi A2\/A3\/8L\/A4\/B5\/A6\/4B\/4F\/VW Golf\/4\/Bora\/Lupo\/Polo\/6N\/9N\/Sharan\/Passat 35i\/3B Flachkontaktgeh\u00e4use Neu 8D0972623AA - Audi-Klaus","og_description":"Marke: Audi\/VW Modell:A2\/A3\/A4\/A6\/Golf\/Bora\/Passat\/Lupo\/Polo\/ Sharan Typ: 8L\/B5\/4B\/4F\/4\/35i\/3B\/6N\/9N1","og_url":"https:\/\/audi-klaus.at\/shop\/produkt\/audi-a2-a3-8l-a4-b5-a6-4b-4f-vw-golf-4-bora-lupo-polo-6n-9n-sharan-passat-35i-3b-flachkontaktgehaeuse-neu-8d0972623aa\/","og_site_name":"Audi-Klaus","article_publisher":"https:\/\/www.facebook.com\/audi.klaus.1312\/","article_modified_time":"2026-01-07T20:05:07+00:00","og_image":[{"width":430,"height":430,"url":"https:\/\/audi-klaus.at\/shop\/wp-content\/uploads\/2022\/02\/c156-1.jpg","type":"image\/jpeg"}],"twitter_card":"summary_large_image","schema":{"@context":"https:\/\/schema.org","@graph":[{"@type":"WebPage","@id":"https:\/\/audi-klaus.at\/shop\/produkt\/audi-a2-a3-8l-a4-b5-a6-4b-4f-vw-golf-4-bora-lupo-polo-6n-9n-sharan-passat-35i-3b-flachkontaktgehaeuse-neu-8d0972623aa\/","url":"https:\/\/audi-klaus.at\/shop\/produkt\/audi-a2-a3-8l-a4-b5-a6-4b-4f-vw-golf-4-bora-lupo-polo-6n-9n-sharan-passat-35i-3b-flachkontaktgehaeuse-neu-8d0972623aa\/","name":"Audi A2\/A3\/8L\/A4\/B5\/A6\/4B\/4F\/VW Golf\/4\/Bora\/Lupo\/Polo\/6N\/9N\/Sharan\/Passat 35i\/3B Flachkontaktgeh\u00e4use Neu 8D0972623AA - Audi-Klaus","isPartOf":{"@id":"https:\/\/audi-klaus.at\/shop\/#website"},"primaryImageOfPage":{"@id":"https:\/\/audi-klaus.at\/shop\/produkt\/audi-a2-a3-8l-a4-b5-a6-4b-4f-vw-golf-4-bora-lupo-polo-6n-9n-sharan-passat-35i-3b-flachkontaktgehaeuse-neu-8d0972623aa\/#primaryimage"},"image":{"@id":"https:\/\/audi-klaus.at\/shop\/produkt\/audi-a2-a3-8l-a4-b5-a6-4b-4f-vw-golf-4-bora-lupo-polo-6n-9n-sharan-passat-35i-3b-flachkontaktgehaeuse-neu-8d0972623aa\/#primaryimage"},"thumbnailUrl":"https:\/\/audi-klaus.at\/shop\/wp-content\/uploads\/2022\/02\/c156-1.jpg","datePublished":"2022-02-02T14:37:09+00:00","dateModified":"2026-01-07T20:05:07+00:00","breadcrumb":{"@id":"https:\/\/audi-klaus.at\/shop\/produkt\/audi-a2-a3-8l-a4-b5-a6-4b-4f-vw-golf-4-bora-lupo-polo-6n-9n-sharan-passat-35i-3b-flachkontaktgehaeuse-neu-8d0972623aa\/#breadcrumb"},"inLanguage":"de-AT","potentialAction":[{"@type":"ReadAction","target":["https:\/\/audi-klaus.at\/shop\/produkt\/audi-a2-a3-8l-a4-b5-a6-4b-4f-vw-golf-4-bora-lupo-polo-6n-9n-sharan-passat-35i-3b-flachkontaktgehaeuse-neu-8d0972623aa\/"]}]},{"@type":"ImageObject","inLanguage":"de-AT","@id":"https:\/\/audi-klaus.at\/shop\/produkt\/audi-a2-a3-8l-a4-b5-a6-4b-4f-vw-golf-4-bora-lupo-polo-6n-9n-sharan-passat-35i-3b-flachkontaktgehaeuse-neu-8d0972623aa\/#primaryimage","url":"https:\/\/audi-klaus.at\/shop\/wp-content\/uploads\/2022\/02\/c156-1.jpg","contentUrl":"https:\/\/audi-klaus.at\/shop\/wp-content\/uploads\/2022\/02\/c156-1.jpg","width":430,"height":430},{"@type":"BreadcrumbList","@id":"https:\/\/audi-klaus.at\/shop\/produkt\/audi-a2-a3-8l-a4-b5-a6-4b-4f-vw-golf-4-bora-lupo-polo-6n-9n-sharan-passat-35i-3b-flachkontaktgehaeuse-neu-8d0972623aa\/#breadcrumb","itemListElement":[{"@type":"ListItem","position":1,"name":"Startseite","item":"https:\/\/audi-klaus.at\/shop\/"},{"@type":"ListItem","position":2,"name":"Shop","item":"https:\/\/audi-klaus.at\/shop\/"},{"@type":"ListItem","position":3,"name":"Audi A2\/A3\/8L\/A4\/B5\/A6\/4B\/4F\/VW Golf\/4\/Bora\/Lupo\/Polo\/6N\/9N\/Sharan\/Passat 35i\/3B Flachkontaktgeh\u00e4use Neu 8D0972623AA"}]},{"@type":"WebSite","@id":"https:\/\/audi-klaus.at\/shop\/#website","url":"https:\/\/audi-klaus.at\/shop\/","name":"Audi-Klaus","description":"Ihr Gebrauchtteile Spezialist f\u00fcr die Marken Audi, VW (VAG)","publisher":{"@id":"https:\/\/audi-klaus.at\/shop\/#organization"},"potentialAction":[{"@type":"SearchAction","target":{"@type":"EntryPoint","urlTemplate":"https:\/\/audi-klaus.at\/shop\/?s={search_term_string}"},"query-input":{"@type":"PropertyValueSpecification","valueRequired":true,"valueName":"search_term_string"}}],"inLanguage":"de-AT"},{"@type":"Organization","@id":"https:\/\/audi-klaus.at\/shop\/#organization","name":"Audi-Klaus","url":"https:\/\/audi-klaus.at\/shop\/","logo":{"@type":"ImageObject","inLanguage":"de-AT","@id":"https:\/\/audi-klaus.at\/shop\/#\/schema\/logo\/image\/","url":"https:\/\/audi-klaus.at\/shop\/wp-content\/uploads\/2024\/10\/Logo-Shop.webp","contentUrl":"https:\/\/audi-klaus.at\/shop\/wp-content\/uploads\/2024\/10\/Logo-Shop.webp","width":470,"height":164,"caption":"Audi-Klaus"},"image":{"@id":"https:\/\/audi-klaus.at\/shop\/#\/schema\/logo\/image\/"},"sameAs":["https:\/\/www.facebook.com\/audi.klaus.1312\/","https:\/\/www.instagram.com\/audi_klaus\/?igshid=1eca3qu2mdayg"]}]}},"_links":{"self":[{"href":"https:\/\/audi-klaus.at\/shop\/wp-json\/wp\/v2\/product\/21337","targetHints":{"allow":["GET"]}}],"collection":[{"href":"https:\/\/audi-klaus.at\/shop\/wp-json\/wp\/v2\/product"}],"about":[{"href":"https:\/\/audi-klaus.at\/shop\/wp-json\/wp\/v2\/types\/product"}],"wp:featuredmedia":[{"embeddable":true,"href":"https:\/\/audi-klaus.at\/shop\/wp-json\/wp\/v2\/media\/21338"}],"wp:attachment":[{"href":"https:\/\/audi-klaus.at\/shop\/wp-json\/wp\/v2\/media?parent=21337"}],"wp:term":[{"taxonomy":"product_brand","embeddable":true,"href":"https:\/\/audi-klaus.at\/shop\/wp-json\/wp\/v2\/product_brand?post=21337"},{"taxonomy":"product_cat","embeddable":true,"href":"https:\/\/audi-klaus.at\/shop\/wp-json\/wp\/v2\/product_cat?post=21337"},{"taxonomy":"product_tag","embeddable":true,"href":"https:\/\/audi-klaus.at\/shop\/wp-json\/wp\/v2\/product_tag?post=21337"}],"curies":[{"name":"wp","href":"https:\/\/api.w.org\/{rel}","templated":true}]}}