{"id":19749,"date":"2022-01-27T14:07:37","date_gmt":"2022-01-27T13:07:37","guid":{"rendered":"http:\/\/audi-klaus.at.server171-han.server-routing.com\/shop\/?post_type=product&#038;p=19749"},"modified":"2026-01-07T21:04:15","modified_gmt":"2026-01-07T20:04:15","slug":"audi-a3-a4-a6-vw-bora-golf-caddy-eos-golf-jetta-passat-sharan-touran-zahnriemensatz-mit-wasserpumpe-neu-gates-kp55569xs-4","status":"publish","type":"product","link":"https:\/\/audi-klaus.at\/shop\/produkt\/audi-a3-a4-a6-vw-bora-golf-caddy-eos-golf-jetta-passat-sharan-touran-zahnriemensatz-mit-wasserpumpe-neu-gates-kp55569xs-4\/","title":{"rendered":"Audi A3\/A4\/A6\/Vw\/Bora\/Golf\/Caddy\/EOS\/Golf\/Jetta\/Passat\/Sharan\/Touran Zahnriemensatz mit Wasserpumpe NEU Gates KP55569XS-4"},"content":{"rendered":"<p><strong><span style=\"color: #000000\"><span style=\"font-family: Source Sans Pro, sans-serif\"><span style=\"font-size: medium\"><b>VAG Teilenummer<\/b><\/span><\/span><\/span><\/strong><span style=\"color: #000000\"><span style=\"font-family: Source Sans Pro, sans-serif\"><span style=\"font-size: medium\"><b>:<\/b><\/span><\/span><\/span> Gates KP5 556 9XS-4<span style=\"font-family: Source Sans Pro, sans-serif\"><span style=\"font-size: medium\"><br \/>\n<\/span><\/span><strong><span style=\"color: #000000\"><span style=\"font-family: Source Sans Pro, sans-serif\"><span style=\"font-size: medium\"><b>Zustand:<\/b><\/span><\/span><\/span><\/strong><span style=\"color: #000000\"><span style=\"font-family: Source Sans Pro, sans-serif\"><span style=\"font-size: medium\"> Neu<\/span><\/span><\/span><span style=\"font-family: Source Sans Pro, sans-serif\"><span style=\"font-size: medium\"><br \/>\n<\/span><\/span><strong><span style=\"color: #000000\"><span style=\"font-family: Source Sans Pro, sans-serif\"><span style=\"font-size: medium\"><b>Lieferumfang:<\/b><\/span><\/span><\/span><\/strong> <span style=\"color: #000000\"><span style=\"font-family: Source Sans Pro, sans-serif\"><span style=\"font-size: medium\">wie in den Original-Abbildungen angegeben<\/span><\/span><\/span><span style=\"font-family: Source Sans Pro, sans-serif\"><span style=\"font-size: medium\"><br \/>\n<\/span><\/span><span style=\"color: #000000\"><span style=\"font-family: Source Sans Pro, sans-serif\"><span style=\"font-size: medium\">Hinweis: Bitte \u00fcberpr\u00fcfen Sie vor dem Kauf anhand der eindeutigen Teilenummern, ob der Artikel zum Fahrzeug passt, um R\u00fccksendungen zu vermeiden! Trotz Angabe der entsprechenden Fahrzeugdaten ist eine eindeutige Zuordnung nur \u00fcber die Teilenummer m\u00f6glich! Die abgelesene Teilenummer ist die Teilenummer des Teils, welches geliefert wird. Die Originalteilnummer ist diejenige, die bei Neubestellung f\u00fcr dieses Teil gilt und der m\u00f6glicherweise abweichenden, gelieferten Teilenummer entspricht. Sollten weitere Fragen offen sein, kontaktieren Sie uns bitte unter <\/span><\/span><\/span><a href=\"mailto:office@audi-klaus.at\"><span style=\"font-family: Source Sans Pro, sans-serif\"><span style=\"font-size: medium\">office@audi-klaus.at<\/span><\/span><\/a><\/p>\n","protected":false},"excerpt":{"rendered":"<h5><strong><span style=\"font-size: 18pt\">Marke: Audi\/Vw<\/span><\/strong><\/h5>\n<h5><strong><span style=\"font-size: 18pt\">Modell: A3\/A4\/A6\/Bora\/Golf\/Caddy\/EOS\/Golf\/Jetta\/Passat\/Sharan\/Touran<\/span><\/strong><\/h5>\n<h5><strong><span style=\"font-size: 18pt\">Typ: 8L\/B6\/B7\/C5\/4\/3\/5\/B5\/B6\/1\/1<\/span><\/strong><\/h5>\n<h5><strong><span style=\"font-size: 18pt\">Motor: 1,9 TDI<\/span><\/strong><\/h5>\n","protected":false},"featured_media":19347,"template":"","meta":[],"product_brand":[],"product_cat":[1167,1233,453,1681,1169,1234,458,1732,1176,1239,498,1752,1178,1240,499,1782,1179,1243,514,1852,1180,1250,524,1184,1299,587,1196,32,1309,601,1197,369,1401,1164,1206,370,1441,1165,1210,372,1671],"product_tag":[7025],"class_list":{"0":"post-19749","1":"product","2":"type-product","3":"status-publish","4":"has-post-thumbnail","6":"product_cat-jetta","7":"product_cat-b5-3b-1996-2005","8":"product_cat-8l-1996-2003","9":"product_cat-motor-getriebe-b6-3c-2005-2010","10":"product_cat-bora","11":"product_cat-b6-3c-2005-2010","12":"product_cat-motor-getriebe-8l-1996-2003","13":"product_cat-motor-getriebe-1-7m-1995-2010","14":"product_cat-passat","15":"product_cat-1-7m-1995-2010","16":"product_cat-b6-2000-2004","17":"product_cat-motor-getriebe-1f-2006-2015","18":"product_cat-sharan","19":"product_cat-1f-2006-2015","20":"product_cat-b7-2004-2008","21":"product_cat-motor-getriebe-3-2k-2003-2010","22":"product_cat-eos","23":"product_cat-3-2k-2003-2015","24":"product_cat-motor-getriebe-b6-2000-2004","25":"product_cat-motor-getriebe-1-1t-2003-2015","26":"product_cat-caddy","27":"product_cat-1-1t-2003-2015","28":"product_cat-motor-getriebe-b7-2004-2008","29":"product_cat-touran","30":"product_cat-motor-getriebe-4-1j-1997-2007","31":"product_cat-c5-4b-1997-2005","32":"product_cat-4-1j-1997-2007","33":"product_cat-audi","34":"product_cat-motor-getriebe-5-1k-2003-2010","35":"product_cat-motor-getriebe-c5-1997-2005","36":"product_cat-5-1k-2003-2010","37":"product_cat-a3","38":"product_cat-motor-getriebe-5-1k2-2005-2010","39":"product_cat-vw","40":"product_cat-5-1k2-2005-2010","41":"product_cat-a4","42":"product_cat-motor-getriebe-1j2-1998-2013","43":"product_cat-golf","44":"product_cat-1j2-1998-2013","45":"product_cat-a6","46":"product_cat-motor-getriebe-b5-3b-1996-2005","47":"product_tag-gates-kp55569xs-4","49":"first","50":"instock","51":"taxable","52":"shipping-taxable","53":"purchasable","54":"product-type-simple"},"yoast_head":"<!-- This site is optimized with the Yoast SEO plugin v27.6 - https:\/\/yoast.com\/product\/yoast-seo-wordpress\/ -->\n<title>Audi A3\/A4\/A6\/Vw\/Bora\/Golf\/Caddy\/EOS\/Golf\/Jetta\/Passat\/Sharan\/Touran Zahnriemensatz mit Wasserpumpe NEU Gates KP55569XS-4 - Audi-Klaus<\/title>\n<meta name=\"robots\" content=\"index, follow, max-snippet:-1, max-image-preview:large, max-video-preview:-1\" \/>\n<link rel=\"canonical\" href=\"https:\/\/audi-klaus.at\/shop\/produkt\/audi-a3-a4-a6-vw-bora-golf-caddy-eos-golf-jetta-passat-sharan-touran-zahnriemensatz-mit-wasserpumpe-neu-gates-kp55569xs-4\/\" \/>\n<meta property=\"og:locale\" content=\"de_DE\" \/>\n<meta property=\"og:type\" content=\"article\" \/>\n<meta property=\"og:title\" content=\"Audi A3\/A4\/A6\/Vw\/Bora\/Golf\/Caddy\/EOS\/Golf\/Jetta\/Passat\/Sharan\/Touran Zahnriemensatz mit Wasserpumpe NEU Gates KP55569XS-4 - Audi-Klaus\" \/>\n<meta property=\"og:description\" content=\"Marke: Audi\/Vw Modell: A3\/A4\/A6\/Bora\/Golf\/Caddy\/EOS\/Golf\/Jetta\/Passat\/Sharan\/Touran Typ: 8L\/B6\/B7\/C5\/4\/3\/5\/B5\/B6\/1\/1 Motor: 1,9 TDI\" \/>\n<meta property=\"og:url\" content=\"https:\/\/audi-klaus.at\/shop\/produkt\/audi-a3-a4-a6-vw-bora-golf-caddy-eos-golf-jetta-passat-sharan-touran-zahnriemensatz-mit-wasserpumpe-neu-gates-kp55569xs-4\/\" \/>\n<meta property=\"og:site_name\" content=\"Audi-Klaus\" \/>\n<meta property=\"article:publisher\" content=\"https:\/\/www.facebook.com\/audi.klaus.1312\/\" \/>\n<meta property=\"article:modified_time\" content=\"2026-01-07T20:04:15+00:00\" \/>\n<meta property=\"og:image\" content=\"https:\/\/audi-klaus.at\/shop\/wp-content\/uploads\/2022\/01\/M1044.jpg\" \/>\n\t<meta property=\"og:image:width\" content=\"430\" \/>\n\t<meta property=\"og:image:height\" content=\"430\" \/>\n\t<meta property=\"og:image:type\" content=\"image\/jpeg\" \/>\n<meta name=\"twitter:card\" content=\"summary_large_image\" \/>\n<script type=\"application\/ld+json\" class=\"yoast-schema-graph\">{\"@context\":\"https:\\\/\\\/schema.org\",\"@graph\":[{\"@type\":\"WebPage\",\"@id\":\"https:\\\/\\\/audi-klaus.at\\\/shop\\\/produkt\\\/audi-a3-a4-a6-vw-bora-golf-caddy-eos-golf-jetta-passat-sharan-touran-zahnriemensatz-mit-wasserpumpe-neu-gates-kp55569xs-4\\\/\",\"url\":\"https:\\\/\\\/audi-klaus.at\\\/shop\\\/produkt\\\/audi-a3-a4-a6-vw-bora-golf-caddy-eos-golf-jetta-passat-sharan-touran-zahnriemensatz-mit-wasserpumpe-neu-gates-kp55569xs-4\\\/\",\"name\":\"Audi A3\\\/A4\\\/A6\\\/Vw\\\/Bora\\\/Golf\\\/Caddy\\\/EOS\\\/Golf\\\/Jetta\\\/Passat\\\/Sharan\\\/Touran Zahnriemensatz mit Wasserpumpe NEU Gates KP55569XS-4 - Audi-Klaus\",\"isPartOf\":{\"@id\":\"https:\\\/\\\/audi-klaus.at\\\/shop\\\/#website\"},\"primaryImageOfPage\":{\"@id\":\"https:\\\/\\\/audi-klaus.at\\\/shop\\\/produkt\\\/audi-a3-a4-a6-vw-bora-golf-caddy-eos-golf-jetta-passat-sharan-touran-zahnriemensatz-mit-wasserpumpe-neu-gates-kp55569xs-4\\\/#primaryimage\"},\"image\":{\"@id\":\"https:\\\/\\\/audi-klaus.at\\\/shop\\\/produkt\\\/audi-a3-a4-a6-vw-bora-golf-caddy-eos-golf-jetta-passat-sharan-touran-zahnriemensatz-mit-wasserpumpe-neu-gates-kp55569xs-4\\\/#primaryimage\"},\"thumbnailUrl\":\"https:\\\/\\\/audi-klaus.at\\\/shop\\\/wp-content\\\/uploads\\\/2022\\\/01\\\/M1044.jpg\",\"datePublished\":\"2022-01-27T13:07:37+00:00\",\"dateModified\":\"2026-01-07T20:04:15+00:00\",\"breadcrumb\":{\"@id\":\"https:\\\/\\\/audi-klaus.at\\\/shop\\\/produkt\\\/audi-a3-a4-a6-vw-bora-golf-caddy-eos-golf-jetta-passat-sharan-touran-zahnriemensatz-mit-wasserpumpe-neu-gates-kp55569xs-4\\\/#breadcrumb\"},\"inLanguage\":\"de-AT\",\"potentialAction\":[{\"@type\":\"ReadAction\",\"target\":[\"https:\\\/\\\/audi-klaus.at\\\/shop\\\/produkt\\\/audi-a3-a4-a6-vw-bora-golf-caddy-eos-golf-jetta-passat-sharan-touran-zahnriemensatz-mit-wasserpumpe-neu-gates-kp55569xs-4\\\/\"]}]},{\"@type\":\"ImageObject\",\"inLanguage\":\"de-AT\",\"@id\":\"https:\\\/\\\/audi-klaus.at\\\/shop\\\/produkt\\\/audi-a3-a4-a6-vw-bora-golf-caddy-eos-golf-jetta-passat-sharan-touran-zahnriemensatz-mit-wasserpumpe-neu-gates-kp55569xs-4\\\/#primaryimage\",\"url\":\"https:\\\/\\\/audi-klaus.at\\\/shop\\\/wp-content\\\/uploads\\\/2022\\\/01\\\/M1044.jpg\",\"contentUrl\":\"https:\\\/\\\/audi-klaus.at\\\/shop\\\/wp-content\\\/uploads\\\/2022\\\/01\\\/M1044.jpg\",\"width\":430,\"height\":430},{\"@type\":\"BreadcrumbList\",\"@id\":\"https:\\\/\\\/audi-klaus.at\\\/shop\\\/produkt\\\/audi-a3-a4-a6-vw-bora-golf-caddy-eos-golf-jetta-passat-sharan-touran-zahnriemensatz-mit-wasserpumpe-neu-gates-kp55569xs-4\\\/#breadcrumb\",\"itemListElement\":[{\"@type\":\"ListItem\",\"position\":1,\"name\":\"Startseite\",\"item\":\"https:\\\/\\\/audi-klaus.at\\\/shop\\\/\"},{\"@type\":\"ListItem\",\"position\":2,\"name\":\"Shop\",\"item\":\"https:\\\/\\\/audi-klaus.at\\\/shop\\\/\"},{\"@type\":\"ListItem\",\"position\":3,\"name\":\"Audi A3\\\/A4\\\/A6\\\/Vw\\\/Bora\\\/Golf\\\/Caddy\\\/EOS\\\/Golf\\\/Jetta\\\/Passat\\\/Sharan\\\/Touran Zahnriemensatz mit Wasserpumpe NEU Gates KP55569XS-4\"}]},{\"@type\":\"WebSite\",\"@id\":\"https:\\\/\\\/audi-klaus.at\\\/shop\\\/#website\",\"url\":\"https:\\\/\\\/audi-klaus.at\\\/shop\\\/\",\"name\":\"Audi-Klaus\",\"description\":\"Ihr Gebrauchtteile Spezialist f\u00fcr die Marken Audi, VW (VAG)\",\"publisher\":{\"@id\":\"https:\\\/\\\/audi-klaus.at\\\/shop\\\/#organization\"},\"potentialAction\":[{\"@type\":\"SearchAction\",\"target\":{\"@type\":\"EntryPoint\",\"urlTemplate\":\"https:\\\/\\\/audi-klaus.at\\\/shop\\\/?s={search_term_string}\"},\"query-input\":{\"@type\":\"PropertyValueSpecification\",\"valueRequired\":true,\"valueName\":\"search_term_string\"}}],\"inLanguage\":\"de-AT\"},{\"@type\":\"Organization\",\"@id\":\"https:\\\/\\\/audi-klaus.at\\\/shop\\\/#organization\",\"name\":\"Audi-Klaus\",\"url\":\"https:\\\/\\\/audi-klaus.at\\\/shop\\\/\",\"logo\":{\"@type\":\"ImageObject\",\"inLanguage\":\"de-AT\",\"@id\":\"https:\\\/\\\/audi-klaus.at\\\/shop\\\/#\\\/schema\\\/logo\\\/image\\\/\",\"url\":\"https:\\\/\\\/audi-klaus.at\\\/shop\\\/wp-content\\\/uploads\\\/2024\\\/10\\\/Logo-Shop.webp\",\"contentUrl\":\"https:\\\/\\\/audi-klaus.at\\\/shop\\\/wp-content\\\/uploads\\\/2024\\\/10\\\/Logo-Shop.webp\",\"width\":470,\"height\":164,\"caption\":\"Audi-Klaus\"},\"image\":{\"@id\":\"https:\\\/\\\/audi-klaus.at\\\/shop\\\/#\\\/schema\\\/logo\\\/image\\\/\"},\"sameAs\":[\"https:\\\/\\\/www.facebook.com\\\/audi.klaus.1312\\\/\",\"https:\\\/\\\/www.instagram.com\\\/audi_klaus\\\/?igshid=1eca3qu2mdayg\"]}]}<\/script>\n<!-- \/ Yoast SEO plugin. -->","yoast_head_json":{"title":"Audi A3\/A4\/A6\/Vw\/Bora\/Golf\/Caddy\/EOS\/Golf\/Jetta\/Passat\/Sharan\/Touran Zahnriemensatz mit Wasserpumpe NEU Gates KP55569XS-4 - Audi-Klaus","robots":{"index":"index","follow":"follow","max-snippet":"max-snippet:-1","max-image-preview":"max-image-preview:large","max-video-preview":"max-video-preview:-1"},"canonical":"https:\/\/audi-klaus.at\/shop\/produkt\/audi-a3-a4-a6-vw-bora-golf-caddy-eos-golf-jetta-passat-sharan-touran-zahnriemensatz-mit-wasserpumpe-neu-gates-kp55569xs-4\/","og_locale":"de_DE","og_type":"article","og_title":"Audi A3\/A4\/A6\/Vw\/Bora\/Golf\/Caddy\/EOS\/Golf\/Jetta\/Passat\/Sharan\/Touran Zahnriemensatz mit Wasserpumpe NEU Gates KP55569XS-4 - Audi-Klaus","og_description":"Marke: Audi\/Vw Modell: A3\/A4\/A6\/Bora\/Golf\/Caddy\/EOS\/Golf\/Jetta\/Passat\/Sharan\/Touran Typ: 8L\/B6\/B7\/C5\/4\/3\/5\/B5\/B6\/1\/1 Motor: 1,9 TDI","og_url":"https:\/\/audi-klaus.at\/shop\/produkt\/audi-a3-a4-a6-vw-bora-golf-caddy-eos-golf-jetta-passat-sharan-touran-zahnriemensatz-mit-wasserpumpe-neu-gates-kp55569xs-4\/","og_site_name":"Audi-Klaus","article_publisher":"https:\/\/www.facebook.com\/audi.klaus.1312\/","article_modified_time":"2026-01-07T20:04:15+00:00","og_image":[{"width":430,"height":430,"url":"https:\/\/audi-klaus.at\/shop\/wp-content\/uploads\/2022\/01\/M1044.jpg","type":"image\/jpeg"}],"twitter_card":"summary_large_image","schema":{"@context":"https:\/\/schema.org","@graph":[{"@type":"WebPage","@id":"https:\/\/audi-klaus.at\/shop\/produkt\/audi-a3-a4-a6-vw-bora-golf-caddy-eos-golf-jetta-passat-sharan-touran-zahnriemensatz-mit-wasserpumpe-neu-gates-kp55569xs-4\/","url":"https:\/\/audi-klaus.at\/shop\/produkt\/audi-a3-a4-a6-vw-bora-golf-caddy-eos-golf-jetta-passat-sharan-touran-zahnriemensatz-mit-wasserpumpe-neu-gates-kp55569xs-4\/","name":"Audi A3\/A4\/A6\/Vw\/Bora\/Golf\/Caddy\/EOS\/Golf\/Jetta\/Passat\/Sharan\/Touran Zahnriemensatz mit Wasserpumpe NEU Gates KP55569XS-4 - Audi-Klaus","isPartOf":{"@id":"https:\/\/audi-klaus.at\/shop\/#website"},"primaryImageOfPage":{"@id":"https:\/\/audi-klaus.at\/shop\/produkt\/audi-a3-a4-a6-vw-bora-golf-caddy-eos-golf-jetta-passat-sharan-touran-zahnriemensatz-mit-wasserpumpe-neu-gates-kp55569xs-4\/#primaryimage"},"image":{"@id":"https:\/\/audi-klaus.at\/shop\/produkt\/audi-a3-a4-a6-vw-bora-golf-caddy-eos-golf-jetta-passat-sharan-touran-zahnriemensatz-mit-wasserpumpe-neu-gates-kp55569xs-4\/#primaryimage"},"thumbnailUrl":"https:\/\/audi-klaus.at\/shop\/wp-content\/uploads\/2022\/01\/M1044.jpg","datePublished":"2022-01-27T13:07:37+00:00","dateModified":"2026-01-07T20:04:15+00:00","breadcrumb":{"@id":"https:\/\/audi-klaus.at\/shop\/produkt\/audi-a3-a4-a6-vw-bora-golf-caddy-eos-golf-jetta-passat-sharan-touran-zahnriemensatz-mit-wasserpumpe-neu-gates-kp55569xs-4\/#breadcrumb"},"inLanguage":"de-AT","potentialAction":[{"@type":"ReadAction","target":["https:\/\/audi-klaus.at\/shop\/produkt\/audi-a3-a4-a6-vw-bora-golf-caddy-eos-golf-jetta-passat-sharan-touran-zahnriemensatz-mit-wasserpumpe-neu-gates-kp55569xs-4\/"]}]},{"@type":"ImageObject","inLanguage":"de-AT","@id":"https:\/\/audi-klaus.at\/shop\/produkt\/audi-a3-a4-a6-vw-bora-golf-caddy-eos-golf-jetta-passat-sharan-touran-zahnriemensatz-mit-wasserpumpe-neu-gates-kp55569xs-4\/#primaryimage","url":"https:\/\/audi-klaus.at\/shop\/wp-content\/uploads\/2022\/01\/M1044.jpg","contentUrl":"https:\/\/audi-klaus.at\/shop\/wp-content\/uploads\/2022\/01\/M1044.jpg","width":430,"height":430},{"@type":"BreadcrumbList","@id":"https:\/\/audi-klaus.at\/shop\/produkt\/audi-a3-a4-a6-vw-bora-golf-caddy-eos-golf-jetta-passat-sharan-touran-zahnriemensatz-mit-wasserpumpe-neu-gates-kp55569xs-4\/#breadcrumb","itemListElement":[{"@type":"ListItem","position":1,"name":"Startseite","item":"https:\/\/audi-klaus.at\/shop\/"},{"@type":"ListItem","position":2,"name":"Shop","item":"https:\/\/audi-klaus.at\/shop\/"},{"@type":"ListItem","position":3,"name":"Audi A3\/A4\/A6\/Vw\/Bora\/Golf\/Caddy\/EOS\/Golf\/Jetta\/Passat\/Sharan\/Touran Zahnriemensatz mit Wasserpumpe NEU Gates KP55569XS-4"}]},{"@type":"WebSite","@id":"https:\/\/audi-klaus.at\/shop\/#website","url":"https:\/\/audi-klaus.at\/shop\/","name":"Audi-Klaus","description":"Ihr Gebrauchtteile Spezialist f\u00fcr die Marken Audi, VW (VAG)","publisher":{"@id":"https:\/\/audi-klaus.at\/shop\/#organization"},"potentialAction":[{"@type":"SearchAction","target":{"@type":"EntryPoint","urlTemplate":"https:\/\/audi-klaus.at\/shop\/?s={search_term_string}"},"query-input":{"@type":"PropertyValueSpecification","valueRequired":true,"valueName":"search_term_string"}}],"inLanguage":"de-AT"},{"@type":"Organization","@id":"https:\/\/audi-klaus.at\/shop\/#organization","name":"Audi-Klaus","url":"https:\/\/audi-klaus.at\/shop\/","logo":{"@type":"ImageObject","inLanguage":"de-AT","@id":"https:\/\/audi-klaus.at\/shop\/#\/schema\/logo\/image\/","url":"https:\/\/audi-klaus.at\/shop\/wp-content\/uploads\/2024\/10\/Logo-Shop.webp","contentUrl":"https:\/\/audi-klaus.at\/shop\/wp-content\/uploads\/2024\/10\/Logo-Shop.webp","width":470,"height":164,"caption":"Audi-Klaus"},"image":{"@id":"https:\/\/audi-klaus.at\/shop\/#\/schema\/logo\/image\/"},"sameAs":["https:\/\/www.facebook.com\/audi.klaus.1312\/","https:\/\/www.instagram.com\/audi_klaus\/?igshid=1eca3qu2mdayg"]}]}},"_links":{"self":[{"href":"https:\/\/audi-klaus.at\/shop\/wp-json\/wp\/v2\/product\/19749","targetHints":{"allow":["GET"]}}],"collection":[{"href":"https:\/\/audi-klaus.at\/shop\/wp-json\/wp\/v2\/product"}],"about":[{"href":"https:\/\/audi-klaus.at\/shop\/wp-json\/wp\/v2\/types\/product"}],"wp:featuredmedia":[{"embeddable":true,"href":"https:\/\/audi-klaus.at\/shop\/wp-json\/wp\/v2\/media\/19347"}],"wp:attachment":[{"href":"https:\/\/audi-klaus.at\/shop\/wp-json\/wp\/v2\/media?parent=19749"}],"wp:term":[{"taxonomy":"product_brand","embeddable":true,"href":"https:\/\/audi-klaus.at\/shop\/wp-json\/wp\/v2\/product_brand?post=19749"},{"taxonomy":"product_cat","embeddable":true,"href":"https:\/\/audi-klaus.at\/shop\/wp-json\/wp\/v2\/product_cat?post=19749"},{"taxonomy":"product_tag","embeddable":true,"href":"https:\/\/audi-klaus.at\/shop\/wp-json\/wp\/v2\/product_tag?post=19749"}],"curies":[{"name":"wp","href":"https:\/\/api.w.org\/{rel}","templated":true}]}}