{"id":18839,"date":"2022-01-26T10:00:16","date_gmt":"2022-01-26T09:00:16","guid":{"rendered":"http:\/\/audi-klaus.at.server171-han.server-routing.com\/shop\/?post_type=product&#038;p=18839"},"modified":"2026-01-07T21:03:27","modified_gmt":"2026-01-07T20:03:27","slug":"vw-golf-4-bora-kuehlwasserschlauch-1j0122157ak","status":"publish","type":"product","link":"https:\/\/audi-klaus.at\/shop\/produkt\/vw-golf-4-bora-kuehlwasserschlauch-1j0122157ak\/","title":{"rendered":"VW Golf 4\/Bora K\u00fchlwasserschlauch 1J0122157AK"},"content":{"rendered":"<p><strong><span style=\"color: #000000\"><span style=\"font-family: Source Sans Pro, sans-serif\"><span style=\"font-size: medium\"><b>VAG Teilenummer<\/b><\/span><\/span><\/span><\/strong><span style=\"color: #000000\"><span style=\"font-family: Source Sans Pro, sans-serif\"><span style=\"font-size: medium\"><b>:<\/b><\/span><\/span><\/span> 1J0 122 157 AK<span style=\"font-family: Source Sans Pro, sans-serif\"><span style=\"font-size: medium\"><br \/>\n<\/span><\/span><strong><span style=\"color: #000000\"><span style=\"font-family: Source Sans Pro, sans-serif\"><span style=\"font-size: medium\"><b>Zustand:<\/b><\/span><\/span><\/span><\/strong><span style=\"color: #000000\"><span style=\"font-family: Source Sans Pro, sans-serif\"><span style=\"font-size: medium\"> Gebraucht<\/span><\/span><\/span><span style=\"font-family: Source Sans Pro, sans-serif\"><span style=\"font-size: medium\"><br \/>\n<\/span><\/span><strong><span style=\"color: #000000\"><span style=\"font-family: Source Sans Pro, sans-serif\"><span style=\"font-size: medium\"><b>Lieferumfang:<\/b><\/span><\/span><\/span><\/strong> <span style=\"color: #000000\"><span style=\"font-family: Source Sans Pro, sans-serif\"><span style=\"font-size: medium\">wie in den Original-Abbildungen angegeben<\/span><\/span><\/span><span style=\"font-family: Source Sans Pro, sans-serif\"><span style=\"font-size: medium\"><br \/>\n<\/span><\/span><span style=\"color: #000000\"><span style=\"font-family: Source Sans Pro, sans-serif\"><span style=\"font-size: medium\">Hinweis: Bitte \u00fcberpr\u00fcfen Sie vor dem Kauf anhand der eindeutigen Teilenummern, ob der Artikel zum Fahrzeug passt, um R\u00fccksendungen zu vermeiden! Trotz Angabe der entsprechenden Fahrzeugdaten ist eine eindeutige Zuordnung nur \u00fcber die Teilenummer m\u00f6glich! Die abgelesene Teilenummer ist die Teilenummer des Teils, welches geliefert wird. Die Originalteilnummer ist diejenige, die bei Neubestellung f\u00fcr dieses Teil gilt und der m\u00f6glicherweise abweichenden, gelieferten Teilenummer entspricht. Sollten weitere Fragen offen sein, kontaktieren Sie uns bitte unter <\/span><\/span><\/span><a href=\"mailto:office@audi-klaus.at\"><span style=\"font-family: Source Sans Pro, sans-serif\"><span style=\"font-size: medium\">office@audi-klaus.at<\/span><\/span><\/a><\/p>\n","protected":false},"excerpt":{"rendered":"<h5><strong><span style=\"font-size: 18pt\">Marke: VW<\/span><\/strong><\/h5>\n<h5><strong><span style=\"font-size: 18pt\">Modell: Golf\/Bora<\/span><\/strong><\/h5>\n<h5><strong><span style=\"font-size: 18pt\">Typ: 4<\/span><\/strong><\/h5>\n","protected":false},"featured_media":12779,"template":"","meta":[],"product_brand":[],"product_cat":[1196,1210,1299,1441,1164,1165,1169],"product_tag":[6759],"class_list":{"0":"post-18839","1":"product","2":"type-product","3":"status-publish","4":"has-post-thumbnail","6":"product_cat-4-1j-1997-2007","7":"product_cat-1j2-1998-2013","8":"product_cat-motor-getriebe-4-1j-1997-2007","9":"product_cat-motor-getriebe-1j2-1998-2013","10":"product_cat-vw","11":"product_cat-golf","12":"product_cat-bora","13":"product_tag-1j0122157ak","15":"first","16":"outofstock","17":"taxable","18":"shipping-taxable","19":"purchasable","20":"product-type-simple"},"yoast_head":"<!-- This site is optimized with the Yoast SEO plugin v27.4 - https:\/\/yoast.com\/product\/yoast-seo-wordpress\/ -->\n<title>VW Golf 4\/Bora K\u00fchlwasserschlauch 1J0122157AK - Audi-Klaus<\/title>\n<meta name=\"robots\" content=\"index, follow, max-snippet:-1, max-image-preview:large, max-video-preview:-1\" \/>\n<link rel=\"canonical\" href=\"https:\/\/audi-klaus.at\/shop\/produkt\/vw-golf-4-bora-kuehlwasserschlauch-1j0122157ak\/\" \/>\n<meta property=\"og:locale\" content=\"de_DE\" \/>\n<meta property=\"og:type\" content=\"article\" \/>\n<meta property=\"og:title\" content=\"VW Golf 4\/Bora K\u00fchlwasserschlauch 1J0122157AK - Audi-Klaus\" \/>\n<meta property=\"og:description\" content=\"Marke: VW Modell: Golf\/Bora Typ: 4\" \/>\n<meta property=\"og:url\" content=\"https:\/\/audi-klaus.at\/shop\/produkt\/vw-golf-4-bora-kuehlwasserschlauch-1j0122157ak\/\" \/>\n<meta property=\"og:site_name\" content=\"Audi-Klaus\" \/>\n<meta property=\"article:publisher\" content=\"https:\/\/www.facebook.com\/audi.klaus.1312\/\" \/>\n<meta property=\"article:modified_time\" content=\"2026-01-07T20:03:27+00:00\" \/>\n<meta property=\"og:image\" content=\"https:\/\/audi-klaus.at\/shop\/wp-content\/uploads\/2022\/01\/m909.jpg\" \/>\n\t<meta property=\"og:image:width\" content=\"430\" \/>\n\t<meta property=\"og:image:height\" content=\"430\" \/>\n\t<meta property=\"og:image:type\" content=\"image\/jpeg\" \/>\n<meta name=\"twitter:card\" content=\"summary_large_image\" \/>\n<script type=\"application\/ld+json\" class=\"yoast-schema-graph\">{\"@context\":\"https:\\\/\\\/schema.org\",\"@graph\":[{\"@type\":\"WebPage\",\"@id\":\"https:\\\/\\\/audi-klaus.at\\\/shop\\\/produkt\\\/vw-golf-4-bora-kuehlwasserschlauch-1j0122157ak\\\/\",\"url\":\"https:\\\/\\\/audi-klaus.at\\\/shop\\\/produkt\\\/vw-golf-4-bora-kuehlwasserschlauch-1j0122157ak\\\/\",\"name\":\"VW Golf 4\\\/Bora K\u00fchlwasserschlauch 1J0122157AK - Audi-Klaus\",\"isPartOf\":{\"@id\":\"https:\\\/\\\/audi-klaus.at\\\/shop\\\/#website\"},\"primaryImageOfPage\":{\"@id\":\"https:\\\/\\\/audi-klaus.at\\\/shop\\\/produkt\\\/vw-golf-4-bora-kuehlwasserschlauch-1j0122157ak\\\/#primaryimage\"},\"image\":{\"@id\":\"https:\\\/\\\/audi-klaus.at\\\/shop\\\/produkt\\\/vw-golf-4-bora-kuehlwasserschlauch-1j0122157ak\\\/#primaryimage\"},\"thumbnailUrl\":\"https:\\\/\\\/audi-klaus.at\\\/shop\\\/wp-content\\\/uploads\\\/2022\\\/01\\\/m909.jpg\",\"datePublished\":\"2022-01-26T09:00:16+00:00\",\"dateModified\":\"2026-01-07T20:03:27+00:00\",\"breadcrumb\":{\"@id\":\"https:\\\/\\\/audi-klaus.at\\\/shop\\\/produkt\\\/vw-golf-4-bora-kuehlwasserschlauch-1j0122157ak\\\/#breadcrumb\"},\"inLanguage\":\"de-AT\",\"potentialAction\":[{\"@type\":\"ReadAction\",\"target\":[\"https:\\\/\\\/audi-klaus.at\\\/shop\\\/produkt\\\/vw-golf-4-bora-kuehlwasserschlauch-1j0122157ak\\\/\"]}]},{\"@type\":\"ImageObject\",\"inLanguage\":\"de-AT\",\"@id\":\"https:\\\/\\\/audi-klaus.at\\\/shop\\\/produkt\\\/vw-golf-4-bora-kuehlwasserschlauch-1j0122157ak\\\/#primaryimage\",\"url\":\"https:\\\/\\\/audi-klaus.at\\\/shop\\\/wp-content\\\/uploads\\\/2022\\\/01\\\/m909.jpg\",\"contentUrl\":\"https:\\\/\\\/audi-klaus.at\\\/shop\\\/wp-content\\\/uploads\\\/2022\\\/01\\\/m909.jpg\",\"width\":430,\"height\":430},{\"@type\":\"BreadcrumbList\",\"@id\":\"https:\\\/\\\/audi-klaus.at\\\/shop\\\/produkt\\\/vw-golf-4-bora-kuehlwasserschlauch-1j0122157ak\\\/#breadcrumb\",\"itemListElement\":[{\"@type\":\"ListItem\",\"position\":1,\"name\":\"Startseite\",\"item\":\"https:\\\/\\\/audi-klaus.at\\\/shop\\\/\"},{\"@type\":\"ListItem\",\"position\":2,\"name\":\"Shop\",\"item\":\"https:\\\/\\\/audi-klaus.at\\\/shop\\\/\"},{\"@type\":\"ListItem\",\"position\":3,\"name\":\"VW Golf 4\\\/Bora K\u00fchlwasserschlauch 1J0122157AK\"}]},{\"@type\":\"WebSite\",\"@id\":\"https:\\\/\\\/audi-klaus.at\\\/shop\\\/#website\",\"url\":\"https:\\\/\\\/audi-klaus.at\\\/shop\\\/\",\"name\":\"Audi-Klaus\",\"description\":\"Ihr Gebrauchtteile Spezialist f\u00fcr die Marken Audi, VW (VAG)\",\"publisher\":{\"@id\":\"https:\\\/\\\/audi-klaus.at\\\/shop\\\/#organization\"},\"potentialAction\":[{\"@type\":\"SearchAction\",\"target\":{\"@type\":\"EntryPoint\",\"urlTemplate\":\"https:\\\/\\\/audi-klaus.at\\\/shop\\\/?s={search_term_string}\"},\"query-input\":{\"@type\":\"PropertyValueSpecification\",\"valueRequired\":true,\"valueName\":\"search_term_string\"}}],\"inLanguage\":\"de-AT\"},{\"@type\":\"Organization\",\"@id\":\"https:\\\/\\\/audi-klaus.at\\\/shop\\\/#organization\",\"name\":\"Audi-Klaus\",\"url\":\"https:\\\/\\\/audi-klaus.at\\\/shop\\\/\",\"logo\":{\"@type\":\"ImageObject\",\"inLanguage\":\"de-AT\",\"@id\":\"https:\\\/\\\/audi-klaus.at\\\/shop\\\/#\\\/schema\\\/logo\\\/image\\\/\",\"url\":\"https:\\\/\\\/audi-klaus.at\\\/shop\\\/wp-content\\\/uploads\\\/2024\\\/10\\\/Logo-Shop.webp\",\"contentUrl\":\"https:\\\/\\\/audi-klaus.at\\\/shop\\\/wp-content\\\/uploads\\\/2024\\\/10\\\/Logo-Shop.webp\",\"width\":470,\"height\":164,\"caption\":\"Audi-Klaus\"},\"image\":{\"@id\":\"https:\\\/\\\/audi-klaus.at\\\/shop\\\/#\\\/schema\\\/logo\\\/image\\\/\"},\"sameAs\":[\"https:\\\/\\\/www.facebook.com\\\/audi.klaus.1312\\\/\",\"https:\\\/\\\/www.instagram.com\\\/audi_klaus\\\/?igshid=1eca3qu2mdayg\"]}]}<\/script>\n<!-- \/ Yoast SEO plugin. -->","yoast_head_json":{"title":"VW Golf 4\/Bora K\u00fchlwasserschlauch 1J0122157AK - Audi-Klaus","robots":{"index":"index","follow":"follow","max-snippet":"max-snippet:-1","max-image-preview":"max-image-preview:large","max-video-preview":"max-video-preview:-1"},"canonical":"https:\/\/audi-klaus.at\/shop\/produkt\/vw-golf-4-bora-kuehlwasserschlauch-1j0122157ak\/","og_locale":"de_DE","og_type":"article","og_title":"VW Golf 4\/Bora K\u00fchlwasserschlauch 1J0122157AK - Audi-Klaus","og_description":"Marke: VW Modell: Golf\/Bora Typ: 4","og_url":"https:\/\/audi-klaus.at\/shop\/produkt\/vw-golf-4-bora-kuehlwasserschlauch-1j0122157ak\/","og_site_name":"Audi-Klaus","article_publisher":"https:\/\/www.facebook.com\/audi.klaus.1312\/","article_modified_time":"2026-01-07T20:03:27+00:00","og_image":[{"width":430,"height":430,"url":"https:\/\/audi-klaus.at\/shop\/wp-content\/uploads\/2022\/01\/m909.jpg","type":"image\/jpeg"}],"twitter_card":"summary_large_image","schema":{"@context":"https:\/\/schema.org","@graph":[{"@type":"WebPage","@id":"https:\/\/audi-klaus.at\/shop\/produkt\/vw-golf-4-bora-kuehlwasserschlauch-1j0122157ak\/","url":"https:\/\/audi-klaus.at\/shop\/produkt\/vw-golf-4-bora-kuehlwasserschlauch-1j0122157ak\/","name":"VW Golf 4\/Bora K\u00fchlwasserschlauch 1J0122157AK - Audi-Klaus","isPartOf":{"@id":"https:\/\/audi-klaus.at\/shop\/#website"},"primaryImageOfPage":{"@id":"https:\/\/audi-klaus.at\/shop\/produkt\/vw-golf-4-bora-kuehlwasserschlauch-1j0122157ak\/#primaryimage"},"image":{"@id":"https:\/\/audi-klaus.at\/shop\/produkt\/vw-golf-4-bora-kuehlwasserschlauch-1j0122157ak\/#primaryimage"},"thumbnailUrl":"https:\/\/audi-klaus.at\/shop\/wp-content\/uploads\/2022\/01\/m909.jpg","datePublished":"2022-01-26T09:00:16+00:00","dateModified":"2026-01-07T20:03:27+00:00","breadcrumb":{"@id":"https:\/\/audi-klaus.at\/shop\/produkt\/vw-golf-4-bora-kuehlwasserschlauch-1j0122157ak\/#breadcrumb"},"inLanguage":"de-AT","potentialAction":[{"@type":"ReadAction","target":["https:\/\/audi-klaus.at\/shop\/produkt\/vw-golf-4-bora-kuehlwasserschlauch-1j0122157ak\/"]}]},{"@type":"ImageObject","inLanguage":"de-AT","@id":"https:\/\/audi-klaus.at\/shop\/produkt\/vw-golf-4-bora-kuehlwasserschlauch-1j0122157ak\/#primaryimage","url":"https:\/\/audi-klaus.at\/shop\/wp-content\/uploads\/2022\/01\/m909.jpg","contentUrl":"https:\/\/audi-klaus.at\/shop\/wp-content\/uploads\/2022\/01\/m909.jpg","width":430,"height":430},{"@type":"BreadcrumbList","@id":"https:\/\/audi-klaus.at\/shop\/produkt\/vw-golf-4-bora-kuehlwasserschlauch-1j0122157ak\/#breadcrumb","itemListElement":[{"@type":"ListItem","position":1,"name":"Startseite","item":"https:\/\/audi-klaus.at\/shop\/"},{"@type":"ListItem","position":2,"name":"Shop","item":"https:\/\/audi-klaus.at\/shop\/"},{"@type":"ListItem","position":3,"name":"VW Golf 4\/Bora K\u00fchlwasserschlauch 1J0122157AK"}]},{"@type":"WebSite","@id":"https:\/\/audi-klaus.at\/shop\/#website","url":"https:\/\/audi-klaus.at\/shop\/","name":"Audi-Klaus","description":"Ihr Gebrauchtteile Spezialist f\u00fcr die Marken Audi, VW (VAG)","publisher":{"@id":"https:\/\/audi-klaus.at\/shop\/#organization"},"potentialAction":[{"@type":"SearchAction","target":{"@type":"EntryPoint","urlTemplate":"https:\/\/audi-klaus.at\/shop\/?s={search_term_string}"},"query-input":{"@type":"PropertyValueSpecification","valueRequired":true,"valueName":"search_term_string"}}],"inLanguage":"de-AT"},{"@type":"Organization","@id":"https:\/\/audi-klaus.at\/shop\/#organization","name":"Audi-Klaus","url":"https:\/\/audi-klaus.at\/shop\/","logo":{"@type":"ImageObject","inLanguage":"de-AT","@id":"https:\/\/audi-klaus.at\/shop\/#\/schema\/logo\/image\/","url":"https:\/\/audi-klaus.at\/shop\/wp-content\/uploads\/2024\/10\/Logo-Shop.webp","contentUrl":"https:\/\/audi-klaus.at\/shop\/wp-content\/uploads\/2024\/10\/Logo-Shop.webp","width":470,"height":164,"caption":"Audi-Klaus"},"image":{"@id":"https:\/\/audi-klaus.at\/shop\/#\/schema\/logo\/image\/"},"sameAs":["https:\/\/www.facebook.com\/audi.klaus.1312\/","https:\/\/www.instagram.com\/audi_klaus\/?igshid=1eca3qu2mdayg"]}]}},"_links":{"self":[{"href":"https:\/\/audi-klaus.at\/shop\/wp-json\/wp\/v2\/product\/18839","targetHints":{"allow":["GET"]}}],"collection":[{"href":"https:\/\/audi-klaus.at\/shop\/wp-json\/wp\/v2\/product"}],"about":[{"href":"https:\/\/audi-klaus.at\/shop\/wp-json\/wp\/v2\/types\/product"}],"wp:featuredmedia":[{"embeddable":true,"href":"https:\/\/audi-klaus.at\/shop\/wp-json\/wp\/v2\/media\/12779"}],"wp:attachment":[{"href":"https:\/\/audi-klaus.at\/shop\/wp-json\/wp\/v2\/media?parent=18839"}],"wp:term":[{"taxonomy":"product_brand","embeddable":true,"href":"https:\/\/audi-klaus.at\/shop\/wp-json\/wp\/v2\/product_brand?post=18839"},{"taxonomy":"product_cat","embeddable":true,"href":"https:\/\/audi-klaus.at\/shop\/wp-json\/wp\/v2\/product_cat?post=18839"},{"taxonomy":"product_tag","embeddable":true,"href":"https:\/\/audi-klaus.at\/shop\/wp-json\/wp\/v2\/product_tag?post=18839"}],"curies":[{"name":"wp","href":"https:\/\/api.w.org\/{rel}","templated":true}]}}