{"id":18636,"date":"2022-01-25T15:19:36","date_gmt":"2022-01-25T14:19:36","guid":{"rendered":"http:\/\/audi-klaus.at.server171-han.server-routing.com\/shop\/?post_type=product&#038;p=18636"},"modified":"2026-01-07T21:03:16","modified_gmt":"2026-01-07T20:03:16","slug":"vw-passat-32b-golf-jetta-scirocco-1-fensterkurbel-gruen-neu-111837579b","status":"publish","type":"product","link":"https:\/\/audi-klaus.at\/shop\/produkt\/vw-passat-32b-golf-jetta-scirocco-1-fensterkurbel-gruen-neu-111837579b\/","title":{"rendered":"VW Passat\/32B\/Golf\/Jetta\/Scirocco\/1 Fensterkurbel Gr\u00fcn NEU 111837579B"},"content":{"rendered":"<p class=\"western\" style=\"line-height: 100%; margin-bottom: 0cm;\"><b>VAG Teilenummer:\u202f 111 837 579 B<\/b><\/p>\n<p class=\"western\" style=\"line-height: 100%; margin-bottom: 0cm;\"><span style=\"color: #000000;\"><b>Zustand:\u202f<\/b><\/span><span style=\"color: #000000;\">\u00a0NEU<\/span><\/p>\n<p class=\"western\" style=\"line-height: 100%; margin-bottom: 0cm;\"><span style=\"color: #000000;\"><b>Lieferumfang:\u202f<\/b><\/span><span style=\"color: #000000;\">wie in den Original-Abbildungen angegeben<\/span><\/p>\n<p class=\"western\" style=\"line-height: 100%; margin-bottom: 0cm;\"><span style=\"color: #000000;\"><b>Hinweis:\u202f<\/b><\/span><span style=\"color: #000000;\">Bitte \u00fcberpr\u00fcfen Sie vor dem Kauf anhand der eindeutigen Teilenummern, ob der Artikel zum Fahrzeug passt, um R\u00fccksendungen zu vermeiden! Trotz Angabe der entsprechenden Fahrzeugdaten ist eine eindeutige Zuordnung nur \u00fcber die Teilenummer m\u00f6glich! Die abgelesene Teilenummer ist die Teilenummer des Teils, welches geliefert wird. Die Originalteilnummer ist diejenige, die bei Neubestellung f\u00fcr dieses Teil gilt und der m\u00f6glicherweise abweichenden, gelieferten Teilenummer entspricht. Sollten weitere Fragen offen sein, kontaktieren Sie uns bitte unter\u202f<\/span><span style=\"color: #000080;\"><span lang=\"zxx\"><span style=\"text-decoration: underline;\"><a href=\"mailto:office@audi-klaus.at\"><span style=\"color: #000000;\">office@audi-klaus.at<\/span><\/a><\/span><\/span><\/span><\/p>\n","protected":false},"excerpt":{"rendered":"<h5><span style=\"font-size: 18pt;\"><strong>Marke: VW<\/strong><\/span><\/h5>\n<h5><span style=\"font-size: 18pt;\"><strong>Modell: Golf\/Passat\/Jetta\/Scirocco<\/strong><\/span><\/h5>\n<h5><span style=\"font-size: 18pt;\"><strong>Typ: 32B\/1<\/strong><\/span><\/h5>\n","protected":false},"featured_media":18623,"template":"","meta":[],"product_brand":[],"product_cat":[1230,1268,1380,1164,1450,1165,1640,1167,1170,1176,1193,1204,1211],"product_tag":[6694],"class_list":{"0":"post-18636","1":"product","2":"type-product","3":"status-publish","4":"has-post-thumbnail","6":"product_cat-b2-32b-1980-1988","7":"product_cat-innenraum-1-171-1974-1985","8":"product_cat-innenraum-1-161-1978-1987","9":"product_cat-vw","10":"product_cat-innenraum-1-53-1974-1981","11":"product_cat-golf","12":"product_cat-innenraum-b2-32b-1980-1988","13":"product_cat-jetta","14":"product_cat-scirocco","15":"product_cat-passat","16":"product_cat-1-171-1974-1985","17":"product_cat-1-161-1978-1987","18":"product_cat-1-53-1974-1981","19":"product_tag-111837579b","21":"first","22":"outofstock","23":"taxable","24":"shipping-taxable","25":"purchasable","26":"product-type-simple"},"yoast_head":"<!-- This site is optimized with the Yoast SEO plugin v27.3 - https:\/\/yoast.com\/product\/yoast-seo-wordpress\/ -->\n<title>VW Passat\/32B\/Golf\/Jetta\/Scirocco\/1 Fensterkurbel Gr\u00fcn NEU 111837579B - Audi-Klaus<\/title>\n<meta name=\"robots\" content=\"index, follow, max-snippet:-1, max-image-preview:large, max-video-preview:-1\" \/>\n<link rel=\"canonical\" href=\"https:\/\/audi-klaus.at\/shop\/produkt\/vw-passat-32b-golf-jetta-scirocco-1-fensterkurbel-gruen-neu-111837579b\/\" \/>\n<meta property=\"og:locale\" content=\"de_DE\" \/>\n<meta property=\"og:type\" content=\"article\" \/>\n<meta property=\"og:title\" content=\"VW Passat\/32B\/Golf\/Jetta\/Scirocco\/1 Fensterkurbel Gr\u00fcn NEU 111837579B - Audi-Klaus\" \/>\n<meta property=\"og:description\" content=\"Marke: VW Modell: Golf\/Passat\/Jetta\/Scirocco Typ: 32B\/1\" \/>\n<meta property=\"og:url\" content=\"https:\/\/audi-klaus.at\/shop\/produkt\/vw-passat-32b-golf-jetta-scirocco-1-fensterkurbel-gruen-neu-111837579b\/\" \/>\n<meta property=\"og:site_name\" content=\"Audi-Klaus\" \/>\n<meta property=\"article:publisher\" content=\"https:\/\/www.facebook.com\/audi.klaus.1312\/\" \/>\n<meta property=\"article:modified_time\" content=\"2026-01-07T20:03:16+00:00\" \/>\n<meta property=\"og:image\" content=\"https:\/\/audi-klaus.at\/shop\/wp-content\/uploads\/2022\/01\/ia000740-2-1.jpg\" \/>\n\t<meta property=\"og:image:width\" content=\"627\" \/>\n\t<meta property=\"og:image:height\" content=\"417\" \/>\n\t<meta property=\"og:image:type\" content=\"image\/jpeg\" \/>\n<meta name=\"twitter:card\" content=\"summary_large_image\" \/>\n<script type=\"application\/ld+json\" class=\"yoast-schema-graph\">{\"@context\":\"https:\\\/\\\/schema.org\",\"@graph\":[{\"@type\":\"WebPage\",\"@id\":\"https:\\\/\\\/audi-klaus.at\\\/shop\\\/produkt\\\/vw-passat-32b-golf-jetta-scirocco-1-fensterkurbel-gruen-neu-111837579b\\\/\",\"url\":\"https:\\\/\\\/audi-klaus.at\\\/shop\\\/produkt\\\/vw-passat-32b-golf-jetta-scirocco-1-fensterkurbel-gruen-neu-111837579b\\\/\",\"name\":\"VW Passat\\\/32B\\\/Golf\\\/Jetta\\\/Scirocco\\\/1 Fensterkurbel Gr\u00fcn NEU 111837579B - Audi-Klaus\",\"isPartOf\":{\"@id\":\"https:\\\/\\\/audi-klaus.at\\\/shop\\\/#website\"},\"primaryImageOfPage\":{\"@id\":\"https:\\\/\\\/audi-klaus.at\\\/shop\\\/produkt\\\/vw-passat-32b-golf-jetta-scirocco-1-fensterkurbel-gruen-neu-111837579b\\\/#primaryimage\"},\"image\":{\"@id\":\"https:\\\/\\\/audi-klaus.at\\\/shop\\\/produkt\\\/vw-passat-32b-golf-jetta-scirocco-1-fensterkurbel-gruen-neu-111837579b\\\/#primaryimage\"},\"thumbnailUrl\":\"https:\\\/\\\/audi-klaus.at\\\/shop\\\/wp-content\\\/uploads\\\/2022\\\/01\\\/ia000740-2-1.jpg\",\"datePublished\":\"2022-01-25T14:19:36+00:00\",\"dateModified\":\"2026-01-07T20:03:16+00:00\",\"breadcrumb\":{\"@id\":\"https:\\\/\\\/audi-klaus.at\\\/shop\\\/produkt\\\/vw-passat-32b-golf-jetta-scirocco-1-fensterkurbel-gruen-neu-111837579b\\\/#breadcrumb\"},\"inLanguage\":\"de-AT\",\"potentialAction\":[{\"@type\":\"ReadAction\",\"target\":[\"https:\\\/\\\/audi-klaus.at\\\/shop\\\/produkt\\\/vw-passat-32b-golf-jetta-scirocco-1-fensterkurbel-gruen-neu-111837579b\\\/\"]}]},{\"@type\":\"ImageObject\",\"inLanguage\":\"de-AT\",\"@id\":\"https:\\\/\\\/audi-klaus.at\\\/shop\\\/produkt\\\/vw-passat-32b-golf-jetta-scirocco-1-fensterkurbel-gruen-neu-111837579b\\\/#primaryimage\",\"url\":\"https:\\\/\\\/audi-klaus.at\\\/shop\\\/wp-content\\\/uploads\\\/2022\\\/01\\\/ia000740-2-1.jpg\",\"contentUrl\":\"https:\\\/\\\/audi-klaus.at\\\/shop\\\/wp-content\\\/uploads\\\/2022\\\/01\\\/ia000740-2-1.jpg\",\"width\":627,\"height\":417},{\"@type\":\"BreadcrumbList\",\"@id\":\"https:\\\/\\\/audi-klaus.at\\\/shop\\\/produkt\\\/vw-passat-32b-golf-jetta-scirocco-1-fensterkurbel-gruen-neu-111837579b\\\/#breadcrumb\",\"itemListElement\":[{\"@type\":\"ListItem\",\"position\":1,\"name\":\"Startseite\",\"item\":\"https:\\\/\\\/audi-klaus.at\\\/shop\\\/\"},{\"@type\":\"ListItem\",\"position\":2,\"name\":\"Shop\",\"item\":\"https:\\\/\\\/audi-klaus.at\\\/shop\\\/\"},{\"@type\":\"ListItem\",\"position\":3,\"name\":\"VW Passat\\\/32B\\\/Golf\\\/Jetta\\\/Scirocco\\\/1 Fensterkurbel Gr\u00fcn NEU 111837579B\"}]},{\"@type\":\"WebSite\",\"@id\":\"https:\\\/\\\/audi-klaus.at\\\/shop\\\/#website\",\"url\":\"https:\\\/\\\/audi-klaus.at\\\/shop\\\/\",\"name\":\"Audi-Klaus\",\"description\":\"Ihr Gebrauchtteile Spezialist f\u00fcr die Marken Audi, VW (VAG)\",\"publisher\":{\"@id\":\"https:\\\/\\\/audi-klaus.at\\\/shop\\\/#organization\"},\"potentialAction\":[{\"@type\":\"SearchAction\",\"target\":{\"@type\":\"EntryPoint\",\"urlTemplate\":\"https:\\\/\\\/audi-klaus.at\\\/shop\\\/?s={search_term_string}\"},\"query-input\":{\"@type\":\"PropertyValueSpecification\",\"valueRequired\":true,\"valueName\":\"search_term_string\"}}],\"inLanguage\":\"de-AT\"},{\"@type\":\"Organization\",\"@id\":\"https:\\\/\\\/audi-klaus.at\\\/shop\\\/#organization\",\"name\":\"Audi-Klaus\",\"url\":\"https:\\\/\\\/audi-klaus.at\\\/shop\\\/\",\"logo\":{\"@type\":\"ImageObject\",\"inLanguage\":\"de-AT\",\"@id\":\"https:\\\/\\\/audi-klaus.at\\\/shop\\\/#\\\/schema\\\/logo\\\/image\\\/\",\"url\":\"https:\\\/\\\/audi-klaus.at\\\/shop\\\/wp-content\\\/uploads\\\/2024\\\/10\\\/Logo-Shop.webp\",\"contentUrl\":\"https:\\\/\\\/audi-klaus.at\\\/shop\\\/wp-content\\\/uploads\\\/2024\\\/10\\\/Logo-Shop.webp\",\"width\":470,\"height\":164,\"caption\":\"Audi-Klaus\"},\"image\":{\"@id\":\"https:\\\/\\\/audi-klaus.at\\\/shop\\\/#\\\/schema\\\/logo\\\/image\\\/\"},\"sameAs\":[\"https:\\\/\\\/www.facebook.com\\\/audi.klaus.1312\\\/\",\"https:\\\/\\\/www.instagram.com\\\/audi_klaus\\\/?igshid=1eca3qu2mdayg\"]}]}<\/script>\n<!-- \/ Yoast SEO plugin. -->","yoast_head_json":{"title":"VW Passat\/32B\/Golf\/Jetta\/Scirocco\/1 Fensterkurbel Gr\u00fcn NEU 111837579B - Audi-Klaus","robots":{"index":"index","follow":"follow","max-snippet":"max-snippet:-1","max-image-preview":"max-image-preview:large","max-video-preview":"max-video-preview:-1"},"canonical":"https:\/\/audi-klaus.at\/shop\/produkt\/vw-passat-32b-golf-jetta-scirocco-1-fensterkurbel-gruen-neu-111837579b\/","og_locale":"de_DE","og_type":"article","og_title":"VW Passat\/32B\/Golf\/Jetta\/Scirocco\/1 Fensterkurbel Gr\u00fcn NEU 111837579B - Audi-Klaus","og_description":"Marke: VW Modell: Golf\/Passat\/Jetta\/Scirocco Typ: 32B\/1","og_url":"https:\/\/audi-klaus.at\/shop\/produkt\/vw-passat-32b-golf-jetta-scirocco-1-fensterkurbel-gruen-neu-111837579b\/","og_site_name":"Audi-Klaus","article_publisher":"https:\/\/www.facebook.com\/audi.klaus.1312\/","article_modified_time":"2026-01-07T20:03:16+00:00","og_image":[{"width":627,"height":417,"url":"https:\/\/audi-klaus.at\/shop\/wp-content\/uploads\/2022\/01\/ia000740-2-1.jpg","type":"image\/jpeg"}],"twitter_card":"summary_large_image","schema":{"@context":"https:\/\/schema.org","@graph":[{"@type":"WebPage","@id":"https:\/\/audi-klaus.at\/shop\/produkt\/vw-passat-32b-golf-jetta-scirocco-1-fensterkurbel-gruen-neu-111837579b\/","url":"https:\/\/audi-klaus.at\/shop\/produkt\/vw-passat-32b-golf-jetta-scirocco-1-fensterkurbel-gruen-neu-111837579b\/","name":"VW Passat\/32B\/Golf\/Jetta\/Scirocco\/1 Fensterkurbel Gr\u00fcn NEU 111837579B - Audi-Klaus","isPartOf":{"@id":"https:\/\/audi-klaus.at\/shop\/#website"},"primaryImageOfPage":{"@id":"https:\/\/audi-klaus.at\/shop\/produkt\/vw-passat-32b-golf-jetta-scirocco-1-fensterkurbel-gruen-neu-111837579b\/#primaryimage"},"image":{"@id":"https:\/\/audi-klaus.at\/shop\/produkt\/vw-passat-32b-golf-jetta-scirocco-1-fensterkurbel-gruen-neu-111837579b\/#primaryimage"},"thumbnailUrl":"https:\/\/audi-klaus.at\/shop\/wp-content\/uploads\/2022\/01\/ia000740-2-1.jpg","datePublished":"2022-01-25T14:19:36+00:00","dateModified":"2026-01-07T20:03:16+00:00","breadcrumb":{"@id":"https:\/\/audi-klaus.at\/shop\/produkt\/vw-passat-32b-golf-jetta-scirocco-1-fensterkurbel-gruen-neu-111837579b\/#breadcrumb"},"inLanguage":"de-AT","potentialAction":[{"@type":"ReadAction","target":["https:\/\/audi-klaus.at\/shop\/produkt\/vw-passat-32b-golf-jetta-scirocco-1-fensterkurbel-gruen-neu-111837579b\/"]}]},{"@type":"ImageObject","inLanguage":"de-AT","@id":"https:\/\/audi-klaus.at\/shop\/produkt\/vw-passat-32b-golf-jetta-scirocco-1-fensterkurbel-gruen-neu-111837579b\/#primaryimage","url":"https:\/\/audi-klaus.at\/shop\/wp-content\/uploads\/2022\/01\/ia000740-2-1.jpg","contentUrl":"https:\/\/audi-klaus.at\/shop\/wp-content\/uploads\/2022\/01\/ia000740-2-1.jpg","width":627,"height":417},{"@type":"BreadcrumbList","@id":"https:\/\/audi-klaus.at\/shop\/produkt\/vw-passat-32b-golf-jetta-scirocco-1-fensterkurbel-gruen-neu-111837579b\/#breadcrumb","itemListElement":[{"@type":"ListItem","position":1,"name":"Startseite","item":"https:\/\/audi-klaus.at\/shop\/"},{"@type":"ListItem","position":2,"name":"Shop","item":"https:\/\/audi-klaus.at\/shop\/"},{"@type":"ListItem","position":3,"name":"VW Passat\/32B\/Golf\/Jetta\/Scirocco\/1 Fensterkurbel Gr\u00fcn NEU 111837579B"}]},{"@type":"WebSite","@id":"https:\/\/audi-klaus.at\/shop\/#website","url":"https:\/\/audi-klaus.at\/shop\/","name":"Audi-Klaus","description":"Ihr Gebrauchtteile Spezialist f\u00fcr die Marken Audi, VW (VAG)","publisher":{"@id":"https:\/\/audi-klaus.at\/shop\/#organization"},"potentialAction":[{"@type":"SearchAction","target":{"@type":"EntryPoint","urlTemplate":"https:\/\/audi-klaus.at\/shop\/?s={search_term_string}"},"query-input":{"@type":"PropertyValueSpecification","valueRequired":true,"valueName":"search_term_string"}}],"inLanguage":"de-AT"},{"@type":"Organization","@id":"https:\/\/audi-klaus.at\/shop\/#organization","name":"Audi-Klaus","url":"https:\/\/audi-klaus.at\/shop\/","logo":{"@type":"ImageObject","inLanguage":"de-AT","@id":"https:\/\/audi-klaus.at\/shop\/#\/schema\/logo\/image\/","url":"https:\/\/audi-klaus.at\/shop\/wp-content\/uploads\/2024\/10\/Logo-Shop.webp","contentUrl":"https:\/\/audi-klaus.at\/shop\/wp-content\/uploads\/2024\/10\/Logo-Shop.webp","width":470,"height":164,"caption":"Audi-Klaus"},"image":{"@id":"https:\/\/audi-klaus.at\/shop\/#\/schema\/logo\/image\/"},"sameAs":["https:\/\/www.facebook.com\/audi.klaus.1312\/","https:\/\/www.instagram.com\/audi_klaus\/?igshid=1eca3qu2mdayg"]}]}},"_links":{"self":[{"href":"https:\/\/audi-klaus.at\/shop\/wp-json\/wp\/v2\/product\/18636","targetHints":{"allow":["GET"]}}],"collection":[{"href":"https:\/\/audi-klaus.at\/shop\/wp-json\/wp\/v2\/product"}],"about":[{"href":"https:\/\/audi-klaus.at\/shop\/wp-json\/wp\/v2\/types\/product"}],"wp:featuredmedia":[{"embeddable":true,"href":"https:\/\/audi-klaus.at\/shop\/wp-json\/wp\/v2\/media\/18623"}],"wp:attachment":[{"href":"https:\/\/audi-klaus.at\/shop\/wp-json\/wp\/v2\/media?parent=18636"}],"wp:term":[{"taxonomy":"product_brand","embeddable":true,"href":"https:\/\/audi-klaus.at\/shop\/wp-json\/wp\/v2\/product_brand?post=18636"},{"taxonomy":"product_cat","embeddable":true,"href":"https:\/\/audi-klaus.at\/shop\/wp-json\/wp\/v2\/product_cat?post=18636"},{"taxonomy":"product_tag","embeddable":true,"href":"https:\/\/audi-klaus.at\/shop\/wp-json\/wp\/v2\/product_tag?post=18636"}],"curies":[{"name":"wp","href":"https:\/\/api.w.org\/{rel}","templated":true}]}}