{"id":17936,"date":"2022-01-21T11:01:41","date_gmt":"2022-01-21T10:01:41","guid":{"rendered":"http:\/\/audi-klaus.at.server171-han.server-routing.com\/shop\/?post_type=product&#038;p=17936"},"modified":"2026-01-07T21:02:39","modified_gmt":"2026-01-07T20:02:39","slug":"audi-a4-b5-a6-c4-80-cabrio-coupe-b3-b4-wischerhebel-mit-bordcomputer-8d9953503a","status":"publish","type":"product","link":"https:\/\/audi-klaus.at\/shop\/produkt\/audi-a4-b5-a6-c4-80-cabrio-coupe-b3-b4-wischerhebel-mit-bordcomputer-8d9953503a\/","title":{"rendered":"Audi A4\/B5\/A6\/C4\/80\/Cabrio\/Coupe\/B3\/B4 Wischerhebel mit Bordcomputer  8D9953503A"},"content":{"rendered":"<h5><span style=\"color: #060606\"><strong>VAG Teilenummer<\/strong>: 8D9 953 503 A<\/span><\/h5>\n<h5><strong>Zustand:<\/strong>\u00a0Gebraucht<\/h5>\n<h5><span style=\"color: #060606\"><strong>Lieferumfang:<\/strong>\u00a0wie in den Original-Abbildungen angegeben<\/span><\/h5>\n<h5><span style=\"color: #060606\"><strong>Hinweis:<\/strong>\u00a0Bitte \u00fcberpr\u00fcfen Sie vor dem Kauf anhand der eindeutigen Teilenummern, ob der Artikel \u00a0zum Fahrzeug passt, um R\u00fccksendungen zu vermeiden! Trotz Angabe der entsprechenden Fahrzeugdaten ist eine eindeutige Zuordnung nur \u00fcber die Teilenummer m\u00f6glich! Die abgelesene Teilenummer ist die Teilenummer des Teils, welches geliefert wird. Die Originalteilnummer ist diejenige, die bei Neubestellung f\u00fcr dieses Teil gilt und der m\u00f6glicherweise abweichenden, gelieferten Teilenummer entspricht. Sollten weitere Fragen offen sein, kontaktieren Sie uns bitte unter office@audi-klaus.at<\/span><\/h5>\n","protected":false},"excerpt":{"rendered":"<h5><strong><span style=\"font-size: 18pt\">Marke: Audi<\/span><\/strong><\/h5>\n<h5><strong><span style=\"font-size: 18pt\">Model: A4\/A6\/80<\/span><\/strong><\/h5>\n<h5><strong><span style=\"font-size: 18pt\">Typ:B5\/C4\/B3\/B4<\/span><\/strong><\/h5>\n<h5><strong><span style=\"font-size: 18pt\">F\u00fcr die Gro\u00dfe Lenks\u00e4ule !<\/span><\/strong><\/h5>\n","protected":false},"featured_media":17922,"template":"","meta":[],"product_brand":[],"product_cat":[497,83,502,84,586,85,590,87,2757,223,2775,233,243,32,263,78,370,81,372,82],"product_tag":[6403],"class_list":{"0":"post-17936","1":"product","2":"type-product","3":"status-publish","4":"has-post-thumbnail","6":"product_cat-b5-1994-2001","7":"product_cat-cabrio80","8":"product_cat-innenraum-b5-1994-2001","9":"product_cat-typ89","10":"product_cat-c4-4a-1994-1997","11":"product_cat-coupe80","12":"product_cat-innenraum-c4-1994-1997","13":"product_cat-b3-typ89-80","14":"product_cat-b4","15":"product_cat-innenraum-b3-86","16":"product_cat-innenraum-b4","17":"product_cat-innenraum-b4-91","18":"product_cat-innenraum-typ89","19":"product_cat-audi","20":"product_cat-innenraum-b3-80","21":"product_cat-78","22":"product_cat-a4","23":"product_cat-b3-86","24":"product_cat-a6","25":"product_cat-b4-91","26":"product_tag-8d9953503a","28":"first","29":"instock","30":"taxable","31":"shipping-taxable","32":"purchasable","33":"product-type-simple"},"yoast_head":"<!-- This site is optimized with the Yoast SEO plugin v27.3 - https:\/\/yoast.com\/product\/yoast-seo-wordpress\/ -->\n<title>Audi A4\/B5\/A6\/C4\/80\/Cabrio\/Coupe\/B3\/B4 Wischerhebel mit Bordcomputer 8D9953503A - Audi-Klaus<\/title>\n<meta name=\"robots\" content=\"index, follow, max-snippet:-1, max-image-preview:large, max-video-preview:-1\" \/>\n<link rel=\"canonical\" href=\"https:\/\/audi-klaus.at\/shop\/produkt\/audi-a4-b5-a6-c4-80-cabrio-coupe-b3-b4-wischerhebel-mit-bordcomputer-8d9953503a\/\" \/>\n<meta property=\"og:locale\" content=\"de_DE\" \/>\n<meta property=\"og:type\" content=\"article\" \/>\n<meta property=\"og:title\" content=\"Audi A4\/B5\/A6\/C4\/80\/Cabrio\/Coupe\/B3\/B4 Wischerhebel mit Bordcomputer 8D9953503A - Audi-Klaus\" \/>\n<meta property=\"og:description\" content=\"Marke: Audi Model: A4\/A6\/80 Typ:B5\/C4\/B3\/B4 F\u00fcr die Gro\u00dfe Lenks\u00e4ule !\" \/>\n<meta property=\"og:url\" content=\"https:\/\/audi-klaus.at\/shop\/produkt\/audi-a4-b5-a6-c4-80-cabrio-coupe-b3-b4-wischerhebel-mit-bordcomputer-8d9953503a\/\" \/>\n<meta property=\"og:site_name\" content=\"Audi-Klaus\" \/>\n<meta property=\"article:publisher\" content=\"https:\/\/www.facebook.com\/audi.klaus.1312\/\" \/>\n<meta property=\"article:modified_time\" content=\"2026-01-07T20:02:39+00:00\" \/>\n<meta property=\"og:image\" content=\"https:\/\/audi-klaus.at\/shop\/wp-content\/uploads\/2022\/01\/ia669-1.jpg\" \/>\n\t<meta property=\"og:image:width\" content=\"418\" \/>\n\t<meta property=\"og:image:height\" content=\"418\" \/>\n\t<meta property=\"og:image:type\" content=\"image\/jpeg\" \/>\n<meta name=\"twitter:card\" content=\"summary_large_image\" \/>\n<script type=\"application\/ld+json\" class=\"yoast-schema-graph\">{\"@context\":\"https:\\\/\\\/schema.org\",\"@graph\":[{\"@type\":\"WebPage\",\"@id\":\"https:\\\/\\\/audi-klaus.at\\\/shop\\\/produkt\\\/audi-a4-b5-a6-c4-80-cabrio-coupe-b3-b4-wischerhebel-mit-bordcomputer-8d9953503a\\\/\",\"url\":\"https:\\\/\\\/audi-klaus.at\\\/shop\\\/produkt\\\/audi-a4-b5-a6-c4-80-cabrio-coupe-b3-b4-wischerhebel-mit-bordcomputer-8d9953503a\\\/\",\"name\":\"Audi A4\\\/B5\\\/A6\\\/C4\\\/80\\\/Cabrio\\\/Coupe\\\/B3\\\/B4 Wischerhebel mit Bordcomputer 8D9953503A - Audi-Klaus\",\"isPartOf\":{\"@id\":\"https:\\\/\\\/audi-klaus.at\\\/shop\\\/#website\"},\"primaryImageOfPage\":{\"@id\":\"https:\\\/\\\/audi-klaus.at\\\/shop\\\/produkt\\\/audi-a4-b5-a6-c4-80-cabrio-coupe-b3-b4-wischerhebel-mit-bordcomputer-8d9953503a\\\/#primaryimage\"},\"image\":{\"@id\":\"https:\\\/\\\/audi-klaus.at\\\/shop\\\/produkt\\\/audi-a4-b5-a6-c4-80-cabrio-coupe-b3-b4-wischerhebel-mit-bordcomputer-8d9953503a\\\/#primaryimage\"},\"thumbnailUrl\":\"https:\\\/\\\/audi-klaus.at\\\/shop\\\/wp-content\\\/uploads\\\/2022\\\/01\\\/ia669-1.jpg\",\"datePublished\":\"2022-01-21T10:01:41+00:00\",\"dateModified\":\"2026-01-07T20:02:39+00:00\",\"breadcrumb\":{\"@id\":\"https:\\\/\\\/audi-klaus.at\\\/shop\\\/produkt\\\/audi-a4-b5-a6-c4-80-cabrio-coupe-b3-b4-wischerhebel-mit-bordcomputer-8d9953503a\\\/#breadcrumb\"},\"inLanguage\":\"de-AT\",\"potentialAction\":[{\"@type\":\"ReadAction\",\"target\":[\"https:\\\/\\\/audi-klaus.at\\\/shop\\\/produkt\\\/audi-a4-b5-a6-c4-80-cabrio-coupe-b3-b4-wischerhebel-mit-bordcomputer-8d9953503a\\\/\"]}]},{\"@type\":\"ImageObject\",\"inLanguage\":\"de-AT\",\"@id\":\"https:\\\/\\\/audi-klaus.at\\\/shop\\\/produkt\\\/audi-a4-b5-a6-c4-80-cabrio-coupe-b3-b4-wischerhebel-mit-bordcomputer-8d9953503a\\\/#primaryimage\",\"url\":\"https:\\\/\\\/audi-klaus.at\\\/shop\\\/wp-content\\\/uploads\\\/2022\\\/01\\\/ia669-1.jpg\",\"contentUrl\":\"https:\\\/\\\/audi-klaus.at\\\/shop\\\/wp-content\\\/uploads\\\/2022\\\/01\\\/ia669-1.jpg\",\"width\":418,\"height\":418},{\"@type\":\"BreadcrumbList\",\"@id\":\"https:\\\/\\\/audi-klaus.at\\\/shop\\\/produkt\\\/audi-a4-b5-a6-c4-80-cabrio-coupe-b3-b4-wischerhebel-mit-bordcomputer-8d9953503a\\\/#breadcrumb\",\"itemListElement\":[{\"@type\":\"ListItem\",\"position\":1,\"name\":\"Startseite\",\"item\":\"https:\\\/\\\/audi-klaus.at\\\/shop\\\/\"},{\"@type\":\"ListItem\",\"position\":2,\"name\":\"Shop\",\"item\":\"https:\\\/\\\/audi-klaus.at\\\/shop\\\/\"},{\"@type\":\"ListItem\",\"position\":3,\"name\":\"Audi A4\\\/B5\\\/A6\\\/C4\\\/80\\\/Cabrio\\\/Coupe\\\/B3\\\/B4 Wischerhebel mit Bordcomputer 8D9953503A\"}]},{\"@type\":\"WebSite\",\"@id\":\"https:\\\/\\\/audi-klaus.at\\\/shop\\\/#website\",\"url\":\"https:\\\/\\\/audi-klaus.at\\\/shop\\\/\",\"name\":\"Audi-Klaus\",\"description\":\"Ihr Gebrauchtteile Spezialist f\u00fcr die Marken Audi, VW (VAG)\",\"publisher\":{\"@id\":\"https:\\\/\\\/audi-klaus.at\\\/shop\\\/#organization\"},\"potentialAction\":[{\"@type\":\"SearchAction\",\"target\":{\"@type\":\"EntryPoint\",\"urlTemplate\":\"https:\\\/\\\/audi-klaus.at\\\/shop\\\/?s={search_term_string}\"},\"query-input\":{\"@type\":\"PropertyValueSpecification\",\"valueRequired\":true,\"valueName\":\"search_term_string\"}}],\"inLanguage\":\"de-AT\"},{\"@type\":\"Organization\",\"@id\":\"https:\\\/\\\/audi-klaus.at\\\/shop\\\/#organization\",\"name\":\"Audi-Klaus\",\"url\":\"https:\\\/\\\/audi-klaus.at\\\/shop\\\/\",\"logo\":{\"@type\":\"ImageObject\",\"inLanguage\":\"de-AT\",\"@id\":\"https:\\\/\\\/audi-klaus.at\\\/shop\\\/#\\\/schema\\\/logo\\\/image\\\/\",\"url\":\"https:\\\/\\\/audi-klaus.at\\\/shop\\\/wp-content\\\/uploads\\\/2024\\\/10\\\/Logo-Shop.webp\",\"contentUrl\":\"https:\\\/\\\/audi-klaus.at\\\/shop\\\/wp-content\\\/uploads\\\/2024\\\/10\\\/Logo-Shop.webp\",\"width\":470,\"height\":164,\"caption\":\"Audi-Klaus\"},\"image\":{\"@id\":\"https:\\\/\\\/audi-klaus.at\\\/shop\\\/#\\\/schema\\\/logo\\\/image\\\/\"},\"sameAs\":[\"https:\\\/\\\/www.facebook.com\\\/audi.klaus.1312\\\/\",\"https:\\\/\\\/www.instagram.com\\\/audi_klaus\\\/?igshid=1eca3qu2mdayg\"]}]}<\/script>\n<!-- \/ Yoast SEO plugin. -->","yoast_head_json":{"title":"Audi A4\/B5\/A6\/C4\/80\/Cabrio\/Coupe\/B3\/B4 Wischerhebel mit Bordcomputer 8D9953503A - Audi-Klaus","robots":{"index":"index","follow":"follow","max-snippet":"max-snippet:-1","max-image-preview":"max-image-preview:large","max-video-preview":"max-video-preview:-1"},"canonical":"https:\/\/audi-klaus.at\/shop\/produkt\/audi-a4-b5-a6-c4-80-cabrio-coupe-b3-b4-wischerhebel-mit-bordcomputer-8d9953503a\/","og_locale":"de_DE","og_type":"article","og_title":"Audi A4\/B5\/A6\/C4\/80\/Cabrio\/Coupe\/B3\/B4 Wischerhebel mit Bordcomputer 8D9953503A - Audi-Klaus","og_description":"Marke: Audi Model: A4\/A6\/80 Typ:B5\/C4\/B3\/B4 F\u00fcr die Gro\u00dfe Lenks\u00e4ule !","og_url":"https:\/\/audi-klaus.at\/shop\/produkt\/audi-a4-b5-a6-c4-80-cabrio-coupe-b3-b4-wischerhebel-mit-bordcomputer-8d9953503a\/","og_site_name":"Audi-Klaus","article_publisher":"https:\/\/www.facebook.com\/audi.klaus.1312\/","article_modified_time":"2026-01-07T20:02:39+00:00","og_image":[{"width":418,"height":418,"url":"https:\/\/audi-klaus.at\/shop\/wp-content\/uploads\/2022\/01\/ia669-1.jpg","type":"image\/jpeg"}],"twitter_card":"summary_large_image","schema":{"@context":"https:\/\/schema.org","@graph":[{"@type":"WebPage","@id":"https:\/\/audi-klaus.at\/shop\/produkt\/audi-a4-b5-a6-c4-80-cabrio-coupe-b3-b4-wischerhebel-mit-bordcomputer-8d9953503a\/","url":"https:\/\/audi-klaus.at\/shop\/produkt\/audi-a4-b5-a6-c4-80-cabrio-coupe-b3-b4-wischerhebel-mit-bordcomputer-8d9953503a\/","name":"Audi A4\/B5\/A6\/C4\/80\/Cabrio\/Coupe\/B3\/B4 Wischerhebel mit Bordcomputer 8D9953503A - Audi-Klaus","isPartOf":{"@id":"https:\/\/audi-klaus.at\/shop\/#website"},"primaryImageOfPage":{"@id":"https:\/\/audi-klaus.at\/shop\/produkt\/audi-a4-b5-a6-c4-80-cabrio-coupe-b3-b4-wischerhebel-mit-bordcomputer-8d9953503a\/#primaryimage"},"image":{"@id":"https:\/\/audi-klaus.at\/shop\/produkt\/audi-a4-b5-a6-c4-80-cabrio-coupe-b3-b4-wischerhebel-mit-bordcomputer-8d9953503a\/#primaryimage"},"thumbnailUrl":"https:\/\/audi-klaus.at\/shop\/wp-content\/uploads\/2022\/01\/ia669-1.jpg","datePublished":"2022-01-21T10:01:41+00:00","dateModified":"2026-01-07T20:02:39+00:00","breadcrumb":{"@id":"https:\/\/audi-klaus.at\/shop\/produkt\/audi-a4-b5-a6-c4-80-cabrio-coupe-b3-b4-wischerhebel-mit-bordcomputer-8d9953503a\/#breadcrumb"},"inLanguage":"de-AT","potentialAction":[{"@type":"ReadAction","target":["https:\/\/audi-klaus.at\/shop\/produkt\/audi-a4-b5-a6-c4-80-cabrio-coupe-b3-b4-wischerhebel-mit-bordcomputer-8d9953503a\/"]}]},{"@type":"ImageObject","inLanguage":"de-AT","@id":"https:\/\/audi-klaus.at\/shop\/produkt\/audi-a4-b5-a6-c4-80-cabrio-coupe-b3-b4-wischerhebel-mit-bordcomputer-8d9953503a\/#primaryimage","url":"https:\/\/audi-klaus.at\/shop\/wp-content\/uploads\/2022\/01\/ia669-1.jpg","contentUrl":"https:\/\/audi-klaus.at\/shop\/wp-content\/uploads\/2022\/01\/ia669-1.jpg","width":418,"height":418},{"@type":"BreadcrumbList","@id":"https:\/\/audi-klaus.at\/shop\/produkt\/audi-a4-b5-a6-c4-80-cabrio-coupe-b3-b4-wischerhebel-mit-bordcomputer-8d9953503a\/#breadcrumb","itemListElement":[{"@type":"ListItem","position":1,"name":"Startseite","item":"https:\/\/audi-klaus.at\/shop\/"},{"@type":"ListItem","position":2,"name":"Shop","item":"https:\/\/audi-klaus.at\/shop\/"},{"@type":"ListItem","position":3,"name":"Audi A4\/B5\/A6\/C4\/80\/Cabrio\/Coupe\/B3\/B4 Wischerhebel mit Bordcomputer 8D9953503A"}]},{"@type":"WebSite","@id":"https:\/\/audi-klaus.at\/shop\/#website","url":"https:\/\/audi-klaus.at\/shop\/","name":"Audi-Klaus","description":"Ihr Gebrauchtteile Spezialist f\u00fcr die Marken Audi, VW (VAG)","publisher":{"@id":"https:\/\/audi-klaus.at\/shop\/#organization"},"potentialAction":[{"@type":"SearchAction","target":{"@type":"EntryPoint","urlTemplate":"https:\/\/audi-klaus.at\/shop\/?s={search_term_string}"},"query-input":{"@type":"PropertyValueSpecification","valueRequired":true,"valueName":"search_term_string"}}],"inLanguage":"de-AT"},{"@type":"Organization","@id":"https:\/\/audi-klaus.at\/shop\/#organization","name":"Audi-Klaus","url":"https:\/\/audi-klaus.at\/shop\/","logo":{"@type":"ImageObject","inLanguage":"de-AT","@id":"https:\/\/audi-klaus.at\/shop\/#\/schema\/logo\/image\/","url":"https:\/\/audi-klaus.at\/shop\/wp-content\/uploads\/2024\/10\/Logo-Shop.webp","contentUrl":"https:\/\/audi-klaus.at\/shop\/wp-content\/uploads\/2024\/10\/Logo-Shop.webp","width":470,"height":164,"caption":"Audi-Klaus"},"image":{"@id":"https:\/\/audi-klaus.at\/shop\/#\/schema\/logo\/image\/"},"sameAs":["https:\/\/www.facebook.com\/audi.klaus.1312\/","https:\/\/www.instagram.com\/audi_klaus\/?igshid=1eca3qu2mdayg"]}]}},"_links":{"self":[{"href":"https:\/\/audi-klaus.at\/shop\/wp-json\/wp\/v2\/product\/17936","targetHints":{"allow":["GET"]}}],"collection":[{"href":"https:\/\/audi-klaus.at\/shop\/wp-json\/wp\/v2\/product"}],"about":[{"href":"https:\/\/audi-klaus.at\/shop\/wp-json\/wp\/v2\/types\/product"}],"wp:featuredmedia":[{"embeddable":true,"href":"https:\/\/audi-klaus.at\/shop\/wp-json\/wp\/v2\/media\/17922"}],"wp:attachment":[{"href":"https:\/\/audi-klaus.at\/shop\/wp-json\/wp\/v2\/media?parent=17936"}],"wp:term":[{"taxonomy":"product_brand","embeddable":true,"href":"https:\/\/audi-klaus.at\/shop\/wp-json\/wp\/v2\/product_brand?post=17936"},{"taxonomy":"product_cat","embeddable":true,"href":"https:\/\/audi-klaus.at\/shop\/wp-json\/wp\/v2\/product_cat?post=17936"},{"taxonomy":"product_tag","embeddable":true,"href":"https:\/\/audi-klaus.at\/shop\/wp-json\/wp\/v2\/product_tag?post=17936"}],"curies":[{"name":"wp","href":"https:\/\/api.w.org\/{rel}","templated":true}]}}