{"id":106892,"date":"2026-03-05T10:33:52","date_gmt":"2026-03-05T09:33:52","guid":{"rendered":"https:\/\/audi-klaus.at\/shop\/?post_type=product&#038;p=106892"},"modified":"2026-03-05T10:40:47","modified_gmt":"2026-03-05T09:40:47","slug":"audi-a3-8p-a4-b6-a6-c5-c6-q7-4l-tt-8n-vw-bora-golf-4-passat-b5-stellelement-nos-3b0959782-1j6810773a","status":"publish","type":"product","link":"https:\/\/audi-klaus.at\/shop\/produkt\/audi-a3-8p-a4-b6-a6-c5-c6-q7-4l-tt-8n-vw-bora-golf-4-passat-b5-stellelement-nos-3b0959782-1j6810773a\/","title":{"rendered":"Audi A3\/8P\/A4\/B6\/A6\/C5\/C6\/Q7\/4L\/TT\/8N\/Vw Bora\/Golf\/4\/Passat\/B5 Stellelement 3B0959782\/1J6810773A"},"content":{"rendered":"<h5 class=\"western\"><span style=\"color: #060606\"><span style=\"font-family: Verdana, serif\"><span style=\"font-size: small\"><b>VAG Teilenummer<\/b><\/span><\/span><\/span><span style=\"color: #060606\"><span style=\"font-family: Verdana, serif\"><span style=\"font-size: small\">: 3B0 959 782\/1J6 810 773A<\/span><\/span><\/span><\/h5>\n<h5 class=\"western\"><span style=\"color: #060606\"><span style=\"font-family: Verdana, serif\"><span style=\"font-size: small\"><b>Zustand:<\/b><\/span><\/span><\/span><span style=\"color: #060606\"><span style=\"font-family: Verdana, serif\"><span style=\"font-size: small\">\u00a0 <\/span><\/span><\/span><span style=\"color: #060606\"><span style=\"font-family: Verdana, serif\"><span style=\"font-size: small\"><span lang=\"de-DE\">Gebraucht<\/span><\/span><\/span><\/span><\/h5>\n<h5 class=\"western\"><span style=\"color: #060606\"><span style=\"font-family: Verdana, serif\"><span style=\"font-size: small\"><b>Lieferumfang:<\/b><\/span><\/span><\/span><span style=\"color: #060606\"><span style=\"font-family: Verdana, serif\"><span style=\"font-size: small\">\u00a0wie in den Original-Abbildungen angegeben<\/span><\/span><\/span><\/h5>\n<h5 class=\"western\"><span style=\"color: #060606\"><span style=\"font-family: Verdana, serif\"><span style=\"font-size: small\"><b>Hinweis:<\/b><\/span><\/span><\/span><span style=\"color: #060606\"><span style=\"font-family: Verdana, serif\"><span style=\"font-size: small\">\u00a0Bitte \u00fcberpr\u00fcfen Sie vor dem Kauf anhand der eindeutigen Teilenummern, ob der Artikel zum Fahrzeug passt, um R\u00fccksendungen zu vermeiden! Trotz Angabe der entsprechenden Fahrzeugdaten ist eine eindeutige Zuordnung nur \u00fcber die Teilenummer m\u00f6glich! Die abgelesene Teilenummer ist die Teilenummer des Teils, welches geliefert wird. Die Originalteilnummer ist diejenige, die bei Neubestellung f\u00fcr dieses Teil gilt und der m\u00f6glicherweise abweichenden, gelieferten Teilenummer entspricht. <\/span><\/span><\/span><\/h5>\n<h5 class=\"western\"><span style=\"color: #060606\"><span style=\"font-family: Verdana, serif\"><span style=\"font-size: small\"><span lang=\"de-DE\">Gebraucht<\/span><\/span><\/span><\/span><span style=\"color: #060606\"><span style=\"font-family: Verdana, serif\"><span style=\"font-size: small\"> mit Gebrauchsspuren in Form von Verunreinigungen\/ kleinen Kratzern m\u00f6glich. Die Ware wird ungereinigt geliefert.<\/span><\/span><\/span><\/h5>\n<h5 class=\"western\"><span style=\"color: #060606\"><span style=\"font-family: Verdana, serif\"><span style=\"font-size: small\">Sollten weitere Fragen offen sein, kontaktieren Sie uns bitte unter\u00a0<\/span><\/span><\/span><a href=\"mailto:office@audi-klaus.at\"><span style=\"color: #0000ff\"><span style=\"font-family: Verdana, serif\"><span style=\"font-size: small\"><u>office@audi-klaus.at<\/u><\/span><\/span><\/span><\/a><\/h5>\n","protected":false},"excerpt":{"rendered":"<h5 class=\"western\"><strong><span style=\"color: #000000\"><span style=\"font-family: Source Sans Pro, serif\"><span style=\"font-size: x-large\"><b>Marke: Audi\/Vw<br \/>\nModell: A3\/A4\/A6\/Q7\/TT\/Bora\/Golf\/Passat<br \/>\nTyp: 8P\/B6\/C5\/C6\/4L\/8N\/4\/B5<\/b><\/span><\/span><\/span><\/strong><\/h5>\n","protected":false},"featured_media":106843,"template":"","meta":[],"product_brand":[],"product_cat":[370,618,1233,372,958,1305,379,962,1447,384,1091,1677,454,1151,474,1164,498,1165,520,1169,587,1176,32,588,1196,369,607,1210],"product_tag":[39731,39732,39733,39734,39735],"class_list":{"0":"post-106892","1":"product","2":"type-product","3":"status-publish","4":"has-post-thumbnail","6":"product_cat-a4","7":"product_cat-elektrik-c6-2004-2011","8":"product_cat-b5-3b-1996-2005","9":"product_cat-a6","10":"product_cat-4l-2006-2016","11":"product_cat-elektrik-4-1j-1997-2007","12":"product_cat-q7","13":"product_cat-8n-1998-2000","14":"product_cat-elektrik-1j2-1998-2013","15":"product_cat-tt","16":"product_cat-elektrik-4l-2006-2016","17":"product_cat-elektrik-b5-3b-1996-2005","18":"product_cat-8p-2003-2013","19":"product_cat-elektrik-8n-1998-2000","20":"product_cat-elektrik-8p-2003-2013","21":"product_cat-vw","22":"product_cat-b6-2000-2004","23":"product_cat-golf","24":"product_cat-elektrik-b6-2000-2004","25":"product_cat-bora","26":"product_cat-c5-4b-1997-2005","27":"product_cat-passat","28":"product_cat-audi","29":"product_cat-c6-4f-2004-2011","30":"product_cat-4-1j-1997-2007","31":"product_cat-a3","32":"product_cat-elektrik-c5-1997-2005","33":"product_cat-1j2-1998-2013","34":"product_tag-3b0959782-1j6810773a","35":"product_tag-3b0959782","36":"product_tag-1j6810773a","37":"product_tag-1j6810773","38":"product_tag-e1456","40":"first","41":"instock","42":"taxable","43":"shipping-taxable","44":"purchasable","45":"product-type-simple"},"yoast_head":"<!-- This site is optimized with the Yoast SEO plugin v27.3 - https:\/\/yoast.com\/product\/yoast-seo-wordpress\/ -->\n<title>Audi A3\/8P\/A4\/B6\/A6\/C5\/C6\/Q7\/4L\/TT\/8N\/Vw Bora\/Golf\/4\/Passat\/B5 Stellelement 3B0959782\/1J6810773A - Audi-Klaus<\/title>\n<meta name=\"description\" content=\"Audi-Klaus Audi A3\/8P\/A4\/B6\/A6\/C5\/C6\/Q7\/4L\/TT\/8N\/Vw Bora\/Golf\/4\/Passat\/B5 Stellelement 3B0959782\/1J6810773A Audi A3\/8P\/A4\/B6\/A6\/C5\/C6\/Q7\/4L\/TT\/8N\/Vw Bora\/Golf\/4\/Passat\/B5 Stellelement NOS 3B0959782\/1J6810773A\" \/>\n<meta name=\"robots\" content=\"index, follow, max-snippet:-1, max-image-preview:large, max-video-preview:-1\" \/>\n<link rel=\"canonical\" href=\"https:\/\/audi-klaus.at\/shop\/produkt\/audi-a3-8p-a4-b6-a6-c5-c6-q7-4l-tt-8n-vw-bora-golf-4-passat-b5-stellelement-nos-3b0959782-1j6810773a\/\" \/>\n<meta property=\"og:locale\" content=\"de_DE\" \/>\n<meta property=\"og:type\" content=\"article\" \/>\n<meta property=\"og:title\" content=\"Audi A3\/8P\/A4\/B6\/A6\/C5\/C6\/Q7\/4L\/TT\/8N\/Vw Bora\/Golf\/4\/Passat\/B5 Stellelement 3B0959782\/1J6810773A - Audi-Klaus\" \/>\n<meta property=\"og:description\" content=\"Audi-Klaus Audi A3\/8P\/A4\/B6\/A6\/C5\/C6\/Q7\/4L\/TT\/8N\/Vw Bora\/Golf\/4\/Passat\/B5 Stellelement 3B0959782\/1J6810773A Audi A3\/8P\/A4\/B6\/A6\/C5\/C6\/Q7\/4L\/TT\/8N\/Vw Bora\/Golf\/4\/Passat\/B5 Stellelement NOS 3B0959782\/1J6810773A\" \/>\n<meta property=\"og:url\" content=\"https:\/\/audi-klaus.at\/shop\/produkt\/audi-a3-8p-a4-b6-a6-c5-c6-q7-4l-tt-8n-vw-bora-golf-4-passat-b5-stellelement-nos-3b0959782-1j6810773a\/\" \/>\n<meta property=\"og:site_name\" content=\"Audi-Klaus\" \/>\n<meta property=\"article:publisher\" content=\"https:\/\/www.facebook.com\/audi.klaus.1312\/\" \/>\n<meta property=\"article:modified_time\" content=\"2026-03-05T09:40:47+00:00\" \/>\n<meta property=\"og:image\" content=\"https:\/\/audi-klaus.at\/shop\/wp-content\/uploads\/2026\/03\/E1456-1.jpg\" \/>\n\t<meta property=\"og:image:width\" content=\"480\" \/>\n\t<meta property=\"og:image:height\" content=\"480\" \/>\n\t<meta property=\"og:image:type\" content=\"image\/jpeg\" \/>\n<meta name=\"twitter:card\" content=\"summary_large_image\" \/>\n<meta name=\"twitter:label1\" content=\"Gesch\u00e4tzte Lesezeit\" \/>\n\t<meta name=\"twitter:data1\" content=\"1 Minute\" \/>\n<script type=\"application\/ld+json\" class=\"yoast-schema-graph\">{\"@context\":\"https:\\\/\\\/schema.org\",\"@graph\":[{\"@type\":\"WebPage\",\"@id\":\"https:\\\/\\\/audi-klaus.at\\\/shop\\\/produkt\\\/audi-a3-8p-a4-b6-a6-c5-c6-q7-4l-tt-8n-vw-bora-golf-4-passat-b5-stellelement-nos-3b0959782-1j6810773a\\\/\",\"url\":\"https:\\\/\\\/audi-klaus.at\\\/shop\\\/produkt\\\/audi-a3-8p-a4-b6-a6-c5-c6-q7-4l-tt-8n-vw-bora-golf-4-passat-b5-stellelement-nos-3b0959782-1j6810773a\\\/\",\"name\":\"Audi A3\\\/8P\\\/A4\\\/B6\\\/A6\\\/C5\\\/C6\\\/Q7\\\/4L\\\/TT\\\/8N\\\/Vw Bora\\\/Golf\\\/4\\\/Passat\\\/B5 Stellelement 3B0959782\\\/1J6810773A - Audi-Klaus\",\"isPartOf\":{\"@id\":\"https:\\\/\\\/audi-klaus.at\\\/shop\\\/#website\"},\"primaryImageOfPage\":{\"@id\":\"https:\\\/\\\/audi-klaus.at\\\/shop\\\/produkt\\\/audi-a3-8p-a4-b6-a6-c5-c6-q7-4l-tt-8n-vw-bora-golf-4-passat-b5-stellelement-nos-3b0959782-1j6810773a\\\/#primaryimage\"},\"image\":{\"@id\":\"https:\\\/\\\/audi-klaus.at\\\/shop\\\/produkt\\\/audi-a3-8p-a4-b6-a6-c5-c6-q7-4l-tt-8n-vw-bora-golf-4-passat-b5-stellelement-nos-3b0959782-1j6810773a\\\/#primaryimage\"},\"thumbnailUrl\":\"https:\\\/\\\/audi-klaus.at\\\/shop\\\/wp-content\\\/uploads\\\/2026\\\/03\\\/E1456-1.jpg\",\"datePublished\":\"2026-03-05T09:33:52+00:00\",\"dateModified\":\"2026-03-05T09:40:47+00:00\",\"description\":\"Audi-Klaus Audi A3\\\/8P\\\/A4\\\/B6\\\/A6\\\/C5\\\/C6\\\/Q7\\\/4L\\\/TT\\\/8N\\\/Vw Bora\\\/Golf\\\/4\\\/Passat\\\/B5 Stellelement 3B0959782\\\/1J6810773A Audi A3\\\/8P\\\/A4\\\/B6\\\/A6\\\/C5\\\/C6\\\/Q7\\\/4L\\\/TT\\\/8N\\\/Vw Bora\\\/Golf\\\/4\\\/Passat\\\/B5 Stellelement NOS 3B0959782\\\/1J6810773A\",\"breadcrumb\":{\"@id\":\"https:\\\/\\\/audi-klaus.at\\\/shop\\\/produkt\\\/audi-a3-8p-a4-b6-a6-c5-c6-q7-4l-tt-8n-vw-bora-golf-4-passat-b5-stellelement-nos-3b0959782-1j6810773a\\\/#breadcrumb\"},\"inLanguage\":\"de-AT\",\"potentialAction\":[{\"@type\":\"ReadAction\",\"target\":[\"https:\\\/\\\/audi-klaus.at\\\/shop\\\/produkt\\\/audi-a3-8p-a4-b6-a6-c5-c6-q7-4l-tt-8n-vw-bora-golf-4-passat-b5-stellelement-nos-3b0959782-1j6810773a\\\/\"]}]},{\"@type\":\"ImageObject\",\"inLanguage\":\"de-AT\",\"@id\":\"https:\\\/\\\/audi-klaus.at\\\/shop\\\/produkt\\\/audi-a3-8p-a4-b6-a6-c5-c6-q7-4l-tt-8n-vw-bora-golf-4-passat-b5-stellelement-nos-3b0959782-1j6810773a\\\/#primaryimage\",\"url\":\"https:\\\/\\\/audi-klaus.at\\\/shop\\\/wp-content\\\/uploads\\\/2026\\\/03\\\/E1456-1.jpg\",\"contentUrl\":\"https:\\\/\\\/audi-klaus.at\\\/shop\\\/wp-content\\\/uploads\\\/2026\\\/03\\\/E1456-1.jpg\",\"width\":480,\"height\":480},{\"@type\":\"BreadcrumbList\",\"@id\":\"https:\\\/\\\/audi-klaus.at\\\/shop\\\/produkt\\\/audi-a3-8p-a4-b6-a6-c5-c6-q7-4l-tt-8n-vw-bora-golf-4-passat-b5-stellelement-nos-3b0959782-1j6810773a\\\/#breadcrumb\",\"itemListElement\":[{\"@type\":\"ListItem\",\"position\":1,\"name\":\"Startseite\",\"item\":\"https:\\\/\\\/audi-klaus.at\\\/shop\\\/\"},{\"@type\":\"ListItem\",\"position\":2,\"name\":\"Shop\",\"item\":\"https:\\\/\\\/audi-klaus.at\\\/shop\\\/\"},{\"@type\":\"ListItem\",\"position\":3,\"name\":\"Audi A3\\\/8P\\\/A4\\\/B6\\\/A6\\\/C5\\\/C6\\\/Q7\\\/4L\\\/TT\\\/8N\\\/Vw Bora\\\/Golf\\\/4\\\/Passat\\\/B5 Stellelement 3B0959782\\\/1J6810773A\"}]},{\"@type\":\"WebSite\",\"@id\":\"https:\\\/\\\/audi-klaus.at\\\/shop\\\/#website\",\"url\":\"https:\\\/\\\/audi-klaus.at\\\/shop\\\/\",\"name\":\"Audi-Klaus\",\"description\":\"Ihr Gebrauchtteile Spezialist f\u00fcr die Marken Audi, VW (VAG)\",\"publisher\":{\"@id\":\"https:\\\/\\\/audi-klaus.at\\\/shop\\\/#organization\"},\"potentialAction\":[{\"@type\":\"SearchAction\",\"target\":{\"@type\":\"EntryPoint\",\"urlTemplate\":\"https:\\\/\\\/audi-klaus.at\\\/shop\\\/?s={search_term_string}\"},\"query-input\":{\"@type\":\"PropertyValueSpecification\",\"valueRequired\":true,\"valueName\":\"search_term_string\"}}],\"inLanguage\":\"de-AT\"},{\"@type\":\"Organization\",\"@id\":\"https:\\\/\\\/audi-klaus.at\\\/shop\\\/#organization\",\"name\":\"Audi-Klaus\",\"url\":\"https:\\\/\\\/audi-klaus.at\\\/shop\\\/\",\"logo\":{\"@type\":\"ImageObject\",\"inLanguage\":\"de-AT\",\"@id\":\"https:\\\/\\\/audi-klaus.at\\\/shop\\\/#\\\/schema\\\/logo\\\/image\\\/\",\"url\":\"https:\\\/\\\/audi-klaus.at\\\/shop\\\/wp-content\\\/uploads\\\/2024\\\/10\\\/Logo-Shop.webp\",\"contentUrl\":\"https:\\\/\\\/audi-klaus.at\\\/shop\\\/wp-content\\\/uploads\\\/2024\\\/10\\\/Logo-Shop.webp\",\"width\":470,\"height\":164,\"caption\":\"Audi-Klaus\"},\"image\":{\"@id\":\"https:\\\/\\\/audi-klaus.at\\\/shop\\\/#\\\/schema\\\/logo\\\/image\\\/\"},\"sameAs\":[\"https:\\\/\\\/www.facebook.com\\\/audi.klaus.1312\\\/\",\"https:\\\/\\\/www.instagram.com\\\/audi_klaus\\\/?igshid=1eca3qu2mdayg\"]}]}<\/script>\n<!-- \/ Yoast SEO plugin. -->","yoast_head_json":{"title":"Audi A3\/8P\/A4\/B6\/A6\/C5\/C6\/Q7\/4L\/TT\/8N\/Vw Bora\/Golf\/4\/Passat\/B5 Stellelement 3B0959782\/1J6810773A - Audi-Klaus","description":"Audi-Klaus Audi A3\/8P\/A4\/B6\/A6\/C5\/C6\/Q7\/4L\/TT\/8N\/Vw Bora\/Golf\/4\/Passat\/B5 Stellelement 3B0959782\/1J6810773A Audi A3\/8P\/A4\/B6\/A6\/C5\/C6\/Q7\/4L\/TT\/8N\/Vw Bora\/Golf\/4\/Passat\/B5 Stellelement NOS 3B0959782\/1J6810773A","robots":{"index":"index","follow":"follow","max-snippet":"max-snippet:-1","max-image-preview":"max-image-preview:large","max-video-preview":"max-video-preview:-1"},"canonical":"https:\/\/audi-klaus.at\/shop\/produkt\/audi-a3-8p-a4-b6-a6-c5-c6-q7-4l-tt-8n-vw-bora-golf-4-passat-b5-stellelement-nos-3b0959782-1j6810773a\/","og_locale":"de_DE","og_type":"article","og_title":"Audi A3\/8P\/A4\/B6\/A6\/C5\/C6\/Q7\/4L\/TT\/8N\/Vw Bora\/Golf\/4\/Passat\/B5 Stellelement 3B0959782\/1J6810773A - Audi-Klaus","og_description":"Audi-Klaus Audi A3\/8P\/A4\/B6\/A6\/C5\/C6\/Q7\/4L\/TT\/8N\/Vw Bora\/Golf\/4\/Passat\/B5 Stellelement 3B0959782\/1J6810773A Audi A3\/8P\/A4\/B6\/A6\/C5\/C6\/Q7\/4L\/TT\/8N\/Vw Bora\/Golf\/4\/Passat\/B5 Stellelement NOS 3B0959782\/1J6810773A","og_url":"https:\/\/audi-klaus.at\/shop\/produkt\/audi-a3-8p-a4-b6-a6-c5-c6-q7-4l-tt-8n-vw-bora-golf-4-passat-b5-stellelement-nos-3b0959782-1j6810773a\/","og_site_name":"Audi-Klaus","article_publisher":"https:\/\/www.facebook.com\/audi.klaus.1312\/","article_modified_time":"2026-03-05T09:40:47+00:00","og_image":[{"width":480,"height":480,"url":"https:\/\/audi-klaus.at\/shop\/wp-content\/uploads\/2026\/03\/E1456-1.jpg","type":"image\/jpeg"}],"twitter_card":"summary_large_image","twitter_misc":{"Gesch\u00e4tzte Lesezeit":"1 Minute"},"schema":{"@context":"https:\/\/schema.org","@graph":[{"@type":"WebPage","@id":"https:\/\/audi-klaus.at\/shop\/produkt\/audi-a3-8p-a4-b6-a6-c5-c6-q7-4l-tt-8n-vw-bora-golf-4-passat-b5-stellelement-nos-3b0959782-1j6810773a\/","url":"https:\/\/audi-klaus.at\/shop\/produkt\/audi-a3-8p-a4-b6-a6-c5-c6-q7-4l-tt-8n-vw-bora-golf-4-passat-b5-stellelement-nos-3b0959782-1j6810773a\/","name":"Audi A3\/8P\/A4\/B6\/A6\/C5\/C6\/Q7\/4L\/TT\/8N\/Vw Bora\/Golf\/4\/Passat\/B5 Stellelement 3B0959782\/1J6810773A - Audi-Klaus","isPartOf":{"@id":"https:\/\/audi-klaus.at\/shop\/#website"},"primaryImageOfPage":{"@id":"https:\/\/audi-klaus.at\/shop\/produkt\/audi-a3-8p-a4-b6-a6-c5-c6-q7-4l-tt-8n-vw-bora-golf-4-passat-b5-stellelement-nos-3b0959782-1j6810773a\/#primaryimage"},"image":{"@id":"https:\/\/audi-klaus.at\/shop\/produkt\/audi-a3-8p-a4-b6-a6-c5-c6-q7-4l-tt-8n-vw-bora-golf-4-passat-b5-stellelement-nos-3b0959782-1j6810773a\/#primaryimage"},"thumbnailUrl":"https:\/\/audi-klaus.at\/shop\/wp-content\/uploads\/2026\/03\/E1456-1.jpg","datePublished":"2026-03-05T09:33:52+00:00","dateModified":"2026-03-05T09:40:47+00:00","description":"Audi-Klaus Audi A3\/8P\/A4\/B6\/A6\/C5\/C6\/Q7\/4L\/TT\/8N\/Vw Bora\/Golf\/4\/Passat\/B5 Stellelement 3B0959782\/1J6810773A Audi A3\/8P\/A4\/B6\/A6\/C5\/C6\/Q7\/4L\/TT\/8N\/Vw Bora\/Golf\/4\/Passat\/B5 Stellelement NOS 3B0959782\/1J6810773A","breadcrumb":{"@id":"https:\/\/audi-klaus.at\/shop\/produkt\/audi-a3-8p-a4-b6-a6-c5-c6-q7-4l-tt-8n-vw-bora-golf-4-passat-b5-stellelement-nos-3b0959782-1j6810773a\/#breadcrumb"},"inLanguage":"de-AT","potentialAction":[{"@type":"ReadAction","target":["https:\/\/audi-klaus.at\/shop\/produkt\/audi-a3-8p-a4-b6-a6-c5-c6-q7-4l-tt-8n-vw-bora-golf-4-passat-b5-stellelement-nos-3b0959782-1j6810773a\/"]}]},{"@type":"ImageObject","inLanguage":"de-AT","@id":"https:\/\/audi-klaus.at\/shop\/produkt\/audi-a3-8p-a4-b6-a6-c5-c6-q7-4l-tt-8n-vw-bora-golf-4-passat-b5-stellelement-nos-3b0959782-1j6810773a\/#primaryimage","url":"https:\/\/audi-klaus.at\/shop\/wp-content\/uploads\/2026\/03\/E1456-1.jpg","contentUrl":"https:\/\/audi-klaus.at\/shop\/wp-content\/uploads\/2026\/03\/E1456-1.jpg","width":480,"height":480},{"@type":"BreadcrumbList","@id":"https:\/\/audi-klaus.at\/shop\/produkt\/audi-a3-8p-a4-b6-a6-c5-c6-q7-4l-tt-8n-vw-bora-golf-4-passat-b5-stellelement-nos-3b0959782-1j6810773a\/#breadcrumb","itemListElement":[{"@type":"ListItem","position":1,"name":"Startseite","item":"https:\/\/audi-klaus.at\/shop\/"},{"@type":"ListItem","position":2,"name":"Shop","item":"https:\/\/audi-klaus.at\/shop\/"},{"@type":"ListItem","position":3,"name":"Audi A3\/8P\/A4\/B6\/A6\/C5\/C6\/Q7\/4L\/TT\/8N\/Vw Bora\/Golf\/4\/Passat\/B5 Stellelement 3B0959782\/1J6810773A"}]},{"@type":"WebSite","@id":"https:\/\/audi-klaus.at\/shop\/#website","url":"https:\/\/audi-klaus.at\/shop\/","name":"Audi-Klaus","description":"Ihr Gebrauchtteile Spezialist f\u00fcr die Marken Audi, VW (VAG)","publisher":{"@id":"https:\/\/audi-klaus.at\/shop\/#organization"},"potentialAction":[{"@type":"SearchAction","target":{"@type":"EntryPoint","urlTemplate":"https:\/\/audi-klaus.at\/shop\/?s={search_term_string}"},"query-input":{"@type":"PropertyValueSpecification","valueRequired":true,"valueName":"search_term_string"}}],"inLanguage":"de-AT"},{"@type":"Organization","@id":"https:\/\/audi-klaus.at\/shop\/#organization","name":"Audi-Klaus","url":"https:\/\/audi-klaus.at\/shop\/","logo":{"@type":"ImageObject","inLanguage":"de-AT","@id":"https:\/\/audi-klaus.at\/shop\/#\/schema\/logo\/image\/","url":"https:\/\/audi-klaus.at\/shop\/wp-content\/uploads\/2024\/10\/Logo-Shop.webp","contentUrl":"https:\/\/audi-klaus.at\/shop\/wp-content\/uploads\/2024\/10\/Logo-Shop.webp","width":470,"height":164,"caption":"Audi-Klaus"},"image":{"@id":"https:\/\/audi-klaus.at\/shop\/#\/schema\/logo\/image\/"},"sameAs":["https:\/\/www.facebook.com\/audi.klaus.1312\/","https:\/\/www.instagram.com\/audi_klaus\/?igshid=1eca3qu2mdayg"]}]}},"_links":{"self":[{"href":"https:\/\/audi-klaus.at\/shop\/wp-json\/wp\/v2\/product\/106892","targetHints":{"allow":["GET"]}}],"collection":[{"href":"https:\/\/audi-klaus.at\/shop\/wp-json\/wp\/v2\/product"}],"about":[{"href":"https:\/\/audi-klaus.at\/shop\/wp-json\/wp\/v2\/types\/product"}],"wp:featuredmedia":[{"embeddable":true,"href":"https:\/\/audi-klaus.at\/shop\/wp-json\/wp\/v2\/media\/106843"}],"wp:attachment":[{"href":"https:\/\/audi-klaus.at\/shop\/wp-json\/wp\/v2\/media?parent=106892"}],"wp:term":[{"taxonomy":"product_brand","embeddable":true,"href":"https:\/\/audi-klaus.at\/shop\/wp-json\/wp\/v2\/product_brand?post=106892"},{"taxonomy":"product_cat","embeddable":true,"href":"https:\/\/audi-klaus.at\/shop\/wp-json\/wp\/v2\/product_cat?post=106892"},{"taxonomy":"product_tag","embeddable":true,"href":"https:\/\/audi-klaus.at\/shop\/wp-json\/wp\/v2\/product_tag?post=106892"}],"curies":[{"name":"wp","href":"https:\/\/api.w.org\/{rel}","templated":true}]}}