{"id":105028,"date":"2026-01-27T10:06:10","date_gmt":"2026-01-27T09:06:10","guid":{"rendered":"https:\/\/audi-klaus.at\/shop\/?post_type=product&#038;p=105028"},"modified":"2026-01-27T10:06:13","modified_gmt":"2026-01-27T09:06:13","slug":"audi-a2-8z-vw-caddy-2k-lupo-6x-bora-seat-leon-1m-toledo-1-2-skoda-fabia-octavia-1-2-roomster-spannrolle-nos-036109243ab","status":"publish","type":"product","link":"https:\/\/audi-klaus.at\/shop\/produkt\/audi-a2-8z-vw-caddy-2k-lupo-6x-bora-seat-leon-1m-toledo-1-2-skoda-fabia-octavia-1-2-roomster-spannrolle-nos-036109243ab\/","title":{"rendered":"Audi A2\/8Z\/Vw Caddy\/2K\/Lupo\/6X\/Bora\/Seat Leon\/1M\/Toledo\/1\/2\/Skoda Fabia\/Octavia\/1\/2\/Roomster Spannrolle NOS 036109243AB"},"content":{"rendered":"<h5 class=\"western\"><span style=\"color: #060606;\"><span style=\"font-family: Verdana, serif;\"><span style=\"font-size: small;\"><b>VAG Teilenummer<\/b><\/span><\/span><\/span><span style=\"color: #060606;\"><span style=\"font-family: Verdana, serif;\"><span style=\"font-size: small;\">: 036 109 243 AB<\/span><\/span><\/span><\/h5>\n<h5 class=\"western\"><span style=\"color: #060606;\"><span style=\"font-family: Verdana, serif;\"><span style=\"font-size: small;\"><b>Zustand:<\/b><\/span><\/span><\/span><span style=\"color: #060606;\"><span style=\"font-family: Verdana, serif;\"><span style=\"font-size: small;\">\u00a0<\/span><\/span><\/span><span style=\"color: #060606;\"><span style=\"font-family: Verdana, serif;\"><span style=\"font-size: small;\"><span lang=\"de-DE\">NOS ( New Old Stock \/ kann Lagerspuren aufweisen)<\/span><\/span><\/span><\/span><\/h5>\n<h5 class=\"western\"><span style=\"color: #060606;\"><span style=\"font-family: Verdana, serif;\"><span style=\"font-size: small;\"><b>Lieferumfang:<\/b><\/span><\/span><\/span><span style=\"color: #060606;\"><span style=\"font-family: Verdana, serif;\"><span style=\"font-size: small;\">\u00a0wie in den Original-Abbildungen angegeben<\/span><\/span><\/span><\/h5>\n<h5 class=\"western\"><span style=\"color: #060606;\"><span style=\"font-family: Verdana, serif;\"><span style=\"font-size: small;\"><b>Hinweis:<\/b><\/span><\/span><\/span><span style=\"color: #060606;\"><span style=\"font-family: Verdana, serif;\"><span style=\"font-size: small;\">\u00a0Bitte \u00fcberpr\u00fcfen Sie vor dem Kauf anhand der eindeutigen Teilenummern, ob der Artikel zum Fahrzeug passt, um R\u00fccksendungen zu vermeiden! Trotz Angabe der entsprechenden Fahrzeugdaten ist eine eindeutige Zuordnung nur \u00fcber die Teilenummer m\u00f6glich! Die abgelesene Teilenummer ist die Teilenummer des Teils, welches geliefert wird. Die Originalteilnummer ist diejenige, die bei Neubestellung f\u00fcr dieses Teil gilt und der m\u00f6glicherweise abweichenden, gelieferten Teilenummer entspricht. <\/span><\/span><\/span><\/h5>\n<h5 class=\"western\"><span style=\"color: #060606;\"><span style=\"font-family: Verdana, serif;\"><span style=\"font-size: small;\"><span lang=\"de-DE\">Neu<\/span><\/span><\/span><\/span><span style=\"color: #060606;\"><span style=\"font-family: Verdana, serif;\"><span style=\"font-size: small;\"> mit Gebrauchsspuren in Form von Verunreinigungen\/ kleinen Kratzern m\u00f6glich. Die Ware wird ungereinigt geliefert.<\/span><\/span><\/span><\/h5>\n<h5 class=\"western\"><span style=\"color: #060606;\"><span style=\"font-family: Verdana, serif;\"><span style=\"font-size: small;\">Sollten weitere Fragen offen sein, kontaktieren Sie uns bitte unter<\/span><\/span><\/span><span style=\"color: #060606;\"><span style=\"font-family: Verdana, serif;\"><span style=\"font-size: small;\"><u>\u00a0<\/u><\/span><\/span><\/span><a href=\"mailto:office@audi-klaus.at\"><span style=\"color: #0000ff;\"><span style=\"font-family: Verdana, serif;\"><span style=\"font-size: small;\"><u>office@audi-klaus.at<\/u><\/span><\/span><\/span><\/a><\/h5>\n","protected":false},"excerpt":{"rendered":"<h5 class=\"western\"><strong><span style=\"color: #000000;\"><span style=\"font-family: Source Sans Pro, serif;\"><span style=\"font-size: x-large;\"><b>Marke: Audi\/Vw\/Seat\/Skoda<br \/>\nModell: A2\/Caddy\/Lupo\/Bora\/Leon\/Toledo\/Fabia\/Octavia\/Roomster<br \/>\nTyp: 8Z\/2K\/6X\/1M\/1\/2<\/b><\/span><\/span><\/span><\/strong><\/h5>\n","protected":false},"featured_media":105018,"template":"","meta":[],"product_brand":[],"product_cat":[2368,1264,2041,32,2418,1378,2053,368,2428,1379,2063,430,31605,1441,2105,444,31615,1782,2125,1164,1992,2226,1169,2033,2228,1180,2034,2244,1189,2035,2249,1210,2038,2250,1243,2039],"product_tag":[38942,38943,38944],"class_list":{"0":"post-105028","1":"product","2":"type-product","3":"status-publish","4":"has-post-thumbnail","6":"product_cat-motor-getriebe-1-1m-1999-2006","7":"product_cat-3l-1998-2005","8":"product_cat-2-1z-2004-2012","9":"product_cat-audi","10":"product_cat-motor-getriebe-1-1l-1991-1999","11":"product_cat-seat","12":"product_cat-motor-getriebe-1-6y-1999-2007","13":"product_cat-a2","14":"product_cat-motor-getriebe-2-1m-1998-2004","15":"product_cat-skoda","16":"product_cat-motor-getriebe-2-5j-2007-2014","17":"product_cat-8z-1999-2005","18":"product_cat-roomster-skoda","19":"product_cat-motor-getriebe-1j2-1998-2013","20":"product_cat-motor-getriebe-1-1u-1996-2000","21":"product_cat-motor-getriebe-8z-1999-2005","22":"product_cat-motor-getriebe-roomster-skoda","23":"product_cat-motor-getriebe-3-2k-2003-2010","24":"product_cat-motor-getriebe-2-1z-2004-2012","25":"product_cat-vw","26":"product_cat-motor-getriebe-3l-1998-2005","27":"product_cat-leon","28":"product_cat-bora","29":"product_cat-fabia","30":"product_cat-toldedo","31":"product_cat-caddy","32":"product_cat-1-6y-1999-2007","33":"product_cat-1-1m-1999-2006","34":"product_cat-lupo","35":"product_cat-2-5j-2007-2014","36":"product_cat-1-1l-1991-1999","37":"product_cat-1j2-1998-2013","38":"product_cat-octavia","39":"product_cat-2-1m-1998-2004","40":"product_cat-3-2k-2003-2015","41":"product_cat-1-1u-1996-2000","42":"product_tag-036109243ab","43":"product_tag-036109243a","44":"product_tag-m2507","46":"first","47":"instock","48":"taxable","49":"shipping-taxable","50":"purchasable","51":"product-type-simple"},"yoast_head":"<!-- This site is optimized with the Yoast SEO plugin v27.4 - https:\/\/yoast.com\/product\/yoast-seo-wordpress\/ -->\n<title>Audi A2\/8Z\/Vw Caddy\/2K\/Lupo\/6X\/Bora\/Seat Leon\/1M\/Toledo\/1\/2\/Skoda Fabia\/Octavia\/1\/2\/Roomster Spannrolle NOS 036109243AB - Audi-Klaus<\/title>\n<meta name=\"description\" content=\"Audi A2\/8Z\/Vw Caddy\/2K\/Lupo\/6X\/Bora\/Seat Leon\/1M\/Toledo\/1\/2\/Skoda Fabia\/Octavia\/1\/2\/Roomster Spannrolle NOS 036109243AB Audi A2\/8Z\/Vw Caddy\/2K\/Lupo\/6X\/Bora\/Seat Leon\/1M\/Toledo\/1\/2\/Skoda Fabia\/Octavia\/1\/2\/Roomster Spannrolle NOS 036109243AB Audi A2\/8Z\/Vw Caddy\/2K\/Lupo\/6X\/Bora\/Seat Leon\/1M\/Toledo\/1\/2\/Skoda Fabia\/Octavia\/1\/2\/Roomster Spannrolle NOS 036109243AB\" \/>\n<meta name=\"robots\" content=\"index, follow, max-snippet:-1, max-image-preview:large, max-video-preview:-1\" \/>\n<link rel=\"canonical\" href=\"https:\/\/audi-klaus.at\/shop\/produkt\/audi-a2-8z-vw-caddy-2k-lupo-6x-bora-seat-leon-1m-toledo-1-2-skoda-fabia-octavia-1-2-roomster-spannrolle-nos-036109243ab\/\" \/>\n<meta property=\"og:locale\" content=\"de_DE\" \/>\n<meta property=\"og:type\" content=\"article\" \/>\n<meta property=\"og:title\" content=\"Audi A2\/8Z\/Vw Caddy\/2K\/Lupo\/6X\/Bora\/Seat Leon\/1M\/Toledo\/1\/2\/Skoda Fabia\/Octavia\/1\/2\/Roomster Spannrolle NOS 036109243AB - Audi-Klaus\" \/>\n<meta property=\"og:description\" content=\"Audi A2\/8Z\/Vw Caddy\/2K\/Lupo\/6X\/Bora\/Seat Leon\/1M\/Toledo\/1\/2\/Skoda Fabia\/Octavia\/1\/2\/Roomster Spannrolle NOS 036109243AB Audi A2\/8Z\/Vw Caddy\/2K\/Lupo\/6X\/Bora\/Seat Leon\/1M\/Toledo\/1\/2\/Skoda Fabia\/Octavia\/1\/2\/Roomster Spannrolle NOS 036109243AB Audi A2\/8Z\/Vw Caddy\/2K\/Lupo\/6X\/Bora\/Seat Leon\/1M\/Toledo\/1\/2\/Skoda Fabia\/Octavia\/1\/2\/Roomster Spannrolle NOS 036109243AB\" \/>\n<meta property=\"og:url\" content=\"https:\/\/audi-klaus.at\/shop\/produkt\/audi-a2-8z-vw-caddy-2k-lupo-6x-bora-seat-leon-1m-toledo-1-2-skoda-fabia-octavia-1-2-roomster-spannrolle-nos-036109243ab\/\" \/>\n<meta property=\"og:site_name\" content=\"Audi-Klaus\" \/>\n<meta property=\"article:publisher\" content=\"https:\/\/www.facebook.com\/audi.klaus.1312\/\" \/>\n<meta property=\"article:modified_time\" content=\"2026-01-27T09:06:13+00:00\" \/>\n<meta property=\"og:image\" content=\"https:\/\/audi-klaus.at\/shop\/wp-content\/uploads\/2026\/01\/M2507-1.jpg\" \/>\n\t<meta property=\"og:image:width\" content=\"480\" \/>\n\t<meta property=\"og:image:height\" content=\"480\" \/>\n\t<meta property=\"og:image:type\" content=\"image\/jpeg\" \/>\n<meta name=\"twitter:card\" content=\"summary_large_image\" \/>\n<meta name=\"twitter:label1\" content=\"Gesch\u00e4tzte Lesezeit\" \/>\n\t<meta name=\"twitter:data1\" content=\"1 Minute\" \/>\n<script type=\"application\/ld+json\" class=\"yoast-schema-graph\">{\"@context\":\"https:\\\/\\\/schema.org\",\"@graph\":[{\"@type\":\"WebPage\",\"@id\":\"https:\\\/\\\/audi-klaus.at\\\/shop\\\/produkt\\\/audi-a2-8z-vw-caddy-2k-lupo-6x-bora-seat-leon-1m-toledo-1-2-skoda-fabia-octavia-1-2-roomster-spannrolle-nos-036109243ab\\\/\",\"url\":\"https:\\\/\\\/audi-klaus.at\\\/shop\\\/produkt\\\/audi-a2-8z-vw-caddy-2k-lupo-6x-bora-seat-leon-1m-toledo-1-2-skoda-fabia-octavia-1-2-roomster-spannrolle-nos-036109243ab\\\/\",\"name\":\"Audi A2\\\/8Z\\\/Vw Caddy\\\/2K\\\/Lupo\\\/6X\\\/Bora\\\/Seat Leon\\\/1M\\\/Toledo\\\/1\\\/2\\\/Skoda Fabia\\\/Octavia\\\/1\\\/2\\\/Roomster Spannrolle NOS 036109243AB - Audi-Klaus\",\"isPartOf\":{\"@id\":\"https:\\\/\\\/audi-klaus.at\\\/shop\\\/#website\"},\"primaryImageOfPage\":{\"@id\":\"https:\\\/\\\/audi-klaus.at\\\/shop\\\/produkt\\\/audi-a2-8z-vw-caddy-2k-lupo-6x-bora-seat-leon-1m-toledo-1-2-skoda-fabia-octavia-1-2-roomster-spannrolle-nos-036109243ab\\\/#primaryimage\"},\"image\":{\"@id\":\"https:\\\/\\\/audi-klaus.at\\\/shop\\\/produkt\\\/audi-a2-8z-vw-caddy-2k-lupo-6x-bora-seat-leon-1m-toledo-1-2-skoda-fabia-octavia-1-2-roomster-spannrolle-nos-036109243ab\\\/#primaryimage\"},\"thumbnailUrl\":\"https:\\\/\\\/audi-klaus.at\\\/shop\\\/wp-content\\\/uploads\\\/2026\\\/01\\\/M2507-1.jpg\",\"datePublished\":\"2026-01-27T09:06:10+00:00\",\"dateModified\":\"2026-01-27T09:06:13+00:00\",\"description\":\"Audi A2\\\/8Z\\\/Vw Caddy\\\/2K\\\/Lupo\\\/6X\\\/Bora\\\/Seat Leon\\\/1M\\\/Toledo\\\/1\\\/2\\\/Skoda Fabia\\\/Octavia\\\/1\\\/2\\\/Roomster Spannrolle NOS 036109243AB Audi A2\\\/8Z\\\/Vw Caddy\\\/2K\\\/Lupo\\\/6X\\\/Bora\\\/Seat Leon\\\/1M\\\/Toledo\\\/1\\\/2\\\/Skoda Fabia\\\/Octavia\\\/1\\\/2\\\/Roomster Spannrolle NOS 036109243AB Audi A2\\\/8Z\\\/Vw Caddy\\\/2K\\\/Lupo\\\/6X\\\/Bora\\\/Seat Leon\\\/1M\\\/Toledo\\\/1\\\/2\\\/Skoda Fabia\\\/Octavia\\\/1\\\/2\\\/Roomster Spannrolle NOS 036109243AB\",\"breadcrumb\":{\"@id\":\"https:\\\/\\\/audi-klaus.at\\\/shop\\\/produkt\\\/audi-a2-8z-vw-caddy-2k-lupo-6x-bora-seat-leon-1m-toledo-1-2-skoda-fabia-octavia-1-2-roomster-spannrolle-nos-036109243ab\\\/#breadcrumb\"},\"inLanguage\":\"de-AT\",\"potentialAction\":[{\"@type\":\"ReadAction\",\"target\":[\"https:\\\/\\\/audi-klaus.at\\\/shop\\\/produkt\\\/audi-a2-8z-vw-caddy-2k-lupo-6x-bora-seat-leon-1m-toledo-1-2-skoda-fabia-octavia-1-2-roomster-spannrolle-nos-036109243ab\\\/\"]}]},{\"@type\":\"ImageObject\",\"inLanguage\":\"de-AT\",\"@id\":\"https:\\\/\\\/audi-klaus.at\\\/shop\\\/produkt\\\/audi-a2-8z-vw-caddy-2k-lupo-6x-bora-seat-leon-1m-toledo-1-2-skoda-fabia-octavia-1-2-roomster-spannrolle-nos-036109243ab\\\/#primaryimage\",\"url\":\"https:\\\/\\\/audi-klaus.at\\\/shop\\\/wp-content\\\/uploads\\\/2026\\\/01\\\/M2507-1.jpg\",\"contentUrl\":\"https:\\\/\\\/audi-klaus.at\\\/shop\\\/wp-content\\\/uploads\\\/2026\\\/01\\\/M2507-1.jpg\",\"width\":480,\"height\":480},{\"@type\":\"BreadcrumbList\",\"@id\":\"https:\\\/\\\/audi-klaus.at\\\/shop\\\/produkt\\\/audi-a2-8z-vw-caddy-2k-lupo-6x-bora-seat-leon-1m-toledo-1-2-skoda-fabia-octavia-1-2-roomster-spannrolle-nos-036109243ab\\\/#breadcrumb\",\"itemListElement\":[{\"@type\":\"ListItem\",\"position\":1,\"name\":\"Startseite\",\"item\":\"https:\\\/\\\/audi-klaus.at\\\/shop\\\/\"},{\"@type\":\"ListItem\",\"position\":2,\"name\":\"Shop\",\"item\":\"https:\\\/\\\/audi-klaus.at\\\/shop\\\/\"},{\"@type\":\"ListItem\",\"position\":3,\"name\":\"Audi A2\\\/8Z\\\/Vw Caddy\\\/2K\\\/Lupo\\\/6X\\\/Bora\\\/Seat Leon\\\/1M\\\/Toledo\\\/1\\\/2\\\/Skoda Fabia\\\/Octavia\\\/1\\\/2\\\/Roomster Spannrolle NOS 036109243AB\"}]},{\"@type\":\"WebSite\",\"@id\":\"https:\\\/\\\/audi-klaus.at\\\/shop\\\/#website\",\"url\":\"https:\\\/\\\/audi-klaus.at\\\/shop\\\/\",\"name\":\"Audi-Klaus\",\"description\":\"Ihr Gebrauchtteile Spezialist f\u00fcr die Marken Audi, VW (VAG)\",\"publisher\":{\"@id\":\"https:\\\/\\\/audi-klaus.at\\\/shop\\\/#organization\"},\"potentialAction\":[{\"@type\":\"SearchAction\",\"target\":{\"@type\":\"EntryPoint\",\"urlTemplate\":\"https:\\\/\\\/audi-klaus.at\\\/shop\\\/?s={search_term_string}\"},\"query-input\":{\"@type\":\"PropertyValueSpecification\",\"valueRequired\":true,\"valueName\":\"search_term_string\"}}],\"inLanguage\":\"de-AT\"},{\"@type\":\"Organization\",\"@id\":\"https:\\\/\\\/audi-klaus.at\\\/shop\\\/#organization\",\"name\":\"Audi-Klaus\",\"url\":\"https:\\\/\\\/audi-klaus.at\\\/shop\\\/\",\"logo\":{\"@type\":\"ImageObject\",\"inLanguage\":\"de-AT\",\"@id\":\"https:\\\/\\\/audi-klaus.at\\\/shop\\\/#\\\/schema\\\/logo\\\/image\\\/\",\"url\":\"https:\\\/\\\/audi-klaus.at\\\/shop\\\/wp-content\\\/uploads\\\/2024\\\/10\\\/Logo-Shop.webp\",\"contentUrl\":\"https:\\\/\\\/audi-klaus.at\\\/shop\\\/wp-content\\\/uploads\\\/2024\\\/10\\\/Logo-Shop.webp\",\"width\":470,\"height\":164,\"caption\":\"Audi-Klaus\"},\"image\":{\"@id\":\"https:\\\/\\\/audi-klaus.at\\\/shop\\\/#\\\/schema\\\/logo\\\/image\\\/\"},\"sameAs\":[\"https:\\\/\\\/www.facebook.com\\\/audi.klaus.1312\\\/\",\"https:\\\/\\\/www.instagram.com\\\/audi_klaus\\\/?igshid=1eca3qu2mdayg\"]}]}<\/script>\n<!-- \/ Yoast SEO plugin. -->","yoast_head_json":{"title":"Audi A2\/8Z\/Vw Caddy\/2K\/Lupo\/6X\/Bora\/Seat Leon\/1M\/Toledo\/1\/2\/Skoda Fabia\/Octavia\/1\/2\/Roomster Spannrolle NOS 036109243AB - Audi-Klaus","description":"Audi A2\/8Z\/Vw Caddy\/2K\/Lupo\/6X\/Bora\/Seat Leon\/1M\/Toledo\/1\/2\/Skoda Fabia\/Octavia\/1\/2\/Roomster Spannrolle NOS 036109243AB Audi A2\/8Z\/Vw Caddy\/2K\/Lupo\/6X\/Bora\/Seat Leon\/1M\/Toledo\/1\/2\/Skoda Fabia\/Octavia\/1\/2\/Roomster Spannrolle NOS 036109243AB Audi A2\/8Z\/Vw Caddy\/2K\/Lupo\/6X\/Bora\/Seat Leon\/1M\/Toledo\/1\/2\/Skoda Fabia\/Octavia\/1\/2\/Roomster Spannrolle NOS 036109243AB","robots":{"index":"index","follow":"follow","max-snippet":"max-snippet:-1","max-image-preview":"max-image-preview:large","max-video-preview":"max-video-preview:-1"},"canonical":"https:\/\/audi-klaus.at\/shop\/produkt\/audi-a2-8z-vw-caddy-2k-lupo-6x-bora-seat-leon-1m-toledo-1-2-skoda-fabia-octavia-1-2-roomster-spannrolle-nos-036109243ab\/","og_locale":"de_DE","og_type":"article","og_title":"Audi A2\/8Z\/Vw Caddy\/2K\/Lupo\/6X\/Bora\/Seat Leon\/1M\/Toledo\/1\/2\/Skoda Fabia\/Octavia\/1\/2\/Roomster Spannrolle NOS 036109243AB - Audi-Klaus","og_description":"Audi A2\/8Z\/Vw Caddy\/2K\/Lupo\/6X\/Bora\/Seat Leon\/1M\/Toledo\/1\/2\/Skoda Fabia\/Octavia\/1\/2\/Roomster Spannrolle NOS 036109243AB Audi A2\/8Z\/Vw Caddy\/2K\/Lupo\/6X\/Bora\/Seat Leon\/1M\/Toledo\/1\/2\/Skoda Fabia\/Octavia\/1\/2\/Roomster Spannrolle NOS 036109243AB Audi A2\/8Z\/Vw Caddy\/2K\/Lupo\/6X\/Bora\/Seat Leon\/1M\/Toledo\/1\/2\/Skoda Fabia\/Octavia\/1\/2\/Roomster Spannrolle NOS 036109243AB","og_url":"https:\/\/audi-klaus.at\/shop\/produkt\/audi-a2-8z-vw-caddy-2k-lupo-6x-bora-seat-leon-1m-toledo-1-2-skoda-fabia-octavia-1-2-roomster-spannrolle-nos-036109243ab\/","og_site_name":"Audi-Klaus","article_publisher":"https:\/\/www.facebook.com\/audi.klaus.1312\/","article_modified_time":"2026-01-27T09:06:13+00:00","og_image":[{"width":480,"height":480,"url":"https:\/\/audi-klaus.at\/shop\/wp-content\/uploads\/2026\/01\/M2507-1.jpg","type":"image\/jpeg"}],"twitter_card":"summary_large_image","twitter_misc":{"Gesch\u00e4tzte Lesezeit":"1 Minute"},"schema":{"@context":"https:\/\/schema.org","@graph":[{"@type":"WebPage","@id":"https:\/\/audi-klaus.at\/shop\/produkt\/audi-a2-8z-vw-caddy-2k-lupo-6x-bora-seat-leon-1m-toledo-1-2-skoda-fabia-octavia-1-2-roomster-spannrolle-nos-036109243ab\/","url":"https:\/\/audi-klaus.at\/shop\/produkt\/audi-a2-8z-vw-caddy-2k-lupo-6x-bora-seat-leon-1m-toledo-1-2-skoda-fabia-octavia-1-2-roomster-spannrolle-nos-036109243ab\/","name":"Audi A2\/8Z\/Vw Caddy\/2K\/Lupo\/6X\/Bora\/Seat Leon\/1M\/Toledo\/1\/2\/Skoda Fabia\/Octavia\/1\/2\/Roomster Spannrolle NOS 036109243AB - Audi-Klaus","isPartOf":{"@id":"https:\/\/audi-klaus.at\/shop\/#website"},"primaryImageOfPage":{"@id":"https:\/\/audi-klaus.at\/shop\/produkt\/audi-a2-8z-vw-caddy-2k-lupo-6x-bora-seat-leon-1m-toledo-1-2-skoda-fabia-octavia-1-2-roomster-spannrolle-nos-036109243ab\/#primaryimage"},"image":{"@id":"https:\/\/audi-klaus.at\/shop\/produkt\/audi-a2-8z-vw-caddy-2k-lupo-6x-bora-seat-leon-1m-toledo-1-2-skoda-fabia-octavia-1-2-roomster-spannrolle-nos-036109243ab\/#primaryimage"},"thumbnailUrl":"https:\/\/audi-klaus.at\/shop\/wp-content\/uploads\/2026\/01\/M2507-1.jpg","datePublished":"2026-01-27T09:06:10+00:00","dateModified":"2026-01-27T09:06:13+00:00","description":"Audi A2\/8Z\/Vw Caddy\/2K\/Lupo\/6X\/Bora\/Seat Leon\/1M\/Toledo\/1\/2\/Skoda Fabia\/Octavia\/1\/2\/Roomster Spannrolle NOS 036109243AB Audi A2\/8Z\/Vw Caddy\/2K\/Lupo\/6X\/Bora\/Seat Leon\/1M\/Toledo\/1\/2\/Skoda Fabia\/Octavia\/1\/2\/Roomster Spannrolle NOS 036109243AB Audi A2\/8Z\/Vw Caddy\/2K\/Lupo\/6X\/Bora\/Seat Leon\/1M\/Toledo\/1\/2\/Skoda Fabia\/Octavia\/1\/2\/Roomster Spannrolle NOS 036109243AB","breadcrumb":{"@id":"https:\/\/audi-klaus.at\/shop\/produkt\/audi-a2-8z-vw-caddy-2k-lupo-6x-bora-seat-leon-1m-toledo-1-2-skoda-fabia-octavia-1-2-roomster-spannrolle-nos-036109243ab\/#breadcrumb"},"inLanguage":"de-AT","potentialAction":[{"@type":"ReadAction","target":["https:\/\/audi-klaus.at\/shop\/produkt\/audi-a2-8z-vw-caddy-2k-lupo-6x-bora-seat-leon-1m-toledo-1-2-skoda-fabia-octavia-1-2-roomster-spannrolle-nos-036109243ab\/"]}]},{"@type":"ImageObject","inLanguage":"de-AT","@id":"https:\/\/audi-klaus.at\/shop\/produkt\/audi-a2-8z-vw-caddy-2k-lupo-6x-bora-seat-leon-1m-toledo-1-2-skoda-fabia-octavia-1-2-roomster-spannrolle-nos-036109243ab\/#primaryimage","url":"https:\/\/audi-klaus.at\/shop\/wp-content\/uploads\/2026\/01\/M2507-1.jpg","contentUrl":"https:\/\/audi-klaus.at\/shop\/wp-content\/uploads\/2026\/01\/M2507-1.jpg","width":480,"height":480},{"@type":"BreadcrumbList","@id":"https:\/\/audi-klaus.at\/shop\/produkt\/audi-a2-8z-vw-caddy-2k-lupo-6x-bora-seat-leon-1m-toledo-1-2-skoda-fabia-octavia-1-2-roomster-spannrolle-nos-036109243ab\/#breadcrumb","itemListElement":[{"@type":"ListItem","position":1,"name":"Startseite","item":"https:\/\/audi-klaus.at\/shop\/"},{"@type":"ListItem","position":2,"name":"Shop","item":"https:\/\/audi-klaus.at\/shop\/"},{"@type":"ListItem","position":3,"name":"Audi A2\/8Z\/Vw Caddy\/2K\/Lupo\/6X\/Bora\/Seat Leon\/1M\/Toledo\/1\/2\/Skoda Fabia\/Octavia\/1\/2\/Roomster Spannrolle NOS 036109243AB"}]},{"@type":"WebSite","@id":"https:\/\/audi-klaus.at\/shop\/#website","url":"https:\/\/audi-klaus.at\/shop\/","name":"Audi-Klaus","description":"Ihr Gebrauchtteile Spezialist f\u00fcr die Marken Audi, VW (VAG)","publisher":{"@id":"https:\/\/audi-klaus.at\/shop\/#organization"},"potentialAction":[{"@type":"SearchAction","target":{"@type":"EntryPoint","urlTemplate":"https:\/\/audi-klaus.at\/shop\/?s={search_term_string}"},"query-input":{"@type":"PropertyValueSpecification","valueRequired":true,"valueName":"search_term_string"}}],"inLanguage":"de-AT"},{"@type":"Organization","@id":"https:\/\/audi-klaus.at\/shop\/#organization","name":"Audi-Klaus","url":"https:\/\/audi-klaus.at\/shop\/","logo":{"@type":"ImageObject","inLanguage":"de-AT","@id":"https:\/\/audi-klaus.at\/shop\/#\/schema\/logo\/image\/","url":"https:\/\/audi-klaus.at\/shop\/wp-content\/uploads\/2024\/10\/Logo-Shop.webp","contentUrl":"https:\/\/audi-klaus.at\/shop\/wp-content\/uploads\/2024\/10\/Logo-Shop.webp","width":470,"height":164,"caption":"Audi-Klaus"},"image":{"@id":"https:\/\/audi-klaus.at\/shop\/#\/schema\/logo\/image\/"},"sameAs":["https:\/\/www.facebook.com\/audi.klaus.1312\/","https:\/\/www.instagram.com\/audi_klaus\/?igshid=1eca3qu2mdayg"]}]}},"_links":{"self":[{"href":"https:\/\/audi-klaus.at\/shop\/wp-json\/wp\/v2\/product\/105028","targetHints":{"allow":["GET"]}}],"collection":[{"href":"https:\/\/audi-klaus.at\/shop\/wp-json\/wp\/v2\/product"}],"about":[{"href":"https:\/\/audi-klaus.at\/shop\/wp-json\/wp\/v2\/types\/product"}],"wp:featuredmedia":[{"embeddable":true,"href":"https:\/\/audi-klaus.at\/shop\/wp-json\/wp\/v2\/media\/105018"}],"wp:attachment":[{"href":"https:\/\/audi-klaus.at\/shop\/wp-json\/wp\/v2\/media?parent=105028"}],"wp:term":[{"taxonomy":"product_brand","embeddable":true,"href":"https:\/\/audi-klaus.at\/shop\/wp-json\/wp\/v2\/product_brand?post=105028"},{"taxonomy":"product_cat","embeddable":true,"href":"https:\/\/audi-klaus.at\/shop\/wp-json\/wp\/v2\/product_cat?post=105028"},{"taxonomy":"product_tag","embeddable":true,"href":"https:\/\/audi-klaus.at\/shop\/wp-json\/wp\/v2\/product_tag?post=105028"}],"curies":[{"name":"wp","href":"https:\/\/api.w.org\/{rel}","templated":true}]}}